{"id":106651,"date":"2022-02-26T15:51:30","date_gmt":"2022-02-26T14:51:30","guid":{"rendered":"https:\/\/marktxxl.de\/markt\/produkt\/ningkpow-iphone-ladekabel-lightning-kabel-2m-mfi-zertifiziert-nylon-lang-iphone-kabel-fuer-iphone-13-12-11-pro-max-mini-xs-xr-x-se-2020-8-8-plus-7-7-plus-6s-6-5s-5-grau\/"},"modified":"2023-04-09T03:06:30","modified_gmt":"2023-04-09T01:06:30","slug":"ningkpow-iphone-ladekabel-lightning-kabel-2m-mfi-zertifiziert-nylon-lang-iphone-kabel-fuer-iphone-13-12-11-pro-max-mini-xs-xr-x-se-2020-8-8-plus-7-7-plus-6s-6-5s-5-grau","status":"publish","type":"product","link":"https:\/\/marktxxl.de\/markt\/produkt\/ningkpow-iphone-ladekabel-lightning-kabel-2m-mfi-zertifiziert-nylon-lang-iphone-kabel-fuer-iphone-13-12-11-pro-max-mini-xs-xr-x-se-2020-8-8-plus-7-7-plus-6s-6-5s-5-grau\/","title":{"rendered":"NINGKPOW iPhone Ladekabel, Lightning Kabel 2M [MFi-Zertifiziert] Nylon iPhone Kable Kompatibel f\u00fcr iPhone 14 13 12 11\u2026"},"content":{"rendered":"<p>\u3010MFi-Zertifiziert\u3011Verf\u00fcgt \u00fcber das offizielle mfi zertifikat, um sicherzustellen, dass keine Warnmeldungen angezeigt werden. Das iphone kabel von NINGKPOW verf\u00fcgt \u00fcber einen hochwertigen, verbesserten C89-Stecker, der l\u00e4nger h\u00e4lt als ein normaler anschluss.<br \/>\n\u3010Ausgezeichnete Haltbarkeit\u3011iPhone ladekabel 2m spezielle zugentlastung kann 12000+ biegen \u00fcbernehmen. Einzigartiger insulierung und abschirmung ausgestattet und erm\u00f6glicht dadurch einfacheres und sicheres laden,unterst\u00fctzt schnelle geschwindigkeit laden und synchronisieren.<br \/>\n\u3010Perfekte Kompatibilit\u00e4t\u3011NINGKPOW lange ladekabel iphone kompatibel mit iPhone 13 Pro Max, iPhone 13 Pro, iPhone 13, iPhone 12 Pro Max, iPhone 12 Pro, iPhone 12, iPhone 11 Pro Max, iPhone 11 Pro, iPhone 11, iPhone XS, iPhone XR, iPhone X, iPhone 8 Plus\/8, iPhone 7 Plus\/7, iPhone 6 Plus\/6, iPhone SE 2020, iPhone SE und vielen mehr.<br \/>\n\u3010Sicheres Schnelleres Aufladen\u3011Dieses schnellladekabel iphone verwendet kabel aus reinem kupfer mit niedrigerem widerstandswert im Inneren, unterst\u00fctzt bis zu 2,4 A schnelles aufladen, das ist 15 % schneller als normale kabel.<br \/>\n\u3010Garantie und Service\u3011NINGKPOW lightning kabel bietet 24 monaten garantie und 100% zufriedenheitsgarantie. Wenn Sie irgendwelche probleme haben, f\u00fchlen sie bitte sich frei mit uns in verbindung zu treten, werden wir Ihnen innerhalb von 24 stunden antworten.<br \/>\n<div class=\"main-cross-sell\" data-asin=\"B09Q5KBFXW\">\n\n\t<div class=\"WooZone-cross-sell-loader\">\n\t\t<div>\n\t\t\t<div id=\"floatingBarsG\">\n\t\t\t\t<div class=\"blockG\" id=\"rotateG_01\"><\/div>\n\t\t\t\t<div class=\"blockG\" id=\"rotateG_02\"><\/div>\n\t\t\t\t<div class=\"blockG\" id=\"rotateG_03\"><\/div>\n\t\t\t\t<div class=\"blockG\" id=\"rotateG_04\"><\/div>\n\t\t\t\t<div class=\"blockG\" id=\"rotateG_05\"><\/div>\n\t\t\t\t<div class=\"blockG\" id=\"rotateG_06\"><\/div>\n\t\t\t\t<div class=\"blockG\" id=\"rotateG_07\"><\/div>\n\t\t\t\t<div class=\"blockG\" id=\"rotateG_08\"><\/div>\n\t\t\t<\/div>\n\t\t\t<div class=\"WooZone-cross-sell-loader-text\"><\/div>\n\t\t<\/div>\n\t<\/div>\n\n\t\t\n<\/div>\n<div style=\"clear:both;\"><\/div><\/p>\n","protected":false},"excerpt":{"rendered":"<p>\u3010MFi-Zertifiziert\u3011Verf\u00fcgt \u00fcber das offizielle mfi zertifikat, um sicherzustellen, dass keine Warnmeldungen angezeigt werden. Das iphone kabel von NINGKPOW verf\u00fcgt \u00fcber einen hochwertigen, verbesserten C89-Stecker, der l\u00e4nger h\u00e4lt als ein normaler anschluss.<br \/>\n\u3010Ausgezeichnete Haltbarkeit\u3011iPhone ladekabel 2m spezielle zugentlastung kann 12000+ biegen \u00fcbernehmen. Einzigartiger insulierung und abschirmung ausgestattet und erm\u00f6glicht dadurch einfacheres und sicheres laden,unterst\u00fctzt schnelle geschwindigkeit laden und synchronisieren.<br \/>\n\u3010Perfekte Kompatibilit\u00e4t\u3011NINGKPOW lange ladekabel iphone kompatibel mit iPhone 13 Pro Max, iPhone 13 Pro, iPhone 13, iPhone 12 Pro Max, iPhone 12 Pro, iPhone 12, iPhone 11 Pro Max, iPhone 11 Pro, iPhone 11, iPhone XS, iPhone XR, iPhone X, iPhone 8 Plus\/8, iPhone 7 Plus\/7, iPhone 6 Plus\/6, iPhone SE 2020, iPhone SE und vielen mehr.<\/p>\n","protected":false},"featured_media":106652,"comment_status":"open","ping_status":"closed","template":"","meta":[],"product_brand":[],"product_cat":[863],"product_tag":[],"class_list":{"0":"post-106651","1":"product","2":"type-product","3":"status-publish","4":"has-post-thumbnail","6":"product_cat-computer-zubehoer","7":"pa_brand-ningkpow","8":"pa_color-grau","9":"pa_height-0-5905511805-zoll","10":"pa_length-6-8897637725-zoll","11":"pa_manufacturer-ningkpow","12":"pa_model-nk2002","13":"pa_size-2m","14":"pa_width-1-968503935-zoll","16":"first","17":"instock","18":"shipping-taxable","19":"purchasable","20":"product-type-simple","21":"customify-col","22":"product-has-gallery"},"yoast_head":"<!-- This site is optimized with the Yoast SEO plugin v27.4 - https:\/\/yoast.com\/product\/yoast-seo-wordpress\/ -->\n<title>NINGKPOW iPhone Ladekabel, Lightning Kabel 2M [MFi-Zertifiziert] Nylon iPhone Kable Kompatibel f\u00fcr iPhone 14 13 12 11\u2026 - Markt-XXL<\/title>\n<meta name=\"description\" content=\"Markt-XXL NINGKPOW iPhone Ladekabel, Lightning Kabel 2M [MFi-Zertifiziert] Nylon iPhone Kable Kompatibel f\u00fcr iPhone 14 13 12 11\u2026\" \/>\n<meta name=\"robots\" content=\"index, follow, max-snippet:-1, max-image-preview:large, max-video-preview:-1\" \/>\n<link rel=\"canonical\" href=\"https:\/\/marktxxl.de\/markt\/produkt\/ningkpow-iphone-ladekabel-lightning-kabel-2m-mfi-zertifiziert-nylon-lang-iphone-kabel-fuer-iphone-13-12-11-pro-max-mini-xs-xr-x-se-2020-8-8-plus-7-7-plus-6s-6-5s-5-grau\/\" \/>\n<meta property=\"og:locale\" content=\"de_DE\" \/>\n<meta property=\"og:type\" content=\"article\" \/>\n<meta property=\"og:title\" content=\"NINGKPOW iPhone Ladekabel, Lightning Kabel 2M [MFi-Zertifiziert] Nylon iPhone Kable Kompatibel f\u00fcr iPhone 14 13 12 11\u2026 - Markt-XXL\" \/>\n<meta property=\"og:description\" content=\"Markt-XXL NINGKPOW iPhone Ladekabel, Lightning Kabel 2M [MFi-Zertifiziert] Nylon iPhone Kable Kompatibel f\u00fcr iPhone 14 13 12 11\u2026\" \/>\n<meta property=\"og:url\" content=\"https:\/\/marktxxl.de\/markt\/produkt\/ningkpow-iphone-ladekabel-lightning-kabel-2m-mfi-zertifiziert-nylon-lang-iphone-kabel-fuer-iphone-13-12-11-pro-max-mini-xs-xr-x-se-2020-8-8-plus-7-7-plus-6s-6-5s-5-grau\/\" \/>\n<meta property=\"og:site_name\" content=\"Markt-XXL\" \/>\n<meta property=\"article:modified_time\" content=\"2023-04-09T01:06:30+00:00\" \/>\n<meta property=\"og:image\" content=\"https:\/\/m.media-amazon.com\/images\/I\/41gd4v3HobL._SL500_.jpg\" \/>\n\t<meta property=\"og:image:width\" content=\"500\" \/>\n\t<meta property=\"og:image:height\" content=\"500\" \/>\n\t<meta property=\"og:image:type\" content=\"image\/jpeg\" \/>\n<meta name=\"twitter:card\" content=\"summary_large_image\" \/>\n<meta name=\"twitter:label1\" content=\"Gesch\u00e4tzte Lesezeit\" \/>\n\t<meta name=\"twitter:data1\" content=\"1\u00a0Minute\" \/>\n<script type=\"application\/ld+json\" class=\"yoast-schema-graph\">{\"@context\":\"https:\\\/\\\/schema.org\",\"@graph\":[{\"@type\":\"WebPage\",\"@id\":\"https:\\\/\\\/marktxxl.de\\\/markt\\\/produkt\\\/ningkpow-iphone-ladekabel-lightning-kabel-2m-mfi-zertifiziert-nylon-lang-iphone-kabel-fuer-iphone-13-12-11-pro-max-mini-xs-xr-x-se-2020-8-8-plus-7-7-plus-6s-6-5s-5-grau\\\/\",\"url\":\"https:\\\/\\\/marktxxl.de\\\/markt\\\/produkt\\\/ningkpow-iphone-ladekabel-lightning-kabel-2m-mfi-zertifiziert-nylon-lang-iphone-kabel-fuer-iphone-13-12-11-pro-max-mini-xs-xr-x-se-2020-8-8-plus-7-7-plus-6s-6-5s-5-grau\\\/\",\"name\":\"NINGKPOW iPhone Ladekabel, Lightning Kabel 2M [MFi-Zertifiziert] Nylon iPhone Kable Kompatibel f\u00fcr iPhone 14 13 12 11\u2026 - Markt-XXL\",\"isPartOf\":{\"@id\":\"https:\\\/\\\/marktxxl.de\\\/markt\\\/#website\"},\"primaryImageOfPage\":{\"@id\":\"https:\\\/\\\/marktxxl.de\\\/markt\\\/produkt\\\/ningkpow-iphone-ladekabel-lightning-kabel-2m-mfi-zertifiziert-nylon-lang-iphone-kabel-fuer-iphone-13-12-11-pro-max-mini-xs-xr-x-se-2020-8-8-plus-7-7-plus-6s-6-5s-5-grau\\\/#primaryimage\"},\"image\":{\"@id\":\"https:\\\/\\\/marktxxl.de\\\/markt\\\/produkt\\\/ningkpow-iphone-ladekabel-lightning-kabel-2m-mfi-zertifiziert-nylon-lang-iphone-kabel-fuer-iphone-13-12-11-pro-max-mini-xs-xr-x-se-2020-8-8-plus-7-7-plus-6s-6-5s-5-grau\\\/#primaryimage\"},\"thumbnailUrl\":\"https:\\\/\\\/m.media-amazon.com\\\/images\\\/I\\\/41gd4v3HobL._SL500_.jpg\",\"datePublished\":\"2022-02-26T14:51:30+00:00\",\"dateModified\":\"2023-04-09T01:06:30+00:00\",\"description\":\"Markt-XXL NINGKPOW iPhone Ladekabel, Lightning Kabel 2M [MFi-Zertifiziert] Nylon iPhone Kable Kompatibel f\u00fcr iPhone 14 13 12 11\u2026\",\"breadcrumb\":{\"@id\":\"https:\\\/\\\/marktxxl.de\\\/markt\\\/produkt\\\/ningkpow-iphone-ladekabel-lightning-kabel-2m-mfi-zertifiziert-nylon-lang-iphone-kabel-fuer-iphone-13-12-11-pro-max-mini-xs-xr-x-se-2020-8-8-plus-7-7-plus-6s-6-5s-5-grau\\\/#breadcrumb\"},\"inLanguage\":\"de\",\"potentialAction\":[{\"@type\":\"ReadAction\",\"target\":[\"https:\\\/\\\/marktxxl.de\\\/markt\\\/produkt\\\/ningkpow-iphone-ladekabel-lightning-kabel-2m-mfi-zertifiziert-nylon-lang-iphone-kabel-fuer-iphone-13-12-11-pro-max-mini-xs-xr-x-se-2020-8-8-plus-7-7-plus-6s-6-5s-5-grau\\\/\"]}]},{\"@type\":\"ImageObject\",\"inLanguage\":\"de\",\"@id\":\"https:\\\/\\\/marktxxl.de\\\/markt\\\/produkt\\\/ningkpow-iphone-ladekabel-lightning-kabel-2m-mfi-zertifiziert-nylon-lang-iphone-kabel-fuer-iphone-13-12-11-pro-max-mini-xs-xr-x-se-2020-8-8-plus-7-7-plus-6s-6-5s-5-grau\\\/#primaryimage\",\"url\":\"https:\\\/\\\/m.media-amazon.com\\\/images\\\/I\\\/41gd4v3HobL._SL500_.jpg\",\"contentUrl\":\"https:\\\/\\\/m.media-amazon.com\\\/images\\\/I\\\/41gd4v3HobL._SL500_.jpg\",\"width\":500,\"height\":500},{\"@type\":\"BreadcrumbList\",\"@id\":\"https:\\\/\\\/marktxxl.de\\\/markt\\\/produkt\\\/ningkpow-iphone-ladekabel-lightning-kabel-2m-mfi-zertifiziert-nylon-lang-iphone-kabel-fuer-iphone-13-12-11-pro-max-mini-xs-xr-x-se-2020-8-8-plus-7-7-plus-6s-6-5s-5-grau\\\/#breadcrumb\",\"itemListElement\":[{\"@type\":\"ListItem\",\"position\":1,\"name\":\"Startseite\",\"item\":\"https:\\\/\\\/marktxxl.de\\\/markt\\\/\"},{\"@type\":\"ListItem\",\"position\":2,\"name\":\"Markt\",\"item\":\"https:\\\/\\\/marktxxl.de\\\/markt\\\/\"},{\"@type\":\"ListItem\",\"position\":3,\"name\":\"NINGKPOW iPhone Ladekabel, Lightning Kabel 2M [MFi-Zertifiziert] Nylon iPhone Kable Kompatibel f\u00fcr iPhone 14 13 12 11\u2026\"}]},{\"@type\":\"WebSite\",\"@id\":\"https:\\\/\\\/marktxxl.de\\\/markt\\\/#website\",\"url\":\"https:\\\/\\\/marktxxl.de\\\/markt\\\/\",\"name\":\"Markt-XXL\",\"description\":\"Ihr Markt Online\",\"publisher\":{\"@id\":\"https:\\\/\\\/marktxxl.de\\\/markt\\\/#organization\"},\"potentialAction\":[{\"@type\":\"SearchAction\",\"target\":{\"@type\":\"EntryPoint\",\"urlTemplate\":\"https:\\\/\\\/marktxxl.de\\\/markt\\\/?s={search_term_string}\"},\"query-input\":{\"@type\":\"PropertyValueSpecification\",\"valueRequired\":true,\"valueName\":\"search_term_string\"}}],\"inLanguage\":\"de\"},{\"@type\":\"Organization\",\"@id\":\"https:\\\/\\\/marktxxl.de\\\/markt\\\/#organization\",\"name\":\"Markt-XXL\",\"url\":\"https:\\\/\\\/marktxxl.de\\\/markt\\\/\",\"logo\":{\"@type\":\"ImageObject\",\"inLanguage\":\"de\",\"@id\":\"https:\\\/\\\/marktxxl.de\\\/markt\\\/#\\\/schema\\\/logo\\\/image\\\/\",\"url\":\"https:\\\/\\\/marktxxl.de\\\/markt\\\/wp-content\\\/uploads\\\/sites\\\/3\\\/2020\\\/12\\\/logo.png\",\"contentUrl\":\"https:\\\/\\\/marktxxl.de\\\/markt\\\/wp-content\\\/uploads\\\/sites\\\/3\\\/2020\\\/12\\\/logo.png\",\"width\":200,\"height\":70,\"caption\":\"Markt-XXL\"},\"image\":{\"@id\":\"https:\\\/\\\/marktxxl.de\\\/markt\\\/#\\\/schema\\\/logo\\\/image\\\/\"}}]}<\/script>\n<!-- \/ Yoast SEO plugin. -->","yoast_head_json":{"title":"NINGKPOW iPhone Ladekabel, Lightning Kabel 2M [MFi-Zertifiziert] Nylon iPhone Kable Kompatibel f\u00fcr iPhone 14 13 12 11\u2026 - Markt-XXL","description":"Markt-XXL NINGKPOW iPhone Ladekabel, Lightning Kabel 2M [MFi-Zertifiziert] Nylon iPhone Kable Kompatibel f\u00fcr iPhone 14 13 12 11\u2026","robots":{"index":"index","follow":"follow","max-snippet":"max-snippet:-1","max-image-preview":"max-image-preview:large","max-video-preview":"max-video-preview:-1"},"canonical":"https:\/\/marktxxl.de\/markt\/produkt\/ningkpow-iphone-ladekabel-lightning-kabel-2m-mfi-zertifiziert-nylon-lang-iphone-kabel-fuer-iphone-13-12-11-pro-max-mini-xs-xr-x-se-2020-8-8-plus-7-7-plus-6s-6-5s-5-grau\/","og_locale":"de_DE","og_type":"article","og_title":"NINGKPOW iPhone Ladekabel, Lightning Kabel 2M [MFi-Zertifiziert] Nylon iPhone Kable Kompatibel f\u00fcr iPhone 14 13 12 11\u2026 - Markt-XXL","og_description":"Markt-XXL NINGKPOW iPhone Ladekabel, Lightning Kabel 2M [MFi-Zertifiziert] Nylon iPhone Kable Kompatibel f\u00fcr iPhone 14 13 12 11\u2026","og_url":"https:\/\/marktxxl.de\/markt\/produkt\/ningkpow-iphone-ladekabel-lightning-kabel-2m-mfi-zertifiziert-nylon-lang-iphone-kabel-fuer-iphone-13-12-11-pro-max-mini-xs-xr-x-se-2020-8-8-plus-7-7-plus-6s-6-5s-5-grau\/","og_site_name":"Markt-XXL","article_modified_time":"2023-04-09T01:06:30+00:00","og_image":[{"width":500,"height":500,"url":"https:\/\/m.media-amazon.com\/images\/I\/41gd4v3HobL._SL500_.jpg","type":"image\/jpeg"}],"twitter_card":"summary_large_image","twitter_misc":{"Gesch\u00e4tzte Lesezeit":"1\u00a0Minute"},"schema":{"@context":"https:\/\/schema.org","@graph":[{"@type":"WebPage","@id":"https:\/\/marktxxl.de\/markt\/produkt\/ningkpow-iphone-ladekabel-lightning-kabel-2m-mfi-zertifiziert-nylon-lang-iphone-kabel-fuer-iphone-13-12-11-pro-max-mini-xs-xr-x-se-2020-8-8-plus-7-7-plus-6s-6-5s-5-grau\/","url":"https:\/\/marktxxl.de\/markt\/produkt\/ningkpow-iphone-ladekabel-lightning-kabel-2m-mfi-zertifiziert-nylon-lang-iphone-kabel-fuer-iphone-13-12-11-pro-max-mini-xs-xr-x-se-2020-8-8-plus-7-7-plus-6s-6-5s-5-grau\/","name":"NINGKPOW iPhone Ladekabel, Lightning Kabel 2M [MFi-Zertifiziert] Nylon iPhone Kable Kompatibel f\u00fcr iPhone 14 13 12 11\u2026 - Markt-XXL","isPartOf":{"@id":"https:\/\/marktxxl.de\/markt\/#website"},"primaryImageOfPage":{"@id":"https:\/\/marktxxl.de\/markt\/produkt\/ningkpow-iphone-ladekabel-lightning-kabel-2m-mfi-zertifiziert-nylon-lang-iphone-kabel-fuer-iphone-13-12-11-pro-max-mini-xs-xr-x-se-2020-8-8-plus-7-7-plus-6s-6-5s-5-grau\/#primaryimage"},"image":{"@id":"https:\/\/marktxxl.de\/markt\/produkt\/ningkpow-iphone-ladekabel-lightning-kabel-2m-mfi-zertifiziert-nylon-lang-iphone-kabel-fuer-iphone-13-12-11-pro-max-mini-xs-xr-x-se-2020-8-8-plus-7-7-plus-6s-6-5s-5-grau\/#primaryimage"},"thumbnailUrl":"https:\/\/m.media-amazon.com\/images\/I\/41gd4v3HobL._SL500_.jpg","datePublished":"2022-02-26T14:51:30+00:00","dateModified":"2023-04-09T01:06:30+00:00","description":"Markt-XXL NINGKPOW iPhone Ladekabel, Lightning Kabel 2M [MFi-Zertifiziert] Nylon iPhone Kable Kompatibel f\u00fcr iPhone 14 13 12 11\u2026","breadcrumb":{"@id":"https:\/\/marktxxl.de\/markt\/produkt\/ningkpow-iphone-ladekabel-lightning-kabel-2m-mfi-zertifiziert-nylon-lang-iphone-kabel-fuer-iphone-13-12-11-pro-max-mini-xs-xr-x-se-2020-8-8-plus-7-7-plus-6s-6-5s-5-grau\/#breadcrumb"},"inLanguage":"de","potentialAction":[{"@type":"ReadAction","target":["https:\/\/marktxxl.de\/markt\/produkt\/ningkpow-iphone-ladekabel-lightning-kabel-2m-mfi-zertifiziert-nylon-lang-iphone-kabel-fuer-iphone-13-12-11-pro-max-mini-xs-xr-x-se-2020-8-8-plus-7-7-plus-6s-6-5s-5-grau\/"]}]},{"@type":"ImageObject","inLanguage":"de","@id":"https:\/\/marktxxl.de\/markt\/produkt\/ningkpow-iphone-ladekabel-lightning-kabel-2m-mfi-zertifiziert-nylon-lang-iphone-kabel-fuer-iphone-13-12-11-pro-max-mini-xs-xr-x-se-2020-8-8-plus-7-7-plus-6s-6-5s-5-grau\/#primaryimage","url":"https:\/\/m.media-amazon.com\/images\/I\/41gd4v3HobL._SL500_.jpg","contentUrl":"https:\/\/m.media-amazon.com\/images\/I\/41gd4v3HobL._SL500_.jpg","width":500,"height":500},{"@type":"BreadcrumbList","@id":"https:\/\/marktxxl.de\/markt\/produkt\/ningkpow-iphone-ladekabel-lightning-kabel-2m-mfi-zertifiziert-nylon-lang-iphone-kabel-fuer-iphone-13-12-11-pro-max-mini-xs-xr-x-se-2020-8-8-plus-7-7-plus-6s-6-5s-5-grau\/#breadcrumb","itemListElement":[{"@type":"ListItem","position":1,"name":"Startseite","item":"https:\/\/marktxxl.de\/markt\/"},{"@type":"ListItem","position":2,"name":"Markt","item":"https:\/\/marktxxl.de\/markt\/"},{"@type":"ListItem","position":3,"name":"NINGKPOW iPhone Ladekabel, Lightning Kabel 2M [MFi-Zertifiziert] Nylon iPhone Kable Kompatibel f\u00fcr iPhone 14 13 12 11\u2026"}]},{"@type":"WebSite","@id":"https:\/\/marktxxl.de\/markt\/#website","url":"https:\/\/marktxxl.de\/markt\/","name":"Markt-XXL","description":"Ihr Markt Online","publisher":{"@id":"https:\/\/marktxxl.de\/markt\/#organization"},"potentialAction":[{"@type":"SearchAction","target":{"@type":"EntryPoint","urlTemplate":"https:\/\/marktxxl.de\/markt\/?s={search_term_string}"},"query-input":{"@type":"PropertyValueSpecification","valueRequired":true,"valueName":"search_term_string"}}],"inLanguage":"de"},{"@type":"Organization","@id":"https:\/\/marktxxl.de\/markt\/#organization","name":"Markt-XXL","url":"https:\/\/marktxxl.de\/markt\/","logo":{"@type":"ImageObject","inLanguage":"de","@id":"https:\/\/marktxxl.de\/markt\/#\/schema\/logo\/image\/","url":"https:\/\/marktxxl.de\/markt\/wp-content\/uploads\/sites\/3\/2020\/12\/logo.png","contentUrl":"https:\/\/marktxxl.de\/markt\/wp-content\/uploads\/sites\/3\/2020\/12\/logo.png","width":200,"height":70,"caption":"Markt-XXL"},"image":{"@id":"https:\/\/marktxxl.de\/markt\/#\/schema\/logo\/image\/"}}]}},"_links":{"self":[{"href":"https:\/\/marktxxl.de\/markt\/wp-json\/wp\/v2\/product\/106651","targetHints":{"allow":["GET"]}}],"collection":[{"href":"https:\/\/marktxxl.de\/markt\/wp-json\/wp\/v2\/product"}],"about":[{"href":"https:\/\/marktxxl.de\/markt\/wp-json\/wp\/v2\/types\/product"}],"replies":[{"embeddable":true,"href":"https:\/\/marktxxl.de\/markt\/wp-json\/wp\/v2\/comments?post=106651"}],"wp:featuredmedia":[{"embeddable":true,"href":"https:\/\/marktxxl.de\/markt\/wp-json\/wp\/v2\/media\/106652"}],"wp:attachment":[{"href":"https:\/\/marktxxl.de\/markt\/wp-json\/wp\/v2\/media?parent=106651"}],"wp:term":[{"taxonomy":"product_brand","embeddable":true,"href":"https:\/\/marktxxl.de\/markt\/wp-json\/wp\/v2\/product_brand?post=106651"},{"taxonomy":"product_cat","embeddable":true,"href":"https:\/\/marktxxl.de\/markt\/wp-json\/wp\/v2\/product_cat?post=106651"},{"taxonomy":"product_tag","embeddable":true,"href":"https:\/\/marktxxl.de\/markt\/wp-json\/wp\/v2\/product_tag?post=106651"}],"curies":[{"name":"wp","href":"https:\/\/api.w.org\/{rel}","templated":true}]}}