{"id":106567,"date":"2022-02-26T15:48:54","date_gmt":"2022-02-26T14:48:54","guid":{"rendered":"https:\/\/marktxxl.de\/markt\/produkt\/officelab-beleuchtete-tastatur-kompatibel-mit-ipad-air-4-generetion-und-ipad-pro-11-3-2-1-generation-mit-touchpad-und-7-farbiger-hintergrundbeleuchtung-qwertz-kb09111\/"},"modified":"2023-04-09T03:06:29","modified_gmt":"2023-04-09T01:06:29","slug":"officelab-beleuchtete-tastatur-kompatibel-mit-ipad-air-4-generetion-und-ipad-pro-11-3-2-1-generation-mit-touchpad-und-7-farbiger-hintergrundbeleuchtung-qwertz-kb09111","status":"publish","type":"product","link":"https:\/\/marktxxl.de\/markt\/produkt\/officelab-beleuchtete-tastatur-kompatibel-mit-ipad-air-4-generetion-und-ipad-pro-11-3-2-1-generation-mit-touchpad-und-7-farbiger-hintergrundbeleuchtung-qwertz-kb09111\/","title":{"rendered":"Officelab Beleuchtete Tastatur kompatibel mit iPad Air 5. Generation, iPad Air 4. Generetion und iPad Pro 11&#8243; 3.\/2.\/1. Generation, mit touchpad und 7-Farbiger Hintergrundbeleuchtung, QWERTZ, KB09111"},"content":{"rendered":"<p>Speziell f\u00fcr iPad Pro 11 Zoll (1.\/2.\/3. Generation) und iPad Air (4. Generation) entwickelt.<br \/>\nBetrachtungswinkel einstellbar: Mit dem beweglichen Tr\u00e4ger k\u00f6nnen Sie das iPad an der Abdeckung von KB09111 befestigen und den Betrachtungswinkel durch Einstellen der drehbaren Achse anpassen.<br \/>\n7-farbige Hintergrundbeleuchtung: Erf\u00fcllt Ihre verschiedenen Bed\u00fcrfnisse in verschiedenen Situationen.<br \/>\nShortcut-Tasten: Die Kombination von &#8220;Fn + Schnelltaste&#8221; l\u00e4sst Sie bequem Funktionen des iPads, wie z. B. Screenshots aufnehmen, Bildschirm sperren, stummschalten usw. steuern.<br \/>\nStabile Verbindung: Bluetooth 5.1-Protokoll sorgt f\u00fcr h\u00f6here Geschwindigkeit und eine stabilere Verbindung. Der Typ-C-Anschluss sorgt f\u00fcr schnelles Aufladen.<br \/>\n<div class=\"main-cross-sell\" data-asin=\"B09RV74N7K\">\n\n\t<div class=\"WooZone-cross-sell-loader\">\n\t\t<div>\n\t\t\t<div id=\"floatingBarsG\">\n\t\t\t\t<div class=\"blockG\" id=\"rotateG_01\"><\/div>\n\t\t\t\t<div class=\"blockG\" id=\"rotateG_02\"><\/div>\n\t\t\t\t<div class=\"blockG\" id=\"rotateG_03\"><\/div>\n\t\t\t\t<div class=\"blockG\" id=\"rotateG_04\"><\/div>\n\t\t\t\t<div class=\"blockG\" id=\"rotateG_05\"><\/div>\n\t\t\t\t<div class=\"blockG\" id=\"rotateG_06\"><\/div>\n\t\t\t\t<div class=\"blockG\" id=\"rotateG_07\"><\/div>\n\t\t\t\t<div class=\"blockG\" id=\"rotateG_08\"><\/div>\n\t\t\t<\/div>\n\t\t\t<div class=\"WooZone-cross-sell-loader-text\"><\/div>\n\t\t<\/div>\n\t<\/div>\n\n\t\t\n<\/div>\n<div style=\"clear:both;\"><\/div><\/p>\n","protected":false},"excerpt":{"rendered":"<p>Speziell f\u00fcr iPad Pro 11 Zoll (1.\/2.\/3. Generation) und iPad Air (4. Generation) entwickelt.<br \/>\nBetrachtungswinkel einstellbar: Mit dem beweglichen Tr\u00e4ger k\u00f6nnen Sie das iPad an der Abdeckung von KB09111 befestigen und den Betrachtungswinkel durch Einstellen der drehbaren Achse anpassen.<br \/>\n7-farbige Hintergrundbeleuchtung: Erf\u00fcllt Ihre verschiedenen Bed\u00fcrfnisse in verschiedenen Situationen.<\/p>\n","protected":false},"featured_media":106568,"comment_status":"open","ping_status":"closed","template":"","meta":[],"product_brand":[],"product_cat":[863],"product_tag":[],"class_list":{"0":"post-106567","1":"product","2":"type-product","3":"status-publish","4":"has-post-thumbnail","6":"product_cat-computer-zubehoer","7":"pa_brand-officelab","8":"pa_color-schwarz","9":"pa_height-0-61-zoll","10":"pa_length-10-08-zoll","11":"pa_manufacturer-inateck","12":"pa_weight-1-67-pfund","13":"pa_width-7-68-zoll","15":"first","16":"instock","17":"shipping-taxable","18":"purchasable","19":"product-type-simple","20":"customify-col","21":"product-has-gallery"},"yoast_head":"<!-- This site is optimized with the Yoast SEO plugin v27.4 - https:\/\/yoast.com\/product\/yoast-seo-wordpress\/ -->\n<title>Officelab Beleuchtete Tastatur kompatibel mit iPad Air 5. Generation, iPad Air 4. Generetion und iPad Pro 11&quot; 3.\/2.\/1. Generation, mit touchpad und 7-Farbiger Hintergrundbeleuchtung, QWERTZ, KB09111 - Markt-XXL<\/title>\n<meta name=\"description\" content=\"Markt-XXL Officelab Beleuchtete Tastatur kompatibel mit iPad Air 5. Generation, iPad Air 4. Generetion und iPad Pro 11&quot; 3.\/2.\/1. Generation, mit touchpad und 7-Farbiger Hintergrundbeleuchtung, QWERTZ, KB09111\" \/>\n<meta name=\"robots\" content=\"index, follow, max-snippet:-1, max-image-preview:large, max-video-preview:-1\" \/>\n<link rel=\"canonical\" href=\"https:\/\/marktxxl.de\/markt\/produkt\/officelab-beleuchtete-tastatur-kompatibel-mit-ipad-air-4-generetion-und-ipad-pro-11-3-2-1-generation-mit-touchpad-und-7-farbiger-hintergrundbeleuchtung-qwertz-kb09111\/\" \/>\n<meta property=\"og:locale\" content=\"de_DE\" \/>\n<meta property=\"og:type\" content=\"article\" \/>\n<meta property=\"og:title\" content=\"Officelab Beleuchtete Tastatur kompatibel mit iPad Air 5. Generation, iPad Air 4. Generetion und iPad Pro 11&quot; 3.\/2.\/1. Generation, mit touchpad und 7-Farbiger Hintergrundbeleuchtung, QWERTZ, KB09111 - Markt-XXL\" \/>\n<meta property=\"og:description\" content=\"Markt-XXL Officelab Beleuchtete Tastatur kompatibel mit iPad Air 5. Generation, iPad Air 4. Generetion und iPad Pro 11&quot; 3.\/2.\/1. Generation, mit touchpad und 7-Farbiger Hintergrundbeleuchtung, QWERTZ, KB09111\" \/>\n<meta property=\"og:url\" content=\"https:\/\/marktxxl.de\/markt\/produkt\/officelab-beleuchtete-tastatur-kompatibel-mit-ipad-air-4-generetion-und-ipad-pro-11-3-2-1-generation-mit-touchpad-und-7-farbiger-hintergrundbeleuchtung-qwertz-kb09111\/\" \/>\n<meta property=\"og:site_name\" content=\"Markt-XXL\" \/>\n<meta property=\"article:modified_time\" content=\"2023-04-09T01:06:29+00:00\" \/>\n<meta property=\"og:image\" content=\"https:\/\/m.media-amazon.com\/images\/I\/41JA3rl93tL._SL500_.jpg\" \/>\n\t<meta property=\"og:image:width\" content=\"500\" \/>\n\t<meta property=\"og:image:height\" content=\"500\" \/>\n\t<meta property=\"og:image:type\" content=\"image\/jpeg\" \/>\n<meta name=\"twitter:card\" content=\"summary_large_image\" \/>\n<meta name=\"twitter:label1\" content=\"Gesch\u00e4tzte Lesezeit\" \/>\n\t<meta name=\"twitter:data1\" content=\"1\u00a0Minute\" \/>\n<script type=\"application\/ld+json\" class=\"yoast-schema-graph\">{\"@context\":\"https:\\\/\\\/schema.org\",\"@graph\":[{\"@type\":\"WebPage\",\"@id\":\"https:\\\/\\\/marktxxl.de\\\/markt\\\/produkt\\\/officelab-beleuchtete-tastatur-kompatibel-mit-ipad-air-4-generetion-und-ipad-pro-11-3-2-1-generation-mit-touchpad-und-7-farbiger-hintergrundbeleuchtung-qwertz-kb09111\\\/\",\"url\":\"https:\\\/\\\/marktxxl.de\\\/markt\\\/produkt\\\/officelab-beleuchtete-tastatur-kompatibel-mit-ipad-air-4-generetion-und-ipad-pro-11-3-2-1-generation-mit-touchpad-und-7-farbiger-hintergrundbeleuchtung-qwertz-kb09111\\\/\",\"name\":\"Officelab Beleuchtete Tastatur kompatibel mit iPad Air 5. Generation, iPad Air 4. Generetion und iPad Pro 11\\\" 3.\\\/2.\\\/1. Generation, mit touchpad und 7-Farbiger Hintergrundbeleuchtung, QWERTZ, KB09111 - Markt-XXL\",\"isPartOf\":{\"@id\":\"https:\\\/\\\/marktxxl.de\\\/markt\\\/#website\"},\"primaryImageOfPage\":{\"@id\":\"https:\\\/\\\/marktxxl.de\\\/markt\\\/produkt\\\/officelab-beleuchtete-tastatur-kompatibel-mit-ipad-air-4-generetion-und-ipad-pro-11-3-2-1-generation-mit-touchpad-und-7-farbiger-hintergrundbeleuchtung-qwertz-kb09111\\\/#primaryimage\"},\"image\":{\"@id\":\"https:\\\/\\\/marktxxl.de\\\/markt\\\/produkt\\\/officelab-beleuchtete-tastatur-kompatibel-mit-ipad-air-4-generetion-und-ipad-pro-11-3-2-1-generation-mit-touchpad-und-7-farbiger-hintergrundbeleuchtung-qwertz-kb09111\\\/#primaryimage\"},\"thumbnailUrl\":\"https:\\\/\\\/m.media-amazon.com\\\/images\\\/I\\\/41JA3rl93tL._SL500_.jpg\",\"datePublished\":\"2022-02-26T14:48:54+00:00\",\"dateModified\":\"2023-04-09T01:06:29+00:00\",\"description\":\"Markt-XXL Officelab Beleuchtete Tastatur kompatibel mit iPad Air 5. Generation, iPad Air 4. Generetion und iPad Pro 11\\\" 3.\\\/2.\\\/1. Generation, mit touchpad und 7-Farbiger Hintergrundbeleuchtung, QWERTZ, KB09111\",\"breadcrumb\":{\"@id\":\"https:\\\/\\\/marktxxl.de\\\/markt\\\/produkt\\\/officelab-beleuchtete-tastatur-kompatibel-mit-ipad-air-4-generetion-und-ipad-pro-11-3-2-1-generation-mit-touchpad-und-7-farbiger-hintergrundbeleuchtung-qwertz-kb09111\\\/#breadcrumb\"},\"inLanguage\":\"de\",\"potentialAction\":[{\"@type\":\"ReadAction\",\"target\":[\"https:\\\/\\\/marktxxl.de\\\/markt\\\/produkt\\\/officelab-beleuchtete-tastatur-kompatibel-mit-ipad-air-4-generetion-und-ipad-pro-11-3-2-1-generation-mit-touchpad-und-7-farbiger-hintergrundbeleuchtung-qwertz-kb09111\\\/\"]}]},{\"@type\":\"ImageObject\",\"inLanguage\":\"de\",\"@id\":\"https:\\\/\\\/marktxxl.de\\\/markt\\\/produkt\\\/officelab-beleuchtete-tastatur-kompatibel-mit-ipad-air-4-generetion-und-ipad-pro-11-3-2-1-generation-mit-touchpad-und-7-farbiger-hintergrundbeleuchtung-qwertz-kb09111\\\/#primaryimage\",\"url\":\"https:\\\/\\\/m.media-amazon.com\\\/images\\\/I\\\/41JA3rl93tL._SL500_.jpg\",\"contentUrl\":\"https:\\\/\\\/m.media-amazon.com\\\/images\\\/I\\\/41JA3rl93tL._SL500_.jpg\",\"width\":500,\"height\":500},{\"@type\":\"BreadcrumbList\",\"@id\":\"https:\\\/\\\/marktxxl.de\\\/markt\\\/produkt\\\/officelab-beleuchtete-tastatur-kompatibel-mit-ipad-air-4-generetion-und-ipad-pro-11-3-2-1-generation-mit-touchpad-und-7-farbiger-hintergrundbeleuchtung-qwertz-kb09111\\\/#breadcrumb\",\"itemListElement\":[{\"@type\":\"ListItem\",\"position\":1,\"name\":\"Startseite\",\"item\":\"https:\\\/\\\/marktxxl.de\\\/markt\\\/\"},{\"@type\":\"ListItem\",\"position\":2,\"name\":\"Markt\",\"item\":\"https:\\\/\\\/marktxxl.de\\\/markt\\\/\"},{\"@type\":\"ListItem\",\"position\":3,\"name\":\"Officelab Beleuchtete Tastatur kompatibel mit iPad Air 5. Generation, iPad Air 4. Generetion und iPad Pro 11&#8243; 3.\\\/2.\\\/1. Generation, mit touchpad und 7-Farbiger Hintergrundbeleuchtung, QWERTZ, KB09111\"}]},{\"@type\":\"WebSite\",\"@id\":\"https:\\\/\\\/marktxxl.de\\\/markt\\\/#website\",\"url\":\"https:\\\/\\\/marktxxl.de\\\/markt\\\/\",\"name\":\"Markt-XXL\",\"description\":\"Ihr Markt Online\",\"publisher\":{\"@id\":\"https:\\\/\\\/marktxxl.de\\\/markt\\\/#organization\"},\"potentialAction\":[{\"@type\":\"SearchAction\",\"target\":{\"@type\":\"EntryPoint\",\"urlTemplate\":\"https:\\\/\\\/marktxxl.de\\\/markt\\\/?s={search_term_string}\"},\"query-input\":{\"@type\":\"PropertyValueSpecification\",\"valueRequired\":true,\"valueName\":\"search_term_string\"}}],\"inLanguage\":\"de\"},{\"@type\":\"Organization\",\"@id\":\"https:\\\/\\\/marktxxl.de\\\/markt\\\/#organization\",\"name\":\"Markt-XXL\",\"url\":\"https:\\\/\\\/marktxxl.de\\\/markt\\\/\",\"logo\":{\"@type\":\"ImageObject\",\"inLanguage\":\"de\",\"@id\":\"https:\\\/\\\/marktxxl.de\\\/markt\\\/#\\\/schema\\\/logo\\\/image\\\/\",\"url\":\"https:\\\/\\\/marktxxl.de\\\/markt\\\/wp-content\\\/uploads\\\/sites\\\/3\\\/2020\\\/12\\\/logo.png\",\"contentUrl\":\"https:\\\/\\\/marktxxl.de\\\/markt\\\/wp-content\\\/uploads\\\/sites\\\/3\\\/2020\\\/12\\\/logo.png\",\"width\":200,\"height\":70,\"caption\":\"Markt-XXL\"},\"image\":{\"@id\":\"https:\\\/\\\/marktxxl.de\\\/markt\\\/#\\\/schema\\\/logo\\\/image\\\/\"}}]}<\/script>\n<!-- \/ Yoast SEO plugin. -->","yoast_head_json":{"title":"Officelab Beleuchtete Tastatur kompatibel mit iPad Air 5. Generation, iPad Air 4. Generetion und iPad Pro 11\" 3.\/2.\/1. Generation, mit touchpad und 7-Farbiger Hintergrundbeleuchtung, QWERTZ, KB09111 - Markt-XXL","description":"Markt-XXL Officelab Beleuchtete Tastatur kompatibel mit iPad Air 5. Generation, iPad Air 4. Generetion und iPad Pro 11\" 3.\/2.\/1. Generation, mit touchpad und 7-Farbiger Hintergrundbeleuchtung, QWERTZ, KB09111","robots":{"index":"index","follow":"follow","max-snippet":"max-snippet:-1","max-image-preview":"max-image-preview:large","max-video-preview":"max-video-preview:-1"},"canonical":"https:\/\/marktxxl.de\/markt\/produkt\/officelab-beleuchtete-tastatur-kompatibel-mit-ipad-air-4-generetion-und-ipad-pro-11-3-2-1-generation-mit-touchpad-und-7-farbiger-hintergrundbeleuchtung-qwertz-kb09111\/","og_locale":"de_DE","og_type":"article","og_title":"Officelab Beleuchtete Tastatur kompatibel mit iPad Air 5. Generation, iPad Air 4. Generetion und iPad Pro 11\" 3.\/2.\/1. Generation, mit touchpad und 7-Farbiger Hintergrundbeleuchtung, QWERTZ, KB09111 - Markt-XXL","og_description":"Markt-XXL Officelab Beleuchtete Tastatur kompatibel mit iPad Air 5. Generation, iPad Air 4. Generetion und iPad Pro 11\" 3.\/2.\/1. Generation, mit touchpad und 7-Farbiger Hintergrundbeleuchtung, QWERTZ, KB09111","og_url":"https:\/\/marktxxl.de\/markt\/produkt\/officelab-beleuchtete-tastatur-kompatibel-mit-ipad-air-4-generetion-und-ipad-pro-11-3-2-1-generation-mit-touchpad-und-7-farbiger-hintergrundbeleuchtung-qwertz-kb09111\/","og_site_name":"Markt-XXL","article_modified_time":"2023-04-09T01:06:29+00:00","og_image":[{"width":500,"height":500,"url":"https:\/\/m.media-amazon.com\/images\/I\/41JA3rl93tL._SL500_.jpg","type":"image\/jpeg"}],"twitter_card":"summary_large_image","twitter_misc":{"Gesch\u00e4tzte Lesezeit":"1\u00a0Minute"},"schema":{"@context":"https:\/\/schema.org","@graph":[{"@type":"WebPage","@id":"https:\/\/marktxxl.de\/markt\/produkt\/officelab-beleuchtete-tastatur-kompatibel-mit-ipad-air-4-generetion-und-ipad-pro-11-3-2-1-generation-mit-touchpad-und-7-farbiger-hintergrundbeleuchtung-qwertz-kb09111\/","url":"https:\/\/marktxxl.de\/markt\/produkt\/officelab-beleuchtete-tastatur-kompatibel-mit-ipad-air-4-generetion-und-ipad-pro-11-3-2-1-generation-mit-touchpad-und-7-farbiger-hintergrundbeleuchtung-qwertz-kb09111\/","name":"Officelab Beleuchtete Tastatur kompatibel mit iPad Air 5. Generation, iPad Air 4. Generetion und iPad Pro 11\" 3.\/2.\/1. Generation, mit touchpad und 7-Farbiger Hintergrundbeleuchtung, QWERTZ, KB09111 - Markt-XXL","isPartOf":{"@id":"https:\/\/marktxxl.de\/markt\/#website"},"primaryImageOfPage":{"@id":"https:\/\/marktxxl.de\/markt\/produkt\/officelab-beleuchtete-tastatur-kompatibel-mit-ipad-air-4-generetion-und-ipad-pro-11-3-2-1-generation-mit-touchpad-und-7-farbiger-hintergrundbeleuchtung-qwertz-kb09111\/#primaryimage"},"image":{"@id":"https:\/\/marktxxl.de\/markt\/produkt\/officelab-beleuchtete-tastatur-kompatibel-mit-ipad-air-4-generetion-und-ipad-pro-11-3-2-1-generation-mit-touchpad-und-7-farbiger-hintergrundbeleuchtung-qwertz-kb09111\/#primaryimage"},"thumbnailUrl":"https:\/\/m.media-amazon.com\/images\/I\/41JA3rl93tL._SL500_.jpg","datePublished":"2022-02-26T14:48:54+00:00","dateModified":"2023-04-09T01:06:29+00:00","description":"Markt-XXL Officelab Beleuchtete Tastatur kompatibel mit iPad Air 5. Generation, iPad Air 4. Generetion und iPad Pro 11\" 3.\/2.\/1. Generation, mit touchpad und 7-Farbiger Hintergrundbeleuchtung, QWERTZ, KB09111","breadcrumb":{"@id":"https:\/\/marktxxl.de\/markt\/produkt\/officelab-beleuchtete-tastatur-kompatibel-mit-ipad-air-4-generetion-und-ipad-pro-11-3-2-1-generation-mit-touchpad-und-7-farbiger-hintergrundbeleuchtung-qwertz-kb09111\/#breadcrumb"},"inLanguage":"de","potentialAction":[{"@type":"ReadAction","target":["https:\/\/marktxxl.de\/markt\/produkt\/officelab-beleuchtete-tastatur-kompatibel-mit-ipad-air-4-generetion-und-ipad-pro-11-3-2-1-generation-mit-touchpad-und-7-farbiger-hintergrundbeleuchtung-qwertz-kb09111\/"]}]},{"@type":"ImageObject","inLanguage":"de","@id":"https:\/\/marktxxl.de\/markt\/produkt\/officelab-beleuchtete-tastatur-kompatibel-mit-ipad-air-4-generetion-und-ipad-pro-11-3-2-1-generation-mit-touchpad-und-7-farbiger-hintergrundbeleuchtung-qwertz-kb09111\/#primaryimage","url":"https:\/\/m.media-amazon.com\/images\/I\/41JA3rl93tL._SL500_.jpg","contentUrl":"https:\/\/m.media-amazon.com\/images\/I\/41JA3rl93tL._SL500_.jpg","width":500,"height":500},{"@type":"BreadcrumbList","@id":"https:\/\/marktxxl.de\/markt\/produkt\/officelab-beleuchtete-tastatur-kompatibel-mit-ipad-air-4-generetion-und-ipad-pro-11-3-2-1-generation-mit-touchpad-und-7-farbiger-hintergrundbeleuchtung-qwertz-kb09111\/#breadcrumb","itemListElement":[{"@type":"ListItem","position":1,"name":"Startseite","item":"https:\/\/marktxxl.de\/markt\/"},{"@type":"ListItem","position":2,"name":"Markt","item":"https:\/\/marktxxl.de\/markt\/"},{"@type":"ListItem","position":3,"name":"Officelab Beleuchtete Tastatur kompatibel mit iPad Air 5. Generation, iPad Air 4. Generetion und iPad Pro 11&#8243; 3.\/2.\/1. Generation, mit touchpad und 7-Farbiger Hintergrundbeleuchtung, QWERTZ, KB09111"}]},{"@type":"WebSite","@id":"https:\/\/marktxxl.de\/markt\/#website","url":"https:\/\/marktxxl.de\/markt\/","name":"Markt-XXL","description":"Ihr Markt Online","publisher":{"@id":"https:\/\/marktxxl.de\/markt\/#organization"},"potentialAction":[{"@type":"SearchAction","target":{"@type":"EntryPoint","urlTemplate":"https:\/\/marktxxl.de\/markt\/?s={search_term_string}"},"query-input":{"@type":"PropertyValueSpecification","valueRequired":true,"valueName":"search_term_string"}}],"inLanguage":"de"},{"@type":"Organization","@id":"https:\/\/marktxxl.de\/markt\/#organization","name":"Markt-XXL","url":"https:\/\/marktxxl.de\/markt\/","logo":{"@type":"ImageObject","inLanguage":"de","@id":"https:\/\/marktxxl.de\/markt\/#\/schema\/logo\/image\/","url":"https:\/\/marktxxl.de\/markt\/wp-content\/uploads\/sites\/3\/2020\/12\/logo.png","contentUrl":"https:\/\/marktxxl.de\/markt\/wp-content\/uploads\/sites\/3\/2020\/12\/logo.png","width":200,"height":70,"caption":"Markt-XXL"},"image":{"@id":"https:\/\/marktxxl.de\/markt\/#\/schema\/logo\/image\/"}}]}},"_links":{"self":[{"href":"https:\/\/marktxxl.de\/markt\/wp-json\/wp\/v2\/product\/106567","targetHints":{"allow":["GET"]}}],"collection":[{"href":"https:\/\/marktxxl.de\/markt\/wp-json\/wp\/v2\/product"}],"about":[{"href":"https:\/\/marktxxl.de\/markt\/wp-json\/wp\/v2\/types\/product"}],"replies":[{"embeddable":true,"href":"https:\/\/marktxxl.de\/markt\/wp-json\/wp\/v2\/comments?post=106567"}],"wp:featuredmedia":[{"embeddable":true,"href":"https:\/\/marktxxl.de\/markt\/wp-json\/wp\/v2\/media\/106568"}],"wp:attachment":[{"href":"https:\/\/marktxxl.de\/markt\/wp-json\/wp\/v2\/media?parent=106567"}],"wp:term":[{"taxonomy":"product_brand","embeddable":true,"href":"https:\/\/marktxxl.de\/markt\/wp-json\/wp\/v2\/product_brand?post=106567"},{"taxonomy":"product_cat","embeddable":true,"href":"https:\/\/marktxxl.de\/markt\/wp-json\/wp\/v2\/product_cat?post=106567"},{"taxonomy":"product_tag","embeddable":true,"href":"https:\/\/marktxxl.de\/markt\/wp-json\/wp\/v2\/product_tag?post=106567"}],"curies":[{"name":"wp","href":"https:\/\/api.w.org\/{rel}","templated":true}]}}