{"id":106474,"date":"2022-02-26T15:45:53","date_gmt":"2022-02-26T14:45:53","guid":{"rendered":"https:\/\/marktxxl.de\/markt\/produkt\/%e3%80%90phantasy%e3%80%91hochwertige-nappa-lederhuelle-fuer-iqos-3-iqos-3-duo-iqos2-4-iqos2-4-plus-stofftasche-und-pu-leder-organizer-iqos-cover-zigarettentasche-fuer-iqos\/"},"modified":"2023-04-09T03:06:29","modified_gmt":"2023-04-09T01:06:29","slug":"%e3%80%90phantasy%e3%80%91hochwertige-nappa-lederhuelle-fuer-iqos-3-iqos-3-duo-iqos2-4-iqos2-4-plus-stofftasche-und-pu-leder-organizer-iqos-cover-zigarettentasche-fuer-iqos","status":"publish","type":"product","link":"https:\/\/marktxxl.de\/markt\/produkt\/%e3%80%90phantasy%e3%80%91hochwertige-nappa-lederhuelle-fuer-iqos-3-iqos-3-duo-iqos2-4-iqos2-4-plus-stofftasche-und-pu-leder-organizer-iqos-cover-zigarettentasche-fuer-iqos\/","title":{"rendered":"\u3010Phantasy\u3011Hochwertige Schutzh\u00fclle aus NAPPA Leder f\u00fcr IQOS 3 \/ IQOS 3 Duo \/ IQOS2.4 \/ IQOS2.4 Plus, Etui aus Leinen und\u2026"},"content":{"rendered":"<p>\u3010Perfektes Design\u3011 Die Schutzh\u00fclle kann IQOS, Zigarettenetui und IQOS-Reiniger gleichzeitig halten. Sie k\u00f6nnen die E-Zigarette, den Ladevorgang, das Display der Stromversorgung verwenden, ohne den IQOS herauszunehmen. Wir finden einen Ladeanschluss auf der Schutzbox, der jederzeit und \u00fcberall aufgeladen werden kann.<br \/>\nHochwertige Materialien: Die hochwertige Schutzh\u00fclle f\u00fcr E-Zigaretten ist perfekt kompatibel mit Iqos2.4\/Iqos2.4plus\/Iqos 3\/Iqos 3 Duo, bietet perfekten Schutz und ist leicht zu tragen.<br \/>\nPerfekte Passform: Die IQOS-H\u00fclle verwendet hochwertige Materialien. Hergestellt aus hochwertigem Kunstleder in Soft-Touch-Finish, rutschfest und angenehm zu ber\u00fchren. Magnetischer Verschluss der Tasche mit h\u00f6chstem Wirkungsgrad. Mit viel Liebe zum Detail entwickelt, um eine perfekte Verbindung von Qualit\u00e4t und Funktionalit\u00e4t zu schaffen.<br \/>\n\u3010Angebot\u3011Jede Schutzbox f\u00fcr E-Zigaretten ist mit einer Handschlaufe ausgestattet, die am Handgelenk getragen oder an der Taille der Hose befestigt werden kann, so dass Sie sie mitnehmen k\u00f6nnen, ohne sich Sorgen machen zu m\u00fcssen, dass sie verloren geht.<br \/>\n\u3010Ideale Wahl\u3011 Eine H\u00fclle aus leichtem und weichem Material. Ein perfekter Organizer f\u00fcr IQOS, Heets und Reinigungsger\u00e4t. Ihr Ger\u00e4t ist immer perfekt gesch\u00fctzt.<br \/>\n<div class=\"main-cross-sell\" data-asin=\"B097P45WG2\">\n\n\t<div class=\"WooZone-cross-sell-loader\">\n\t\t<div>\n\t\t\t<div id=\"floatingBarsG\">\n\t\t\t\t<div class=\"blockG\" id=\"rotateG_01\"><\/div>\n\t\t\t\t<div class=\"blockG\" id=\"rotateG_02\"><\/div>\n\t\t\t\t<div class=\"blockG\" id=\"rotateG_03\"><\/div>\n\t\t\t\t<div class=\"blockG\" id=\"rotateG_04\"><\/div>\n\t\t\t\t<div class=\"blockG\" id=\"rotateG_05\"><\/div>\n\t\t\t\t<div class=\"blockG\" id=\"rotateG_06\"><\/div>\n\t\t\t\t<div class=\"blockG\" id=\"rotateG_07\"><\/div>\n\t\t\t\t<div class=\"blockG\" id=\"rotateG_08\"><\/div>\n\t\t\t<\/div>\n\t\t\t<div class=\"WooZone-cross-sell-loader-text\"><\/div>\n\t\t<\/div>\n\t<\/div>\n\n\t\t\n<\/div>\n<div style=\"clear:both;\"><\/div><\/p>\n","protected":false},"excerpt":{"rendered":"<p>\u3010Perfektes Design\u3011 Die Schutzh\u00fclle kann IQOS, Zigarettenetui und IQOS-Reiniger gleichzeitig halten. Sie k\u00f6nnen die E-Zigarette, den Ladevorgang, das Display der Stromversorgung verwenden, ohne den IQOS herauszunehmen. Wir finden einen Ladeanschluss auf der Schutzbox, der jederzeit und \u00fcberall aufgeladen werden kann.<br \/>\nHochwertige Materialien: Die hochwertige Schutzh\u00fclle f\u00fcr E-Zigaretten ist perfekt kompatibel mit Iqos2.4\/Iqos2.4plus\/Iqos 3\/Iqos 3 Duo, bietet perfekten Schutz und ist leicht zu tragen.<br \/>\nPerfekte Passform: Die IQOS-H\u00fclle verwendet hochwertige Materialien. Hergestellt aus hochwertigem Kunstleder in Soft-Touch-Finish, rutschfest und angenehm zu ber\u00fchren. Magnetischer Verschluss der Tasche mit h\u00f6chstem Wirkungsgrad. Mit viel Liebe zum Detail entwickelt, um eine perfekte Verbindung von Qualit\u00e4t und Funktionalit\u00e4t zu schaffen.<\/p>\n","protected":false},"featured_media":106475,"comment_status":"open","ping_status":"closed","template":"","meta":[],"product_brand":[],"product_cat":[566,5626],"product_tag":[],"class_list":{"0":"post-106474","1":"product","2":"type-product","3":"status-publish","4":"has-post-thumbnail","6":"product_cat-drogerie-koerperpflege","7":"product_cat-elektronische-zigaretten-shishas-zubehoer","8":"pa_brand-phantasy","9":"pa_manufacturer-phantasy","11":"first","12":"instock","13":"shipping-taxable","14":"purchasable","15":"product-type-simple","16":"customify-col","17":"product-has-gallery"},"yoast_head":"<!-- This site is optimized with the Yoast SEO plugin v27.4 - https:\/\/yoast.com\/product\/yoast-seo-wordpress\/ -->\n<title>\u3010Phantasy\u3011Hochwertige Schutzh\u00fclle aus NAPPA Leder f\u00fcr IQOS 3 \/ IQOS 3 Duo \/ IQOS2.4 \/ IQOS2.4 Plus, Etui aus Leinen und\u2026 - Markt-XXL<\/title>\n<meta name=\"description\" content=\"Markt-XXL \u3010Phantasy\u3011Hochwertige Schutzh\u00fclle aus NAPPA Leder f\u00fcr IQOS 3 \/ IQOS 3 Duo \/ IQOS2.4 \/ IQOS2.4 Plus, Etui aus Leinen und\u2026\" \/>\n<meta name=\"robots\" content=\"index, follow, max-snippet:-1, max-image-preview:large, max-video-preview:-1\" \/>\n<link rel=\"canonical\" href=\"https:\/\/marktxxl.de\/markt\/produkt\/\u3010phantasy\u3011hochwertige-nappa-lederhuelle-fuer-iqos-3-iqos-3-duo-iqos2-4-iqos2-4-plus-stofftasche-und-pu-leder-organizer-iqos-cover-zigarettentasche-fuer-iqos\/\" \/>\n<meta property=\"og:locale\" content=\"de_DE\" \/>\n<meta property=\"og:type\" content=\"article\" \/>\n<meta property=\"og:title\" content=\"\u3010Phantasy\u3011Hochwertige Schutzh\u00fclle aus NAPPA Leder f\u00fcr IQOS 3 \/ IQOS 3 Duo \/ IQOS2.4 \/ IQOS2.4 Plus, Etui aus Leinen und\u2026 - Markt-XXL\" \/>\n<meta property=\"og:description\" content=\"Markt-XXL \u3010Phantasy\u3011Hochwertige Schutzh\u00fclle aus NAPPA Leder f\u00fcr IQOS 3 \/ IQOS 3 Duo \/ IQOS2.4 \/ IQOS2.4 Plus, Etui aus Leinen und\u2026\" \/>\n<meta property=\"og:url\" content=\"https:\/\/marktxxl.de\/markt\/produkt\/\u3010phantasy\u3011hochwertige-nappa-lederhuelle-fuer-iqos-3-iqos-3-duo-iqos2-4-iqos2-4-plus-stofftasche-und-pu-leder-organizer-iqos-cover-zigarettentasche-fuer-iqos\/\" \/>\n<meta property=\"og:site_name\" content=\"Markt-XXL\" \/>\n<meta property=\"article:modified_time\" content=\"2023-04-09T01:06:29+00:00\" \/>\n<meta property=\"og:image\" content=\"https:\/\/m.media-amazon.com\/images\/I\/41mYYHm-jWL._SL500_.jpg\" \/>\n\t<meta property=\"og:image:width\" content=\"500\" \/>\n\t<meta property=\"og:image:height\" content=\"500\" \/>\n\t<meta property=\"og:image:type\" content=\"image\/jpeg\" \/>\n<meta name=\"twitter:card\" content=\"summary_large_image\" \/>\n<meta name=\"twitter:label1\" content=\"Gesch\u00e4tzte Lesezeit\" \/>\n\t<meta name=\"twitter:data1\" content=\"1\u00a0Minute\" \/>\n<script type=\"application\/ld+json\" class=\"yoast-schema-graph\">{\"@context\":\"https:\\\/\\\/schema.org\",\"@graph\":[{\"@type\":\"WebPage\",\"@id\":\"https:\\\/\\\/marktxxl.de\\\/markt\\\/produkt\\\/%e3%80%90phantasy%e3%80%91hochwertige-nappa-lederhuelle-fuer-iqos-3-iqos-3-duo-iqos2-4-iqos2-4-plus-stofftasche-und-pu-leder-organizer-iqos-cover-zigarettentasche-fuer-iqos\\\/\",\"url\":\"https:\\\/\\\/marktxxl.de\\\/markt\\\/produkt\\\/%e3%80%90phantasy%e3%80%91hochwertige-nappa-lederhuelle-fuer-iqos-3-iqos-3-duo-iqos2-4-iqos2-4-plus-stofftasche-und-pu-leder-organizer-iqos-cover-zigarettentasche-fuer-iqos\\\/\",\"name\":\"\u3010Phantasy\u3011Hochwertige Schutzh\u00fclle aus NAPPA Leder f\u00fcr IQOS 3 \\\/ IQOS 3 Duo \\\/ IQOS2.4 \\\/ IQOS2.4 Plus, Etui aus Leinen und\u2026 - Markt-XXL\",\"isPartOf\":{\"@id\":\"https:\\\/\\\/marktxxl.de\\\/markt\\\/#website\"},\"primaryImageOfPage\":{\"@id\":\"https:\\\/\\\/marktxxl.de\\\/markt\\\/produkt\\\/%e3%80%90phantasy%e3%80%91hochwertige-nappa-lederhuelle-fuer-iqos-3-iqos-3-duo-iqos2-4-iqos2-4-plus-stofftasche-und-pu-leder-organizer-iqos-cover-zigarettentasche-fuer-iqos\\\/#primaryimage\"},\"image\":{\"@id\":\"https:\\\/\\\/marktxxl.de\\\/markt\\\/produkt\\\/%e3%80%90phantasy%e3%80%91hochwertige-nappa-lederhuelle-fuer-iqos-3-iqos-3-duo-iqos2-4-iqos2-4-plus-stofftasche-und-pu-leder-organizer-iqos-cover-zigarettentasche-fuer-iqos\\\/#primaryimage\"},\"thumbnailUrl\":\"https:\\\/\\\/m.media-amazon.com\\\/images\\\/I\\\/41mYYHm-jWL._SL500_.jpg\",\"datePublished\":\"2022-02-26T14:45:53+00:00\",\"dateModified\":\"2023-04-09T01:06:29+00:00\",\"description\":\"Markt-XXL \u3010Phantasy\u3011Hochwertige Schutzh\u00fclle aus NAPPA Leder f\u00fcr IQOS 3 \\\/ IQOS 3 Duo \\\/ IQOS2.4 \\\/ IQOS2.4 Plus, Etui aus Leinen und\u2026\",\"breadcrumb\":{\"@id\":\"https:\\\/\\\/marktxxl.de\\\/markt\\\/produkt\\\/%e3%80%90phantasy%e3%80%91hochwertige-nappa-lederhuelle-fuer-iqos-3-iqos-3-duo-iqos2-4-iqos2-4-plus-stofftasche-und-pu-leder-organizer-iqos-cover-zigarettentasche-fuer-iqos\\\/#breadcrumb\"},\"inLanguage\":\"de\",\"potentialAction\":[{\"@type\":\"ReadAction\",\"target\":[\"https:\\\/\\\/marktxxl.de\\\/markt\\\/produkt\\\/%e3%80%90phantasy%e3%80%91hochwertige-nappa-lederhuelle-fuer-iqos-3-iqos-3-duo-iqos2-4-iqos2-4-plus-stofftasche-und-pu-leder-organizer-iqos-cover-zigarettentasche-fuer-iqos\\\/\"]}]},{\"@type\":\"ImageObject\",\"inLanguage\":\"de\",\"@id\":\"https:\\\/\\\/marktxxl.de\\\/markt\\\/produkt\\\/%e3%80%90phantasy%e3%80%91hochwertige-nappa-lederhuelle-fuer-iqos-3-iqos-3-duo-iqos2-4-iqos2-4-plus-stofftasche-und-pu-leder-organizer-iqos-cover-zigarettentasche-fuer-iqos\\\/#primaryimage\",\"url\":\"https:\\\/\\\/m.media-amazon.com\\\/images\\\/I\\\/41mYYHm-jWL._SL500_.jpg\",\"contentUrl\":\"https:\\\/\\\/m.media-amazon.com\\\/images\\\/I\\\/41mYYHm-jWL._SL500_.jpg\",\"width\":500,\"height\":500},{\"@type\":\"BreadcrumbList\",\"@id\":\"https:\\\/\\\/marktxxl.de\\\/markt\\\/produkt\\\/%e3%80%90phantasy%e3%80%91hochwertige-nappa-lederhuelle-fuer-iqos-3-iqos-3-duo-iqos2-4-iqos2-4-plus-stofftasche-und-pu-leder-organizer-iqos-cover-zigarettentasche-fuer-iqos\\\/#breadcrumb\",\"itemListElement\":[{\"@type\":\"ListItem\",\"position\":1,\"name\":\"Startseite\",\"item\":\"https:\\\/\\\/marktxxl.de\\\/markt\\\/\"},{\"@type\":\"ListItem\",\"position\":2,\"name\":\"Markt\",\"item\":\"https:\\\/\\\/marktxxl.de\\\/markt\\\/\"},{\"@type\":\"ListItem\",\"position\":3,\"name\":\"\u3010Phantasy\u3011Hochwertige Schutzh\u00fclle aus NAPPA Leder f\u00fcr IQOS 3 \\\/ IQOS 3 Duo \\\/ IQOS2.4 \\\/ IQOS2.4 Plus, Etui aus Leinen und\u2026\"}]},{\"@type\":\"WebSite\",\"@id\":\"https:\\\/\\\/marktxxl.de\\\/markt\\\/#website\",\"url\":\"https:\\\/\\\/marktxxl.de\\\/markt\\\/\",\"name\":\"Markt-XXL\",\"description\":\"Ihr Markt Online\",\"publisher\":{\"@id\":\"https:\\\/\\\/marktxxl.de\\\/markt\\\/#organization\"},\"potentialAction\":[{\"@type\":\"SearchAction\",\"target\":{\"@type\":\"EntryPoint\",\"urlTemplate\":\"https:\\\/\\\/marktxxl.de\\\/markt\\\/?s={search_term_string}\"},\"query-input\":{\"@type\":\"PropertyValueSpecification\",\"valueRequired\":true,\"valueName\":\"search_term_string\"}}],\"inLanguage\":\"de\"},{\"@type\":\"Organization\",\"@id\":\"https:\\\/\\\/marktxxl.de\\\/markt\\\/#organization\",\"name\":\"Markt-XXL\",\"url\":\"https:\\\/\\\/marktxxl.de\\\/markt\\\/\",\"logo\":{\"@type\":\"ImageObject\",\"inLanguage\":\"de\",\"@id\":\"https:\\\/\\\/marktxxl.de\\\/markt\\\/#\\\/schema\\\/logo\\\/image\\\/\",\"url\":\"https:\\\/\\\/marktxxl.de\\\/markt\\\/wp-content\\\/uploads\\\/sites\\\/3\\\/2020\\\/12\\\/logo.png\",\"contentUrl\":\"https:\\\/\\\/marktxxl.de\\\/markt\\\/wp-content\\\/uploads\\\/sites\\\/3\\\/2020\\\/12\\\/logo.png\",\"width\":200,\"height\":70,\"caption\":\"Markt-XXL\"},\"image\":{\"@id\":\"https:\\\/\\\/marktxxl.de\\\/markt\\\/#\\\/schema\\\/logo\\\/image\\\/\"}}]}<\/script>\n<!-- \/ Yoast SEO plugin. -->","yoast_head_json":{"title":"\u3010Phantasy\u3011Hochwertige Schutzh\u00fclle aus NAPPA Leder f\u00fcr IQOS 3 \/ IQOS 3 Duo \/ IQOS2.4 \/ IQOS2.4 Plus, Etui aus Leinen und\u2026 - Markt-XXL","description":"Markt-XXL \u3010Phantasy\u3011Hochwertige Schutzh\u00fclle aus NAPPA Leder f\u00fcr IQOS 3 \/ IQOS 3 Duo \/ IQOS2.4 \/ IQOS2.4 Plus, Etui aus Leinen und\u2026","robots":{"index":"index","follow":"follow","max-snippet":"max-snippet:-1","max-image-preview":"max-image-preview:large","max-video-preview":"max-video-preview:-1"},"canonical":"https:\/\/marktxxl.de\/markt\/produkt\/\u3010phantasy\u3011hochwertige-nappa-lederhuelle-fuer-iqos-3-iqos-3-duo-iqos2-4-iqos2-4-plus-stofftasche-und-pu-leder-organizer-iqos-cover-zigarettentasche-fuer-iqos\/","og_locale":"de_DE","og_type":"article","og_title":"\u3010Phantasy\u3011Hochwertige Schutzh\u00fclle aus NAPPA Leder f\u00fcr IQOS 3 \/ IQOS 3 Duo \/ IQOS2.4 \/ IQOS2.4 Plus, Etui aus Leinen und\u2026 - Markt-XXL","og_description":"Markt-XXL \u3010Phantasy\u3011Hochwertige Schutzh\u00fclle aus NAPPA Leder f\u00fcr IQOS 3 \/ IQOS 3 Duo \/ IQOS2.4 \/ IQOS2.4 Plus, Etui aus Leinen und\u2026","og_url":"https:\/\/marktxxl.de\/markt\/produkt\/\u3010phantasy\u3011hochwertige-nappa-lederhuelle-fuer-iqos-3-iqos-3-duo-iqos2-4-iqos2-4-plus-stofftasche-und-pu-leder-organizer-iqos-cover-zigarettentasche-fuer-iqos\/","og_site_name":"Markt-XXL","article_modified_time":"2023-04-09T01:06:29+00:00","og_image":[{"width":500,"height":500,"url":"https:\/\/m.media-amazon.com\/images\/I\/41mYYHm-jWL._SL500_.jpg","type":"image\/jpeg"}],"twitter_card":"summary_large_image","twitter_misc":{"Gesch\u00e4tzte Lesezeit":"1\u00a0Minute"},"schema":{"@context":"https:\/\/schema.org","@graph":[{"@type":"WebPage","@id":"https:\/\/marktxxl.de\/markt\/produkt\/%e3%80%90phantasy%e3%80%91hochwertige-nappa-lederhuelle-fuer-iqos-3-iqos-3-duo-iqos2-4-iqos2-4-plus-stofftasche-und-pu-leder-organizer-iqos-cover-zigarettentasche-fuer-iqos\/","url":"https:\/\/marktxxl.de\/markt\/produkt\/%e3%80%90phantasy%e3%80%91hochwertige-nappa-lederhuelle-fuer-iqos-3-iqos-3-duo-iqos2-4-iqos2-4-plus-stofftasche-und-pu-leder-organizer-iqos-cover-zigarettentasche-fuer-iqos\/","name":"\u3010Phantasy\u3011Hochwertige Schutzh\u00fclle aus NAPPA Leder f\u00fcr IQOS 3 \/ IQOS 3 Duo \/ IQOS2.4 \/ IQOS2.4 Plus, Etui aus Leinen und\u2026 - Markt-XXL","isPartOf":{"@id":"https:\/\/marktxxl.de\/markt\/#website"},"primaryImageOfPage":{"@id":"https:\/\/marktxxl.de\/markt\/produkt\/%e3%80%90phantasy%e3%80%91hochwertige-nappa-lederhuelle-fuer-iqos-3-iqos-3-duo-iqos2-4-iqos2-4-plus-stofftasche-und-pu-leder-organizer-iqos-cover-zigarettentasche-fuer-iqos\/#primaryimage"},"image":{"@id":"https:\/\/marktxxl.de\/markt\/produkt\/%e3%80%90phantasy%e3%80%91hochwertige-nappa-lederhuelle-fuer-iqos-3-iqos-3-duo-iqos2-4-iqos2-4-plus-stofftasche-und-pu-leder-organizer-iqos-cover-zigarettentasche-fuer-iqos\/#primaryimage"},"thumbnailUrl":"https:\/\/m.media-amazon.com\/images\/I\/41mYYHm-jWL._SL500_.jpg","datePublished":"2022-02-26T14:45:53+00:00","dateModified":"2023-04-09T01:06:29+00:00","description":"Markt-XXL \u3010Phantasy\u3011Hochwertige Schutzh\u00fclle aus NAPPA Leder f\u00fcr IQOS 3 \/ IQOS 3 Duo \/ IQOS2.4 \/ IQOS2.4 Plus, Etui aus Leinen und\u2026","breadcrumb":{"@id":"https:\/\/marktxxl.de\/markt\/produkt\/%e3%80%90phantasy%e3%80%91hochwertige-nappa-lederhuelle-fuer-iqos-3-iqos-3-duo-iqos2-4-iqos2-4-plus-stofftasche-und-pu-leder-organizer-iqos-cover-zigarettentasche-fuer-iqos\/#breadcrumb"},"inLanguage":"de","potentialAction":[{"@type":"ReadAction","target":["https:\/\/marktxxl.de\/markt\/produkt\/%e3%80%90phantasy%e3%80%91hochwertige-nappa-lederhuelle-fuer-iqos-3-iqos-3-duo-iqos2-4-iqos2-4-plus-stofftasche-und-pu-leder-organizer-iqos-cover-zigarettentasche-fuer-iqos\/"]}]},{"@type":"ImageObject","inLanguage":"de","@id":"https:\/\/marktxxl.de\/markt\/produkt\/%e3%80%90phantasy%e3%80%91hochwertige-nappa-lederhuelle-fuer-iqos-3-iqos-3-duo-iqos2-4-iqos2-4-plus-stofftasche-und-pu-leder-organizer-iqos-cover-zigarettentasche-fuer-iqos\/#primaryimage","url":"https:\/\/m.media-amazon.com\/images\/I\/41mYYHm-jWL._SL500_.jpg","contentUrl":"https:\/\/m.media-amazon.com\/images\/I\/41mYYHm-jWL._SL500_.jpg","width":500,"height":500},{"@type":"BreadcrumbList","@id":"https:\/\/marktxxl.de\/markt\/produkt\/%e3%80%90phantasy%e3%80%91hochwertige-nappa-lederhuelle-fuer-iqos-3-iqos-3-duo-iqos2-4-iqos2-4-plus-stofftasche-und-pu-leder-organizer-iqos-cover-zigarettentasche-fuer-iqos\/#breadcrumb","itemListElement":[{"@type":"ListItem","position":1,"name":"Startseite","item":"https:\/\/marktxxl.de\/markt\/"},{"@type":"ListItem","position":2,"name":"Markt","item":"https:\/\/marktxxl.de\/markt\/"},{"@type":"ListItem","position":3,"name":"\u3010Phantasy\u3011Hochwertige Schutzh\u00fclle aus NAPPA Leder f\u00fcr IQOS 3 \/ IQOS 3 Duo \/ IQOS2.4 \/ IQOS2.4 Plus, Etui aus Leinen und\u2026"}]},{"@type":"WebSite","@id":"https:\/\/marktxxl.de\/markt\/#website","url":"https:\/\/marktxxl.de\/markt\/","name":"Markt-XXL","description":"Ihr Markt Online","publisher":{"@id":"https:\/\/marktxxl.de\/markt\/#organization"},"potentialAction":[{"@type":"SearchAction","target":{"@type":"EntryPoint","urlTemplate":"https:\/\/marktxxl.de\/markt\/?s={search_term_string}"},"query-input":{"@type":"PropertyValueSpecification","valueRequired":true,"valueName":"search_term_string"}}],"inLanguage":"de"},{"@type":"Organization","@id":"https:\/\/marktxxl.de\/markt\/#organization","name":"Markt-XXL","url":"https:\/\/marktxxl.de\/markt\/","logo":{"@type":"ImageObject","inLanguage":"de","@id":"https:\/\/marktxxl.de\/markt\/#\/schema\/logo\/image\/","url":"https:\/\/marktxxl.de\/markt\/wp-content\/uploads\/sites\/3\/2020\/12\/logo.png","contentUrl":"https:\/\/marktxxl.de\/markt\/wp-content\/uploads\/sites\/3\/2020\/12\/logo.png","width":200,"height":70,"caption":"Markt-XXL"},"image":{"@id":"https:\/\/marktxxl.de\/markt\/#\/schema\/logo\/image\/"}}]}},"_links":{"self":[{"href":"https:\/\/marktxxl.de\/markt\/wp-json\/wp\/v2\/product\/106474","targetHints":{"allow":["GET"]}}],"collection":[{"href":"https:\/\/marktxxl.de\/markt\/wp-json\/wp\/v2\/product"}],"about":[{"href":"https:\/\/marktxxl.de\/markt\/wp-json\/wp\/v2\/types\/product"}],"replies":[{"embeddable":true,"href":"https:\/\/marktxxl.de\/markt\/wp-json\/wp\/v2\/comments?post=106474"}],"wp:featuredmedia":[{"embeddable":true,"href":"https:\/\/marktxxl.de\/markt\/wp-json\/wp\/v2\/media\/106475"}],"wp:attachment":[{"href":"https:\/\/marktxxl.de\/markt\/wp-json\/wp\/v2\/media?parent=106474"}],"wp:term":[{"taxonomy":"product_brand","embeddable":true,"href":"https:\/\/marktxxl.de\/markt\/wp-json\/wp\/v2\/product_brand?post=106474"},{"taxonomy":"product_cat","embeddable":true,"href":"https:\/\/marktxxl.de\/markt\/wp-json\/wp\/v2\/product_cat?post=106474"},{"taxonomy":"product_tag","embeddable":true,"href":"https:\/\/marktxxl.de\/markt\/wp-json\/wp\/v2\/product_tag?post=106474"}],"curies":[{"name":"wp","href":"https:\/\/api.w.org\/{rel}","templated":true}]}}