{"id":106426,"date":"2022-02-26T15:27:22","date_gmt":"2022-02-26T14:27:22","guid":{"rendered":"https:\/\/marktxxl.de\/markt\/produkt\/wonsar-schlafmaske-fuer-frauen-und-herren-100-lichtblockierende-schlafbrille-verstellbarem-3d-konturierte-schalen-augenmaske-weich-und-bequem-schlafmasken-fuer-reisenschichtarbeit-und-nickerchen\/"},"modified":"2023-04-09T03:06:28","modified_gmt":"2023-04-09T01:06:28","slug":"wonsar-schlafmaske-fuer-frauen-und-herren-100-lichtblockierende-schlafbrille-verstellbarem-3d-konturierte-schalen-augenmaske-weich-und-bequem-schlafmasken-fuer-reisenschichtarbeit-und-nickerchen","status":"publish","type":"product","link":"https:\/\/marktxxl.de\/markt\/produkt\/wonsar-schlafmaske-fuer-frauen-und-herren-100-lichtblockierende-schlafbrille-verstellbarem-3d-konturierte-schalen-augenmaske-weich-und-bequem-schlafmasken-fuer-reisenschichtarbeit-und-nickerchen\/","title":{"rendered":"WONSAR Schlafmaske f\u00fcr Frauen und Herren, 100% Lichtblockierende Schlafbrille, Verstellbarem 3D Konturierte Schalen\u2026"},"content":{"rendered":"<p>\u3010100% Lichtblockierung\u3011Wenn Sie ein extrem lichtempfindlicher Mensch sind und eine Schlafmaske suchen, die Ihnen eine v\u00f6llig dunkle und entspannende Ruheumgebung bietet, dann ist WONSAR Ihre erste Wahl. Basierend auf Ergonomie passt sich das Design des Nasenbereichs nat\u00fcrlich dem Nasenr\u00fccken an und blockiert effektiv das gesamte Licht von der Unterseite der Maske. Beseitigen Sie alle Lichtst\u00f6rungen und schaffen Sie eine v\u00f6llig dunkle Schlafumgebung.<br \/>\n\u30103D-konturiertes Design\u3011Im Gegensatz zu einer flachen Schlafmaske, die direkt auf Ihren Augenlidern aufliegt, \u00fcbt WONSAR Schlafbrille keinen Druck auf Ihre Augen aus. Das konkave Design bietet viel Platz f\u00fcr Ihre Augen zum Flattern und Bewegen und hilft Ihnen, schnell in den REM-Schlaf zu gelangen. Au\u00dferdem verschmiert es das Augen-Make-up nicht.<br \/>\n\u3010Weich, Leicht und Atmungsaktiv\u3011Die Augenmaske besteht aus hochwertigem Memory-Schwamm und superweichem Webstoff. Die ausgezeichnete Elastizit\u00e4t l\u00e4sst diese Schlafbinde ihre Form gut halten. Das Premium-Gewebe f\u00fchlt sich glatt, fusselfrei und lichtbest\u00e4ndig an. Wird keine Flecken auf Laken oder Kissen hinterlassen. Das superweiche Material l\u00e4sst dich vergessen, dass du eine Nachtmaske tr\u00e4gst.<br \/>\n\u3010Verstellbare Schnalle\u3011Der verstellbare Schnallenriemen ist f\u00fcr K\u00f6pfe aller Gr\u00f6\u00dfen und Formen geeignet. Einfach die richtige Straffheit zu bekommen und sich nie in Ihren Haaren zu verheddern. Das durchdachte Design erm\u00f6glicht einen erholsamen und erholsamen Schlaf in jeder von Ihnen bevorzugten Position!<br \/>\n\u3010Intimer Schlafbegleiter\u3011Zus\u00e4tzliches Zubeh\u00f6r: 2 Set Ohrst\u00f6psel und 1 Reisetasche. Idealer Begleiter f\u00fcr Ihre Reisen, Meditation, Yoga, Nickerchen, Schichtarbeit usw. Ruhen Sie sich jederzeit und \u00fcberall in der Dunkelheit aus. Dies wird auch ein r\u00fccksichtsvolles und intimes Geschenk f\u00fcr Familien und Freunde sein.<br \/>\n\u3010Lebenslange Garantie\u3011Probieren Sie es aus und f\u00fchlen Sie die superweiche und leichte Haptik wie eine Feder! Wenn Sie Fragen oder Unzufriedenheit mit unserem Augenschutz haben, k\u00f6nnen Sie uns gerne kontaktieren. Wir werden Ihnen innerhalb von 24 Stunden antworten und Sie erhalten sofort eine vollst\u00e4ndige R\u00fcckerstattung oder einen Ersatz.<br \/>\n<div class=\"main-cross-sell\" data-asin=\"B09HZKTVJS\">\n\n\t<div class=\"WooZone-cross-sell-loader\">\n\t\t<div>\n\t\t\t<div id=\"floatingBarsG\">\n\t\t\t\t<div class=\"blockG\" id=\"rotateG_01\"><\/div>\n\t\t\t\t<div class=\"blockG\" id=\"rotateG_02\"><\/div>\n\t\t\t\t<div class=\"blockG\" id=\"rotateG_03\"><\/div>\n\t\t\t\t<div class=\"blockG\" id=\"rotateG_04\"><\/div>\n\t\t\t\t<div class=\"blockG\" id=\"rotateG_05\"><\/div>\n\t\t\t\t<div class=\"blockG\" id=\"rotateG_06\"><\/div>\n\t\t\t\t<div class=\"blockG\" id=\"rotateG_07\"><\/div>\n\t\t\t\t<div class=\"blockG\" id=\"rotateG_08\"><\/div>\n\t\t\t<\/div>\n\t\t\t<div class=\"WooZone-cross-sell-loader-text\"><\/div>\n\t\t<\/div>\n\t<\/div>\n\n\t\t\n<\/div>\n<div style=\"clear:both;\"><\/div><\/p>\n","protected":false},"excerpt":{"rendered":"<p>\u3010100% Lichtblockierung\u3011Wenn Sie ein extrem lichtempfindlicher Mensch sind und eine Schlafmaske suchen, die Ihnen eine v\u00f6llig dunkle und entspannende Ruheumgebung bietet, dann ist WONSAR Ihre erste Wahl. Basierend auf Ergonomie passt sich das Design des Nasenbereichs nat\u00fcrlich dem Nasenr\u00fccken an und blockiert effektiv das gesamte Licht von der Unterseite der Maske. Beseitigen Sie alle Lichtst\u00f6rungen und schaffen Sie eine v\u00f6llig dunkle Schlafumgebung.<br \/>\n\u30103D-konturiertes Design\u3011Im Gegensatz zu einer flachen Schlafmaske, die direkt auf Ihren Augenlidern aufliegt, \u00fcbt WONSAR Schlafbrille keinen Druck auf Ihre Augen aus. Das konkave Design bietet viel Platz f\u00fcr Ihre Augen zum Flattern und Bewegen und hilft Ihnen, schnell in den REM-Schlaf zu gelangen. Au\u00dferdem verschmiert es das Augen-Make-up nicht.<br \/>\n\u3010Weich, Leicht und Atmungsaktiv\u3011Die Augenmaske besteht aus hochwertigem Memory-Schwamm und superweichem Webstoff. Die ausgezeichnete Elastizit\u00e4t l\u00e4sst diese Schlafbinde ihre Form gut halten. Das Premium-Gewebe f\u00fchlt sich glatt, fusselfrei und lichtbest\u00e4ndig an. Wird keine Flecken auf Laken oder Kissen hinterlassen. Das superweiche Material l\u00e4sst dich vergessen, dass du eine Nachtmaske tr\u00e4gst.<\/p>\n","protected":false},"featured_media":106427,"comment_status":"open","ping_status":"closed","template":"","meta":[],"product_brand":[],"product_cat":[566],"product_tag":[],"class_list":{"0":"post-106426","1":"product","2":"type-product","3":"status-publish","4":"has-post-thumbnail","6":"product_cat-drogerie-koerperpflege","7":"pa_brand-wonsar","8":"pa_manufacturer-wonsar","10":"first","11":"instock","12":"shipping-taxable","13":"purchasable","14":"product-type-simple","15":"customify-col","16":"product-has-gallery"},"yoast_head":"<!-- This site is optimized with the Yoast SEO plugin v27.4 - https:\/\/yoast.com\/product\/yoast-seo-wordpress\/ -->\n<title>WONSAR Schlafmaske f\u00fcr Frauen und Herren, 100% Lichtblockierende Schlafbrille, Verstellbarem 3D Konturierte Schalen\u2026 - Markt-XXL<\/title>\n<meta name=\"description\" content=\"Markt-XXL WONSAR Schlafmaske f\u00fcr Frauen und Herren, 100% Lichtblockierende Schlafbrille, Verstellbarem 3D Konturierte Schalen\u2026\" \/>\n<meta name=\"robots\" content=\"index, follow, max-snippet:-1, max-image-preview:large, max-video-preview:-1\" \/>\n<link rel=\"canonical\" href=\"https:\/\/marktxxl.de\/markt\/produkt\/wonsar-schlafmaske-fuer-frauen-und-herren-100-lichtblockierende-schlafbrille-verstellbarem-3d-konturierte-schalen-augenmaske-weich-und-bequem-schlafmasken-fuer-reisenschichtarbeit-und-nickerchen\/\" \/>\n<meta property=\"og:locale\" content=\"de_DE\" \/>\n<meta property=\"og:type\" content=\"article\" \/>\n<meta property=\"og:title\" content=\"WONSAR Schlafmaske f\u00fcr Frauen und Herren, 100% Lichtblockierende Schlafbrille, Verstellbarem 3D Konturierte Schalen\u2026 - Markt-XXL\" \/>\n<meta property=\"og:description\" content=\"Markt-XXL WONSAR Schlafmaske f\u00fcr Frauen und Herren, 100% Lichtblockierende Schlafbrille, Verstellbarem 3D Konturierte Schalen\u2026\" \/>\n<meta property=\"og:url\" content=\"https:\/\/marktxxl.de\/markt\/produkt\/wonsar-schlafmaske-fuer-frauen-und-herren-100-lichtblockierende-schlafbrille-verstellbarem-3d-konturierte-schalen-augenmaske-weich-und-bequem-schlafmasken-fuer-reisenschichtarbeit-und-nickerchen\/\" \/>\n<meta property=\"og:site_name\" content=\"Markt-XXL\" \/>\n<meta property=\"article:modified_time\" content=\"2023-04-09T01:06:28+00:00\" \/>\n<meta property=\"og:image\" content=\"https:\/\/m.media-amazon.com\/images\/I\/41Y+EGs9z1L._SL500_.jpg\" \/>\n\t<meta property=\"og:image:width\" content=\"500\" \/>\n\t<meta property=\"og:image:height\" content=\"500\" \/>\n\t<meta property=\"og:image:type\" content=\"image\/jpeg\" \/>\n<meta name=\"twitter:card\" content=\"summary_large_image\" \/>\n<meta name=\"twitter:label1\" content=\"Gesch\u00e4tzte Lesezeit\" \/>\n\t<meta name=\"twitter:data1\" content=\"2\u00a0Minuten\" \/>\n<script type=\"application\/ld+json\" class=\"yoast-schema-graph\">{\"@context\":\"https:\\\/\\\/schema.org\",\"@graph\":[{\"@type\":\"WebPage\",\"@id\":\"https:\\\/\\\/marktxxl.de\\\/markt\\\/produkt\\\/wonsar-schlafmaske-fuer-frauen-und-herren-100-lichtblockierende-schlafbrille-verstellbarem-3d-konturierte-schalen-augenmaske-weich-und-bequem-schlafmasken-fuer-reisenschichtarbeit-und-nickerchen\\\/\",\"url\":\"https:\\\/\\\/marktxxl.de\\\/markt\\\/produkt\\\/wonsar-schlafmaske-fuer-frauen-und-herren-100-lichtblockierende-schlafbrille-verstellbarem-3d-konturierte-schalen-augenmaske-weich-und-bequem-schlafmasken-fuer-reisenschichtarbeit-und-nickerchen\\\/\",\"name\":\"WONSAR Schlafmaske f\u00fcr Frauen und Herren, 100% Lichtblockierende Schlafbrille, Verstellbarem 3D Konturierte Schalen\u2026 - Markt-XXL\",\"isPartOf\":{\"@id\":\"https:\\\/\\\/marktxxl.de\\\/markt\\\/#website\"},\"primaryImageOfPage\":{\"@id\":\"https:\\\/\\\/marktxxl.de\\\/markt\\\/produkt\\\/wonsar-schlafmaske-fuer-frauen-und-herren-100-lichtblockierende-schlafbrille-verstellbarem-3d-konturierte-schalen-augenmaske-weich-und-bequem-schlafmasken-fuer-reisenschichtarbeit-und-nickerchen\\\/#primaryimage\"},\"image\":{\"@id\":\"https:\\\/\\\/marktxxl.de\\\/markt\\\/produkt\\\/wonsar-schlafmaske-fuer-frauen-und-herren-100-lichtblockierende-schlafbrille-verstellbarem-3d-konturierte-schalen-augenmaske-weich-und-bequem-schlafmasken-fuer-reisenschichtarbeit-und-nickerchen\\\/#primaryimage\"},\"thumbnailUrl\":\"https:\\\/\\\/m.media-amazon.com\\\/images\\\/I\\\/41Y+EGs9z1L._SL500_.jpg\",\"datePublished\":\"2022-02-26T14:27:22+00:00\",\"dateModified\":\"2023-04-09T01:06:28+00:00\",\"description\":\"Markt-XXL WONSAR Schlafmaske f\u00fcr Frauen und Herren, 100% Lichtblockierende Schlafbrille, Verstellbarem 3D Konturierte Schalen\u2026\",\"breadcrumb\":{\"@id\":\"https:\\\/\\\/marktxxl.de\\\/markt\\\/produkt\\\/wonsar-schlafmaske-fuer-frauen-und-herren-100-lichtblockierende-schlafbrille-verstellbarem-3d-konturierte-schalen-augenmaske-weich-und-bequem-schlafmasken-fuer-reisenschichtarbeit-und-nickerchen\\\/#breadcrumb\"},\"inLanguage\":\"de\",\"potentialAction\":[{\"@type\":\"ReadAction\",\"target\":[\"https:\\\/\\\/marktxxl.de\\\/markt\\\/produkt\\\/wonsar-schlafmaske-fuer-frauen-und-herren-100-lichtblockierende-schlafbrille-verstellbarem-3d-konturierte-schalen-augenmaske-weich-und-bequem-schlafmasken-fuer-reisenschichtarbeit-und-nickerchen\\\/\"]}]},{\"@type\":\"ImageObject\",\"inLanguage\":\"de\",\"@id\":\"https:\\\/\\\/marktxxl.de\\\/markt\\\/produkt\\\/wonsar-schlafmaske-fuer-frauen-und-herren-100-lichtblockierende-schlafbrille-verstellbarem-3d-konturierte-schalen-augenmaske-weich-und-bequem-schlafmasken-fuer-reisenschichtarbeit-und-nickerchen\\\/#primaryimage\",\"url\":\"https:\\\/\\\/m.media-amazon.com\\\/images\\\/I\\\/41Y+EGs9z1L._SL500_.jpg\",\"contentUrl\":\"https:\\\/\\\/m.media-amazon.com\\\/images\\\/I\\\/41Y+EGs9z1L._SL500_.jpg\",\"width\":500,\"height\":500},{\"@type\":\"BreadcrumbList\",\"@id\":\"https:\\\/\\\/marktxxl.de\\\/markt\\\/produkt\\\/wonsar-schlafmaske-fuer-frauen-und-herren-100-lichtblockierende-schlafbrille-verstellbarem-3d-konturierte-schalen-augenmaske-weich-und-bequem-schlafmasken-fuer-reisenschichtarbeit-und-nickerchen\\\/#breadcrumb\",\"itemListElement\":[{\"@type\":\"ListItem\",\"position\":1,\"name\":\"Startseite\",\"item\":\"https:\\\/\\\/marktxxl.de\\\/markt\\\/\"},{\"@type\":\"ListItem\",\"position\":2,\"name\":\"Markt\",\"item\":\"https:\\\/\\\/marktxxl.de\\\/markt\\\/\"},{\"@type\":\"ListItem\",\"position\":3,\"name\":\"WONSAR Schlafmaske f\u00fcr Frauen und Herren, 100% Lichtblockierende Schlafbrille, Verstellbarem 3D Konturierte Schalen\u2026\"}]},{\"@type\":\"WebSite\",\"@id\":\"https:\\\/\\\/marktxxl.de\\\/markt\\\/#website\",\"url\":\"https:\\\/\\\/marktxxl.de\\\/markt\\\/\",\"name\":\"Markt-XXL\",\"description\":\"Ihr Markt Online\",\"publisher\":{\"@id\":\"https:\\\/\\\/marktxxl.de\\\/markt\\\/#organization\"},\"potentialAction\":[{\"@type\":\"SearchAction\",\"target\":{\"@type\":\"EntryPoint\",\"urlTemplate\":\"https:\\\/\\\/marktxxl.de\\\/markt\\\/?s={search_term_string}\"},\"query-input\":{\"@type\":\"PropertyValueSpecification\",\"valueRequired\":true,\"valueName\":\"search_term_string\"}}],\"inLanguage\":\"de\"},{\"@type\":\"Organization\",\"@id\":\"https:\\\/\\\/marktxxl.de\\\/markt\\\/#organization\",\"name\":\"Markt-XXL\",\"url\":\"https:\\\/\\\/marktxxl.de\\\/markt\\\/\",\"logo\":{\"@type\":\"ImageObject\",\"inLanguage\":\"de\",\"@id\":\"https:\\\/\\\/marktxxl.de\\\/markt\\\/#\\\/schema\\\/logo\\\/image\\\/\",\"url\":\"https:\\\/\\\/marktxxl.de\\\/markt\\\/wp-content\\\/uploads\\\/sites\\\/3\\\/2020\\\/12\\\/logo.png\",\"contentUrl\":\"https:\\\/\\\/marktxxl.de\\\/markt\\\/wp-content\\\/uploads\\\/sites\\\/3\\\/2020\\\/12\\\/logo.png\",\"width\":200,\"height\":70,\"caption\":\"Markt-XXL\"},\"image\":{\"@id\":\"https:\\\/\\\/marktxxl.de\\\/markt\\\/#\\\/schema\\\/logo\\\/image\\\/\"}}]}<\/script>\n<!-- \/ Yoast SEO plugin. -->","yoast_head_json":{"title":"WONSAR Schlafmaske f\u00fcr Frauen und Herren, 100% Lichtblockierende Schlafbrille, Verstellbarem 3D Konturierte Schalen\u2026 - Markt-XXL","description":"Markt-XXL WONSAR Schlafmaske f\u00fcr Frauen und Herren, 100% Lichtblockierende Schlafbrille, Verstellbarem 3D Konturierte Schalen\u2026","robots":{"index":"index","follow":"follow","max-snippet":"max-snippet:-1","max-image-preview":"max-image-preview:large","max-video-preview":"max-video-preview:-1"},"canonical":"https:\/\/marktxxl.de\/markt\/produkt\/wonsar-schlafmaske-fuer-frauen-und-herren-100-lichtblockierende-schlafbrille-verstellbarem-3d-konturierte-schalen-augenmaske-weich-und-bequem-schlafmasken-fuer-reisenschichtarbeit-und-nickerchen\/","og_locale":"de_DE","og_type":"article","og_title":"WONSAR Schlafmaske f\u00fcr Frauen und Herren, 100% Lichtblockierende Schlafbrille, Verstellbarem 3D Konturierte Schalen\u2026 - Markt-XXL","og_description":"Markt-XXL WONSAR Schlafmaske f\u00fcr Frauen und Herren, 100% Lichtblockierende Schlafbrille, Verstellbarem 3D Konturierte Schalen\u2026","og_url":"https:\/\/marktxxl.de\/markt\/produkt\/wonsar-schlafmaske-fuer-frauen-und-herren-100-lichtblockierende-schlafbrille-verstellbarem-3d-konturierte-schalen-augenmaske-weich-und-bequem-schlafmasken-fuer-reisenschichtarbeit-und-nickerchen\/","og_site_name":"Markt-XXL","article_modified_time":"2023-04-09T01:06:28+00:00","og_image":[{"width":500,"height":500,"url":"https:\/\/m.media-amazon.com\/images\/I\/41Y+EGs9z1L._SL500_.jpg","type":"image\/jpeg"}],"twitter_card":"summary_large_image","twitter_misc":{"Gesch\u00e4tzte Lesezeit":"2\u00a0Minuten"},"schema":{"@context":"https:\/\/schema.org","@graph":[{"@type":"WebPage","@id":"https:\/\/marktxxl.de\/markt\/produkt\/wonsar-schlafmaske-fuer-frauen-und-herren-100-lichtblockierende-schlafbrille-verstellbarem-3d-konturierte-schalen-augenmaske-weich-und-bequem-schlafmasken-fuer-reisenschichtarbeit-und-nickerchen\/","url":"https:\/\/marktxxl.de\/markt\/produkt\/wonsar-schlafmaske-fuer-frauen-und-herren-100-lichtblockierende-schlafbrille-verstellbarem-3d-konturierte-schalen-augenmaske-weich-und-bequem-schlafmasken-fuer-reisenschichtarbeit-und-nickerchen\/","name":"WONSAR Schlafmaske f\u00fcr Frauen und Herren, 100% Lichtblockierende Schlafbrille, Verstellbarem 3D Konturierte Schalen\u2026 - Markt-XXL","isPartOf":{"@id":"https:\/\/marktxxl.de\/markt\/#website"},"primaryImageOfPage":{"@id":"https:\/\/marktxxl.de\/markt\/produkt\/wonsar-schlafmaske-fuer-frauen-und-herren-100-lichtblockierende-schlafbrille-verstellbarem-3d-konturierte-schalen-augenmaske-weich-und-bequem-schlafmasken-fuer-reisenschichtarbeit-und-nickerchen\/#primaryimage"},"image":{"@id":"https:\/\/marktxxl.de\/markt\/produkt\/wonsar-schlafmaske-fuer-frauen-und-herren-100-lichtblockierende-schlafbrille-verstellbarem-3d-konturierte-schalen-augenmaske-weich-und-bequem-schlafmasken-fuer-reisenschichtarbeit-und-nickerchen\/#primaryimage"},"thumbnailUrl":"https:\/\/m.media-amazon.com\/images\/I\/41Y+EGs9z1L._SL500_.jpg","datePublished":"2022-02-26T14:27:22+00:00","dateModified":"2023-04-09T01:06:28+00:00","description":"Markt-XXL WONSAR Schlafmaske f\u00fcr Frauen und Herren, 100% Lichtblockierende Schlafbrille, Verstellbarem 3D Konturierte Schalen\u2026","breadcrumb":{"@id":"https:\/\/marktxxl.de\/markt\/produkt\/wonsar-schlafmaske-fuer-frauen-und-herren-100-lichtblockierende-schlafbrille-verstellbarem-3d-konturierte-schalen-augenmaske-weich-und-bequem-schlafmasken-fuer-reisenschichtarbeit-und-nickerchen\/#breadcrumb"},"inLanguage":"de","potentialAction":[{"@type":"ReadAction","target":["https:\/\/marktxxl.de\/markt\/produkt\/wonsar-schlafmaske-fuer-frauen-und-herren-100-lichtblockierende-schlafbrille-verstellbarem-3d-konturierte-schalen-augenmaske-weich-und-bequem-schlafmasken-fuer-reisenschichtarbeit-und-nickerchen\/"]}]},{"@type":"ImageObject","inLanguage":"de","@id":"https:\/\/marktxxl.de\/markt\/produkt\/wonsar-schlafmaske-fuer-frauen-und-herren-100-lichtblockierende-schlafbrille-verstellbarem-3d-konturierte-schalen-augenmaske-weich-und-bequem-schlafmasken-fuer-reisenschichtarbeit-und-nickerchen\/#primaryimage","url":"https:\/\/m.media-amazon.com\/images\/I\/41Y+EGs9z1L._SL500_.jpg","contentUrl":"https:\/\/m.media-amazon.com\/images\/I\/41Y+EGs9z1L._SL500_.jpg","width":500,"height":500},{"@type":"BreadcrumbList","@id":"https:\/\/marktxxl.de\/markt\/produkt\/wonsar-schlafmaske-fuer-frauen-und-herren-100-lichtblockierende-schlafbrille-verstellbarem-3d-konturierte-schalen-augenmaske-weich-und-bequem-schlafmasken-fuer-reisenschichtarbeit-und-nickerchen\/#breadcrumb","itemListElement":[{"@type":"ListItem","position":1,"name":"Startseite","item":"https:\/\/marktxxl.de\/markt\/"},{"@type":"ListItem","position":2,"name":"Markt","item":"https:\/\/marktxxl.de\/markt\/"},{"@type":"ListItem","position":3,"name":"WONSAR Schlafmaske f\u00fcr Frauen und Herren, 100% Lichtblockierende Schlafbrille, Verstellbarem 3D Konturierte Schalen\u2026"}]},{"@type":"WebSite","@id":"https:\/\/marktxxl.de\/markt\/#website","url":"https:\/\/marktxxl.de\/markt\/","name":"Markt-XXL","description":"Ihr Markt Online","publisher":{"@id":"https:\/\/marktxxl.de\/markt\/#organization"},"potentialAction":[{"@type":"SearchAction","target":{"@type":"EntryPoint","urlTemplate":"https:\/\/marktxxl.de\/markt\/?s={search_term_string}"},"query-input":{"@type":"PropertyValueSpecification","valueRequired":true,"valueName":"search_term_string"}}],"inLanguage":"de"},{"@type":"Organization","@id":"https:\/\/marktxxl.de\/markt\/#organization","name":"Markt-XXL","url":"https:\/\/marktxxl.de\/markt\/","logo":{"@type":"ImageObject","inLanguage":"de","@id":"https:\/\/marktxxl.de\/markt\/#\/schema\/logo\/image\/","url":"https:\/\/marktxxl.de\/markt\/wp-content\/uploads\/sites\/3\/2020\/12\/logo.png","contentUrl":"https:\/\/marktxxl.de\/markt\/wp-content\/uploads\/sites\/3\/2020\/12\/logo.png","width":200,"height":70,"caption":"Markt-XXL"},"image":{"@id":"https:\/\/marktxxl.de\/markt\/#\/schema\/logo\/image\/"}}]}},"_links":{"self":[{"href":"https:\/\/marktxxl.de\/markt\/wp-json\/wp\/v2\/product\/106426","targetHints":{"allow":["GET"]}}],"collection":[{"href":"https:\/\/marktxxl.de\/markt\/wp-json\/wp\/v2\/product"}],"about":[{"href":"https:\/\/marktxxl.de\/markt\/wp-json\/wp\/v2\/types\/product"}],"replies":[{"embeddable":true,"href":"https:\/\/marktxxl.de\/markt\/wp-json\/wp\/v2\/comments?post=106426"}],"wp:featuredmedia":[{"embeddable":true,"href":"https:\/\/marktxxl.de\/markt\/wp-json\/wp\/v2\/media\/106427"}],"wp:attachment":[{"href":"https:\/\/marktxxl.de\/markt\/wp-json\/wp\/v2\/media?parent=106426"}],"wp:term":[{"taxonomy":"product_brand","embeddable":true,"href":"https:\/\/marktxxl.de\/markt\/wp-json\/wp\/v2\/product_brand?post=106426"},{"taxonomy":"product_cat","embeddable":true,"href":"https:\/\/marktxxl.de\/markt\/wp-json\/wp\/v2\/product_cat?post=106426"},{"taxonomy":"product_tag","embeddable":true,"href":"https:\/\/marktxxl.de\/markt\/wp-json\/wp\/v2\/product_tag?post=106426"}],"curies":[{"name":"wp","href":"https:\/\/api.w.org\/{rel}","templated":true}]}}