{"id":106403,"date":"2022-02-26T15:27:02","date_gmt":"2022-02-26T14:27:02","guid":{"rendered":"https:\/\/marktxxl.de\/markt\/produkt\/nasenhaartrimmer-nasenhaarschneider-ohrhaarschneider2-in-1-professioneller-nasentrimmer-schmerzfreier-herren-und-frauen-nasenhaarentferneripx7-wasserdichte-doppelklingenleicht-zu-reinigen\/"},"modified":"2023-04-09T03:06:28","modified_gmt":"2023-04-09T01:06:28","slug":"nasenhaartrimmer-nasenhaarschneider-ohrhaarschneider2-in-1-professioneller-nasentrimmer-schmerzfreier-herren-und-frauen-nasenhaarentferneripx7-wasserdichte-doppelklingenleicht-zu-reinigen","status":"publish","type":"product","link":"https:\/\/marktxxl.de\/markt\/produkt\/nasenhaartrimmer-nasenhaarschneider-ohrhaarschneider2-in-1-professioneller-nasentrimmer-schmerzfreier-herren-und-frauen-nasenhaarentferneripx7-wasserdichte-doppelklingenleicht-zu-reinigen\/","title":{"rendered":"Nasenhaartrimmer Nasenhaarschneider Ohrhaarschneider,2 in 1 Professioneller Nasentrimmer &#8211; Schmerzfreier Herren und\u2026"},"content":{"rendered":"<p>\u3010Multifunktional\u3011Ihre Nasen- und Ohrenhaare verdienen die beste Pflege. Der HANTOO Nasenhaartrimmer f\u00fcr M\u00e4nner hat alle Funktionen, die Sie f\u00fcr das Trimmen Ihrer Gesichtshaare ben\u00f6tigen. Mit HANTOO k\u00f6nnen Sie unerw\u00fcnschte Haare an Nase, Ohren, Augenbrauen und im Gesicht effektiv und bequem entfernen. Das One-Touch-Design erleichtert die Anwendung und ist sowohl f\u00fcr M\u00e4nner als auch f\u00fcr Frauen geeignet. Sie k\u00f6nnen jederzeit und \u00fcberall selbstbewusst auftreten.<br \/>\n\u3010Sicher und komfortabel\u3011Der HANTOO Nasenhaartrimmer verf\u00fcgt \u00fcber ein zweischneidiges Rotationsklingensystem mit einer Schutzabdeckung und einem internen 360\u00b0-Drehdesign f\u00fcr eine sanfte und pr\u00e4zise Haarentfernung ohne schmerzhaftes oder unangenehmes Ziehen. Er ist bequem und einfach zu bedienen. Lassen Sie sich bei der Arbeit oder bei einem Date von Ihrer besten Seite zeigen.<br \/>\n\u3010Ergonomisches Design\u3011Der HANTOO Nasenhaartrimmer wird von einem leistungsstarken Motor mit 8000 Umdrehungen pro Minute angetrieben, wodurch er pr\u00e4zise und schmerzlos zu bedienen ist. Der Ger\u00e4uschpegel betr\u00e4gt weniger als 60db, so dass Sie sich keine Sorgen machen m\u00fcssen, dass Sie Ihre Mitmenschen st\u00f6ren, wenn Sie das Ger\u00e4t benutzen. Wenn dem Trimmer die Energie ausgeht, k\u00f6nnen Sie ihn mit dem mitgelieferten USB-Ladekabel aufladen, so dass Sie den Akku nicht mehr austauschen m\u00fcssen.<br \/>\n\u3010Wasserdicht IPX7\u3011Der HANTOO Nasenhaartrimmer ist sowohl f\u00fcr den Nass- als auch f\u00fcr den Trockengebrauch konzipiert, so dass Sie die Nasenhaare in der Badewanne oder unter der Dusche trimmen oder an einem beruhigenden trockenen Ort verwenden k\u00f6nnen. Der abnehmbare Trimmerkopf ist leicht zu reinigen: Einfach den Kopf mit einer B\u00fcrste reinigen und unter flie\u00dfendem Wasser absp\u00fclen.<br \/>\n\u3010Ideales Geschenk\u3011Der HANTOO Nasenhaartrimmer ist kompakt und tragbar, perfekt zum Mitnehmen und Reisen. Das schlichte und klassische Design eignet sich perfekt als Geschenk f\u00fcr Ihre Freunde und Bekannten. Wenn Sie Fragen haben, k\u00f6nnen Sie uns gerne kontaktieren. Wir werden f\u00fcr Sie eine zufriedenstellende L\u00f6sung finden.<br \/>\n<div class=\"main-cross-sell\" data-asin=\"B09JRX2BDM\">\n\n\t<div class=\"WooZone-cross-sell-loader\">\n\t\t<div>\n\t\t\t<div id=\"floatingBarsG\">\n\t\t\t\t<div class=\"blockG\" id=\"rotateG_01\"><\/div>\n\t\t\t\t<div class=\"blockG\" id=\"rotateG_02\"><\/div>\n\t\t\t\t<div class=\"blockG\" id=\"rotateG_03\"><\/div>\n\t\t\t\t<div class=\"blockG\" id=\"rotateG_04\"><\/div>\n\t\t\t\t<div class=\"blockG\" id=\"rotateG_05\"><\/div>\n\t\t\t\t<div class=\"blockG\" id=\"rotateG_06\"><\/div>\n\t\t\t\t<div class=\"blockG\" id=\"rotateG_07\"><\/div>\n\t\t\t\t<div class=\"blockG\" id=\"rotateG_08\"><\/div>\n\t\t\t<\/div>\n\t\t\t<div class=\"WooZone-cross-sell-loader-text\"><\/div>\n\t\t<\/div>\n\t<\/div>\n\n\t\t\n<\/div>\n<div style=\"clear:both;\"><\/div><\/p>\n","protected":false},"excerpt":{"rendered":"<p>\u3010Multifunktional\u3011Ihre Nasen- und Ohrenhaare verdienen die beste Pflege. Der HANTOO Nasenhaartrimmer f\u00fcr M\u00e4nner hat alle Funktionen, die Sie f\u00fcr das Trimmen Ihrer Gesichtshaare ben\u00f6tigen. Mit HANTOO k\u00f6nnen Sie unerw\u00fcnschte Haare an Nase, Ohren, Augenbrauen und im Gesicht effektiv und bequem entfernen. Das One-Touch-Design erleichtert die Anwendung und ist sowohl f\u00fcr M\u00e4nner als auch f\u00fcr Frauen geeignet. Sie k\u00f6nnen jederzeit und \u00fcberall selbstbewusst auftreten.<br \/>\n\u3010Sicher und komfortabel\u3011Der HANTOO Nasenhaartrimmer verf\u00fcgt \u00fcber ein zweischneidiges Rotationsklingensystem mit einer Schutzabdeckung und einem internen 360\u00b0-Drehdesign f\u00fcr eine sanfte und pr\u00e4zise Haarentfernung ohne schmerzhaftes oder unangenehmes Ziehen. Er ist bequem und einfach zu bedienen. Lassen Sie sich bei der Arbeit oder bei einem Date von Ihrer besten Seite zeigen.<br \/>\n\u3010Ergonomisches Design\u3011Der HANTOO Nasenhaartrimmer wird von einem leistungsstarken Motor mit 8000 Umdrehungen pro Minute angetrieben, wodurch er pr\u00e4zise und schmerzlos zu bedienen ist. Der Ger\u00e4uschpegel betr\u00e4gt weniger als 60db, so dass Sie sich keine Sorgen machen m\u00fcssen, dass Sie Ihre Mitmenschen st\u00f6ren, wenn Sie das Ger\u00e4t benutzen. Wenn dem Trimmer die Energie ausgeht, k\u00f6nnen Sie ihn mit dem mitgelieferten USB-Ladekabel aufladen, so dass Sie den Akku nicht mehr austauschen m\u00fcssen.<\/p>\n","protected":false},"featured_media":106404,"comment_status":"open","ping_status":"closed","template":"","meta":[],"product_brand":[],"product_cat":[566],"product_tag":[],"class_list":{"0":"post-106403","1":"product","2":"type-product","3":"status-publish","4":"has-post-thumbnail","6":"product_cat-drogerie-koerperpflege","7":"pa_brand-hantoo","8":"pa_color-schwarz","9":"pa_manufacturer-hantoo","10":"pa_size-13-22-82-8","11":"pa_warranty-1-jahr","13":"first","14":"instock","15":"shipping-taxable","16":"purchasable","17":"product-type-simple","18":"customify-col","19":"product-has-gallery"},"yoast_head":"<!-- This site is optimized with the Yoast SEO plugin v27.4 - https:\/\/yoast.com\/product\/yoast-seo-wordpress\/ -->\n<title>Nasenhaartrimmer Nasenhaarschneider Ohrhaarschneider,2 in 1 Professioneller Nasentrimmer - Schmerzfreier Herren und\u2026 - Markt-XXL<\/title>\n<meta name=\"description\" content=\"Markt-XXL Nasenhaartrimmer Nasenhaarschneider Ohrhaarschneider,2 in 1 Professioneller Nasentrimmer - Schmerzfreier Herren und\u2026\" \/>\n<meta name=\"robots\" content=\"index, follow, max-snippet:-1, max-image-preview:large, max-video-preview:-1\" \/>\n<link rel=\"canonical\" href=\"https:\/\/marktxxl.de\/markt\/produkt\/nasenhaartrimmer-nasenhaarschneider-ohrhaarschneider2-in-1-professioneller-nasentrimmer-schmerzfreier-herren-und-frauen-nasenhaarentferneripx7-wasserdichte-doppelklingenleicht-zu-reinigen\/\" \/>\n<meta property=\"og:locale\" content=\"de_DE\" \/>\n<meta property=\"og:type\" content=\"article\" \/>\n<meta property=\"og:title\" content=\"Nasenhaartrimmer Nasenhaarschneider Ohrhaarschneider,2 in 1 Professioneller Nasentrimmer - Schmerzfreier Herren und\u2026 - Markt-XXL\" \/>\n<meta property=\"og:description\" content=\"Markt-XXL Nasenhaartrimmer Nasenhaarschneider Ohrhaarschneider,2 in 1 Professioneller Nasentrimmer - Schmerzfreier Herren und\u2026\" \/>\n<meta property=\"og:url\" content=\"https:\/\/marktxxl.de\/markt\/produkt\/nasenhaartrimmer-nasenhaarschneider-ohrhaarschneider2-in-1-professioneller-nasentrimmer-schmerzfreier-herren-und-frauen-nasenhaarentferneripx7-wasserdichte-doppelklingenleicht-zu-reinigen\/\" \/>\n<meta property=\"og:site_name\" content=\"Markt-XXL\" \/>\n<meta property=\"article:modified_time\" content=\"2023-04-09T01:06:28+00:00\" \/>\n<meta property=\"og:image\" content=\"https:\/\/m.media-amazon.com\/images\/I\/31b3x1KllFL._SL500_.jpg\" \/>\n\t<meta property=\"og:image:width\" content=\"500\" \/>\n\t<meta property=\"og:image:height\" content=\"500\" \/>\n\t<meta property=\"og:image:type\" content=\"image\/jpeg\" \/>\n<meta name=\"twitter:card\" content=\"summary_large_image\" \/>\n<meta name=\"twitter:label1\" content=\"Gesch\u00e4tzte Lesezeit\" \/>\n\t<meta name=\"twitter:data1\" content=\"2\u00a0Minuten\" \/>\n<script type=\"application\/ld+json\" class=\"yoast-schema-graph\">{\"@context\":\"https:\\\/\\\/schema.org\",\"@graph\":[{\"@type\":\"WebPage\",\"@id\":\"https:\\\/\\\/marktxxl.de\\\/markt\\\/produkt\\\/nasenhaartrimmer-nasenhaarschneider-ohrhaarschneider2-in-1-professioneller-nasentrimmer-schmerzfreier-herren-und-frauen-nasenhaarentferneripx7-wasserdichte-doppelklingenleicht-zu-reinigen\\\/\",\"url\":\"https:\\\/\\\/marktxxl.de\\\/markt\\\/produkt\\\/nasenhaartrimmer-nasenhaarschneider-ohrhaarschneider2-in-1-professioneller-nasentrimmer-schmerzfreier-herren-und-frauen-nasenhaarentferneripx7-wasserdichte-doppelklingenleicht-zu-reinigen\\\/\",\"name\":\"Nasenhaartrimmer Nasenhaarschneider Ohrhaarschneider,2 in 1 Professioneller Nasentrimmer - Schmerzfreier Herren und\u2026 - Markt-XXL\",\"isPartOf\":{\"@id\":\"https:\\\/\\\/marktxxl.de\\\/markt\\\/#website\"},\"primaryImageOfPage\":{\"@id\":\"https:\\\/\\\/marktxxl.de\\\/markt\\\/produkt\\\/nasenhaartrimmer-nasenhaarschneider-ohrhaarschneider2-in-1-professioneller-nasentrimmer-schmerzfreier-herren-und-frauen-nasenhaarentferneripx7-wasserdichte-doppelklingenleicht-zu-reinigen\\\/#primaryimage\"},\"image\":{\"@id\":\"https:\\\/\\\/marktxxl.de\\\/markt\\\/produkt\\\/nasenhaartrimmer-nasenhaarschneider-ohrhaarschneider2-in-1-professioneller-nasentrimmer-schmerzfreier-herren-und-frauen-nasenhaarentferneripx7-wasserdichte-doppelklingenleicht-zu-reinigen\\\/#primaryimage\"},\"thumbnailUrl\":\"https:\\\/\\\/m.media-amazon.com\\\/images\\\/I\\\/31b3x1KllFL._SL500_.jpg\",\"datePublished\":\"2022-02-26T14:27:02+00:00\",\"dateModified\":\"2023-04-09T01:06:28+00:00\",\"description\":\"Markt-XXL Nasenhaartrimmer Nasenhaarschneider Ohrhaarschneider,2 in 1 Professioneller Nasentrimmer - Schmerzfreier Herren und\u2026\",\"breadcrumb\":{\"@id\":\"https:\\\/\\\/marktxxl.de\\\/markt\\\/produkt\\\/nasenhaartrimmer-nasenhaarschneider-ohrhaarschneider2-in-1-professioneller-nasentrimmer-schmerzfreier-herren-und-frauen-nasenhaarentferneripx7-wasserdichte-doppelklingenleicht-zu-reinigen\\\/#breadcrumb\"},\"inLanguage\":\"de\",\"potentialAction\":[{\"@type\":\"ReadAction\",\"target\":[\"https:\\\/\\\/marktxxl.de\\\/markt\\\/produkt\\\/nasenhaartrimmer-nasenhaarschneider-ohrhaarschneider2-in-1-professioneller-nasentrimmer-schmerzfreier-herren-und-frauen-nasenhaarentferneripx7-wasserdichte-doppelklingenleicht-zu-reinigen\\\/\"]}]},{\"@type\":\"ImageObject\",\"inLanguage\":\"de\",\"@id\":\"https:\\\/\\\/marktxxl.de\\\/markt\\\/produkt\\\/nasenhaartrimmer-nasenhaarschneider-ohrhaarschneider2-in-1-professioneller-nasentrimmer-schmerzfreier-herren-und-frauen-nasenhaarentferneripx7-wasserdichte-doppelklingenleicht-zu-reinigen\\\/#primaryimage\",\"url\":\"https:\\\/\\\/m.media-amazon.com\\\/images\\\/I\\\/31b3x1KllFL._SL500_.jpg\",\"contentUrl\":\"https:\\\/\\\/m.media-amazon.com\\\/images\\\/I\\\/31b3x1KllFL._SL500_.jpg\",\"width\":500,\"height\":500},{\"@type\":\"BreadcrumbList\",\"@id\":\"https:\\\/\\\/marktxxl.de\\\/markt\\\/produkt\\\/nasenhaartrimmer-nasenhaarschneider-ohrhaarschneider2-in-1-professioneller-nasentrimmer-schmerzfreier-herren-und-frauen-nasenhaarentferneripx7-wasserdichte-doppelklingenleicht-zu-reinigen\\\/#breadcrumb\",\"itemListElement\":[{\"@type\":\"ListItem\",\"position\":1,\"name\":\"Startseite\",\"item\":\"https:\\\/\\\/marktxxl.de\\\/markt\\\/\"},{\"@type\":\"ListItem\",\"position\":2,\"name\":\"Markt\",\"item\":\"https:\\\/\\\/marktxxl.de\\\/markt\\\/\"},{\"@type\":\"ListItem\",\"position\":3,\"name\":\"Nasenhaartrimmer Nasenhaarschneider Ohrhaarschneider,2 in 1 Professioneller Nasentrimmer &#8211; Schmerzfreier Herren und\u2026\"}]},{\"@type\":\"WebSite\",\"@id\":\"https:\\\/\\\/marktxxl.de\\\/markt\\\/#website\",\"url\":\"https:\\\/\\\/marktxxl.de\\\/markt\\\/\",\"name\":\"Markt-XXL\",\"description\":\"Ihr Markt Online\",\"publisher\":{\"@id\":\"https:\\\/\\\/marktxxl.de\\\/markt\\\/#organization\"},\"potentialAction\":[{\"@type\":\"SearchAction\",\"target\":{\"@type\":\"EntryPoint\",\"urlTemplate\":\"https:\\\/\\\/marktxxl.de\\\/markt\\\/?s={search_term_string}\"},\"query-input\":{\"@type\":\"PropertyValueSpecification\",\"valueRequired\":true,\"valueName\":\"search_term_string\"}}],\"inLanguage\":\"de\"},{\"@type\":\"Organization\",\"@id\":\"https:\\\/\\\/marktxxl.de\\\/markt\\\/#organization\",\"name\":\"Markt-XXL\",\"url\":\"https:\\\/\\\/marktxxl.de\\\/markt\\\/\",\"logo\":{\"@type\":\"ImageObject\",\"inLanguage\":\"de\",\"@id\":\"https:\\\/\\\/marktxxl.de\\\/markt\\\/#\\\/schema\\\/logo\\\/image\\\/\",\"url\":\"https:\\\/\\\/marktxxl.de\\\/markt\\\/wp-content\\\/uploads\\\/sites\\\/3\\\/2020\\\/12\\\/logo.png\",\"contentUrl\":\"https:\\\/\\\/marktxxl.de\\\/markt\\\/wp-content\\\/uploads\\\/sites\\\/3\\\/2020\\\/12\\\/logo.png\",\"width\":200,\"height\":70,\"caption\":\"Markt-XXL\"},\"image\":{\"@id\":\"https:\\\/\\\/marktxxl.de\\\/markt\\\/#\\\/schema\\\/logo\\\/image\\\/\"}}]}<\/script>\n<!-- \/ Yoast SEO plugin. -->","yoast_head_json":{"title":"Nasenhaartrimmer Nasenhaarschneider Ohrhaarschneider,2 in 1 Professioneller Nasentrimmer - Schmerzfreier Herren und\u2026 - Markt-XXL","description":"Markt-XXL Nasenhaartrimmer Nasenhaarschneider Ohrhaarschneider,2 in 1 Professioneller Nasentrimmer - Schmerzfreier Herren und\u2026","robots":{"index":"index","follow":"follow","max-snippet":"max-snippet:-1","max-image-preview":"max-image-preview:large","max-video-preview":"max-video-preview:-1"},"canonical":"https:\/\/marktxxl.de\/markt\/produkt\/nasenhaartrimmer-nasenhaarschneider-ohrhaarschneider2-in-1-professioneller-nasentrimmer-schmerzfreier-herren-und-frauen-nasenhaarentferneripx7-wasserdichte-doppelklingenleicht-zu-reinigen\/","og_locale":"de_DE","og_type":"article","og_title":"Nasenhaartrimmer Nasenhaarschneider Ohrhaarschneider,2 in 1 Professioneller Nasentrimmer - Schmerzfreier Herren und\u2026 - Markt-XXL","og_description":"Markt-XXL Nasenhaartrimmer Nasenhaarschneider Ohrhaarschneider,2 in 1 Professioneller Nasentrimmer - Schmerzfreier Herren und\u2026","og_url":"https:\/\/marktxxl.de\/markt\/produkt\/nasenhaartrimmer-nasenhaarschneider-ohrhaarschneider2-in-1-professioneller-nasentrimmer-schmerzfreier-herren-und-frauen-nasenhaarentferneripx7-wasserdichte-doppelklingenleicht-zu-reinigen\/","og_site_name":"Markt-XXL","article_modified_time":"2023-04-09T01:06:28+00:00","og_image":[{"width":500,"height":500,"url":"https:\/\/m.media-amazon.com\/images\/I\/31b3x1KllFL._SL500_.jpg","type":"image\/jpeg"}],"twitter_card":"summary_large_image","twitter_misc":{"Gesch\u00e4tzte Lesezeit":"2\u00a0Minuten"},"schema":{"@context":"https:\/\/schema.org","@graph":[{"@type":"WebPage","@id":"https:\/\/marktxxl.de\/markt\/produkt\/nasenhaartrimmer-nasenhaarschneider-ohrhaarschneider2-in-1-professioneller-nasentrimmer-schmerzfreier-herren-und-frauen-nasenhaarentferneripx7-wasserdichte-doppelklingenleicht-zu-reinigen\/","url":"https:\/\/marktxxl.de\/markt\/produkt\/nasenhaartrimmer-nasenhaarschneider-ohrhaarschneider2-in-1-professioneller-nasentrimmer-schmerzfreier-herren-und-frauen-nasenhaarentferneripx7-wasserdichte-doppelklingenleicht-zu-reinigen\/","name":"Nasenhaartrimmer Nasenhaarschneider Ohrhaarschneider,2 in 1 Professioneller Nasentrimmer - Schmerzfreier Herren und\u2026 - Markt-XXL","isPartOf":{"@id":"https:\/\/marktxxl.de\/markt\/#website"},"primaryImageOfPage":{"@id":"https:\/\/marktxxl.de\/markt\/produkt\/nasenhaartrimmer-nasenhaarschneider-ohrhaarschneider2-in-1-professioneller-nasentrimmer-schmerzfreier-herren-und-frauen-nasenhaarentferneripx7-wasserdichte-doppelklingenleicht-zu-reinigen\/#primaryimage"},"image":{"@id":"https:\/\/marktxxl.de\/markt\/produkt\/nasenhaartrimmer-nasenhaarschneider-ohrhaarschneider2-in-1-professioneller-nasentrimmer-schmerzfreier-herren-und-frauen-nasenhaarentferneripx7-wasserdichte-doppelklingenleicht-zu-reinigen\/#primaryimage"},"thumbnailUrl":"https:\/\/m.media-amazon.com\/images\/I\/31b3x1KllFL._SL500_.jpg","datePublished":"2022-02-26T14:27:02+00:00","dateModified":"2023-04-09T01:06:28+00:00","description":"Markt-XXL Nasenhaartrimmer Nasenhaarschneider Ohrhaarschneider,2 in 1 Professioneller Nasentrimmer - Schmerzfreier Herren und\u2026","breadcrumb":{"@id":"https:\/\/marktxxl.de\/markt\/produkt\/nasenhaartrimmer-nasenhaarschneider-ohrhaarschneider2-in-1-professioneller-nasentrimmer-schmerzfreier-herren-und-frauen-nasenhaarentferneripx7-wasserdichte-doppelklingenleicht-zu-reinigen\/#breadcrumb"},"inLanguage":"de","potentialAction":[{"@type":"ReadAction","target":["https:\/\/marktxxl.de\/markt\/produkt\/nasenhaartrimmer-nasenhaarschneider-ohrhaarschneider2-in-1-professioneller-nasentrimmer-schmerzfreier-herren-und-frauen-nasenhaarentferneripx7-wasserdichte-doppelklingenleicht-zu-reinigen\/"]}]},{"@type":"ImageObject","inLanguage":"de","@id":"https:\/\/marktxxl.de\/markt\/produkt\/nasenhaartrimmer-nasenhaarschneider-ohrhaarschneider2-in-1-professioneller-nasentrimmer-schmerzfreier-herren-und-frauen-nasenhaarentferneripx7-wasserdichte-doppelklingenleicht-zu-reinigen\/#primaryimage","url":"https:\/\/m.media-amazon.com\/images\/I\/31b3x1KllFL._SL500_.jpg","contentUrl":"https:\/\/m.media-amazon.com\/images\/I\/31b3x1KllFL._SL500_.jpg","width":500,"height":500},{"@type":"BreadcrumbList","@id":"https:\/\/marktxxl.de\/markt\/produkt\/nasenhaartrimmer-nasenhaarschneider-ohrhaarschneider2-in-1-professioneller-nasentrimmer-schmerzfreier-herren-und-frauen-nasenhaarentferneripx7-wasserdichte-doppelklingenleicht-zu-reinigen\/#breadcrumb","itemListElement":[{"@type":"ListItem","position":1,"name":"Startseite","item":"https:\/\/marktxxl.de\/markt\/"},{"@type":"ListItem","position":2,"name":"Markt","item":"https:\/\/marktxxl.de\/markt\/"},{"@type":"ListItem","position":3,"name":"Nasenhaartrimmer Nasenhaarschneider Ohrhaarschneider,2 in 1 Professioneller Nasentrimmer &#8211; Schmerzfreier Herren und\u2026"}]},{"@type":"WebSite","@id":"https:\/\/marktxxl.de\/markt\/#website","url":"https:\/\/marktxxl.de\/markt\/","name":"Markt-XXL","description":"Ihr Markt Online","publisher":{"@id":"https:\/\/marktxxl.de\/markt\/#organization"},"potentialAction":[{"@type":"SearchAction","target":{"@type":"EntryPoint","urlTemplate":"https:\/\/marktxxl.de\/markt\/?s={search_term_string}"},"query-input":{"@type":"PropertyValueSpecification","valueRequired":true,"valueName":"search_term_string"}}],"inLanguage":"de"},{"@type":"Organization","@id":"https:\/\/marktxxl.de\/markt\/#organization","name":"Markt-XXL","url":"https:\/\/marktxxl.de\/markt\/","logo":{"@type":"ImageObject","inLanguage":"de","@id":"https:\/\/marktxxl.de\/markt\/#\/schema\/logo\/image\/","url":"https:\/\/marktxxl.de\/markt\/wp-content\/uploads\/sites\/3\/2020\/12\/logo.png","contentUrl":"https:\/\/marktxxl.de\/markt\/wp-content\/uploads\/sites\/3\/2020\/12\/logo.png","width":200,"height":70,"caption":"Markt-XXL"},"image":{"@id":"https:\/\/marktxxl.de\/markt\/#\/schema\/logo\/image\/"}}]}},"_links":{"self":[{"href":"https:\/\/marktxxl.de\/markt\/wp-json\/wp\/v2\/product\/106403","targetHints":{"allow":["GET"]}}],"collection":[{"href":"https:\/\/marktxxl.de\/markt\/wp-json\/wp\/v2\/product"}],"about":[{"href":"https:\/\/marktxxl.de\/markt\/wp-json\/wp\/v2\/types\/product"}],"replies":[{"embeddable":true,"href":"https:\/\/marktxxl.de\/markt\/wp-json\/wp\/v2\/comments?post=106403"}],"wp:featuredmedia":[{"embeddable":true,"href":"https:\/\/marktxxl.de\/markt\/wp-json\/wp\/v2\/media\/106404"}],"wp:attachment":[{"href":"https:\/\/marktxxl.de\/markt\/wp-json\/wp\/v2\/media?parent=106403"}],"wp:term":[{"taxonomy":"product_brand","embeddable":true,"href":"https:\/\/marktxxl.de\/markt\/wp-json\/wp\/v2\/product_brand?post=106403"},{"taxonomy":"product_cat","embeddable":true,"href":"https:\/\/marktxxl.de\/markt\/wp-json\/wp\/v2\/product_cat?post=106403"},{"taxonomy":"product_tag","embeddable":true,"href":"https:\/\/marktxxl.de\/markt\/wp-json\/wp\/v2\/product_tag?post=106403"}],"curies":[{"name":"wp","href":"https:\/\/api.w.org\/{rel}","templated":true}]}}