{"id":106354,"date":"2022-02-26T15:24:38","date_gmt":"2022-02-26T14:24:38","guid":{"rendered":"https:\/\/marktxxl.de\/markt\/produkt\/72-stueck-buntstifte-fuer-erwachsene-kuenstler-kinder-zeichnen-bleistifte-profi-art-set-oelbasierten-gemischten-und-bruchgeschuetzten-farben-zum-kolorieren-von-zeichnen-schreiben-malbuecher\/"},"modified":"2023-04-09T03:06:27","modified_gmt":"2023-04-09T01:06:27","slug":"72-stueck-buntstifte-fuer-erwachsene-kuenstler-kinder-zeichnen-bleistifte-profi-art-set-oelbasierten-gemischten-und-bruchgeschuetzten-farben-zum-kolorieren-von-zeichnen-schreiben-malbuecher","status":"publish","type":"product","link":"https:\/\/marktxxl.de\/markt\/produkt\/72-stueck-buntstifte-fuer-erwachsene-kuenstler-kinder-zeichnen-bleistifte-profi-art-set-oelbasierten-gemischten-und-bruchgeschuetzten-farben-zum-kolorieren-von-zeichnen-schreiben-malbuecher\/","title":{"rendered":"72 St\u00fcck Buntstifte f\u00fcr Erwachsene K\u00fcnstler Kinder, Zeichnen Bleistifte Profi Art Set, \u00d6lbasierten gemischten und\u2026"},"content":{"rendered":"<p>1. BOLD UND SCH\u00d6NE FARBEN: 72 Farben Buntstifte, die gut ausgew\u00e4hlt wurden, haben definitiv keine Duplikate und sorgen daf\u00fcr, dass Sie erstaunliche Kunstwerke mit lebendigen Buntstiften erstellen.<br \/>\n2. BLEISTIFTE F\u00dcR ERWACHSENE UND KINDER: Diese Buntstifte f\u00fcr Erwachsene sind bunt zum Skizzieren und Kritzeln und auch perfekt f\u00fcr Kindermalb\u00fccher. Es ist in verschiedenen leuchtenden Farben erh\u00e4ltlich, ungiftig und f\u00fcr Kinder sicher.<br \/>\n3. PREMIUM-KONSTRUKTION: Die robusten, komfortablen Barrels sch\u00fctzen die weichen, bruchfesten Kerne. Sie sch\u00e4rfen leicht und funktionieren jedes Mal hervorragend.<br \/>\n4. STILVOLLE REISETASCHE MIT ZIP-UP: Alle 72 Bleistifte sind in einem robusten Rei\u00dfverschlussetui aus Stoff untergebracht, um sicherzustellen, dass sie gesch\u00fctzt und einfach zu verstauen sind. Dies macht es zu einer perfekten Wahl f\u00fcr diejenigen, die auch unterwegs gerne kreativ sind, da das Kit leicht und tragbar ist und auf Reisen verwendet werden kann.<br \/>\n5. PERFEKTES GESCHENK: Dies ist ein wunderbares Buntstiftset f\u00fcr professionelle K\u00fcnstler, Skizzierer, Kinder, Kunstbegeisterte, Studenten zum Geburtstag, Weihnachten, Schulanfang oder an anderen besonderen Tagen.<br \/>\n<div class=\"main-cross-sell\" data-asin=\"B096DJCV8G\">\n\n\t<div class=\"WooZone-cross-sell-loader\">\n\t\t<div>\n\t\t\t<div id=\"floatingBarsG\">\n\t\t\t\t<div class=\"blockG\" id=\"rotateG_01\"><\/div>\n\t\t\t\t<div class=\"blockG\" id=\"rotateG_02\"><\/div>\n\t\t\t\t<div class=\"blockG\" id=\"rotateG_03\"><\/div>\n\t\t\t\t<div class=\"blockG\" id=\"rotateG_04\"><\/div>\n\t\t\t\t<div class=\"blockG\" id=\"rotateG_05\"><\/div>\n\t\t\t\t<div class=\"blockG\" id=\"rotateG_06\"><\/div>\n\t\t\t\t<div class=\"blockG\" id=\"rotateG_07\"><\/div>\n\t\t\t\t<div class=\"blockG\" id=\"rotateG_08\"><\/div>\n\t\t\t<\/div>\n\t\t\t<div class=\"WooZone-cross-sell-loader-text\"><\/div>\n\t\t<\/div>\n\t<\/div>\n\n\t\t\n<\/div>\n<div style=\"clear:both;\"><\/div><\/p>\n","protected":false},"excerpt":{"rendered":"<p>1. BOLD UND SCH\u00d6NE FARBEN: 72 Farben Buntstifte, die gut ausgew\u00e4hlt wurden, haben definitiv keine Duplikate und sorgen daf\u00fcr, dass Sie erstaunliche Kunstwerke mit lebendigen Buntstiften erstellen.<br \/>\n2. BLEISTIFTE F\u00dcR ERWACHSENE UND KINDER: Diese Buntstifte f\u00fcr Erwachsene sind bunt zum Skizzieren und Kritzeln und auch perfekt f\u00fcr Kindermalb\u00fccher. Es ist in verschiedenen leuchtenden Farben erh\u00e4ltlich, ungiftig und f\u00fcr Kinder sicher.<br \/>\n3. PREMIUM-KONSTRUKTION: Die robusten, komfortablen Barrels sch\u00fctzen die weichen, bruchfesten Kerne. Sie sch\u00e4rfen leicht und funktionieren jedes Mal hervorragend.<\/p>\n","protected":false},"featured_media":106355,"comment_status":"open","ping_status":"closed","template":"","meta":[],"product_brand":[],"product_cat":[504,8482],"product_tag":[],"class_list":{"0":"post-106354","1":"product","2":"type-product","3":"status-publish","4":"has-post-thumbnail","6":"product_cat-buerobedarf-schreibwaren","7":"product_cat-kuenstler-bastelbedarf","8":"pa_brand-zeybe","9":"pa_height-1-574803148-zoll","10":"pa_length-11-417322823-zoll","11":"pa_manufacturer-zeybe","12":"pa_size-72-stueck-1er-pack","13":"pa_width-8-267716527-zoll","15":"first","16":"instock","17":"shipping-taxable","18":"purchasable","19":"product-type-simple","20":"customify-col","21":"product-has-gallery"},"yoast_head":"<!-- This site is optimized with the Yoast SEO plugin v27.4 - https:\/\/yoast.com\/product\/yoast-seo-wordpress\/ -->\n<title>72 St\u00fcck Buntstifte f\u00fcr Erwachsene K\u00fcnstler Kinder, Zeichnen Bleistifte Profi Art Set, \u00d6lbasierten gemischten und\u2026 - Markt-XXL<\/title>\n<meta name=\"description\" content=\"Markt-XXL 72 St\u00fcck Buntstifte f\u00fcr Erwachsene K\u00fcnstler Kinder, Zeichnen Bleistifte Profi Art Set, \u00d6lbasierten gemischten und\u2026\" \/>\n<meta name=\"robots\" content=\"index, follow, max-snippet:-1, max-image-preview:large, max-video-preview:-1\" \/>\n<link rel=\"canonical\" href=\"https:\/\/marktxxl.de\/markt\/produkt\/72-stueck-buntstifte-fuer-erwachsene-kuenstler-kinder-zeichnen-bleistifte-profi-art-set-oelbasierten-gemischten-und-bruchgeschuetzten-farben-zum-kolorieren-von-zeichnen-schreiben-malbuecher\/\" \/>\n<meta property=\"og:locale\" content=\"de_DE\" \/>\n<meta property=\"og:type\" content=\"article\" \/>\n<meta property=\"og:title\" content=\"72 St\u00fcck Buntstifte f\u00fcr Erwachsene K\u00fcnstler Kinder, Zeichnen Bleistifte Profi Art Set, \u00d6lbasierten gemischten und\u2026 - Markt-XXL\" \/>\n<meta property=\"og:description\" content=\"Markt-XXL 72 St\u00fcck Buntstifte f\u00fcr Erwachsene K\u00fcnstler Kinder, Zeichnen Bleistifte Profi Art Set, \u00d6lbasierten gemischten und\u2026\" \/>\n<meta property=\"og:url\" content=\"https:\/\/marktxxl.de\/markt\/produkt\/72-stueck-buntstifte-fuer-erwachsene-kuenstler-kinder-zeichnen-bleistifte-profi-art-set-oelbasierten-gemischten-und-bruchgeschuetzten-farben-zum-kolorieren-von-zeichnen-schreiben-malbuecher\/\" \/>\n<meta property=\"og:site_name\" content=\"Markt-XXL\" \/>\n<meta property=\"article:modified_time\" content=\"2023-04-09T01:06:27+00:00\" \/>\n<meta property=\"og:image\" content=\"https:\/\/m.media-amazon.com\/images\/I\/61meFI61P9S._SL500_.jpg\" \/>\n\t<meta property=\"og:image:width\" content=\"500\" \/>\n\t<meta property=\"og:image:height\" content=\"500\" \/>\n\t<meta property=\"og:image:type\" content=\"image\/jpeg\" \/>\n<meta name=\"twitter:card\" content=\"summary_large_image\" \/>\n<meta name=\"twitter:label1\" content=\"Gesch\u00e4tzte Lesezeit\" \/>\n\t<meta name=\"twitter:data1\" content=\"1\u00a0Minute\" \/>\n<script type=\"application\/ld+json\" class=\"yoast-schema-graph\">{\"@context\":\"https:\\\/\\\/schema.org\",\"@graph\":[{\"@type\":\"WebPage\",\"@id\":\"https:\\\/\\\/marktxxl.de\\\/markt\\\/produkt\\\/72-stueck-buntstifte-fuer-erwachsene-kuenstler-kinder-zeichnen-bleistifte-profi-art-set-oelbasierten-gemischten-und-bruchgeschuetzten-farben-zum-kolorieren-von-zeichnen-schreiben-malbuecher\\\/\",\"url\":\"https:\\\/\\\/marktxxl.de\\\/markt\\\/produkt\\\/72-stueck-buntstifte-fuer-erwachsene-kuenstler-kinder-zeichnen-bleistifte-profi-art-set-oelbasierten-gemischten-und-bruchgeschuetzten-farben-zum-kolorieren-von-zeichnen-schreiben-malbuecher\\\/\",\"name\":\"72 St\u00fcck Buntstifte f\u00fcr Erwachsene K\u00fcnstler Kinder, Zeichnen Bleistifte Profi Art Set, \u00d6lbasierten gemischten und\u2026 - Markt-XXL\",\"isPartOf\":{\"@id\":\"https:\\\/\\\/marktxxl.de\\\/markt\\\/#website\"},\"primaryImageOfPage\":{\"@id\":\"https:\\\/\\\/marktxxl.de\\\/markt\\\/produkt\\\/72-stueck-buntstifte-fuer-erwachsene-kuenstler-kinder-zeichnen-bleistifte-profi-art-set-oelbasierten-gemischten-und-bruchgeschuetzten-farben-zum-kolorieren-von-zeichnen-schreiben-malbuecher\\\/#primaryimage\"},\"image\":{\"@id\":\"https:\\\/\\\/marktxxl.de\\\/markt\\\/produkt\\\/72-stueck-buntstifte-fuer-erwachsene-kuenstler-kinder-zeichnen-bleistifte-profi-art-set-oelbasierten-gemischten-und-bruchgeschuetzten-farben-zum-kolorieren-von-zeichnen-schreiben-malbuecher\\\/#primaryimage\"},\"thumbnailUrl\":\"https:\\\/\\\/m.media-amazon.com\\\/images\\\/I\\\/61meFI61P9S._SL500_.jpg\",\"datePublished\":\"2022-02-26T14:24:38+00:00\",\"dateModified\":\"2023-04-09T01:06:27+00:00\",\"description\":\"Markt-XXL 72 St\u00fcck Buntstifte f\u00fcr Erwachsene K\u00fcnstler Kinder, Zeichnen Bleistifte Profi Art Set, \u00d6lbasierten gemischten und\u2026\",\"breadcrumb\":{\"@id\":\"https:\\\/\\\/marktxxl.de\\\/markt\\\/produkt\\\/72-stueck-buntstifte-fuer-erwachsene-kuenstler-kinder-zeichnen-bleistifte-profi-art-set-oelbasierten-gemischten-und-bruchgeschuetzten-farben-zum-kolorieren-von-zeichnen-schreiben-malbuecher\\\/#breadcrumb\"},\"inLanguage\":\"de\",\"potentialAction\":[{\"@type\":\"ReadAction\",\"target\":[\"https:\\\/\\\/marktxxl.de\\\/markt\\\/produkt\\\/72-stueck-buntstifte-fuer-erwachsene-kuenstler-kinder-zeichnen-bleistifte-profi-art-set-oelbasierten-gemischten-und-bruchgeschuetzten-farben-zum-kolorieren-von-zeichnen-schreiben-malbuecher\\\/\"]}]},{\"@type\":\"ImageObject\",\"inLanguage\":\"de\",\"@id\":\"https:\\\/\\\/marktxxl.de\\\/markt\\\/produkt\\\/72-stueck-buntstifte-fuer-erwachsene-kuenstler-kinder-zeichnen-bleistifte-profi-art-set-oelbasierten-gemischten-und-bruchgeschuetzten-farben-zum-kolorieren-von-zeichnen-schreiben-malbuecher\\\/#primaryimage\",\"url\":\"https:\\\/\\\/m.media-amazon.com\\\/images\\\/I\\\/61meFI61P9S._SL500_.jpg\",\"contentUrl\":\"https:\\\/\\\/m.media-amazon.com\\\/images\\\/I\\\/61meFI61P9S._SL500_.jpg\",\"width\":500,\"height\":500},{\"@type\":\"BreadcrumbList\",\"@id\":\"https:\\\/\\\/marktxxl.de\\\/markt\\\/produkt\\\/72-stueck-buntstifte-fuer-erwachsene-kuenstler-kinder-zeichnen-bleistifte-profi-art-set-oelbasierten-gemischten-und-bruchgeschuetzten-farben-zum-kolorieren-von-zeichnen-schreiben-malbuecher\\\/#breadcrumb\",\"itemListElement\":[{\"@type\":\"ListItem\",\"position\":1,\"name\":\"Startseite\",\"item\":\"https:\\\/\\\/marktxxl.de\\\/markt\\\/\"},{\"@type\":\"ListItem\",\"position\":2,\"name\":\"Markt\",\"item\":\"https:\\\/\\\/marktxxl.de\\\/markt\\\/\"},{\"@type\":\"ListItem\",\"position\":3,\"name\":\"72 St\u00fcck Buntstifte f\u00fcr Erwachsene K\u00fcnstler Kinder, Zeichnen Bleistifte Profi Art Set, \u00d6lbasierten gemischten und\u2026\"}]},{\"@type\":\"WebSite\",\"@id\":\"https:\\\/\\\/marktxxl.de\\\/markt\\\/#website\",\"url\":\"https:\\\/\\\/marktxxl.de\\\/markt\\\/\",\"name\":\"Markt-XXL\",\"description\":\"Ihr Markt Online\",\"publisher\":{\"@id\":\"https:\\\/\\\/marktxxl.de\\\/markt\\\/#organization\"},\"potentialAction\":[{\"@type\":\"SearchAction\",\"target\":{\"@type\":\"EntryPoint\",\"urlTemplate\":\"https:\\\/\\\/marktxxl.de\\\/markt\\\/?s={search_term_string}\"},\"query-input\":{\"@type\":\"PropertyValueSpecification\",\"valueRequired\":true,\"valueName\":\"search_term_string\"}}],\"inLanguage\":\"de\"},{\"@type\":\"Organization\",\"@id\":\"https:\\\/\\\/marktxxl.de\\\/markt\\\/#organization\",\"name\":\"Markt-XXL\",\"url\":\"https:\\\/\\\/marktxxl.de\\\/markt\\\/\",\"logo\":{\"@type\":\"ImageObject\",\"inLanguage\":\"de\",\"@id\":\"https:\\\/\\\/marktxxl.de\\\/markt\\\/#\\\/schema\\\/logo\\\/image\\\/\",\"url\":\"https:\\\/\\\/marktxxl.de\\\/markt\\\/wp-content\\\/uploads\\\/sites\\\/3\\\/2020\\\/12\\\/logo.png\",\"contentUrl\":\"https:\\\/\\\/marktxxl.de\\\/markt\\\/wp-content\\\/uploads\\\/sites\\\/3\\\/2020\\\/12\\\/logo.png\",\"width\":200,\"height\":70,\"caption\":\"Markt-XXL\"},\"image\":{\"@id\":\"https:\\\/\\\/marktxxl.de\\\/markt\\\/#\\\/schema\\\/logo\\\/image\\\/\"}}]}<\/script>\n<!-- \/ Yoast SEO plugin. -->","yoast_head_json":{"title":"72 St\u00fcck Buntstifte f\u00fcr Erwachsene K\u00fcnstler Kinder, Zeichnen Bleistifte Profi Art Set, \u00d6lbasierten gemischten und\u2026 - Markt-XXL","description":"Markt-XXL 72 St\u00fcck Buntstifte f\u00fcr Erwachsene K\u00fcnstler Kinder, Zeichnen Bleistifte Profi Art Set, \u00d6lbasierten gemischten und\u2026","robots":{"index":"index","follow":"follow","max-snippet":"max-snippet:-1","max-image-preview":"max-image-preview:large","max-video-preview":"max-video-preview:-1"},"canonical":"https:\/\/marktxxl.de\/markt\/produkt\/72-stueck-buntstifte-fuer-erwachsene-kuenstler-kinder-zeichnen-bleistifte-profi-art-set-oelbasierten-gemischten-und-bruchgeschuetzten-farben-zum-kolorieren-von-zeichnen-schreiben-malbuecher\/","og_locale":"de_DE","og_type":"article","og_title":"72 St\u00fcck Buntstifte f\u00fcr Erwachsene K\u00fcnstler Kinder, Zeichnen Bleistifte Profi Art Set, \u00d6lbasierten gemischten und\u2026 - Markt-XXL","og_description":"Markt-XXL 72 St\u00fcck Buntstifte f\u00fcr Erwachsene K\u00fcnstler Kinder, Zeichnen Bleistifte Profi Art Set, \u00d6lbasierten gemischten und\u2026","og_url":"https:\/\/marktxxl.de\/markt\/produkt\/72-stueck-buntstifte-fuer-erwachsene-kuenstler-kinder-zeichnen-bleistifte-profi-art-set-oelbasierten-gemischten-und-bruchgeschuetzten-farben-zum-kolorieren-von-zeichnen-schreiben-malbuecher\/","og_site_name":"Markt-XXL","article_modified_time":"2023-04-09T01:06:27+00:00","og_image":[{"width":500,"height":500,"url":"https:\/\/m.media-amazon.com\/images\/I\/61meFI61P9S._SL500_.jpg","type":"image\/jpeg"}],"twitter_card":"summary_large_image","twitter_misc":{"Gesch\u00e4tzte Lesezeit":"1\u00a0Minute"},"schema":{"@context":"https:\/\/schema.org","@graph":[{"@type":"WebPage","@id":"https:\/\/marktxxl.de\/markt\/produkt\/72-stueck-buntstifte-fuer-erwachsene-kuenstler-kinder-zeichnen-bleistifte-profi-art-set-oelbasierten-gemischten-und-bruchgeschuetzten-farben-zum-kolorieren-von-zeichnen-schreiben-malbuecher\/","url":"https:\/\/marktxxl.de\/markt\/produkt\/72-stueck-buntstifte-fuer-erwachsene-kuenstler-kinder-zeichnen-bleistifte-profi-art-set-oelbasierten-gemischten-und-bruchgeschuetzten-farben-zum-kolorieren-von-zeichnen-schreiben-malbuecher\/","name":"72 St\u00fcck Buntstifte f\u00fcr Erwachsene K\u00fcnstler Kinder, Zeichnen Bleistifte Profi Art Set, \u00d6lbasierten gemischten und\u2026 - Markt-XXL","isPartOf":{"@id":"https:\/\/marktxxl.de\/markt\/#website"},"primaryImageOfPage":{"@id":"https:\/\/marktxxl.de\/markt\/produkt\/72-stueck-buntstifte-fuer-erwachsene-kuenstler-kinder-zeichnen-bleistifte-profi-art-set-oelbasierten-gemischten-und-bruchgeschuetzten-farben-zum-kolorieren-von-zeichnen-schreiben-malbuecher\/#primaryimage"},"image":{"@id":"https:\/\/marktxxl.de\/markt\/produkt\/72-stueck-buntstifte-fuer-erwachsene-kuenstler-kinder-zeichnen-bleistifte-profi-art-set-oelbasierten-gemischten-und-bruchgeschuetzten-farben-zum-kolorieren-von-zeichnen-schreiben-malbuecher\/#primaryimage"},"thumbnailUrl":"https:\/\/m.media-amazon.com\/images\/I\/61meFI61P9S._SL500_.jpg","datePublished":"2022-02-26T14:24:38+00:00","dateModified":"2023-04-09T01:06:27+00:00","description":"Markt-XXL 72 St\u00fcck Buntstifte f\u00fcr Erwachsene K\u00fcnstler Kinder, Zeichnen Bleistifte Profi Art Set, \u00d6lbasierten gemischten und\u2026","breadcrumb":{"@id":"https:\/\/marktxxl.de\/markt\/produkt\/72-stueck-buntstifte-fuer-erwachsene-kuenstler-kinder-zeichnen-bleistifte-profi-art-set-oelbasierten-gemischten-und-bruchgeschuetzten-farben-zum-kolorieren-von-zeichnen-schreiben-malbuecher\/#breadcrumb"},"inLanguage":"de","potentialAction":[{"@type":"ReadAction","target":["https:\/\/marktxxl.de\/markt\/produkt\/72-stueck-buntstifte-fuer-erwachsene-kuenstler-kinder-zeichnen-bleistifte-profi-art-set-oelbasierten-gemischten-und-bruchgeschuetzten-farben-zum-kolorieren-von-zeichnen-schreiben-malbuecher\/"]}]},{"@type":"ImageObject","inLanguage":"de","@id":"https:\/\/marktxxl.de\/markt\/produkt\/72-stueck-buntstifte-fuer-erwachsene-kuenstler-kinder-zeichnen-bleistifte-profi-art-set-oelbasierten-gemischten-und-bruchgeschuetzten-farben-zum-kolorieren-von-zeichnen-schreiben-malbuecher\/#primaryimage","url":"https:\/\/m.media-amazon.com\/images\/I\/61meFI61P9S._SL500_.jpg","contentUrl":"https:\/\/m.media-amazon.com\/images\/I\/61meFI61P9S._SL500_.jpg","width":500,"height":500},{"@type":"BreadcrumbList","@id":"https:\/\/marktxxl.de\/markt\/produkt\/72-stueck-buntstifte-fuer-erwachsene-kuenstler-kinder-zeichnen-bleistifte-profi-art-set-oelbasierten-gemischten-und-bruchgeschuetzten-farben-zum-kolorieren-von-zeichnen-schreiben-malbuecher\/#breadcrumb","itemListElement":[{"@type":"ListItem","position":1,"name":"Startseite","item":"https:\/\/marktxxl.de\/markt\/"},{"@type":"ListItem","position":2,"name":"Markt","item":"https:\/\/marktxxl.de\/markt\/"},{"@type":"ListItem","position":3,"name":"72 St\u00fcck Buntstifte f\u00fcr Erwachsene K\u00fcnstler Kinder, Zeichnen Bleistifte Profi Art Set, \u00d6lbasierten gemischten und\u2026"}]},{"@type":"WebSite","@id":"https:\/\/marktxxl.de\/markt\/#website","url":"https:\/\/marktxxl.de\/markt\/","name":"Markt-XXL","description":"Ihr Markt Online","publisher":{"@id":"https:\/\/marktxxl.de\/markt\/#organization"},"potentialAction":[{"@type":"SearchAction","target":{"@type":"EntryPoint","urlTemplate":"https:\/\/marktxxl.de\/markt\/?s={search_term_string}"},"query-input":{"@type":"PropertyValueSpecification","valueRequired":true,"valueName":"search_term_string"}}],"inLanguage":"de"},{"@type":"Organization","@id":"https:\/\/marktxxl.de\/markt\/#organization","name":"Markt-XXL","url":"https:\/\/marktxxl.de\/markt\/","logo":{"@type":"ImageObject","inLanguage":"de","@id":"https:\/\/marktxxl.de\/markt\/#\/schema\/logo\/image\/","url":"https:\/\/marktxxl.de\/markt\/wp-content\/uploads\/sites\/3\/2020\/12\/logo.png","contentUrl":"https:\/\/marktxxl.de\/markt\/wp-content\/uploads\/sites\/3\/2020\/12\/logo.png","width":200,"height":70,"caption":"Markt-XXL"},"image":{"@id":"https:\/\/marktxxl.de\/markt\/#\/schema\/logo\/image\/"}}]}},"_links":{"self":[{"href":"https:\/\/marktxxl.de\/markt\/wp-json\/wp\/v2\/product\/106354","targetHints":{"allow":["GET"]}}],"collection":[{"href":"https:\/\/marktxxl.de\/markt\/wp-json\/wp\/v2\/product"}],"about":[{"href":"https:\/\/marktxxl.de\/markt\/wp-json\/wp\/v2\/types\/product"}],"replies":[{"embeddable":true,"href":"https:\/\/marktxxl.de\/markt\/wp-json\/wp\/v2\/comments?post=106354"}],"wp:featuredmedia":[{"embeddable":true,"href":"https:\/\/marktxxl.de\/markt\/wp-json\/wp\/v2\/media\/106355"}],"wp:attachment":[{"href":"https:\/\/marktxxl.de\/markt\/wp-json\/wp\/v2\/media?parent=106354"}],"wp:term":[{"taxonomy":"product_brand","embeddable":true,"href":"https:\/\/marktxxl.de\/markt\/wp-json\/wp\/v2\/product_brand?post=106354"},{"taxonomy":"product_cat","embeddable":true,"href":"https:\/\/marktxxl.de\/markt\/wp-json\/wp\/v2\/product_cat?post=106354"},{"taxonomy":"product_tag","embeddable":true,"href":"https:\/\/marktxxl.de\/markt\/wp-json\/wp\/v2\/product_tag?post=106354"}],"curies":[{"name":"wp","href":"https:\/\/api.w.org\/{rel}","templated":true}]}}