{"id":106304,"date":"2022-02-26T15:04:55","date_gmt":"2022-02-26T14:04:55","guid":{"rendered":"https:\/\/marktxxl.de\/markt\/produkt\/led-deckenleuchte-4-flammig-deckenlampe-e14-fassung-mit-4-x-5w-led-lampen-drehbar-deckenstrahler-fuer-wohnzimmer-kueche-und-schlafzimmer-energieklasse-a\/"},"modified":"2023-04-09T03:06:25","modified_gmt":"2023-04-09T01:06:25","slug":"led-deckenleuchte-4-flammig-deckenlampe-e14-fassung-mit-4-x-5w-led-lampen-drehbar-deckenstrahler-fuer-wohnzimmer-kueche-und-schlafzimmer-energieklasse-a","status":"publish","type":"product","link":"https:\/\/marktxxl.de\/markt\/produkt\/led-deckenleuchte-4-flammig-deckenlampe-e14-fassung-mit-4-x-5w-led-lampen-drehbar-deckenstrahler-fuer-wohnzimmer-kueche-und-schlafzimmer-energieklasse-a\/","title":{"rendered":"Comlzer LED Deckenleuchte 4-flammig Deckenlampe, E14 Fassung mit 4 x 5W Led Lampen, Drehbar Deckenstrahler f\u00fcr\u2026"},"content":{"rendered":"<p>\u3010Erstkalssige Qualit\u00e4t\u3011Entworfen aus geb\u00fcrstetem Nickelmetall, das langlebig genug ist und schwer zu oxidieren ist. Die LED Deckenlampe ist f\u00fcr den meisten lebenden Stil, klassisches und zeitloses Design f\u00fcr lange Jahre geeignet.<br \/>\n\u3010Helle Beleuchtung und Energieeinsparung\u3011Die Deckenlampe Spot setzt 4W LED E14 Lampen mit warmwei\u00dfem Licht von 3000 Kelvin und 400 Lumen pro Lampe ein, die eine Lebensdauer von ca. 30.000 Stunden gew\u00e4hrleisten. Im Vergleich zu herk\u00f6mmlichen Halogenlampen lassen sich 88% der Stromkosten f\u00fcr die Beleuchtung der Deckenspots einsparen.<br \/>\n\u3010Drehbare schwenkbare Deckenlampe\u3011Die Deckenlampe steht 4 drehbare und schwenkbare Spots zur Verf\u00fcgung, die um 350 Grad geschwenkt und um 90 Grad auf den Kopf gestellt werden k\u00f6nnen und einen weiten Beleuchtungswinkel anbieten, um Ihre verschiedenartige Anforderungen zu erf\u00fcllen.<br \/>\n\u3010Breite Anwendungen\u3011Der Deckenstrahler eignet sich perfekt f\u00fcr K\u00fcche, Wohnzimmer und Schlafzimmer. Au\u00dferdem sind die Deckenspots mit einer Bedienungsanleitung einfach zu installieren.<br \/>\n\u3010Guter Kundendienst\u3011Comzler konzentriert sich auf die Qualit\u00e4t und den Kundenservice. Das Produkt umfasst 2 Jahre kostenlosen Kundendienst, Sollte jedes Problem des Produkts bestehen, nehmen Sie bitte mit uns zuerst Kontakt auf und wir stehen immer hier zur Verf\u00fcgung, um die Probleme zu l\u00f6sen.<br \/>\n<div class=\"main-cross-sell\" data-asin=\"B07Y2ZRRX4\">\n\n\t<div class=\"WooZone-cross-sell-loader\">\n\t\t<div>\n\t\t\t<div id=\"floatingBarsG\">\n\t\t\t\t<div class=\"blockG\" id=\"rotateG_01\"><\/div>\n\t\t\t\t<div class=\"blockG\" id=\"rotateG_02\"><\/div>\n\t\t\t\t<div class=\"blockG\" id=\"rotateG_03\"><\/div>\n\t\t\t\t<div class=\"blockG\" id=\"rotateG_04\"><\/div>\n\t\t\t\t<div class=\"blockG\" id=\"rotateG_05\"><\/div>\n\t\t\t\t<div class=\"blockG\" id=\"rotateG_06\"><\/div>\n\t\t\t\t<div class=\"blockG\" id=\"rotateG_07\"><\/div>\n\t\t\t\t<div class=\"blockG\" id=\"rotateG_08\"><\/div>\n\t\t\t<\/div>\n\t\t\t<div class=\"WooZone-cross-sell-loader-text\"><\/div>\n\t\t<\/div>\n\t<\/div>\n\n\t\t\n<\/div>\n<div style=\"clear:both;\"><\/div><\/p>\n","protected":false},"excerpt":{"rendered":"<p>\u3010Erstkalssige Qualit\u00e4t\u3011Entworfen aus geb\u00fcrstetem Nickelmetall, das langlebig genug ist und schwer zu oxidieren ist. Die LED Deckenlampe ist f\u00fcr den meisten lebenden Stil, klassisches und zeitloses Design f\u00fcr lange Jahre geeignet.<br \/>\n\u3010Helle Beleuchtung und Energieeinsparung\u3011Die Deckenlampe Spot setzt 4W LED E14 Lampen mit warmwei\u00dfem Licht von 3000 Kelvin und 400 Lumen pro Lampe ein, die eine Lebensdauer von ca. 30.000 Stunden gew\u00e4hrleisten. Im Vergleich zu herk\u00f6mmlichen Halogenlampen lassen sich 88% der Stromkosten f\u00fcr die Beleuchtung der Deckenspots einsparen.<br \/>\n\u3010Drehbare schwenkbare Deckenlampe\u3011Die Deckenlampe steht 4 drehbare und schwenkbare Spots zur Verf\u00fcgung, die um 350 Grad geschwenkt und um 90 Grad auf den Kopf gestellt werden k\u00f6nnen und einen weiten Beleuchtungswinkel anbieten, um Ihre verschiedenartige Anforderungen zu erf\u00fcllen.<\/p>\n","protected":false},"featured_media":106305,"comment_status":"open","ping_status":"closed","template":"","meta":[],"product_brand":[],"product_cat":[2108,11509],"product_tag":[],"class_list":{"0":"post-106304","1":"product","2":"type-product","3":"status-publish","4":"has-post-thumbnail","6":"product_cat-beleuchtung","7":"product_cat-innenbeleuchtung","8":"pa_binding-haushaltswaren","9":"pa_brand-comlzer","10":"pa_manufacturer-comlzer","11":"pa_size-1-stueck-1er-pack","13":"first","14":"instock","15":"shipping-taxable","16":"purchasable","17":"product-type-simple","18":"customify-col","19":"product-has-gallery"},"yoast_head":"<!-- This site is optimized with the Yoast SEO plugin v27.3 - https:\/\/yoast.com\/product\/yoast-seo-wordpress\/ -->\n<title>Comlzer LED Deckenleuchte 4-flammig Deckenlampe, E14 Fassung mit 4 x 5W Led Lampen, Drehbar Deckenstrahler f\u00fcr\u2026 - Markt-XXL<\/title>\n<meta name=\"description\" content=\"Markt-XXL Comlzer LED Deckenleuchte 4-flammig Deckenlampe, E14 Fassung mit 4 x 5W Led Lampen, Drehbar Deckenstrahler f\u00fcr\u2026\" \/>\n<meta name=\"robots\" content=\"index, follow, max-snippet:-1, max-image-preview:large, max-video-preview:-1\" \/>\n<link rel=\"canonical\" href=\"https:\/\/marktxxl.de\/markt\/produkt\/led-deckenleuchte-4-flammig-deckenlampe-e14-fassung-mit-4-x-5w-led-lampen-drehbar-deckenstrahler-fuer-wohnzimmer-kueche-und-schlafzimmer-energieklasse-a\/\" \/>\n<meta property=\"og:locale\" content=\"de_DE\" \/>\n<meta property=\"og:type\" content=\"article\" \/>\n<meta property=\"og:title\" content=\"Comlzer LED Deckenleuchte 4-flammig Deckenlampe, E14 Fassung mit 4 x 5W Led Lampen, Drehbar Deckenstrahler f\u00fcr\u2026 - Markt-XXL\" \/>\n<meta property=\"og:description\" content=\"Markt-XXL Comlzer LED Deckenleuchte 4-flammig Deckenlampe, E14 Fassung mit 4 x 5W Led Lampen, Drehbar Deckenstrahler f\u00fcr\u2026\" \/>\n<meta property=\"og:url\" content=\"https:\/\/marktxxl.de\/markt\/produkt\/led-deckenleuchte-4-flammig-deckenlampe-e14-fassung-mit-4-x-5w-led-lampen-drehbar-deckenstrahler-fuer-wohnzimmer-kueche-und-schlafzimmer-energieklasse-a\/\" \/>\n<meta property=\"og:site_name\" content=\"Markt-XXL\" \/>\n<meta property=\"article:modified_time\" content=\"2023-04-09T01:06:25+00:00\" \/>\n<meta property=\"og:image\" content=\"https:\/\/m.media-amazon.com\/images\/I\/31Mt+QHtk4L._SL500_.jpg\" \/>\n\t<meta property=\"og:image:width\" content=\"500\" \/>\n\t<meta property=\"og:image:height\" content=\"500\" \/>\n\t<meta property=\"og:image:type\" content=\"image\/jpeg\" \/>\n<meta name=\"twitter:card\" content=\"summary_large_image\" \/>\n<meta name=\"twitter:label1\" content=\"Gesch\u00e4tzte Lesezeit\" \/>\n\t<meta name=\"twitter:data1\" content=\"1\u00a0Minute\" \/>\n<script type=\"application\/ld+json\" class=\"yoast-schema-graph\">{\"@context\":\"https:\\\/\\\/schema.org\",\"@graph\":[{\"@type\":\"WebPage\",\"@id\":\"https:\\\/\\\/marktxxl.de\\\/markt\\\/produkt\\\/led-deckenleuchte-4-flammig-deckenlampe-e14-fassung-mit-4-x-5w-led-lampen-drehbar-deckenstrahler-fuer-wohnzimmer-kueche-und-schlafzimmer-energieklasse-a\\\/\",\"url\":\"https:\\\/\\\/marktxxl.de\\\/markt\\\/produkt\\\/led-deckenleuchte-4-flammig-deckenlampe-e14-fassung-mit-4-x-5w-led-lampen-drehbar-deckenstrahler-fuer-wohnzimmer-kueche-und-schlafzimmer-energieklasse-a\\\/\",\"name\":\"Comlzer LED Deckenleuchte 4-flammig Deckenlampe, E14 Fassung mit 4 x 5W Led Lampen, Drehbar Deckenstrahler f\u00fcr\u2026 - Markt-XXL\",\"isPartOf\":{\"@id\":\"https:\\\/\\\/marktxxl.de\\\/markt\\\/#website\"},\"primaryImageOfPage\":{\"@id\":\"https:\\\/\\\/marktxxl.de\\\/markt\\\/produkt\\\/led-deckenleuchte-4-flammig-deckenlampe-e14-fassung-mit-4-x-5w-led-lampen-drehbar-deckenstrahler-fuer-wohnzimmer-kueche-und-schlafzimmer-energieklasse-a\\\/#primaryimage\"},\"image\":{\"@id\":\"https:\\\/\\\/marktxxl.de\\\/markt\\\/produkt\\\/led-deckenleuchte-4-flammig-deckenlampe-e14-fassung-mit-4-x-5w-led-lampen-drehbar-deckenstrahler-fuer-wohnzimmer-kueche-und-schlafzimmer-energieklasse-a\\\/#primaryimage\"},\"thumbnailUrl\":\"https:\\\/\\\/m.media-amazon.com\\\/images\\\/I\\\/31Mt+QHtk4L._SL500_.jpg\",\"datePublished\":\"2022-02-26T14:04:55+00:00\",\"dateModified\":\"2023-04-09T01:06:25+00:00\",\"description\":\"Markt-XXL Comlzer LED Deckenleuchte 4-flammig Deckenlampe, E14 Fassung mit 4 x 5W Led Lampen, Drehbar Deckenstrahler f\u00fcr\u2026\",\"breadcrumb\":{\"@id\":\"https:\\\/\\\/marktxxl.de\\\/markt\\\/produkt\\\/led-deckenleuchte-4-flammig-deckenlampe-e14-fassung-mit-4-x-5w-led-lampen-drehbar-deckenstrahler-fuer-wohnzimmer-kueche-und-schlafzimmer-energieklasse-a\\\/#breadcrumb\"},\"inLanguage\":\"de\",\"potentialAction\":[{\"@type\":\"ReadAction\",\"target\":[\"https:\\\/\\\/marktxxl.de\\\/markt\\\/produkt\\\/led-deckenleuchte-4-flammig-deckenlampe-e14-fassung-mit-4-x-5w-led-lampen-drehbar-deckenstrahler-fuer-wohnzimmer-kueche-und-schlafzimmer-energieklasse-a\\\/\"]}]},{\"@type\":\"ImageObject\",\"inLanguage\":\"de\",\"@id\":\"https:\\\/\\\/marktxxl.de\\\/markt\\\/produkt\\\/led-deckenleuchte-4-flammig-deckenlampe-e14-fassung-mit-4-x-5w-led-lampen-drehbar-deckenstrahler-fuer-wohnzimmer-kueche-und-schlafzimmer-energieklasse-a\\\/#primaryimage\",\"url\":\"https:\\\/\\\/m.media-amazon.com\\\/images\\\/I\\\/31Mt+QHtk4L._SL500_.jpg\",\"contentUrl\":\"https:\\\/\\\/m.media-amazon.com\\\/images\\\/I\\\/31Mt+QHtk4L._SL500_.jpg\",\"width\":500,\"height\":500},{\"@type\":\"BreadcrumbList\",\"@id\":\"https:\\\/\\\/marktxxl.de\\\/markt\\\/produkt\\\/led-deckenleuchte-4-flammig-deckenlampe-e14-fassung-mit-4-x-5w-led-lampen-drehbar-deckenstrahler-fuer-wohnzimmer-kueche-und-schlafzimmer-energieklasse-a\\\/#breadcrumb\",\"itemListElement\":[{\"@type\":\"ListItem\",\"position\":1,\"name\":\"Startseite\",\"item\":\"https:\\\/\\\/marktxxl.de\\\/markt\\\/\"},{\"@type\":\"ListItem\",\"position\":2,\"name\":\"Markt\",\"item\":\"https:\\\/\\\/marktxxl.de\\\/markt\\\/\"},{\"@type\":\"ListItem\",\"position\":3,\"name\":\"Comlzer LED Deckenleuchte 4-flammig Deckenlampe, E14 Fassung mit 4 x 5W Led Lampen, Drehbar Deckenstrahler f\u00fcr\u2026\"}]},{\"@type\":\"WebSite\",\"@id\":\"https:\\\/\\\/marktxxl.de\\\/markt\\\/#website\",\"url\":\"https:\\\/\\\/marktxxl.de\\\/markt\\\/\",\"name\":\"Markt-XXL\",\"description\":\"Ihr Markt Online\",\"publisher\":{\"@id\":\"https:\\\/\\\/marktxxl.de\\\/markt\\\/#organization\"},\"potentialAction\":[{\"@type\":\"SearchAction\",\"target\":{\"@type\":\"EntryPoint\",\"urlTemplate\":\"https:\\\/\\\/marktxxl.de\\\/markt\\\/?s={search_term_string}\"},\"query-input\":{\"@type\":\"PropertyValueSpecification\",\"valueRequired\":true,\"valueName\":\"search_term_string\"}}],\"inLanguage\":\"de\"},{\"@type\":\"Organization\",\"@id\":\"https:\\\/\\\/marktxxl.de\\\/markt\\\/#organization\",\"name\":\"Markt-XXL\",\"url\":\"https:\\\/\\\/marktxxl.de\\\/markt\\\/\",\"logo\":{\"@type\":\"ImageObject\",\"inLanguage\":\"de\",\"@id\":\"https:\\\/\\\/marktxxl.de\\\/markt\\\/#\\\/schema\\\/logo\\\/image\\\/\",\"url\":\"https:\\\/\\\/marktxxl.de\\\/markt\\\/wp-content\\\/uploads\\\/sites\\\/3\\\/2020\\\/12\\\/logo.png\",\"contentUrl\":\"https:\\\/\\\/marktxxl.de\\\/markt\\\/wp-content\\\/uploads\\\/sites\\\/3\\\/2020\\\/12\\\/logo.png\",\"width\":200,\"height\":70,\"caption\":\"Markt-XXL\"},\"image\":{\"@id\":\"https:\\\/\\\/marktxxl.de\\\/markt\\\/#\\\/schema\\\/logo\\\/image\\\/\"}}]}<\/script>\n<!-- \/ Yoast SEO plugin. -->","yoast_head_json":{"title":"Comlzer LED Deckenleuchte 4-flammig Deckenlampe, E14 Fassung mit 4 x 5W Led Lampen, Drehbar Deckenstrahler f\u00fcr\u2026 - Markt-XXL","description":"Markt-XXL Comlzer LED Deckenleuchte 4-flammig Deckenlampe, E14 Fassung mit 4 x 5W Led Lampen, Drehbar Deckenstrahler f\u00fcr\u2026","robots":{"index":"index","follow":"follow","max-snippet":"max-snippet:-1","max-image-preview":"max-image-preview:large","max-video-preview":"max-video-preview:-1"},"canonical":"https:\/\/marktxxl.de\/markt\/produkt\/led-deckenleuchte-4-flammig-deckenlampe-e14-fassung-mit-4-x-5w-led-lampen-drehbar-deckenstrahler-fuer-wohnzimmer-kueche-und-schlafzimmer-energieklasse-a\/","og_locale":"de_DE","og_type":"article","og_title":"Comlzer LED Deckenleuchte 4-flammig Deckenlampe, E14 Fassung mit 4 x 5W Led Lampen, Drehbar Deckenstrahler f\u00fcr\u2026 - Markt-XXL","og_description":"Markt-XXL Comlzer LED Deckenleuchte 4-flammig Deckenlampe, E14 Fassung mit 4 x 5W Led Lampen, Drehbar Deckenstrahler f\u00fcr\u2026","og_url":"https:\/\/marktxxl.de\/markt\/produkt\/led-deckenleuchte-4-flammig-deckenlampe-e14-fassung-mit-4-x-5w-led-lampen-drehbar-deckenstrahler-fuer-wohnzimmer-kueche-und-schlafzimmer-energieklasse-a\/","og_site_name":"Markt-XXL","article_modified_time":"2023-04-09T01:06:25+00:00","og_image":[{"width":500,"height":500,"url":"https:\/\/m.media-amazon.com\/images\/I\/31Mt+QHtk4L._SL500_.jpg","type":"image\/jpeg"}],"twitter_card":"summary_large_image","twitter_misc":{"Gesch\u00e4tzte Lesezeit":"1\u00a0Minute"},"schema":{"@context":"https:\/\/schema.org","@graph":[{"@type":"WebPage","@id":"https:\/\/marktxxl.de\/markt\/produkt\/led-deckenleuchte-4-flammig-deckenlampe-e14-fassung-mit-4-x-5w-led-lampen-drehbar-deckenstrahler-fuer-wohnzimmer-kueche-und-schlafzimmer-energieklasse-a\/","url":"https:\/\/marktxxl.de\/markt\/produkt\/led-deckenleuchte-4-flammig-deckenlampe-e14-fassung-mit-4-x-5w-led-lampen-drehbar-deckenstrahler-fuer-wohnzimmer-kueche-und-schlafzimmer-energieklasse-a\/","name":"Comlzer LED Deckenleuchte 4-flammig Deckenlampe, E14 Fassung mit 4 x 5W Led Lampen, Drehbar Deckenstrahler f\u00fcr\u2026 - Markt-XXL","isPartOf":{"@id":"https:\/\/marktxxl.de\/markt\/#website"},"primaryImageOfPage":{"@id":"https:\/\/marktxxl.de\/markt\/produkt\/led-deckenleuchte-4-flammig-deckenlampe-e14-fassung-mit-4-x-5w-led-lampen-drehbar-deckenstrahler-fuer-wohnzimmer-kueche-und-schlafzimmer-energieklasse-a\/#primaryimage"},"image":{"@id":"https:\/\/marktxxl.de\/markt\/produkt\/led-deckenleuchte-4-flammig-deckenlampe-e14-fassung-mit-4-x-5w-led-lampen-drehbar-deckenstrahler-fuer-wohnzimmer-kueche-und-schlafzimmer-energieklasse-a\/#primaryimage"},"thumbnailUrl":"https:\/\/m.media-amazon.com\/images\/I\/31Mt+QHtk4L._SL500_.jpg","datePublished":"2022-02-26T14:04:55+00:00","dateModified":"2023-04-09T01:06:25+00:00","description":"Markt-XXL Comlzer LED Deckenleuchte 4-flammig Deckenlampe, E14 Fassung mit 4 x 5W Led Lampen, Drehbar Deckenstrahler f\u00fcr\u2026","breadcrumb":{"@id":"https:\/\/marktxxl.de\/markt\/produkt\/led-deckenleuchte-4-flammig-deckenlampe-e14-fassung-mit-4-x-5w-led-lampen-drehbar-deckenstrahler-fuer-wohnzimmer-kueche-und-schlafzimmer-energieklasse-a\/#breadcrumb"},"inLanguage":"de","potentialAction":[{"@type":"ReadAction","target":["https:\/\/marktxxl.de\/markt\/produkt\/led-deckenleuchte-4-flammig-deckenlampe-e14-fassung-mit-4-x-5w-led-lampen-drehbar-deckenstrahler-fuer-wohnzimmer-kueche-und-schlafzimmer-energieklasse-a\/"]}]},{"@type":"ImageObject","inLanguage":"de","@id":"https:\/\/marktxxl.de\/markt\/produkt\/led-deckenleuchte-4-flammig-deckenlampe-e14-fassung-mit-4-x-5w-led-lampen-drehbar-deckenstrahler-fuer-wohnzimmer-kueche-und-schlafzimmer-energieklasse-a\/#primaryimage","url":"https:\/\/m.media-amazon.com\/images\/I\/31Mt+QHtk4L._SL500_.jpg","contentUrl":"https:\/\/m.media-amazon.com\/images\/I\/31Mt+QHtk4L._SL500_.jpg","width":500,"height":500},{"@type":"BreadcrumbList","@id":"https:\/\/marktxxl.de\/markt\/produkt\/led-deckenleuchte-4-flammig-deckenlampe-e14-fassung-mit-4-x-5w-led-lampen-drehbar-deckenstrahler-fuer-wohnzimmer-kueche-und-schlafzimmer-energieklasse-a\/#breadcrumb","itemListElement":[{"@type":"ListItem","position":1,"name":"Startseite","item":"https:\/\/marktxxl.de\/markt\/"},{"@type":"ListItem","position":2,"name":"Markt","item":"https:\/\/marktxxl.de\/markt\/"},{"@type":"ListItem","position":3,"name":"Comlzer LED Deckenleuchte 4-flammig Deckenlampe, E14 Fassung mit 4 x 5W Led Lampen, Drehbar Deckenstrahler f\u00fcr\u2026"}]},{"@type":"WebSite","@id":"https:\/\/marktxxl.de\/markt\/#website","url":"https:\/\/marktxxl.de\/markt\/","name":"Markt-XXL","description":"Ihr Markt Online","publisher":{"@id":"https:\/\/marktxxl.de\/markt\/#organization"},"potentialAction":[{"@type":"SearchAction","target":{"@type":"EntryPoint","urlTemplate":"https:\/\/marktxxl.de\/markt\/?s={search_term_string}"},"query-input":{"@type":"PropertyValueSpecification","valueRequired":true,"valueName":"search_term_string"}}],"inLanguage":"de"},{"@type":"Organization","@id":"https:\/\/marktxxl.de\/markt\/#organization","name":"Markt-XXL","url":"https:\/\/marktxxl.de\/markt\/","logo":{"@type":"ImageObject","inLanguage":"de","@id":"https:\/\/marktxxl.de\/markt\/#\/schema\/logo\/image\/","url":"https:\/\/marktxxl.de\/markt\/wp-content\/uploads\/sites\/3\/2020\/12\/logo.png","contentUrl":"https:\/\/marktxxl.de\/markt\/wp-content\/uploads\/sites\/3\/2020\/12\/logo.png","width":200,"height":70,"caption":"Markt-XXL"},"image":{"@id":"https:\/\/marktxxl.de\/markt\/#\/schema\/logo\/image\/"}}]}},"_links":{"self":[{"href":"https:\/\/marktxxl.de\/markt\/wp-json\/wp\/v2\/product\/106304","targetHints":{"allow":["GET"]}}],"collection":[{"href":"https:\/\/marktxxl.de\/markt\/wp-json\/wp\/v2\/product"}],"about":[{"href":"https:\/\/marktxxl.de\/markt\/wp-json\/wp\/v2\/types\/product"}],"replies":[{"embeddable":true,"href":"https:\/\/marktxxl.de\/markt\/wp-json\/wp\/v2\/comments?post=106304"}],"wp:featuredmedia":[{"embeddable":true,"href":"https:\/\/marktxxl.de\/markt\/wp-json\/wp\/v2\/media\/106305"}],"wp:attachment":[{"href":"https:\/\/marktxxl.de\/markt\/wp-json\/wp\/v2\/media?parent=106304"}],"wp:term":[{"taxonomy":"product_brand","embeddable":true,"href":"https:\/\/marktxxl.de\/markt\/wp-json\/wp\/v2\/product_brand?post=106304"},{"taxonomy":"product_cat","embeddable":true,"href":"https:\/\/marktxxl.de\/markt\/wp-json\/wp\/v2\/product_cat?post=106304"},{"taxonomy":"product_tag","embeddable":true,"href":"https:\/\/marktxxl.de\/markt\/wp-json\/wp\/v2\/product_tag?post=106304"}],"curies":[{"name":"wp","href":"https:\/\/api.w.org\/{rel}","templated":true}]}}