{"id":106125,"date":"2022-02-26T14:42:43","date_gmt":"2022-02-26T13:42:43","guid":{"rendered":"https:\/\/marktxxl.de\/markt\/produkt\/led-haengeleuchte-haengelampe-pendelleuchte-pendellampe-5-opal-glas-kugeln-leuchte\/"},"modified":"2023-04-09T03:06:23","modified_gmt":"2023-04-09T01:06:23","slug":"led-haengeleuchte-haengelampe-pendelleuchte-pendellampe-5-opal-glas-kugeln-leuchte","status":"publish","type":"product","link":"https:\/\/marktxxl.de\/markt\/produkt\/led-haengeleuchte-haengelampe-pendelleuchte-pendellampe-5-opal-glas-kugeln-leuchte\/","title":{"rendered":"etc-shop LED H\u00e4ngeleuchte H\u00e4ngelampe Pendelleuchte Pendellampe 5 Opal Glas Kugeln Leuchte"},"content":{"rendered":"<p>Designer H\u00e4ngelampe mit f\u00fcnf verschieden gro\u00dfen Leuchtkugeln.<br \/>\nDas satinierte Opal-Glas, aus denen die Kugeln gefertigt sind, ergibt ein angenehm blendfreies Licht f\u00fcr eine sch\u00f6ne Wohlf\u00fchlatmosph\u00e4re. Diese Leuchte passt elegant zu fast jeder Wohneinrichtung und jeden Raum.In jeder Kugel sorgt ein modernes SMD-LED Leuchtmittel f\u00fcr angenehm warmwei\u00dfes Licht.<br \/>\nIm Vergleich zu \u201cnormalen&#8217; Leuchten verbrauchen LED-Strahler nur einen minimalen Anteil an Strom und liegen im Verbrauch sogar unter Energiesparleuchten.<br \/>\nHochwertige, energiesparende SMD LED Leuchtmittel sind im Lieferumfang enthalten!<br \/>\nMa\u00dfe BxH in cm: 45&#215;80<br \/>\n<div class=\"main-cross-sell\" data-asin=\"B00I3RD8HY\">\n\n\t<div class=\"WooZone-cross-sell-loader\">\n\t\t<div>\n\t\t\t<div id=\"floatingBarsG\">\n\t\t\t\t<div class=\"blockG\" id=\"rotateG_01\"><\/div>\n\t\t\t\t<div class=\"blockG\" id=\"rotateG_02\"><\/div>\n\t\t\t\t<div class=\"blockG\" id=\"rotateG_03\"><\/div>\n\t\t\t\t<div class=\"blockG\" id=\"rotateG_04\"><\/div>\n\t\t\t\t<div class=\"blockG\" id=\"rotateG_05\"><\/div>\n\t\t\t\t<div class=\"blockG\" id=\"rotateG_06\"><\/div>\n\t\t\t\t<div class=\"blockG\" id=\"rotateG_07\"><\/div>\n\t\t\t\t<div class=\"blockG\" id=\"rotateG_08\"><\/div>\n\t\t\t<\/div>\n\t\t\t<div class=\"WooZone-cross-sell-loader-text\"><\/div>\n\t\t<\/div>\n\t<\/div>\n\n\t\t\n<\/div>\n<div style=\"clear:both;\"><\/div><\/p>\n","protected":false},"excerpt":{"rendered":"<p>Designer H\u00e4ngelampe mit f\u00fcnf verschieden gro\u00dfen Leuchtkugeln.<br \/>\nDas satinierte Opal-Glas, aus denen die Kugeln gefertigt sind, ergibt ein angenehm blendfreies Licht f\u00fcr eine sch\u00f6ne Wohlf\u00fchlatmosph\u00e4re. Diese Leuchte passt elegant zu fast jeder Wohneinrichtung und jeden Raum.In jeder Kugel sorgt ein modernes SMD-LED Leuchtmittel f\u00fcr angenehm warmwei\u00dfes Licht.<br \/>\nIm Vergleich zu \u201cnormalen&#8217; Leuchten verbrauchen LED-Strahler nur einen minimalen Anteil an Strom und liegen im Verbrauch sogar unter Energiesparleuchten.<\/p>\n","protected":false},"featured_media":106126,"comment_status":"open","ping_status":"closed","template":"","meta":[],"product_brand":[],"product_cat":[2108,11509],"product_tag":[],"class_list":{"0":"post-106125","1":"product","2":"type-product","3":"status-publish","4":"has-post-thumbnail","6":"product_cat-beleuchtung","7":"product_cat-innenbeleuchtung","8":"pa_binding-ausruestung","9":"pa_brand-etc-shop","10":"pa_color-nickel-matt-weiss","11":"pa_manufacturer-etc-shop","12":"pa_weight-11-464037624-pfund","14":"first","15":"instock","16":"shipping-taxable","17":"purchasable","18":"product-type-simple","19":"customify-col","20":"product-has-gallery"},"yoast_head":"<!-- This site is optimized with the Yoast SEO plugin v27.3 - https:\/\/yoast.com\/product\/yoast-seo-wordpress\/ -->\n<title>etc-shop LED H\u00e4ngeleuchte H\u00e4ngelampe Pendelleuchte Pendellampe 5 Opal Glas Kugeln Leuchte - Markt-XXL<\/title>\n<meta name=\"description\" content=\"Markt-XXL etc-shop LED H\u00e4ngeleuchte H\u00e4ngelampe Pendelleuchte Pendellampe 5 Opal Glas Kugeln Leuchte\" \/>\n<meta name=\"robots\" content=\"index, follow, max-snippet:-1, max-image-preview:large, max-video-preview:-1\" \/>\n<link rel=\"canonical\" href=\"https:\/\/marktxxl.de\/markt\/produkt\/led-haengeleuchte-haengelampe-pendelleuchte-pendellampe-5-opal-glas-kugeln-leuchte\/\" \/>\n<meta property=\"og:locale\" content=\"de_DE\" \/>\n<meta property=\"og:type\" content=\"article\" \/>\n<meta property=\"og:title\" content=\"etc-shop LED H\u00e4ngeleuchte H\u00e4ngelampe Pendelleuchte Pendellampe 5 Opal Glas Kugeln Leuchte - Markt-XXL\" \/>\n<meta property=\"og:description\" content=\"Markt-XXL etc-shop LED H\u00e4ngeleuchte H\u00e4ngelampe Pendelleuchte Pendellampe 5 Opal Glas Kugeln Leuchte\" \/>\n<meta property=\"og:url\" content=\"https:\/\/marktxxl.de\/markt\/produkt\/led-haengeleuchte-haengelampe-pendelleuchte-pendellampe-5-opal-glas-kugeln-leuchte\/\" \/>\n<meta property=\"og:site_name\" content=\"Markt-XXL\" \/>\n<meta property=\"article:modified_time\" content=\"2023-04-09T01:06:23+00:00\" \/>\n<meta property=\"og:image\" content=\"https:\/\/m.media-amazon.com\/images\/I\/31q106HhQoL._SL500_.jpg\" \/>\n\t<meta property=\"og:image:width\" content=\"500\" \/>\n\t<meta property=\"og:image:height\" content=\"500\" \/>\n\t<meta property=\"og:image:type\" content=\"image\/jpeg\" \/>\n<meta name=\"twitter:card\" content=\"summary_large_image\" \/>\n<meta name=\"twitter:label1\" content=\"Gesch\u00e4tzte Lesezeit\" \/>\n\t<meta name=\"twitter:data1\" content=\"1\u00a0Minute\" \/>\n<script type=\"application\/ld+json\" class=\"yoast-schema-graph\">{\"@context\":\"https:\\\/\\\/schema.org\",\"@graph\":[{\"@type\":\"WebPage\",\"@id\":\"https:\\\/\\\/marktxxl.de\\\/markt\\\/produkt\\\/led-haengeleuchte-haengelampe-pendelleuchte-pendellampe-5-opal-glas-kugeln-leuchte\\\/\",\"url\":\"https:\\\/\\\/marktxxl.de\\\/markt\\\/produkt\\\/led-haengeleuchte-haengelampe-pendelleuchte-pendellampe-5-opal-glas-kugeln-leuchte\\\/\",\"name\":\"etc-shop LED H\u00e4ngeleuchte H\u00e4ngelampe Pendelleuchte Pendellampe 5 Opal Glas Kugeln Leuchte - Markt-XXL\",\"isPartOf\":{\"@id\":\"https:\\\/\\\/marktxxl.de\\\/markt\\\/#website\"},\"primaryImageOfPage\":{\"@id\":\"https:\\\/\\\/marktxxl.de\\\/markt\\\/produkt\\\/led-haengeleuchte-haengelampe-pendelleuchte-pendellampe-5-opal-glas-kugeln-leuchte\\\/#primaryimage\"},\"image\":{\"@id\":\"https:\\\/\\\/marktxxl.de\\\/markt\\\/produkt\\\/led-haengeleuchte-haengelampe-pendelleuchte-pendellampe-5-opal-glas-kugeln-leuchte\\\/#primaryimage\"},\"thumbnailUrl\":\"https:\\\/\\\/m.media-amazon.com\\\/images\\\/I\\\/31q106HhQoL._SL500_.jpg\",\"datePublished\":\"2022-02-26T13:42:43+00:00\",\"dateModified\":\"2023-04-09T01:06:23+00:00\",\"description\":\"Markt-XXL etc-shop LED H\u00e4ngeleuchte H\u00e4ngelampe Pendelleuchte Pendellampe 5 Opal Glas Kugeln Leuchte\",\"breadcrumb\":{\"@id\":\"https:\\\/\\\/marktxxl.de\\\/markt\\\/produkt\\\/led-haengeleuchte-haengelampe-pendelleuchte-pendellampe-5-opal-glas-kugeln-leuchte\\\/#breadcrumb\"},\"inLanguage\":\"de\",\"potentialAction\":[{\"@type\":\"ReadAction\",\"target\":[\"https:\\\/\\\/marktxxl.de\\\/markt\\\/produkt\\\/led-haengeleuchte-haengelampe-pendelleuchte-pendellampe-5-opal-glas-kugeln-leuchte\\\/\"]}]},{\"@type\":\"ImageObject\",\"inLanguage\":\"de\",\"@id\":\"https:\\\/\\\/marktxxl.de\\\/markt\\\/produkt\\\/led-haengeleuchte-haengelampe-pendelleuchte-pendellampe-5-opal-glas-kugeln-leuchte\\\/#primaryimage\",\"url\":\"https:\\\/\\\/m.media-amazon.com\\\/images\\\/I\\\/31q106HhQoL._SL500_.jpg\",\"contentUrl\":\"https:\\\/\\\/m.media-amazon.com\\\/images\\\/I\\\/31q106HhQoL._SL500_.jpg\",\"width\":500,\"height\":500},{\"@type\":\"BreadcrumbList\",\"@id\":\"https:\\\/\\\/marktxxl.de\\\/markt\\\/produkt\\\/led-haengeleuchte-haengelampe-pendelleuchte-pendellampe-5-opal-glas-kugeln-leuchte\\\/#breadcrumb\",\"itemListElement\":[{\"@type\":\"ListItem\",\"position\":1,\"name\":\"Startseite\",\"item\":\"https:\\\/\\\/marktxxl.de\\\/markt\\\/\"},{\"@type\":\"ListItem\",\"position\":2,\"name\":\"Markt\",\"item\":\"https:\\\/\\\/marktxxl.de\\\/markt\\\/\"},{\"@type\":\"ListItem\",\"position\":3,\"name\":\"etc-shop LED H\u00e4ngeleuchte H\u00e4ngelampe Pendelleuchte Pendellampe 5 Opal Glas Kugeln Leuchte\"}]},{\"@type\":\"WebSite\",\"@id\":\"https:\\\/\\\/marktxxl.de\\\/markt\\\/#website\",\"url\":\"https:\\\/\\\/marktxxl.de\\\/markt\\\/\",\"name\":\"Markt-XXL\",\"description\":\"Ihr Markt Online\",\"publisher\":{\"@id\":\"https:\\\/\\\/marktxxl.de\\\/markt\\\/#organization\"},\"potentialAction\":[{\"@type\":\"SearchAction\",\"target\":{\"@type\":\"EntryPoint\",\"urlTemplate\":\"https:\\\/\\\/marktxxl.de\\\/markt\\\/?s={search_term_string}\"},\"query-input\":{\"@type\":\"PropertyValueSpecification\",\"valueRequired\":true,\"valueName\":\"search_term_string\"}}],\"inLanguage\":\"de\"},{\"@type\":\"Organization\",\"@id\":\"https:\\\/\\\/marktxxl.de\\\/markt\\\/#organization\",\"name\":\"Markt-XXL\",\"url\":\"https:\\\/\\\/marktxxl.de\\\/markt\\\/\",\"logo\":{\"@type\":\"ImageObject\",\"inLanguage\":\"de\",\"@id\":\"https:\\\/\\\/marktxxl.de\\\/markt\\\/#\\\/schema\\\/logo\\\/image\\\/\",\"url\":\"https:\\\/\\\/marktxxl.de\\\/markt\\\/wp-content\\\/uploads\\\/sites\\\/3\\\/2020\\\/12\\\/logo.png\",\"contentUrl\":\"https:\\\/\\\/marktxxl.de\\\/markt\\\/wp-content\\\/uploads\\\/sites\\\/3\\\/2020\\\/12\\\/logo.png\",\"width\":200,\"height\":70,\"caption\":\"Markt-XXL\"},\"image\":{\"@id\":\"https:\\\/\\\/marktxxl.de\\\/markt\\\/#\\\/schema\\\/logo\\\/image\\\/\"}}]}<\/script>\n<!-- \/ Yoast SEO plugin. -->","yoast_head_json":{"title":"etc-shop LED H\u00e4ngeleuchte H\u00e4ngelampe Pendelleuchte Pendellampe 5 Opal Glas Kugeln Leuchte - Markt-XXL","description":"Markt-XXL etc-shop LED H\u00e4ngeleuchte H\u00e4ngelampe Pendelleuchte Pendellampe 5 Opal Glas Kugeln Leuchte","robots":{"index":"index","follow":"follow","max-snippet":"max-snippet:-1","max-image-preview":"max-image-preview:large","max-video-preview":"max-video-preview:-1"},"canonical":"https:\/\/marktxxl.de\/markt\/produkt\/led-haengeleuchte-haengelampe-pendelleuchte-pendellampe-5-opal-glas-kugeln-leuchte\/","og_locale":"de_DE","og_type":"article","og_title":"etc-shop LED H\u00e4ngeleuchte H\u00e4ngelampe Pendelleuchte Pendellampe 5 Opal Glas Kugeln Leuchte - Markt-XXL","og_description":"Markt-XXL etc-shop LED H\u00e4ngeleuchte H\u00e4ngelampe Pendelleuchte Pendellampe 5 Opal Glas Kugeln Leuchte","og_url":"https:\/\/marktxxl.de\/markt\/produkt\/led-haengeleuchte-haengelampe-pendelleuchte-pendellampe-5-opal-glas-kugeln-leuchte\/","og_site_name":"Markt-XXL","article_modified_time":"2023-04-09T01:06:23+00:00","og_image":[{"width":500,"height":500,"url":"https:\/\/m.media-amazon.com\/images\/I\/31q106HhQoL._SL500_.jpg","type":"image\/jpeg"}],"twitter_card":"summary_large_image","twitter_misc":{"Gesch\u00e4tzte Lesezeit":"1\u00a0Minute"},"schema":{"@context":"https:\/\/schema.org","@graph":[{"@type":"WebPage","@id":"https:\/\/marktxxl.de\/markt\/produkt\/led-haengeleuchte-haengelampe-pendelleuchte-pendellampe-5-opal-glas-kugeln-leuchte\/","url":"https:\/\/marktxxl.de\/markt\/produkt\/led-haengeleuchte-haengelampe-pendelleuchte-pendellampe-5-opal-glas-kugeln-leuchte\/","name":"etc-shop LED H\u00e4ngeleuchte H\u00e4ngelampe Pendelleuchte Pendellampe 5 Opal Glas Kugeln Leuchte - Markt-XXL","isPartOf":{"@id":"https:\/\/marktxxl.de\/markt\/#website"},"primaryImageOfPage":{"@id":"https:\/\/marktxxl.de\/markt\/produkt\/led-haengeleuchte-haengelampe-pendelleuchte-pendellampe-5-opal-glas-kugeln-leuchte\/#primaryimage"},"image":{"@id":"https:\/\/marktxxl.de\/markt\/produkt\/led-haengeleuchte-haengelampe-pendelleuchte-pendellampe-5-opal-glas-kugeln-leuchte\/#primaryimage"},"thumbnailUrl":"https:\/\/m.media-amazon.com\/images\/I\/31q106HhQoL._SL500_.jpg","datePublished":"2022-02-26T13:42:43+00:00","dateModified":"2023-04-09T01:06:23+00:00","description":"Markt-XXL etc-shop LED H\u00e4ngeleuchte H\u00e4ngelampe Pendelleuchte Pendellampe 5 Opal Glas Kugeln Leuchte","breadcrumb":{"@id":"https:\/\/marktxxl.de\/markt\/produkt\/led-haengeleuchte-haengelampe-pendelleuchte-pendellampe-5-opal-glas-kugeln-leuchte\/#breadcrumb"},"inLanguage":"de","potentialAction":[{"@type":"ReadAction","target":["https:\/\/marktxxl.de\/markt\/produkt\/led-haengeleuchte-haengelampe-pendelleuchte-pendellampe-5-opal-glas-kugeln-leuchte\/"]}]},{"@type":"ImageObject","inLanguage":"de","@id":"https:\/\/marktxxl.de\/markt\/produkt\/led-haengeleuchte-haengelampe-pendelleuchte-pendellampe-5-opal-glas-kugeln-leuchte\/#primaryimage","url":"https:\/\/m.media-amazon.com\/images\/I\/31q106HhQoL._SL500_.jpg","contentUrl":"https:\/\/m.media-amazon.com\/images\/I\/31q106HhQoL._SL500_.jpg","width":500,"height":500},{"@type":"BreadcrumbList","@id":"https:\/\/marktxxl.de\/markt\/produkt\/led-haengeleuchte-haengelampe-pendelleuchte-pendellampe-5-opal-glas-kugeln-leuchte\/#breadcrumb","itemListElement":[{"@type":"ListItem","position":1,"name":"Startseite","item":"https:\/\/marktxxl.de\/markt\/"},{"@type":"ListItem","position":2,"name":"Markt","item":"https:\/\/marktxxl.de\/markt\/"},{"@type":"ListItem","position":3,"name":"etc-shop LED H\u00e4ngeleuchte H\u00e4ngelampe Pendelleuchte Pendellampe 5 Opal Glas Kugeln Leuchte"}]},{"@type":"WebSite","@id":"https:\/\/marktxxl.de\/markt\/#website","url":"https:\/\/marktxxl.de\/markt\/","name":"Markt-XXL","description":"Ihr Markt Online","publisher":{"@id":"https:\/\/marktxxl.de\/markt\/#organization"},"potentialAction":[{"@type":"SearchAction","target":{"@type":"EntryPoint","urlTemplate":"https:\/\/marktxxl.de\/markt\/?s={search_term_string}"},"query-input":{"@type":"PropertyValueSpecification","valueRequired":true,"valueName":"search_term_string"}}],"inLanguage":"de"},{"@type":"Organization","@id":"https:\/\/marktxxl.de\/markt\/#organization","name":"Markt-XXL","url":"https:\/\/marktxxl.de\/markt\/","logo":{"@type":"ImageObject","inLanguage":"de","@id":"https:\/\/marktxxl.de\/markt\/#\/schema\/logo\/image\/","url":"https:\/\/marktxxl.de\/markt\/wp-content\/uploads\/sites\/3\/2020\/12\/logo.png","contentUrl":"https:\/\/marktxxl.de\/markt\/wp-content\/uploads\/sites\/3\/2020\/12\/logo.png","width":200,"height":70,"caption":"Markt-XXL"},"image":{"@id":"https:\/\/marktxxl.de\/markt\/#\/schema\/logo\/image\/"}}]}},"_links":{"self":[{"href":"https:\/\/marktxxl.de\/markt\/wp-json\/wp\/v2\/product\/106125","targetHints":{"allow":["GET"]}}],"collection":[{"href":"https:\/\/marktxxl.de\/markt\/wp-json\/wp\/v2\/product"}],"about":[{"href":"https:\/\/marktxxl.de\/markt\/wp-json\/wp\/v2\/types\/product"}],"replies":[{"embeddable":true,"href":"https:\/\/marktxxl.de\/markt\/wp-json\/wp\/v2\/comments?post=106125"}],"wp:featuredmedia":[{"embeddable":true,"href":"https:\/\/marktxxl.de\/markt\/wp-json\/wp\/v2\/media\/106126"}],"wp:attachment":[{"href":"https:\/\/marktxxl.de\/markt\/wp-json\/wp\/v2\/media?parent=106125"}],"wp:term":[{"taxonomy":"product_brand","embeddable":true,"href":"https:\/\/marktxxl.de\/markt\/wp-json\/wp\/v2\/product_brand?post=106125"},{"taxonomy":"product_cat","embeddable":true,"href":"https:\/\/marktxxl.de\/markt\/wp-json\/wp\/v2\/product_cat?post=106125"},{"taxonomy":"product_tag","embeddable":true,"href":"https:\/\/marktxxl.de\/markt\/wp-json\/wp\/v2\/product_tag?post=106125"}],"curies":[{"name":"wp","href":"https:\/\/api.w.org\/{rel}","templated":true}]}}