{"id":106009,"date":"2022-02-26T14:37:06","date_gmt":"2022-02-26T13:37:06","guid":{"rendered":"https:\/\/marktxxl.de\/markt\/produkt\/bbounder-lichterkette-aussen-146m-15er-led-e27-gluehbirnen-2w-dimmbaren-aus-kunststoff-wetterfeste-dekorative-gartenleuchten-fuer-party-weihnachten-und-hochzeit\/"},"modified":"2023-04-09T03:06:22","modified_gmt":"2023-04-09T01:06:22","slug":"bbounder-lichterkette-aussen-146m-15er-led-e27-gluehbirnen-2w-dimmbaren-aus-kunststoff-wetterfeste-dekorative-gartenleuchten-fuer-party-weihnachten-und-hochzeit","status":"publish","type":"product","link":"https:\/\/marktxxl.de\/markt\/produkt\/bbounder-lichterkette-aussen-146m-15er-led-e27-gluehbirnen-2w-dimmbaren-aus-kunststoff-wetterfeste-dekorative-gartenleuchten-fuer-party-weihnachten-und-hochzeit\/","title":{"rendered":"BBOUNDER Weihnachten Dekoration Lichterkette, Halloween Dekoration Lichterkette IP65 Wasserdicht Au\u00dfen 15 Birnen 146CM\u2026"},"content":{"rendered":"<p>Fantastische Au\u00dfen Dekorationsbeleuchtung:Schm\u00fccken Sie Ihre Garten mit unserer Lichtkette wie eine Kneipe, damit schaffen Sie eine perfekte Atmosph\u00e4re f\u00fcr eine Geburtstagsfeier, ein Familientreffen oder Hochzeitsbankette. Geeignet f\u00fcr Garten, Balkon, Pavillon, Veranda, Terrasse oder Pergola, kann auch als Dekoration f\u00fcr Weihnachtsb\u00e4ume verwendet werden.<br \/>\nDimmbar und Energiesparend: Es kann mit einem Dimmschalter (NICHT enthalten) verwendet werden, um eine gr\u00f6\u00dfere Flexibilit\u00e4t bei der Stimmungsbeleuchtung und ein sanftes Leuchten zu erzielen. 15 LED Energiesparlampen aus Kunststoff im Stil von Edison Vintage(jeweils 2 W, insgesamt 30 W), die hell genug sind und gleichzeitig Ihre Stromkosten erheblich mindern. Au\u00dferdem haben wir CE-Zertifizierung.<br \/>\nEinfache Installation und Anschlie\u00dfen mehrerer Dr\u00e4hte: Jeder Draht enth\u00e4lt E27-basierte Aufh\u00e4ngebuchsen, die mit den eingebauten Schlaufen (Durchmesser: 6 mm) einfach an Becherhaken, F\u00fchrungsdr\u00e4hten oder Kabelbindern aufgeh\u00e4ngt werden k\u00f6nnen. Jede Lichterkette ist 14,6 Meter lang, aber Sie k\u00f6nnen die L\u00e4nge verl\u00e4ngern, indem Sie bis zu 30 Lichterketten miteinander verbinden.<br \/>\nWetterfest und Schwerlast: Diese Lichterketten sind so konzipiert, dass sie dem Verschlei\u00df des ganzj\u00e4hrigen Einsatzes im Freien standhalten. Das Isoliermaterial kann das Kabel vor hei\u00dfem Wetter, Sonne, Wind, Regen, Schnee und Feuchtigkeit sch\u00fctzen. Das robuste Lichtkabel ist gummiartig, flexibler und dicker als ein herk\u00f6mmliches Kabel, sodass Sie diese extrem haltbaren Lichterketten jahrelang sicher ausstellen k\u00f6nnen.<br \/>\nZufriedenstellender Kundenservice: Bbounder ist bestrebt, einen sorgenfreien Kundenservice zu bieten. Wenn Sie Fragen haben oder mit den Produkten nicht zufrieden sind, wenden Sie sich bitte direkt an uns. Wir werden unser Bestes tun, um Ihnen bei der L\u00f6sung Ihres Problems zu helfen!<br \/>\n<div class=\"main-cross-sell\" data-asin=\"B08C2K16W5\">\n\n\t<div class=\"WooZone-cross-sell-loader\">\n\t\t<div>\n\t\t\t<div id=\"floatingBarsG\">\n\t\t\t\t<div class=\"blockG\" id=\"rotateG_01\"><\/div>\n\t\t\t\t<div class=\"blockG\" id=\"rotateG_02\"><\/div>\n\t\t\t\t<div class=\"blockG\" id=\"rotateG_03\"><\/div>\n\t\t\t\t<div class=\"blockG\" id=\"rotateG_04\"><\/div>\n\t\t\t\t<div class=\"blockG\" id=\"rotateG_05\"><\/div>\n\t\t\t\t<div class=\"blockG\" id=\"rotateG_06\"><\/div>\n\t\t\t\t<div class=\"blockG\" id=\"rotateG_07\"><\/div>\n\t\t\t\t<div class=\"blockG\" id=\"rotateG_08\"><\/div>\n\t\t\t<\/div>\n\t\t\t<div class=\"WooZone-cross-sell-loader-text\"><\/div>\n\t\t<\/div>\n\t<\/div>\n\n\t\t\n<\/div>\n<div style=\"clear:both;\"><\/div><\/p>\n","protected":false},"excerpt":{"rendered":"<p>Fantastische Au\u00dfen Dekorationsbeleuchtung:Schm\u00fccken Sie Ihre Garten mit unserer Lichtkette wie eine Kneipe, damit schaffen Sie eine perfekte Atmosph\u00e4re f\u00fcr eine Geburtstagsfeier, ein Familientreffen oder Hochzeitsbankette. Geeignet f\u00fcr Garten, Balkon, Pavillon, Veranda, Terrasse oder Pergola, kann auch als Dekoration f\u00fcr Weihnachtsb\u00e4ume verwendet werden.<br \/>\nDimmbar und Energiesparend: Es kann mit einem Dimmschalter (NICHT enthalten) verwendet werden, um eine gr\u00f6\u00dfere Flexibilit\u00e4t bei der Stimmungsbeleuchtung und ein sanftes Leuchten zu erzielen. 15 LED Energiesparlampen aus Kunststoff im Stil von Edison Vintage(jeweils 2 W, insgesamt 30 W), die hell genug sind und gleichzeitig Ihre Stromkosten erheblich mindern. Au\u00dferdem haben wir CE-Zertifizierung.<br \/>\nEinfache Installation und Anschlie\u00dfen mehrerer Dr\u00e4hte: Jeder Draht enth\u00e4lt E27-basierte Aufh\u00e4ngebuchsen, die mit den eingebauten Schlaufen (Durchmesser: 6 mm) einfach an Becherhaken, F\u00fchrungsdr\u00e4hten oder Kabelbindern aufgeh\u00e4ngt werden k\u00f6nnen. Jede Lichterkette ist 14,6 Meter lang, aber Sie k\u00f6nnen die L\u00e4nge verl\u00e4ngern, indem Sie bis zu 30 Lichterketten miteinander verbinden.<\/p>\n","protected":false},"featured_media":106010,"comment_status":"open","ping_status":"closed","template":"","meta":[],"product_brand":[],"product_cat":[2108,15624],"product_tag":[],"class_list":{"0":"post-106009","1":"product","2":"type-product","3":"status-publish","4":"has-post-thumbnail","6":"product_cat-beleuchtung","7":"product_cat-weihnachtsbeleuchtung","8":"pa_brand-bbounder","9":"pa_manufacturer-bbounder","11":"first","12":"instock","13":"shipping-taxable","14":"purchasable","15":"product-type-simple","16":"customify-col","17":"product-has-gallery"},"yoast_head":"<!-- This site is optimized with the Yoast SEO plugin v27.4 - https:\/\/yoast.com\/product\/yoast-seo-wordpress\/ -->\n<title>BBOUNDER Weihnachten Dekoration Lichterkette, Halloween Dekoration Lichterkette IP65 Wasserdicht Au\u00dfen 15 Birnen 146CM\u2026 - Markt-XXL<\/title>\n<meta name=\"description\" content=\"Markt-XXL BBOUNDER Weihnachten Dekoration Lichterkette, Halloween Dekoration Lichterkette IP65 Wasserdicht Au\u00dfen 15 Birnen 146CM\u2026\" \/>\n<meta name=\"robots\" content=\"index, follow, max-snippet:-1, max-image-preview:large, max-video-preview:-1\" \/>\n<link rel=\"canonical\" href=\"https:\/\/marktxxl.de\/markt\/produkt\/bbounder-lichterkette-aussen-146m-15er-led-e27-gluehbirnen-2w-dimmbaren-aus-kunststoff-wetterfeste-dekorative-gartenleuchten-fuer-party-weihnachten-und-hochzeit\/\" \/>\n<meta property=\"og:locale\" content=\"de_DE\" \/>\n<meta property=\"og:type\" content=\"article\" \/>\n<meta property=\"og:title\" content=\"BBOUNDER Weihnachten Dekoration Lichterkette, Halloween Dekoration Lichterkette IP65 Wasserdicht Au\u00dfen 15 Birnen 146CM\u2026 - Markt-XXL\" \/>\n<meta property=\"og:description\" content=\"Markt-XXL BBOUNDER Weihnachten Dekoration Lichterkette, Halloween Dekoration Lichterkette IP65 Wasserdicht Au\u00dfen 15 Birnen 146CM\u2026\" \/>\n<meta property=\"og:url\" content=\"https:\/\/marktxxl.de\/markt\/produkt\/bbounder-lichterkette-aussen-146m-15er-led-e27-gluehbirnen-2w-dimmbaren-aus-kunststoff-wetterfeste-dekorative-gartenleuchten-fuer-party-weihnachten-und-hochzeit\/\" \/>\n<meta property=\"og:site_name\" content=\"Markt-XXL\" \/>\n<meta property=\"article:modified_time\" content=\"2023-04-09T01:06:22+00:00\" \/>\n<meta property=\"og:image\" content=\"https:\/\/m.media-amazon.com\/images\/I\/41z3sd84WzS._SL500_.jpg\" \/>\n\t<meta property=\"og:image:width\" content=\"500\" \/>\n\t<meta property=\"og:image:height\" content=\"500\" \/>\n\t<meta property=\"og:image:type\" content=\"image\/jpeg\" \/>\n<meta name=\"twitter:card\" content=\"summary_large_image\" \/>\n<meta name=\"twitter:label1\" content=\"Gesch\u00e4tzte Lesezeit\" \/>\n\t<meta name=\"twitter:data1\" content=\"1\u00a0Minute\" \/>\n<script type=\"application\/ld+json\" class=\"yoast-schema-graph\">{\"@context\":\"https:\\\/\\\/schema.org\",\"@graph\":[{\"@type\":\"WebPage\",\"@id\":\"https:\\\/\\\/marktxxl.de\\\/markt\\\/produkt\\\/bbounder-lichterkette-aussen-146m-15er-led-e27-gluehbirnen-2w-dimmbaren-aus-kunststoff-wetterfeste-dekorative-gartenleuchten-fuer-party-weihnachten-und-hochzeit\\\/\",\"url\":\"https:\\\/\\\/marktxxl.de\\\/markt\\\/produkt\\\/bbounder-lichterkette-aussen-146m-15er-led-e27-gluehbirnen-2w-dimmbaren-aus-kunststoff-wetterfeste-dekorative-gartenleuchten-fuer-party-weihnachten-und-hochzeit\\\/\",\"name\":\"BBOUNDER Weihnachten Dekoration Lichterkette, Halloween Dekoration Lichterkette IP65 Wasserdicht Au\u00dfen 15 Birnen 146CM\u2026 - Markt-XXL\",\"isPartOf\":{\"@id\":\"https:\\\/\\\/marktxxl.de\\\/markt\\\/#website\"},\"primaryImageOfPage\":{\"@id\":\"https:\\\/\\\/marktxxl.de\\\/markt\\\/produkt\\\/bbounder-lichterkette-aussen-146m-15er-led-e27-gluehbirnen-2w-dimmbaren-aus-kunststoff-wetterfeste-dekorative-gartenleuchten-fuer-party-weihnachten-und-hochzeit\\\/#primaryimage\"},\"image\":{\"@id\":\"https:\\\/\\\/marktxxl.de\\\/markt\\\/produkt\\\/bbounder-lichterkette-aussen-146m-15er-led-e27-gluehbirnen-2w-dimmbaren-aus-kunststoff-wetterfeste-dekorative-gartenleuchten-fuer-party-weihnachten-und-hochzeit\\\/#primaryimage\"},\"thumbnailUrl\":\"https:\\\/\\\/m.media-amazon.com\\\/images\\\/I\\\/41z3sd84WzS._SL500_.jpg\",\"datePublished\":\"2022-02-26T13:37:06+00:00\",\"dateModified\":\"2023-04-09T01:06:22+00:00\",\"description\":\"Markt-XXL BBOUNDER Weihnachten Dekoration Lichterkette, Halloween Dekoration Lichterkette IP65 Wasserdicht Au\u00dfen 15 Birnen 146CM\u2026\",\"breadcrumb\":{\"@id\":\"https:\\\/\\\/marktxxl.de\\\/markt\\\/produkt\\\/bbounder-lichterkette-aussen-146m-15er-led-e27-gluehbirnen-2w-dimmbaren-aus-kunststoff-wetterfeste-dekorative-gartenleuchten-fuer-party-weihnachten-und-hochzeit\\\/#breadcrumb\"},\"inLanguage\":\"de\",\"potentialAction\":[{\"@type\":\"ReadAction\",\"target\":[\"https:\\\/\\\/marktxxl.de\\\/markt\\\/produkt\\\/bbounder-lichterkette-aussen-146m-15er-led-e27-gluehbirnen-2w-dimmbaren-aus-kunststoff-wetterfeste-dekorative-gartenleuchten-fuer-party-weihnachten-und-hochzeit\\\/\"]}]},{\"@type\":\"ImageObject\",\"inLanguage\":\"de\",\"@id\":\"https:\\\/\\\/marktxxl.de\\\/markt\\\/produkt\\\/bbounder-lichterkette-aussen-146m-15er-led-e27-gluehbirnen-2w-dimmbaren-aus-kunststoff-wetterfeste-dekorative-gartenleuchten-fuer-party-weihnachten-und-hochzeit\\\/#primaryimage\",\"url\":\"https:\\\/\\\/m.media-amazon.com\\\/images\\\/I\\\/41z3sd84WzS._SL500_.jpg\",\"contentUrl\":\"https:\\\/\\\/m.media-amazon.com\\\/images\\\/I\\\/41z3sd84WzS._SL500_.jpg\",\"width\":500,\"height\":500},{\"@type\":\"BreadcrumbList\",\"@id\":\"https:\\\/\\\/marktxxl.de\\\/markt\\\/produkt\\\/bbounder-lichterkette-aussen-146m-15er-led-e27-gluehbirnen-2w-dimmbaren-aus-kunststoff-wetterfeste-dekorative-gartenleuchten-fuer-party-weihnachten-und-hochzeit\\\/#breadcrumb\",\"itemListElement\":[{\"@type\":\"ListItem\",\"position\":1,\"name\":\"Startseite\",\"item\":\"https:\\\/\\\/marktxxl.de\\\/markt\\\/\"},{\"@type\":\"ListItem\",\"position\":2,\"name\":\"Markt\",\"item\":\"https:\\\/\\\/marktxxl.de\\\/markt\\\/\"},{\"@type\":\"ListItem\",\"position\":3,\"name\":\"BBOUNDER Weihnachten Dekoration Lichterkette, Halloween Dekoration Lichterkette IP65 Wasserdicht Au\u00dfen 15 Birnen 146CM\u2026\"}]},{\"@type\":\"WebSite\",\"@id\":\"https:\\\/\\\/marktxxl.de\\\/markt\\\/#website\",\"url\":\"https:\\\/\\\/marktxxl.de\\\/markt\\\/\",\"name\":\"Markt-XXL\",\"description\":\"Ihr Markt Online\",\"publisher\":{\"@id\":\"https:\\\/\\\/marktxxl.de\\\/markt\\\/#organization\"},\"potentialAction\":[{\"@type\":\"SearchAction\",\"target\":{\"@type\":\"EntryPoint\",\"urlTemplate\":\"https:\\\/\\\/marktxxl.de\\\/markt\\\/?s={search_term_string}\"},\"query-input\":{\"@type\":\"PropertyValueSpecification\",\"valueRequired\":true,\"valueName\":\"search_term_string\"}}],\"inLanguage\":\"de\"},{\"@type\":\"Organization\",\"@id\":\"https:\\\/\\\/marktxxl.de\\\/markt\\\/#organization\",\"name\":\"Markt-XXL\",\"url\":\"https:\\\/\\\/marktxxl.de\\\/markt\\\/\",\"logo\":{\"@type\":\"ImageObject\",\"inLanguage\":\"de\",\"@id\":\"https:\\\/\\\/marktxxl.de\\\/markt\\\/#\\\/schema\\\/logo\\\/image\\\/\",\"url\":\"https:\\\/\\\/marktxxl.de\\\/markt\\\/wp-content\\\/uploads\\\/sites\\\/3\\\/2020\\\/12\\\/logo.png\",\"contentUrl\":\"https:\\\/\\\/marktxxl.de\\\/markt\\\/wp-content\\\/uploads\\\/sites\\\/3\\\/2020\\\/12\\\/logo.png\",\"width\":200,\"height\":70,\"caption\":\"Markt-XXL\"},\"image\":{\"@id\":\"https:\\\/\\\/marktxxl.de\\\/markt\\\/#\\\/schema\\\/logo\\\/image\\\/\"}}]}<\/script>\n<!-- \/ Yoast SEO plugin. -->","yoast_head_json":{"title":"BBOUNDER Weihnachten Dekoration Lichterkette, Halloween Dekoration Lichterkette IP65 Wasserdicht Au\u00dfen 15 Birnen 146CM\u2026 - Markt-XXL","description":"Markt-XXL BBOUNDER Weihnachten Dekoration Lichterkette, Halloween Dekoration Lichterkette IP65 Wasserdicht Au\u00dfen 15 Birnen 146CM\u2026","robots":{"index":"index","follow":"follow","max-snippet":"max-snippet:-1","max-image-preview":"max-image-preview:large","max-video-preview":"max-video-preview:-1"},"canonical":"https:\/\/marktxxl.de\/markt\/produkt\/bbounder-lichterkette-aussen-146m-15er-led-e27-gluehbirnen-2w-dimmbaren-aus-kunststoff-wetterfeste-dekorative-gartenleuchten-fuer-party-weihnachten-und-hochzeit\/","og_locale":"de_DE","og_type":"article","og_title":"BBOUNDER Weihnachten Dekoration Lichterkette, Halloween Dekoration Lichterkette IP65 Wasserdicht Au\u00dfen 15 Birnen 146CM\u2026 - Markt-XXL","og_description":"Markt-XXL BBOUNDER Weihnachten Dekoration Lichterkette, Halloween Dekoration Lichterkette IP65 Wasserdicht Au\u00dfen 15 Birnen 146CM\u2026","og_url":"https:\/\/marktxxl.de\/markt\/produkt\/bbounder-lichterkette-aussen-146m-15er-led-e27-gluehbirnen-2w-dimmbaren-aus-kunststoff-wetterfeste-dekorative-gartenleuchten-fuer-party-weihnachten-und-hochzeit\/","og_site_name":"Markt-XXL","article_modified_time":"2023-04-09T01:06:22+00:00","og_image":[{"width":500,"height":500,"url":"https:\/\/m.media-amazon.com\/images\/I\/41z3sd84WzS._SL500_.jpg","type":"image\/jpeg"}],"twitter_card":"summary_large_image","twitter_misc":{"Gesch\u00e4tzte Lesezeit":"1\u00a0Minute"},"schema":{"@context":"https:\/\/schema.org","@graph":[{"@type":"WebPage","@id":"https:\/\/marktxxl.de\/markt\/produkt\/bbounder-lichterkette-aussen-146m-15er-led-e27-gluehbirnen-2w-dimmbaren-aus-kunststoff-wetterfeste-dekorative-gartenleuchten-fuer-party-weihnachten-und-hochzeit\/","url":"https:\/\/marktxxl.de\/markt\/produkt\/bbounder-lichterkette-aussen-146m-15er-led-e27-gluehbirnen-2w-dimmbaren-aus-kunststoff-wetterfeste-dekorative-gartenleuchten-fuer-party-weihnachten-und-hochzeit\/","name":"BBOUNDER Weihnachten Dekoration Lichterkette, Halloween Dekoration Lichterkette IP65 Wasserdicht Au\u00dfen 15 Birnen 146CM\u2026 - Markt-XXL","isPartOf":{"@id":"https:\/\/marktxxl.de\/markt\/#website"},"primaryImageOfPage":{"@id":"https:\/\/marktxxl.de\/markt\/produkt\/bbounder-lichterkette-aussen-146m-15er-led-e27-gluehbirnen-2w-dimmbaren-aus-kunststoff-wetterfeste-dekorative-gartenleuchten-fuer-party-weihnachten-und-hochzeit\/#primaryimage"},"image":{"@id":"https:\/\/marktxxl.de\/markt\/produkt\/bbounder-lichterkette-aussen-146m-15er-led-e27-gluehbirnen-2w-dimmbaren-aus-kunststoff-wetterfeste-dekorative-gartenleuchten-fuer-party-weihnachten-und-hochzeit\/#primaryimage"},"thumbnailUrl":"https:\/\/m.media-amazon.com\/images\/I\/41z3sd84WzS._SL500_.jpg","datePublished":"2022-02-26T13:37:06+00:00","dateModified":"2023-04-09T01:06:22+00:00","description":"Markt-XXL BBOUNDER Weihnachten Dekoration Lichterkette, Halloween Dekoration Lichterkette IP65 Wasserdicht Au\u00dfen 15 Birnen 146CM\u2026","breadcrumb":{"@id":"https:\/\/marktxxl.de\/markt\/produkt\/bbounder-lichterkette-aussen-146m-15er-led-e27-gluehbirnen-2w-dimmbaren-aus-kunststoff-wetterfeste-dekorative-gartenleuchten-fuer-party-weihnachten-und-hochzeit\/#breadcrumb"},"inLanguage":"de","potentialAction":[{"@type":"ReadAction","target":["https:\/\/marktxxl.de\/markt\/produkt\/bbounder-lichterkette-aussen-146m-15er-led-e27-gluehbirnen-2w-dimmbaren-aus-kunststoff-wetterfeste-dekorative-gartenleuchten-fuer-party-weihnachten-und-hochzeit\/"]}]},{"@type":"ImageObject","inLanguage":"de","@id":"https:\/\/marktxxl.de\/markt\/produkt\/bbounder-lichterkette-aussen-146m-15er-led-e27-gluehbirnen-2w-dimmbaren-aus-kunststoff-wetterfeste-dekorative-gartenleuchten-fuer-party-weihnachten-und-hochzeit\/#primaryimage","url":"https:\/\/m.media-amazon.com\/images\/I\/41z3sd84WzS._SL500_.jpg","contentUrl":"https:\/\/m.media-amazon.com\/images\/I\/41z3sd84WzS._SL500_.jpg","width":500,"height":500},{"@type":"BreadcrumbList","@id":"https:\/\/marktxxl.de\/markt\/produkt\/bbounder-lichterkette-aussen-146m-15er-led-e27-gluehbirnen-2w-dimmbaren-aus-kunststoff-wetterfeste-dekorative-gartenleuchten-fuer-party-weihnachten-und-hochzeit\/#breadcrumb","itemListElement":[{"@type":"ListItem","position":1,"name":"Startseite","item":"https:\/\/marktxxl.de\/markt\/"},{"@type":"ListItem","position":2,"name":"Markt","item":"https:\/\/marktxxl.de\/markt\/"},{"@type":"ListItem","position":3,"name":"BBOUNDER Weihnachten Dekoration Lichterkette, Halloween Dekoration Lichterkette IP65 Wasserdicht Au\u00dfen 15 Birnen 146CM\u2026"}]},{"@type":"WebSite","@id":"https:\/\/marktxxl.de\/markt\/#website","url":"https:\/\/marktxxl.de\/markt\/","name":"Markt-XXL","description":"Ihr Markt Online","publisher":{"@id":"https:\/\/marktxxl.de\/markt\/#organization"},"potentialAction":[{"@type":"SearchAction","target":{"@type":"EntryPoint","urlTemplate":"https:\/\/marktxxl.de\/markt\/?s={search_term_string}"},"query-input":{"@type":"PropertyValueSpecification","valueRequired":true,"valueName":"search_term_string"}}],"inLanguage":"de"},{"@type":"Organization","@id":"https:\/\/marktxxl.de\/markt\/#organization","name":"Markt-XXL","url":"https:\/\/marktxxl.de\/markt\/","logo":{"@type":"ImageObject","inLanguage":"de","@id":"https:\/\/marktxxl.de\/markt\/#\/schema\/logo\/image\/","url":"https:\/\/marktxxl.de\/markt\/wp-content\/uploads\/sites\/3\/2020\/12\/logo.png","contentUrl":"https:\/\/marktxxl.de\/markt\/wp-content\/uploads\/sites\/3\/2020\/12\/logo.png","width":200,"height":70,"caption":"Markt-XXL"},"image":{"@id":"https:\/\/marktxxl.de\/markt\/#\/schema\/logo\/image\/"}}]}},"_links":{"self":[{"href":"https:\/\/marktxxl.de\/markt\/wp-json\/wp\/v2\/product\/106009","targetHints":{"allow":["GET"]}}],"collection":[{"href":"https:\/\/marktxxl.de\/markt\/wp-json\/wp\/v2\/product"}],"about":[{"href":"https:\/\/marktxxl.de\/markt\/wp-json\/wp\/v2\/types\/product"}],"replies":[{"embeddable":true,"href":"https:\/\/marktxxl.de\/markt\/wp-json\/wp\/v2\/comments?post=106009"}],"wp:featuredmedia":[{"embeddable":true,"href":"https:\/\/marktxxl.de\/markt\/wp-json\/wp\/v2\/media\/106010"}],"wp:attachment":[{"href":"https:\/\/marktxxl.de\/markt\/wp-json\/wp\/v2\/media?parent=106009"}],"wp:term":[{"taxonomy":"product_brand","embeddable":true,"href":"https:\/\/marktxxl.de\/markt\/wp-json\/wp\/v2\/product_brand?post=106009"},{"taxonomy":"product_cat","embeddable":true,"href":"https:\/\/marktxxl.de\/markt\/wp-json\/wp\/v2\/product_cat?post=106009"},{"taxonomy":"product_tag","embeddable":true,"href":"https:\/\/marktxxl.de\/markt\/wp-json\/wp\/v2\/product_tag?post=106009"}],"curies":[{"name":"wp","href":"https:\/\/api.w.org\/{rel}","templated":true}]}}