{"id":105796,"date":"2022-02-26T14:24:52","date_gmt":"2022-02-26T13:24:52","guid":{"rendered":"https:\/\/marktxxl.de\/markt\/produkt\/einfuehrungspreis-bio-retinol-serum-hochdosiert-50ml-vegan-hochdosiertes-retinol-hanfsamenoel-strahlende-ebenmaessige-haut-anti-aging-fuer-das-gesicht-ana\/"},"modified":"2023-04-09T03:05:22","modified_gmt":"2023-04-09T01:05:22","slug":"einfuehrungspreis-bio-retinol-serum-hochdosiert-50ml-vegan-hochdosiertes-retinol-hanfsamenoel-strahlende-ebenmaessige-haut-anti-aging-fuer-das-gesicht-ana","status":"publish","type":"product","link":"https:\/\/marktxxl.de\/markt\/produkt\/einfuehrungspreis-bio-retinol-serum-hochdosiert-50ml-vegan-hochdosiertes-retinol-hanfsamenoel-strahlende-ebenmaessige-haut-anti-aging-fuer-das-gesicht-ana\/","title":{"rendered":"EINF\u00dcHRUNGSPREIS &#8211; BIO Retinol Serum Hochdosiert \u201350ml -Vegan \u2013Hochdosiertes Retinol + Hanfsamen\u00f6l &#8211; Strahlende\u2026"},"content":{"rendered":"<p>HOCHKONZENTRIERTES, VEGANES BIO RETINOL ANTI- AGING SERUM &#8211; Die multimolekulare Hyalurons\u00e4ure wirkt der Hautalterung entgegen. Das Ergebnis ist eine sofort sichtbare Erhebung der Gesichtspartie und Faltenreduzierung. Langfristig verbessert sich Deine Hautstruktur und die Elastizit\u00e4t kehrt zur\u00fcck.<br \/>\nJ\u00dcNGERES HAUTBILD UND STRAHLENDERES AUSSEHEN &#8211; Durch die Kombination aus hochwirksamer Hyalurons\u00e4ure und dem einzigartigen HGA-Boosterkomplex bestehend aus: Astaxanthin, Hyaluron, Hanf\u00f6l und Bio-Gurkenextrakt, wird das Feuchtigkeitsdefizit Deiner Haut ausgeglichen, dem Kollagenabbau entgegengewirkt und die freien Radikalen neutralisiert.<br \/>\nHOCHWERTIGE BIO INHALTSSTOFFE F\u00dcR GESICHT, HALS UND DEKOLLET\u00c9 \u2013 Astraxanthin als wirksamer Radikalf\u00e4nger, beruhigendes &amp; pflegendes Allantoin, feuchtigkeitsbindendes &amp; regenerierendes Panthenol und Vitamin E, dass die Feuchtigkeitsdepots der Haut auff\u00fcllt &amp; die nat\u00fcrliche Kollagensynthese wieder ankurbelt, erg\u00e4nzen sich perfekt mit unserer hochwirksamen Hyalurons\u00e4ure.<br \/>\nDERMATOLOGISCH GETESTETE BIO NATURKOSMETIK \u2013 All unsere Produkte sind tierversuchsfrei und vollkommen vegan. Zudem verwenden wir keine umstrittenen Zusatzstoffe: OHNE Parabene, OHNE Parf\u00fcme, OHNE PEGs. Unser Hyaluron Serum wird in Deutschland hergestellt und ist dermatologisch mit \u201esehr gut\u201c bewertet worden.<br \/>\nENTSCHEIDE DICH JETZT F\u00dcR EINE STRAHLEND SCH\u00d6NE HAUT- Wir, das Team von ANA Naturkosmetik bieten dir eine Bandbreite an vielf\u00e4ltigen Produkten, die nicht nur wirksam, sondern auch noch umweltfreundlich hergestellt sind. Unsere qualitativen Inhaltsstoffe eignen sich f\u00fcr jeden Hauttypen, sogar f\u00fcr besonders sensible und trockene Haut. \u00dcberzeuge dich selbst und w\u00e4hle ANA, deiner Haut und der Umwelt zur Liebe.<br \/>\n<div class=\"main-cross-sell\" data-asin=\"B082M1W2ZL\">\n\n\t<div class=\"WooZone-cross-sell-loader\">\n\t\t<div>\n\t\t\t<div id=\"floatingBarsG\">\n\t\t\t\t<div class=\"blockG\" id=\"rotateG_01\"><\/div>\n\t\t\t\t<div class=\"blockG\" id=\"rotateG_02\"><\/div>\n\t\t\t\t<div class=\"blockG\" id=\"rotateG_03\"><\/div>\n\t\t\t\t<div class=\"blockG\" id=\"rotateG_04\"><\/div>\n\t\t\t\t<div class=\"blockG\" id=\"rotateG_05\"><\/div>\n\t\t\t\t<div class=\"blockG\" id=\"rotateG_06\"><\/div>\n\t\t\t\t<div class=\"blockG\" id=\"rotateG_07\"><\/div>\n\t\t\t\t<div class=\"blockG\" id=\"rotateG_08\"><\/div>\n\t\t\t<\/div>\n\t\t\t<div class=\"WooZone-cross-sell-loader-text\"><\/div>\n\t\t<\/div>\n\t<\/div>\n\n\t\t\n<\/div>\n<div style=\"clear:both;\"><\/div><\/p>\n","protected":false},"excerpt":{"rendered":"<p>HOCHKONZENTRIERTES, VEGANES BIO RETINOL ANTI- AGING SERUM &#8211; Die multimolekulare Hyalurons\u00e4ure wirkt der Hautalterung entgegen. Das Ergebnis ist eine sofort sichtbare Erhebung der Gesichtspartie und Faltenreduzierung. Langfristig verbessert sich Deine Hautstruktur und die Elastizit\u00e4t kehrt zur\u00fcck.<br \/>\nJ\u00dcNGERES HAUTBILD UND STRAHLENDERES AUSSEHEN &#8211; Durch die Kombination aus hochwirksamer Hyalurons\u00e4ure und dem einzigartigen HGA-Boosterkomplex bestehend aus: Astaxanthin, Hyaluron, Hanf\u00f6l und Bio-Gurkenextrakt, wird das Feuchtigkeitsdefizit Deiner Haut ausgeglichen, dem Kollagenabbau entgegengewirkt und die freien Radikalen neutralisiert.<br \/>\nHOCHWERTIGE BIO INHALTSSTOFFE F\u00dcR GESICHT, HALS UND DEKOLLET\u00c9 \u2013 Astraxanthin als wirksamer Radikalf\u00e4nger, beruhigendes &amp; pflegendes Allantoin, feuchtigkeitsbindendes &amp; regenerierendes Panthenol und Vitamin E, dass die Feuchtigkeitsdepots der Haut auff\u00fcllt &amp; die nat\u00fcrliche Kollagensynthese wieder ankurbelt, erg\u00e4nzen sich perfekt mit unserer hochwirksamen Hyalurons\u00e4ure.<\/p>\n","protected":false},"featured_media":105797,"comment_status":"open","ping_status":"closed","template":"","meta":[],"product_brand":[],"product_cat":[2858,7067],"product_tag":[],"class_list":{"0":"post-105796","1":"product","2":"type-product","3":"status-publish","4":"has-post-thumbnail","6":"product_cat-beauty","7":"product_cat-hautpflege","8":"pa_brand-ana-naturkosmetik","9":"pa_manufacturer-bernecker-cosmetics-gmbh","10":"pa_size-50-ml","12":"first","13":"instock","14":"shipping-taxable","15":"purchasable","16":"product-type-simple","17":"customify-col","18":"product-has-gallery"},"yoast_head":"<!-- This site is optimized with the Yoast SEO plugin v27.4 - https:\/\/yoast.com\/product\/yoast-seo-wordpress\/ -->\n<title>EINF\u00dcHRUNGSPREIS - BIO Retinol Serum Hochdosiert \u201350ml -Vegan \u2013Hochdosiertes Retinol + Hanfsamen\u00f6l - Strahlende\u2026 - Markt-XXL<\/title>\n<meta name=\"description\" content=\"Markt-XXL EINF\u00dcHRUNGSPREIS - BIO Retinol Serum Hochdosiert \u201350ml -Vegan \u2013Hochdosiertes Retinol + Hanfsamen\u00f6l - Strahlende\u2026\" \/>\n<meta name=\"robots\" content=\"index, follow, max-snippet:-1, max-image-preview:large, max-video-preview:-1\" \/>\n<link rel=\"canonical\" href=\"https:\/\/marktxxl.de\/markt\/produkt\/einfuehrungspreis-bio-retinol-serum-hochdosiert-50ml-vegan-hochdosiertes-retinol-hanfsamenoel-strahlende-ebenmaessige-haut-anti-aging-fuer-das-gesicht-ana\/\" \/>\n<meta property=\"og:locale\" content=\"de_DE\" \/>\n<meta property=\"og:type\" content=\"article\" \/>\n<meta property=\"og:title\" content=\"EINF\u00dcHRUNGSPREIS - BIO Retinol Serum Hochdosiert \u201350ml -Vegan \u2013Hochdosiertes Retinol + Hanfsamen\u00f6l - Strahlende\u2026 - Markt-XXL\" \/>\n<meta property=\"og:description\" content=\"Markt-XXL EINF\u00dcHRUNGSPREIS - BIO Retinol Serum Hochdosiert \u201350ml -Vegan \u2013Hochdosiertes Retinol + Hanfsamen\u00f6l - Strahlende\u2026\" \/>\n<meta property=\"og:url\" content=\"https:\/\/marktxxl.de\/markt\/produkt\/einfuehrungspreis-bio-retinol-serum-hochdosiert-50ml-vegan-hochdosiertes-retinol-hanfsamenoel-strahlende-ebenmaessige-haut-anti-aging-fuer-das-gesicht-ana\/\" \/>\n<meta property=\"og:site_name\" content=\"Markt-XXL\" \/>\n<meta property=\"article:modified_time\" content=\"2023-04-09T01:05:22+00:00\" \/>\n<meta property=\"og:image\" content=\"https:\/\/m.media-amazon.com\/images\/I\/41p7Wnbg9CL._SL500_.jpg\" \/>\n\t<meta property=\"og:image:width\" content=\"500\" \/>\n\t<meta property=\"og:image:height\" content=\"500\" \/>\n\t<meta property=\"og:image:type\" content=\"image\/jpeg\" \/>\n<meta name=\"twitter:card\" content=\"summary_large_image\" \/>\n<meta name=\"twitter:label1\" content=\"Gesch\u00e4tzte Lesezeit\" \/>\n\t<meta name=\"twitter:data1\" content=\"1\u00a0Minute\" \/>\n<script type=\"application\/ld+json\" class=\"yoast-schema-graph\">{\"@context\":\"https:\\\/\\\/schema.org\",\"@graph\":[{\"@type\":\"WebPage\",\"@id\":\"https:\\\/\\\/marktxxl.de\\\/markt\\\/produkt\\\/einfuehrungspreis-bio-retinol-serum-hochdosiert-50ml-vegan-hochdosiertes-retinol-hanfsamenoel-strahlende-ebenmaessige-haut-anti-aging-fuer-das-gesicht-ana\\\/\",\"url\":\"https:\\\/\\\/marktxxl.de\\\/markt\\\/produkt\\\/einfuehrungspreis-bio-retinol-serum-hochdosiert-50ml-vegan-hochdosiertes-retinol-hanfsamenoel-strahlende-ebenmaessige-haut-anti-aging-fuer-das-gesicht-ana\\\/\",\"name\":\"EINF\u00dcHRUNGSPREIS - BIO Retinol Serum Hochdosiert \u201350ml -Vegan \u2013Hochdosiertes Retinol + Hanfsamen\u00f6l - Strahlende\u2026 - Markt-XXL\",\"isPartOf\":{\"@id\":\"https:\\\/\\\/marktxxl.de\\\/markt\\\/#website\"},\"primaryImageOfPage\":{\"@id\":\"https:\\\/\\\/marktxxl.de\\\/markt\\\/produkt\\\/einfuehrungspreis-bio-retinol-serum-hochdosiert-50ml-vegan-hochdosiertes-retinol-hanfsamenoel-strahlende-ebenmaessige-haut-anti-aging-fuer-das-gesicht-ana\\\/#primaryimage\"},\"image\":{\"@id\":\"https:\\\/\\\/marktxxl.de\\\/markt\\\/produkt\\\/einfuehrungspreis-bio-retinol-serum-hochdosiert-50ml-vegan-hochdosiertes-retinol-hanfsamenoel-strahlende-ebenmaessige-haut-anti-aging-fuer-das-gesicht-ana\\\/#primaryimage\"},\"thumbnailUrl\":\"https:\\\/\\\/m.media-amazon.com\\\/images\\\/I\\\/41p7Wnbg9CL._SL500_.jpg\",\"datePublished\":\"2022-02-26T13:24:52+00:00\",\"dateModified\":\"2023-04-09T01:05:22+00:00\",\"description\":\"Markt-XXL EINF\u00dcHRUNGSPREIS - BIO Retinol Serum Hochdosiert \u201350ml -Vegan \u2013Hochdosiertes Retinol + Hanfsamen\u00f6l - Strahlende\u2026\",\"breadcrumb\":{\"@id\":\"https:\\\/\\\/marktxxl.de\\\/markt\\\/produkt\\\/einfuehrungspreis-bio-retinol-serum-hochdosiert-50ml-vegan-hochdosiertes-retinol-hanfsamenoel-strahlende-ebenmaessige-haut-anti-aging-fuer-das-gesicht-ana\\\/#breadcrumb\"},\"inLanguage\":\"de\",\"potentialAction\":[{\"@type\":\"ReadAction\",\"target\":[\"https:\\\/\\\/marktxxl.de\\\/markt\\\/produkt\\\/einfuehrungspreis-bio-retinol-serum-hochdosiert-50ml-vegan-hochdosiertes-retinol-hanfsamenoel-strahlende-ebenmaessige-haut-anti-aging-fuer-das-gesicht-ana\\\/\"]}]},{\"@type\":\"ImageObject\",\"inLanguage\":\"de\",\"@id\":\"https:\\\/\\\/marktxxl.de\\\/markt\\\/produkt\\\/einfuehrungspreis-bio-retinol-serum-hochdosiert-50ml-vegan-hochdosiertes-retinol-hanfsamenoel-strahlende-ebenmaessige-haut-anti-aging-fuer-das-gesicht-ana\\\/#primaryimage\",\"url\":\"https:\\\/\\\/m.media-amazon.com\\\/images\\\/I\\\/41p7Wnbg9CL._SL500_.jpg\",\"contentUrl\":\"https:\\\/\\\/m.media-amazon.com\\\/images\\\/I\\\/41p7Wnbg9CL._SL500_.jpg\",\"width\":500,\"height\":500},{\"@type\":\"BreadcrumbList\",\"@id\":\"https:\\\/\\\/marktxxl.de\\\/markt\\\/produkt\\\/einfuehrungspreis-bio-retinol-serum-hochdosiert-50ml-vegan-hochdosiertes-retinol-hanfsamenoel-strahlende-ebenmaessige-haut-anti-aging-fuer-das-gesicht-ana\\\/#breadcrumb\",\"itemListElement\":[{\"@type\":\"ListItem\",\"position\":1,\"name\":\"Startseite\",\"item\":\"https:\\\/\\\/marktxxl.de\\\/markt\\\/\"},{\"@type\":\"ListItem\",\"position\":2,\"name\":\"Markt\",\"item\":\"https:\\\/\\\/marktxxl.de\\\/markt\\\/\"},{\"@type\":\"ListItem\",\"position\":3,\"name\":\"EINF\u00dcHRUNGSPREIS &#8211; BIO Retinol Serum Hochdosiert \u201350ml -Vegan \u2013Hochdosiertes Retinol + Hanfsamen\u00f6l &#8211; Strahlende\u2026\"}]},{\"@type\":\"WebSite\",\"@id\":\"https:\\\/\\\/marktxxl.de\\\/markt\\\/#website\",\"url\":\"https:\\\/\\\/marktxxl.de\\\/markt\\\/\",\"name\":\"Markt-XXL\",\"description\":\"Ihr Markt Online\",\"publisher\":{\"@id\":\"https:\\\/\\\/marktxxl.de\\\/markt\\\/#organization\"},\"potentialAction\":[{\"@type\":\"SearchAction\",\"target\":{\"@type\":\"EntryPoint\",\"urlTemplate\":\"https:\\\/\\\/marktxxl.de\\\/markt\\\/?s={search_term_string}\"},\"query-input\":{\"@type\":\"PropertyValueSpecification\",\"valueRequired\":true,\"valueName\":\"search_term_string\"}}],\"inLanguage\":\"de\"},{\"@type\":\"Organization\",\"@id\":\"https:\\\/\\\/marktxxl.de\\\/markt\\\/#organization\",\"name\":\"Markt-XXL\",\"url\":\"https:\\\/\\\/marktxxl.de\\\/markt\\\/\",\"logo\":{\"@type\":\"ImageObject\",\"inLanguage\":\"de\",\"@id\":\"https:\\\/\\\/marktxxl.de\\\/markt\\\/#\\\/schema\\\/logo\\\/image\\\/\",\"url\":\"https:\\\/\\\/marktxxl.de\\\/markt\\\/wp-content\\\/uploads\\\/sites\\\/3\\\/2020\\\/12\\\/logo.png\",\"contentUrl\":\"https:\\\/\\\/marktxxl.de\\\/markt\\\/wp-content\\\/uploads\\\/sites\\\/3\\\/2020\\\/12\\\/logo.png\",\"width\":200,\"height\":70,\"caption\":\"Markt-XXL\"},\"image\":{\"@id\":\"https:\\\/\\\/marktxxl.de\\\/markt\\\/#\\\/schema\\\/logo\\\/image\\\/\"}}]}<\/script>\n<!-- \/ Yoast SEO plugin. -->","yoast_head_json":{"title":"EINF\u00dcHRUNGSPREIS - BIO Retinol Serum Hochdosiert \u201350ml -Vegan \u2013Hochdosiertes Retinol + Hanfsamen\u00f6l - Strahlende\u2026 - Markt-XXL","description":"Markt-XXL EINF\u00dcHRUNGSPREIS - BIO Retinol Serum Hochdosiert \u201350ml -Vegan \u2013Hochdosiertes Retinol + Hanfsamen\u00f6l - Strahlende\u2026","robots":{"index":"index","follow":"follow","max-snippet":"max-snippet:-1","max-image-preview":"max-image-preview:large","max-video-preview":"max-video-preview:-1"},"canonical":"https:\/\/marktxxl.de\/markt\/produkt\/einfuehrungspreis-bio-retinol-serum-hochdosiert-50ml-vegan-hochdosiertes-retinol-hanfsamenoel-strahlende-ebenmaessige-haut-anti-aging-fuer-das-gesicht-ana\/","og_locale":"de_DE","og_type":"article","og_title":"EINF\u00dcHRUNGSPREIS - BIO Retinol Serum Hochdosiert \u201350ml -Vegan \u2013Hochdosiertes Retinol + Hanfsamen\u00f6l - Strahlende\u2026 - Markt-XXL","og_description":"Markt-XXL EINF\u00dcHRUNGSPREIS - BIO Retinol Serum Hochdosiert \u201350ml -Vegan \u2013Hochdosiertes Retinol + Hanfsamen\u00f6l - Strahlende\u2026","og_url":"https:\/\/marktxxl.de\/markt\/produkt\/einfuehrungspreis-bio-retinol-serum-hochdosiert-50ml-vegan-hochdosiertes-retinol-hanfsamenoel-strahlende-ebenmaessige-haut-anti-aging-fuer-das-gesicht-ana\/","og_site_name":"Markt-XXL","article_modified_time":"2023-04-09T01:05:22+00:00","og_image":[{"width":500,"height":500,"url":"https:\/\/m.media-amazon.com\/images\/I\/41p7Wnbg9CL._SL500_.jpg","type":"image\/jpeg"}],"twitter_card":"summary_large_image","twitter_misc":{"Gesch\u00e4tzte Lesezeit":"1\u00a0Minute"},"schema":{"@context":"https:\/\/schema.org","@graph":[{"@type":"WebPage","@id":"https:\/\/marktxxl.de\/markt\/produkt\/einfuehrungspreis-bio-retinol-serum-hochdosiert-50ml-vegan-hochdosiertes-retinol-hanfsamenoel-strahlende-ebenmaessige-haut-anti-aging-fuer-das-gesicht-ana\/","url":"https:\/\/marktxxl.de\/markt\/produkt\/einfuehrungspreis-bio-retinol-serum-hochdosiert-50ml-vegan-hochdosiertes-retinol-hanfsamenoel-strahlende-ebenmaessige-haut-anti-aging-fuer-das-gesicht-ana\/","name":"EINF\u00dcHRUNGSPREIS - BIO Retinol Serum Hochdosiert \u201350ml -Vegan \u2013Hochdosiertes Retinol + Hanfsamen\u00f6l - Strahlende\u2026 - Markt-XXL","isPartOf":{"@id":"https:\/\/marktxxl.de\/markt\/#website"},"primaryImageOfPage":{"@id":"https:\/\/marktxxl.de\/markt\/produkt\/einfuehrungspreis-bio-retinol-serum-hochdosiert-50ml-vegan-hochdosiertes-retinol-hanfsamenoel-strahlende-ebenmaessige-haut-anti-aging-fuer-das-gesicht-ana\/#primaryimage"},"image":{"@id":"https:\/\/marktxxl.de\/markt\/produkt\/einfuehrungspreis-bio-retinol-serum-hochdosiert-50ml-vegan-hochdosiertes-retinol-hanfsamenoel-strahlende-ebenmaessige-haut-anti-aging-fuer-das-gesicht-ana\/#primaryimage"},"thumbnailUrl":"https:\/\/m.media-amazon.com\/images\/I\/41p7Wnbg9CL._SL500_.jpg","datePublished":"2022-02-26T13:24:52+00:00","dateModified":"2023-04-09T01:05:22+00:00","description":"Markt-XXL EINF\u00dcHRUNGSPREIS - BIO Retinol Serum Hochdosiert \u201350ml -Vegan \u2013Hochdosiertes Retinol + Hanfsamen\u00f6l - Strahlende\u2026","breadcrumb":{"@id":"https:\/\/marktxxl.de\/markt\/produkt\/einfuehrungspreis-bio-retinol-serum-hochdosiert-50ml-vegan-hochdosiertes-retinol-hanfsamenoel-strahlende-ebenmaessige-haut-anti-aging-fuer-das-gesicht-ana\/#breadcrumb"},"inLanguage":"de","potentialAction":[{"@type":"ReadAction","target":["https:\/\/marktxxl.de\/markt\/produkt\/einfuehrungspreis-bio-retinol-serum-hochdosiert-50ml-vegan-hochdosiertes-retinol-hanfsamenoel-strahlende-ebenmaessige-haut-anti-aging-fuer-das-gesicht-ana\/"]}]},{"@type":"ImageObject","inLanguage":"de","@id":"https:\/\/marktxxl.de\/markt\/produkt\/einfuehrungspreis-bio-retinol-serum-hochdosiert-50ml-vegan-hochdosiertes-retinol-hanfsamenoel-strahlende-ebenmaessige-haut-anti-aging-fuer-das-gesicht-ana\/#primaryimage","url":"https:\/\/m.media-amazon.com\/images\/I\/41p7Wnbg9CL._SL500_.jpg","contentUrl":"https:\/\/m.media-amazon.com\/images\/I\/41p7Wnbg9CL._SL500_.jpg","width":500,"height":500},{"@type":"BreadcrumbList","@id":"https:\/\/marktxxl.de\/markt\/produkt\/einfuehrungspreis-bio-retinol-serum-hochdosiert-50ml-vegan-hochdosiertes-retinol-hanfsamenoel-strahlende-ebenmaessige-haut-anti-aging-fuer-das-gesicht-ana\/#breadcrumb","itemListElement":[{"@type":"ListItem","position":1,"name":"Startseite","item":"https:\/\/marktxxl.de\/markt\/"},{"@type":"ListItem","position":2,"name":"Markt","item":"https:\/\/marktxxl.de\/markt\/"},{"@type":"ListItem","position":3,"name":"EINF\u00dcHRUNGSPREIS &#8211; BIO Retinol Serum Hochdosiert \u201350ml -Vegan \u2013Hochdosiertes Retinol + Hanfsamen\u00f6l &#8211; Strahlende\u2026"}]},{"@type":"WebSite","@id":"https:\/\/marktxxl.de\/markt\/#website","url":"https:\/\/marktxxl.de\/markt\/","name":"Markt-XXL","description":"Ihr Markt Online","publisher":{"@id":"https:\/\/marktxxl.de\/markt\/#organization"},"potentialAction":[{"@type":"SearchAction","target":{"@type":"EntryPoint","urlTemplate":"https:\/\/marktxxl.de\/markt\/?s={search_term_string}"},"query-input":{"@type":"PropertyValueSpecification","valueRequired":true,"valueName":"search_term_string"}}],"inLanguage":"de"},{"@type":"Organization","@id":"https:\/\/marktxxl.de\/markt\/#organization","name":"Markt-XXL","url":"https:\/\/marktxxl.de\/markt\/","logo":{"@type":"ImageObject","inLanguage":"de","@id":"https:\/\/marktxxl.de\/markt\/#\/schema\/logo\/image\/","url":"https:\/\/marktxxl.de\/markt\/wp-content\/uploads\/sites\/3\/2020\/12\/logo.png","contentUrl":"https:\/\/marktxxl.de\/markt\/wp-content\/uploads\/sites\/3\/2020\/12\/logo.png","width":200,"height":70,"caption":"Markt-XXL"},"image":{"@id":"https:\/\/marktxxl.de\/markt\/#\/schema\/logo\/image\/"}}]}},"_links":{"self":[{"href":"https:\/\/marktxxl.de\/markt\/wp-json\/wp\/v2\/product\/105796","targetHints":{"allow":["GET"]}}],"collection":[{"href":"https:\/\/marktxxl.de\/markt\/wp-json\/wp\/v2\/product"}],"about":[{"href":"https:\/\/marktxxl.de\/markt\/wp-json\/wp\/v2\/types\/product"}],"replies":[{"embeddable":true,"href":"https:\/\/marktxxl.de\/markt\/wp-json\/wp\/v2\/comments?post=105796"}],"wp:featuredmedia":[{"embeddable":true,"href":"https:\/\/marktxxl.de\/markt\/wp-json\/wp\/v2\/media\/105797"}],"wp:attachment":[{"href":"https:\/\/marktxxl.de\/markt\/wp-json\/wp\/v2\/media?parent=105796"}],"wp:term":[{"taxonomy":"product_brand","embeddable":true,"href":"https:\/\/marktxxl.de\/markt\/wp-json\/wp\/v2\/product_brand?post=105796"},{"taxonomy":"product_cat","embeddable":true,"href":"https:\/\/marktxxl.de\/markt\/wp-json\/wp\/v2\/product_cat?post=105796"},{"taxonomy":"product_tag","embeddable":true,"href":"https:\/\/marktxxl.de\/markt\/wp-json\/wp\/v2\/product_tag?post=105796"}],"curies":[{"name":"wp","href":"https:\/\/api.w.org\/{rel}","templated":true}]}}