{"id":105779,"date":"2022-02-26T14:24:40","date_gmt":"2022-02-26T13:24:40","guid":{"rendered":"https:\/\/marktxxl.de\/markt\/produkt\/nation-of-strong-hautstraffende-bodylotion-creme-stark-waermendes-koffein-bindegewebe-straffen-dehnungsstreifen-entfernen-in-deutschland-hergestellt-225ml\/"},"modified":"2023-04-09T03:05:21","modified_gmt":"2023-04-09T01:05:21","slug":"nation-of-strong-hautstraffende-bodylotion-creme-stark-waermendes-koffein-bindegewebe-straffen-dehnungsstreifen-entfernen-in-deutschland-hergestellt-225ml","status":"publish","type":"product","link":"https:\/\/marktxxl.de\/markt\/produkt\/nation-of-strong-hautstraffende-bodylotion-creme-stark-waermendes-koffein-bindegewebe-straffen-dehnungsstreifen-entfernen-in-deutschland-hergestellt-225ml\/","title":{"rendered":"nationofstrong Cellulite Creme Testsieger f\u00fcr Bauch, Beine und Po &#8211; Duftet nach Zitrone &#8211; Pflegende Bodylotion bei\u2026"},"content":{"rendered":"<p>\ud83c\udfc6 TESTE DEN SIEGER JETZT | Beim aktuellsten RTL ANTI-CELLULITE-TEST hat ein &#8220;Gel mit Koffein f\u00fcr unter 20 \u20ac&#8221; erstaunliche Erfolge erzielt (durch Arzt best\u00e4tigt). Welches Anticellulite Gel war das wohl? \u00dcberzeuge Dich selbst, und bekomme unser kostenloses E-Book dazu!<br \/>\n\ud83d\udcaa ST\u00c4RKT DEIN BINDEGEWEBE | Frisch duftende und straffende Bodylotion | Auf trockener Haut aufgetragen, entfaltet die Celulitis Creme eine starke W\u00e4rmewirkung | OHNE PARABENE | OHNE MINERAL\u00d6LE | NAT\u00dcRLICH OHNE TIERVERSUCHE<br \/>\n\ud83c\udde9\ud83c\uddea ZUVERL\u00c4SSIGE QUALIT\u00c4T MADE IN GERMANY | hergestellt in Deutschland von einem renommierten Familienunternehmen mit \u00fcber 50 Jahren Erfahrung, spezialisiert auf Bodylotion, K\u00f6rpercreme und Cellulite \u00d6l | DERMATOLOGISCH GETESTET<br \/>\n\ud83c\udf3f NAT\u00dcRLICHE POWER GEGEN ORANGENHAUT AN OBERSCHENKELN, ARMEN, PO | Nat\u00fcrliche Wirkstoffe wie Brennnessel-Extrakt erw\u00e4rmen das Bindegewebe am Oberschenkel, Armen, Bauch und helfen bei der Hautstraffung. Das hei\u00dft konkret: Die weiblichen Rundungen nat\u00fcrlich unterst\u00fctzen &#8211; ohne Orangenhaut!<br \/>\n\ud83d\udcaf 100% ZUFRIEDENHEITSGARANTIE. H\u00f6rt sich das fair an? DANN JETZT DEN VERGLEICHSSIEGER OHNE RISIKO TESTEN! \u2764\ufe0f<br \/>\n<div class=\"main-cross-sell\" data-asin=\"B01I23DOAY\">\n\n\t<div class=\"WooZone-cross-sell-loader\">\n\t\t<div>\n\t\t\t<div id=\"floatingBarsG\">\n\t\t\t\t<div class=\"blockG\" id=\"rotateG_01\"><\/div>\n\t\t\t\t<div class=\"blockG\" id=\"rotateG_02\"><\/div>\n\t\t\t\t<div class=\"blockG\" id=\"rotateG_03\"><\/div>\n\t\t\t\t<div class=\"blockG\" id=\"rotateG_04\"><\/div>\n\t\t\t\t<div class=\"blockG\" id=\"rotateG_05\"><\/div>\n\t\t\t\t<div class=\"blockG\" id=\"rotateG_06\"><\/div>\n\t\t\t\t<div class=\"blockG\" id=\"rotateG_07\"><\/div>\n\t\t\t\t<div class=\"blockG\" id=\"rotateG_08\"><\/div>\n\t\t\t<\/div>\n\t\t\t<div class=\"WooZone-cross-sell-loader-text\"><\/div>\n\t\t<\/div>\n\t<\/div>\n\n\t\t\n<\/div>\n<div style=\"clear:both;\"><\/div><\/p>\n","protected":false},"excerpt":{"rendered":"<p>\ud83c\udfc6 TESTE DEN SIEGER JETZT | Beim aktuellsten RTL ANTI-CELLULITE-TEST hat ein &#8220;Gel mit Koffein f\u00fcr unter 20 \u20ac&#8221; erstaunliche Erfolge erzielt (durch Arzt best\u00e4tigt). Welches Anticellulite Gel war das wohl? \u00dcberzeuge Dich selbst, und bekomme unser kostenloses E-Book dazu!<br \/>\n\ud83d\udcaa ST\u00c4RKT DEIN BINDEGEWEBE | Frisch duftende und straffende Bodylotion | Auf trockener Haut aufgetragen, entfaltet die Celulitis Creme eine starke W\u00e4rmewirkung | OHNE PARABENE | OHNE MINERAL\u00d6LE | NAT\u00dcRLICH OHNE TIERVERSUCHE<br \/>\n\ud83c\udde9\ud83c\uddea ZUVERL\u00c4SSIGE QUALIT\u00c4T MADE IN GERMANY | hergestellt in Deutschland von einem renommierten Familienunternehmen mit \u00fcber 50 Jahren Erfahrung, spezialisiert auf Bodylotion, K\u00f6rpercreme und Cellulite \u00d6l | DERMATOLOGISCH GETESTET<\/p>\n","protected":false},"featured_media":105780,"comment_status":"open","ping_status":"closed","template":"","meta":[],"product_brand":[],"product_cat":[2858,7067],"product_tag":[],"class_list":{"0":"post-105779","1":"product","2":"type-product","3":"status-publish","4":"has-post-thumbnail","6":"product_cat-beauty","7":"product_cat-hautpflege","8":"pa_binding-badartikel","9":"pa_brand-nationofstrong","10":"pa_manufacturer-gtwvk-gmbh","11":"pa_size-225-ml-1er-pack","12":"pa_weight-0-4960400895-pfund","14":"first","15":"instock","16":"shipping-taxable","17":"purchasable","18":"product-type-simple","19":"customify-col","20":"product-has-gallery"},"yoast_head":"<!-- This site is optimized with the Yoast SEO plugin v27.4 - https:\/\/yoast.com\/product\/yoast-seo-wordpress\/ -->\n<title>nationofstrong Cellulite Creme Testsieger f\u00fcr Bauch, Beine und Po - Duftet nach Zitrone - Pflegende Bodylotion bei\u2026 - Markt-XXL<\/title>\n<meta name=\"description\" content=\"Markt-XXL nationofstrong Cellulite Creme Testsieger f\u00fcr Bauch, Beine und Po - Duftet nach Zitrone - Pflegende Bodylotion bei\u2026\" \/>\n<meta name=\"robots\" content=\"index, follow, max-snippet:-1, max-image-preview:large, max-video-preview:-1\" \/>\n<link rel=\"canonical\" href=\"https:\/\/marktxxl.de\/markt\/produkt\/nation-of-strong-hautstraffende-bodylotion-creme-stark-waermendes-koffein-bindegewebe-straffen-dehnungsstreifen-entfernen-in-deutschland-hergestellt-225ml\/\" \/>\n<meta property=\"og:locale\" content=\"de_DE\" \/>\n<meta property=\"og:type\" content=\"article\" \/>\n<meta property=\"og:title\" content=\"nationofstrong Cellulite Creme Testsieger f\u00fcr Bauch, Beine und Po - Duftet nach Zitrone - Pflegende Bodylotion bei\u2026 - Markt-XXL\" \/>\n<meta property=\"og:description\" content=\"Markt-XXL nationofstrong Cellulite Creme Testsieger f\u00fcr Bauch, Beine und Po - Duftet nach Zitrone - Pflegende Bodylotion bei\u2026\" \/>\n<meta property=\"og:url\" content=\"https:\/\/marktxxl.de\/markt\/produkt\/nation-of-strong-hautstraffende-bodylotion-creme-stark-waermendes-koffein-bindegewebe-straffen-dehnungsstreifen-entfernen-in-deutschland-hergestellt-225ml\/\" \/>\n<meta property=\"og:site_name\" content=\"Markt-XXL\" \/>\n<meta property=\"article:modified_time\" content=\"2023-04-09T01:05:21+00:00\" \/>\n<meta property=\"og:image\" content=\"https:\/\/m.media-amazon.com\/images\/I\/41bku4jAeWL._SL500_.jpg\" \/>\n\t<meta property=\"og:image:width\" content=\"500\" \/>\n\t<meta property=\"og:image:height\" content=\"500\" \/>\n\t<meta property=\"og:image:type\" content=\"image\/jpeg\" \/>\n<meta name=\"twitter:card\" content=\"summary_large_image\" \/>\n<meta name=\"twitter:label1\" content=\"Gesch\u00e4tzte Lesezeit\" \/>\n\t<meta name=\"twitter:data1\" content=\"1\u00a0Minute\" \/>\n<script type=\"application\/ld+json\" class=\"yoast-schema-graph\">{\"@context\":\"https:\\\/\\\/schema.org\",\"@graph\":[{\"@type\":\"WebPage\",\"@id\":\"https:\\\/\\\/marktxxl.de\\\/markt\\\/produkt\\\/nation-of-strong-hautstraffende-bodylotion-creme-stark-waermendes-koffein-bindegewebe-straffen-dehnungsstreifen-entfernen-in-deutschland-hergestellt-225ml\\\/\",\"url\":\"https:\\\/\\\/marktxxl.de\\\/markt\\\/produkt\\\/nation-of-strong-hautstraffende-bodylotion-creme-stark-waermendes-koffein-bindegewebe-straffen-dehnungsstreifen-entfernen-in-deutschland-hergestellt-225ml\\\/\",\"name\":\"nationofstrong Cellulite Creme Testsieger f\u00fcr Bauch, Beine und Po - Duftet nach Zitrone - Pflegende Bodylotion bei\u2026 - Markt-XXL\",\"isPartOf\":{\"@id\":\"https:\\\/\\\/marktxxl.de\\\/markt\\\/#website\"},\"primaryImageOfPage\":{\"@id\":\"https:\\\/\\\/marktxxl.de\\\/markt\\\/produkt\\\/nation-of-strong-hautstraffende-bodylotion-creme-stark-waermendes-koffein-bindegewebe-straffen-dehnungsstreifen-entfernen-in-deutschland-hergestellt-225ml\\\/#primaryimage\"},\"image\":{\"@id\":\"https:\\\/\\\/marktxxl.de\\\/markt\\\/produkt\\\/nation-of-strong-hautstraffende-bodylotion-creme-stark-waermendes-koffein-bindegewebe-straffen-dehnungsstreifen-entfernen-in-deutschland-hergestellt-225ml\\\/#primaryimage\"},\"thumbnailUrl\":\"https:\\\/\\\/m.media-amazon.com\\\/images\\\/I\\\/41bku4jAeWL._SL500_.jpg\",\"datePublished\":\"2022-02-26T13:24:40+00:00\",\"dateModified\":\"2023-04-09T01:05:21+00:00\",\"description\":\"Markt-XXL nationofstrong Cellulite Creme Testsieger f\u00fcr Bauch, Beine und Po - Duftet nach Zitrone - Pflegende Bodylotion bei\u2026\",\"breadcrumb\":{\"@id\":\"https:\\\/\\\/marktxxl.de\\\/markt\\\/produkt\\\/nation-of-strong-hautstraffende-bodylotion-creme-stark-waermendes-koffein-bindegewebe-straffen-dehnungsstreifen-entfernen-in-deutschland-hergestellt-225ml\\\/#breadcrumb\"},\"inLanguage\":\"de\",\"potentialAction\":[{\"@type\":\"ReadAction\",\"target\":[\"https:\\\/\\\/marktxxl.de\\\/markt\\\/produkt\\\/nation-of-strong-hautstraffende-bodylotion-creme-stark-waermendes-koffein-bindegewebe-straffen-dehnungsstreifen-entfernen-in-deutschland-hergestellt-225ml\\\/\"]}]},{\"@type\":\"ImageObject\",\"inLanguage\":\"de\",\"@id\":\"https:\\\/\\\/marktxxl.de\\\/markt\\\/produkt\\\/nation-of-strong-hautstraffende-bodylotion-creme-stark-waermendes-koffein-bindegewebe-straffen-dehnungsstreifen-entfernen-in-deutschland-hergestellt-225ml\\\/#primaryimage\",\"url\":\"https:\\\/\\\/m.media-amazon.com\\\/images\\\/I\\\/41bku4jAeWL._SL500_.jpg\",\"contentUrl\":\"https:\\\/\\\/m.media-amazon.com\\\/images\\\/I\\\/41bku4jAeWL._SL500_.jpg\",\"width\":500,\"height\":500},{\"@type\":\"BreadcrumbList\",\"@id\":\"https:\\\/\\\/marktxxl.de\\\/markt\\\/produkt\\\/nation-of-strong-hautstraffende-bodylotion-creme-stark-waermendes-koffein-bindegewebe-straffen-dehnungsstreifen-entfernen-in-deutschland-hergestellt-225ml\\\/#breadcrumb\",\"itemListElement\":[{\"@type\":\"ListItem\",\"position\":1,\"name\":\"Startseite\",\"item\":\"https:\\\/\\\/marktxxl.de\\\/markt\\\/\"},{\"@type\":\"ListItem\",\"position\":2,\"name\":\"Markt\",\"item\":\"https:\\\/\\\/marktxxl.de\\\/markt\\\/\"},{\"@type\":\"ListItem\",\"position\":3,\"name\":\"nationofstrong Cellulite Creme Testsieger f\u00fcr Bauch, Beine und Po &#8211; Duftet nach Zitrone &#8211; Pflegende Bodylotion bei\u2026\"}]},{\"@type\":\"WebSite\",\"@id\":\"https:\\\/\\\/marktxxl.de\\\/markt\\\/#website\",\"url\":\"https:\\\/\\\/marktxxl.de\\\/markt\\\/\",\"name\":\"Markt-XXL\",\"description\":\"Ihr Markt Online\",\"publisher\":{\"@id\":\"https:\\\/\\\/marktxxl.de\\\/markt\\\/#organization\"},\"potentialAction\":[{\"@type\":\"SearchAction\",\"target\":{\"@type\":\"EntryPoint\",\"urlTemplate\":\"https:\\\/\\\/marktxxl.de\\\/markt\\\/?s={search_term_string}\"},\"query-input\":{\"@type\":\"PropertyValueSpecification\",\"valueRequired\":true,\"valueName\":\"search_term_string\"}}],\"inLanguage\":\"de\"},{\"@type\":\"Organization\",\"@id\":\"https:\\\/\\\/marktxxl.de\\\/markt\\\/#organization\",\"name\":\"Markt-XXL\",\"url\":\"https:\\\/\\\/marktxxl.de\\\/markt\\\/\",\"logo\":{\"@type\":\"ImageObject\",\"inLanguage\":\"de\",\"@id\":\"https:\\\/\\\/marktxxl.de\\\/markt\\\/#\\\/schema\\\/logo\\\/image\\\/\",\"url\":\"https:\\\/\\\/marktxxl.de\\\/markt\\\/wp-content\\\/uploads\\\/sites\\\/3\\\/2020\\\/12\\\/logo.png\",\"contentUrl\":\"https:\\\/\\\/marktxxl.de\\\/markt\\\/wp-content\\\/uploads\\\/sites\\\/3\\\/2020\\\/12\\\/logo.png\",\"width\":200,\"height\":70,\"caption\":\"Markt-XXL\"},\"image\":{\"@id\":\"https:\\\/\\\/marktxxl.de\\\/markt\\\/#\\\/schema\\\/logo\\\/image\\\/\"}}]}<\/script>\n<!-- \/ Yoast SEO plugin. -->","yoast_head_json":{"title":"nationofstrong Cellulite Creme Testsieger f\u00fcr Bauch, Beine und Po - Duftet nach Zitrone - Pflegende Bodylotion bei\u2026 - Markt-XXL","description":"Markt-XXL nationofstrong Cellulite Creme Testsieger f\u00fcr Bauch, Beine und Po - Duftet nach Zitrone - Pflegende Bodylotion bei\u2026","robots":{"index":"index","follow":"follow","max-snippet":"max-snippet:-1","max-image-preview":"max-image-preview:large","max-video-preview":"max-video-preview:-1"},"canonical":"https:\/\/marktxxl.de\/markt\/produkt\/nation-of-strong-hautstraffende-bodylotion-creme-stark-waermendes-koffein-bindegewebe-straffen-dehnungsstreifen-entfernen-in-deutschland-hergestellt-225ml\/","og_locale":"de_DE","og_type":"article","og_title":"nationofstrong Cellulite Creme Testsieger f\u00fcr Bauch, Beine und Po - Duftet nach Zitrone - Pflegende Bodylotion bei\u2026 - Markt-XXL","og_description":"Markt-XXL nationofstrong Cellulite Creme Testsieger f\u00fcr Bauch, Beine und Po - Duftet nach Zitrone - Pflegende Bodylotion bei\u2026","og_url":"https:\/\/marktxxl.de\/markt\/produkt\/nation-of-strong-hautstraffende-bodylotion-creme-stark-waermendes-koffein-bindegewebe-straffen-dehnungsstreifen-entfernen-in-deutschland-hergestellt-225ml\/","og_site_name":"Markt-XXL","article_modified_time":"2023-04-09T01:05:21+00:00","og_image":[{"width":500,"height":500,"url":"https:\/\/m.media-amazon.com\/images\/I\/41bku4jAeWL._SL500_.jpg","type":"image\/jpeg"}],"twitter_card":"summary_large_image","twitter_misc":{"Gesch\u00e4tzte Lesezeit":"1\u00a0Minute"},"schema":{"@context":"https:\/\/schema.org","@graph":[{"@type":"WebPage","@id":"https:\/\/marktxxl.de\/markt\/produkt\/nation-of-strong-hautstraffende-bodylotion-creme-stark-waermendes-koffein-bindegewebe-straffen-dehnungsstreifen-entfernen-in-deutschland-hergestellt-225ml\/","url":"https:\/\/marktxxl.de\/markt\/produkt\/nation-of-strong-hautstraffende-bodylotion-creme-stark-waermendes-koffein-bindegewebe-straffen-dehnungsstreifen-entfernen-in-deutschland-hergestellt-225ml\/","name":"nationofstrong Cellulite Creme Testsieger f\u00fcr Bauch, Beine und Po - Duftet nach Zitrone - Pflegende Bodylotion bei\u2026 - Markt-XXL","isPartOf":{"@id":"https:\/\/marktxxl.de\/markt\/#website"},"primaryImageOfPage":{"@id":"https:\/\/marktxxl.de\/markt\/produkt\/nation-of-strong-hautstraffende-bodylotion-creme-stark-waermendes-koffein-bindegewebe-straffen-dehnungsstreifen-entfernen-in-deutschland-hergestellt-225ml\/#primaryimage"},"image":{"@id":"https:\/\/marktxxl.de\/markt\/produkt\/nation-of-strong-hautstraffende-bodylotion-creme-stark-waermendes-koffein-bindegewebe-straffen-dehnungsstreifen-entfernen-in-deutschland-hergestellt-225ml\/#primaryimage"},"thumbnailUrl":"https:\/\/m.media-amazon.com\/images\/I\/41bku4jAeWL._SL500_.jpg","datePublished":"2022-02-26T13:24:40+00:00","dateModified":"2023-04-09T01:05:21+00:00","description":"Markt-XXL nationofstrong Cellulite Creme Testsieger f\u00fcr Bauch, Beine und Po - Duftet nach Zitrone - Pflegende Bodylotion bei\u2026","breadcrumb":{"@id":"https:\/\/marktxxl.de\/markt\/produkt\/nation-of-strong-hautstraffende-bodylotion-creme-stark-waermendes-koffein-bindegewebe-straffen-dehnungsstreifen-entfernen-in-deutschland-hergestellt-225ml\/#breadcrumb"},"inLanguage":"de","potentialAction":[{"@type":"ReadAction","target":["https:\/\/marktxxl.de\/markt\/produkt\/nation-of-strong-hautstraffende-bodylotion-creme-stark-waermendes-koffein-bindegewebe-straffen-dehnungsstreifen-entfernen-in-deutschland-hergestellt-225ml\/"]}]},{"@type":"ImageObject","inLanguage":"de","@id":"https:\/\/marktxxl.de\/markt\/produkt\/nation-of-strong-hautstraffende-bodylotion-creme-stark-waermendes-koffein-bindegewebe-straffen-dehnungsstreifen-entfernen-in-deutschland-hergestellt-225ml\/#primaryimage","url":"https:\/\/m.media-amazon.com\/images\/I\/41bku4jAeWL._SL500_.jpg","contentUrl":"https:\/\/m.media-amazon.com\/images\/I\/41bku4jAeWL._SL500_.jpg","width":500,"height":500},{"@type":"BreadcrumbList","@id":"https:\/\/marktxxl.de\/markt\/produkt\/nation-of-strong-hautstraffende-bodylotion-creme-stark-waermendes-koffein-bindegewebe-straffen-dehnungsstreifen-entfernen-in-deutschland-hergestellt-225ml\/#breadcrumb","itemListElement":[{"@type":"ListItem","position":1,"name":"Startseite","item":"https:\/\/marktxxl.de\/markt\/"},{"@type":"ListItem","position":2,"name":"Markt","item":"https:\/\/marktxxl.de\/markt\/"},{"@type":"ListItem","position":3,"name":"nationofstrong Cellulite Creme Testsieger f\u00fcr Bauch, Beine und Po &#8211; Duftet nach Zitrone &#8211; Pflegende Bodylotion bei\u2026"}]},{"@type":"WebSite","@id":"https:\/\/marktxxl.de\/markt\/#website","url":"https:\/\/marktxxl.de\/markt\/","name":"Markt-XXL","description":"Ihr Markt Online","publisher":{"@id":"https:\/\/marktxxl.de\/markt\/#organization"},"potentialAction":[{"@type":"SearchAction","target":{"@type":"EntryPoint","urlTemplate":"https:\/\/marktxxl.de\/markt\/?s={search_term_string}"},"query-input":{"@type":"PropertyValueSpecification","valueRequired":true,"valueName":"search_term_string"}}],"inLanguage":"de"},{"@type":"Organization","@id":"https:\/\/marktxxl.de\/markt\/#organization","name":"Markt-XXL","url":"https:\/\/marktxxl.de\/markt\/","logo":{"@type":"ImageObject","inLanguage":"de","@id":"https:\/\/marktxxl.de\/markt\/#\/schema\/logo\/image\/","url":"https:\/\/marktxxl.de\/markt\/wp-content\/uploads\/sites\/3\/2020\/12\/logo.png","contentUrl":"https:\/\/marktxxl.de\/markt\/wp-content\/uploads\/sites\/3\/2020\/12\/logo.png","width":200,"height":70,"caption":"Markt-XXL"},"image":{"@id":"https:\/\/marktxxl.de\/markt\/#\/schema\/logo\/image\/"}}]}},"_links":{"self":[{"href":"https:\/\/marktxxl.de\/markt\/wp-json\/wp\/v2\/product\/105779","targetHints":{"allow":["GET"]}}],"collection":[{"href":"https:\/\/marktxxl.de\/markt\/wp-json\/wp\/v2\/product"}],"about":[{"href":"https:\/\/marktxxl.de\/markt\/wp-json\/wp\/v2\/types\/product"}],"replies":[{"embeddable":true,"href":"https:\/\/marktxxl.de\/markt\/wp-json\/wp\/v2\/comments?post=105779"}],"wp:featuredmedia":[{"embeddable":true,"href":"https:\/\/marktxxl.de\/markt\/wp-json\/wp\/v2\/media\/105780"}],"wp:attachment":[{"href":"https:\/\/marktxxl.de\/markt\/wp-json\/wp\/v2\/media?parent=105779"}],"wp:term":[{"taxonomy":"product_brand","embeddable":true,"href":"https:\/\/marktxxl.de\/markt\/wp-json\/wp\/v2\/product_brand?post=105779"},{"taxonomy":"product_cat","embeddable":true,"href":"https:\/\/marktxxl.de\/markt\/wp-json\/wp\/v2\/product_cat?post=105779"},{"taxonomy":"product_tag","embeddable":true,"href":"https:\/\/marktxxl.de\/markt\/wp-json\/wp\/v2\/product_tag?post=105779"}],"curies":[{"name":"wp","href":"https:\/\/api.w.org\/{rel}","templated":true}]}}