{"id":105689,"date":"2022-02-26T14:21:37","date_gmt":"2022-02-26T13:21:37","guid":{"rendered":"https:\/\/marktxxl.de\/markt\/produkt\/99-natuerliches-vitamin-c-hyaluron-serum-%e2%97%8f-hergestellt-in-grossbritannien-%e2%97%8f-dermaroller-geeignet-%e2%97%8f-anti-age-anti-falten-%e2%97%8f-hochdosiert-%e2%97%8f-vegan\/"},"modified":"2023-04-09T03:05:20","modified_gmt":"2023-04-09T01:05:20","slug":"99-natuerliches-vitamin-c-hyaluron-serum-%e2%97%8f-hergestellt-in-grossbritannien-%e2%97%8f-dermaroller-geeignet-%e2%97%8f-anti-age-anti-falten-%e2%97%8f-hochdosiert-%e2%97%8f-vegan","status":"publish","type":"product","link":"https:\/\/marktxxl.de\/markt\/produkt\/99-natuerliches-vitamin-c-hyaluron-serum-%e2%97%8f-hergestellt-in-grossbritannien-%e2%97%8f-dermaroller-geeignet-%e2%97%8f-anti-age-anti-falten-%e2%97%8f-hochdosiert-%e2%97%8f-vegan\/","title":{"rendered":"99% Nat\u00fcrliches Vitamin C &amp; Hyaluron Serum \u25cf hergestellt in Gro\u00dfbritannien \u25cf Dermaroller geeignet \u25cf Anti-Age &amp; Anti\u2026"},"content":{"rendered":"<p>\u2764\ufe0f ANTI-AGING SERUM F\u00dcR GESICHT UND DEKOLLET\u00c9: Die optimale Kombination von Vitamin C und Hyalurons\u00e4ure in diesem Serum hilft dabei, den nat\u00fcrlichen und jugendlichen Look Ihrer Haut zu bewahren. Die Formel wirkt hautstraffend, hilft dabei Falten und Altersflecken zu mindern und sorgt f\u00fcr einen frischen, strahlenden Teint.<br \/>\n\u2764\ufe0f MIT HOCHKONZENTRIERTEM VITAMIN C: Das hochwirksame Antioxidans wirkt Anzeichen vorzeitiger Hautalterung auf gleich drei Ebenen entgegen: Es f\u00e4ngt freie Radikale, welche die Haut vorzeitig altern lassen, f\u00f6rdert die Bildung von Kollagen, welches f\u00fcr die Elastizit\u00e4t des Bindegewebes verantwortlich ist und hilft dabei Alters- und Pigmentflecken aufzuhellen.<br \/>\n\u2764\ufe0f MIT HYALURONS\u00c4URE: Sie wirkt dem altersbedingten Hyaluron-Verlust der Haut entgegen. Die Molek\u00fcle dieses hochwirksamen Anti-Aging Wirkstoffes speichern das 10.000-Fache ihres Volumens an Wasser. Nach dem Auftragen wird diese Feuchtigkeit in der Haut eingelagert. Dadurch \u201cgl\u00e4ttet\u201d sie sich von innen und tritt wieder merklich straffer in Erscheinung.<br \/>\n\u2764\ufe0f 99% NAT\u00dcRLICHE INHALTSSTOFFE: Intensive Forschung hat es uns erm\u00f6glicht, ein Serum mit 99 Prozent naturbasierten Inhaltsstoffen zu kreieren. Der Daily Booster besitzt damit eine der h\u00f6chsten Konzentrationen an naturbasierten Inhaltsstoffen auf dem Markt f\u00fcr Vitamin C Seren. Sie k\u00f6nnen sich deshalb sicher sein, dass dieses Serum weder Parabene, Mikroplastik noch k\u00fcnstliche Farb- und Konservierungs-Stoffe enth\u00e4lt.<br \/>\n\u2764\ufe0f PH-IDEAL UND DERMAROLLER GEEIGNET: Der haut\u00e4hnliche PH-Wert (5), zusammen mit dem hohen Gehalt an nat\u00fcrlichen Inhaltsstoffen und der wasserl\u00f6slichen Basis, machen dieses Serum zur perfekten Wahl f\u00fcr Menschen mit normaler und sensibler Haut. Es eignet sich dadurch auch perfekt f\u00fcr die Heim-Anwendung mit einem Dermaroller.<br \/>\n<div class=\"main-cross-sell\" data-asin=\"B077JYXBYH\">\n\n\t<div class=\"WooZone-cross-sell-loader\">\n\t\t<div>\n\t\t\t<div id=\"floatingBarsG\">\n\t\t\t\t<div class=\"blockG\" id=\"rotateG_01\"><\/div>\n\t\t\t\t<div class=\"blockG\" id=\"rotateG_02\"><\/div>\n\t\t\t\t<div class=\"blockG\" id=\"rotateG_03\"><\/div>\n\t\t\t\t<div class=\"blockG\" id=\"rotateG_04\"><\/div>\n\t\t\t\t<div class=\"blockG\" id=\"rotateG_05\"><\/div>\n\t\t\t\t<div class=\"blockG\" id=\"rotateG_06\"><\/div>\n\t\t\t\t<div class=\"blockG\" id=\"rotateG_07\"><\/div>\n\t\t\t\t<div class=\"blockG\" id=\"rotateG_08\"><\/div>\n\t\t\t<\/div>\n\t\t\t<div class=\"WooZone-cross-sell-loader-text\"><\/div>\n\t\t<\/div>\n\t<\/div>\n\n\t\t\n<\/div>\n<div style=\"clear:both;\"><\/div><\/p>\n","protected":false},"excerpt":{"rendered":"<p>\u2764\ufe0f ANTI-AGING SERUM F\u00dcR GESICHT UND DEKOLLET\u00c9: Die optimale Kombination von Vitamin C und Hyalurons\u00e4ure in diesem Serum hilft dabei, den nat\u00fcrlichen und jugendlichen Look Ihrer Haut zu bewahren. Die Formel wirkt hautstraffend, hilft dabei Falten und Altersflecken zu mindern und sorgt f\u00fcr einen frischen, strahlenden Teint.<br \/>\n\u2764\ufe0f MIT HOCHKONZENTRIERTEM VITAMIN C: Das hochwirksame Antioxidans wirkt Anzeichen vorzeitiger Hautalterung auf gleich drei Ebenen entgegen: Es f\u00e4ngt freie Radikale, welche die Haut vorzeitig altern lassen, f\u00f6rdert die Bildung von Kollagen, welches f\u00fcr die Elastizit\u00e4t des Bindegewebes verantwortlich ist und hilft dabei Alters- und Pigmentflecken aufzuhellen.<br \/>\n\u2764\ufe0f MIT HYALURONS\u00c4URE: Sie wirkt dem altersbedingten Hyaluron-Verlust der Haut entgegen. Die Molek\u00fcle dieses hochwirksamen Anti-Aging Wirkstoffes speichern das 10.000-Fache ihres Volumens an Wasser. Nach dem Auftragen wird diese Feuchtigkeit in der Haut eingelagert. Dadurch \u201cgl\u00e4ttet\u201d sie sich von innen und tritt wieder merklich straffer in Erscheinung.<\/p>\n","protected":false},"featured_media":105690,"comment_status":"open","ping_status":"closed","template":"","meta":[],"product_brand":[],"product_cat":[2858,7067],"product_tag":[],"class_list":{"0":"post-105689","1":"product","2":"type-product","3":"status-publish","4":"has-post-thumbnail","6":"product_cat-beauty","7":"product_cat-hautpflege","8":"pa_binding-badartikel","9":"pa_brand-yael-beaute","10":"pa_color-transparent","11":"pa_height-1-574803148-zoll","12":"pa_length-4-724409444-zoll","13":"pa_manufacturer-yael-beaute","14":"pa_size-50-ml-1er-pack","15":"pa_weight-0-000286-pfund","16":"pa_width-1-574803148-zoll","18":"first","19":"instock","20":"shipping-taxable","21":"purchasable","22":"product-type-simple","23":"customify-col","24":"product-has-gallery"},"yoast_head":"<!-- This site is optimized with the Yoast SEO plugin v27.4 - https:\/\/yoast.com\/product\/yoast-seo-wordpress\/ -->\n<title>99% Nat\u00fcrliches Vitamin C &amp; Hyaluron Serum \u25cf hergestellt in Gro\u00dfbritannien \u25cf Dermaroller geeignet \u25cf Anti-Age &amp; Anti\u2026 - Markt-XXL<\/title>\n<meta name=\"description\" content=\"Markt-XXL 99% Nat\u00fcrliches Vitamin C &amp; Hyaluron Serum \u25cf hergestellt in Gro\u00dfbritannien \u25cf Dermaroller geeignet \u25cf Anti-Age &amp; Anti\u2026\" \/>\n<meta name=\"robots\" content=\"index, follow, max-snippet:-1, max-image-preview:large, max-video-preview:-1\" \/>\n<link rel=\"canonical\" href=\"https:\/\/marktxxl.de\/markt\/produkt\/99-natuerliches-vitamin-c-hyaluron-serum-\u25cf-hergestellt-in-grossbritannien-\u25cf-dermaroller-geeignet-\u25cf-anti-age-anti-falten-\u25cf-hochdosiert-\u25cf-vegan\/\" \/>\n<meta property=\"og:locale\" content=\"de_DE\" \/>\n<meta property=\"og:type\" content=\"article\" \/>\n<meta property=\"og:title\" content=\"99% Nat\u00fcrliches Vitamin C &amp; Hyaluron Serum \u25cf hergestellt in Gro\u00dfbritannien \u25cf Dermaroller geeignet \u25cf Anti-Age &amp; Anti\u2026 - Markt-XXL\" \/>\n<meta property=\"og:description\" content=\"Markt-XXL 99% Nat\u00fcrliches Vitamin C &amp; Hyaluron Serum \u25cf hergestellt in Gro\u00dfbritannien \u25cf Dermaroller geeignet \u25cf Anti-Age &amp; Anti\u2026\" \/>\n<meta property=\"og:url\" content=\"https:\/\/marktxxl.de\/markt\/produkt\/99-natuerliches-vitamin-c-hyaluron-serum-\u25cf-hergestellt-in-grossbritannien-\u25cf-dermaroller-geeignet-\u25cf-anti-age-anti-falten-\u25cf-hochdosiert-\u25cf-vegan\/\" \/>\n<meta property=\"og:site_name\" content=\"Markt-XXL\" \/>\n<meta property=\"article:modified_time\" content=\"2023-04-09T01:05:20+00:00\" \/>\n<meta property=\"og:image\" content=\"https:\/\/m.media-amazon.com\/images\/I\/41NxH9aaGCL._SL500_.jpg\" \/>\n\t<meta property=\"og:image:width\" content=\"500\" \/>\n\t<meta property=\"og:image:height\" content=\"500\" \/>\n\t<meta property=\"og:image:type\" content=\"image\/jpeg\" \/>\n<meta name=\"twitter:card\" content=\"summary_large_image\" \/>\n<meta name=\"twitter:label1\" content=\"Gesch\u00e4tzte Lesezeit\" \/>\n\t<meta name=\"twitter:data1\" content=\"1\u00a0Minute\" \/>\n<script type=\"application\/ld+json\" class=\"yoast-schema-graph\">{\"@context\":\"https:\\\/\\\/schema.org\",\"@graph\":[{\"@type\":\"WebPage\",\"@id\":\"https:\\\/\\\/marktxxl.de\\\/markt\\\/produkt\\\/99-natuerliches-vitamin-c-hyaluron-serum-%e2%97%8f-hergestellt-in-grossbritannien-%e2%97%8f-dermaroller-geeignet-%e2%97%8f-anti-age-anti-falten-%e2%97%8f-hochdosiert-%e2%97%8f-vegan\\\/\",\"url\":\"https:\\\/\\\/marktxxl.de\\\/markt\\\/produkt\\\/99-natuerliches-vitamin-c-hyaluron-serum-%e2%97%8f-hergestellt-in-grossbritannien-%e2%97%8f-dermaroller-geeignet-%e2%97%8f-anti-age-anti-falten-%e2%97%8f-hochdosiert-%e2%97%8f-vegan\\\/\",\"name\":\"99% Nat\u00fcrliches Vitamin C &amp; Hyaluron Serum \u25cf hergestellt in Gro\u00dfbritannien \u25cf Dermaroller geeignet \u25cf Anti-Age &amp; Anti\u2026 - Markt-XXL\",\"isPartOf\":{\"@id\":\"https:\\\/\\\/marktxxl.de\\\/markt\\\/#website\"},\"primaryImageOfPage\":{\"@id\":\"https:\\\/\\\/marktxxl.de\\\/markt\\\/produkt\\\/99-natuerliches-vitamin-c-hyaluron-serum-%e2%97%8f-hergestellt-in-grossbritannien-%e2%97%8f-dermaroller-geeignet-%e2%97%8f-anti-age-anti-falten-%e2%97%8f-hochdosiert-%e2%97%8f-vegan\\\/#primaryimage\"},\"image\":{\"@id\":\"https:\\\/\\\/marktxxl.de\\\/markt\\\/produkt\\\/99-natuerliches-vitamin-c-hyaluron-serum-%e2%97%8f-hergestellt-in-grossbritannien-%e2%97%8f-dermaroller-geeignet-%e2%97%8f-anti-age-anti-falten-%e2%97%8f-hochdosiert-%e2%97%8f-vegan\\\/#primaryimage\"},\"thumbnailUrl\":\"https:\\\/\\\/m.media-amazon.com\\\/images\\\/I\\\/41NxH9aaGCL._SL500_.jpg\",\"datePublished\":\"2022-02-26T13:21:37+00:00\",\"dateModified\":\"2023-04-09T01:05:20+00:00\",\"description\":\"Markt-XXL 99% Nat\u00fcrliches Vitamin C &amp; Hyaluron Serum \u25cf hergestellt in Gro\u00dfbritannien \u25cf Dermaroller geeignet \u25cf Anti-Age &amp; Anti\u2026\",\"breadcrumb\":{\"@id\":\"https:\\\/\\\/marktxxl.de\\\/markt\\\/produkt\\\/99-natuerliches-vitamin-c-hyaluron-serum-%e2%97%8f-hergestellt-in-grossbritannien-%e2%97%8f-dermaroller-geeignet-%e2%97%8f-anti-age-anti-falten-%e2%97%8f-hochdosiert-%e2%97%8f-vegan\\\/#breadcrumb\"},\"inLanguage\":\"de\",\"potentialAction\":[{\"@type\":\"ReadAction\",\"target\":[\"https:\\\/\\\/marktxxl.de\\\/markt\\\/produkt\\\/99-natuerliches-vitamin-c-hyaluron-serum-%e2%97%8f-hergestellt-in-grossbritannien-%e2%97%8f-dermaroller-geeignet-%e2%97%8f-anti-age-anti-falten-%e2%97%8f-hochdosiert-%e2%97%8f-vegan\\\/\"]}]},{\"@type\":\"ImageObject\",\"inLanguage\":\"de\",\"@id\":\"https:\\\/\\\/marktxxl.de\\\/markt\\\/produkt\\\/99-natuerliches-vitamin-c-hyaluron-serum-%e2%97%8f-hergestellt-in-grossbritannien-%e2%97%8f-dermaroller-geeignet-%e2%97%8f-anti-age-anti-falten-%e2%97%8f-hochdosiert-%e2%97%8f-vegan\\\/#primaryimage\",\"url\":\"https:\\\/\\\/m.media-amazon.com\\\/images\\\/I\\\/41NxH9aaGCL._SL500_.jpg\",\"contentUrl\":\"https:\\\/\\\/m.media-amazon.com\\\/images\\\/I\\\/41NxH9aaGCL._SL500_.jpg\",\"width\":500,\"height\":500},{\"@type\":\"BreadcrumbList\",\"@id\":\"https:\\\/\\\/marktxxl.de\\\/markt\\\/produkt\\\/99-natuerliches-vitamin-c-hyaluron-serum-%e2%97%8f-hergestellt-in-grossbritannien-%e2%97%8f-dermaroller-geeignet-%e2%97%8f-anti-age-anti-falten-%e2%97%8f-hochdosiert-%e2%97%8f-vegan\\\/#breadcrumb\",\"itemListElement\":[{\"@type\":\"ListItem\",\"position\":1,\"name\":\"Startseite\",\"item\":\"https:\\\/\\\/marktxxl.de\\\/markt\\\/\"},{\"@type\":\"ListItem\",\"position\":2,\"name\":\"Markt\",\"item\":\"https:\\\/\\\/marktxxl.de\\\/markt\\\/\"},{\"@type\":\"ListItem\",\"position\":3,\"name\":\"99% Nat\u00fcrliches Vitamin C &amp; Hyaluron Serum \u25cf hergestellt in Gro\u00dfbritannien \u25cf Dermaroller geeignet \u25cf Anti-Age &amp; Anti\u2026\"}]},{\"@type\":\"WebSite\",\"@id\":\"https:\\\/\\\/marktxxl.de\\\/markt\\\/#website\",\"url\":\"https:\\\/\\\/marktxxl.de\\\/markt\\\/\",\"name\":\"Markt-XXL\",\"description\":\"Ihr Markt Online\",\"publisher\":{\"@id\":\"https:\\\/\\\/marktxxl.de\\\/markt\\\/#organization\"},\"potentialAction\":[{\"@type\":\"SearchAction\",\"target\":{\"@type\":\"EntryPoint\",\"urlTemplate\":\"https:\\\/\\\/marktxxl.de\\\/markt\\\/?s={search_term_string}\"},\"query-input\":{\"@type\":\"PropertyValueSpecification\",\"valueRequired\":true,\"valueName\":\"search_term_string\"}}],\"inLanguage\":\"de\"},{\"@type\":\"Organization\",\"@id\":\"https:\\\/\\\/marktxxl.de\\\/markt\\\/#organization\",\"name\":\"Markt-XXL\",\"url\":\"https:\\\/\\\/marktxxl.de\\\/markt\\\/\",\"logo\":{\"@type\":\"ImageObject\",\"inLanguage\":\"de\",\"@id\":\"https:\\\/\\\/marktxxl.de\\\/markt\\\/#\\\/schema\\\/logo\\\/image\\\/\",\"url\":\"https:\\\/\\\/marktxxl.de\\\/markt\\\/wp-content\\\/uploads\\\/sites\\\/3\\\/2020\\\/12\\\/logo.png\",\"contentUrl\":\"https:\\\/\\\/marktxxl.de\\\/markt\\\/wp-content\\\/uploads\\\/sites\\\/3\\\/2020\\\/12\\\/logo.png\",\"width\":200,\"height\":70,\"caption\":\"Markt-XXL\"},\"image\":{\"@id\":\"https:\\\/\\\/marktxxl.de\\\/markt\\\/#\\\/schema\\\/logo\\\/image\\\/\"}}]}<\/script>\n<!-- \/ Yoast SEO plugin. -->","yoast_head_json":{"title":"99% Nat\u00fcrliches Vitamin C &amp; Hyaluron Serum \u25cf hergestellt in Gro\u00dfbritannien \u25cf Dermaroller geeignet \u25cf Anti-Age &amp; Anti\u2026 - Markt-XXL","description":"Markt-XXL 99% Nat\u00fcrliches Vitamin C &amp; Hyaluron Serum \u25cf hergestellt in Gro\u00dfbritannien \u25cf Dermaroller geeignet \u25cf Anti-Age &amp; Anti\u2026","robots":{"index":"index","follow":"follow","max-snippet":"max-snippet:-1","max-image-preview":"max-image-preview:large","max-video-preview":"max-video-preview:-1"},"canonical":"https:\/\/marktxxl.de\/markt\/produkt\/99-natuerliches-vitamin-c-hyaluron-serum-\u25cf-hergestellt-in-grossbritannien-\u25cf-dermaroller-geeignet-\u25cf-anti-age-anti-falten-\u25cf-hochdosiert-\u25cf-vegan\/","og_locale":"de_DE","og_type":"article","og_title":"99% Nat\u00fcrliches Vitamin C &amp; Hyaluron Serum \u25cf hergestellt in Gro\u00dfbritannien \u25cf Dermaroller geeignet \u25cf Anti-Age &amp; Anti\u2026 - Markt-XXL","og_description":"Markt-XXL 99% Nat\u00fcrliches Vitamin C &amp; Hyaluron Serum \u25cf hergestellt in Gro\u00dfbritannien \u25cf Dermaroller geeignet \u25cf Anti-Age &amp; Anti\u2026","og_url":"https:\/\/marktxxl.de\/markt\/produkt\/99-natuerliches-vitamin-c-hyaluron-serum-\u25cf-hergestellt-in-grossbritannien-\u25cf-dermaroller-geeignet-\u25cf-anti-age-anti-falten-\u25cf-hochdosiert-\u25cf-vegan\/","og_site_name":"Markt-XXL","article_modified_time":"2023-04-09T01:05:20+00:00","og_image":[{"width":500,"height":500,"url":"https:\/\/m.media-amazon.com\/images\/I\/41NxH9aaGCL._SL500_.jpg","type":"image\/jpeg"}],"twitter_card":"summary_large_image","twitter_misc":{"Gesch\u00e4tzte Lesezeit":"1\u00a0Minute"},"schema":{"@context":"https:\/\/schema.org","@graph":[{"@type":"WebPage","@id":"https:\/\/marktxxl.de\/markt\/produkt\/99-natuerliches-vitamin-c-hyaluron-serum-%e2%97%8f-hergestellt-in-grossbritannien-%e2%97%8f-dermaroller-geeignet-%e2%97%8f-anti-age-anti-falten-%e2%97%8f-hochdosiert-%e2%97%8f-vegan\/","url":"https:\/\/marktxxl.de\/markt\/produkt\/99-natuerliches-vitamin-c-hyaluron-serum-%e2%97%8f-hergestellt-in-grossbritannien-%e2%97%8f-dermaroller-geeignet-%e2%97%8f-anti-age-anti-falten-%e2%97%8f-hochdosiert-%e2%97%8f-vegan\/","name":"99% Nat\u00fcrliches Vitamin C &amp; Hyaluron Serum \u25cf hergestellt in Gro\u00dfbritannien \u25cf Dermaroller geeignet \u25cf Anti-Age &amp; Anti\u2026 - Markt-XXL","isPartOf":{"@id":"https:\/\/marktxxl.de\/markt\/#website"},"primaryImageOfPage":{"@id":"https:\/\/marktxxl.de\/markt\/produkt\/99-natuerliches-vitamin-c-hyaluron-serum-%e2%97%8f-hergestellt-in-grossbritannien-%e2%97%8f-dermaroller-geeignet-%e2%97%8f-anti-age-anti-falten-%e2%97%8f-hochdosiert-%e2%97%8f-vegan\/#primaryimage"},"image":{"@id":"https:\/\/marktxxl.de\/markt\/produkt\/99-natuerliches-vitamin-c-hyaluron-serum-%e2%97%8f-hergestellt-in-grossbritannien-%e2%97%8f-dermaroller-geeignet-%e2%97%8f-anti-age-anti-falten-%e2%97%8f-hochdosiert-%e2%97%8f-vegan\/#primaryimage"},"thumbnailUrl":"https:\/\/m.media-amazon.com\/images\/I\/41NxH9aaGCL._SL500_.jpg","datePublished":"2022-02-26T13:21:37+00:00","dateModified":"2023-04-09T01:05:20+00:00","description":"Markt-XXL 99% Nat\u00fcrliches Vitamin C &amp; Hyaluron Serum \u25cf hergestellt in Gro\u00dfbritannien \u25cf Dermaroller geeignet \u25cf Anti-Age &amp; Anti\u2026","breadcrumb":{"@id":"https:\/\/marktxxl.de\/markt\/produkt\/99-natuerliches-vitamin-c-hyaluron-serum-%e2%97%8f-hergestellt-in-grossbritannien-%e2%97%8f-dermaroller-geeignet-%e2%97%8f-anti-age-anti-falten-%e2%97%8f-hochdosiert-%e2%97%8f-vegan\/#breadcrumb"},"inLanguage":"de","potentialAction":[{"@type":"ReadAction","target":["https:\/\/marktxxl.de\/markt\/produkt\/99-natuerliches-vitamin-c-hyaluron-serum-%e2%97%8f-hergestellt-in-grossbritannien-%e2%97%8f-dermaroller-geeignet-%e2%97%8f-anti-age-anti-falten-%e2%97%8f-hochdosiert-%e2%97%8f-vegan\/"]}]},{"@type":"ImageObject","inLanguage":"de","@id":"https:\/\/marktxxl.de\/markt\/produkt\/99-natuerliches-vitamin-c-hyaluron-serum-%e2%97%8f-hergestellt-in-grossbritannien-%e2%97%8f-dermaroller-geeignet-%e2%97%8f-anti-age-anti-falten-%e2%97%8f-hochdosiert-%e2%97%8f-vegan\/#primaryimage","url":"https:\/\/m.media-amazon.com\/images\/I\/41NxH9aaGCL._SL500_.jpg","contentUrl":"https:\/\/m.media-amazon.com\/images\/I\/41NxH9aaGCL._SL500_.jpg","width":500,"height":500},{"@type":"BreadcrumbList","@id":"https:\/\/marktxxl.de\/markt\/produkt\/99-natuerliches-vitamin-c-hyaluron-serum-%e2%97%8f-hergestellt-in-grossbritannien-%e2%97%8f-dermaroller-geeignet-%e2%97%8f-anti-age-anti-falten-%e2%97%8f-hochdosiert-%e2%97%8f-vegan\/#breadcrumb","itemListElement":[{"@type":"ListItem","position":1,"name":"Startseite","item":"https:\/\/marktxxl.de\/markt\/"},{"@type":"ListItem","position":2,"name":"Markt","item":"https:\/\/marktxxl.de\/markt\/"},{"@type":"ListItem","position":3,"name":"99% Nat\u00fcrliches Vitamin C &amp; Hyaluron Serum \u25cf hergestellt in Gro\u00dfbritannien \u25cf Dermaroller geeignet \u25cf Anti-Age &amp; Anti\u2026"}]},{"@type":"WebSite","@id":"https:\/\/marktxxl.de\/markt\/#website","url":"https:\/\/marktxxl.de\/markt\/","name":"Markt-XXL","description":"Ihr Markt Online","publisher":{"@id":"https:\/\/marktxxl.de\/markt\/#organization"},"potentialAction":[{"@type":"SearchAction","target":{"@type":"EntryPoint","urlTemplate":"https:\/\/marktxxl.de\/markt\/?s={search_term_string}"},"query-input":{"@type":"PropertyValueSpecification","valueRequired":true,"valueName":"search_term_string"}}],"inLanguage":"de"},{"@type":"Organization","@id":"https:\/\/marktxxl.de\/markt\/#organization","name":"Markt-XXL","url":"https:\/\/marktxxl.de\/markt\/","logo":{"@type":"ImageObject","inLanguage":"de","@id":"https:\/\/marktxxl.de\/markt\/#\/schema\/logo\/image\/","url":"https:\/\/marktxxl.de\/markt\/wp-content\/uploads\/sites\/3\/2020\/12\/logo.png","contentUrl":"https:\/\/marktxxl.de\/markt\/wp-content\/uploads\/sites\/3\/2020\/12\/logo.png","width":200,"height":70,"caption":"Markt-XXL"},"image":{"@id":"https:\/\/marktxxl.de\/markt\/#\/schema\/logo\/image\/"}}]}},"_links":{"self":[{"href":"https:\/\/marktxxl.de\/markt\/wp-json\/wp\/v2\/product\/105689","targetHints":{"allow":["GET"]}}],"collection":[{"href":"https:\/\/marktxxl.de\/markt\/wp-json\/wp\/v2\/product"}],"about":[{"href":"https:\/\/marktxxl.de\/markt\/wp-json\/wp\/v2\/types\/product"}],"replies":[{"embeddable":true,"href":"https:\/\/marktxxl.de\/markt\/wp-json\/wp\/v2\/comments?post=105689"}],"wp:featuredmedia":[{"embeddable":true,"href":"https:\/\/marktxxl.de\/markt\/wp-json\/wp\/v2\/media\/105690"}],"wp:attachment":[{"href":"https:\/\/marktxxl.de\/markt\/wp-json\/wp\/v2\/media?parent=105689"}],"wp:term":[{"taxonomy":"product_brand","embeddable":true,"href":"https:\/\/marktxxl.de\/markt\/wp-json\/wp\/v2\/product_brand?post=105689"},{"taxonomy":"product_cat","embeddable":true,"href":"https:\/\/marktxxl.de\/markt\/wp-json\/wp\/v2\/product_cat?post=105689"},{"taxonomy":"product_tag","embeddable":true,"href":"https:\/\/marktxxl.de\/markt\/wp-json\/wp\/v2\/product_tag?post=105689"}],"curies":[{"name":"wp","href":"https:\/\/api.w.org\/{rel}","templated":true}]}}