{"id":105606,"date":"2022-02-26T14:19:52","date_gmt":"2022-02-26T13:19:52","guid":{"rendered":"https:\/\/marktxxl.de\/markt\/produkt\/dove-original-beauty-bar-mit-milden-reinigern-feuchtigkeitscreme-riegel-mit-1-4-feuchtigkeitscreme-100g-x-6\/"},"modified":"2023-04-09T03:05:18","modified_gmt":"2023-04-09T01:05:18","slug":"dove-original-beauty-bar-mit-milden-reinigern-feuchtigkeitscreme-riegel-mit-1-4-feuchtigkeitscreme-100g-x-6","status":"publish","type":"product","link":"https:\/\/marktxxl.de\/markt\/produkt\/dove-original-beauty-bar-mit-milden-reinigern-feuchtigkeitscreme-riegel-mit-1-4-feuchtigkeitscreme-100g-x-6\/","title":{"rendered":"Dove Original Beauty Bar Seife mit Feuchtigkeitscreme 6 x 90 g"},"content":{"rendered":"<p>Dove Original Beauty Bar hat unsere klassische feuchtigkeitsspendende Formel, die die H\u00e4nde effektiv reinigt<br \/>\nUnser Beauty Bar enth\u00e4lt \u00bc Feuchtigkeitscreme und milde Reinigungsmittel, die helfen, die Hautfeuchtigkeit zu erhalten<br \/>\nDove Original Seifenstab trocknet die Haut nicht wie normale Seifendose und ist f\u00fcr empfindliche Haut geeignet<br \/>\nEine feuchtigkeitsspendende Bar und Badeseife, die die Haut weicher, glatter und ges\u00fcnder aussehen l\u00e4sst<br \/>\nEin Beauty-Bar geeignet f\u00fcr den t\u00e4glichen Gebrauch auf Gesicht, K\u00f6rper und H\u00e4nden<br \/>\nDieser Reiniger von Dove liefert wahre Hautpflege, reinigt effektiv die H\u00e4nde, ohne die Haut auszutrocknen<br \/>\n<div class=\"main-cross-sell\" data-asin=\"B014DF9PMQ\">\n\n\t<div class=\"WooZone-cross-sell-loader\">\n\t\t<div>\n\t\t\t<div id=\"floatingBarsG\">\n\t\t\t\t<div class=\"blockG\" id=\"rotateG_01\"><\/div>\n\t\t\t\t<div class=\"blockG\" id=\"rotateG_02\"><\/div>\n\t\t\t\t<div class=\"blockG\" id=\"rotateG_03\"><\/div>\n\t\t\t\t<div class=\"blockG\" id=\"rotateG_04\"><\/div>\n\t\t\t\t<div class=\"blockG\" id=\"rotateG_05\"><\/div>\n\t\t\t\t<div class=\"blockG\" id=\"rotateG_06\"><\/div>\n\t\t\t\t<div class=\"blockG\" id=\"rotateG_07\"><\/div>\n\t\t\t\t<div class=\"blockG\" id=\"rotateG_08\"><\/div>\n\t\t\t<\/div>\n\t\t\t<div class=\"WooZone-cross-sell-loader-text\"><\/div>\n\t\t<\/div>\n\t<\/div>\n\n\t\t\n<\/div>\n<div style=\"clear:both;\"><\/div><\/p>\n","protected":false},"excerpt":{"rendered":"<p>Dove Original Beauty Bar hat unsere klassische feuchtigkeitsspendende Formel, die die H\u00e4nde effektiv reinigt<br \/>\nUnser Beauty Bar enth\u00e4lt \u00bc Feuchtigkeitscreme und milde Reinigungsmittel, die helfen, die Hautfeuchtigkeit zu erhalten<br \/>\nDove Original Seifenstab trocknet die Haut nicht wie normale Seifendose und ist f\u00fcr empfindliche Haut geeignet<\/p>\n","protected":false},"featured_media":105607,"comment_status":"open","ping_status":"closed","template":"","meta":[],"product_brand":[],"product_cat":[2858,6994],"product_tag":[],"class_list":{"0":"post-105606","1":"product","2":"type-product","3":"status-publish","4":"has-post-thumbnail","6":"product_cat-beauty","7":"product_cat-haarpflege-styling","8":"pa_binding-badartikel","9":"pa_brand-dove","10":"pa_height-3-38582-zoll","11":"pa_length-2-83464-zoll","12":"pa_manufacturer-dove","13":"pa_model-31960","14":"pa_weight-0-220462262-pfund","15":"pa_width-7-24408-zoll","17":"first","18":"instock","19":"shipping-taxable","20":"purchasable","21":"product-type-simple","22":"customify-col","23":"product-has-gallery"},"yoast_head":"<!-- This site is optimized with the Yoast SEO plugin v27.4 - https:\/\/yoast.com\/product\/yoast-seo-wordpress\/ -->\n<title>Dove Original Beauty Bar Seife mit Feuchtigkeitscreme 6 x 90 g - Markt-XXL<\/title>\n<meta name=\"description\" content=\"Markt-XXL Dove Original Beauty Bar Seife mit Feuchtigkeitscreme 6 x 90 g\" \/>\n<meta name=\"robots\" content=\"index, follow, max-snippet:-1, max-image-preview:large, max-video-preview:-1\" \/>\n<link rel=\"canonical\" href=\"https:\/\/marktxxl.de\/markt\/produkt\/dove-original-beauty-bar-mit-milden-reinigern-feuchtigkeitscreme-riegel-mit-1-4-feuchtigkeitscreme-100g-x-6\/\" \/>\n<meta property=\"og:locale\" content=\"de_DE\" \/>\n<meta property=\"og:type\" content=\"article\" \/>\n<meta property=\"og:title\" content=\"Dove Original Beauty Bar Seife mit Feuchtigkeitscreme 6 x 90 g - Markt-XXL\" \/>\n<meta property=\"og:description\" content=\"Markt-XXL Dove Original Beauty Bar Seife mit Feuchtigkeitscreme 6 x 90 g\" \/>\n<meta property=\"og:url\" content=\"https:\/\/marktxxl.de\/markt\/produkt\/dove-original-beauty-bar-mit-milden-reinigern-feuchtigkeitscreme-riegel-mit-1-4-feuchtigkeitscreme-100g-x-6\/\" \/>\n<meta property=\"og:site_name\" content=\"Markt-XXL\" \/>\n<meta property=\"article:modified_time\" content=\"2023-04-09T01:05:18+00:00\" \/>\n<meta property=\"og:image\" content=\"https:\/\/m.media-amazon.com\/images\/I\/41aSfhNAuQL._SL500_.jpg\" \/>\n\t<meta property=\"og:image:width\" content=\"500\" \/>\n\t<meta property=\"og:image:height\" content=\"261\" \/>\n\t<meta property=\"og:image:type\" content=\"image\/jpeg\" \/>\n<meta name=\"twitter:card\" content=\"summary_large_image\" \/>\n<meta name=\"twitter:label1\" content=\"Gesch\u00e4tzte Lesezeit\" \/>\n\t<meta name=\"twitter:data1\" content=\"1\u00a0Minute\" \/>\n<script type=\"application\/ld+json\" class=\"yoast-schema-graph\">{\"@context\":\"https:\\\/\\\/schema.org\",\"@graph\":[{\"@type\":\"WebPage\",\"@id\":\"https:\\\/\\\/marktxxl.de\\\/markt\\\/produkt\\\/dove-original-beauty-bar-mit-milden-reinigern-feuchtigkeitscreme-riegel-mit-1-4-feuchtigkeitscreme-100g-x-6\\\/\",\"url\":\"https:\\\/\\\/marktxxl.de\\\/markt\\\/produkt\\\/dove-original-beauty-bar-mit-milden-reinigern-feuchtigkeitscreme-riegel-mit-1-4-feuchtigkeitscreme-100g-x-6\\\/\",\"name\":\"Dove Original Beauty Bar Seife mit Feuchtigkeitscreme 6 x 90 g - Markt-XXL\",\"isPartOf\":{\"@id\":\"https:\\\/\\\/marktxxl.de\\\/markt\\\/#website\"},\"primaryImageOfPage\":{\"@id\":\"https:\\\/\\\/marktxxl.de\\\/markt\\\/produkt\\\/dove-original-beauty-bar-mit-milden-reinigern-feuchtigkeitscreme-riegel-mit-1-4-feuchtigkeitscreme-100g-x-6\\\/#primaryimage\"},\"image\":{\"@id\":\"https:\\\/\\\/marktxxl.de\\\/markt\\\/produkt\\\/dove-original-beauty-bar-mit-milden-reinigern-feuchtigkeitscreme-riegel-mit-1-4-feuchtigkeitscreme-100g-x-6\\\/#primaryimage\"},\"thumbnailUrl\":\"https:\\\/\\\/m.media-amazon.com\\\/images\\\/I\\\/41aSfhNAuQL._SL500_.jpg\",\"datePublished\":\"2022-02-26T13:19:52+00:00\",\"dateModified\":\"2023-04-09T01:05:18+00:00\",\"description\":\"Markt-XXL Dove Original Beauty Bar Seife mit Feuchtigkeitscreme 6 x 90 g\",\"breadcrumb\":{\"@id\":\"https:\\\/\\\/marktxxl.de\\\/markt\\\/produkt\\\/dove-original-beauty-bar-mit-milden-reinigern-feuchtigkeitscreme-riegel-mit-1-4-feuchtigkeitscreme-100g-x-6\\\/#breadcrumb\"},\"inLanguage\":\"de\",\"potentialAction\":[{\"@type\":\"ReadAction\",\"target\":[\"https:\\\/\\\/marktxxl.de\\\/markt\\\/produkt\\\/dove-original-beauty-bar-mit-milden-reinigern-feuchtigkeitscreme-riegel-mit-1-4-feuchtigkeitscreme-100g-x-6\\\/\"]}]},{\"@type\":\"ImageObject\",\"inLanguage\":\"de\",\"@id\":\"https:\\\/\\\/marktxxl.de\\\/markt\\\/produkt\\\/dove-original-beauty-bar-mit-milden-reinigern-feuchtigkeitscreme-riegel-mit-1-4-feuchtigkeitscreme-100g-x-6\\\/#primaryimage\",\"url\":\"https:\\\/\\\/m.media-amazon.com\\\/images\\\/I\\\/41aSfhNAuQL._SL500_.jpg\",\"contentUrl\":\"https:\\\/\\\/m.media-amazon.com\\\/images\\\/I\\\/41aSfhNAuQL._SL500_.jpg\",\"width\":500,\"height\":261},{\"@type\":\"BreadcrumbList\",\"@id\":\"https:\\\/\\\/marktxxl.de\\\/markt\\\/produkt\\\/dove-original-beauty-bar-mit-milden-reinigern-feuchtigkeitscreme-riegel-mit-1-4-feuchtigkeitscreme-100g-x-6\\\/#breadcrumb\",\"itemListElement\":[{\"@type\":\"ListItem\",\"position\":1,\"name\":\"Startseite\",\"item\":\"https:\\\/\\\/marktxxl.de\\\/markt\\\/\"},{\"@type\":\"ListItem\",\"position\":2,\"name\":\"Markt\",\"item\":\"https:\\\/\\\/marktxxl.de\\\/markt\\\/\"},{\"@type\":\"ListItem\",\"position\":3,\"name\":\"Dove Original Beauty Bar Seife mit Feuchtigkeitscreme 6 x 90 g\"}]},{\"@type\":\"WebSite\",\"@id\":\"https:\\\/\\\/marktxxl.de\\\/markt\\\/#website\",\"url\":\"https:\\\/\\\/marktxxl.de\\\/markt\\\/\",\"name\":\"Markt-XXL\",\"description\":\"Ihr Markt Online\",\"publisher\":{\"@id\":\"https:\\\/\\\/marktxxl.de\\\/markt\\\/#organization\"},\"potentialAction\":[{\"@type\":\"SearchAction\",\"target\":{\"@type\":\"EntryPoint\",\"urlTemplate\":\"https:\\\/\\\/marktxxl.de\\\/markt\\\/?s={search_term_string}\"},\"query-input\":{\"@type\":\"PropertyValueSpecification\",\"valueRequired\":true,\"valueName\":\"search_term_string\"}}],\"inLanguage\":\"de\"},{\"@type\":\"Organization\",\"@id\":\"https:\\\/\\\/marktxxl.de\\\/markt\\\/#organization\",\"name\":\"Markt-XXL\",\"url\":\"https:\\\/\\\/marktxxl.de\\\/markt\\\/\",\"logo\":{\"@type\":\"ImageObject\",\"inLanguage\":\"de\",\"@id\":\"https:\\\/\\\/marktxxl.de\\\/markt\\\/#\\\/schema\\\/logo\\\/image\\\/\",\"url\":\"https:\\\/\\\/marktxxl.de\\\/markt\\\/wp-content\\\/uploads\\\/sites\\\/3\\\/2020\\\/12\\\/logo.png\",\"contentUrl\":\"https:\\\/\\\/marktxxl.de\\\/markt\\\/wp-content\\\/uploads\\\/sites\\\/3\\\/2020\\\/12\\\/logo.png\",\"width\":200,\"height\":70,\"caption\":\"Markt-XXL\"},\"image\":{\"@id\":\"https:\\\/\\\/marktxxl.de\\\/markt\\\/#\\\/schema\\\/logo\\\/image\\\/\"}}]}<\/script>\n<!-- \/ Yoast SEO plugin. -->","yoast_head_json":{"title":"Dove Original Beauty Bar Seife mit Feuchtigkeitscreme 6 x 90 g - Markt-XXL","description":"Markt-XXL Dove Original Beauty Bar Seife mit Feuchtigkeitscreme 6 x 90 g","robots":{"index":"index","follow":"follow","max-snippet":"max-snippet:-1","max-image-preview":"max-image-preview:large","max-video-preview":"max-video-preview:-1"},"canonical":"https:\/\/marktxxl.de\/markt\/produkt\/dove-original-beauty-bar-mit-milden-reinigern-feuchtigkeitscreme-riegel-mit-1-4-feuchtigkeitscreme-100g-x-6\/","og_locale":"de_DE","og_type":"article","og_title":"Dove Original Beauty Bar Seife mit Feuchtigkeitscreme 6 x 90 g - Markt-XXL","og_description":"Markt-XXL Dove Original Beauty Bar Seife mit Feuchtigkeitscreme 6 x 90 g","og_url":"https:\/\/marktxxl.de\/markt\/produkt\/dove-original-beauty-bar-mit-milden-reinigern-feuchtigkeitscreme-riegel-mit-1-4-feuchtigkeitscreme-100g-x-6\/","og_site_name":"Markt-XXL","article_modified_time":"2023-04-09T01:05:18+00:00","og_image":[{"width":500,"height":261,"url":"https:\/\/m.media-amazon.com\/images\/I\/41aSfhNAuQL._SL500_.jpg","type":"image\/jpeg"}],"twitter_card":"summary_large_image","twitter_misc":{"Gesch\u00e4tzte Lesezeit":"1\u00a0Minute"},"schema":{"@context":"https:\/\/schema.org","@graph":[{"@type":"WebPage","@id":"https:\/\/marktxxl.de\/markt\/produkt\/dove-original-beauty-bar-mit-milden-reinigern-feuchtigkeitscreme-riegel-mit-1-4-feuchtigkeitscreme-100g-x-6\/","url":"https:\/\/marktxxl.de\/markt\/produkt\/dove-original-beauty-bar-mit-milden-reinigern-feuchtigkeitscreme-riegel-mit-1-4-feuchtigkeitscreme-100g-x-6\/","name":"Dove Original Beauty Bar Seife mit Feuchtigkeitscreme 6 x 90 g - Markt-XXL","isPartOf":{"@id":"https:\/\/marktxxl.de\/markt\/#website"},"primaryImageOfPage":{"@id":"https:\/\/marktxxl.de\/markt\/produkt\/dove-original-beauty-bar-mit-milden-reinigern-feuchtigkeitscreme-riegel-mit-1-4-feuchtigkeitscreme-100g-x-6\/#primaryimage"},"image":{"@id":"https:\/\/marktxxl.de\/markt\/produkt\/dove-original-beauty-bar-mit-milden-reinigern-feuchtigkeitscreme-riegel-mit-1-4-feuchtigkeitscreme-100g-x-6\/#primaryimage"},"thumbnailUrl":"https:\/\/m.media-amazon.com\/images\/I\/41aSfhNAuQL._SL500_.jpg","datePublished":"2022-02-26T13:19:52+00:00","dateModified":"2023-04-09T01:05:18+00:00","description":"Markt-XXL Dove Original Beauty Bar Seife mit Feuchtigkeitscreme 6 x 90 g","breadcrumb":{"@id":"https:\/\/marktxxl.de\/markt\/produkt\/dove-original-beauty-bar-mit-milden-reinigern-feuchtigkeitscreme-riegel-mit-1-4-feuchtigkeitscreme-100g-x-6\/#breadcrumb"},"inLanguage":"de","potentialAction":[{"@type":"ReadAction","target":["https:\/\/marktxxl.de\/markt\/produkt\/dove-original-beauty-bar-mit-milden-reinigern-feuchtigkeitscreme-riegel-mit-1-4-feuchtigkeitscreme-100g-x-6\/"]}]},{"@type":"ImageObject","inLanguage":"de","@id":"https:\/\/marktxxl.de\/markt\/produkt\/dove-original-beauty-bar-mit-milden-reinigern-feuchtigkeitscreme-riegel-mit-1-4-feuchtigkeitscreme-100g-x-6\/#primaryimage","url":"https:\/\/m.media-amazon.com\/images\/I\/41aSfhNAuQL._SL500_.jpg","contentUrl":"https:\/\/m.media-amazon.com\/images\/I\/41aSfhNAuQL._SL500_.jpg","width":500,"height":261},{"@type":"BreadcrumbList","@id":"https:\/\/marktxxl.de\/markt\/produkt\/dove-original-beauty-bar-mit-milden-reinigern-feuchtigkeitscreme-riegel-mit-1-4-feuchtigkeitscreme-100g-x-6\/#breadcrumb","itemListElement":[{"@type":"ListItem","position":1,"name":"Startseite","item":"https:\/\/marktxxl.de\/markt\/"},{"@type":"ListItem","position":2,"name":"Markt","item":"https:\/\/marktxxl.de\/markt\/"},{"@type":"ListItem","position":3,"name":"Dove Original Beauty Bar Seife mit Feuchtigkeitscreme 6 x 90 g"}]},{"@type":"WebSite","@id":"https:\/\/marktxxl.de\/markt\/#website","url":"https:\/\/marktxxl.de\/markt\/","name":"Markt-XXL","description":"Ihr Markt Online","publisher":{"@id":"https:\/\/marktxxl.de\/markt\/#organization"},"potentialAction":[{"@type":"SearchAction","target":{"@type":"EntryPoint","urlTemplate":"https:\/\/marktxxl.de\/markt\/?s={search_term_string}"},"query-input":{"@type":"PropertyValueSpecification","valueRequired":true,"valueName":"search_term_string"}}],"inLanguage":"de"},{"@type":"Organization","@id":"https:\/\/marktxxl.de\/markt\/#organization","name":"Markt-XXL","url":"https:\/\/marktxxl.de\/markt\/","logo":{"@type":"ImageObject","inLanguage":"de","@id":"https:\/\/marktxxl.de\/markt\/#\/schema\/logo\/image\/","url":"https:\/\/marktxxl.de\/markt\/wp-content\/uploads\/sites\/3\/2020\/12\/logo.png","contentUrl":"https:\/\/marktxxl.de\/markt\/wp-content\/uploads\/sites\/3\/2020\/12\/logo.png","width":200,"height":70,"caption":"Markt-XXL"},"image":{"@id":"https:\/\/marktxxl.de\/markt\/#\/schema\/logo\/image\/"}}]}},"_links":{"self":[{"href":"https:\/\/marktxxl.de\/markt\/wp-json\/wp\/v2\/product\/105606","targetHints":{"allow":["GET"]}}],"collection":[{"href":"https:\/\/marktxxl.de\/markt\/wp-json\/wp\/v2\/product"}],"about":[{"href":"https:\/\/marktxxl.de\/markt\/wp-json\/wp\/v2\/types\/product"}],"replies":[{"embeddable":true,"href":"https:\/\/marktxxl.de\/markt\/wp-json\/wp\/v2\/comments?post=105606"}],"wp:featuredmedia":[{"embeddable":true,"href":"https:\/\/marktxxl.de\/markt\/wp-json\/wp\/v2\/media\/105607"}],"wp:attachment":[{"href":"https:\/\/marktxxl.de\/markt\/wp-json\/wp\/v2\/media?parent=105606"}],"wp:term":[{"taxonomy":"product_brand","embeddable":true,"href":"https:\/\/marktxxl.de\/markt\/wp-json\/wp\/v2\/product_brand?post=105606"},{"taxonomy":"product_cat","embeddable":true,"href":"https:\/\/marktxxl.de\/markt\/wp-json\/wp\/v2\/product_cat?post=105606"},{"taxonomy":"product_tag","embeddable":true,"href":"https:\/\/marktxxl.de\/markt\/wp-json\/wp\/v2\/product_tag?post=105606"}],"curies":[{"name":"wp","href":"https:\/\/api.w.org\/{rel}","templated":true}]}}