{"id":105500,"date":"2022-02-26T13:48:51","date_gmt":"2022-02-26T12:48:51","guid":{"rendered":"https:\/\/marktxxl.de\/markt\/produkt\/lampox-runde-koerperbuerste-trockenbuerste-rund-peelingbuerste-massagebuerste-peeling-koerper-buerste-zum-entfernen-abgestorbener-haut-verbessert-lymphfunktionen\/"},"modified":"2023-04-09T03:05:15","modified_gmt":"2023-04-09T01:05:15","slug":"lampox-runde-koerperbuerste-trockenbuerste-rund-peelingbuerste-massagebuerste-peeling-koerper-buerste-zum-entfernen-abgestorbener-haut-verbessert-lymphfunktionen","status":"publish","type":"product","link":"https:\/\/marktxxl.de\/markt\/produkt\/lampox-runde-koerperbuerste-trockenbuerste-rund-peelingbuerste-massagebuerste-peeling-koerper-buerste-zum-entfernen-abgestorbener-haut-verbessert-lymphfunktionen\/","title":{"rendered":"lampox\u00ae Runde K\u00f6rperb\u00fcrste, Trockenb\u00fcrste rund, Peelingb\u00fcrste, Massageb\u00fcrste, Peeling k\u00f6rper, B\u00fcrste zum Entfernen\u2026"},"content":{"rendered":"<p>\ud83d\udcb0 100% GELD-ZUR\u00dcCK-GARANTIE: Wir als Unternehmen aus der N\u00e4he von Stuttgart sind von unseren deutschen Qualit\u00e4tskontrollen vollst\u00e4ndig \u00fcberzeugt! Wir garantieren jedem eine 100%ige R\u00fcckerstattung des Kaufpreises, wenn du nicht zufrieden bist!<br \/>\n\u2714\ufe0f NACHHALTIG: aus erstklassigen Wildschweinborsten und einem angenehmen Holzgriff gefertigt. Naturmaterialien wurden bei unserer Trockenb\u00fcrste wo es nur geht verwendet.<br \/>\n\u2714\ufe0f ENTSPANNEND ODER ANREGEND: Sie k\u00f6nnen die Badeb\u00fcrste sowohl vor der t\u00e4glichen Dusche oder dem Bad benutzen, um ein kleines Wellness-Programm zu vollziehen oder Sie reiben sich den Stress und die M\u00fcdigkeit vom K\u00f6rper und regen Ihre Durchblutung an (B\u00fcrste darf nicht nass werden)<br \/>\n\u2714\ufe0f PEELING: entfernen Sie alte, abgestorbene Hautzellen mit der Peelingb\u00fcrste von lampox, f\u00f6rdern Sie Ihre Durchblutung, erh\u00f6hen Sie die Lymphdrainage, entgiften Sie Ihren K\u00f6rper und beugen Sie Cellulite vor. Das Ergebnis ist eine weichere, j\u00fcngere und glattere Haut.<br \/>\n\u2714\ufe0f RUNDE B\u00dcRSTE in PLASTIKFREIER VERPACKUNG: die runde Form passt sich perfekt Ihrer Hand an und erleichtert das Abb\u00fcrsten in kreisenden Bewegungen. Gutes Geschenk f\u00fcr die Sauna als Saunab\u00fcrste. F\u00fcr Frauen und M\u00e4nner.<br \/>\n<div class=\"main-cross-sell\" data-asin=\"B091FDM5H9\">\n\n\t<div class=\"WooZone-cross-sell-loader\">\n\t\t<div>\n\t\t\t<div id=\"floatingBarsG\">\n\t\t\t\t<div class=\"blockG\" id=\"rotateG_01\"><\/div>\n\t\t\t\t<div class=\"blockG\" id=\"rotateG_02\"><\/div>\n\t\t\t\t<div class=\"blockG\" id=\"rotateG_03\"><\/div>\n\t\t\t\t<div class=\"blockG\" id=\"rotateG_04\"><\/div>\n\t\t\t\t<div class=\"blockG\" id=\"rotateG_05\"><\/div>\n\t\t\t\t<div class=\"blockG\" id=\"rotateG_06\"><\/div>\n\t\t\t\t<div class=\"blockG\" id=\"rotateG_07\"><\/div>\n\t\t\t\t<div class=\"blockG\" id=\"rotateG_08\"><\/div>\n\t\t\t<\/div>\n\t\t\t<div class=\"WooZone-cross-sell-loader-text\"><\/div>\n\t\t<\/div>\n\t<\/div>\n\n\t\t\n<\/div>\n<div style=\"clear:both;\"><\/div><\/p>\n","protected":false},"excerpt":{"rendered":"<p>\ud83d\udcb0 100% GELD-ZUR\u00dcCK-GARANTIE: Wir als Unternehmen aus der N\u00e4he von Stuttgart sind von unseren deutschen Qualit\u00e4tskontrollen vollst\u00e4ndig \u00fcberzeugt! Wir garantieren jedem eine 100%ige R\u00fcckerstattung des Kaufpreises, wenn du nicht zufrieden bist!<br \/>\n\u2714\ufe0f NACHHALTIG: aus erstklassigen Wildschweinborsten und einem angenehmen Holzgriff gefertigt. Naturmaterialien wurden bei unserer Trockenb\u00fcrste wo es nur geht verwendet.<br \/>\n\u2714\ufe0f ENTSPANNEND ODER ANREGEND: Sie k\u00f6nnen die Badeb\u00fcrste sowohl vor der t\u00e4glichen Dusche oder dem Bad benutzen, um ein kleines Wellness-Programm zu vollziehen oder Sie reiben sich den Stress und die M\u00fcdigkeit vom K\u00f6rper und regen Ihre Durchblutung an (B\u00fcrste darf nicht nass werden)<\/p>\n","protected":false},"featured_media":105501,"comment_status":"open","ping_status":"closed","template":"","meta":[],"product_brand":[],"product_cat":[6565,2858],"product_tag":[],"class_list":{"0":"post-105500","1":"product","2":"type-product","3":"status-publish","4":"has-post-thumbnail","6":"product_cat-baden-koerperpflege-beauty","7":"product_cat-beauty","8":"pa_brand-lampox","9":"pa_height-50-zoll","10":"pa_length-1-zoll","11":"pa_manufacturer-lampox","12":"pa_size-1-stueck-1er-pack","13":"pa_width-0-zoll","15":"first","16":"instock","17":"shipping-taxable","18":"purchasable","19":"product-type-simple","20":"customify-col","21":"product-has-gallery"},"yoast_head":"<!-- This site is optimized with the Yoast SEO plugin v27.4 - https:\/\/yoast.com\/product\/yoast-seo-wordpress\/ -->\n<title>lampox\u00ae Runde K\u00f6rperb\u00fcrste, Trockenb\u00fcrste rund, Peelingb\u00fcrste, Massageb\u00fcrste, Peeling k\u00f6rper, B\u00fcrste zum Entfernen\u2026 - Markt-XXL<\/title>\n<meta name=\"description\" content=\"Markt-XXL lampox\u00ae Runde K\u00f6rperb\u00fcrste, Trockenb\u00fcrste rund, Peelingb\u00fcrste, Massageb\u00fcrste, Peeling k\u00f6rper, B\u00fcrste zum Entfernen\u2026\" \/>\n<meta name=\"robots\" content=\"index, follow, max-snippet:-1, max-image-preview:large, max-video-preview:-1\" \/>\n<link rel=\"canonical\" href=\"https:\/\/marktxxl.de\/markt\/produkt\/lampox-runde-koerperbuerste-trockenbuerste-rund-peelingbuerste-massagebuerste-peeling-koerper-buerste-zum-entfernen-abgestorbener-haut-verbessert-lymphfunktionen\/\" \/>\n<meta property=\"og:locale\" content=\"de_DE\" \/>\n<meta property=\"og:type\" content=\"article\" \/>\n<meta property=\"og:title\" content=\"lampox\u00ae Runde K\u00f6rperb\u00fcrste, Trockenb\u00fcrste rund, Peelingb\u00fcrste, Massageb\u00fcrste, Peeling k\u00f6rper, B\u00fcrste zum Entfernen\u2026 - Markt-XXL\" \/>\n<meta property=\"og:description\" content=\"Markt-XXL lampox\u00ae Runde K\u00f6rperb\u00fcrste, Trockenb\u00fcrste rund, Peelingb\u00fcrste, Massageb\u00fcrste, Peeling k\u00f6rper, B\u00fcrste zum Entfernen\u2026\" \/>\n<meta property=\"og:url\" content=\"https:\/\/marktxxl.de\/markt\/produkt\/lampox-runde-koerperbuerste-trockenbuerste-rund-peelingbuerste-massagebuerste-peeling-koerper-buerste-zum-entfernen-abgestorbener-haut-verbessert-lymphfunktionen\/\" \/>\n<meta property=\"og:site_name\" content=\"Markt-XXL\" \/>\n<meta property=\"article:modified_time\" content=\"2023-04-09T01:05:15+00:00\" \/>\n<meta property=\"og:image\" content=\"https:\/\/m.media-amazon.com\/images\/I\/41nuVMuIQUL._SL500_.jpg\" \/>\n\t<meta property=\"og:image:width\" content=\"500\" \/>\n\t<meta property=\"og:image:height\" content=\"500\" \/>\n\t<meta property=\"og:image:type\" content=\"image\/jpeg\" \/>\n<meta name=\"twitter:card\" content=\"summary_large_image\" \/>\n<meta name=\"twitter:label1\" content=\"Gesch\u00e4tzte Lesezeit\" \/>\n\t<meta name=\"twitter:data1\" content=\"1\u00a0Minute\" \/>\n<script type=\"application\/ld+json\" class=\"yoast-schema-graph\">{\"@context\":\"https:\\\/\\\/schema.org\",\"@graph\":[{\"@type\":\"WebPage\",\"@id\":\"https:\\\/\\\/marktxxl.de\\\/markt\\\/produkt\\\/lampox-runde-koerperbuerste-trockenbuerste-rund-peelingbuerste-massagebuerste-peeling-koerper-buerste-zum-entfernen-abgestorbener-haut-verbessert-lymphfunktionen\\\/\",\"url\":\"https:\\\/\\\/marktxxl.de\\\/markt\\\/produkt\\\/lampox-runde-koerperbuerste-trockenbuerste-rund-peelingbuerste-massagebuerste-peeling-koerper-buerste-zum-entfernen-abgestorbener-haut-verbessert-lymphfunktionen\\\/\",\"name\":\"lampox\u00ae Runde K\u00f6rperb\u00fcrste, Trockenb\u00fcrste rund, Peelingb\u00fcrste, Massageb\u00fcrste, Peeling k\u00f6rper, B\u00fcrste zum Entfernen\u2026 - Markt-XXL\",\"isPartOf\":{\"@id\":\"https:\\\/\\\/marktxxl.de\\\/markt\\\/#website\"},\"primaryImageOfPage\":{\"@id\":\"https:\\\/\\\/marktxxl.de\\\/markt\\\/produkt\\\/lampox-runde-koerperbuerste-trockenbuerste-rund-peelingbuerste-massagebuerste-peeling-koerper-buerste-zum-entfernen-abgestorbener-haut-verbessert-lymphfunktionen\\\/#primaryimage\"},\"image\":{\"@id\":\"https:\\\/\\\/marktxxl.de\\\/markt\\\/produkt\\\/lampox-runde-koerperbuerste-trockenbuerste-rund-peelingbuerste-massagebuerste-peeling-koerper-buerste-zum-entfernen-abgestorbener-haut-verbessert-lymphfunktionen\\\/#primaryimage\"},\"thumbnailUrl\":\"https:\\\/\\\/m.media-amazon.com\\\/images\\\/I\\\/41nuVMuIQUL._SL500_.jpg\",\"datePublished\":\"2022-02-26T12:48:51+00:00\",\"dateModified\":\"2023-04-09T01:05:15+00:00\",\"description\":\"Markt-XXL lampox\u00ae Runde K\u00f6rperb\u00fcrste, Trockenb\u00fcrste rund, Peelingb\u00fcrste, Massageb\u00fcrste, Peeling k\u00f6rper, B\u00fcrste zum Entfernen\u2026\",\"breadcrumb\":{\"@id\":\"https:\\\/\\\/marktxxl.de\\\/markt\\\/produkt\\\/lampox-runde-koerperbuerste-trockenbuerste-rund-peelingbuerste-massagebuerste-peeling-koerper-buerste-zum-entfernen-abgestorbener-haut-verbessert-lymphfunktionen\\\/#breadcrumb\"},\"inLanguage\":\"de\",\"potentialAction\":[{\"@type\":\"ReadAction\",\"target\":[\"https:\\\/\\\/marktxxl.de\\\/markt\\\/produkt\\\/lampox-runde-koerperbuerste-trockenbuerste-rund-peelingbuerste-massagebuerste-peeling-koerper-buerste-zum-entfernen-abgestorbener-haut-verbessert-lymphfunktionen\\\/\"]}]},{\"@type\":\"ImageObject\",\"inLanguage\":\"de\",\"@id\":\"https:\\\/\\\/marktxxl.de\\\/markt\\\/produkt\\\/lampox-runde-koerperbuerste-trockenbuerste-rund-peelingbuerste-massagebuerste-peeling-koerper-buerste-zum-entfernen-abgestorbener-haut-verbessert-lymphfunktionen\\\/#primaryimage\",\"url\":\"https:\\\/\\\/m.media-amazon.com\\\/images\\\/I\\\/41nuVMuIQUL._SL500_.jpg\",\"contentUrl\":\"https:\\\/\\\/m.media-amazon.com\\\/images\\\/I\\\/41nuVMuIQUL._SL500_.jpg\",\"width\":500,\"height\":500},{\"@type\":\"BreadcrumbList\",\"@id\":\"https:\\\/\\\/marktxxl.de\\\/markt\\\/produkt\\\/lampox-runde-koerperbuerste-trockenbuerste-rund-peelingbuerste-massagebuerste-peeling-koerper-buerste-zum-entfernen-abgestorbener-haut-verbessert-lymphfunktionen\\\/#breadcrumb\",\"itemListElement\":[{\"@type\":\"ListItem\",\"position\":1,\"name\":\"Startseite\",\"item\":\"https:\\\/\\\/marktxxl.de\\\/markt\\\/\"},{\"@type\":\"ListItem\",\"position\":2,\"name\":\"Markt\",\"item\":\"https:\\\/\\\/marktxxl.de\\\/markt\\\/\"},{\"@type\":\"ListItem\",\"position\":3,\"name\":\"lampox\u00ae Runde K\u00f6rperb\u00fcrste, Trockenb\u00fcrste rund, Peelingb\u00fcrste, Massageb\u00fcrste, Peeling k\u00f6rper, B\u00fcrste zum Entfernen\u2026\"}]},{\"@type\":\"WebSite\",\"@id\":\"https:\\\/\\\/marktxxl.de\\\/markt\\\/#website\",\"url\":\"https:\\\/\\\/marktxxl.de\\\/markt\\\/\",\"name\":\"Markt-XXL\",\"description\":\"Ihr Markt Online\",\"publisher\":{\"@id\":\"https:\\\/\\\/marktxxl.de\\\/markt\\\/#organization\"},\"potentialAction\":[{\"@type\":\"SearchAction\",\"target\":{\"@type\":\"EntryPoint\",\"urlTemplate\":\"https:\\\/\\\/marktxxl.de\\\/markt\\\/?s={search_term_string}\"},\"query-input\":{\"@type\":\"PropertyValueSpecification\",\"valueRequired\":true,\"valueName\":\"search_term_string\"}}],\"inLanguage\":\"de\"},{\"@type\":\"Organization\",\"@id\":\"https:\\\/\\\/marktxxl.de\\\/markt\\\/#organization\",\"name\":\"Markt-XXL\",\"url\":\"https:\\\/\\\/marktxxl.de\\\/markt\\\/\",\"logo\":{\"@type\":\"ImageObject\",\"inLanguage\":\"de\",\"@id\":\"https:\\\/\\\/marktxxl.de\\\/markt\\\/#\\\/schema\\\/logo\\\/image\\\/\",\"url\":\"https:\\\/\\\/marktxxl.de\\\/markt\\\/wp-content\\\/uploads\\\/sites\\\/3\\\/2020\\\/12\\\/logo.png\",\"contentUrl\":\"https:\\\/\\\/marktxxl.de\\\/markt\\\/wp-content\\\/uploads\\\/sites\\\/3\\\/2020\\\/12\\\/logo.png\",\"width\":200,\"height\":70,\"caption\":\"Markt-XXL\"},\"image\":{\"@id\":\"https:\\\/\\\/marktxxl.de\\\/markt\\\/#\\\/schema\\\/logo\\\/image\\\/\"}}]}<\/script>\n<!-- \/ Yoast SEO plugin. -->","yoast_head_json":{"title":"lampox\u00ae Runde K\u00f6rperb\u00fcrste, Trockenb\u00fcrste rund, Peelingb\u00fcrste, Massageb\u00fcrste, Peeling k\u00f6rper, B\u00fcrste zum Entfernen\u2026 - Markt-XXL","description":"Markt-XXL lampox\u00ae Runde K\u00f6rperb\u00fcrste, Trockenb\u00fcrste rund, Peelingb\u00fcrste, Massageb\u00fcrste, Peeling k\u00f6rper, B\u00fcrste zum Entfernen\u2026","robots":{"index":"index","follow":"follow","max-snippet":"max-snippet:-1","max-image-preview":"max-image-preview:large","max-video-preview":"max-video-preview:-1"},"canonical":"https:\/\/marktxxl.de\/markt\/produkt\/lampox-runde-koerperbuerste-trockenbuerste-rund-peelingbuerste-massagebuerste-peeling-koerper-buerste-zum-entfernen-abgestorbener-haut-verbessert-lymphfunktionen\/","og_locale":"de_DE","og_type":"article","og_title":"lampox\u00ae Runde K\u00f6rperb\u00fcrste, Trockenb\u00fcrste rund, Peelingb\u00fcrste, Massageb\u00fcrste, Peeling k\u00f6rper, B\u00fcrste zum Entfernen\u2026 - Markt-XXL","og_description":"Markt-XXL lampox\u00ae Runde K\u00f6rperb\u00fcrste, Trockenb\u00fcrste rund, Peelingb\u00fcrste, Massageb\u00fcrste, Peeling k\u00f6rper, B\u00fcrste zum Entfernen\u2026","og_url":"https:\/\/marktxxl.de\/markt\/produkt\/lampox-runde-koerperbuerste-trockenbuerste-rund-peelingbuerste-massagebuerste-peeling-koerper-buerste-zum-entfernen-abgestorbener-haut-verbessert-lymphfunktionen\/","og_site_name":"Markt-XXL","article_modified_time":"2023-04-09T01:05:15+00:00","og_image":[{"width":500,"height":500,"url":"https:\/\/m.media-amazon.com\/images\/I\/41nuVMuIQUL._SL500_.jpg","type":"image\/jpeg"}],"twitter_card":"summary_large_image","twitter_misc":{"Gesch\u00e4tzte Lesezeit":"1\u00a0Minute"},"schema":{"@context":"https:\/\/schema.org","@graph":[{"@type":"WebPage","@id":"https:\/\/marktxxl.de\/markt\/produkt\/lampox-runde-koerperbuerste-trockenbuerste-rund-peelingbuerste-massagebuerste-peeling-koerper-buerste-zum-entfernen-abgestorbener-haut-verbessert-lymphfunktionen\/","url":"https:\/\/marktxxl.de\/markt\/produkt\/lampox-runde-koerperbuerste-trockenbuerste-rund-peelingbuerste-massagebuerste-peeling-koerper-buerste-zum-entfernen-abgestorbener-haut-verbessert-lymphfunktionen\/","name":"lampox\u00ae Runde K\u00f6rperb\u00fcrste, Trockenb\u00fcrste rund, Peelingb\u00fcrste, Massageb\u00fcrste, Peeling k\u00f6rper, B\u00fcrste zum Entfernen\u2026 - Markt-XXL","isPartOf":{"@id":"https:\/\/marktxxl.de\/markt\/#website"},"primaryImageOfPage":{"@id":"https:\/\/marktxxl.de\/markt\/produkt\/lampox-runde-koerperbuerste-trockenbuerste-rund-peelingbuerste-massagebuerste-peeling-koerper-buerste-zum-entfernen-abgestorbener-haut-verbessert-lymphfunktionen\/#primaryimage"},"image":{"@id":"https:\/\/marktxxl.de\/markt\/produkt\/lampox-runde-koerperbuerste-trockenbuerste-rund-peelingbuerste-massagebuerste-peeling-koerper-buerste-zum-entfernen-abgestorbener-haut-verbessert-lymphfunktionen\/#primaryimage"},"thumbnailUrl":"https:\/\/m.media-amazon.com\/images\/I\/41nuVMuIQUL._SL500_.jpg","datePublished":"2022-02-26T12:48:51+00:00","dateModified":"2023-04-09T01:05:15+00:00","description":"Markt-XXL lampox\u00ae Runde K\u00f6rperb\u00fcrste, Trockenb\u00fcrste rund, Peelingb\u00fcrste, Massageb\u00fcrste, Peeling k\u00f6rper, B\u00fcrste zum Entfernen\u2026","breadcrumb":{"@id":"https:\/\/marktxxl.de\/markt\/produkt\/lampox-runde-koerperbuerste-trockenbuerste-rund-peelingbuerste-massagebuerste-peeling-koerper-buerste-zum-entfernen-abgestorbener-haut-verbessert-lymphfunktionen\/#breadcrumb"},"inLanguage":"de","potentialAction":[{"@type":"ReadAction","target":["https:\/\/marktxxl.de\/markt\/produkt\/lampox-runde-koerperbuerste-trockenbuerste-rund-peelingbuerste-massagebuerste-peeling-koerper-buerste-zum-entfernen-abgestorbener-haut-verbessert-lymphfunktionen\/"]}]},{"@type":"ImageObject","inLanguage":"de","@id":"https:\/\/marktxxl.de\/markt\/produkt\/lampox-runde-koerperbuerste-trockenbuerste-rund-peelingbuerste-massagebuerste-peeling-koerper-buerste-zum-entfernen-abgestorbener-haut-verbessert-lymphfunktionen\/#primaryimage","url":"https:\/\/m.media-amazon.com\/images\/I\/41nuVMuIQUL._SL500_.jpg","contentUrl":"https:\/\/m.media-amazon.com\/images\/I\/41nuVMuIQUL._SL500_.jpg","width":500,"height":500},{"@type":"BreadcrumbList","@id":"https:\/\/marktxxl.de\/markt\/produkt\/lampox-runde-koerperbuerste-trockenbuerste-rund-peelingbuerste-massagebuerste-peeling-koerper-buerste-zum-entfernen-abgestorbener-haut-verbessert-lymphfunktionen\/#breadcrumb","itemListElement":[{"@type":"ListItem","position":1,"name":"Startseite","item":"https:\/\/marktxxl.de\/markt\/"},{"@type":"ListItem","position":2,"name":"Markt","item":"https:\/\/marktxxl.de\/markt\/"},{"@type":"ListItem","position":3,"name":"lampox\u00ae Runde K\u00f6rperb\u00fcrste, Trockenb\u00fcrste rund, Peelingb\u00fcrste, Massageb\u00fcrste, Peeling k\u00f6rper, B\u00fcrste zum Entfernen\u2026"}]},{"@type":"WebSite","@id":"https:\/\/marktxxl.de\/markt\/#website","url":"https:\/\/marktxxl.de\/markt\/","name":"Markt-XXL","description":"Ihr Markt Online","publisher":{"@id":"https:\/\/marktxxl.de\/markt\/#organization"},"potentialAction":[{"@type":"SearchAction","target":{"@type":"EntryPoint","urlTemplate":"https:\/\/marktxxl.de\/markt\/?s={search_term_string}"},"query-input":{"@type":"PropertyValueSpecification","valueRequired":true,"valueName":"search_term_string"}}],"inLanguage":"de"},{"@type":"Organization","@id":"https:\/\/marktxxl.de\/markt\/#organization","name":"Markt-XXL","url":"https:\/\/marktxxl.de\/markt\/","logo":{"@type":"ImageObject","inLanguage":"de","@id":"https:\/\/marktxxl.de\/markt\/#\/schema\/logo\/image\/","url":"https:\/\/marktxxl.de\/markt\/wp-content\/uploads\/sites\/3\/2020\/12\/logo.png","contentUrl":"https:\/\/marktxxl.de\/markt\/wp-content\/uploads\/sites\/3\/2020\/12\/logo.png","width":200,"height":70,"caption":"Markt-XXL"},"image":{"@id":"https:\/\/marktxxl.de\/markt\/#\/schema\/logo\/image\/"}}]}},"_links":{"self":[{"href":"https:\/\/marktxxl.de\/markt\/wp-json\/wp\/v2\/product\/105500","targetHints":{"allow":["GET"]}}],"collection":[{"href":"https:\/\/marktxxl.de\/markt\/wp-json\/wp\/v2\/product"}],"about":[{"href":"https:\/\/marktxxl.de\/markt\/wp-json\/wp\/v2\/types\/product"}],"replies":[{"embeddable":true,"href":"https:\/\/marktxxl.de\/markt\/wp-json\/wp\/v2\/comments?post=105500"}],"wp:featuredmedia":[{"embeddable":true,"href":"https:\/\/marktxxl.de\/markt\/wp-json\/wp\/v2\/media\/105501"}],"wp:attachment":[{"href":"https:\/\/marktxxl.de\/markt\/wp-json\/wp\/v2\/media?parent=105500"}],"wp:term":[{"taxonomy":"product_brand","embeddable":true,"href":"https:\/\/marktxxl.de\/markt\/wp-json\/wp\/v2\/product_brand?post=105500"},{"taxonomy":"product_cat","embeddable":true,"href":"https:\/\/marktxxl.de\/markt\/wp-json\/wp\/v2\/product_cat?post=105500"},{"taxonomy":"product_tag","embeddable":true,"href":"https:\/\/marktxxl.de\/markt\/wp-json\/wp\/v2\/product_tag?post=105500"}],"curies":[{"name":"wp","href":"https:\/\/api.w.org\/{rel}","templated":true}]}}