{"id":105339,"date":"2022-02-26T13:33:39","date_gmt":"2022-02-26T12:33:39","guid":{"rendered":"https:\/\/marktxxl.de\/markt\/produkt\/qitindasen-5pcs-premium-12v-24v-medium-add-a-circuit-sicherungshalter-klinge-sicherungshalter-kfz-sicherung-tap-flachsicherungsadapter-mit-15pcs-standard-blade-sicherung\/"},"modified":"2023-04-10T03:29:48","modified_gmt":"2023-04-10T01:29:48","slug":"qitindasen-5pcs-premium-12v-24v-medium-add-a-circuit-sicherungshalter-klinge-sicherungshalter-kfz-sicherung-tap-flachsicherungsadapter-mit-15pcs-standard-blade-sicherung","status":"publish","type":"product","link":"https:\/\/marktxxl.de\/markt\/produkt\/qitindasen-5pcs-premium-12v-24v-medium-add-a-circuit-sicherungshalter-klinge-sicherungshalter-kfz-sicherung-tap-flachsicherungsadapter-mit-15pcs-standard-blade-sicherung\/","title":{"rendered":"QitinDasen 5Pcs Premium 12V \/ 24V Medium Add-a-Circuit Sicherungshalter, Klinge Sicherungshalter, KFZ Sicherung Tap\u2026"},"content":{"rendered":"<p>\u3013 Sch\u00fctzt die urspr\u00fcngliche Schaltung und bietet eine Leitung f\u00fcr neue Schaltung. Der Sicherungsabgriff verwandelt einen Steckplatz in zwei Steckpl\u00e4tze, bietet einen Sicherungshalter zum Schutz der vorhandenen Schaltung und einen zweiten Sicherungshalter zum Schutz der neuen Schaltung.<br \/>\n\u3013 Mit diesem Produkt k\u00f6nnen Sie professionelles Montagezubeh\u00f6r erhalten, ohne in die urspr\u00fcngliche Stromverdrahtung zu schneiden oder zu splei\u00dfen. Es macht Ihre Arbeit einfach und schnell, zus\u00e4tzliche Schaltungen f\u00fcr elektrische Zubeh\u00f6r.<br \/>\n\u3013 Medium Sicherungshalter, 16 AWG Kabel ist aus hochwertigem ABS &amp; Kupferdraht, f\u00fcr neue Schaltung zus\u00e4tzliche Sicherung hinzuf\u00fcgen. Verzinnt Zink-Anschl\u00fcsse f\u00fcr Korrosionsbest\u00e4ndigkeit und erh\u00f6hte Leitf\u00e4higkeit sch\u00fctzen Ihre Fahrzeuge und Ihr elektrisches Ger\u00e4t vor Kurzschluss und \u00dcberlastung.<br \/>\n\u3013 Ersatz Schritte: 1. Trennen Sie die Stromversorgung, Suchen und entfernen Sie die durchgebrannte Sicherung; 2. W\u00e4hlen und Installieren Sie eine gleiche Gr\u00f6\u00dfe, eine gleiche Stromst\u00e4rke der Sicherung, stecken Sie sie wieder in den Sicherungsblock; 3. Schlie\u00dfen Sie die Stromquelle wieder an, um das neue Zubeh\u00f6r auf ordnungsgem\u00e4\u00dfen Betrieb zu pr\u00fcfen. 4. Wenn das Zubeh\u00f6r nicht funktioniert, drehen Sie den Add-a-Circuit um 180 Grad und setzen Sie ihn erneut in den Sicherungsblock ein.<br \/>\n\u3013 Paket Beinhaltet: Medium Sicherungshalter X 5Pcs, Sicherungsabzieher X 1Pcs, Kabelbinder X 5Pcs, Standard Sicherungen X 15Pcs (3 Arten: 10A X 5Pcs, 15A X 5Pcs, 20A X 5Pcs).<br \/>\n<div class=\"main-cross-sell\" data-asin=\"B07ML5PCB5\">\n\n\t<div class=\"WooZone-cross-sell-loader\">\n\t\t<div>\n\t\t\t<div id=\"floatingBarsG\">\n\t\t\t\t<div class=\"blockG\" id=\"rotateG_01\"><\/div>\n\t\t\t\t<div class=\"blockG\" id=\"rotateG_02\"><\/div>\n\t\t\t\t<div class=\"blockG\" id=\"rotateG_03\"><\/div>\n\t\t\t\t<div class=\"blockG\" id=\"rotateG_04\"><\/div>\n\t\t\t\t<div class=\"blockG\" id=\"rotateG_05\"><\/div>\n\t\t\t\t<div class=\"blockG\" id=\"rotateG_06\"><\/div>\n\t\t\t\t<div class=\"blockG\" id=\"rotateG_07\"><\/div>\n\t\t\t\t<div class=\"blockG\" id=\"rotateG_08\"><\/div>\n\t\t\t<\/div>\n\t\t\t<div class=\"WooZone-cross-sell-loader-text\"><\/div>\n\t\t<\/div>\n\t<\/div>\n\n\t\t\n<\/div>\n<div style=\"clear:both;\"><\/div><\/p>\n","protected":false},"excerpt":{"rendered":"<p>\u3013 Sch\u00fctzt die urspr\u00fcngliche Schaltung und bietet eine Leitung f\u00fcr neue Schaltung. Der Sicherungsabgriff verwandelt einen Steckplatz in zwei Steckpl\u00e4tze, bietet einen Sicherungshalter zum Schutz der vorhandenen Schaltung und einen zweiten Sicherungshalter zum Schutz der neuen Schaltung.<br \/>\n\u3013 Mit diesem Produkt k\u00f6nnen Sie professionelles Montagezubeh\u00f6r erhalten, ohne in die urspr\u00fcngliche Stromverdrahtung zu schneiden oder zu splei\u00dfen. Es macht Ihre Arbeit einfach und schnell, zus\u00e4tzliche Schaltungen f\u00fcr elektrische Zubeh\u00f6r.<br \/>\n\u3013 Medium Sicherungshalter, 16 AWG Kabel ist aus hochwertigem ABS &amp; Kupferdraht, f\u00fcr neue Schaltung zus\u00e4tzliche Sicherung hinzuf\u00fcgen. Verzinnt Zink-Anschl\u00fcsse f\u00fcr Korrosionsbest\u00e4ndigkeit und erh\u00f6hte Leitf\u00e4higkeit sch\u00fctzen Ihre Fahrzeuge und Ihr elektrisches Ger\u00e4t vor Kurzschluss und \u00dcberlastung.<\/p>\n","protected":false},"featured_media":105340,"comment_status":"open","ping_status":"closed","template":"","meta":[],"product_brand":[],"product_cat":[1983,11009],"product_tag":[],"class_list":{"0":"post-105339","1":"product","2":"type-product","3":"status-publish","4":"has-post-thumbnail","6":"product_cat-baumarkt","7":"product_cat-elektroinstallation","8":"pa_binding-elektronik","9":"pa_brand-qitindasen","10":"pa_color-medium-5p","11":"pa_manufacturer-fularr","13":"first","14":"instock","15":"shipping-taxable","16":"purchasable","17":"product-type-simple","18":"customify-col","19":"product-has-gallery"},"yoast_head":"<!-- This site is optimized with the Yoast SEO plugin v27.4 - https:\/\/yoast.com\/product\/yoast-seo-wordpress\/ -->\n<title>QitinDasen 5Pcs Premium 12V \/ 24V Medium Add-a-Circuit Sicherungshalter, Klinge Sicherungshalter, KFZ Sicherung Tap\u2026 - Markt-XXL<\/title>\n<meta name=\"description\" content=\"Markt-XXL QitinDasen 5Pcs Premium 12V \/ 24V Medium Add-a-Circuit Sicherungshalter, Klinge Sicherungshalter, KFZ Sicherung Tap\u2026\" \/>\n<meta name=\"robots\" content=\"index, follow, max-snippet:-1, max-image-preview:large, max-video-preview:-1\" \/>\n<link rel=\"canonical\" href=\"https:\/\/marktxxl.de\/markt\/produkt\/qitindasen-5pcs-premium-12v-24v-medium-add-a-circuit-sicherungshalter-klinge-sicherungshalter-kfz-sicherung-tap-flachsicherungsadapter-mit-15pcs-standard-blade-sicherung\/\" \/>\n<meta property=\"og:locale\" content=\"de_DE\" \/>\n<meta property=\"og:type\" content=\"article\" \/>\n<meta property=\"og:title\" content=\"QitinDasen 5Pcs Premium 12V \/ 24V Medium Add-a-Circuit Sicherungshalter, Klinge Sicherungshalter, KFZ Sicherung Tap\u2026 - Markt-XXL\" \/>\n<meta property=\"og:description\" content=\"Markt-XXL QitinDasen 5Pcs Premium 12V \/ 24V Medium Add-a-Circuit Sicherungshalter, Klinge Sicherungshalter, KFZ Sicherung Tap\u2026\" \/>\n<meta property=\"og:url\" content=\"https:\/\/marktxxl.de\/markt\/produkt\/qitindasen-5pcs-premium-12v-24v-medium-add-a-circuit-sicherungshalter-klinge-sicherungshalter-kfz-sicherung-tap-flachsicherungsadapter-mit-15pcs-standard-blade-sicherung\/\" \/>\n<meta property=\"og:site_name\" content=\"Markt-XXL\" \/>\n<meta property=\"article:modified_time\" content=\"2023-04-10T01:29:48+00:00\" \/>\n<meta property=\"og:image\" content=\"https:\/\/m.media-amazon.com\/images\/I\/51vJE7qyloL._SL500_.jpg\" \/>\n\t<meta property=\"og:image:width\" content=\"500\" \/>\n\t<meta property=\"og:image:height\" content=\"500\" \/>\n\t<meta property=\"og:image:type\" content=\"image\/jpeg\" \/>\n<meta name=\"twitter:card\" content=\"summary_large_image\" \/>\n<meta name=\"twitter:label1\" content=\"Gesch\u00e4tzte Lesezeit\" \/>\n\t<meta name=\"twitter:data1\" content=\"1\u00a0Minute\" \/>\n<script type=\"application\/ld+json\" class=\"yoast-schema-graph\">{\"@context\":\"https:\\\/\\\/schema.org\",\"@graph\":[{\"@type\":\"WebPage\",\"@id\":\"https:\\\/\\\/marktxxl.de\\\/markt\\\/produkt\\\/qitindasen-5pcs-premium-12v-24v-medium-add-a-circuit-sicherungshalter-klinge-sicherungshalter-kfz-sicherung-tap-flachsicherungsadapter-mit-15pcs-standard-blade-sicherung\\\/\",\"url\":\"https:\\\/\\\/marktxxl.de\\\/markt\\\/produkt\\\/qitindasen-5pcs-premium-12v-24v-medium-add-a-circuit-sicherungshalter-klinge-sicherungshalter-kfz-sicherung-tap-flachsicherungsadapter-mit-15pcs-standard-blade-sicherung\\\/\",\"name\":\"QitinDasen 5Pcs Premium 12V \\\/ 24V Medium Add-a-Circuit Sicherungshalter, Klinge Sicherungshalter, KFZ Sicherung Tap\u2026 - Markt-XXL\",\"isPartOf\":{\"@id\":\"https:\\\/\\\/marktxxl.de\\\/markt\\\/#website\"},\"primaryImageOfPage\":{\"@id\":\"https:\\\/\\\/marktxxl.de\\\/markt\\\/produkt\\\/qitindasen-5pcs-premium-12v-24v-medium-add-a-circuit-sicherungshalter-klinge-sicherungshalter-kfz-sicherung-tap-flachsicherungsadapter-mit-15pcs-standard-blade-sicherung\\\/#primaryimage\"},\"image\":{\"@id\":\"https:\\\/\\\/marktxxl.de\\\/markt\\\/produkt\\\/qitindasen-5pcs-premium-12v-24v-medium-add-a-circuit-sicherungshalter-klinge-sicherungshalter-kfz-sicherung-tap-flachsicherungsadapter-mit-15pcs-standard-blade-sicherung\\\/#primaryimage\"},\"thumbnailUrl\":\"https:\\\/\\\/m.media-amazon.com\\\/images\\\/I\\\/51vJE7qyloL._SL500_.jpg\",\"datePublished\":\"2022-02-26T12:33:39+00:00\",\"dateModified\":\"2023-04-10T01:29:48+00:00\",\"description\":\"Markt-XXL QitinDasen 5Pcs Premium 12V \\\/ 24V Medium Add-a-Circuit Sicherungshalter, Klinge Sicherungshalter, KFZ Sicherung Tap\u2026\",\"breadcrumb\":{\"@id\":\"https:\\\/\\\/marktxxl.de\\\/markt\\\/produkt\\\/qitindasen-5pcs-premium-12v-24v-medium-add-a-circuit-sicherungshalter-klinge-sicherungshalter-kfz-sicherung-tap-flachsicherungsadapter-mit-15pcs-standard-blade-sicherung\\\/#breadcrumb\"},\"inLanguage\":\"de\",\"potentialAction\":[{\"@type\":\"ReadAction\",\"target\":[\"https:\\\/\\\/marktxxl.de\\\/markt\\\/produkt\\\/qitindasen-5pcs-premium-12v-24v-medium-add-a-circuit-sicherungshalter-klinge-sicherungshalter-kfz-sicherung-tap-flachsicherungsadapter-mit-15pcs-standard-blade-sicherung\\\/\"]}]},{\"@type\":\"ImageObject\",\"inLanguage\":\"de\",\"@id\":\"https:\\\/\\\/marktxxl.de\\\/markt\\\/produkt\\\/qitindasen-5pcs-premium-12v-24v-medium-add-a-circuit-sicherungshalter-klinge-sicherungshalter-kfz-sicherung-tap-flachsicherungsadapter-mit-15pcs-standard-blade-sicherung\\\/#primaryimage\",\"url\":\"https:\\\/\\\/m.media-amazon.com\\\/images\\\/I\\\/51vJE7qyloL._SL500_.jpg\",\"contentUrl\":\"https:\\\/\\\/m.media-amazon.com\\\/images\\\/I\\\/51vJE7qyloL._SL500_.jpg\",\"width\":500,\"height\":500},{\"@type\":\"BreadcrumbList\",\"@id\":\"https:\\\/\\\/marktxxl.de\\\/markt\\\/produkt\\\/qitindasen-5pcs-premium-12v-24v-medium-add-a-circuit-sicherungshalter-klinge-sicherungshalter-kfz-sicherung-tap-flachsicherungsadapter-mit-15pcs-standard-blade-sicherung\\\/#breadcrumb\",\"itemListElement\":[{\"@type\":\"ListItem\",\"position\":1,\"name\":\"Startseite\",\"item\":\"https:\\\/\\\/marktxxl.de\\\/markt\\\/\"},{\"@type\":\"ListItem\",\"position\":2,\"name\":\"Markt\",\"item\":\"https:\\\/\\\/marktxxl.de\\\/markt\\\/\"},{\"@type\":\"ListItem\",\"position\":3,\"name\":\"QitinDasen 5Pcs Premium 12V \\\/ 24V Medium Add-a-Circuit Sicherungshalter, Klinge Sicherungshalter, KFZ Sicherung Tap\u2026\"}]},{\"@type\":\"WebSite\",\"@id\":\"https:\\\/\\\/marktxxl.de\\\/markt\\\/#website\",\"url\":\"https:\\\/\\\/marktxxl.de\\\/markt\\\/\",\"name\":\"Markt-XXL\",\"description\":\"Ihr Markt Online\",\"publisher\":{\"@id\":\"https:\\\/\\\/marktxxl.de\\\/markt\\\/#organization\"},\"potentialAction\":[{\"@type\":\"SearchAction\",\"target\":{\"@type\":\"EntryPoint\",\"urlTemplate\":\"https:\\\/\\\/marktxxl.de\\\/markt\\\/?s={search_term_string}\"},\"query-input\":{\"@type\":\"PropertyValueSpecification\",\"valueRequired\":true,\"valueName\":\"search_term_string\"}}],\"inLanguage\":\"de\"},{\"@type\":\"Organization\",\"@id\":\"https:\\\/\\\/marktxxl.de\\\/markt\\\/#organization\",\"name\":\"Markt-XXL\",\"url\":\"https:\\\/\\\/marktxxl.de\\\/markt\\\/\",\"logo\":{\"@type\":\"ImageObject\",\"inLanguage\":\"de\",\"@id\":\"https:\\\/\\\/marktxxl.de\\\/markt\\\/#\\\/schema\\\/logo\\\/image\\\/\",\"url\":\"https:\\\/\\\/marktxxl.de\\\/markt\\\/wp-content\\\/uploads\\\/sites\\\/3\\\/2020\\\/12\\\/logo.png\",\"contentUrl\":\"https:\\\/\\\/marktxxl.de\\\/markt\\\/wp-content\\\/uploads\\\/sites\\\/3\\\/2020\\\/12\\\/logo.png\",\"width\":200,\"height\":70,\"caption\":\"Markt-XXL\"},\"image\":{\"@id\":\"https:\\\/\\\/marktxxl.de\\\/markt\\\/#\\\/schema\\\/logo\\\/image\\\/\"}}]}<\/script>\n<!-- \/ Yoast SEO plugin. -->","yoast_head_json":{"title":"QitinDasen 5Pcs Premium 12V \/ 24V Medium Add-a-Circuit Sicherungshalter, Klinge Sicherungshalter, KFZ Sicherung Tap\u2026 - Markt-XXL","description":"Markt-XXL QitinDasen 5Pcs Premium 12V \/ 24V Medium Add-a-Circuit Sicherungshalter, Klinge Sicherungshalter, KFZ Sicherung Tap\u2026","robots":{"index":"index","follow":"follow","max-snippet":"max-snippet:-1","max-image-preview":"max-image-preview:large","max-video-preview":"max-video-preview:-1"},"canonical":"https:\/\/marktxxl.de\/markt\/produkt\/qitindasen-5pcs-premium-12v-24v-medium-add-a-circuit-sicherungshalter-klinge-sicherungshalter-kfz-sicherung-tap-flachsicherungsadapter-mit-15pcs-standard-blade-sicherung\/","og_locale":"de_DE","og_type":"article","og_title":"QitinDasen 5Pcs Premium 12V \/ 24V Medium Add-a-Circuit Sicherungshalter, Klinge Sicherungshalter, KFZ Sicherung Tap\u2026 - Markt-XXL","og_description":"Markt-XXL QitinDasen 5Pcs Premium 12V \/ 24V Medium Add-a-Circuit Sicherungshalter, Klinge Sicherungshalter, KFZ Sicherung Tap\u2026","og_url":"https:\/\/marktxxl.de\/markt\/produkt\/qitindasen-5pcs-premium-12v-24v-medium-add-a-circuit-sicherungshalter-klinge-sicherungshalter-kfz-sicherung-tap-flachsicherungsadapter-mit-15pcs-standard-blade-sicherung\/","og_site_name":"Markt-XXL","article_modified_time":"2023-04-10T01:29:48+00:00","og_image":[{"width":500,"height":500,"url":"https:\/\/m.media-amazon.com\/images\/I\/51vJE7qyloL._SL500_.jpg","type":"image\/jpeg"}],"twitter_card":"summary_large_image","twitter_misc":{"Gesch\u00e4tzte Lesezeit":"1\u00a0Minute"},"schema":{"@context":"https:\/\/schema.org","@graph":[{"@type":"WebPage","@id":"https:\/\/marktxxl.de\/markt\/produkt\/qitindasen-5pcs-premium-12v-24v-medium-add-a-circuit-sicherungshalter-klinge-sicherungshalter-kfz-sicherung-tap-flachsicherungsadapter-mit-15pcs-standard-blade-sicherung\/","url":"https:\/\/marktxxl.de\/markt\/produkt\/qitindasen-5pcs-premium-12v-24v-medium-add-a-circuit-sicherungshalter-klinge-sicherungshalter-kfz-sicherung-tap-flachsicherungsadapter-mit-15pcs-standard-blade-sicherung\/","name":"QitinDasen 5Pcs Premium 12V \/ 24V Medium Add-a-Circuit Sicherungshalter, Klinge Sicherungshalter, KFZ Sicherung Tap\u2026 - Markt-XXL","isPartOf":{"@id":"https:\/\/marktxxl.de\/markt\/#website"},"primaryImageOfPage":{"@id":"https:\/\/marktxxl.de\/markt\/produkt\/qitindasen-5pcs-premium-12v-24v-medium-add-a-circuit-sicherungshalter-klinge-sicherungshalter-kfz-sicherung-tap-flachsicherungsadapter-mit-15pcs-standard-blade-sicherung\/#primaryimage"},"image":{"@id":"https:\/\/marktxxl.de\/markt\/produkt\/qitindasen-5pcs-premium-12v-24v-medium-add-a-circuit-sicherungshalter-klinge-sicherungshalter-kfz-sicherung-tap-flachsicherungsadapter-mit-15pcs-standard-blade-sicherung\/#primaryimage"},"thumbnailUrl":"https:\/\/m.media-amazon.com\/images\/I\/51vJE7qyloL._SL500_.jpg","datePublished":"2022-02-26T12:33:39+00:00","dateModified":"2023-04-10T01:29:48+00:00","description":"Markt-XXL QitinDasen 5Pcs Premium 12V \/ 24V Medium Add-a-Circuit Sicherungshalter, Klinge Sicherungshalter, KFZ Sicherung Tap\u2026","breadcrumb":{"@id":"https:\/\/marktxxl.de\/markt\/produkt\/qitindasen-5pcs-premium-12v-24v-medium-add-a-circuit-sicherungshalter-klinge-sicherungshalter-kfz-sicherung-tap-flachsicherungsadapter-mit-15pcs-standard-blade-sicherung\/#breadcrumb"},"inLanguage":"de","potentialAction":[{"@type":"ReadAction","target":["https:\/\/marktxxl.de\/markt\/produkt\/qitindasen-5pcs-premium-12v-24v-medium-add-a-circuit-sicherungshalter-klinge-sicherungshalter-kfz-sicherung-tap-flachsicherungsadapter-mit-15pcs-standard-blade-sicherung\/"]}]},{"@type":"ImageObject","inLanguage":"de","@id":"https:\/\/marktxxl.de\/markt\/produkt\/qitindasen-5pcs-premium-12v-24v-medium-add-a-circuit-sicherungshalter-klinge-sicherungshalter-kfz-sicherung-tap-flachsicherungsadapter-mit-15pcs-standard-blade-sicherung\/#primaryimage","url":"https:\/\/m.media-amazon.com\/images\/I\/51vJE7qyloL._SL500_.jpg","contentUrl":"https:\/\/m.media-amazon.com\/images\/I\/51vJE7qyloL._SL500_.jpg","width":500,"height":500},{"@type":"BreadcrumbList","@id":"https:\/\/marktxxl.de\/markt\/produkt\/qitindasen-5pcs-premium-12v-24v-medium-add-a-circuit-sicherungshalter-klinge-sicherungshalter-kfz-sicherung-tap-flachsicherungsadapter-mit-15pcs-standard-blade-sicherung\/#breadcrumb","itemListElement":[{"@type":"ListItem","position":1,"name":"Startseite","item":"https:\/\/marktxxl.de\/markt\/"},{"@type":"ListItem","position":2,"name":"Markt","item":"https:\/\/marktxxl.de\/markt\/"},{"@type":"ListItem","position":3,"name":"QitinDasen 5Pcs Premium 12V \/ 24V Medium Add-a-Circuit Sicherungshalter, Klinge Sicherungshalter, KFZ Sicherung Tap\u2026"}]},{"@type":"WebSite","@id":"https:\/\/marktxxl.de\/markt\/#website","url":"https:\/\/marktxxl.de\/markt\/","name":"Markt-XXL","description":"Ihr Markt Online","publisher":{"@id":"https:\/\/marktxxl.de\/markt\/#organization"},"potentialAction":[{"@type":"SearchAction","target":{"@type":"EntryPoint","urlTemplate":"https:\/\/marktxxl.de\/markt\/?s={search_term_string}"},"query-input":{"@type":"PropertyValueSpecification","valueRequired":true,"valueName":"search_term_string"}}],"inLanguage":"de"},{"@type":"Organization","@id":"https:\/\/marktxxl.de\/markt\/#organization","name":"Markt-XXL","url":"https:\/\/marktxxl.de\/markt\/","logo":{"@type":"ImageObject","inLanguage":"de","@id":"https:\/\/marktxxl.de\/markt\/#\/schema\/logo\/image\/","url":"https:\/\/marktxxl.de\/markt\/wp-content\/uploads\/sites\/3\/2020\/12\/logo.png","contentUrl":"https:\/\/marktxxl.de\/markt\/wp-content\/uploads\/sites\/3\/2020\/12\/logo.png","width":200,"height":70,"caption":"Markt-XXL"},"image":{"@id":"https:\/\/marktxxl.de\/markt\/#\/schema\/logo\/image\/"}}]}},"_links":{"self":[{"href":"https:\/\/marktxxl.de\/markt\/wp-json\/wp\/v2\/product\/105339","targetHints":{"allow":["GET"]}}],"collection":[{"href":"https:\/\/marktxxl.de\/markt\/wp-json\/wp\/v2\/product"}],"about":[{"href":"https:\/\/marktxxl.de\/markt\/wp-json\/wp\/v2\/types\/product"}],"replies":[{"embeddable":true,"href":"https:\/\/marktxxl.de\/markt\/wp-json\/wp\/v2\/comments?post=105339"}],"wp:featuredmedia":[{"embeddable":true,"href":"https:\/\/marktxxl.de\/markt\/wp-json\/wp\/v2\/media\/105340"}],"wp:attachment":[{"href":"https:\/\/marktxxl.de\/markt\/wp-json\/wp\/v2\/media?parent=105339"}],"wp:term":[{"taxonomy":"product_brand","embeddable":true,"href":"https:\/\/marktxxl.de\/markt\/wp-json\/wp\/v2\/product_brand?post=105339"},{"taxonomy":"product_cat","embeddable":true,"href":"https:\/\/marktxxl.de\/markt\/wp-json\/wp\/v2\/product_cat?post=105339"},{"taxonomy":"product_tag","embeddable":true,"href":"https:\/\/marktxxl.de\/markt\/wp-json\/wp\/v2\/product_tag?post=105339"}],"curies":[{"name":"wp","href":"https:\/\/api.w.org\/{rel}","templated":true}]}}