{"id":105300,"date":"2022-02-26T13:30:20","date_gmt":"2022-02-26T12:30:20","guid":{"rendered":"https:\/\/marktxxl.de\/markt\/produkt\/dusche-tuerknopf-rund-tuergriff-aluminiumlegierung-tuerklinken-poliertes-duschtuer-griff-fuer-duschtuer-glastueren-schiebetuer\/"},"modified":"2023-04-10T03:29:47","modified_gmt":"2023-04-10T01:29:47","slug":"dusche-tuerknopf-rund-tuergriff-aluminiumlegierung-tuerklinken-poliertes-duschtuer-griff-fuer-duschtuer-glastueren-schiebetuer","status":"publish","type":"product","link":"https:\/\/marktxxl.de\/markt\/produkt\/dusche-tuerknopf-rund-tuergriff-aluminiumlegierung-tuerklinken-poliertes-duschtuer-griff-fuer-duschtuer-glastueren-schiebetuer\/","title":{"rendered":"Heveer Dusche T\u00fcrknopf Rund T\u00fcrgriff Aluminiumlegierung T\u00fcrklinken Poliertes Duscht\u00fcr Griff f\u00fcr Duscht\u00fcr Glast\u00fcren\u2026"},"content":{"rendered":"<p>Elegantes Design: Das einzigartige Rillendesign des Griffs ist leicht zu halten, kann leicht gezogen und hineingedr\u00fcckt werden, und die Kunststoffdichtung kann das Glas wirksam vor direktem Kontakt mit Metall sch\u00fctzen.<br \/>\nEinfach zu installieren: Entfernen Sie einfach den doppelseitigen Duschgriff und die Kunststoffscheibe auf einer Seite, f\u00fchren Sie die Schraube durch das Loch in der Glast\u00fcr des Badezimmers und ziehen Sie den entfernten Griff fest.<br \/>\nLeichte Materialien: Der T\u00fcrgriff der Duscht\u00fcr besteht aus hochwertigem Aluminiumlegierungsmaterial mit glatter Textur, das lange Zeit in der feuchten Umgebung des Badezimmers verwendet werden kann.<br \/>\nVielseitigkeit: Geeignet f\u00fcr T\u00fcren mit einer Dicke von ca. 6-12 mm. Die Knopfgr\u00f6\u00dfe betr\u00e4gt 30 * 59 mm (Durchmesser * L\u00e4nge); Die Gr\u00f6\u00dfe der Befestigungsschraube betr\u00e4gt 7,5 * 30 mm (Durchmesser * L\u00e4nge) und ist f\u00fcr die meisten Glast\u00fcren geeignet.<br \/>\nWeit verbreitet: Dieser T\u00fcrknauf eignet sich f\u00fcr die meisten Glast\u00fcren, Duscht\u00fcren, Schiebet\u00fcren, K\u00fcchenschrankt\u00fcren, Schubladen usw., geeignet f\u00fcr Wohnungen, K\u00fcchen, Balkone, B\u00fcros, Hotels usw.<br \/>\n<div class=\"main-cross-sell\" data-asin=\"B08X1XZJK4\">\n\n\t<div class=\"WooZone-cross-sell-loader\">\n\t\t<div>\n\t\t\t<div id=\"floatingBarsG\">\n\t\t\t\t<div class=\"blockG\" id=\"rotateG_01\"><\/div>\n\t\t\t\t<div class=\"blockG\" id=\"rotateG_02\"><\/div>\n\t\t\t\t<div class=\"blockG\" id=\"rotateG_03\"><\/div>\n\t\t\t\t<div class=\"blockG\" id=\"rotateG_04\"><\/div>\n\t\t\t\t<div class=\"blockG\" id=\"rotateG_05\"><\/div>\n\t\t\t\t<div class=\"blockG\" id=\"rotateG_06\"><\/div>\n\t\t\t\t<div class=\"blockG\" id=\"rotateG_07\"><\/div>\n\t\t\t\t<div class=\"blockG\" id=\"rotateG_08\"><\/div>\n\t\t\t<\/div>\n\t\t\t<div class=\"WooZone-cross-sell-loader-text\"><\/div>\n\t\t<\/div>\n\t<\/div>\n\n\t\t\n<\/div>\n<div style=\"clear:both;\"><\/div><\/p>\n","protected":false},"excerpt":{"rendered":"<p>Elegantes Design: Das einzigartige Rillendesign des Griffs ist leicht zu halten, kann leicht gezogen und hineingedr\u00fcckt werden, und die Kunststoffdichtung kann das Glas wirksam vor direktem Kontakt mit Metall sch\u00fctzen.<br \/>\nEinfach zu installieren: Entfernen Sie einfach den doppelseitigen Duschgriff und die Kunststoffscheibe auf einer Seite, f\u00fchren Sie die Schraube durch das Loch in der Glast\u00fcr des Badezimmers und ziehen Sie den entfernten Griff fest.<br \/>\nLeichte Materialien: Der T\u00fcrgriff der Duscht\u00fcr besteht aus hochwertigem Aluminiumlegierungsmaterial mit glatter Textur, das lange Zeit in der feuchten Umgebung des Badezimmers verwendet werden kann.<\/p>\n","protected":false},"featured_media":105301,"comment_status":"open","ping_status":"closed","template":"","meta":[],"product_brand":[],"product_cat":[1983,11101],"product_tag":[],"class_list":{"0":"post-105300","1":"product","2":"type-product","3":"status-publish","4":"has-post-thumbnail","6":"product_cat-baumarkt","7":"product_cat-kuechen-badinstallation","8":"pa_brand-heveer","9":"pa_manufacturer-xin-yue","11":"first","12":"instock","13":"shipping-taxable","14":"purchasable","15":"product-type-simple","16":"customify-col","17":"product-has-gallery"},"yoast_head":"<!-- This site is optimized with the Yoast SEO plugin v27.4 - https:\/\/yoast.com\/product\/yoast-seo-wordpress\/ -->\n<title>Heveer Dusche T\u00fcrknopf Rund T\u00fcrgriff Aluminiumlegierung T\u00fcrklinken Poliertes Duscht\u00fcr Griff f\u00fcr Duscht\u00fcr Glast\u00fcren\u2026 - Markt-XXL<\/title>\n<meta name=\"description\" content=\"Markt-XXL Heveer Dusche T\u00fcrknopf Rund T\u00fcrgriff Aluminiumlegierung T\u00fcrklinken Poliertes Duscht\u00fcr Griff f\u00fcr Duscht\u00fcr Glast\u00fcren\u2026\" \/>\n<meta name=\"robots\" content=\"index, follow, max-snippet:-1, max-image-preview:large, max-video-preview:-1\" \/>\n<link rel=\"canonical\" href=\"https:\/\/marktxxl.de\/markt\/produkt\/dusche-tuerknopf-rund-tuergriff-aluminiumlegierung-tuerklinken-poliertes-duschtuer-griff-fuer-duschtuer-glastueren-schiebetuer\/\" \/>\n<meta property=\"og:locale\" content=\"de_DE\" \/>\n<meta property=\"og:type\" content=\"article\" \/>\n<meta property=\"og:title\" content=\"Heveer Dusche T\u00fcrknopf Rund T\u00fcrgriff Aluminiumlegierung T\u00fcrklinken Poliertes Duscht\u00fcr Griff f\u00fcr Duscht\u00fcr Glast\u00fcren\u2026 - Markt-XXL\" \/>\n<meta property=\"og:description\" content=\"Markt-XXL Heveer Dusche T\u00fcrknopf Rund T\u00fcrgriff Aluminiumlegierung T\u00fcrklinken Poliertes Duscht\u00fcr Griff f\u00fcr Duscht\u00fcr Glast\u00fcren\u2026\" \/>\n<meta property=\"og:url\" content=\"https:\/\/marktxxl.de\/markt\/produkt\/dusche-tuerknopf-rund-tuergriff-aluminiumlegierung-tuerklinken-poliertes-duschtuer-griff-fuer-duschtuer-glastueren-schiebetuer\/\" \/>\n<meta property=\"og:site_name\" content=\"Markt-XXL\" \/>\n<meta property=\"article:modified_time\" content=\"2023-04-10T01:29:47+00:00\" \/>\n<meta property=\"og:image\" content=\"https:\/\/m.media-amazon.com\/images\/I\/4100T5nOpVL._SL500_.jpg\" \/>\n\t<meta property=\"og:image:width\" content=\"500\" \/>\n\t<meta property=\"og:image:height\" content=\"500\" \/>\n\t<meta property=\"og:image:type\" content=\"image\/jpeg\" \/>\n<meta name=\"twitter:card\" content=\"summary_large_image\" \/>\n<meta name=\"twitter:label1\" content=\"Gesch\u00e4tzte Lesezeit\" \/>\n\t<meta name=\"twitter:data1\" content=\"1\u00a0Minute\" \/>\n<script type=\"application\/ld+json\" class=\"yoast-schema-graph\">{\"@context\":\"https:\\\/\\\/schema.org\",\"@graph\":[{\"@type\":\"WebPage\",\"@id\":\"https:\\\/\\\/marktxxl.de\\\/markt\\\/produkt\\\/dusche-tuerknopf-rund-tuergriff-aluminiumlegierung-tuerklinken-poliertes-duschtuer-griff-fuer-duschtuer-glastueren-schiebetuer\\\/\",\"url\":\"https:\\\/\\\/marktxxl.de\\\/markt\\\/produkt\\\/dusche-tuerknopf-rund-tuergriff-aluminiumlegierung-tuerklinken-poliertes-duschtuer-griff-fuer-duschtuer-glastueren-schiebetuer\\\/\",\"name\":\"Heveer Dusche T\u00fcrknopf Rund T\u00fcrgriff Aluminiumlegierung T\u00fcrklinken Poliertes Duscht\u00fcr Griff f\u00fcr Duscht\u00fcr Glast\u00fcren\u2026 - Markt-XXL\",\"isPartOf\":{\"@id\":\"https:\\\/\\\/marktxxl.de\\\/markt\\\/#website\"},\"primaryImageOfPage\":{\"@id\":\"https:\\\/\\\/marktxxl.de\\\/markt\\\/produkt\\\/dusche-tuerknopf-rund-tuergriff-aluminiumlegierung-tuerklinken-poliertes-duschtuer-griff-fuer-duschtuer-glastueren-schiebetuer\\\/#primaryimage\"},\"image\":{\"@id\":\"https:\\\/\\\/marktxxl.de\\\/markt\\\/produkt\\\/dusche-tuerknopf-rund-tuergriff-aluminiumlegierung-tuerklinken-poliertes-duschtuer-griff-fuer-duschtuer-glastueren-schiebetuer\\\/#primaryimage\"},\"thumbnailUrl\":\"https:\\\/\\\/m.media-amazon.com\\\/images\\\/I\\\/4100T5nOpVL._SL500_.jpg\",\"datePublished\":\"2022-02-26T12:30:20+00:00\",\"dateModified\":\"2023-04-10T01:29:47+00:00\",\"description\":\"Markt-XXL Heveer Dusche T\u00fcrknopf Rund T\u00fcrgriff Aluminiumlegierung T\u00fcrklinken Poliertes Duscht\u00fcr Griff f\u00fcr Duscht\u00fcr Glast\u00fcren\u2026\",\"breadcrumb\":{\"@id\":\"https:\\\/\\\/marktxxl.de\\\/markt\\\/produkt\\\/dusche-tuerknopf-rund-tuergriff-aluminiumlegierung-tuerklinken-poliertes-duschtuer-griff-fuer-duschtuer-glastueren-schiebetuer\\\/#breadcrumb\"},\"inLanguage\":\"de\",\"potentialAction\":[{\"@type\":\"ReadAction\",\"target\":[\"https:\\\/\\\/marktxxl.de\\\/markt\\\/produkt\\\/dusche-tuerknopf-rund-tuergriff-aluminiumlegierung-tuerklinken-poliertes-duschtuer-griff-fuer-duschtuer-glastueren-schiebetuer\\\/\"]}]},{\"@type\":\"ImageObject\",\"inLanguage\":\"de\",\"@id\":\"https:\\\/\\\/marktxxl.de\\\/markt\\\/produkt\\\/dusche-tuerknopf-rund-tuergriff-aluminiumlegierung-tuerklinken-poliertes-duschtuer-griff-fuer-duschtuer-glastueren-schiebetuer\\\/#primaryimage\",\"url\":\"https:\\\/\\\/m.media-amazon.com\\\/images\\\/I\\\/4100T5nOpVL._SL500_.jpg\",\"contentUrl\":\"https:\\\/\\\/m.media-amazon.com\\\/images\\\/I\\\/4100T5nOpVL._SL500_.jpg\",\"width\":500,\"height\":500},{\"@type\":\"BreadcrumbList\",\"@id\":\"https:\\\/\\\/marktxxl.de\\\/markt\\\/produkt\\\/dusche-tuerknopf-rund-tuergriff-aluminiumlegierung-tuerklinken-poliertes-duschtuer-griff-fuer-duschtuer-glastueren-schiebetuer\\\/#breadcrumb\",\"itemListElement\":[{\"@type\":\"ListItem\",\"position\":1,\"name\":\"Startseite\",\"item\":\"https:\\\/\\\/marktxxl.de\\\/markt\\\/\"},{\"@type\":\"ListItem\",\"position\":2,\"name\":\"Markt\",\"item\":\"https:\\\/\\\/marktxxl.de\\\/markt\\\/\"},{\"@type\":\"ListItem\",\"position\":3,\"name\":\"Heveer Dusche T\u00fcrknopf Rund T\u00fcrgriff Aluminiumlegierung T\u00fcrklinken Poliertes Duscht\u00fcr Griff f\u00fcr Duscht\u00fcr Glast\u00fcren\u2026\"}]},{\"@type\":\"WebSite\",\"@id\":\"https:\\\/\\\/marktxxl.de\\\/markt\\\/#website\",\"url\":\"https:\\\/\\\/marktxxl.de\\\/markt\\\/\",\"name\":\"Markt-XXL\",\"description\":\"Ihr Markt Online\",\"publisher\":{\"@id\":\"https:\\\/\\\/marktxxl.de\\\/markt\\\/#organization\"},\"potentialAction\":[{\"@type\":\"SearchAction\",\"target\":{\"@type\":\"EntryPoint\",\"urlTemplate\":\"https:\\\/\\\/marktxxl.de\\\/markt\\\/?s={search_term_string}\"},\"query-input\":{\"@type\":\"PropertyValueSpecification\",\"valueRequired\":true,\"valueName\":\"search_term_string\"}}],\"inLanguage\":\"de\"},{\"@type\":\"Organization\",\"@id\":\"https:\\\/\\\/marktxxl.de\\\/markt\\\/#organization\",\"name\":\"Markt-XXL\",\"url\":\"https:\\\/\\\/marktxxl.de\\\/markt\\\/\",\"logo\":{\"@type\":\"ImageObject\",\"inLanguage\":\"de\",\"@id\":\"https:\\\/\\\/marktxxl.de\\\/markt\\\/#\\\/schema\\\/logo\\\/image\\\/\",\"url\":\"https:\\\/\\\/marktxxl.de\\\/markt\\\/wp-content\\\/uploads\\\/sites\\\/3\\\/2020\\\/12\\\/logo.png\",\"contentUrl\":\"https:\\\/\\\/marktxxl.de\\\/markt\\\/wp-content\\\/uploads\\\/sites\\\/3\\\/2020\\\/12\\\/logo.png\",\"width\":200,\"height\":70,\"caption\":\"Markt-XXL\"},\"image\":{\"@id\":\"https:\\\/\\\/marktxxl.de\\\/markt\\\/#\\\/schema\\\/logo\\\/image\\\/\"}}]}<\/script>\n<!-- \/ Yoast SEO plugin. -->","yoast_head_json":{"title":"Heveer Dusche T\u00fcrknopf Rund T\u00fcrgriff Aluminiumlegierung T\u00fcrklinken Poliertes Duscht\u00fcr Griff f\u00fcr Duscht\u00fcr Glast\u00fcren\u2026 - Markt-XXL","description":"Markt-XXL Heveer Dusche T\u00fcrknopf Rund T\u00fcrgriff Aluminiumlegierung T\u00fcrklinken Poliertes Duscht\u00fcr Griff f\u00fcr Duscht\u00fcr Glast\u00fcren\u2026","robots":{"index":"index","follow":"follow","max-snippet":"max-snippet:-1","max-image-preview":"max-image-preview:large","max-video-preview":"max-video-preview:-1"},"canonical":"https:\/\/marktxxl.de\/markt\/produkt\/dusche-tuerknopf-rund-tuergriff-aluminiumlegierung-tuerklinken-poliertes-duschtuer-griff-fuer-duschtuer-glastueren-schiebetuer\/","og_locale":"de_DE","og_type":"article","og_title":"Heveer Dusche T\u00fcrknopf Rund T\u00fcrgriff Aluminiumlegierung T\u00fcrklinken Poliertes Duscht\u00fcr Griff f\u00fcr Duscht\u00fcr Glast\u00fcren\u2026 - Markt-XXL","og_description":"Markt-XXL Heveer Dusche T\u00fcrknopf Rund T\u00fcrgriff Aluminiumlegierung T\u00fcrklinken Poliertes Duscht\u00fcr Griff f\u00fcr Duscht\u00fcr Glast\u00fcren\u2026","og_url":"https:\/\/marktxxl.de\/markt\/produkt\/dusche-tuerknopf-rund-tuergriff-aluminiumlegierung-tuerklinken-poliertes-duschtuer-griff-fuer-duschtuer-glastueren-schiebetuer\/","og_site_name":"Markt-XXL","article_modified_time":"2023-04-10T01:29:47+00:00","og_image":[{"width":500,"height":500,"url":"https:\/\/m.media-amazon.com\/images\/I\/4100T5nOpVL._SL500_.jpg","type":"image\/jpeg"}],"twitter_card":"summary_large_image","twitter_misc":{"Gesch\u00e4tzte Lesezeit":"1\u00a0Minute"},"schema":{"@context":"https:\/\/schema.org","@graph":[{"@type":"WebPage","@id":"https:\/\/marktxxl.de\/markt\/produkt\/dusche-tuerknopf-rund-tuergriff-aluminiumlegierung-tuerklinken-poliertes-duschtuer-griff-fuer-duschtuer-glastueren-schiebetuer\/","url":"https:\/\/marktxxl.de\/markt\/produkt\/dusche-tuerknopf-rund-tuergriff-aluminiumlegierung-tuerklinken-poliertes-duschtuer-griff-fuer-duschtuer-glastueren-schiebetuer\/","name":"Heveer Dusche T\u00fcrknopf Rund T\u00fcrgriff Aluminiumlegierung T\u00fcrklinken Poliertes Duscht\u00fcr Griff f\u00fcr Duscht\u00fcr Glast\u00fcren\u2026 - Markt-XXL","isPartOf":{"@id":"https:\/\/marktxxl.de\/markt\/#website"},"primaryImageOfPage":{"@id":"https:\/\/marktxxl.de\/markt\/produkt\/dusche-tuerknopf-rund-tuergriff-aluminiumlegierung-tuerklinken-poliertes-duschtuer-griff-fuer-duschtuer-glastueren-schiebetuer\/#primaryimage"},"image":{"@id":"https:\/\/marktxxl.de\/markt\/produkt\/dusche-tuerknopf-rund-tuergriff-aluminiumlegierung-tuerklinken-poliertes-duschtuer-griff-fuer-duschtuer-glastueren-schiebetuer\/#primaryimage"},"thumbnailUrl":"https:\/\/m.media-amazon.com\/images\/I\/4100T5nOpVL._SL500_.jpg","datePublished":"2022-02-26T12:30:20+00:00","dateModified":"2023-04-10T01:29:47+00:00","description":"Markt-XXL Heveer Dusche T\u00fcrknopf Rund T\u00fcrgriff Aluminiumlegierung T\u00fcrklinken Poliertes Duscht\u00fcr Griff f\u00fcr Duscht\u00fcr Glast\u00fcren\u2026","breadcrumb":{"@id":"https:\/\/marktxxl.de\/markt\/produkt\/dusche-tuerknopf-rund-tuergriff-aluminiumlegierung-tuerklinken-poliertes-duschtuer-griff-fuer-duschtuer-glastueren-schiebetuer\/#breadcrumb"},"inLanguage":"de","potentialAction":[{"@type":"ReadAction","target":["https:\/\/marktxxl.de\/markt\/produkt\/dusche-tuerknopf-rund-tuergriff-aluminiumlegierung-tuerklinken-poliertes-duschtuer-griff-fuer-duschtuer-glastueren-schiebetuer\/"]}]},{"@type":"ImageObject","inLanguage":"de","@id":"https:\/\/marktxxl.de\/markt\/produkt\/dusche-tuerknopf-rund-tuergriff-aluminiumlegierung-tuerklinken-poliertes-duschtuer-griff-fuer-duschtuer-glastueren-schiebetuer\/#primaryimage","url":"https:\/\/m.media-amazon.com\/images\/I\/4100T5nOpVL._SL500_.jpg","contentUrl":"https:\/\/m.media-amazon.com\/images\/I\/4100T5nOpVL._SL500_.jpg","width":500,"height":500},{"@type":"BreadcrumbList","@id":"https:\/\/marktxxl.de\/markt\/produkt\/dusche-tuerknopf-rund-tuergriff-aluminiumlegierung-tuerklinken-poliertes-duschtuer-griff-fuer-duschtuer-glastueren-schiebetuer\/#breadcrumb","itemListElement":[{"@type":"ListItem","position":1,"name":"Startseite","item":"https:\/\/marktxxl.de\/markt\/"},{"@type":"ListItem","position":2,"name":"Markt","item":"https:\/\/marktxxl.de\/markt\/"},{"@type":"ListItem","position":3,"name":"Heveer Dusche T\u00fcrknopf Rund T\u00fcrgriff Aluminiumlegierung T\u00fcrklinken Poliertes Duscht\u00fcr Griff f\u00fcr Duscht\u00fcr Glast\u00fcren\u2026"}]},{"@type":"WebSite","@id":"https:\/\/marktxxl.de\/markt\/#website","url":"https:\/\/marktxxl.de\/markt\/","name":"Markt-XXL","description":"Ihr Markt Online","publisher":{"@id":"https:\/\/marktxxl.de\/markt\/#organization"},"potentialAction":[{"@type":"SearchAction","target":{"@type":"EntryPoint","urlTemplate":"https:\/\/marktxxl.de\/markt\/?s={search_term_string}"},"query-input":{"@type":"PropertyValueSpecification","valueRequired":true,"valueName":"search_term_string"}}],"inLanguage":"de"},{"@type":"Organization","@id":"https:\/\/marktxxl.de\/markt\/#organization","name":"Markt-XXL","url":"https:\/\/marktxxl.de\/markt\/","logo":{"@type":"ImageObject","inLanguage":"de","@id":"https:\/\/marktxxl.de\/markt\/#\/schema\/logo\/image\/","url":"https:\/\/marktxxl.de\/markt\/wp-content\/uploads\/sites\/3\/2020\/12\/logo.png","contentUrl":"https:\/\/marktxxl.de\/markt\/wp-content\/uploads\/sites\/3\/2020\/12\/logo.png","width":200,"height":70,"caption":"Markt-XXL"},"image":{"@id":"https:\/\/marktxxl.de\/markt\/#\/schema\/logo\/image\/"}}]}},"_links":{"self":[{"href":"https:\/\/marktxxl.de\/markt\/wp-json\/wp\/v2\/product\/105300","targetHints":{"allow":["GET"]}}],"collection":[{"href":"https:\/\/marktxxl.de\/markt\/wp-json\/wp\/v2\/product"}],"about":[{"href":"https:\/\/marktxxl.de\/markt\/wp-json\/wp\/v2\/types\/product"}],"replies":[{"embeddable":true,"href":"https:\/\/marktxxl.de\/markt\/wp-json\/wp\/v2\/comments?post=105300"}],"wp:featuredmedia":[{"embeddable":true,"href":"https:\/\/marktxxl.de\/markt\/wp-json\/wp\/v2\/media\/105301"}],"wp:attachment":[{"href":"https:\/\/marktxxl.de\/markt\/wp-json\/wp\/v2\/media?parent=105300"}],"wp:term":[{"taxonomy":"product_brand","embeddable":true,"href":"https:\/\/marktxxl.de\/markt\/wp-json\/wp\/v2\/product_brand?post=105300"},{"taxonomy":"product_cat","embeddable":true,"href":"https:\/\/marktxxl.de\/markt\/wp-json\/wp\/v2\/product_cat?post=105300"},{"taxonomy":"product_tag","embeddable":true,"href":"https:\/\/marktxxl.de\/markt\/wp-json\/wp\/v2\/product_tag?post=105300"}],"curies":[{"name":"wp","href":"https:\/\/api.w.org\/{rel}","templated":true}]}}