{"id":105236,"date":"2022-02-26T13:16:10","date_gmt":"2022-02-26T12:16:10","guid":{"rendered":"https:\/\/marktxxl.de\/markt\/produkt\/ledlenser-t7-2-taktische-led-taschenlampe-320-lumen-25-stunden-laufzeit-robustes-metallgehaeuse-fokussierbar-inkl-batterien\/"},"modified":"2023-04-10T03:29:46","modified_gmt":"2023-04-10T01:29:46","slug":"ledlenser-t7-2-taktische-led-taschenlampe-320-lumen-25-stunden-laufzeit-robustes-metallgehaeuse-fokussierbar-inkl-batterien","status":"publish","type":"product","link":"https:\/\/marktxxl.de\/markt\/produkt\/ledlenser-t7-2-taktische-led-taschenlampe-320-lumen-25-stunden-laufzeit-robustes-metallgehaeuse-fokussierbar-inkl-batterien\/","title":{"rendered":"Ledlenser T7.2 taktische LED Taschenlampe, 320 Lumen, Leuchtweite 260m, robustes Metallgeh\u00e4use, fokussierbar, 4xAAA\u2026"},"content":{"rendered":"<p>LED TAKTISCHE HANDTASCHE: Intelligente Taschenlampe mit bis zu 320 Lumen, die Ihnen eine leistungsstarke Spot-to-Flood-Beleuchtung und eine Reichweite von 260 m bei voller Leistung bietet<br \/>\nLANGLEBIGE LED-Taschenlampe: Die taktische Taschenlampe Ledenser T7;2 liefert eine hervorragende Helligkeit der CREE-LED mit bis zu 50 Stunden Akkulaufzeit bei geringem Stromverbrauch<br \/>\nLEICHTES SMARTES DESIGN: Die LED-Handlampe hat eine rutschfeste Oberfl\u00e4che und einen dynamischen Schalter f\u00fcr eine schnelle, genaue Handhabung, um die Taschenlampe sofort von Flut zu Punkt zu bringen<br \/>\nWAS IST ENTHALTEN: Ledlenser T7;2 LED Taktische Taschenlampe, Geschenkbox, G\u00fcrteltasche, Handschlaufe, 4 x AAA Duracell-Batterien und eine 7-Jahres-Sorglos-Garantie<br \/>\nVERTRAUENSW\u00dcRDIGE LED-HANDLACKER: von einem f\u00fchrenden Anbieter tragbarer LED-Beleuchtung, die Qualit\u00e4t mit Pr\u00e4zisionstechnik kombiniert, um eine Taschenlampe zu liefern, der Sie vertrauen k\u00f6nnen<br \/>\nHinweis: Bitte lagern Sie Taschenlampen nicht f\u00fcr l\u00e4ngere Zeit mit den Batterien im Inneren, entfernen Sie entweder die Batterien oder l\u00f6sen Sie das Kappenende und l\u00f6sen Sie die Batterien aus den Anschl\u00fcssen. Sie k\u00f6nnen WD40 verwenden, um Batteriereste zu entfernen.<br \/>\n<div class=\"main-cross-sell\" data-asin=\"B00G3CBIJG\">\n\n\t<div class=\"WooZone-cross-sell-loader\">\n\t\t<div>\n\t\t\t<div id=\"floatingBarsG\">\n\t\t\t\t<div class=\"blockG\" id=\"rotateG_01\"><\/div>\n\t\t\t\t<div class=\"blockG\" id=\"rotateG_02\"><\/div>\n\t\t\t\t<div class=\"blockG\" id=\"rotateG_03\"><\/div>\n\t\t\t\t<div class=\"blockG\" id=\"rotateG_04\"><\/div>\n\t\t\t\t<div class=\"blockG\" id=\"rotateG_05\"><\/div>\n\t\t\t\t<div class=\"blockG\" id=\"rotateG_06\"><\/div>\n\t\t\t\t<div class=\"blockG\" id=\"rotateG_07\"><\/div>\n\t\t\t\t<div class=\"blockG\" id=\"rotateG_08\"><\/div>\n\t\t\t<\/div>\n\t\t\t<div class=\"WooZone-cross-sell-loader-text\"><\/div>\n\t\t<\/div>\n\t<\/div>\n\n\t\t\n<\/div>\n<div style=\"clear:both;\"><\/div><\/p>\n","protected":false},"excerpt":{"rendered":"<p>LED TAKTISCHE HANDTASCHE: Intelligente Taschenlampe mit bis zu 320 Lumen, die Ihnen eine leistungsstarke Spot-to-Flood-Beleuchtung und eine Reichweite von 260 m bei voller Leistung bietet<br \/>\nLANGLEBIGE LED-Taschenlampe: Die taktische Taschenlampe Ledenser T7;2 liefert eine hervorragende Helligkeit der CREE-LED mit bis zu 50 Stunden Akkulaufzeit bei geringem Stromverbrauch<br \/>\nLEICHTES SMARTES DESIGN: Die LED-Handlampe hat eine rutschfeste Oberfl\u00e4che und einen dynamischen Schalter f\u00fcr eine schnelle, genaue Handhabung, um die Taschenlampe sofort von Flut zu Punkt zu bringen<\/p>\n","protected":false},"featured_media":105237,"comment_status":"open","ping_status":"closed","template":"","meta":[],"product_brand":[],"product_cat":[10704,1983],"product_tag":[],"class_list":{"0":"post-105236","1":"product","2":"type-product","3":"status-publish","4":"has-post-thumbnail","6":"product_cat-baubedarf","7":"product_cat-baumarkt","8":"pa_binding-werkzeug","9":"pa_brand-ledlenser-led-lenser-zweibrueder","10":"pa_color-schwarz","11":"pa_height-6-1023621985-zoll","12":"pa_length-9-3307086519-zoll","13":"pa_manufacturer-zweibrueder-optoelectronics","14":"pa_model-31862","15":"pa_size-2646","16":"pa_warranty-herstellergarantie","17":"pa_weight-0-69004688006-pfund","18":"pa_width-6-4960629855-zoll","20":"first","21":"instock","22":"shipping-taxable","23":"purchasable","24":"product-type-simple","25":"customify-col","26":"product-has-gallery"},"yoast_head":"<!-- This site is optimized with the Yoast SEO plugin v27.4 - https:\/\/yoast.com\/product\/yoast-seo-wordpress\/ -->\n<title>Ledlenser T7.2 taktische LED Taschenlampe, 320 Lumen, Leuchtweite 260m, robustes Metallgeh\u00e4use, fokussierbar, 4xAAA\u2026 - Markt-XXL<\/title>\n<meta name=\"description\" content=\"Markt-XXL Ledlenser T7.2 taktische LED Taschenlampe, 320 Lumen, Leuchtweite 260m, robustes Metallgeh\u00e4use, fokussierbar, 4xAAA\u2026\" \/>\n<meta name=\"robots\" content=\"index, follow, max-snippet:-1, max-image-preview:large, max-video-preview:-1\" \/>\n<link rel=\"canonical\" href=\"https:\/\/marktxxl.de\/markt\/produkt\/ledlenser-t7-2-taktische-led-taschenlampe-320-lumen-25-stunden-laufzeit-robustes-metallgehaeuse-fokussierbar-inkl-batterien\/\" \/>\n<meta property=\"og:locale\" content=\"de_DE\" \/>\n<meta property=\"og:type\" content=\"article\" \/>\n<meta property=\"og:title\" content=\"Ledlenser T7.2 taktische LED Taschenlampe, 320 Lumen, Leuchtweite 260m, robustes Metallgeh\u00e4use, fokussierbar, 4xAAA\u2026 - Markt-XXL\" \/>\n<meta property=\"og:description\" content=\"Markt-XXL Ledlenser T7.2 taktische LED Taschenlampe, 320 Lumen, Leuchtweite 260m, robustes Metallgeh\u00e4use, fokussierbar, 4xAAA\u2026\" \/>\n<meta property=\"og:url\" content=\"https:\/\/marktxxl.de\/markt\/produkt\/ledlenser-t7-2-taktische-led-taschenlampe-320-lumen-25-stunden-laufzeit-robustes-metallgehaeuse-fokussierbar-inkl-batterien\/\" \/>\n<meta property=\"og:site_name\" content=\"Markt-XXL\" \/>\n<meta property=\"article:modified_time\" content=\"2023-04-10T01:29:46+00:00\" \/>\n<meta property=\"og:image\" content=\"https:\/\/m.media-amazon.com\/images\/I\/318gsR7dE6L._SL500_.jpg\" \/>\n\t<meta property=\"og:image:width\" content=\"500\" \/>\n\t<meta property=\"og:image:height\" content=\"281\" \/>\n\t<meta property=\"og:image:type\" content=\"image\/jpeg\" \/>\n<meta name=\"twitter:card\" content=\"summary_large_image\" \/>\n<meta name=\"twitter:label1\" content=\"Gesch\u00e4tzte Lesezeit\" \/>\n\t<meta name=\"twitter:data1\" content=\"1\u00a0Minute\" \/>\n<script type=\"application\/ld+json\" class=\"yoast-schema-graph\">{\"@context\":\"https:\\\/\\\/schema.org\",\"@graph\":[{\"@type\":\"WebPage\",\"@id\":\"https:\\\/\\\/marktxxl.de\\\/markt\\\/produkt\\\/ledlenser-t7-2-taktische-led-taschenlampe-320-lumen-25-stunden-laufzeit-robustes-metallgehaeuse-fokussierbar-inkl-batterien\\\/\",\"url\":\"https:\\\/\\\/marktxxl.de\\\/markt\\\/produkt\\\/ledlenser-t7-2-taktische-led-taschenlampe-320-lumen-25-stunden-laufzeit-robustes-metallgehaeuse-fokussierbar-inkl-batterien\\\/\",\"name\":\"Ledlenser T7.2 taktische LED Taschenlampe, 320 Lumen, Leuchtweite 260m, robustes Metallgeh\u00e4use, fokussierbar, 4xAAA\u2026 - Markt-XXL\",\"isPartOf\":{\"@id\":\"https:\\\/\\\/marktxxl.de\\\/markt\\\/#website\"},\"primaryImageOfPage\":{\"@id\":\"https:\\\/\\\/marktxxl.de\\\/markt\\\/produkt\\\/ledlenser-t7-2-taktische-led-taschenlampe-320-lumen-25-stunden-laufzeit-robustes-metallgehaeuse-fokussierbar-inkl-batterien\\\/#primaryimage\"},\"image\":{\"@id\":\"https:\\\/\\\/marktxxl.de\\\/markt\\\/produkt\\\/ledlenser-t7-2-taktische-led-taschenlampe-320-lumen-25-stunden-laufzeit-robustes-metallgehaeuse-fokussierbar-inkl-batterien\\\/#primaryimage\"},\"thumbnailUrl\":\"https:\\\/\\\/m.media-amazon.com\\\/images\\\/I\\\/318gsR7dE6L._SL500_.jpg\",\"datePublished\":\"2022-02-26T12:16:10+00:00\",\"dateModified\":\"2023-04-10T01:29:46+00:00\",\"description\":\"Markt-XXL Ledlenser T7.2 taktische LED Taschenlampe, 320 Lumen, Leuchtweite 260m, robustes Metallgeh\u00e4use, fokussierbar, 4xAAA\u2026\",\"breadcrumb\":{\"@id\":\"https:\\\/\\\/marktxxl.de\\\/markt\\\/produkt\\\/ledlenser-t7-2-taktische-led-taschenlampe-320-lumen-25-stunden-laufzeit-robustes-metallgehaeuse-fokussierbar-inkl-batterien\\\/#breadcrumb\"},\"inLanguage\":\"de\",\"potentialAction\":[{\"@type\":\"ReadAction\",\"target\":[\"https:\\\/\\\/marktxxl.de\\\/markt\\\/produkt\\\/ledlenser-t7-2-taktische-led-taschenlampe-320-lumen-25-stunden-laufzeit-robustes-metallgehaeuse-fokussierbar-inkl-batterien\\\/\"]}]},{\"@type\":\"ImageObject\",\"inLanguage\":\"de\",\"@id\":\"https:\\\/\\\/marktxxl.de\\\/markt\\\/produkt\\\/ledlenser-t7-2-taktische-led-taschenlampe-320-lumen-25-stunden-laufzeit-robustes-metallgehaeuse-fokussierbar-inkl-batterien\\\/#primaryimage\",\"url\":\"https:\\\/\\\/m.media-amazon.com\\\/images\\\/I\\\/318gsR7dE6L._SL500_.jpg\",\"contentUrl\":\"https:\\\/\\\/m.media-amazon.com\\\/images\\\/I\\\/318gsR7dE6L._SL500_.jpg\",\"width\":500,\"height\":281},{\"@type\":\"BreadcrumbList\",\"@id\":\"https:\\\/\\\/marktxxl.de\\\/markt\\\/produkt\\\/ledlenser-t7-2-taktische-led-taschenlampe-320-lumen-25-stunden-laufzeit-robustes-metallgehaeuse-fokussierbar-inkl-batterien\\\/#breadcrumb\",\"itemListElement\":[{\"@type\":\"ListItem\",\"position\":1,\"name\":\"Startseite\",\"item\":\"https:\\\/\\\/marktxxl.de\\\/markt\\\/\"},{\"@type\":\"ListItem\",\"position\":2,\"name\":\"Markt\",\"item\":\"https:\\\/\\\/marktxxl.de\\\/markt\\\/\"},{\"@type\":\"ListItem\",\"position\":3,\"name\":\"Ledlenser T7.2 taktische LED Taschenlampe, 320 Lumen, Leuchtweite 260m, robustes Metallgeh\u00e4use, fokussierbar, 4xAAA\u2026\"}]},{\"@type\":\"WebSite\",\"@id\":\"https:\\\/\\\/marktxxl.de\\\/markt\\\/#website\",\"url\":\"https:\\\/\\\/marktxxl.de\\\/markt\\\/\",\"name\":\"Markt-XXL\",\"description\":\"Ihr Markt Online\",\"publisher\":{\"@id\":\"https:\\\/\\\/marktxxl.de\\\/markt\\\/#organization\"},\"potentialAction\":[{\"@type\":\"SearchAction\",\"target\":{\"@type\":\"EntryPoint\",\"urlTemplate\":\"https:\\\/\\\/marktxxl.de\\\/markt\\\/?s={search_term_string}\"},\"query-input\":{\"@type\":\"PropertyValueSpecification\",\"valueRequired\":true,\"valueName\":\"search_term_string\"}}],\"inLanguage\":\"de\"},{\"@type\":\"Organization\",\"@id\":\"https:\\\/\\\/marktxxl.de\\\/markt\\\/#organization\",\"name\":\"Markt-XXL\",\"url\":\"https:\\\/\\\/marktxxl.de\\\/markt\\\/\",\"logo\":{\"@type\":\"ImageObject\",\"inLanguage\":\"de\",\"@id\":\"https:\\\/\\\/marktxxl.de\\\/markt\\\/#\\\/schema\\\/logo\\\/image\\\/\",\"url\":\"https:\\\/\\\/marktxxl.de\\\/markt\\\/wp-content\\\/uploads\\\/sites\\\/3\\\/2020\\\/12\\\/logo.png\",\"contentUrl\":\"https:\\\/\\\/marktxxl.de\\\/markt\\\/wp-content\\\/uploads\\\/sites\\\/3\\\/2020\\\/12\\\/logo.png\",\"width\":200,\"height\":70,\"caption\":\"Markt-XXL\"},\"image\":{\"@id\":\"https:\\\/\\\/marktxxl.de\\\/markt\\\/#\\\/schema\\\/logo\\\/image\\\/\"}}]}<\/script>\n<!-- \/ Yoast SEO plugin. -->","yoast_head_json":{"title":"Ledlenser T7.2 taktische LED Taschenlampe, 320 Lumen, Leuchtweite 260m, robustes Metallgeh\u00e4use, fokussierbar, 4xAAA\u2026 - Markt-XXL","description":"Markt-XXL Ledlenser T7.2 taktische LED Taschenlampe, 320 Lumen, Leuchtweite 260m, robustes Metallgeh\u00e4use, fokussierbar, 4xAAA\u2026","robots":{"index":"index","follow":"follow","max-snippet":"max-snippet:-1","max-image-preview":"max-image-preview:large","max-video-preview":"max-video-preview:-1"},"canonical":"https:\/\/marktxxl.de\/markt\/produkt\/ledlenser-t7-2-taktische-led-taschenlampe-320-lumen-25-stunden-laufzeit-robustes-metallgehaeuse-fokussierbar-inkl-batterien\/","og_locale":"de_DE","og_type":"article","og_title":"Ledlenser T7.2 taktische LED Taschenlampe, 320 Lumen, Leuchtweite 260m, robustes Metallgeh\u00e4use, fokussierbar, 4xAAA\u2026 - Markt-XXL","og_description":"Markt-XXL Ledlenser T7.2 taktische LED Taschenlampe, 320 Lumen, Leuchtweite 260m, robustes Metallgeh\u00e4use, fokussierbar, 4xAAA\u2026","og_url":"https:\/\/marktxxl.de\/markt\/produkt\/ledlenser-t7-2-taktische-led-taschenlampe-320-lumen-25-stunden-laufzeit-robustes-metallgehaeuse-fokussierbar-inkl-batterien\/","og_site_name":"Markt-XXL","article_modified_time":"2023-04-10T01:29:46+00:00","og_image":[{"width":500,"height":281,"url":"https:\/\/m.media-amazon.com\/images\/I\/318gsR7dE6L._SL500_.jpg","type":"image\/jpeg"}],"twitter_card":"summary_large_image","twitter_misc":{"Gesch\u00e4tzte Lesezeit":"1\u00a0Minute"},"schema":{"@context":"https:\/\/schema.org","@graph":[{"@type":"WebPage","@id":"https:\/\/marktxxl.de\/markt\/produkt\/ledlenser-t7-2-taktische-led-taschenlampe-320-lumen-25-stunden-laufzeit-robustes-metallgehaeuse-fokussierbar-inkl-batterien\/","url":"https:\/\/marktxxl.de\/markt\/produkt\/ledlenser-t7-2-taktische-led-taschenlampe-320-lumen-25-stunden-laufzeit-robustes-metallgehaeuse-fokussierbar-inkl-batterien\/","name":"Ledlenser T7.2 taktische LED Taschenlampe, 320 Lumen, Leuchtweite 260m, robustes Metallgeh\u00e4use, fokussierbar, 4xAAA\u2026 - Markt-XXL","isPartOf":{"@id":"https:\/\/marktxxl.de\/markt\/#website"},"primaryImageOfPage":{"@id":"https:\/\/marktxxl.de\/markt\/produkt\/ledlenser-t7-2-taktische-led-taschenlampe-320-lumen-25-stunden-laufzeit-robustes-metallgehaeuse-fokussierbar-inkl-batterien\/#primaryimage"},"image":{"@id":"https:\/\/marktxxl.de\/markt\/produkt\/ledlenser-t7-2-taktische-led-taschenlampe-320-lumen-25-stunden-laufzeit-robustes-metallgehaeuse-fokussierbar-inkl-batterien\/#primaryimage"},"thumbnailUrl":"https:\/\/m.media-amazon.com\/images\/I\/318gsR7dE6L._SL500_.jpg","datePublished":"2022-02-26T12:16:10+00:00","dateModified":"2023-04-10T01:29:46+00:00","description":"Markt-XXL Ledlenser T7.2 taktische LED Taschenlampe, 320 Lumen, Leuchtweite 260m, robustes Metallgeh\u00e4use, fokussierbar, 4xAAA\u2026","breadcrumb":{"@id":"https:\/\/marktxxl.de\/markt\/produkt\/ledlenser-t7-2-taktische-led-taschenlampe-320-lumen-25-stunden-laufzeit-robustes-metallgehaeuse-fokussierbar-inkl-batterien\/#breadcrumb"},"inLanguage":"de","potentialAction":[{"@type":"ReadAction","target":["https:\/\/marktxxl.de\/markt\/produkt\/ledlenser-t7-2-taktische-led-taschenlampe-320-lumen-25-stunden-laufzeit-robustes-metallgehaeuse-fokussierbar-inkl-batterien\/"]}]},{"@type":"ImageObject","inLanguage":"de","@id":"https:\/\/marktxxl.de\/markt\/produkt\/ledlenser-t7-2-taktische-led-taschenlampe-320-lumen-25-stunden-laufzeit-robustes-metallgehaeuse-fokussierbar-inkl-batterien\/#primaryimage","url":"https:\/\/m.media-amazon.com\/images\/I\/318gsR7dE6L._SL500_.jpg","contentUrl":"https:\/\/m.media-amazon.com\/images\/I\/318gsR7dE6L._SL500_.jpg","width":500,"height":281},{"@type":"BreadcrumbList","@id":"https:\/\/marktxxl.de\/markt\/produkt\/ledlenser-t7-2-taktische-led-taschenlampe-320-lumen-25-stunden-laufzeit-robustes-metallgehaeuse-fokussierbar-inkl-batterien\/#breadcrumb","itemListElement":[{"@type":"ListItem","position":1,"name":"Startseite","item":"https:\/\/marktxxl.de\/markt\/"},{"@type":"ListItem","position":2,"name":"Markt","item":"https:\/\/marktxxl.de\/markt\/"},{"@type":"ListItem","position":3,"name":"Ledlenser T7.2 taktische LED Taschenlampe, 320 Lumen, Leuchtweite 260m, robustes Metallgeh\u00e4use, fokussierbar, 4xAAA\u2026"}]},{"@type":"WebSite","@id":"https:\/\/marktxxl.de\/markt\/#website","url":"https:\/\/marktxxl.de\/markt\/","name":"Markt-XXL","description":"Ihr Markt Online","publisher":{"@id":"https:\/\/marktxxl.de\/markt\/#organization"},"potentialAction":[{"@type":"SearchAction","target":{"@type":"EntryPoint","urlTemplate":"https:\/\/marktxxl.de\/markt\/?s={search_term_string}"},"query-input":{"@type":"PropertyValueSpecification","valueRequired":true,"valueName":"search_term_string"}}],"inLanguage":"de"},{"@type":"Organization","@id":"https:\/\/marktxxl.de\/markt\/#organization","name":"Markt-XXL","url":"https:\/\/marktxxl.de\/markt\/","logo":{"@type":"ImageObject","inLanguage":"de","@id":"https:\/\/marktxxl.de\/markt\/#\/schema\/logo\/image\/","url":"https:\/\/marktxxl.de\/markt\/wp-content\/uploads\/sites\/3\/2020\/12\/logo.png","contentUrl":"https:\/\/marktxxl.de\/markt\/wp-content\/uploads\/sites\/3\/2020\/12\/logo.png","width":200,"height":70,"caption":"Markt-XXL"},"image":{"@id":"https:\/\/marktxxl.de\/markt\/#\/schema\/logo\/image\/"}}]}},"_links":{"self":[{"href":"https:\/\/marktxxl.de\/markt\/wp-json\/wp\/v2\/product\/105236","targetHints":{"allow":["GET"]}}],"collection":[{"href":"https:\/\/marktxxl.de\/markt\/wp-json\/wp\/v2\/product"}],"about":[{"href":"https:\/\/marktxxl.de\/markt\/wp-json\/wp\/v2\/types\/product"}],"replies":[{"embeddable":true,"href":"https:\/\/marktxxl.de\/markt\/wp-json\/wp\/v2\/comments?post=105236"}],"wp:featuredmedia":[{"embeddable":true,"href":"https:\/\/marktxxl.de\/markt\/wp-json\/wp\/v2\/media\/105237"}],"wp:attachment":[{"href":"https:\/\/marktxxl.de\/markt\/wp-json\/wp\/v2\/media?parent=105236"}],"wp:term":[{"taxonomy":"product_brand","embeddable":true,"href":"https:\/\/marktxxl.de\/markt\/wp-json\/wp\/v2\/product_brand?post=105236"},{"taxonomy":"product_cat","embeddable":true,"href":"https:\/\/marktxxl.de\/markt\/wp-json\/wp\/v2\/product_cat?post=105236"},{"taxonomy":"product_tag","embeddable":true,"href":"https:\/\/marktxxl.de\/markt\/wp-json\/wp\/v2\/product_tag?post=105236"}],"curies":[{"name":"wp","href":"https:\/\/api.w.org\/{rel}","templated":true}]}}