{"id":105033,"date":"2022-02-26T13:09:21","date_gmt":"2022-02-26T12:09:21","guid":{"rendered":"https:\/\/marktxxl.de\/markt\/produkt\/nahtlose-schwangerschaftsformwaesche-fuer-damen-hohe-taille-mitte-oberschenkel-pettitipant-schwangerschaft-unterwaesche-fuer-bauchunterstuetzung\/"},"modified":"2023-04-10T03:29:43","modified_gmt":"2023-04-10T01:29:43","slug":"nahtlose-schwangerschaftsformwaesche-fuer-damen-hohe-taille-mitte-oberschenkel-pettitipant-schwangerschaft-unterwaesche-fuer-bauchunterstuetzung","status":"publish","type":"product","link":"https:\/\/marktxxl.de\/markt\/produkt\/nahtlose-schwangerschaftsformwaesche-fuer-damen-hohe-taille-mitte-oberschenkel-pettitipant-schwangerschaft-unterwaesche-fuer-bauchunterstuetzung\/","title":{"rendered":"MUSIDORA Verhindert Scheuern der Oberschenkel, Schwangerschaft, Shapewear f\u00fcr Kleider, Sommer"},"content":{"rendered":"<p>\u2665 Formsch\u00f6ner Babybauch und versteckter Bauchnabel\u2665: Verwandeln Sie Ihren B-Bauch in einen D! Diese Umstandsformw\u00e4sche kann effektiv Klumpen und Unebenheiten gl\u00e4tten, ohne einzuengen. Formen Sie Ihren Babybauch in eine sch\u00f6ne Form und zeigen Sie Ihre besseren K\u00f6rperkurven! Ein gutes Zubeh\u00f6r f\u00fcr Babyparty, Fotografie, Hochzeit oder Party usw.<br \/>\n\u2665 Verhindern Sie Scheuern der Oberschenkel und rollen Sie sich nicht hoch\u2665: Die Schwangerschaft sorgt f\u00fcr Scheuern\/Reiben der Oberschenkel, was diese Umstandsformw\u00e4sche absolut pflegt. Dies ist ein guter Oberschenkelformer! L\u00e4ngere Beinl\u00e4nge formt nicht nur den Oberschenkel effektiver, sondern verhindert auch das Hochrollen.<br \/>\n\u2665 Nahtlos unter der Kleidung &amp; gesamte Bump \u2665: Das nahtlose Design erm\u00f6glicht es, die K\u00f6rperkurven zu formen, w\u00e4hrend sie immer noch unsichtbar unter den Kleidern oder Jeans ist. Es kann perfekt das Problem l\u00f6sen, durch das das Kleid gesehen werden kann und die Slip-Linien gl\u00e4tten.<br \/>\n\u2665 Sanfte Bauchunterst\u00fctzung \u2665: Diese Umstandsformw\u00e4sche kann Ihrem Bauch ein hohes Ma\u00df an Unterst\u00fctzung bieten, ohne zu dr\u00fccken. Und das Gef\u00fchl der Unterst\u00fctzung wird mit dem Wachstum des Bauches st\u00e4rker wachsen.<br \/>\n\u2665 Warme Tipps \u2665: Maschinenw\u00e4sche kalt \/ Schonwaschgang empfohlen \/ nicht b\u00fcgeln \/ keine chemische Reinigung. Wenn Sie Anregungen oder Probleme haben, z\u00f6gern Sie nicht, uns zu kontaktieren, damit wir Ihnen helfen k\u00f6nnen, das Problem so schnell wie m\u00f6glich zu l\u00f6sen.<br \/>\n<div class=\"main-cross-sell\" data-asin=\"B0845ZLQ9L\">\n\n\t<div class=\"WooZone-cross-sell-loader\">\n\t\t<div>\n\t\t\t<div id=\"floatingBarsG\">\n\t\t\t\t<div class=\"blockG\" id=\"rotateG_01\"><\/div>\n\t\t\t\t<div class=\"blockG\" id=\"rotateG_02\"><\/div>\n\t\t\t\t<div class=\"blockG\" id=\"rotateG_03\"><\/div>\n\t\t\t\t<div class=\"blockG\" id=\"rotateG_04\"><\/div>\n\t\t\t\t<div class=\"blockG\" id=\"rotateG_05\"><\/div>\n\t\t\t\t<div class=\"blockG\" id=\"rotateG_06\"><\/div>\n\t\t\t\t<div class=\"blockG\" id=\"rotateG_07\"><\/div>\n\t\t\t\t<div class=\"blockG\" id=\"rotateG_08\"><\/div>\n\t\t\t<\/div>\n\t\t\t<div class=\"WooZone-cross-sell-loader-text\"><\/div>\n\t\t<\/div>\n\t<\/div>\n\n\t\t\n<\/div>\n<div style=\"clear:both;\"><\/div><\/p>\n","protected":false},"excerpt":{"rendered":"<p>\u2665 Formsch\u00f6ner Babybauch und versteckter Bauchnabel\u2665: Verwandeln Sie Ihren B-Bauch in einen D! Diese Umstandsformw\u00e4sche kann effektiv Klumpen und Unebenheiten gl\u00e4tten, ohne einzuengen. Formen Sie Ihren Babybauch in eine sch\u00f6ne Form und zeigen Sie Ihre besseren K\u00f6rperkurven! Ein gutes Zubeh\u00f6r f\u00fcr Babyparty, Fotografie, Hochzeit oder Party usw.<br \/>\n\u2665 Verhindern Sie Scheuern der Oberschenkel und rollen Sie sich nicht hoch\u2665: Die Schwangerschaft sorgt f\u00fcr Scheuern\/Reiben der Oberschenkel, was diese Umstandsformw\u00e4sche absolut pflegt. Dies ist ein guter Oberschenkelformer! L\u00e4ngere Beinl\u00e4nge formt nicht nur den Oberschenkel effektiver, sondern verhindert auch das Hochrollen.<br \/>\n\u2665 Nahtlos unter der Kleidung &amp; gesamte Bump \u2665: Das nahtlose Design erm\u00f6glicht es, die K\u00f6rperkurven zu formen, w\u00e4hrend sie immer noch unsichtbar unter den Kleidern oder Jeans ist. Es kann perfekt das Problem l\u00f6sen, durch das das Kleid gesehen werden kann und die Slip-Linien gl\u00e4tten.<\/p>\n","protected":false},"featured_media":105034,"comment_status":"open","ping_status":"closed","template":"","meta":[],"product_brand":[],"product_cat":[21,9478],"product_tag":[],"class_list":{"0":"post-105033","1":"product","2":"type-product","3":"status-publish","4":"has-post-thumbnail","6":"product_cat-baby","7":"product_cat-umstandskleidung-baby","8":"pa_binding-textilien","9":"pa_brand-musidora","10":"pa_height-17-716535415-zoll","11":"pa_length-11-81102361-zoll","12":"pa_manufacturer-musidora","13":"pa_width-15-74803148-zoll","15":"first","16":"instock","17":"shipping-taxable","18":"purchasable","19":"product-type-simple","20":"customify-col","21":"product-has-gallery"},"yoast_head":"<!-- This site is optimized with the Yoast SEO plugin v27.4 - https:\/\/yoast.com\/product\/yoast-seo-wordpress\/ -->\n<title>MUSIDORA Verhindert Scheuern der Oberschenkel, Schwangerschaft, Shapewear f\u00fcr Kleider, Sommer - Markt-XXL<\/title>\n<meta name=\"description\" content=\"Markt-XXL MUSIDORA Verhindert Scheuern der Oberschenkel, Schwangerschaft, Shapewear f\u00fcr Kleider, Sommer\" \/>\n<meta name=\"robots\" content=\"index, follow, max-snippet:-1, max-image-preview:large, max-video-preview:-1\" \/>\n<link rel=\"canonical\" href=\"https:\/\/marktxxl.de\/markt\/produkt\/nahtlose-schwangerschaftsformwaesche-fuer-damen-hohe-taille-mitte-oberschenkel-pettitipant-schwangerschaft-unterwaesche-fuer-bauchunterstuetzung\/\" \/>\n<meta property=\"og:locale\" content=\"de_DE\" \/>\n<meta property=\"og:type\" content=\"article\" \/>\n<meta property=\"og:title\" content=\"MUSIDORA Verhindert Scheuern der Oberschenkel, Schwangerschaft, Shapewear f\u00fcr Kleider, Sommer - Markt-XXL\" \/>\n<meta property=\"og:description\" content=\"Markt-XXL MUSIDORA Verhindert Scheuern der Oberschenkel, Schwangerschaft, Shapewear f\u00fcr Kleider, Sommer\" \/>\n<meta property=\"og:url\" content=\"https:\/\/marktxxl.de\/markt\/produkt\/nahtlose-schwangerschaftsformwaesche-fuer-damen-hohe-taille-mitte-oberschenkel-pettitipant-schwangerschaft-unterwaesche-fuer-bauchunterstuetzung\/\" \/>\n<meta property=\"og:site_name\" content=\"Markt-XXL\" \/>\n<meta property=\"article:modified_time\" content=\"2023-04-10T01:29:43+00:00\" \/>\n<meta property=\"og:image\" content=\"https:\/\/m.media-amazon.com\/images\/I\/41L-IaZnT+L._SL500_.jpg\" \/>\n\t<meta property=\"og:image:width\" content=\"500\" \/>\n\t<meta property=\"og:image:height\" content=\"500\" \/>\n\t<meta property=\"og:image:type\" content=\"image\/jpeg\" \/>\n<meta name=\"twitter:card\" content=\"summary_large_image\" \/>\n<meta name=\"twitter:label1\" content=\"Gesch\u00e4tzte Lesezeit\" \/>\n\t<meta name=\"twitter:data1\" content=\"1\u00a0Minute\" \/>\n<script type=\"application\/ld+json\" class=\"yoast-schema-graph\">{\"@context\":\"https:\\\/\\\/schema.org\",\"@graph\":[{\"@type\":\"WebPage\",\"@id\":\"https:\\\/\\\/marktxxl.de\\\/markt\\\/produkt\\\/nahtlose-schwangerschaftsformwaesche-fuer-damen-hohe-taille-mitte-oberschenkel-pettitipant-schwangerschaft-unterwaesche-fuer-bauchunterstuetzung\\\/\",\"url\":\"https:\\\/\\\/marktxxl.de\\\/markt\\\/produkt\\\/nahtlose-schwangerschaftsformwaesche-fuer-damen-hohe-taille-mitte-oberschenkel-pettitipant-schwangerschaft-unterwaesche-fuer-bauchunterstuetzung\\\/\",\"name\":\"MUSIDORA Verhindert Scheuern der Oberschenkel, Schwangerschaft, Shapewear f\u00fcr Kleider, Sommer - Markt-XXL\",\"isPartOf\":{\"@id\":\"https:\\\/\\\/marktxxl.de\\\/markt\\\/#website\"},\"primaryImageOfPage\":{\"@id\":\"https:\\\/\\\/marktxxl.de\\\/markt\\\/produkt\\\/nahtlose-schwangerschaftsformwaesche-fuer-damen-hohe-taille-mitte-oberschenkel-pettitipant-schwangerschaft-unterwaesche-fuer-bauchunterstuetzung\\\/#primaryimage\"},\"image\":{\"@id\":\"https:\\\/\\\/marktxxl.de\\\/markt\\\/produkt\\\/nahtlose-schwangerschaftsformwaesche-fuer-damen-hohe-taille-mitte-oberschenkel-pettitipant-schwangerschaft-unterwaesche-fuer-bauchunterstuetzung\\\/#primaryimage\"},\"thumbnailUrl\":\"https:\\\/\\\/m.media-amazon.com\\\/images\\\/I\\\/41L-IaZnT+L._SL500_.jpg\",\"datePublished\":\"2022-02-26T12:09:21+00:00\",\"dateModified\":\"2023-04-10T01:29:43+00:00\",\"description\":\"Markt-XXL MUSIDORA Verhindert Scheuern der Oberschenkel, Schwangerschaft, Shapewear f\u00fcr Kleider, Sommer\",\"breadcrumb\":{\"@id\":\"https:\\\/\\\/marktxxl.de\\\/markt\\\/produkt\\\/nahtlose-schwangerschaftsformwaesche-fuer-damen-hohe-taille-mitte-oberschenkel-pettitipant-schwangerschaft-unterwaesche-fuer-bauchunterstuetzung\\\/#breadcrumb\"},\"inLanguage\":\"de\",\"potentialAction\":[{\"@type\":\"ReadAction\",\"target\":[\"https:\\\/\\\/marktxxl.de\\\/markt\\\/produkt\\\/nahtlose-schwangerschaftsformwaesche-fuer-damen-hohe-taille-mitte-oberschenkel-pettitipant-schwangerschaft-unterwaesche-fuer-bauchunterstuetzung\\\/\"]}]},{\"@type\":\"ImageObject\",\"inLanguage\":\"de\",\"@id\":\"https:\\\/\\\/marktxxl.de\\\/markt\\\/produkt\\\/nahtlose-schwangerschaftsformwaesche-fuer-damen-hohe-taille-mitte-oberschenkel-pettitipant-schwangerschaft-unterwaesche-fuer-bauchunterstuetzung\\\/#primaryimage\",\"url\":\"https:\\\/\\\/m.media-amazon.com\\\/images\\\/I\\\/41L-IaZnT+L._SL500_.jpg\",\"contentUrl\":\"https:\\\/\\\/m.media-amazon.com\\\/images\\\/I\\\/41L-IaZnT+L._SL500_.jpg\",\"width\":500,\"height\":500},{\"@type\":\"BreadcrumbList\",\"@id\":\"https:\\\/\\\/marktxxl.de\\\/markt\\\/produkt\\\/nahtlose-schwangerschaftsformwaesche-fuer-damen-hohe-taille-mitte-oberschenkel-pettitipant-schwangerschaft-unterwaesche-fuer-bauchunterstuetzung\\\/#breadcrumb\",\"itemListElement\":[{\"@type\":\"ListItem\",\"position\":1,\"name\":\"Startseite\",\"item\":\"https:\\\/\\\/marktxxl.de\\\/markt\\\/\"},{\"@type\":\"ListItem\",\"position\":2,\"name\":\"Markt\",\"item\":\"https:\\\/\\\/marktxxl.de\\\/markt\\\/\"},{\"@type\":\"ListItem\",\"position\":3,\"name\":\"MUSIDORA Verhindert Scheuern der Oberschenkel, Schwangerschaft, Shapewear f\u00fcr Kleider, Sommer\"}]},{\"@type\":\"WebSite\",\"@id\":\"https:\\\/\\\/marktxxl.de\\\/markt\\\/#website\",\"url\":\"https:\\\/\\\/marktxxl.de\\\/markt\\\/\",\"name\":\"Markt-XXL\",\"description\":\"Ihr Markt Online\",\"publisher\":{\"@id\":\"https:\\\/\\\/marktxxl.de\\\/markt\\\/#organization\"},\"potentialAction\":[{\"@type\":\"SearchAction\",\"target\":{\"@type\":\"EntryPoint\",\"urlTemplate\":\"https:\\\/\\\/marktxxl.de\\\/markt\\\/?s={search_term_string}\"},\"query-input\":{\"@type\":\"PropertyValueSpecification\",\"valueRequired\":true,\"valueName\":\"search_term_string\"}}],\"inLanguage\":\"de\"},{\"@type\":\"Organization\",\"@id\":\"https:\\\/\\\/marktxxl.de\\\/markt\\\/#organization\",\"name\":\"Markt-XXL\",\"url\":\"https:\\\/\\\/marktxxl.de\\\/markt\\\/\",\"logo\":{\"@type\":\"ImageObject\",\"inLanguage\":\"de\",\"@id\":\"https:\\\/\\\/marktxxl.de\\\/markt\\\/#\\\/schema\\\/logo\\\/image\\\/\",\"url\":\"https:\\\/\\\/marktxxl.de\\\/markt\\\/wp-content\\\/uploads\\\/sites\\\/3\\\/2020\\\/12\\\/logo.png\",\"contentUrl\":\"https:\\\/\\\/marktxxl.de\\\/markt\\\/wp-content\\\/uploads\\\/sites\\\/3\\\/2020\\\/12\\\/logo.png\",\"width\":200,\"height\":70,\"caption\":\"Markt-XXL\"},\"image\":{\"@id\":\"https:\\\/\\\/marktxxl.de\\\/markt\\\/#\\\/schema\\\/logo\\\/image\\\/\"}}]}<\/script>\n<!-- \/ Yoast SEO plugin. -->","yoast_head_json":{"title":"MUSIDORA Verhindert Scheuern der Oberschenkel, Schwangerschaft, Shapewear f\u00fcr Kleider, Sommer - Markt-XXL","description":"Markt-XXL MUSIDORA Verhindert Scheuern der Oberschenkel, Schwangerschaft, Shapewear f\u00fcr Kleider, Sommer","robots":{"index":"index","follow":"follow","max-snippet":"max-snippet:-1","max-image-preview":"max-image-preview:large","max-video-preview":"max-video-preview:-1"},"canonical":"https:\/\/marktxxl.de\/markt\/produkt\/nahtlose-schwangerschaftsformwaesche-fuer-damen-hohe-taille-mitte-oberschenkel-pettitipant-schwangerschaft-unterwaesche-fuer-bauchunterstuetzung\/","og_locale":"de_DE","og_type":"article","og_title":"MUSIDORA Verhindert Scheuern der Oberschenkel, Schwangerschaft, Shapewear f\u00fcr Kleider, Sommer - Markt-XXL","og_description":"Markt-XXL MUSIDORA Verhindert Scheuern der Oberschenkel, Schwangerschaft, Shapewear f\u00fcr Kleider, Sommer","og_url":"https:\/\/marktxxl.de\/markt\/produkt\/nahtlose-schwangerschaftsformwaesche-fuer-damen-hohe-taille-mitte-oberschenkel-pettitipant-schwangerschaft-unterwaesche-fuer-bauchunterstuetzung\/","og_site_name":"Markt-XXL","article_modified_time":"2023-04-10T01:29:43+00:00","og_image":[{"width":500,"height":500,"url":"https:\/\/m.media-amazon.com\/images\/I\/41L-IaZnT+L._SL500_.jpg","type":"image\/jpeg"}],"twitter_card":"summary_large_image","twitter_misc":{"Gesch\u00e4tzte Lesezeit":"1\u00a0Minute"},"schema":{"@context":"https:\/\/schema.org","@graph":[{"@type":"WebPage","@id":"https:\/\/marktxxl.de\/markt\/produkt\/nahtlose-schwangerschaftsformwaesche-fuer-damen-hohe-taille-mitte-oberschenkel-pettitipant-schwangerschaft-unterwaesche-fuer-bauchunterstuetzung\/","url":"https:\/\/marktxxl.de\/markt\/produkt\/nahtlose-schwangerschaftsformwaesche-fuer-damen-hohe-taille-mitte-oberschenkel-pettitipant-schwangerschaft-unterwaesche-fuer-bauchunterstuetzung\/","name":"MUSIDORA Verhindert Scheuern der Oberschenkel, Schwangerschaft, Shapewear f\u00fcr Kleider, Sommer - Markt-XXL","isPartOf":{"@id":"https:\/\/marktxxl.de\/markt\/#website"},"primaryImageOfPage":{"@id":"https:\/\/marktxxl.de\/markt\/produkt\/nahtlose-schwangerschaftsformwaesche-fuer-damen-hohe-taille-mitte-oberschenkel-pettitipant-schwangerschaft-unterwaesche-fuer-bauchunterstuetzung\/#primaryimage"},"image":{"@id":"https:\/\/marktxxl.de\/markt\/produkt\/nahtlose-schwangerschaftsformwaesche-fuer-damen-hohe-taille-mitte-oberschenkel-pettitipant-schwangerschaft-unterwaesche-fuer-bauchunterstuetzung\/#primaryimage"},"thumbnailUrl":"https:\/\/m.media-amazon.com\/images\/I\/41L-IaZnT+L._SL500_.jpg","datePublished":"2022-02-26T12:09:21+00:00","dateModified":"2023-04-10T01:29:43+00:00","description":"Markt-XXL MUSIDORA Verhindert Scheuern der Oberschenkel, Schwangerschaft, Shapewear f\u00fcr Kleider, Sommer","breadcrumb":{"@id":"https:\/\/marktxxl.de\/markt\/produkt\/nahtlose-schwangerschaftsformwaesche-fuer-damen-hohe-taille-mitte-oberschenkel-pettitipant-schwangerschaft-unterwaesche-fuer-bauchunterstuetzung\/#breadcrumb"},"inLanguage":"de","potentialAction":[{"@type":"ReadAction","target":["https:\/\/marktxxl.de\/markt\/produkt\/nahtlose-schwangerschaftsformwaesche-fuer-damen-hohe-taille-mitte-oberschenkel-pettitipant-schwangerschaft-unterwaesche-fuer-bauchunterstuetzung\/"]}]},{"@type":"ImageObject","inLanguage":"de","@id":"https:\/\/marktxxl.de\/markt\/produkt\/nahtlose-schwangerschaftsformwaesche-fuer-damen-hohe-taille-mitte-oberschenkel-pettitipant-schwangerschaft-unterwaesche-fuer-bauchunterstuetzung\/#primaryimage","url":"https:\/\/m.media-amazon.com\/images\/I\/41L-IaZnT+L._SL500_.jpg","contentUrl":"https:\/\/m.media-amazon.com\/images\/I\/41L-IaZnT+L._SL500_.jpg","width":500,"height":500},{"@type":"BreadcrumbList","@id":"https:\/\/marktxxl.de\/markt\/produkt\/nahtlose-schwangerschaftsformwaesche-fuer-damen-hohe-taille-mitte-oberschenkel-pettitipant-schwangerschaft-unterwaesche-fuer-bauchunterstuetzung\/#breadcrumb","itemListElement":[{"@type":"ListItem","position":1,"name":"Startseite","item":"https:\/\/marktxxl.de\/markt\/"},{"@type":"ListItem","position":2,"name":"Markt","item":"https:\/\/marktxxl.de\/markt\/"},{"@type":"ListItem","position":3,"name":"MUSIDORA Verhindert Scheuern der Oberschenkel, Schwangerschaft, Shapewear f\u00fcr Kleider, Sommer"}]},{"@type":"WebSite","@id":"https:\/\/marktxxl.de\/markt\/#website","url":"https:\/\/marktxxl.de\/markt\/","name":"Markt-XXL","description":"Ihr Markt Online","publisher":{"@id":"https:\/\/marktxxl.de\/markt\/#organization"},"potentialAction":[{"@type":"SearchAction","target":{"@type":"EntryPoint","urlTemplate":"https:\/\/marktxxl.de\/markt\/?s={search_term_string}"},"query-input":{"@type":"PropertyValueSpecification","valueRequired":true,"valueName":"search_term_string"}}],"inLanguage":"de"},{"@type":"Organization","@id":"https:\/\/marktxxl.de\/markt\/#organization","name":"Markt-XXL","url":"https:\/\/marktxxl.de\/markt\/","logo":{"@type":"ImageObject","inLanguage":"de","@id":"https:\/\/marktxxl.de\/markt\/#\/schema\/logo\/image\/","url":"https:\/\/marktxxl.de\/markt\/wp-content\/uploads\/sites\/3\/2020\/12\/logo.png","contentUrl":"https:\/\/marktxxl.de\/markt\/wp-content\/uploads\/sites\/3\/2020\/12\/logo.png","width":200,"height":70,"caption":"Markt-XXL"},"image":{"@id":"https:\/\/marktxxl.de\/markt\/#\/schema\/logo\/image\/"}}]}},"_links":{"self":[{"href":"https:\/\/marktxxl.de\/markt\/wp-json\/wp\/v2\/product\/105033","targetHints":{"allow":["GET"]}}],"collection":[{"href":"https:\/\/marktxxl.de\/markt\/wp-json\/wp\/v2\/product"}],"about":[{"href":"https:\/\/marktxxl.de\/markt\/wp-json\/wp\/v2\/types\/product"}],"replies":[{"embeddable":true,"href":"https:\/\/marktxxl.de\/markt\/wp-json\/wp\/v2\/comments?post=105033"}],"wp:featuredmedia":[{"embeddable":true,"href":"https:\/\/marktxxl.de\/markt\/wp-json\/wp\/v2\/media\/105034"}],"wp:attachment":[{"href":"https:\/\/marktxxl.de\/markt\/wp-json\/wp\/v2\/media?parent=105033"}],"wp:term":[{"taxonomy":"product_brand","embeddable":true,"href":"https:\/\/marktxxl.de\/markt\/wp-json\/wp\/v2\/product_brand?post=105033"},{"taxonomy":"product_cat","embeddable":true,"href":"https:\/\/marktxxl.de\/markt\/wp-json\/wp\/v2\/product_cat?post=105033"},{"taxonomy":"product_tag","embeddable":true,"href":"https:\/\/marktxxl.de\/markt\/wp-json\/wp\/v2\/product_tag?post=105033"}],"curies":[{"name":"wp","href":"https:\/\/api.w.org\/{rel}","templated":true}]}}