{"id":104942,"date":"2022-02-26T12:28:02","date_gmt":"2022-02-26T11:28:02","guid":{"rendered":"https:\/\/marktxxl.de\/markt\/produkt\/fisher-price-gwd42-jumperedoo-360-grad-drehspass-mit-froehlicher-musik-lichtern-und-geraeuschen-fuer-babys-und-kleinkinder\/"},"modified":"2023-04-10T03:29:40","modified_gmt":"2023-04-10T01:29:40","slug":"fisher-price-gwd42-jumperedoo-360-grad-drehspass-mit-froehlicher-musik-lichtern-und-geraeuschen-fuer-babys-und-kleinkinder","status":"publish","type":"product","link":"https:\/\/marktxxl.de\/markt\/produkt\/fisher-price-gwd42-jumperedoo-360-grad-drehspass-mit-froehlicher-musik-lichtern-und-geraeuschen-fuer-babys-und-kleinkinder\/","title":{"rendered":"Fisher-Price GWD42 &#8211; Jumperedoo, 360-Grad-Drehspa\u00df mit fr\u00f6hlicher Musik, Lichtern und Ger\u00e4uschen, f\u00fcr Babys und\u2026"},"content":{"rendered":"<p>\u200b360 Grad Spielspa\u00df f\u00fcr Baby zu entdecken<br \/>\nMusik, Lichter und Ger\u00e4usche belohnen und f\u00f6rdern jedes Sprung- und Springen<br \/>\nL\u00e4sst sich leicht auf Drei verschiedene H\u00f6hen einstellen, wenn Ihr Baby w\u00e4chst<br \/>\nBunte Spielzeuge umfassen Fledermaus-Schmetterling und Tukan, Frosch-Bei\u00dfring, L\u00f6wen-Schieber &amp; Spiegel, beleuchtetes Cham\u00e4leon, Affen-Perlenstange, Giraffe mit drehbarem Perlen-Hals, Alligator-Flipper und Rassel-Roller und mehr<br \/>\nAbnehmbares, maschinenwaschbares Sitzpolster<br \/>\n\u200bArtikel wird in frustfreier, leicht zu \u00f6ffnender Verpackung geliefert, die zu 100 Prozent recycelbar ist; F\u00fcr ein Geschenk bereit Box w\u00e4hlen Sie &#8220;In Amazon Verpackung versenden&#8221; an der Kasse<br \/>\nWarum hat dieses Produkte eine \u2018reduzierte Verpackung\u2018? Wir haben intensiv daran gearbeitet die Menge an unn\u00f6tigem Material und Luftraum in unserer langanhaltenden Verpackung zu reduzieren um damit Abfall und Emission zu minimieren<br \/>\n<div class=\"main-cross-sell\" data-asin=\"B08B79HGB2\">\n\n\t<div class=\"WooZone-cross-sell-loader\">\n\t\t<div>\n\t\t\t<div id=\"floatingBarsG\">\n\t\t\t\t<div class=\"blockG\" id=\"rotateG_01\"><\/div>\n\t\t\t\t<div class=\"blockG\" id=\"rotateG_02\"><\/div>\n\t\t\t\t<div class=\"blockG\" id=\"rotateG_03\"><\/div>\n\t\t\t\t<div class=\"blockG\" id=\"rotateG_04\"><\/div>\n\t\t\t\t<div class=\"blockG\" id=\"rotateG_05\"><\/div>\n\t\t\t\t<div class=\"blockG\" id=\"rotateG_06\"><\/div>\n\t\t\t\t<div class=\"blockG\" id=\"rotateG_07\"><\/div>\n\t\t\t\t<div class=\"blockG\" id=\"rotateG_08\"><\/div>\n\t\t\t<\/div>\n\t\t\t<div class=\"WooZone-cross-sell-loader-text\"><\/div>\n\t\t<\/div>\n\t<\/div>\n\n\t\t\n<\/div>\n<div style=\"clear:both;\"><\/div><\/p>\n","protected":false},"excerpt":{"rendered":"<p>\u200b360 Grad Spielspa\u00df f\u00fcr Baby zu entdecken<br \/>\nMusik, Lichter und Ger\u00e4usche belohnen und f\u00f6rdern jedes Sprung- und Springen<br \/>\nL\u00e4sst sich leicht auf Drei verschiedene H\u00f6hen einstellen, wenn Ihr Baby w\u00e4chst<\/p>\n","protected":false},"featured_media":104943,"comment_status":"open","ping_status":"closed","template":"","meta":[],"product_brand":[],"product_cat":[21,9143],"product_tag":[],"class_list":{"0":"post-104942","1":"product","2":"type-product","3":"status-publish","4":"has-post-thumbnail","6":"product_cat-baby","7":"product_cat-entdecken-bewegen-baby","8":"pa_binding-babyartikel","9":"pa_brand-fisher-price","10":"pa_color-multi","11":"pa_height-34-645669256-zoll","12":"pa_languages-unbekannt-englisch","13":"pa_length-34-645669256-zoll","14":"pa_manufacturer-mattel","15":"pa_model-gwd42","16":"pa_size-1-stueck-1er-pack","17":"pa_weight-17-63698096-pfund","18":"pa_width-34-645669256-zoll","20":"first","21":"instock","22":"shipping-taxable","23":"purchasable","24":"product-type-simple","25":"customify-col","26":"product-has-gallery"},"yoast_head":"<!-- This site is optimized with the Yoast SEO plugin v27.4 - https:\/\/yoast.com\/product\/yoast-seo-wordpress\/ -->\n<title>Fisher-Price GWD42 - Jumperedoo, 360-Grad-Drehspa\u00df mit fr\u00f6hlicher Musik, Lichtern und Ger\u00e4uschen, f\u00fcr Babys und\u2026 - Markt-XXL<\/title>\n<meta name=\"description\" content=\"Markt-XXL Fisher-Price GWD42 - Jumperedoo, 360-Grad-Drehspa\u00df mit fr\u00f6hlicher Musik, Lichtern und Ger\u00e4uschen, f\u00fcr Babys und\u2026\" \/>\n<meta name=\"robots\" content=\"index, follow, max-snippet:-1, max-image-preview:large, max-video-preview:-1\" \/>\n<link rel=\"canonical\" href=\"https:\/\/marktxxl.de\/markt\/produkt\/fisher-price-gwd42-jumperedoo-360-grad-drehspass-mit-froehlicher-musik-lichtern-und-geraeuschen-fuer-babys-und-kleinkinder\/\" \/>\n<meta property=\"og:locale\" content=\"de_DE\" \/>\n<meta property=\"og:type\" content=\"article\" \/>\n<meta property=\"og:title\" content=\"Fisher-Price GWD42 - Jumperedoo, 360-Grad-Drehspa\u00df mit fr\u00f6hlicher Musik, Lichtern und Ger\u00e4uschen, f\u00fcr Babys und\u2026 - Markt-XXL\" \/>\n<meta property=\"og:description\" content=\"Markt-XXL Fisher-Price GWD42 - Jumperedoo, 360-Grad-Drehspa\u00df mit fr\u00f6hlicher Musik, Lichtern und Ger\u00e4uschen, f\u00fcr Babys und\u2026\" \/>\n<meta property=\"og:url\" content=\"https:\/\/marktxxl.de\/markt\/produkt\/fisher-price-gwd42-jumperedoo-360-grad-drehspass-mit-froehlicher-musik-lichtern-und-geraeuschen-fuer-babys-und-kleinkinder\/\" \/>\n<meta property=\"og:site_name\" content=\"Markt-XXL\" \/>\n<meta property=\"article:modified_time\" content=\"2023-04-10T01:29:40+00:00\" \/>\n<meta property=\"og:image\" content=\"https:\/\/m.media-amazon.com\/images\/I\/41j1isYfDOL._SL500_.jpg\" \/>\n\t<meta property=\"og:image:width\" content=\"500\" \/>\n\t<meta property=\"og:image:height\" content=\"483\" \/>\n\t<meta property=\"og:image:type\" content=\"image\/jpeg\" \/>\n<meta name=\"twitter:card\" content=\"summary_large_image\" \/>\n<meta name=\"twitter:label1\" content=\"Gesch\u00e4tzte Lesezeit\" \/>\n\t<meta name=\"twitter:data1\" content=\"1\u00a0Minute\" \/>\n<script type=\"application\/ld+json\" class=\"yoast-schema-graph\">{\"@context\":\"https:\\\/\\\/schema.org\",\"@graph\":[{\"@type\":\"WebPage\",\"@id\":\"https:\\\/\\\/marktxxl.de\\\/markt\\\/produkt\\\/fisher-price-gwd42-jumperedoo-360-grad-drehspass-mit-froehlicher-musik-lichtern-und-geraeuschen-fuer-babys-und-kleinkinder\\\/\",\"url\":\"https:\\\/\\\/marktxxl.de\\\/markt\\\/produkt\\\/fisher-price-gwd42-jumperedoo-360-grad-drehspass-mit-froehlicher-musik-lichtern-und-geraeuschen-fuer-babys-und-kleinkinder\\\/\",\"name\":\"Fisher-Price GWD42 - Jumperedoo, 360-Grad-Drehspa\u00df mit fr\u00f6hlicher Musik, Lichtern und Ger\u00e4uschen, f\u00fcr Babys und\u2026 - Markt-XXL\",\"isPartOf\":{\"@id\":\"https:\\\/\\\/marktxxl.de\\\/markt\\\/#website\"},\"primaryImageOfPage\":{\"@id\":\"https:\\\/\\\/marktxxl.de\\\/markt\\\/produkt\\\/fisher-price-gwd42-jumperedoo-360-grad-drehspass-mit-froehlicher-musik-lichtern-und-geraeuschen-fuer-babys-und-kleinkinder\\\/#primaryimage\"},\"image\":{\"@id\":\"https:\\\/\\\/marktxxl.de\\\/markt\\\/produkt\\\/fisher-price-gwd42-jumperedoo-360-grad-drehspass-mit-froehlicher-musik-lichtern-und-geraeuschen-fuer-babys-und-kleinkinder\\\/#primaryimage\"},\"thumbnailUrl\":\"https:\\\/\\\/m.media-amazon.com\\\/images\\\/I\\\/41j1isYfDOL._SL500_.jpg\",\"datePublished\":\"2022-02-26T11:28:02+00:00\",\"dateModified\":\"2023-04-10T01:29:40+00:00\",\"description\":\"Markt-XXL Fisher-Price GWD42 - Jumperedoo, 360-Grad-Drehspa\u00df mit fr\u00f6hlicher Musik, Lichtern und Ger\u00e4uschen, f\u00fcr Babys und\u2026\",\"breadcrumb\":{\"@id\":\"https:\\\/\\\/marktxxl.de\\\/markt\\\/produkt\\\/fisher-price-gwd42-jumperedoo-360-grad-drehspass-mit-froehlicher-musik-lichtern-und-geraeuschen-fuer-babys-und-kleinkinder\\\/#breadcrumb\"},\"inLanguage\":\"de\",\"potentialAction\":[{\"@type\":\"ReadAction\",\"target\":[\"https:\\\/\\\/marktxxl.de\\\/markt\\\/produkt\\\/fisher-price-gwd42-jumperedoo-360-grad-drehspass-mit-froehlicher-musik-lichtern-und-geraeuschen-fuer-babys-und-kleinkinder\\\/\"]}]},{\"@type\":\"ImageObject\",\"inLanguage\":\"de\",\"@id\":\"https:\\\/\\\/marktxxl.de\\\/markt\\\/produkt\\\/fisher-price-gwd42-jumperedoo-360-grad-drehspass-mit-froehlicher-musik-lichtern-und-geraeuschen-fuer-babys-und-kleinkinder\\\/#primaryimage\",\"url\":\"https:\\\/\\\/m.media-amazon.com\\\/images\\\/I\\\/41j1isYfDOL._SL500_.jpg\",\"contentUrl\":\"https:\\\/\\\/m.media-amazon.com\\\/images\\\/I\\\/41j1isYfDOL._SL500_.jpg\",\"width\":500,\"height\":483},{\"@type\":\"BreadcrumbList\",\"@id\":\"https:\\\/\\\/marktxxl.de\\\/markt\\\/produkt\\\/fisher-price-gwd42-jumperedoo-360-grad-drehspass-mit-froehlicher-musik-lichtern-und-geraeuschen-fuer-babys-und-kleinkinder\\\/#breadcrumb\",\"itemListElement\":[{\"@type\":\"ListItem\",\"position\":1,\"name\":\"Startseite\",\"item\":\"https:\\\/\\\/marktxxl.de\\\/markt\\\/\"},{\"@type\":\"ListItem\",\"position\":2,\"name\":\"Markt\",\"item\":\"https:\\\/\\\/marktxxl.de\\\/markt\\\/\"},{\"@type\":\"ListItem\",\"position\":3,\"name\":\"Fisher-Price GWD42 &#8211; Jumperedoo, 360-Grad-Drehspa\u00df mit fr\u00f6hlicher Musik, Lichtern und Ger\u00e4uschen, f\u00fcr Babys und\u2026\"}]},{\"@type\":\"WebSite\",\"@id\":\"https:\\\/\\\/marktxxl.de\\\/markt\\\/#website\",\"url\":\"https:\\\/\\\/marktxxl.de\\\/markt\\\/\",\"name\":\"Markt-XXL\",\"description\":\"Ihr Markt Online\",\"publisher\":{\"@id\":\"https:\\\/\\\/marktxxl.de\\\/markt\\\/#organization\"},\"potentialAction\":[{\"@type\":\"SearchAction\",\"target\":{\"@type\":\"EntryPoint\",\"urlTemplate\":\"https:\\\/\\\/marktxxl.de\\\/markt\\\/?s={search_term_string}\"},\"query-input\":{\"@type\":\"PropertyValueSpecification\",\"valueRequired\":true,\"valueName\":\"search_term_string\"}}],\"inLanguage\":\"de\"},{\"@type\":\"Organization\",\"@id\":\"https:\\\/\\\/marktxxl.de\\\/markt\\\/#organization\",\"name\":\"Markt-XXL\",\"url\":\"https:\\\/\\\/marktxxl.de\\\/markt\\\/\",\"logo\":{\"@type\":\"ImageObject\",\"inLanguage\":\"de\",\"@id\":\"https:\\\/\\\/marktxxl.de\\\/markt\\\/#\\\/schema\\\/logo\\\/image\\\/\",\"url\":\"https:\\\/\\\/marktxxl.de\\\/markt\\\/wp-content\\\/uploads\\\/sites\\\/3\\\/2020\\\/12\\\/logo.png\",\"contentUrl\":\"https:\\\/\\\/marktxxl.de\\\/markt\\\/wp-content\\\/uploads\\\/sites\\\/3\\\/2020\\\/12\\\/logo.png\",\"width\":200,\"height\":70,\"caption\":\"Markt-XXL\"},\"image\":{\"@id\":\"https:\\\/\\\/marktxxl.de\\\/markt\\\/#\\\/schema\\\/logo\\\/image\\\/\"}}]}<\/script>\n<!-- \/ Yoast SEO plugin. -->","yoast_head_json":{"title":"Fisher-Price GWD42 - Jumperedoo, 360-Grad-Drehspa\u00df mit fr\u00f6hlicher Musik, Lichtern und Ger\u00e4uschen, f\u00fcr Babys und\u2026 - Markt-XXL","description":"Markt-XXL Fisher-Price GWD42 - Jumperedoo, 360-Grad-Drehspa\u00df mit fr\u00f6hlicher Musik, Lichtern und Ger\u00e4uschen, f\u00fcr Babys und\u2026","robots":{"index":"index","follow":"follow","max-snippet":"max-snippet:-1","max-image-preview":"max-image-preview:large","max-video-preview":"max-video-preview:-1"},"canonical":"https:\/\/marktxxl.de\/markt\/produkt\/fisher-price-gwd42-jumperedoo-360-grad-drehspass-mit-froehlicher-musik-lichtern-und-geraeuschen-fuer-babys-und-kleinkinder\/","og_locale":"de_DE","og_type":"article","og_title":"Fisher-Price GWD42 - Jumperedoo, 360-Grad-Drehspa\u00df mit fr\u00f6hlicher Musik, Lichtern und Ger\u00e4uschen, f\u00fcr Babys und\u2026 - Markt-XXL","og_description":"Markt-XXL Fisher-Price GWD42 - Jumperedoo, 360-Grad-Drehspa\u00df mit fr\u00f6hlicher Musik, Lichtern und Ger\u00e4uschen, f\u00fcr Babys und\u2026","og_url":"https:\/\/marktxxl.de\/markt\/produkt\/fisher-price-gwd42-jumperedoo-360-grad-drehspass-mit-froehlicher-musik-lichtern-und-geraeuschen-fuer-babys-und-kleinkinder\/","og_site_name":"Markt-XXL","article_modified_time":"2023-04-10T01:29:40+00:00","og_image":[{"width":500,"height":483,"url":"https:\/\/m.media-amazon.com\/images\/I\/41j1isYfDOL._SL500_.jpg","type":"image\/jpeg"}],"twitter_card":"summary_large_image","twitter_misc":{"Gesch\u00e4tzte Lesezeit":"1\u00a0Minute"},"schema":{"@context":"https:\/\/schema.org","@graph":[{"@type":"WebPage","@id":"https:\/\/marktxxl.de\/markt\/produkt\/fisher-price-gwd42-jumperedoo-360-grad-drehspass-mit-froehlicher-musik-lichtern-und-geraeuschen-fuer-babys-und-kleinkinder\/","url":"https:\/\/marktxxl.de\/markt\/produkt\/fisher-price-gwd42-jumperedoo-360-grad-drehspass-mit-froehlicher-musik-lichtern-und-geraeuschen-fuer-babys-und-kleinkinder\/","name":"Fisher-Price GWD42 - Jumperedoo, 360-Grad-Drehspa\u00df mit fr\u00f6hlicher Musik, Lichtern und Ger\u00e4uschen, f\u00fcr Babys und\u2026 - Markt-XXL","isPartOf":{"@id":"https:\/\/marktxxl.de\/markt\/#website"},"primaryImageOfPage":{"@id":"https:\/\/marktxxl.de\/markt\/produkt\/fisher-price-gwd42-jumperedoo-360-grad-drehspass-mit-froehlicher-musik-lichtern-und-geraeuschen-fuer-babys-und-kleinkinder\/#primaryimage"},"image":{"@id":"https:\/\/marktxxl.de\/markt\/produkt\/fisher-price-gwd42-jumperedoo-360-grad-drehspass-mit-froehlicher-musik-lichtern-und-geraeuschen-fuer-babys-und-kleinkinder\/#primaryimage"},"thumbnailUrl":"https:\/\/m.media-amazon.com\/images\/I\/41j1isYfDOL._SL500_.jpg","datePublished":"2022-02-26T11:28:02+00:00","dateModified":"2023-04-10T01:29:40+00:00","description":"Markt-XXL Fisher-Price GWD42 - Jumperedoo, 360-Grad-Drehspa\u00df mit fr\u00f6hlicher Musik, Lichtern und Ger\u00e4uschen, f\u00fcr Babys und\u2026","breadcrumb":{"@id":"https:\/\/marktxxl.de\/markt\/produkt\/fisher-price-gwd42-jumperedoo-360-grad-drehspass-mit-froehlicher-musik-lichtern-und-geraeuschen-fuer-babys-und-kleinkinder\/#breadcrumb"},"inLanguage":"de","potentialAction":[{"@type":"ReadAction","target":["https:\/\/marktxxl.de\/markt\/produkt\/fisher-price-gwd42-jumperedoo-360-grad-drehspass-mit-froehlicher-musik-lichtern-und-geraeuschen-fuer-babys-und-kleinkinder\/"]}]},{"@type":"ImageObject","inLanguage":"de","@id":"https:\/\/marktxxl.de\/markt\/produkt\/fisher-price-gwd42-jumperedoo-360-grad-drehspass-mit-froehlicher-musik-lichtern-und-geraeuschen-fuer-babys-und-kleinkinder\/#primaryimage","url":"https:\/\/m.media-amazon.com\/images\/I\/41j1isYfDOL._SL500_.jpg","contentUrl":"https:\/\/m.media-amazon.com\/images\/I\/41j1isYfDOL._SL500_.jpg","width":500,"height":483},{"@type":"BreadcrumbList","@id":"https:\/\/marktxxl.de\/markt\/produkt\/fisher-price-gwd42-jumperedoo-360-grad-drehspass-mit-froehlicher-musik-lichtern-und-geraeuschen-fuer-babys-und-kleinkinder\/#breadcrumb","itemListElement":[{"@type":"ListItem","position":1,"name":"Startseite","item":"https:\/\/marktxxl.de\/markt\/"},{"@type":"ListItem","position":2,"name":"Markt","item":"https:\/\/marktxxl.de\/markt\/"},{"@type":"ListItem","position":3,"name":"Fisher-Price GWD42 &#8211; Jumperedoo, 360-Grad-Drehspa\u00df mit fr\u00f6hlicher Musik, Lichtern und Ger\u00e4uschen, f\u00fcr Babys und\u2026"}]},{"@type":"WebSite","@id":"https:\/\/marktxxl.de\/markt\/#website","url":"https:\/\/marktxxl.de\/markt\/","name":"Markt-XXL","description":"Ihr Markt Online","publisher":{"@id":"https:\/\/marktxxl.de\/markt\/#organization"},"potentialAction":[{"@type":"SearchAction","target":{"@type":"EntryPoint","urlTemplate":"https:\/\/marktxxl.de\/markt\/?s={search_term_string}"},"query-input":{"@type":"PropertyValueSpecification","valueRequired":true,"valueName":"search_term_string"}}],"inLanguage":"de"},{"@type":"Organization","@id":"https:\/\/marktxxl.de\/markt\/#organization","name":"Markt-XXL","url":"https:\/\/marktxxl.de\/markt\/","logo":{"@type":"ImageObject","inLanguage":"de","@id":"https:\/\/marktxxl.de\/markt\/#\/schema\/logo\/image\/","url":"https:\/\/marktxxl.de\/markt\/wp-content\/uploads\/sites\/3\/2020\/12\/logo.png","contentUrl":"https:\/\/marktxxl.de\/markt\/wp-content\/uploads\/sites\/3\/2020\/12\/logo.png","width":200,"height":70,"caption":"Markt-XXL"},"image":{"@id":"https:\/\/marktxxl.de\/markt\/#\/schema\/logo\/image\/"}}]}},"_links":{"self":[{"href":"https:\/\/marktxxl.de\/markt\/wp-json\/wp\/v2\/product\/104942","targetHints":{"allow":["GET"]}}],"collection":[{"href":"https:\/\/marktxxl.de\/markt\/wp-json\/wp\/v2\/product"}],"about":[{"href":"https:\/\/marktxxl.de\/markt\/wp-json\/wp\/v2\/types\/product"}],"replies":[{"embeddable":true,"href":"https:\/\/marktxxl.de\/markt\/wp-json\/wp\/v2\/comments?post=104942"}],"wp:featuredmedia":[{"embeddable":true,"href":"https:\/\/marktxxl.de\/markt\/wp-json\/wp\/v2\/media\/104943"}],"wp:attachment":[{"href":"https:\/\/marktxxl.de\/markt\/wp-json\/wp\/v2\/media?parent=104942"}],"wp:term":[{"taxonomy":"product_brand","embeddable":true,"href":"https:\/\/marktxxl.de\/markt\/wp-json\/wp\/v2\/product_brand?post=104942"},{"taxonomy":"product_cat","embeddable":true,"href":"https:\/\/marktxxl.de\/markt\/wp-json\/wp\/v2\/product_cat?post=104942"},{"taxonomy":"product_tag","embeddable":true,"href":"https:\/\/marktxxl.de\/markt\/wp-json\/wp\/v2\/product_tag?post=104942"}],"curies":[{"name":"wp","href":"https:\/\/api.w.org\/{rel}","templated":true}]}}