{"id":104879,"date":"2022-02-26T12:26:07","date_gmt":"2022-02-26T11:26:07","guid":{"rendered":"https:\/\/marktxxl.de\/markt\/produkt\/wandtattoo-kinderzimmer-von-greenluup-oeko-wandsticker-ballons-heissluftballons-dschungeltiere-loewe-giraffe-elefant-deko-babyzimmer-kleinkind-kinderzimmer-maedchen-jungen\/"},"modified":"2023-04-10T03:29:38","modified_gmt":"2023-04-10T01:29:38","slug":"wandtattoo-kinderzimmer-von-greenluup-oeko-wandsticker-ballons-heissluftballons-dschungeltiere-loewe-giraffe-elefant-deko-babyzimmer-kleinkind-kinderzimmer-maedchen-jungen","status":"publish","type":"product","link":"https:\/\/marktxxl.de\/markt\/produkt\/wandtattoo-kinderzimmer-von-greenluup-oeko-wandsticker-ballons-heissluftballons-dschungeltiere-loewe-giraffe-elefant-deko-babyzimmer-kleinkind-kinderzimmer-maedchen-jungen\/","title":{"rendered":"greenluup Wandsticker Kinderzimmer M\u00e4dchen Junge Safari Tiere in Hei\u00dfluftballons Deko Babyzimmer"},"content":{"rendered":"<p>Kinderzimmer Deko &#8211; Wandsticker fliegende Dschungeltiere: Gr\u00f6\u00dfe der Wandaufkleber: Ballonh\u00f6he je ca. 29 cm<br \/>\nUnsere Kinder Wandaufkleber sind ideal f\u00fcr junge Eltern, die besonderen Wert auf eine unbelastete Umgebung f\u00fcr Ihr Kind legen, dabei jedoch keinesfalls auf gutes Design verzichten m\u00f6chten.<br \/>\nSelbstklebende Deko mit geschmackvollen Farben und Motiven hergestellt im Einklang mit der Umwelt. Sowohl f\u00fcr die Produktherstellung als auch die Verpackung, werden ausschlie\u00dflich \u00f6kologische Materialien verwendet. Es handelt sich bei unseren Produkten nicht um Massenware. Alle Artikel werden in kleinen, exklusiven Auflagen mit viel Liebe und Handarbeit gefertigt.<br \/>\ndie Tattoos halten auf W\u00e4nden , die frei von Silikon, Latex, \u00d6l oder sonstigen Antihaftmitteln sind<br \/>\nPremium Qualit\u00e4t &#8211; made in Germany in kleinen exklusiven Auflagen von uns gefertigt. Bezaubernde Kinderwandtattoos , die sich sowohl f\u00fcr Kinderzimmer, Babyzimmer, Spielzimmer, Klassenr\u00e4ume und Kindergarten eignen. Unsere Wandsticker sind auch eine Ideale Geschenkidee &#8211; Egal ob M\u00e4dchen oder Junge, zur Babyparty, Geburt oder Kindergeburtstag, die Deko Aufkleber sind immer ein tolles Geschenk oder Mitbringsel.<br \/>\n<div class=\"main-cross-sell\" data-asin=\"B08GY8ZVM4\">\n\n\t<div class=\"WooZone-cross-sell-loader\">\n\t\t<div>\n\t\t\t<div id=\"floatingBarsG\">\n\t\t\t\t<div class=\"blockG\" id=\"rotateG_01\"><\/div>\n\t\t\t\t<div class=\"blockG\" id=\"rotateG_02\"><\/div>\n\t\t\t\t<div class=\"blockG\" id=\"rotateG_03\"><\/div>\n\t\t\t\t<div class=\"blockG\" id=\"rotateG_04\"><\/div>\n\t\t\t\t<div class=\"blockG\" id=\"rotateG_05\"><\/div>\n\t\t\t\t<div class=\"blockG\" id=\"rotateG_06\"><\/div>\n\t\t\t\t<div class=\"blockG\" id=\"rotateG_07\"><\/div>\n\t\t\t\t<div class=\"blockG\" id=\"rotateG_08\"><\/div>\n\t\t\t<\/div>\n\t\t\t<div class=\"WooZone-cross-sell-loader-text\"><\/div>\n\t\t<\/div>\n\t<\/div>\n\n\t\t\n<\/div>\n<div style=\"clear:both;\"><\/div><\/p>\n","protected":false},"excerpt":{"rendered":"<p>Kinderzimmer Deko &#8211; Wandsticker fliegende Dschungeltiere: Gr\u00f6\u00dfe der Wandaufkleber: Ballonh\u00f6he je ca. 29 cm<br \/>\nUnsere Kinder Wandaufkleber sind ideal f\u00fcr junge Eltern, die besonderen Wert auf eine unbelastete Umgebung f\u00fcr Ihr Kind legen, dabei jedoch keinesfalls auf gutes Design verzichten m\u00f6chten.<br \/>\nSelbstklebende Deko mit geschmackvollen Farben und Motiven hergestellt im Einklang mit der Umwelt. Sowohl f\u00fcr die Produktherstellung als auch die Verpackung, werden ausschlie\u00dflich \u00f6kologische Materialien verwendet. Es handelt sich bei unseren Produkten nicht um Massenware. Alle Artikel werden in kleinen, exklusiven Auflagen mit viel Liebe und Handarbeit gefertigt.<\/p>\n","protected":false},"featured_media":104880,"comment_status":"open","ping_status":"closed","template":"","meta":[],"product_brand":[],"product_cat":[21,8825],"product_tag":[],"class_list":{"0":"post-104879","1":"product","2":"type-product","3":"status-publish","4":"has-post-thumbnail","6":"product_cat-baby","7":"product_cat-baby-kleinkinderzimmer-baby","8":"pa_brand-greenluup","9":"pa_color-bunt","10":"pa_manufacturer-greenluup","11":"pa_size-1-stueck-1er-pack","13":"first","14":"instock","15":"shipping-taxable","16":"purchasable","17":"product-type-simple","18":"customify-col","19":"product-has-gallery"},"yoast_head":"<!-- This site is optimized with the Yoast SEO plugin v27.4 - https:\/\/yoast.com\/product\/yoast-seo-wordpress\/ -->\n<title>greenluup Wandsticker Kinderzimmer M\u00e4dchen Junge Safari Tiere in Hei\u00dfluftballons Deko Babyzimmer - Markt-XXL<\/title>\n<meta name=\"description\" content=\"Markt-XXL greenluup Wandsticker Kinderzimmer M\u00e4dchen Junge Safari Tiere in Hei\u00dfluftballons Deko Babyzimmer\" \/>\n<meta name=\"robots\" content=\"index, follow, max-snippet:-1, max-image-preview:large, max-video-preview:-1\" \/>\n<link rel=\"canonical\" href=\"https:\/\/marktxxl.de\/markt\/produkt\/wandtattoo-kinderzimmer-von-greenluup-oeko-wandsticker-ballons-heissluftballons-dschungeltiere-loewe-giraffe-elefant-deko-babyzimmer-kleinkind-kinderzimmer-maedchen-jungen\/\" \/>\n<meta property=\"og:locale\" content=\"de_DE\" \/>\n<meta property=\"og:type\" content=\"article\" \/>\n<meta property=\"og:title\" content=\"greenluup Wandsticker Kinderzimmer M\u00e4dchen Junge Safari Tiere in Hei\u00dfluftballons Deko Babyzimmer - Markt-XXL\" \/>\n<meta property=\"og:description\" content=\"Markt-XXL greenluup Wandsticker Kinderzimmer M\u00e4dchen Junge Safari Tiere in Hei\u00dfluftballons Deko Babyzimmer\" \/>\n<meta property=\"og:url\" content=\"https:\/\/marktxxl.de\/markt\/produkt\/wandtattoo-kinderzimmer-von-greenluup-oeko-wandsticker-ballons-heissluftballons-dschungeltiere-loewe-giraffe-elefant-deko-babyzimmer-kleinkind-kinderzimmer-maedchen-jungen\/\" \/>\n<meta property=\"og:site_name\" content=\"Markt-XXL\" \/>\n<meta property=\"article:modified_time\" content=\"2023-04-10T01:29:38+00:00\" \/>\n<meta property=\"og:image\" content=\"https:\/\/m.media-amazon.com\/images\/I\/51K3dEGdJLL._SL500_.jpg\" \/>\n\t<meta property=\"og:image:width\" content=\"500\" \/>\n\t<meta property=\"og:image:height\" content=\"482\" \/>\n\t<meta property=\"og:image:type\" content=\"image\/jpeg\" \/>\n<meta name=\"twitter:card\" content=\"summary_large_image\" \/>\n<meta name=\"twitter:label1\" content=\"Gesch\u00e4tzte Lesezeit\" \/>\n\t<meta name=\"twitter:data1\" content=\"1\u00a0Minute\" \/>\n<script type=\"application\/ld+json\" class=\"yoast-schema-graph\">{\"@context\":\"https:\\\/\\\/schema.org\",\"@graph\":[{\"@type\":\"WebPage\",\"@id\":\"https:\\\/\\\/marktxxl.de\\\/markt\\\/produkt\\\/wandtattoo-kinderzimmer-von-greenluup-oeko-wandsticker-ballons-heissluftballons-dschungeltiere-loewe-giraffe-elefant-deko-babyzimmer-kleinkind-kinderzimmer-maedchen-jungen\\\/\",\"url\":\"https:\\\/\\\/marktxxl.de\\\/markt\\\/produkt\\\/wandtattoo-kinderzimmer-von-greenluup-oeko-wandsticker-ballons-heissluftballons-dschungeltiere-loewe-giraffe-elefant-deko-babyzimmer-kleinkind-kinderzimmer-maedchen-jungen\\\/\",\"name\":\"greenluup Wandsticker Kinderzimmer M\u00e4dchen Junge Safari Tiere in Hei\u00dfluftballons Deko Babyzimmer - Markt-XXL\",\"isPartOf\":{\"@id\":\"https:\\\/\\\/marktxxl.de\\\/markt\\\/#website\"},\"primaryImageOfPage\":{\"@id\":\"https:\\\/\\\/marktxxl.de\\\/markt\\\/produkt\\\/wandtattoo-kinderzimmer-von-greenluup-oeko-wandsticker-ballons-heissluftballons-dschungeltiere-loewe-giraffe-elefant-deko-babyzimmer-kleinkind-kinderzimmer-maedchen-jungen\\\/#primaryimage\"},\"image\":{\"@id\":\"https:\\\/\\\/marktxxl.de\\\/markt\\\/produkt\\\/wandtattoo-kinderzimmer-von-greenluup-oeko-wandsticker-ballons-heissluftballons-dschungeltiere-loewe-giraffe-elefant-deko-babyzimmer-kleinkind-kinderzimmer-maedchen-jungen\\\/#primaryimage\"},\"thumbnailUrl\":\"https:\\\/\\\/m.media-amazon.com\\\/images\\\/I\\\/51K3dEGdJLL._SL500_.jpg\",\"datePublished\":\"2022-02-26T11:26:07+00:00\",\"dateModified\":\"2023-04-10T01:29:38+00:00\",\"description\":\"Markt-XXL greenluup Wandsticker Kinderzimmer M\u00e4dchen Junge Safari Tiere in Hei\u00dfluftballons Deko Babyzimmer\",\"breadcrumb\":{\"@id\":\"https:\\\/\\\/marktxxl.de\\\/markt\\\/produkt\\\/wandtattoo-kinderzimmer-von-greenluup-oeko-wandsticker-ballons-heissluftballons-dschungeltiere-loewe-giraffe-elefant-deko-babyzimmer-kleinkind-kinderzimmer-maedchen-jungen\\\/#breadcrumb\"},\"inLanguage\":\"de\",\"potentialAction\":[{\"@type\":\"ReadAction\",\"target\":[\"https:\\\/\\\/marktxxl.de\\\/markt\\\/produkt\\\/wandtattoo-kinderzimmer-von-greenluup-oeko-wandsticker-ballons-heissluftballons-dschungeltiere-loewe-giraffe-elefant-deko-babyzimmer-kleinkind-kinderzimmer-maedchen-jungen\\\/\"]}]},{\"@type\":\"ImageObject\",\"inLanguage\":\"de\",\"@id\":\"https:\\\/\\\/marktxxl.de\\\/markt\\\/produkt\\\/wandtattoo-kinderzimmer-von-greenluup-oeko-wandsticker-ballons-heissluftballons-dschungeltiere-loewe-giraffe-elefant-deko-babyzimmer-kleinkind-kinderzimmer-maedchen-jungen\\\/#primaryimage\",\"url\":\"https:\\\/\\\/m.media-amazon.com\\\/images\\\/I\\\/51K3dEGdJLL._SL500_.jpg\",\"contentUrl\":\"https:\\\/\\\/m.media-amazon.com\\\/images\\\/I\\\/51K3dEGdJLL._SL500_.jpg\",\"width\":500,\"height\":482},{\"@type\":\"BreadcrumbList\",\"@id\":\"https:\\\/\\\/marktxxl.de\\\/markt\\\/produkt\\\/wandtattoo-kinderzimmer-von-greenluup-oeko-wandsticker-ballons-heissluftballons-dschungeltiere-loewe-giraffe-elefant-deko-babyzimmer-kleinkind-kinderzimmer-maedchen-jungen\\\/#breadcrumb\",\"itemListElement\":[{\"@type\":\"ListItem\",\"position\":1,\"name\":\"Startseite\",\"item\":\"https:\\\/\\\/marktxxl.de\\\/markt\\\/\"},{\"@type\":\"ListItem\",\"position\":2,\"name\":\"Markt\",\"item\":\"https:\\\/\\\/marktxxl.de\\\/markt\\\/\"},{\"@type\":\"ListItem\",\"position\":3,\"name\":\"greenluup Wandsticker Kinderzimmer M\u00e4dchen Junge Safari Tiere in Hei\u00dfluftballons Deko Babyzimmer\"}]},{\"@type\":\"WebSite\",\"@id\":\"https:\\\/\\\/marktxxl.de\\\/markt\\\/#website\",\"url\":\"https:\\\/\\\/marktxxl.de\\\/markt\\\/\",\"name\":\"Markt-XXL\",\"description\":\"Ihr Markt Online\",\"publisher\":{\"@id\":\"https:\\\/\\\/marktxxl.de\\\/markt\\\/#organization\"},\"potentialAction\":[{\"@type\":\"SearchAction\",\"target\":{\"@type\":\"EntryPoint\",\"urlTemplate\":\"https:\\\/\\\/marktxxl.de\\\/markt\\\/?s={search_term_string}\"},\"query-input\":{\"@type\":\"PropertyValueSpecification\",\"valueRequired\":true,\"valueName\":\"search_term_string\"}}],\"inLanguage\":\"de\"},{\"@type\":\"Organization\",\"@id\":\"https:\\\/\\\/marktxxl.de\\\/markt\\\/#organization\",\"name\":\"Markt-XXL\",\"url\":\"https:\\\/\\\/marktxxl.de\\\/markt\\\/\",\"logo\":{\"@type\":\"ImageObject\",\"inLanguage\":\"de\",\"@id\":\"https:\\\/\\\/marktxxl.de\\\/markt\\\/#\\\/schema\\\/logo\\\/image\\\/\",\"url\":\"https:\\\/\\\/marktxxl.de\\\/markt\\\/wp-content\\\/uploads\\\/sites\\\/3\\\/2020\\\/12\\\/logo.png\",\"contentUrl\":\"https:\\\/\\\/marktxxl.de\\\/markt\\\/wp-content\\\/uploads\\\/sites\\\/3\\\/2020\\\/12\\\/logo.png\",\"width\":200,\"height\":70,\"caption\":\"Markt-XXL\"},\"image\":{\"@id\":\"https:\\\/\\\/marktxxl.de\\\/markt\\\/#\\\/schema\\\/logo\\\/image\\\/\"}}]}<\/script>\n<!-- \/ Yoast SEO plugin. -->","yoast_head_json":{"title":"greenluup Wandsticker Kinderzimmer M\u00e4dchen Junge Safari Tiere in Hei\u00dfluftballons Deko Babyzimmer - Markt-XXL","description":"Markt-XXL greenluup Wandsticker Kinderzimmer M\u00e4dchen Junge Safari Tiere in Hei\u00dfluftballons Deko Babyzimmer","robots":{"index":"index","follow":"follow","max-snippet":"max-snippet:-1","max-image-preview":"max-image-preview:large","max-video-preview":"max-video-preview:-1"},"canonical":"https:\/\/marktxxl.de\/markt\/produkt\/wandtattoo-kinderzimmer-von-greenluup-oeko-wandsticker-ballons-heissluftballons-dschungeltiere-loewe-giraffe-elefant-deko-babyzimmer-kleinkind-kinderzimmer-maedchen-jungen\/","og_locale":"de_DE","og_type":"article","og_title":"greenluup Wandsticker Kinderzimmer M\u00e4dchen Junge Safari Tiere in Hei\u00dfluftballons Deko Babyzimmer - Markt-XXL","og_description":"Markt-XXL greenluup Wandsticker Kinderzimmer M\u00e4dchen Junge Safari Tiere in Hei\u00dfluftballons Deko Babyzimmer","og_url":"https:\/\/marktxxl.de\/markt\/produkt\/wandtattoo-kinderzimmer-von-greenluup-oeko-wandsticker-ballons-heissluftballons-dschungeltiere-loewe-giraffe-elefant-deko-babyzimmer-kleinkind-kinderzimmer-maedchen-jungen\/","og_site_name":"Markt-XXL","article_modified_time":"2023-04-10T01:29:38+00:00","og_image":[{"width":500,"height":482,"url":"https:\/\/m.media-amazon.com\/images\/I\/51K3dEGdJLL._SL500_.jpg","type":"image\/jpeg"}],"twitter_card":"summary_large_image","twitter_misc":{"Gesch\u00e4tzte Lesezeit":"1\u00a0Minute"},"schema":{"@context":"https:\/\/schema.org","@graph":[{"@type":"WebPage","@id":"https:\/\/marktxxl.de\/markt\/produkt\/wandtattoo-kinderzimmer-von-greenluup-oeko-wandsticker-ballons-heissluftballons-dschungeltiere-loewe-giraffe-elefant-deko-babyzimmer-kleinkind-kinderzimmer-maedchen-jungen\/","url":"https:\/\/marktxxl.de\/markt\/produkt\/wandtattoo-kinderzimmer-von-greenluup-oeko-wandsticker-ballons-heissluftballons-dschungeltiere-loewe-giraffe-elefant-deko-babyzimmer-kleinkind-kinderzimmer-maedchen-jungen\/","name":"greenluup Wandsticker Kinderzimmer M\u00e4dchen Junge Safari Tiere in Hei\u00dfluftballons Deko Babyzimmer - Markt-XXL","isPartOf":{"@id":"https:\/\/marktxxl.de\/markt\/#website"},"primaryImageOfPage":{"@id":"https:\/\/marktxxl.de\/markt\/produkt\/wandtattoo-kinderzimmer-von-greenluup-oeko-wandsticker-ballons-heissluftballons-dschungeltiere-loewe-giraffe-elefant-deko-babyzimmer-kleinkind-kinderzimmer-maedchen-jungen\/#primaryimage"},"image":{"@id":"https:\/\/marktxxl.de\/markt\/produkt\/wandtattoo-kinderzimmer-von-greenluup-oeko-wandsticker-ballons-heissluftballons-dschungeltiere-loewe-giraffe-elefant-deko-babyzimmer-kleinkind-kinderzimmer-maedchen-jungen\/#primaryimage"},"thumbnailUrl":"https:\/\/m.media-amazon.com\/images\/I\/51K3dEGdJLL._SL500_.jpg","datePublished":"2022-02-26T11:26:07+00:00","dateModified":"2023-04-10T01:29:38+00:00","description":"Markt-XXL greenluup Wandsticker Kinderzimmer M\u00e4dchen Junge Safari Tiere in Hei\u00dfluftballons Deko Babyzimmer","breadcrumb":{"@id":"https:\/\/marktxxl.de\/markt\/produkt\/wandtattoo-kinderzimmer-von-greenluup-oeko-wandsticker-ballons-heissluftballons-dschungeltiere-loewe-giraffe-elefant-deko-babyzimmer-kleinkind-kinderzimmer-maedchen-jungen\/#breadcrumb"},"inLanguage":"de","potentialAction":[{"@type":"ReadAction","target":["https:\/\/marktxxl.de\/markt\/produkt\/wandtattoo-kinderzimmer-von-greenluup-oeko-wandsticker-ballons-heissluftballons-dschungeltiere-loewe-giraffe-elefant-deko-babyzimmer-kleinkind-kinderzimmer-maedchen-jungen\/"]}]},{"@type":"ImageObject","inLanguage":"de","@id":"https:\/\/marktxxl.de\/markt\/produkt\/wandtattoo-kinderzimmer-von-greenluup-oeko-wandsticker-ballons-heissluftballons-dschungeltiere-loewe-giraffe-elefant-deko-babyzimmer-kleinkind-kinderzimmer-maedchen-jungen\/#primaryimage","url":"https:\/\/m.media-amazon.com\/images\/I\/51K3dEGdJLL._SL500_.jpg","contentUrl":"https:\/\/m.media-amazon.com\/images\/I\/51K3dEGdJLL._SL500_.jpg","width":500,"height":482},{"@type":"BreadcrumbList","@id":"https:\/\/marktxxl.de\/markt\/produkt\/wandtattoo-kinderzimmer-von-greenluup-oeko-wandsticker-ballons-heissluftballons-dschungeltiere-loewe-giraffe-elefant-deko-babyzimmer-kleinkind-kinderzimmer-maedchen-jungen\/#breadcrumb","itemListElement":[{"@type":"ListItem","position":1,"name":"Startseite","item":"https:\/\/marktxxl.de\/markt\/"},{"@type":"ListItem","position":2,"name":"Markt","item":"https:\/\/marktxxl.de\/markt\/"},{"@type":"ListItem","position":3,"name":"greenluup Wandsticker Kinderzimmer M\u00e4dchen Junge Safari Tiere in Hei\u00dfluftballons Deko Babyzimmer"}]},{"@type":"WebSite","@id":"https:\/\/marktxxl.de\/markt\/#website","url":"https:\/\/marktxxl.de\/markt\/","name":"Markt-XXL","description":"Ihr Markt Online","publisher":{"@id":"https:\/\/marktxxl.de\/markt\/#organization"},"potentialAction":[{"@type":"SearchAction","target":{"@type":"EntryPoint","urlTemplate":"https:\/\/marktxxl.de\/markt\/?s={search_term_string}"},"query-input":{"@type":"PropertyValueSpecification","valueRequired":true,"valueName":"search_term_string"}}],"inLanguage":"de"},{"@type":"Organization","@id":"https:\/\/marktxxl.de\/markt\/#organization","name":"Markt-XXL","url":"https:\/\/marktxxl.de\/markt\/","logo":{"@type":"ImageObject","inLanguage":"de","@id":"https:\/\/marktxxl.de\/markt\/#\/schema\/logo\/image\/","url":"https:\/\/marktxxl.de\/markt\/wp-content\/uploads\/sites\/3\/2020\/12\/logo.png","contentUrl":"https:\/\/marktxxl.de\/markt\/wp-content\/uploads\/sites\/3\/2020\/12\/logo.png","width":200,"height":70,"caption":"Markt-XXL"},"image":{"@id":"https:\/\/marktxxl.de\/markt\/#\/schema\/logo\/image\/"}}]}},"_links":{"self":[{"href":"https:\/\/marktxxl.de\/markt\/wp-json\/wp\/v2\/product\/104879","targetHints":{"allow":["GET"]}}],"collection":[{"href":"https:\/\/marktxxl.de\/markt\/wp-json\/wp\/v2\/product"}],"about":[{"href":"https:\/\/marktxxl.de\/markt\/wp-json\/wp\/v2\/types\/product"}],"replies":[{"embeddable":true,"href":"https:\/\/marktxxl.de\/markt\/wp-json\/wp\/v2\/comments?post=104879"}],"wp:featuredmedia":[{"embeddable":true,"href":"https:\/\/marktxxl.de\/markt\/wp-json\/wp\/v2\/media\/104880"}],"wp:attachment":[{"href":"https:\/\/marktxxl.de\/markt\/wp-json\/wp\/v2\/media?parent=104879"}],"wp:term":[{"taxonomy":"product_brand","embeddable":true,"href":"https:\/\/marktxxl.de\/markt\/wp-json\/wp\/v2\/product_brand?post=104879"},{"taxonomy":"product_cat","embeddable":true,"href":"https:\/\/marktxxl.de\/markt\/wp-json\/wp\/v2\/product_cat?post=104879"},{"taxonomy":"product_tag","embeddable":true,"href":"https:\/\/marktxxl.de\/markt\/wp-json\/wp\/v2\/product_tag?post=104879"}],"curies":[{"name":"wp","href":"https:\/\/api.w.org\/{rel}","templated":true}]}}