{"id":104871,"date":"2022-02-26T12:26:01","date_gmt":"2022-02-26T11:26:01","guid":{"rendered":"https:\/\/marktxxl.de\/markt\/produkt\/little-ones-pad-pack-n-play-matratzenbezug-fuer-babybett-tragbar-mini-und-faltbare-matratzen-wasserdicht-trocknergeeignet-und-hypoallergen-bequem-und-weich\/"},"modified":"2023-04-10T03:29:38","modified_gmt":"2023-04-10T01:29:38","slug":"little-ones-pad-pack-n-play-matratzenbezug-fuer-babybett-tragbar-mini-und-faltbare-matratzen-wasserdicht-trocknergeeignet-und-hypoallergen-bequem-und-weich","status":"publish","type":"product","link":"https:\/\/marktxxl.de\/markt\/produkt\/little-ones-pad-pack-n-play-matratzenbezug-fuer-babybett-tragbar-mini-und-faltbare-matratzen-wasserdicht-trocknergeeignet-und-hypoallergen-bequem-und-weich\/","title":{"rendered":"Little One&#8217;s Pad Pack N Play Matratzenbezug f\u00fcr Babybett, tragbar, Mini- und faltbare Matratzen \u2013 wasserdicht\u2026"},"content":{"rendered":"<p>Garantiert passgenau! Speziell f\u00fcr die Pack N Play und die Mini-\/tragbare Kinderbett-Matratze. Wenn Sie das Graco Pack N Play, die Dream on Me (7,6 cm und 12,7 cm Tiefe), eine faltbare Matratze oder eine andere tragbare \/ Mini-Kinderbettmatratze haben, ist dieser Matratzenbezug perfekt f\u00fcr Ihr Kinderbett.<br \/>\nH\u00f6chste Qualit\u00e4t auf dem Markt. Die meisten Matratzenbez\u00fcge verwenden d\u00fcnne F\u00e4den, ungesch\u00fctzte wasserdichte Futter und billige Materialien, die dazu f\u00fchren, dass sie schlecht sitzen, schrumpfen, im Trockner schmelzen und nach nur wenigen W\u00e4schen rei\u00dfen. Wir verwenden starke, verst\u00e4rkte F\u00e4den, gesch\u00fctztes wasserdichtes Futter und erstklassige Fasern, um diesen Bezug zu einem weichen, aber langlebigen Matratzenbezug f\u00fcr Kinderbetten zu machen, der den Jagdjahren standh\u00e4lt und nicht einl\u00e4uft.<br \/>\nSehr saugf\u00e4hig, bakterienbest\u00e4ndig, geruchlos, hypoallergen und maschinenwaschbar. Perfekt f\u00fcr die empfindliche Haut Ihres Babys, die weiche, gesteppte Pfirsich-Mikrofaser-Oberseite absorbiert Fl\u00fcssigkeiten fast sofort und das vollst\u00e4ndig wasserdichte Futter sch\u00fctzt Ihre teure Matratze. (keine Risse oder Auslaufen auch nach 300 + Wasch-\/Trockenzyklen).<br \/>\nBesonders weich, leise, gem\u00fctlich und bequem. Unser tragbarer\/Mini-Matratzenbezug sch\u00fctzt Ihre Matratze und macht die Reinigung zum Kinderspiel, aber nicht auf Kosten des Babys. Durch die sorgf\u00e4ltig ausbalancierte Polsterung (nicht zu viel, nicht zu wendig) bietet dieser Bezug genau die richtige Menge an Unterst\u00fctzung f\u00fcr Ihr Baby, um einen erholsamen, beruhigenden Schlaf in vollem Komfort zu haben. Dar\u00fcber hinaus macht die Abdeckung keine knisternden Ger\u00e4usche und es bricht nicht auf!<br \/>\nQualit\u00e4t, auf die Sie vertrauen k\u00f6nnen, durch unsere lebenslange Garantie \u2013 Ersatz oder Geld-zur\u00fcck-Garantie, keine Fragen. Mit unserem erstklassigen Kundenservice und lebenslanger Garantie ist dies die bei weitem beste Investition, die Sie jemals f\u00fcr Ihr Kind t\u00e4tigen werden.<br \/>\n<div class=\"main-cross-sell\" data-asin=\"B015HGAJXO\">\n\n\t<div class=\"WooZone-cross-sell-loader\">\n\t\t<div>\n\t\t\t<div id=\"floatingBarsG\">\n\t\t\t\t<div class=\"blockG\" id=\"rotateG_01\"><\/div>\n\t\t\t\t<div class=\"blockG\" id=\"rotateG_02\"><\/div>\n\t\t\t\t<div class=\"blockG\" id=\"rotateG_03\"><\/div>\n\t\t\t\t<div class=\"blockG\" id=\"rotateG_04\"><\/div>\n\t\t\t\t<div class=\"blockG\" id=\"rotateG_05\"><\/div>\n\t\t\t\t<div class=\"blockG\" id=\"rotateG_06\"><\/div>\n\t\t\t\t<div class=\"blockG\" id=\"rotateG_07\"><\/div>\n\t\t\t\t<div class=\"blockG\" id=\"rotateG_08\"><\/div>\n\t\t\t<\/div>\n\t\t\t<div class=\"WooZone-cross-sell-loader-text\"><\/div>\n\t\t<\/div>\n\t<\/div>\n\n\t\t\n<\/div>\n<div style=\"clear:both;\"><\/div><\/p>\n","protected":false},"excerpt":{"rendered":"<p>Garantiert passgenau! Speziell f\u00fcr die Pack N Play und die Mini-\/tragbare Kinderbett-Matratze. Wenn Sie das Graco Pack N Play, die Dream on Me (7,6 cm und 12,7 cm Tiefe), eine faltbare Matratze oder eine andere tragbare \/ Mini-Kinderbettmatratze haben, ist dieser Matratzenbezug perfekt f\u00fcr Ihr Kinderbett.<br \/>\nH\u00f6chste Qualit\u00e4t auf dem Markt. Die meisten Matratzenbez\u00fcge verwenden d\u00fcnne F\u00e4den, ungesch\u00fctzte wasserdichte Futter und billige Materialien, die dazu f\u00fchren, dass sie schlecht sitzen, schrumpfen, im Trockner schmelzen und nach nur wenigen W\u00e4schen rei\u00dfen. Wir verwenden starke, verst\u00e4rkte F\u00e4den, gesch\u00fctztes wasserdichtes Futter und erstklassige Fasern, um diesen Bezug zu einem weichen, aber langlebigen Matratzenbezug f\u00fcr Kinderbetten zu machen, der den Jagdjahren standh\u00e4lt und nicht einl\u00e4uft.<br \/>\nSehr saugf\u00e4hig, bakterienbest\u00e4ndig, geruchlos, hypoallergen und maschinenwaschbar. Perfekt f\u00fcr die empfindliche Haut Ihres Babys, die weiche, gesteppte Pfirsich-Mikrofaser-Oberseite absorbiert Fl\u00fcssigkeiten fast sofort und das vollst\u00e4ndig wasserdichte Futter sch\u00fctzt Ihre teure Matratze. (keine Risse oder Auslaufen auch nach 300 + Wasch-\/Trockenzyklen).<\/p>\n","protected":false},"featured_media":104872,"comment_status":"open","ping_status":"closed","template":"","meta":[],"product_brand":[],"product_cat":[21,8825],"product_tag":[],"class_list":{"0":"post-104871","1":"product","2":"type-product","3":"status-publish","4":"has-post-thumbnail","6":"product_cat-baby","7":"product_cat-baby-kleinkinderzimmer-baby","8":"pa_binding-babyartikel","9":"pa_brand-little-ones-pad","10":"pa_height-5-zoll","11":"pa_length-39-zoll","12":"pa_manufacturer-little-ones-pad","13":"pa_model-pnp-50b","14":"pa_weight-0-625-pfund","15":"pa_width-27-zoll","17":"first","18":"instock","19":"shipping-taxable","20":"purchasable","21":"product-type-simple","22":"customify-col","23":"product-has-gallery"},"yoast_head":"<!-- This site is optimized with the Yoast SEO plugin v27.4 - https:\/\/yoast.com\/product\/yoast-seo-wordpress\/ -->\n<title>Little One&#039;s Pad Pack N Play Matratzenbezug f\u00fcr Babybett, tragbar, Mini- und faltbare Matratzen \u2013 wasserdicht\u2026 - Markt-XXL<\/title>\n<meta name=\"description\" content=\"Markt-XXL Little One&#039;s Pad Pack N Play Matratzenbezug f\u00fcr Babybett, tragbar, Mini- und faltbare Matratzen \u2013 wasserdicht\u2026\" \/>\n<meta name=\"robots\" content=\"index, follow, max-snippet:-1, max-image-preview:large, max-video-preview:-1\" \/>\n<link rel=\"canonical\" href=\"https:\/\/marktxxl.de\/markt\/produkt\/little-ones-pad-pack-n-play-matratzenbezug-fuer-babybett-tragbar-mini-und-faltbare-matratzen-wasserdicht-trocknergeeignet-und-hypoallergen-bequem-und-weich\/\" \/>\n<meta property=\"og:locale\" content=\"de_DE\" \/>\n<meta property=\"og:type\" content=\"article\" \/>\n<meta property=\"og:title\" content=\"Little One&#039;s Pad Pack N Play Matratzenbezug f\u00fcr Babybett, tragbar, Mini- und faltbare Matratzen \u2013 wasserdicht\u2026 - Markt-XXL\" \/>\n<meta property=\"og:description\" content=\"Markt-XXL Little One&#039;s Pad Pack N Play Matratzenbezug f\u00fcr Babybett, tragbar, Mini- und faltbare Matratzen \u2013 wasserdicht\u2026\" \/>\n<meta property=\"og:url\" content=\"https:\/\/marktxxl.de\/markt\/produkt\/little-ones-pad-pack-n-play-matratzenbezug-fuer-babybett-tragbar-mini-und-faltbare-matratzen-wasserdicht-trocknergeeignet-und-hypoallergen-bequem-und-weich\/\" \/>\n<meta property=\"og:site_name\" content=\"Markt-XXL\" \/>\n<meta property=\"article:modified_time\" content=\"2023-04-10T01:29:38+00:00\" \/>\n<meta property=\"og:image\" content=\"https:\/\/m.media-amazon.com\/images\/I\/41+RYooBONL._SL500_.jpg\" \/>\n\t<meta property=\"og:image:width\" content=\"500\" \/>\n\t<meta property=\"og:image:height\" content=\"347\" \/>\n\t<meta property=\"og:image:type\" content=\"image\/jpeg\" \/>\n<meta name=\"twitter:card\" content=\"summary_large_image\" \/>\n<meta name=\"twitter:label1\" content=\"Gesch\u00e4tzte Lesezeit\" \/>\n\t<meta name=\"twitter:data1\" content=\"1\u00a0Minute\" \/>\n<script type=\"application\/ld+json\" class=\"yoast-schema-graph\">{\"@context\":\"https:\\\/\\\/schema.org\",\"@graph\":[{\"@type\":\"WebPage\",\"@id\":\"https:\\\/\\\/marktxxl.de\\\/markt\\\/produkt\\\/little-ones-pad-pack-n-play-matratzenbezug-fuer-babybett-tragbar-mini-und-faltbare-matratzen-wasserdicht-trocknergeeignet-und-hypoallergen-bequem-und-weich\\\/\",\"url\":\"https:\\\/\\\/marktxxl.de\\\/markt\\\/produkt\\\/little-ones-pad-pack-n-play-matratzenbezug-fuer-babybett-tragbar-mini-und-faltbare-matratzen-wasserdicht-trocknergeeignet-und-hypoallergen-bequem-und-weich\\\/\",\"name\":\"Little One's Pad Pack N Play Matratzenbezug f\u00fcr Babybett, tragbar, Mini- und faltbare Matratzen \u2013 wasserdicht\u2026 - Markt-XXL\",\"isPartOf\":{\"@id\":\"https:\\\/\\\/marktxxl.de\\\/markt\\\/#website\"},\"primaryImageOfPage\":{\"@id\":\"https:\\\/\\\/marktxxl.de\\\/markt\\\/produkt\\\/little-ones-pad-pack-n-play-matratzenbezug-fuer-babybett-tragbar-mini-und-faltbare-matratzen-wasserdicht-trocknergeeignet-und-hypoallergen-bequem-und-weich\\\/#primaryimage\"},\"image\":{\"@id\":\"https:\\\/\\\/marktxxl.de\\\/markt\\\/produkt\\\/little-ones-pad-pack-n-play-matratzenbezug-fuer-babybett-tragbar-mini-und-faltbare-matratzen-wasserdicht-trocknergeeignet-und-hypoallergen-bequem-und-weich\\\/#primaryimage\"},\"thumbnailUrl\":\"https:\\\/\\\/m.media-amazon.com\\\/images\\\/I\\\/41+RYooBONL._SL500_.jpg\",\"datePublished\":\"2022-02-26T11:26:01+00:00\",\"dateModified\":\"2023-04-10T01:29:38+00:00\",\"description\":\"Markt-XXL Little One's Pad Pack N Play Matratzenbezug f\u00fcr Babybett, tragbar, Mini- und faltbare Matratzen \u2013 wasserdicht\u2026\",\"breadcrumb\":{\"@id\":\"https:\\\/\\\/marktxxl.de\\\/markt\\\/produkt\\\/little-ones-pad-pack-n-play-matratzenbezug-fuer-babybett-tragbar-mini-und-faltbare-matratzen-wasserdicht-trocknergeeignet-und-hypoallergen-bequem-und-weich\\\/#breadcrumb\"},\"inLanguage\":\"de\",\"potentialAction\":[{\"@type\":\"ReadAction\",\"target\":[\"https:\\\/\\\/marktxxl.de\\\/markt\\\/produkt\\\/little-ones-pad-pack-n-play-matratzenbezug-fuer-babybett-tragbar-mini-und-faltbare-matratzen-wasserdicht-trocknergeeignet-und-hypoallergen-bequem-und-weich\\\/\"]}]},{\"@type\":\"ImageObject\",\"inLanguage\":\"de\",\"@id\":\"https:\\\/\\\/marktxxl.de\\\/markt\\\/produkt\\\/little-ones-pad-pack-n-play-matratzenbezug-fuer-babybett-tragbar-mini-und-faltbare-matratzen-wasserdicht-trocknergeeignet-und-hypoallergen-bequem-und-weich\\\/#primaryimage\",\"url\":\"https:\\\/\\\/m.media-amazon.com\\\/images\\\/I\\\/41+RYooBONL._SL500_.jpg\",\"contentUrl\":\"https:\\\/\\\/m.media-amazon.com\\\/images\\\/I\\\/41+RYooBONL._SL500_.jpg\",\"width\":500,\"height\":347},{\"@type\":\"BreadcrumbList\",\"@id\":\"https:\\\/\\\/marktxxl.de\\\/markt\\\/produkt\\\/little-ones-pad-pack-n-play-matratzenbezug-fuer-babybett-tragbar-mini-und-faltbare-matratzen-wasserdicht-trocknergeeignet-und-hypoallergen-bequem-und-weich\\\/#breadcrumb\",\"itemListElement\":[{\"@type\":\"ListItem\",\"position\":1,\"name\":\"Startseite\",\"item\":\"https:\\\/\\\/marktxxl.de\\\/markt\\\/\"},{\"@type\":\"ListItem\",\"position\":2,\"name\":\"Markt\",\"item\":\"https:\\\/\\\/marktxxl.de\\\/markt\\\/\"},{\"@type\":\"ListItem\",\"position\":3,\"name\":\"Little One&#8217;s Pad Pack N Play Matratzenbezug f\u00fcr Babybett, tragbar, Mini- und faltbare Matratzen \u2013 wasserdicht\u2026\"}]},{\"@type\":\"WebSite\",\"@id\":\"https:\\\/\\\/marktxxl.de\\\/markt\\\/#website\",\"url\":\"https:\\\/\\\/marktxxl.de\\\/markt\\\/\",\"name\":\"Markt-XXL\",\"description\":\"Ihr Markt Online\",\"publisher\":{\"@id\":\"https:\\\/\\\/marktxxl.de\\\/markt\\\/#organization\"},\"potentialAction\":[{\"@type\":\"SearchAction\",\"target\":{\"@type\":\"EntryPoint\",\"urlTemplate\":\"https:\\\/\\\/marktxxl.de\\\/markt\\\/?s={search_term_string}\"},\"query-input\":{\"@type\":\"PropertyValueSpecification\",\"valueRequired\":true,\"valueName\":\"search_term_string\"}}],\"inLanguage\":\"de\"},{\"@type\":\"Organization\",\"@id\":\"https:\\\/\\\/marktxxl.de\\\/markt\\\/#organization\",\"name\":\"Markt-XXL\",\"url\":\"https:\\\/\\\/marktxxl.de\\\/markt\\\/\",\"logo\":{\"@type\":\"ImageObject\",\"inLanguage\":\"de\",\"@id\":\"https:\\\/\\\/marktxxl.de\\\/markt\\\/#\\\/schema\\\/logo\\\/image\\\/\",\"url\":\"https:\\\/\\\/marktxxl.de\\\/markt\\\/wp-content\\\/uploads\\\/sites\\\/3\\\/2020\\\/12\\\/logo.png\",\"contentUrl\":\"https:\\\/\\\/marktxxl.de\\\/markt\\\/wp-content\\\/uploads\\\/sites\\\/3\\\/2020\\\/12\\\/logo.png\",\"width\":200,\"height\":70,\"caption\":\"Markt-XXL\"},\"image\":{\"@id\":\"https:\\\/\\\/marktxxl.de\\\/markt\\\/#\\\/schema\\\/logo\\\/image\\\/\"}}]}<\/script>\n<!-- \/ Yoast SEO plugin. -->","yoast_head_json":{"title":"Little One's Pad Pack N Play Matratzenbezug f\u00fcr Babybett, tragbar, Mini- und faltbare Matratzen \u2013 wasserdicht\u2026 - Markt-XXL","description":"Markt-XXL Little One's Pad Pack N Play Matratzenbezug f\u00fcr Babybett, tragbar, Mini- und faltbare Matratzen \u2013 wasserdicht\u2026","robots":{"index":"index","follow":"follow","max-snippet":"max-snippet:-1","max-image-preview":"max-image-preview:large","max-video-preview":"max-video-preview:-1"},"canonical":"https:\/\/marktxxl.de\/markt\/produkt\/little-ones-pad-pack-n-play-matratzenbezug-fuer-babybett-tragbar-mini-und-faltbare-matratzen-wasserdicht-trocknergeeignet-und-hypoallergen-bequem-und-weich\/","og_locale":"de_DE","og_type":"article","og_title":"Little One's Pad Pack N Play Matratzenbezug f\u00fcr Babybett, tragbar, Mini- und faltbare Matratzen \u2013 wasserdicht\u2026 - Markt-XXL","og_description":"Markt-XXL Little One's Pad Pack N Play Matratzenbezug f\u00fcr Babybett, tragbar, Mini- und faltbare Matratzen \u2013 wasserdicht\u2026","og_url":"https:\/\/marktxxl.de\/markt\/produkt\/little-ones-pad-pack-n-play-matratzenbezug-fuer-babybett-tragbar-mini-und-faltbare-matratzen-wasserdicht-trocknergeeignet-und-hypoallergen-bequem-und-weich\/","og_site_name":"Markt-XXL","article_modified_time":"2023-04-10T01:29:38+00:00","og_image":[{"width":500,"height":347,"url":"https:\/\/m.media-amazon.com\/images\/I\/41+RYooBONL._SL500_.jpg","type":"image\/jpeg"}],"twitter_card":"summary_large_image","twitter_misc":{"Gesch\u00e4tzte Lesezeit":"1\u00a0Minute"},"schema":{"@context":"https:\/\/schema.org","@graph":[{"@type":"WebPage","@id":"https:\/\/marktxxl.de\/markt\/produkt\/little-ones-pad-pack-n-play-matratzenbezug-fuer-babybett-tragbar-mini-und-faltbare-matratzen-wasserdicht-trocknergeeignet-und-hypoallergen-bequem-und-weich\/","url":"https:\/\/marktxxl.de\/markt\/produkt\/little-ones-pad-pack-n-play-matratzenbezug-fuer-babybett-tragbar-mini-und-faltbare-matratzen-wasserdicht-trocknergeeignet-und-hypoallergen-bequem-und-weich\/","name":"Little One's Pad Pack N Play Matratzenbezug f\u00fcr Babybett, tragbar, Mini- und faltbare Matratzen \u2013 wasserdicht\u2026 - Markt-XXL","isPartOf":{"@id":"https:\/\/marktxxl.de\/markt\/#website"},"primaryImageOfPage":{"@id":"https:\/\/marktxxl.de\/markt\/produkt\/little-ones-pad-pack-n-play-matratzenbezug-fuer-babybett-tragbar-mini-und-faltbare-matratzen-wasserdicht-trocknergeeignet-und-hypoallergen-bequem-und-weich\/#primaryimage"},"image":{"@id":"https:\/\/marktxxl.de\/markt\/produkt\/little-ones-pad-pack-n-play-matratzenbezug-fuer-babybett-tragbar-mini-und-faltbare-matratzen-wasserdicht-trocknergeeignet-und-hypoallergen-bequem-und-weich\/#primaryimage"},"thumbnailUrl":"https:\/\/m.media-amazon.com\/images\/I\/41+RYooBONL._SL500_.jpg","datePublished":"2022-02-26T11:26:01+00:00","dateModified":"2023-04-10T01:29:38+00:00","description":"Markt-XXL Little One's Pad Pack N Play Matratzenbezug f\u00fcr Babybett, tragbar, Mini- und faltbare Matratzen \u2013 wasserdicht\u2026","breadcrumb":{"@id":"https:\/\/marktxxl.de\/markt\/produkt\/little-ones-pad-pack-n-play-matratzenbezug-fuer-babybett-tragbar-mini-und-faltbare-matratzen-wasserdicht-trocknergeeignet-und-hypoallergen-bequem-und-weich\/#breadcrumb"},"inLanguage":"de","potentialAction":[{"@type":"ReadAction","target":["https:\/\/marktxxl.de\/markt\/produkt\/little-ones-pad-pack-n-play-matratzenbezug-fuer-babybett-tragbar-mini-und-faltbare-matratzen-wasserdicht-trocknergeeignet-und-hypoallergen-bequem-und-weich\/"]}]},{"@type":"ImageObject","inLanguage":"de","@id":"https:\/\/marktxxl.de\/markt\/produkt\/little-ones-pad-pack-n-play-matratzenbezug-fuer-babybett-tragbar-mini-und-faltbare-matratzen-wasserdicht-trocknergeeignet-und-hypoallergen-bequem-und-weich\/#primaryimage","url":"https:\/\/m.media-amazon.com\/images\/I\/41+RYooBONL._SL500_.jpg","contentUrl":"https:\/\/m.media-amazon.com\/images\/I\/41+RYooBONL._SL500_.jpg","width":500,"height":347},{"@type":"BreadcrumbList","@id":"https:\/\/marktxxl.de\/markt\/produkt\/little-ones-pad-pack-n-play-matratzenbezug-fuer-babybett-tragbar-mini-und-faltbare-matratzen-wasserdicht-trocknergeeignet-und-hypoallergen-bequem-und-weich\/#breadcrumb","itemListElement":[{"@type":"ListItem","position":1,"name":"Startseite","item":"https:\/\/marktxxl.de\/markt\/"},{"@type":"ListItem","position":2,"name":"Markt","item":"https:\/\/marktxxl.de\/markt\/"},{"@type":"ListItem","position":3,"name":"Little One&#8217;s Pad Pack N Play Matratzenbezug f\u00fcr Babybett, tragbar, Mini- und faltbare Matratzen \u2013 wasserdicht\u2026"}]},{"@type":"WebSite","@id":"https:\/\/marktxxl.de\/markt\/#website","url":"https:\/\/marktxxl.de\/markt\/","name":"Markt-XXL","description":"Ihr Markt Online","publisher":{"@id":"https:\/\/marktxxl.de\/markt\/#organization"},"potentialAction":[{"@type":"SearchAction","target":{"@type":"EntryPoint","urlTemplate":"https:\/\/marktxxl.de\/markt\/?s={search_term_string}"},"query-input":{"@type":"PropertyValueSpecification","valueRequired":true,"valueName":"search_term_string"}}],"inLanguage":"de"},{"@type":"Organization","@id":"https:\/\/marktxxl.de\/markt\/#organization","name":"Markt-XXL","url":"https:\/\/marktxxl.de\/markt\/","logo":{"@type":"ImageObject","inLanguage":"de","@id":"https:\/\/marktxxl.de\/markt\/#\/schema\/logo\/image\/","url":"https:\/\/marktxxl.de\/markt\/wp-content\/uploads\/sites\/3\/2020\/12\/logo.png","contentUrl":"https:\/\/marktxxl.de\/markt\/wp-content\/uploads\/sites\/3\/2020\/12\/logo.png","width":200,"height":70,"caption":"Markt-XXL"},"image":{"@id":"https:\/\/marktxxl.de\/markt\/#\/schema\/logo\/image\/"}}]}},"_links":{"self":[{"href":"https:\/\/marktxxl.de\/markt\/wp-json\/wp\/v2\/product\/104871","targetHints":{"allow":["GET"]}}],"collection":[{"href":"https:\/\/marktxxl.de\/markt\/wp-json\/wp\/v2\/product"}],"about":[{"href":"https:\/\/marktxxl.de\/markt\/wp-json\/wp\/v2\/types\/product"}],"replies":[{"embeddable":true,"href":"https:\/\/marktxxl.de\/markt\/wp-json\/wp\/v2\/comments?post=104871"}],"wp:featuredmedia":[{"embeddable":true,"href":"https:\/\/marktxxl.de\/markt\/wp-json\/wp\/v2\/media\/104872"}],"wp:attachment":[{"href":"https:\/\/marktxxl.de\/markt\/wp-json\/wp\/v2\/media?parent=104871"}],"wp:term":[{"taxonomy":"product_brand","embeddable":true,"href":"https:\/\/marktxxl.de\/markt\/wp-json\/wp\/v2\/product_brand?post=104871"},{"taxonomy":"product_cat","embeddable":true,"href":"https:\/\/marktxxl.de\/markt\/wp-json\/wp\/v2\/product_cat?post=104871"},{"taxonomy":"product_tag","embeddable":true,"href":"https:\/\/marktxxl.de\/markt\/wp-json\/wp\/v2\/product_tag?post=104871"}],"curies":[{"name":"wp","href":"https:\/\/api.w.org\/{rel}","templated":true}]}}