{"id":104837,"date":"2022-02-26T12:25:36","date_gmt":"2022-02-26T11:25:36","guid":{"rendered":"https:\/\/marktxxl.de\/markt\/produkt\/6-farben-babykleiderbuegel-set36-stueck-kleiderbuegel-kunststoffbaby-kinderkleiderbuegel-hangers-mit-hosenstaender-rutschfeste-kleiderbuegel-fuer-babys-und-kleinkinder\/"},"modified":"2023-04-10T03:29:37","modified_gmt":"2023-04-10T01:29:37","slug":"6-farben-babykleiderbuegel-set36-stueck-kleiderbuegel-kunststoffbaby-kinderkleiderbuegel-hangers-mit-hosenstaender-rutschfeste-kleiderbuegel-fuer-babys-und-kleinkinder","status":"publish","type":"product","link":"https:\/\/marktxxl.de\/markt\/produkt\/6-farben-babykleiderbuegel-set36-stueck-kleiderbuegel-kunststoffbaby-kinderkleiderbuegel-hangers-mit-hosenstaender-rutschfeste-kleiderbuegel-fuer-babys-und-kleinkinder\/","title":{"rendered":"6 Farben Babykleiderb\u00fcgel Set,36 St\u00fcck Kleiderb\u00fcgel Kunststoff,Baby Kinderkleiderb\u00fcgel Hangers mit Hosenst\u00e4nder\u2026"},"content":{"rendered":"<p>Kleiderb\u00fcgel f\u00fcr Jungen und M\u00e4dchen Sie m\u00f6chten Ihrem kleinen Schatz zeigen, wie man Kleidung richtig aufh\u00e4ngt? Dann ist dieses Farbige Kleiderb\u00fcgel-Set genau das Richtige. ab 0 Monaten.<br \/>\nMaterial: Kunststoff; kindergerechte Ma\u00dfe: 36 x B\u00fcgel: je ca. 30 x 22 x 0,7 cm; Durch das Material Verdickungs Upgrade kann der Kleiderb\u00fcgel Sie l\u00e4nger begleiten und eignet sich auch f\u00fcr Winterm\u00e4ntel.<br \/>\nSuper kosteng\u00fcnstiges Set mit 36 6 Farben gemischt, 6 St\u00fcck pro Farbe, leuchtende Farben von S\u00fc\u00dfigkeiten, Blau \/ Rosa \/ Hellgr\u00fcn \/ Grau \/ Beige \/ Wei\u00df, kr\u00e4ftige Farben f\u00fcr Babygarderoben.<br \/>\nDas ultra d\u00fcnne Design schafft mehr Platz in Ihrem Kleiderschrank und die zus\u00e4tzliche Hosenstange macht diesen B\u00fcgel zu einem wahren Multitalent. Mit diesem praktischen Zubeh\u00f6r sind Ihre Hosen.<br \/>\nMit dem Set schaffen Sie Ordnung und sorgen f\u00fcr ein einheitliches, harmonisches Gesamtbild im Schrank oder an der Garderobe. Ausschlie\u00dflich die abgebildeten Kleiderb\u00fcgel sind im Lieferumfang enthalten!<br \/>\n<div class=\"main-cross-sell\" data-asin=\"B08QCP6TKH\">\n\n\t<div class=\"WooZone-cross-sell-loader\">\n\t\t<div>\n\t\t\t<div id=\"floatingBarsG\">\n\t\t\t\t<div class=\"blockG\" id=\"rotateG_01\"><\/div>\n\t\t\t\t<div class=\"blockG\" id=\"rotateG_02\"><\/div>\n\t\t\t\t<div class=\"blockG\" id=\"rotateG_03\"><\/div>\n\t\t\t\t<div class=\"blockG\" id=\"rotateG_04\"><\/div>\n\t\t\t\t<div class=\"blockG\" id=\"rotateG_05\"><\/div>\n\t\t\t\t<div class=\"blockG\" id=\"rotateG_06\"><\/div>\n\t\t\t\t<div class=\"blockG\" id=\"rotateG_07\"><\/div>\n\t\t\t\t<div class=\"blockG\" id=\"rotateG_08\"><\/div>\n\t\t\t<\/div>\n\t\t\t<div class=\"WooZone-cross-sell-loader-text\"><\/div>\n\t\t<\/div>\n\t<\/div>\n\n\t\t\n<\/div>\n<div style=\"clear:both;\"><\/div><\/p>\n","protected":false},"excerpt":{"rendered":"<p>Kleiderb\u00fcgel f\u00fcr Jungen und M\u00e4dchen Sie m\u00f6chten Ihrem kleinen Schatz zeigen, wie man Kleidung richtig aufh\u00e4ngt? Dann ist dieses Farbige Kleiderb\u00fcgel-Set genau das Richtige. ab 0 Monaten.<br \/>\nMaterial: Kunststoff; kindergerechte Ma\u00dfe: 36 x B\u00fcgel: je ca. 30 x 22 x 0,7 cm; Durch das Material Verdickungs Upgrade kann der Kleiderb\u00fcgel Sie l\u00e4nger begleiten und eignet sich auch f\u00fcr Winterm\u00e4ntel.<br \/>\nSuper kosteng\u00fcnstiges Set mit 36 6 Farben gemischt, 6 St\u00fcck pro Farbe, leuchtende Farben von S\u00fc\u00dfigkeiten, Blau \/ Rosa \/ Hellgr\u00fcn \/ Grau \/ Beige \/ Wei\u00df, kr\u00e4ftige Farben f\u00fcr Babygarderoben.<\/p>\n","protected":false},"featured_media":104838,"comment_status":"open","ping_status":"closed","template":"","meta":[],"product_brand":[],"product_cat":[21,8825],"product_tag":[],"class_list":{"0":"post-104837","1":"product","2":"type-product","3":"status-publish","4":"has-post-thumbnail","6":"product_cat-baby","7":"product_cat-baby-kleinkinderzimmer-baby","8":"pa_brand-sweelov","9":"pa_manufacturer-sweelov","10":"pa_size-18-stueck-2er-pack","12":"first","13":"instock","14":"shipping-taxable","15":"purchasable","16":"product-type-simple","17":"customify-col","18":"product-has-gallery"},"yoast_head":"<!-- This site is optimized with the Yoast SEO plugin v27.4 - https:\/\/yoast.com\/product\/yoast-seo-wordpress\/ -->\n<title>6 Farben Babykleiderb\u00fcgel Set,36 St\u00fcck Kleiderb\u00fcgel Kunststoff,Baby Kinderkleiderb\u00fcgel Hangers mit Hosenst\u00e4nder\u2026 - Markt-XXL<\/title>\n<meta name=\"description\" content=\"Markt-XXL 6 Farben Babykleiderb\u00fcgel Set,36 St\u00fcck Kleiderb\u00fcgel Kunststoff,Baby Kinderkleiderb\u00fcgel Hangers mit Hosenst\u00e4nder\u2026\" \/>\n<meta name=\"robots\" content=\"index, follow, max-snippet:-1, max-image-preview:large, max-video-preview:-1\" \/>\n<link rel=\"canonical\" href=\"https:\/\/marktxxl.de\/markt\/produkt\/6-farben-babykleiderbuegel-set36-stueck-kleiderbuegel-kunststoffbaby-kinderkleiderbuegel-hangers-mit-hosenstaender-rutschfeste-kleiderbuegel-fuer-babys-und-kleinkinder\/\" \/>\n<meta property=\"og:locale\" content=\"de_DE\" \/>\n<meta property=\"og:type\" content=\"article\" \/>\n<meta property=\"og:title\" content=\"6 Farben Babykleiderb\u00fcgel Set,36 St\u00fcck Kleiderb\u00fcgel Kunststoff,Baby Kinderkleiderb\u00fcgel Hangers mit Hosenst\u00e4nder\u2026 - Markt-XXL\" \/>\n<meta property=\"og:description\" content=\"Markt-XXL 6 Farben Babykleiderb\u00fcgel Set,36 St\u00fcck Kleiderb\u00fcgel Kunststoff,Baby Kinderkleiderb\u00fcgel Hangers mit Hosenst\u00e4nder\u2026\" \/>\n<meta property=\"og:url\" content=\"https:\/\/marktxxl.de\/markt\/produkt\/6-farben-babykleiderbuegel-set36-stueck-kleiderbuegel-kunststoffbaby-kinderkleiderbuegel-hangers-mit-hosenstaender-rutschfeste-kleiderbuegel-fuer-babys-und-kleinkinder\/\" \/>\n<meta property=\"og:site_name\" content=\"Markt-XXL\" \/>\n<meta property=\"article:modified_time\" content=\"2023-04-10T01:29:37+00:00\" \/>\n<meta property=\"og:image\" content=\"https:\/\/m.media-amazon.com\/images\/I\/41mCDTVXMAL._SL500_.jpg\" \/>\n\t<meta property=\"og:image:width\" content=\"500\" \/>\n\t<meta property=\"og:image:height\" content=\"471\" \/>\n\t<meta property=\"og:image:type\" content=\"image\/jpeg\" \/>\n<meta name=\"twitter:card\" content=\"summary_large_image\" \/>\n<meta name=\"twitter:label1\" content=\"Gesch\u00e4tzte Lesezeit\" \/>\n\t<meta name=\"twitter:data1\" content=\"1\u00a0Minute\" \/>\n<script type=\"application\/ld+json\" class=\"yoast-schema-graph\">{\"@context\":\"https:\\\/\\\/schema.org\",\"@graph\":[{\"@type\":\"WebPage\",\"@id\":\"https:\\\/\\\/marktxxl.de\\\/markt\\\/produkt\\\/6-farben-babykleiderbuegel-set36-stueck-kleiderbuegel-kunststoffbaby-kinderkleiderbuegel-hangers-mit-hosenstaender-rutschfeste-kleiderbuegel-fuer-babys-und-kleinkinder\\\/\",\"url\":\"https:\\\/\\\/marktxxl.de\\\/markt\\\/produkt\\\/6-farben-babykleiderbuegel-set36-stueck-kleiderbuegel-kunststoffbaby-kinderkleiderbuegel-hangers-mit-hosenstaender-rutschfeste-kleiderbuegel-fuer-babys-und-kleinkinder\\\/\",\"name\":\"6 Farben Babykleiderb\u00fcgel Set,36 St\u00fcck Kleiderb\u00fcgel Kunststoff,Baby Kinderkleiderb\u00fcgel Hangers mit Hosenst\u00e4nder\u2026 - Markt-XXL\",\"isPartOf\":{\"@id\":\"https:\\\/\\\/marktxxl.de\\\/markt\\\/#website\"},\"primaryImageOfPage\":{\"@id\":\"https:\\\/\\\/marktxxl.de\\\/markt\\\/produkt\\\/6-farben-babykleiderbuegel-set36-stueck-kleiderbuegel-kunststoffbaby-kinderkleiderbuegel-hangers-mit-hosenstaender-rutschfeste-kleiderbuegel-fuer-babys-und-kleinkinder\\\/#primaryimage\"},\"image\":{\"@id\":\"https:\\\/\\\/marktxxl.de\\\/markt\\\/produkt\\\/6-farben-babykleiderbuegel-set36-stueck-kleiderbuegel-kunststoffbaby-kinderkleiderbuegel-hangers-mit-hosenstaender-rutschfeste-kleiderbuegel-fuer-babys-und-kleinkinder\\\/#primaryimage\"},\"thumbnailUrl\":\"https:\\\/\\\/m.media-amazon.com\\\/images\\\/I\\\/41mCDTVXMAL._SL500_.jpg\",\"datePublished\":\"2022-02-26T11:25:36+00:00\",\"dateModified\":\"2023-04-10T01:29:37+00:00\",\"description\":\"Markt-XXL 6 Farben Babykleiderb\u00fcgel Set,36 St\u00fcck Kleiderb\u00fcgel Kunststoff,Baby Kinderkleiderb\u00fcgel Hangers mit Hosenst\u00e4nder\u2026\",\"breadcrumb\":{\"@id\":\"https:\\\/\\\/marktxxl.de\\\/markt\\\/produkt\\\/6-farben-babykleiderbuegel-set36-stueck-kleiderbuegel-kunststoffbaby-kinderkleiderbuegel-hangers-mit-hosenstaender-rutschfeste-kleiderbuegel-fuer-babys-und-kleinkinder\\\/#breadcrumb\"},\"inLanguage\":\"de\",\"potentialAction\":[{\"@type\":\"ReadAction\",\"target\":[\"https:\\\/\\\/marktxxl.de\\\/markt\\\/produkt\\\/6-farben-babykleiderbuegel-set36-stueck-kleiderbuegel-kunststoffbaby-kinderkleiderbuegel-hangers-mit-hosenstaender-rutschfeste-kleiderbuegel-fuer-babys-und-kleinkinder\\\/\"]}]},{\"@type\":\"ImageObject\",\"inLanguage\":\"de\",\"@id\":\"https:\\\/\\\/marktxxl.de\\\/markt\\\/produkt\\\/6-farben-babykleiderbuegel-set36-stueck-kleiderbuegel-kunststoffbaby-kinderkleiderbuegel-hangers-mit-hosenstaender-rutschfeste-kleiderbuegel-fuer-babys-und-kleinkinder\\\/#primaryimage\",\"url\":\"https:\\\/\\\/m.media-amazon.com\\\/images\\\/I\\\/41mCDTVXMAL._SL500_.jpg\",\"contentUrl\":\"https:\\\/\\\/m.media-amazon.com\\\/images\\\/I\\\/41mCDTVXMAL._SL500_.jpg\",\"width\":500,\"height\":471},{\"@type\":\"BreadcrumbList\",\"@id\":\"https:\\\/\\\/marktxxl.de\\\/markt\\\/produkt\\\/6-farben-babykleiderbuegel-set36-stueck-kleiderbuegel-kunststoffbaby-kinderkleiderbuegel-hangers-mit-hosenstaender-rutschfeste-kleiderbuegel-fuer-babys-und-kleinkinder\\\/#breadcrumb\",\"itemListElement\":[{\"@type\":\"ListItem\",\"position\":1,\"name\":\"Startseite\",\"item\":\"https:\\\/\\\/marktxxl.de\\\/markt\\\/\"},{\"@type\":\"ListItem\",\"position\":2,\"name\":\"Markt\",\"item\":\"https:\\\/\\\/marktxxl.de\\\/markt\\\/\"},{\"@type\":\"ListItem\",\"position\":3,\"name\":\"6 Farben Babykleiderb\u00fcgel Set,36 St\u00fcck Kleiderb\u00fcgel Kunststoff,Baby Kinderkleiderb\u00fcgel Hangers mit Hosenst\u00e4nder\u2026\"}]},{\"@type\":\"WebSite\",\"@id\":\"https:\\\/\\\/marktxxl.de\\\/markt\\\/#website\",\"url\":\"https:\\\/\\\/marktxxl.de\\\/markt\\\/\",\"name\":\"Markt-XXL\",\"description\":\"Ihr Markt Online\",\"publisher\":{\"@id\":\"https:\\\/\\\/marktxxl.de\\\/markt\\\/#organization\"},\"potentialAction\":[{\"@type\":\"SearchAction\",\"target\":{\"@type\":\"EntryPoint\",\"urlTemplate\":\"https:\\\/\\\/marktxxl.de\\\/markt\\\/?s={search_term_string}\"},\"query-input\":{\"@type\":\"PropertyValueSpecification\",\"valueRequired\":true,\"valueName\":\"search_term_string\"}}],\"inLanguage\":\"de\"},{\"@type\":\"Organization\",\"@id\":\"https:\\\/\\\/marktxxl.de\\\/markt\\\/#organization\",\"name\":\"Markt-XXL\",\"url\":\"https:\\\/\\\/marktxxl.de\\\/markt\\\/\",\"logo\":{\"@type\":\"ImageObject\",\"inLanguage\":\"de\",\"@id\":\"https:\\\/\\\/marktxxl.de\\\/markt\\\/#\\\/schema\\\/logo\\\/image\\\/\",\"url\":\"https:\\\/\\\/marktxxl.de\\\/markt\\\/wp-content\\\/uploads\\\/sites\\\/3\\\/2020\\\/12\\\/logo.png\",\"contentUrl\":\"https:\\\/\\\/marktxxl.de\\\/markt\\\/wp-content\\\/uploads\\\/sites\\\/3\\\/2020\\\/12\\\/logo.png\",\"width\":200,\"height\":70,\"caption\":\"Markt-XXL\"},\"image\":{\"@id\":\"https:\\\/\\\/marktxxl.de\\\/markt\\\/#\\\/schema\\\/logo\\\/image\\\/\"}}]}<\/script>\n<!-- \/ Yoast SEO plugin. -->","yoast_head_json":{"title":"6 Farben Babykleiderb\u00fcgel Set,36 St\u00fcck Kleiderb\u00fcgel Kunststoff,Baby Kinderkleiderb\u00fcgel Hangers mit Hosenst\u00e4nder\u2026 - Markt-XXL","description":"Markt-XXL 6 Farben Babykleiderb\u00fcgel Set,36 St\u00fcck Kleiderb\u00fcgel Kunststoff,Baby Kinderkleiderb\u00fcgel Hangers mit Hosenst\u00e4nder\u2026","robots":{"index":"index","follow":"follow","max-snippet":"max-snippet:-1","max-image-preview":"max-image-preview:large","max-video-preview":"max-video-preview:-1"},"canonical":"https:\/\/marktxxl.de\/markt\/produkt\/6-farben-babykleiderbuegel-set36-stueck-kleiderbuegel-kunststoffbaby-kinderkleiderbuegel-hangers-mit-hosenstaender-rutschfeste-kleiderbuegel-fuer-babys-und-kleinkinder\/","og_locale":"de_DE","og_type":"article","og_title":"6 Farben Babykleiderb\u00fcgel Set,36 St\u00fcck Kleiderb\u00fcgel Kunststoff,Baby Kinderkleiderb\u00fcgel Hangers mit Hosenst\u00e4nder\u2026 - Markt-XXL","og_description":"Markt-XXL 6 Farben Babykleiderb\u00fcgel Set,36 St\u00fcck Kleiderb\u00fcgel Kunststoff,Baby Kinderkleiderb\u00fcgel Hangers mit Hosenst\u00e4nder\u2026","og_url":"https:\/\/marktxxl.de\/markt\/produkt\/6-farben-babykleiderbuegel-set36-stueck-kleiderbuegel-kunststoffbaby-kinderkleiderbuegel-hangers-mit-hosenstaender-rutschfeste-kleiderbuegel-fuer-babys-und-kleinkinder\/","og_site_name":"Markt-XXL","article_modified_time":"2023-04-10T01:29:37+00:00","og_image":[{"width":500,"height":471,"url":"https:\/\/m.media-amazon.com\/images\/I\/41mCDTVXMAL._SL500_.jpg","type":"image\/jpeg"}],"twitter_card":"summary_large_image","twitter_misc":{"Gesch\u00e4tzte Lesezeit":"1\u00a0Minute"},"schema":{"@context":"https:\/\/schema.org","@graph":[{"@type":"WebPage","@id":"https:\/\/marktxxl.de\/markt\/produkt\/6-farben-babykleiderbuegel-set36-stueck-kleiderbuegel-kunststoffbaby-kinderkleiderbuegel-hangers-mit-hosenstaender-rutschfeste-kleiderbuegel-fuer-babys-und-kleinkinder\/","url":"https:\/\/marktxxl.de\/markt\/produkt\/6-farben-babykleiderbuegel-set36-stueck-kleiderbuegel-kunststoffbaby-kinderkleiderbuegel-hangers-mit-hosenstaender-rutschfeste-kleiderbuegel-fuer-babys-und-kleinkinder\/","name":"6 Farben Babykleiderb\u00fcgel Set,36 St\u00fcck Kleiderb\u00fcgel Kunststoff,Baby Kinderkleiderb\u00fcgel Hangers mit Hosenst\u00e4nder\u2026 - Markt-XXL","isPartOf":{"@id":"https:\/\/marktxxl.de\/markt\/#website"},"primaryImageOfPage":{"@id":"https:\/\/marktxxl.de\/markt\/produkt\/6-farben-babykleiderbuegel-set36-stueck-kleiderbuegel-kunststoffbaby-kinderkleiderbuegel-hangers-mit-hosenstaender-rutschfeste-kleiderbuegel-fuer-babys-und-kleinkinder\/#primaryimage"},"image":{"@id":"https:\/\/marktxxl.de\/markt\/produkt\/6-farben-babykleiderbuegel-set36-stueck-kleiderbuegel-kunststoffbaby-kinderkleiderbuegel-hangers-mit-hosenstaender-rutschfeste-kleiderbuegel-fuer-babys-und-kleinkinder\/#primaryimage"},"thumbnailUrl":"https:\/\/m.media-amazon.com\/images\/I\/41mCDTVXMAL._SL500_.jpg","datePublished":"2022-02-26T11:25:36+00:00","dateModified":"2023-04-10T01:29:37+00:00","description":"Markt-XXL 6 Farben Babykleiderb\u00fcgel Set,36 St\u00fcck Kleiderb\u00fcgel Kunststoff,Baby Kinderkleiderb\u00fcgel Hangers mit Hosenst\u00e4nder\u2026","breadcrumb":{"@id":"https:\/\/marktxxl.de\/markt\/produkt\/6-farben-babykleiderbuegel-set36-stueck-kleiderbuegel-kunststoffbaby-kinderkleiderbuegel-hangers-mit-hosenstaender-rutschfeste-kleiderbuegel-fuer-babys-und-kleinkinder\/#breadcrumb"},"inLanguage":"de","potentialAction":[{"@type":"ReadAction","target":["https:\/\/marktxxl.de\/markt\/produkt\/6-farben-babykleiderbuegel-set36-stueck-kleiderbuegel-kunststoffbaby-kinderkleiderbuegel-hangers-mit-hosenstaender-rutschfeste-kleiderbuegel-fuer-babys-und-kleinkinder\/"]}]},{"@type":"ImageObject","inLanguage":"de","@id":"https:\/\/marktxxl.de\/markt\/produkt\/6-farben-babykleiderbuegel-set36-stueck-kleiderbuegel-kunststoffbaby-kinderkleiderbuegel-hangers-mit-hosenstaender-rutschfeste-kleiderbuegel-fuer-babys-und-kleinkinder\/#primaryimage","url":"https:\/\/m.media-amazon.com\/images\/I\/41mCDTVXMAL._SL500_.jpg","contentUrl":"https:\/\/m.media-amazon.com\/images\/I\/41mCDTVXMAL._SL500_.jpg","width":500,"height":471},{"@type":"BreadcrumbList","@id":"https:\/\/marktxxl.de\/markt\/produkt\/6-farben-babykleiderbuegel-set36-stueck-kleiderbuegel-kunststoffbaby-kinderkleiderbuegel-hangers-mit-hosenstaender-rutschfeste-kleiderbuegel-fuer-babys-und-kleinkinder\/#breadcrumb","itemListElement":[{"@type":"ListItem","position":1,"name":"Startseite","item":"https:\/\/marktxxl.de\/markt\/"},{"@type":"ListItem","position":2,"name":"Markt","item":"https:\/\/marktxxl.de\/markt\/"},{"@type":"ListItem","position":3,"name":"6 Farben Babykleiderb\u00fcgel Set,36 St\u00fcck Kleiderb\u00fcgel Kunststoff,Baby Kinderkleiderb\u00fcgel Hangers mit Hosenst\u00e4nder\u2026"}]},{"@type":"WebSite","@id":"https:\/\/marktxxl.de\/markt\/#website","url":"https:\/\/marktxxl.de\/markt\/","name":"Markt-XXL","description":"Ihr Markt Online","publisher":{"@id":"https:\/\/marktxxl.de\/markt\/#organization"},"potentialAction":[{"@type":"SearchAction","target":{"@type":"EntryPoint","urlTemplate":"https:\/\/marktxxl.de\/markt\/?s={search_term_string}"},"query-input":{"@type":"PropertyValueSpecification","valueRequired":true,"valueName":"search_term_string"}}],"inLanguage":"de"},{"@type":"Organization","@id":"https:\/\/marktxxl.de\/markt\/#organization","name":"Markt-XXL","url":"https:\/\/marktxxl.de\/markt\/","logo":{"@type":"ImageObject","inLanguage":"de","@id":"https:\/\/marktxxl.de\/markt\/#\/schema\/logo\/image\/","url":"https:\/\/marktxxl.de\/markt\/wp-content\/uploads\/sites\/3\/2020\/12\/logo.png","contentUrl":"https:\/\/marktxxl.de\/markt\/wp-content\/uploads\/sites\/3\/2020\/12\/logo.png","width":200,"height":70,"caption":"Markt-XXL"},"image":{"@id":"https:\/\/marktxxl.de\/markt\/#\/schema\/logo\/image\/"}}]}},"_links":{"self":[{"href":"https:\/\/marktxxl.de\/markt\/wp-json\/wp\/v2\/product\/104837","targetHints":{"allow":["GET"]}}],"collection":[{"href":"https:\/\/marktxxl.de\/markt\/wp-json\/wp\/v2\/product"}],"about":[{"href":"https:\/\/marktxxl.de\/markt\/wp-json\/wp\/v2\/types\/product"}],"replies":[{"embeddable":true,"href":"https:\/\/marktxxl.de\/markt\/wp-json\/wp\/v2\/comments?post=104837"}],"wp:featuredmedia":[{"embeddable":true,"href":"https:\/\/marktxxl.de\/markt\/wp-json\/wp\/v2\/media\/104838"}],"wp:attachment":[{"href":"https:\/\/marktxxl.de\/markt\/wp-json\/wp\/v2\/media?parent=104837"}],"wp:term":[{"taxonomy":"product_brand","embeddable":true,"href":"https:\/\/marktxxl.de\/markt\/wp-json\/wp\/v2\/product_brand?post=104837"},{"taxonomy":"product_cat","embeddable":true,"href":"https:\/\/marktxxl.de\/markt\/wp-json\/wp\/v2\/product_cat?post=104837"},{"taxonomy":"product_tag","embeddable":true,"href":"https:\/\/marktxxl.de\/markt\/wp-json\/wp\/v2\/product_tag?post=104837"}],"curies":[{"name":"wp","href":"https:\/\/api.w.org\/{rel}","templated":true}]}}