{"id":104721,"date":"2022-02-20T03:15:15","date_gmt":"2022-02-20T02:15:15","guid":{"rendered":"https:\/\/marktxxl.de\/markt\/produkt\/babyschuhe-maedchen-jungen-kleinkind-schuhe-pu-leder-harte-sohle-walking-sneakers-baby-gummisohlen-neugeborene-cartoon-anfaenger-walkingschuhe-0-bis-18-monate\/"},"modified":"2023-04-10T03:29:35","modified_gmt":"2023-04-10T01:29:35","slug":"babyschuhe-maedchen-jungen-kleinkind-schuhe-pu-leder-harte-sohle-walking-sneakers-baby-gummisohlen-neugeborene-cartoon-anfaenger-walkingschuhe-0-bis-18-monate","status":"publish","type":"product","link":"https:\/\/marktxxl.de\/markt\/produkt\/babyschuhe-maedchen-jungen-kleinkind-schuhe-pu-leder-harte-sohle-walking-sneakers-baby-gummisohlen-neugeborene-cartoon-anfaenger-walkingschuhe-0-bis-18-monate\/","title":{"rendered":"Babyschuhe M\u00e4dchen Jungen Kleinkind Schuhe PU Leder Harte Sohle Walking Sneakers Baby Gummisohlen Neugeborene Cartoon\u2026"},"content":{"rendered":"<p>\u3010Sicherheit und Komfort\u3011Unsere Baby-Kleinkindschuhe haben Sicherheitstests bestanden. Sie k\u00f6nnen das Fersenbein stabilisieren und den Kn\u00f6chel sch\u00fctzen und haben eine starke Anti-Rutsch-Sicherheit. So sind sie f\u00fcr Babys geeignet, die gerade laufen lernen.<br \/>\nGeschenke: rutschfeste Socken und Kniesch\u00fctzer. Sie k\u00f6nnen vermeiden, die Rollrate des Babys zu erh\u00f6hen und die Verletzung durch Rollen zu reduzieren. Die einzigartigen Socken k\u00f6nnen auch M\u00fcckenstiche verhindern und eine weitere Schutzschicht bieten.<br \/>\nWeich und rutschfest: Die weiche Sandale Einlegesohle kann das Baby besser den Boden ber\u00fchren. Es ist rutschfest, leicht und atmungsaktiv. Die Sohlen sind gut verarbeitet, so dass sich das Baby jedes Mal nat\u00fcrlich f\u00fchlen kann, wenn es l\u00e4uft.<br \/>\nNiedliches Cartoon-Design: Niedliche Cartoon-Baby-Kleinkind-Schuhe sind seit jeher beliebt bei Kindern. Sie k\u00f6nnen es als Baby-Geburtstag\/Halloween\/Weihnachten\/Neujahr\/Feiertagsgeschenk oder Ihres Freundes w\u00e4hlen. Kinder, die dieses Geschenk erhalten, werden sehr gl\u00fccklich sein. Und kann zu vielen verschiedenen Looks passen.<br \/>\nGarantie: 100% Zufriedenheitsgarantie. Es gibt kein Problem mit Verkaufsr\u00fccksendungen, und es ist bedingungslos innerhalb von 30 Tagen zul\u00e4ssig. Wenn Sie aus irgendeinem Grund nicht zufrieden sind, senden Sie uns bitte umgehend eine E-Mail. Wir werden Ihnen innerhalb von 24 Stunden antworten und Ihnen die zufriedenstellendste L\u00f6sung bieten. Schlie\u00dflich w\u00fcnsche ich Ihnen einen sch\u00f6nen Einkauf.<br \/>\n<div class=\"main-cross-sell\" data-asin=\"B099H8982P\">\n\n\t<div class=\"WooZone-cross-sell-loader\">\n\t\t<div>\n\t\t\t<div id=\"floatingBarsG\">\n\t\t\t\t<div class=\"blockG\" id=\"rotateG_01\"><\/div>\n\t\t\t\t<div class=\"blockG\" id=\"rotateG_02\"><\/div>\n\t\t\t\t<div class=\"blockG\" id=\"rotateG_03\"><\/div>\n\t\t\t\t<div class=\"blockG\" id=\"rotateG_04\"><\/div>\n\t\t\t\t<div class=\"blockG\" id=\"rotateG_05\"><\/div>\n\t\t\t\t<div class=\"blockG\" id=\"rotateG_06\"><\/div>\n\t\t\t\t<div class=\"blockG\" id=\"rotateG_07\"><\/div>\n\t\t\t\t<div class=\"blockG\" id=\"rotateG_08\"><\/div>\n\t\t\t<\/div>\n\t\t\t<div class=\"WooZone-cross-sell-loader-text\"><\/div>\n\t\t<\/div>\n\t<\/div>\n\n\t\t\n<\/div>\n<div style=\"clear:both;\"><\/div><\/p>\n","protected":false},"excerpt":{"rendered":"<p>\u3010Sicherheit und Komfort\u3011Unsere Baby-Kleinkindschuhe haben Sicherheitstests bestanden. Sie k\u00f6nnen das Fersenbein stabilisieren und den Kn\u00f6chel sch\u00fctzen und haben eine starke Anti-Rutsch-Sicherheit. So sind sie f\u00fcr Babys geeignet, die gerade laufen lernen.<br \/>\nGeschenke: rutschfeste Socken und Kniesch\u00fctzer. Sie k\u00f6nnen vermeiden, die Rollrate des Babys zu erh\u00f6hen und die Verletzung durch Rollen zu reduzieren. Die einzigartigen Socken k\u00f6nnen auch M\u00fcckenstiche verhindern und eine weitere Schutzschicht bieten.<br \/>\nWeich und rutschfest: Die weiche Sandale Einlegesohle kann das Baby besser den Boden ber\u00fchren. Es ist rutschfest, leicht und atmungsaktiv. Die Sohlen sind gut verarbeitet, so dass sich das Baby jedes Mal nat\u00fcrlich f\u00fchlen kann, wenn es l\u00e4uft.<\/p>\n","protected":false},"featured_media":104722,"comment_status":"open","ping_status":"closed","template":"","meta":[],"product_brand":[],"product_cat":[21,9036],"product_tag":[],"class_list":{"0":"post-104721","1":"product","2":"type-product","3":"status-publish","4":"has-post-thumbnail","6":"product_cat-baby","7":"product_cat-babyschuhe-baby","8":"pa_binding-textilien","9":"pa_brand-m-mkbnxgyr","10":"pa_height-2-1653543285-zoll","11":"pa_length-4-724409444-zoll","12":"pa_manufacturer-m-mkbnxgyr","13":"pa_width-2-1653543285-zoll","15":"first","16":"instock","17":"shipping-taxable","18":"purchasable","19":"product-type-simple","20":"customify-col","21":"product-has-gallery"},"yoast_head":"<!-- This site is optimized with the Yoast SEO plugin v27.4 - https:\/\/yoast.com\/product\/yoast-seo-wordpress\/ -->\n<title>Babyschuhe M\u00e4dchen Jungen Kleinkind Schuhe PU Leder Harte Sohle Walking Sneakers Baby Gummisohlen Neugeborene Cartoon\u2026 - Markt-XXL<\/title>\n<meta name=\"description\" content=\"Markt-XXL Babyschuhe M\u00e4dchen Jungen Kleinkind Schuhe PU Leder Harte Sohle Walking Sneakers Baby Gummisohlen Neugeborene Cartoon\u2026\" \/>\n<meta name=\"robots\" content=\"index, follow, max-snippet:-1, max-image-preview:large, max-video-preview:-1\" \/>\n<link rel=\"canonical\" href=\"https:\/\/marktxxl.de\/markt\/produkt\/babyschuhe-maedchen-jungen-kleinkind-schuhe-pu-leder-harte-sohle-walking-sneakers-baby-gummisohlen-neugeborene-cartoon-anfaenger-walkingschuhe-0-bis-18-monate\/\" \/>\n<meta property=\"og:locale\" content=\"de_DE\" \/>\n<meta property=\"og:type\" content=\"article\" \/>\n<meta property=\"og:title\" content=\"Babyschuhe M\u00e4dchen Jungen Kleinkind Schuhe PU Leder Harte Sohle Walking Sneakers Baby Gummisohlen Neugeborene Cartoon\u2026 - Markt-XXL\" \/>\n<meta property=\"og:description\" content=\"Markt-XXL Babyschuhe M\u00e4dchen Jungen Kleinkind Schuhe PU Leder Harte Sohle Walking Sneakers Baby Gummisohlen Neugeborene Cartoon\u2026\" \/>\n<meta property=\"og:url\" content=\"https:\/\/marktxxl.de\/markt\/produkt\/babyschuhe-maedchen-jungen-kleinkind-schuhe-pu-leder-harte-sohle-walking-sneakers-baby-gummisohlen-neugeborene-cartoon-anfaenger-walkingschuhe-0-bis-18-monate\/\" \/>\n<meta property=\"og:site_name\" content=\"Markt-XXL\" \/>\n<meta property=\"article:modified_time\" content=\"2023-04-10T01:29:35+00:00\" \/>\n<meta property=\"og:image\" content=\"https:\/\/m.media-amazon.com\/images\/I\/414SFbZ5-bS._SL500_.jpg\" \/>\n\t<meta property=\"og:image:width\" content=\"500\" \/>\n\t<meta property=\"og:image:height\" content=\"500\" \/>\n\t<meta property=\"og:image:type\" content=\"image\/jpeg\" \/>\n<meta name=\"twitter:card\" content=\"summary_large_image\" \/>\n<meta name=\"twitter:label1\" content=\"Gesch\u00e4tzte Lesezeit\" \/>\n\t<meta name=\"twitter:data1\" content=\"1\u00a0Minute\" \/>\n<script type=\"application\/ld+json\" class=\"yoast-schema-graph\">{\"@context\":\"https:\\\/\\\/schema.org\",\"@graph\":[{\"@type\":\"WebPage\",\"@id\":\"https:\\\/\\\/marktxxl.de\\\/markt\\\/produkt\\\/babyschuhe-maedchen-jungen-kleinkind-schuhe-pu-leder-harte-sohle-walking-sneakers-baby-gummisohlen-neugeborene-cartoon-anfaenger-walkingschuhe-0-bis-18-monate\\\/\",\"url\":\"https:\\\/\\\/marktxxl.de\\\/markt\\\/produkt\\\/babyschuhe-maedchen-jungen-kleinkind-schuhe-pu-leder-harte-sohle-walking-sneakers-baby-gummisohlen-neugeborene-cartoon-anfaenger-walkingschuhe-0-bis-18-monate\\\/\",\"name\":\"Babyschuhe M\u00e4dchen Jungen Kleinkind Schuhe PU Leder Harte Sohle Walking Sneakers Baby Gummisohlen Neugeborene Cartoon\u2026 - Markt-XXL\",\"isPartOf\":{\"@id\":\"https:\\\/\\\/marktxxl.de\\\/markt\\\/#website\"},\"primaryImageOfPage\":{\"@id\":\"https:\\\/\\\/marktxxl.de\\\/markt\\\/produkt\\\/babyschuhe-maedchen-jungen-kleinkind-schuhe-pu-leder-harte-sohle-walking-sneakers-baby-gummisohlen-neugeborene-cartoon-anfaenger-walkingschuhe-0-bis-18-monate\\\/#primaryimage\"},\"image\":{\"@id\":\"https:\\\/\\\/marktxxl.de\\\/markt\\\/produkt\\\/babyschuhe-maedchen-jungen-kleinkind-schuhe-pu-leder-harte-sohle-walking-sneakers-baby-gummisohlen-neugeborene-cartoon-anfaenger-walkingschuhe-0-bis-18-monate\\\/#primaryimage\"},\"thumbnailUrl\":\"https:\\\/\\\/m.media-amazon.com\\\/images\\\/I\\\/414SFbZ5-bS._SL500_.jpg\",\"datePublished\":\"2022-02-20T02:15:15+00:00\",\"dateModified\":\"2023-04-10T01:29:35+00:00\",\"description\":\"Markt-XXL Babyschuhe M\u00e4dchen Jungen Kleinkind Schuhe PU Leder Harte Sohle Walking Sneakers Baby Gummisohlen Neugeborene Cartoon\u2026\",\"breadcrumb\":{\"@id\":\"https:\\\/\\\/marktxxl.de\\\/markt\\\/produkt\\\/babyschuhe-maedchen-jungen-kleinkind-schuhe-pu-leder-harte-sohle-walking-sneakers-baby-gummisohlen-neugeborene-cartoon-anfaenger-walkingschuhe-0-bis-18-monate\\\/#breadcrumb\"},\"inLanguage\":\"de\",\"potentialAction\":[{\"@type\":\"ReadAction\",\"target\":[\"https:\\\/\\\/marktxxl.de\\\/markt\\\/produkt\\\/babyschuhe-maedchen-jungen-kleinkind-schuhe-pu-leder-harte-sohle-walking-sneakers-baby-gummisohlen-neugeborene-cartoon-anfaenger-walkingschuhe-0-bis-18-monate\\\/\"]}]},{\"@type\":\"ImageObject\",\"inLanguage\":\"de\",\"@id\":\"https:\\\/\\\/marktxxl.de\\\/markt\\\/produkt\\\/babyschuhe-maedchen-jungen-kleinkind-schuhe-pu-leder-harte-sohle-walking-sneakers-baby-gummisohlen-neugeborene-cartoon-anfaenger-walkingschuhe-0-bis-18-monate\\\/#primaryimage\",\"url\":\"https:\\\/\\\/m.media-amazon.com\\\/images\\\/I\\\/414SFbZ5-bS._SL500_.jpg\",\"contentUrl\":\"https:\\\/\\\/m.media-amazon.com\\\/images\\\/I\\\/414SFbZ5-bS._SL500_.jpg\",\"width\":500,\"height\":500},{\"@type\":\"BreadcrumbList\",\"@id\":\"https:\\\/\\\/marktxxl.de\\\/markt\\\/produkt\\\/babyschuhe-maedchen-jungen-kleinkind-schuhe-pu-leder-harte-sohle-walking-sneakers-baby-gummisohlen-neugeborene-cartoon-anfaenger-walkingschuhe-0-bis-18-monate\\\/#breadcrumb\",\"itemListElement\":[{\"@type\":\"ListItem\",\"position\":1,\"name\":\"Startseite\",\"item\":\"https:\\\/\\\/marktxxl.de\\\/markt\\\/\"},{\"@type\":\"ListItem\",\"position\":2,\"name\":\"Markt\",\"item\":\"https:\\\/\\\/marktxxl.de\\\/markt\\\/\"},{\"@type\":\"ListItem\",\"position\":3,\"name\":\"Babyschuhe M\u00e4dchen Jungen Kleinkind Schuhe PU Leder Harte Sohle Walking Sneakers Baby Gummisohlen Neugeborene Cartoon\u2026\"}]},{\"@type\":\"WebSite\",\"@id\":\"https:\\\/\\\/marktxxl.de\\\/markt\\\/#website\",\"url\":\"https:\\\/\\\/marktxxl.de\\\/markt\\\/\",\"name\":\"Markt-XXL\",\"description\":\"Ihr Markt Online\",\"publisher\":{\"@id\":\"https:\\\/\\\/marktxxl.de\\\/markt\\\/#organization\"},\"potentialAction\":[{\"@type\":\"SearchAction\",\"target\":{\"@type\":\"EntryPoint\",\"urlTemplate\":\"https:\\\/\\\/marktxxl.de\\\/markt\\\/?s={search_term_string}\"},\"query-input\":{\"@type\":\"PropertyValueSpecification\",\"valueRequired\":true,\"valueName\":\"search_term_string\"}}],\"inLanguage\":\"de\"},{\"@type\":\"Organization\",\"@id\":\"https:\\\/\\\/marktxxl.de\\\/markt\\\/#organization\",\"name\":\"Markt-XXL\",\"url\":\"https:\\\/\\\/marktxxl.de\\\/markt\\\/\",\"logo\":{\"@type\":\"ImageObject\",\"inLanguage\":\"de\",\"@id\":\"https:\\\/\\\/marktxxl.de\\\/markt\\\/#\\\/schema\\\/logo\\\/image\\\/\",\"url\":\"https:\\\/\\\/marktxxl.de\\\/markt\\\/wp-content\\\/uploads\\\/sites\\\/3\\\/2020\\\/12\\\/logo.png\",\"contentUrl\":\"https:\\\/\\\/marktxxl.de\\\/markt\\\/wp-content\\\/uploads\\\/sites\\\/3\\\/2020\\\/12\\\/logo.png\",\"width\":200,\"height\":70,\"caption\":\"Markt-XXL\"},\"image\":{\"@id\":\"https:\\\/\\\/marktxxl.de\\\/markt\\\/#\\\/schema\\\/logo\\\/image\\\/\"}}]}<\/script>\n<!-- \/ Yoast SEO plugin. -->","yoast_head_json":{"title":"Babyschuhe M\u00e4dchen Jungen Kleinkind Schuhe PU Leder Harte Sohle Walking Sneakers Baby Gummisohlen Neugeborene Cartoon\u2026 - Markt-XXL","description":"Markt-XXL Babyschuhe M\u00e4dchen Jungen Kleinkind Schuhe PU Leder Harte Sohle Walking Sneakers Baby Gummisohlen Neugeborene Cartoon\u2026","robots":{"index":"index","follow":"follow","max-snippet":"max-snippet:-1","max-image-preview":"max-image-preview:large","max-video-preview":"max-video-preview:-1"},"canonical":"https:\/\/marktxxl.de\/markt\/produkt\/babyschuhe-maedchen-jungen-kleinkind-schuhe-pu-leder-harte-sohle-walking-sneakers-baby-gummisohlen-neugeborene-cartoon-anfaenger-walkingschuhe-0-bis-18-monate\/","og_locale":"de_DE","og_type":"article","og_title":"Babyschuhe M\u00e4dchen Jungen Kleinkind Schuhe PU Leder Harte Sohle Walking Sneakers Baby Gummisohlen Neugeborene Cartoon\u2026 - Markt-XXL","og_description":"Markt-XXL Babyschuhe M\u00e4dchen Jungen Kleinkind Schuhe PU Leder Harte Sohle Walking Sneakers Baby Gummisohlen Neugeborene Cartoon\u2026","og_url":"https:\/\/marktxxl.de\/markt\/produkt\/babyschuhe-maedchen-jungen-kleinkind-schuhe-pu-leder-harte-sohle-walking-sneakers-baby-gummisohlen-neugeborene-cartoon-anfaenger-walkingschuhe-0-bis-18-monate\/","og_site_name":"Markt-XXL","article_modified_time":"2023-04-10T01:29:35+00:00","og_image":[{"width":500,"height":500,"url":"https:\/\/m.media-amazon.com\/images\/I\/414SFbZ5-bS._SL500_.jpg","type":"image\/jpeg"}],"twitter_card":"summary_large_image","twitter_misc":{"Gesch\u00e4tzte Lesezeit":"1\u00a0Minute"},"schema":{"@context":"https:\/\/schema.org","@graph":[{"@type":"WebPage","@id":"https:\/\/marktxxl.de\/markt\/produkt\/babyschuhe-maedchen-jungen-kleinkind-schuhe-pu-leder-harte-sohle-walking-sneakers-baby-gummisohlen-neugeborene-cartoon-anfaenger-walkingschuhe-0-bis-18-monate\/","url":"https:\/\/marktxxl.de\/markt\/produkt\/babyschuhe-maedchen-jungen-kleinkind-schuhe-pu-leder-harte-sohle-walking-sneakers-baby-gummisohlen-neugeborene-cartoon-anfaenger-walkingschuhe-0-bis-18-monate\/","name":"Babyschuhe M\u00e4dchen Jungen Kleinkind Schuhe PU Leder Harte Sohle Walking Sneakers Baby Gummisohlen Neugeborene Cartoon\u2026 - Markt-XXL","isPartOf":{"@id":"https:\/\/marktxxl.de\/markt\/#website"},"primaryImageOfPage":{"@id":"https:\/\/marktxxl.de\/markt\/produkt\/babyschuhe-maedchen-jungen-kleinkind-schuhe-pu-leder-harte-sohle-walking-sneakers-baby-gummisohlen-neugeborene-cartoon-anfaenger-walkingschuhe-0-bis-18-monate\/#primaryimage"},"image":{"@id":"https:\/\/marktxxl.de\/markt\/produkt\/babyschuhe-maedchen-jungen-kleinkind-schuhe-pu-leder-harte-sohle-walking-sneakers-baby-gummisohlen-neugeborene-cartoon-anfaenger-walkingschuhe-0-bis-18-monate\/#primaryimage"},"thumbnailUrl":"https:\/\/m.media-amazon.com\/images\/I\/414SFbZ5-bS._SL500_.jpg","datePublished":"2022-02-20T02:15:15+00:00","dateModified":"2023-04-10T01:29:35+00:00","description":"Markt-XXL Babyschuhe M\u00e4dchen Jungen Kleinkind Schuhe PU Leder Harte Sohle Walking Sneakers Baby Gummisohlen Neugeborene Cartoon\u2026","breadcrumb":{"@id":"https:\/\/marktxxl.de\/markt\/produkt\/babyschuhe-maedchen-jungen-kleinkind-schuhe-pu-leder-harte-sohle-walking-sneakers-baby-gummisohlen-neugeborene-cartoon-anfaenger-walkingschuhe-0-bis-18-monate\/#breadcrumb"},"inLanguage":"de","potentialAction":[{"@type":"ReadAction","target":["https:\/\/marktxxl.de\/markt\/produkt\/babyschuhe-maedchen-jungen-kleinkind-schuhe-pu-leder-harte-sohle-walking-sneakers-baby-gummisohlen-neugeborene-cartoon-anfaenger-walkingschuhe-0-bis-18-monate\/"]}]},{"@type":"ImageObject","inLanguage":"de","@id":"https:\/\/marktxxl.de\/markt\/produkt\/babyschuhe-maedchen-jungen-kleinkind-schuhe-pu-leder-harte-sohle-walking-sneakers-baby-gummisohlen-neugeborene-cartoon-anfaenger-walkingschuhe-0-bis-18-monate\/#primaryimage","url":"https:\/\/m.media-amazon.com\/images\/I\/414SFbZ5-bS._SL500_.jpg","contentUrl":"https:\/\/m.media-amazon.com\/images\/I\/414SFbZ5-bS._SL500_.jpg","width":500,"height":500},{"@type":"BreadcrumbList","@id":"https:\/\/marktxxl.de\/markt\/produkt\/babyschuhe-maedchen-jungen-kleinkind-schuhe-pu-leder-harte-sohle-walking-sneakers-baby-gummisohlen-neugeborene-cartoon-anfaenger-walkingschuhe-0-bis-18-monate\/#breadcrumb","itemListElement":[{"@type":"ListItem","position":1,"name":"Startseite","item":"https:\/\/marktxxl.de\/markt\/"},{"@type":"ListItem","position":2,"name":"Markt","item":"https:\/\/marktxxl.de\/markt\/"},{"@type":"ListItem","position":3,"name":"Babyschuhe M\u00e4dchen Jungen Kleinkind Schuhe PU Leder Harte Sohle Walking Sneakers Baby Gummisohlen Neugeborene Cartoon\u2026"}]},{"@type":"WebSite","@id":"https:\/\/marktxxl.de\/markt\/#website","url":"https:\/\/marktxxl.de\/markt\/","name":"Markt-XXL","description":"Ihr Markt Online","publisher":{"@id":"https:\/\/marktxxl.de\/markt\/#organization"},"potentialAction":[{"@type":"SearchAction","target":{"@type":"EntryPoint","urlTemplate":"https:\/\/marktxxl.de\/markt\/?s={search_term_string}"},"query-input":{"@type":"PropertyValueSpecification","valueRequired":true,"valueName":"search_term_string"}}],"inLanguage":"de"},{"@type":"Organization","@id":"https:\/\/marktxxl.de\/markt\/#organization","name":"Markt-XXL","url":"https:\/\/marktxxl.de\/markt\/","logo":{"@type":"ImageObject","inLanguage":"de","@id":"https:\/\/marktxxl.de\/markt\/#\/schema\/logo\/image\/","url":"https:\/\/marktxxl.de\/markt\/wp-content\/uploads\/sites\/3\/2020\/12\/logo.png","contentUrl":"https:\/\/marktxxl.de\/markt\/wp-content\/uploads\/sites\/3\/2020\/12\/logo.png","width":200,"height":70,"caption":"Markt-XXL"},"image":{"@id":"https:\/\/marktxxl.de\/markt\/#\/schema\/logo\/image\/"}}]}},"_links":{"self":[{"href":"https:\/\/marktxxl.de\/markt\/wp-json\/wp\/v2\/product\/104721","targetHints":{"allow":["GET"]}}],"collection":[{"href":"https:\/\/marktxxl.de\/markt\/wp-json\/wp\/v2\/product"}],"about":[{"href":"https:\/\/marktxxl.de\/markt\/wp-json\/wp\/v2\/types\/product"}],"replies":[{"embeddable":true,"href":"https:\/\/marktxxl.de\/markt\/wp-json\/wp\/v2\/comments?post=104721"}],"wp:featuredmedia":[{"embeddable":true,"href":"https:\/\/marktxxl.de\/markt\/wp-json\/wp\/v2\/media\/104722"}],"wp:attachment":[{"href":"https:\/\/marktxxl.de\/markt\/wp-json\/wp\/v2\/media?parent=104721"}],"wp:term":[{"taxonomy":"product_brand","embeddable":true,"href":"https:\/\/marktxxl.de\/markt\/wp-json\/wp\/v2\/product_brand?post=104721"},{"taxonomy":"product_cat","embeddable":true,"href":"https:\/\/marktxxl.de\/markt\/wp-json\/wp\/v2\/product_cat?post=104721"},{"taxonomy":"product_tag","embeddable":true,"href":"https:\/\/marktxxl.de\/markt\/wp-json\/wp\/v2\/product_tag?post=104721"}],"curies":[{"name":"wp","href":"https:\/\/api.w.org\/{rel}","templated":true}]}}