{"id":104503,"date":"2022-02-14T01:50:54","date_gmt":"2022-02-14T00:50:54","guid":{"rendered":"https:\/\/marktxxl.de\/markt\/produkt\/hobea-germany-baby-krabbelschuhe-jungen-kinderhausschuhe-jungen-lederschuhe\/"},"modified":"2023-04-10T03:29:31","modified_gmt":"2023-04-10T01:29:31","slug":"hobea-germany-baby-krabbelschuhe-jungen-kinderhausschuhe-jungen-lederschuhe","status":"publish","type":"product","link":"https:\/\/marktxxl.de\/markt\/produkt\/hobea-germany-baby-krabbelschuhe-jungen-kinderhausschuhe-jungen-lederschuhe\/","title":{"rendered":"HOBEA-Germany Baby Krabbelschuhe Jungen, Kinderhausschuhe Jungen, Lederschuhe"},"content":{"rendered":"<p>\u2605 Federleichte Krabbelschuhe f\u00fcr Babys und Kleinkinder mit bester Passform \u2665 Die Hausschuhe passen sich jeder Bewegung des Kindes an und sorgen so f\u00fcr eine gesunde Entwicklung der kleinen Kinderf\u00fc\u00dfe \u2665 Durch das weiche Leder k\u00f6nnen unsere Babyschuhe mit oder auch ohne Kinders\u00f6ckchen getragen werden \u2606<br \/>\n\u2605 Bei unseren Krabbelpuschen wurde kein Rundumgummi verwendet, sondern ein geteiltes Gummiband eingen\u00e4ht \u2665 Somit werden Druckstellen an den empfindlichen Kinderfersen vermieden \u2606<br \/>\n\u2605 Damit die kleinen Entdecker bei wilden Spielereien nicht verrutschen, besteht die Sohle aus nat\u00fcrlichem Wildleder \u2665 Diese ist rutschhemmend und sorgt f\u00fcr einen sicheren Halt auf allen Fu\u00dfb\u00f6den \u2606<br \/>\n\u2605 Echtes Rindsleder, aus italienischer Gerberei \u2665 Das atmungsaktive und widerstandsf\u00e4hige Leder sorgt f\u00fcr ein angenehmes Fu\u00df Klima \u2606<br \/>\n\u2605 verschiedene Designs f\u00fcr Jungs \u2665 Jeder Junge tr\u00e4umt mal davon Feuerwehrmann oder Polizist zu werden \u2665 Mit den Krabbelpuschen von HOBEA-Germany mit jungs-typischen Motiven kommen die Kleinen ihrem Traum ein St\u00fcckchen n\u00e4her \u2606<br \/>\n<div class=\"main-cross-sell\" data-asin=\"B01LVYYBFX\">\n\n\t<div class=\"WooZone-cross-sell-loader\">\n\t\t<div>\n\t\t\t<div id=\"floatingBarsG\">\n\t\t\t\t<div class=\"blockG\" id=\"rotateG_01\"><\/div>\n\t\t\t\t<div class=\"blockG\" id=\"rotateG_02\"><\/div>\n\t\t\t\t<div class=\"blockG\" id=\"rotateG_03\"><\/div>\n\t\t\t\t<div class=\"blockG\" id=\"rotateG_04\"><\/div>\n\t\t\t\t<div class=\"blockG\" id=\"rotateG_05\"><\/div>\n\t\t\t\t<div class=\"blockG\" id=\"rotateG_06\"><\/div>\n\t\t\t\t<div class=\"blockG\" id=\"rotateG_07\"><\/div>\n\t\t\t\t<div class=\"blockG\" id=\"rotateG_08\"><\/div>\n\t\t\t<\/div>\n\t\t\t<div class=\"WooZone-cross-sell-loader-text\"><\/div>\n\t\t<\/div>\n\t<\/div>\n\n\t\t\n<\/div>\n<div style=\"clear:both;\"><\/div><\/p>\n","protected":false},"excerpt":{"rendered":"<p>\u2605 Federleichte Krabbelschuhe f\u00fcr Babys und Kleinkinder mit bester Passform \u2665 Die Hausschuhe passen sich jeder Bewegung des Kindes an und sorgen so f\u00fcr eine gesunde Entwicklung der kleinen Kinderf\u00fc\u00dfe \u2665 Durch das weiche Leder k\u00f6nnen unsere Babyschuhe mit oder auch ohne Kinders\u00f6ckchen getragen werden \u2606<br \/>\n\u2605 Bei unseren Krabbelpuschen wurde kein Rundumgummi verwendet, sondern ein geteiltes Gummiband eingen\u00e4ht \u2665 Somit werden Druckstellen an den empfindlichen Kinderfersen vermieden \u2606<br \/>\n\u2605 Damit die kleinen Entdecker bei wilden Spielereien nicht verrutschen, besteht die Sohle aus nat\u00fcrlichem Wildleder \u2665 Diese ist rutschhemmend und sorgt f\u00fcr einen sicheren Halt auf allen Fu\u00dfb\u00f6den \u2606<\/p>\n","protected":false},"featured_media":104504,"comment_status":"open","ping_status":"closed","template":"","meta":[],"product_brand":[],"product_cat":[21,9036],"product_tag":[],"class_list":{"0":"post-104503","1":"product","2":"type-product","3":"status-publish","4":"has-post-thumbnail","6":"product_cat-baby","7":"product_cat-babyschuhe-baby","8":"pa_binding-schuhe","9":"pa_brand-hobea-germany","10":"pa_color-dunkelgruen","11":"pa_manufacturer-hobea","12":"pa_model-31734","14":"first","15":"instock","16":"shipping-taxable","17":"purchasable","18":"product-type-simple","19":"customify-col","20":"product-has-gallery"},"yoast_head":"<!-- This site is optimized with the Yoast SEO plugin v27.4 - https:\/\/yoast.com\/product\/yoast-seo-wordpress\/ -->\n<title>HOBEA-Germany Baby Krabbelschuhe Jungen, Kinderhausschuhe Jungen, Lederschuhe - Markt-XXL<\/title>\n<meta name=\"description\" content=\"Markt-XXL HOBEA-Germany Baby Krabbelschuhe Jungen, Kinderhausschuhe Jungen, Lederschuhe\" \/>\n<meta name=\"robots\" content=\"index, follow, max-snippet:-1, max-image-preview:large, max-video-preview:-1\" \/>\n<link rel=\"canonical\" href=\"https:\/\/marktxxl.de\/markt\/produkt\/hobea-germany-baby-krabbelschuhe-jungen-kinderhausschuhe-jungen-lederschuhe\/\" \/>\n<meta property=\"og:locale\" content=\"de_DE\" \/>\n<meta property=\"og:type\" content=\"article\" \/>\n<meta property=\"og:title\" content=\"HOBEA-Germany Baby Krabbelschuhe Jungen, Kinderhausschuhe Jungen, Lederschuhe - Markt-XXL\" \/>\n<meta property=\"og:description\" content=\"Markt-XXL HOBEA-Germany Baby Krabbelschuhe Jungen, Kinderhausschuhe Jungen, Lederschuhe\" \/>\n<meta property=\"og:url\" content=\"https:\/\/marktxxl.de\/markt\/produkt\/hobea-germany-baby-krabbelschuhe-jungen-kinderhausschuhe-jungen-lederschuhe\/\" \/>\n<meta property=\"og:site_name\" content=\"Markt-XXL\" \/>\n<meta property=\"article:modified_time\" content=\"2023-04-10T01:29:31+00:00\" \/>\n<meta property=\"og:image\" content=\"https:\/\/m.media-amazon.com\/images\/I\/51rKG77Z2QL._SL500_.jpg\" \/>\n\t<meta property=\"og:image:width\" content=\"500\" \/>\n\t<meta property=\"og:image:height\" content=\"500\" \/>\n\t<meta property=\"og:image:type\" content=\"image\/jpeg\" \/>\n<meta name=\"twitter:card\" content=\"summary_large_image\" \/>\n<meta name=\"twitter:label1\" content=\"Gesch\u00e4tzte Lesezeit\" \/>\n\t<meta name=\"twitter:data1\" content=\"1\u00a0Minute\" \/>\n<script type=\"application\/ld+json\" class=\"yoast-schema-graph\">{\"@context\":\"https:\\\/\\\/schema.org\",\"@graph\":[{\"@type\":\"WebPage\",\"@id\":\"https:\\\/\\\/marktxxl.de\\\/markt\\\/produkt\\\/hobea-germany-baby-krabbelschuhe-jungen-kinderhausschuhe-jungen-lederschuhe\\\/\",\"url\":\"https:\\\/\\\/marktxxl.de\\\/markt\\\/produkt\\\/hobea-germany-baby-krabbelschuhe-jungen-kinderhausschuhe-jungen-lederschuhe\\\/\",\"name\":\"HOBEA-Germany Baby Krabbelschuhe Jungen, Kinderhausschuhe Jungen, Lederschuhe - Markt-XXL\",\"isPartOf\":{\"@id\":\"https:\\\/\\\/marktxxl.de\\\/markt\\\/#website\"},\"primaryImageOfPage\":{\"@id\":\"https:\\\/\\\/marktxxl.de\\\/markt\\\/produkt\\\/hobea-germany-baby-krabbelschuhe-jungen-kinderhausschuhe-jungen-lederschuhe\\\/#primaryimage\"},\"image\":{\"@id\":\"https:\\\/\\\/marktxxl.de\\\/markt\\\/produkt\\\/hobea-germany-baby-krabbelschuhe-jungen-kinderhausschuhe-jungen-lederschuhe\\\/#primaryimage\"},\"thumbnailUrl\":\"https:\\\/\\\/m.media-amazon.com\\\/images\\\/I\\\/51rKG77Z2QL._SL500_.jpg\",\"datePublished\":\"2022-02-14T00:50:54+00:00\",\"dateModified\":\"2023-04-10T01:29:31+00:00\",\"description\":\"Markt-XXL HOBEA-Germany Baby Krabbelschuhe Jungen, Kinderhausschuhe Jungen, Lederschuhe\",\"breadcrumb\":{\"@id\":\"https:\\\/\\\/marktxxl.de\\\/markt\\\/produkt\\\/hobea-germany-baby-krabbelschuhe-jungen-kinderhausschuhe-jungen-lederschuhe\\\/#breadcrumb\"},\"inLanguage\":\"de\",\"potentialAction\":[{\"@type\":\"ReadAction\",\"target\":[\"https:\\\/\\\/marktxxl.de\\\/markt\\\/produkt\\\/hobea-germany-baby-krabbelschuhe-jungen-kinderhausschuhe-jungen-lederschuhe\\\/\"]}]},{\"@type\":\"ImageObject\",\"inLanguage\":\"de\",\"@id\":\"https:\\\/\\\/marktxxl.de\\\/markt\\\/produkt\\\/hobea-germany-baby-krabbelschuhe-jungen-kinderhausschuhe-jungen-lederschuhe\\\/#primaryimage\",\"url\":\"https:\\\/\\\/m.media-amazon.com\\\/images\\\/I\\\/51rKG77Z2QL._SL500_.jpg\",\"contentUrl\":\"https:\\\/\\\/m.media-amazon.com\\\/images\\\/I\\\/51rKG77Z2QL._SL500_.jpg\",\"width\":500,\"height\":500},{\"@type\":\"BreadcrumbList\",\"@id\":\"https:\\\/\\\/marktxxl.de\\\/markt\\\/produkt\\\/hobea-germany-baby-krabbelschuhe-jungen-kinderhausschuhe-jungen-lederschuhe\\\/#breadcrumb\",\"itemListElement\":[{\"@type\":\"ListItem\",\"position\":1,\"name\":\"Startseite\",\"item\":\"https:\\\/\\\/marktxxl.de\\\/markt\\\/\"},{\"@type\":\"ListItem\",\"position\":2,\"name\":\"Markt\",\"item\":\"https:\\\/\\\/marktxxl.de\\\/markt\\\/\"},{\"@type\":\"ListItem\",\"position\":3,\"name\":\"HOBEA-Germany Baby Krabbelschuhe Jungen, Kinderhausschuhe Jungen, Lederschuhe\"}]},{\"@type\":\"WebSite\",\"@id\":\"https:\\\/\\\/marktxxl.de\\\/markt\\\/#website\",\"url\":\"https:\\\/\\\/marktxxl.de\\\/markt\\\/\",\"name\":\"Markt-XXL\",\"description\":\"Ihr Markt Online\",\"publisher\":{\"@id\":\"https:\\\/\\\/marktxxl.de\\\/markt\\\/#organization\"},\"potentialAction\":[{\"@type\":\"SearchAction\",\"target\":{\"@type\":\"EntryPoint\",\"urlTemplate\":\"https:\\\/\\\/marktxxl.de\\\/markt\\\/?s={search_term_string}\"},\"query-input\":{\"@type\":\"PropertyValueSpecification\",\"valueRequired\":true,\"valueName\":\"search_term_string\"}}],\"inLanguage\":\"de\"},{\"@type\":\"Organization\",\"@id\":\"https:\\\/\\\/marktxxl.de\\\/markt\\\/#organization\",\"name\":\"Markt-XXL\",\"url\":\"https:\\\/\\\/marktxxl.de\\\/markt\\\/\",\"logo\":{\"@type\":\"ImageObject\",\"inLanguage\":\"de\",\"@id\":\"https:\\\/\\\/marktxxl.de\\\/markt\\\/#\\\/schema\\\/logo\\\/image\\\/\",\"url\":\"https:\\\/\\\/marktxxl.de\\\/markt\\\/wp-content\\\/uploads\\\/sites\\\/3\\\/2020\\\/12\\\/logo.png\",\"contentUrl\":\"https:\\\/\\\/marktxxl.de\\\/markt\\\/wp-content\\\/uploads\\\/sites\\\/3\\\/2020\\\/12\\\/logo.png\",\"width\":200,\"height\":70,\"caption\":\"Markt-XXL\"},\"image\":{\"@id\":\"https:\\\/\\\/marktxxl.de\\\/markt\\\/#\\\/schema\\\/logo\\\/image\\\/\"}}]}<\/script>\n<!-- \/ Yoast SEO plugin. -->","yoast_head_json":{"title":"HOBEA-Germany Baby Krabbelschuhe Jungen, Kinderhausschuhe Jungen, Lederschuhe - Markt-XXL","description":"Markt-XXL HOBEA-Germany Baby Krabbelschuhe Jungen, Kinderhausschuhe Jungen, Lederschuhe","robots":{"index":"index","follow":"follow","max-snippet":"max-snippet:-1","max-image-preview":"max-image-preview:large","max-video-preview":"max-video-preview:-1"},"canonical":"https:\/\/marktxxl.de\/markt\/produkt\/hobea-germany-baby-krabbelschuhe-jungen-kinderhausschuhe-jungen-lederschuhe\/","og_locale":"de_DE","og_type":"article","og_title":"HOBEA-Germany Baby Krabbelschuhe Jungen, Kinderhausschuhe Jungen, Lederschuhe - Markt-XXL","og_description":"Markt-XXL HOBEA-Germany Baby Krabbelschuhe Jungen, Kinderhausschuhe Jungen, Lederschuhe","og_url":"https:\/\/marktxxl.de\/markt\/produkt\/hobea-germany-baby-krabbelschuhe-jungen-kinderhausschuhe-jungen-lederschuhe\/","og_site_name":"Markt-XXL","article_modified_time":"2023-04-10T01:29:31+00:00","og_image":[{"width":500,"height":500,"url":"https:\/\/m.media-amazon.com\/images\/I\/51rKG77Z2QL._SL500_.jpg","type":"image\/jpeg"}],"twitter_card":"summary_large_image","twitter_misc":{"Gesch\u00e4tzte Lesezeit":"1\u00a0Minute"},"schema":{"@context":"https:\/\/schema.org","@graph":[{"@type":"WebPage","@id":"https:\/\/marktxxl.de\/markt\/produkt\/hobea-germany-baby-krabbelschuhe-jungen-kinderhausschuhe-jungen-lederschuhe\/","url":"https:\/\/marktxxl.de\/markt\/produkt\/hobea-germany-baby-krabbelschuhe-jungen-kinderhausschuhe-jungen-lederschuhe\/","name":"HOBEA-Germany Baby Krabbelschuhe Jungen, Kinderhausschuhe Jungen, Lederschuhe - Markt-XXL","isPartOf":{"@id":"https:\/\/marktxxl.de\/markt\/#website"},"primaryImageOfPage":{"@id":"https:\/\/marktxxl.de\/markt\/produkt\/hobea-germany-baby-krabbelschuhe-jungen-kinderhausschuhe-jungen-lederschuhe\/#primaryimage"},"image":{"@id":"https:\/\/marktxxl.de\/markt\/produkt\/hobea-germany-baby-krabbelschuhe-jungen-kinderhausschuhe-jungen-lederschuhe\/#primaryimage"},"thumbnailUrl":"https:\/\/m.media-amazon.com\/images\/I\/51rKG77Z2QL._SL500_.jpg","datePublished":"2022-02-14T00:50:54+00:00","dateModified":"2023-04-10T01:29:31+00:00","description":"Markt-XXL HOBEA-Germany Baby Krabbelschuhe Jungen, Kinderhausschuhe Jungen, Lederschuhe","breadcrumb":{"@id":"https:\/\/marktxxl.de\/markt\/produkt\/hobea-germany-baby-krabbelschuhe-jungen-kinderhausschuhe-jungen-lederschuhe\/#breadcrumb"},"inLanguage":"de","potentialAction":[{"@type":"ReadAction","target":["https:\/\/marktxxl.de\/markt\/produkt\/hobea-germany-baby-krabbelschuhe-jungen-kinderhausschuhe-jungen-lederschuhe\/"]}]},{"@type":"ImageObject","inLanguage":"de","@id":"https:\/\/marktxxl.de\/markt\/produkt\/hobea-germany-baby-krabbelschuhe-jungen-kinderhausschuhe-jungen-lederschuhe\/#primaryimage","url":"https:\/\/m.media-amazon.com\/images\/I\/51rKG77Z2QL._SL500_.jpg","contentUrl":"https:\/\/m.media-amazon.com\/images\/I\/51rKG77Z2QL._SL500_.jpg","width":500,"height":500},{"@type":"BreadcrumbList","@id":"https:\/\/marktxxl.de\/markt\/produkt\/hobea-germany-baby-krabbelschuhe-jungen-kinderhausschuhe-jungen-lederschuhe\/#breadcrumb","itemListElement":[{"@type":"ListItem","position":1,"name":"Startseite","item":"https:\/\/marktxxl.de\/markt\/"},{"@type":"ListItem","position":2,"name":"Markt","item":"https:\/\/marktxxl.de\/markt\/"},{"@type":"ListItem","position":3,"name":"HOBEA-Germany Baby Krabbelschuhe Jungen, Kinderhausschuhe Jungen, Lederschuhe"}]},{"@type":"WebSite","@id":"https:\/\/marktxxl.de\/markt\/#website","url":"https:\/\/marktxxl.de\/markt\/","name":"Markt-XXL","description":"Ihr Markt Online","publisher":{"@id":"https:\/\/marktxxl.de\/markt\/#organization"},"potentialAction":[{"@type":"SearchAction","target":{"@type":"EntryPoint","urlTemplate":"https:\/\/marktxxl.de\/markt\/?s={search_term_string}"},"query-input":{"@type":"PropertyValueSpecification","valueRequired":true,"valueName":"search_term_string"}}],"inLanguage":"de"},{"@type":"Organization","@id":"https:\/\/marktxxl.de\/markt\/#organization","name":"Markt-XXL","url":"https:\/\/marktxxl.de\/markt\/","logo":{"@type":"ImageObject","inLanguage":"de","@id":"https:\/\/marktxxl.de\/markt\/#\/schema\/logo\/image\/","url":"https:\/\/marktxxl.de\/markt\/wp-content\/uploads\/sites\/3\/2020\/12\/logo.png","contentUrl":"https:\/\/marktxxl.de\/markt\/wp-content\/uploads\/sites\/3\/2020\/12\/logo.png","width":200,"height":70,"caption":"Markt-XXL"},"image":{"@id":"https:\/\/marktxxl.de\/markt\/#\/schema\/logo\/image\/"}}]}},"_links":{"self":[{"href":"https:\/\/marktxxl.de\/markt\/wp-json\/wp\/v2\/product\/104503","targetHints":{"allow":["GET"]}}],"collection":[{"href":"https:\/\/marktxxl.de\/markt\/wp-json\/wp\/v2\/product"}],"about":[{"href":"https:\/\/marktxxl.de\/markt\/wp-json\/wp\/v2\/types\/product"}],"replies":[{"embeddable":true,"href":"https:\/\/marktxxl.de\/markt\/wp-json\/wp\/v2\/comments?post=104503"}],"wp:featuredmedia":[{"embeddable":true,"href":"https:\/\/marktxxl.de\/markt\/wp-json\/wp\/v2\/media\/104504"}],"wp:attachment":[{"href":"https:\/\/marktxxl.de\/markt\/wp-json\/wp\/v2\/media?parent=104503"}],"wp:term":[{"taxonomy":"product_brand","embeddable":true,"href":"https:\/\/marktxxl.de\/markt\/wp-json\/wp\/v2\/product_brand?post=104503"},{"taxonomy":"product_cat","embeddable":true,"href":"https:\/\/marktxxl.de\/markt\/wp-json\/wp\/v2\/product_cat?post=104503"},{"taxonomy":"product_tag","embeddable":true,"href":"https:\/\/marktxxl.de\/markt\/wp-json\/wp\/v2\/product_tag?post=104503"}],"curies":[{"name":"wp","href":"https:\/\/api.w.org\/{rel}","templated":true}]}}