{"id":104112,"date":"2022-01-31T18:00:11","date_gmt":"2022-01-31T17:00:11","guid":{"rendered":"https:\/\/marktxxl.de\/markt\/produkt\/massagegeraet\/"},"modified":"2023-04-11T03:28:24","modified_gmt":"2023-04-11T01:28:24","slug":"massagegeraet","status":"publish","type":"product","link":"https:\/\/marktxxl.de\/markt\/produkt\/massagegeraet\/","title":{"rendered":"Massageger\u00e4t"},"content":{"rendered":"<p>Shiatsu-Massageger\u00e4t: Ein eingebauter Akku bietet bis zu 3 Stunden Leistung, sodass Sie jederzeit und \u00fcberall entspannen k\u00f6nnen. Das Ladekabel wird mit einem Lichtadapter geliefert, der gr\u00fcnes Licht anzeigt, wenn es vollst\u00e4ndig aufgeladen ist und rotes Licht anzeigt, wenn es noch aufgeladen wird.<br \/>\nFest und vielseitig: Breitere Massagefunktion. MC20 Massageger\u00e4t 4 Kugeln Shiatsu-Knoten zielen Sie die Akupunkturpunkte Ihres K\u00f6rpers mit breiterer Behandlung an. Verwendung von Kopf bis Fu\u00df, f\u00fcr die Ganzk\u00f6rpertherapie. Die Bedienung ist einfach und unkompliziert mit manueller Bedienung mit einem Knopf. Fusion5 MC20 (Shiatsu-Massagekissen) zielt darauf ab, jegliche festsitzende Energie durch Kneten zugeben, f\u00fcr ein wahres Heilerlebnis. Auch ideal f\u00fcr Sport-Massage, um die seltsamen Muskelschmerzen von Zeit zu Zeit zu heilen.<br \/>\nOptionale Licht- und W\u00e4rme-Funktionen: Robust und dennoch hautsympathisch, mit W\u00e4rmefunktion und Ein-Knopf-Bedienung mit optionalen Licht- und W\u00e4rmeeigenschaften und hochwertigem atmungsaktivem Netzgewebe. Verbessert die Durchblutung und lindert verspannte Knoten und schmerzende Muskeln. Kann jederzeit und \u00fcberall verwendet werden.<br \/>\nErgonomisches Design: Leistungsstarker und wiederaufladbarer Akku, l\u00e4dt 3 Stunden auf einmal auf und ist perfekt f\u00fcr den Einsatz im unteren und oberen R\u00fccken, Nacken, Bauch, Wade und Oberschenkel. Der praktische Gurt hilft Ihnen, Ihr Massageger\u00e4t an Ihrem Lieblingsstuhl zu befestigen, so dass Sie Ihre wunden Stellen gezielt erreichen k\u00f6nnen. Perfekt f\u00fcr lange Autofahrten oder auf Ihrem B\u00fcrostuhl. Multifunktionale Verwendung an mehreren K\u00f6rperteilen<br \/>\nTragbares Massagekissen: Fusion5 MC20 schnurloses Shiatsu-R\u00fcckenmassageger\u00e4t mit Komfortw\u00e4rme erm\u00f6glicht es Ihnen, einfach zu bedienen, egal ob Sie in einem Fl\u00fcgelstuhl, B\u00fcrostuhl sitzen, auf der Couch lehnen oder im Bett entspannen.<br \/>\n<div class=\"main-cross-sell\" data-asin=\"B09J94TGS5\">\n\n\t<div class=\"WooZone-cross-sell-loader\">\n\t\t<div>\n\t\t\t<div id=\"floatingBarsG\">\n\t\t\t\t<div class=\"blockG\" id=\"rotateG_01\"><\/div>\n\t\t\t\t<div class=\"blockG\" id=\"rotateG_02\"><\/div>\n\t\t\t\t<div class=\"blockG\" id=\"rotateG_03\"><\/div>\n\t\t\t\t<div class=\"blockG\" id=\"rotateG_04\"><\/div>\n\t\t\t\t<div class=\"blockG\" id=\"rotateG_05\"><\/div>\n\t\t\t\t<div class=\"blockG\" id=\"rotateG_06\"><\/div>\n\t\t\t\t<div class=\"blockG\" id=\"rotateG_07\"><\/div>\n\t\t\t\t<div class=\"blockG\" id=\"rotateG_08\"><\/div>\n\t\t\t<\/div>\n\t\t\t<div class=\"WooZone-cross-sell-loader-text\"><\/div>\n\t\t<\/div>\n\t<\/div>\n\n\t\t\n<\/div>\n<div style=\"clear:both;\"><\/div><\/p>\n","protected":false},"excerpt":{"rendered":"<p>Shiatsu-Massageger\u00e4t: Ein eingebauter Akku bietet bis zu 3 Stunden Leistung, sodass Sie jederzeit und \u00fcberall entspannen k\u00f6nnen. Das Ladekabel wird mit einem Lichtadapter geliefert, der gr\u00fcnes Licht anzeigt, wenn es vollst\u00e4ndig aufgeladen ist und rotes Licht anzeigt, wenn es noch aufgeladen wird.<br \/>\nFest und vielseitig: Breitere Massagefunktion. MC20 Massageger\u00e4t 4 Kugeln Shiatsu-Knoten zielen Sie die Akupunkturpunkte Ihres K\u00f6rpers mit breiterer Behandlung an. Verwendung von Kopf bis Fu\u00df, f\u00fcr die Ganzk\u00f6rpertherapie. Die Bedienung ist einfach und unkompliziert mit manueller Bedienung mit einem Knopf. Fusion5 MC20 (Shiatsu-Massagekissen) zielt darauf ab, jegliche festsitzende Energie durch Kneten zugeben, f\u00fcr ein wahres Heilerlebnis. Auch ideal f\u00fcr Sport-Massage, um die seltsamen Muskelschmerzen von Zeit zu Zeit zu heilen.<br \/>\nOptionale Licht- und W\u00e4rme-Funktionen: Robust und dennoch hautsympathisch, mit W\u00e4rmefunktion und Ein-Knopf-Bedienung mit optionalen Licht- und W\u00e4rmeeigenschaften und hochwertigem atmungsaktivem Netzgewebe. Verbessert die Durchblutung und lindert verspannte Knoten und schmerzende Muskeln. Kann jederzeit und \u00fcberall verwendet werden.<\/p>\n","protected":false},"featured_media":104113,"comment_status":"open","ping_status":"closed","template":"","meta":[],"product_brand":[],"product_cat":[652,2977],"product_tag":[],"class_list":{"0":"post-104112","1":"product","2":"type-product","3":"status-publish","4":"has-post-thumbnail","6":"product_cat-erotik-markt-xxl","7":"product_cat-sexspielzeug","8":"pa_brand-fusion5","9":"pa_height-5-9842519624-zoll","10":"pa_languages-unbekannt-englisch","11":"pa_length-15-354330693-zoll","12":"pa_manufacturer-fusion5","13":"pa_model-mc20","14":"pa_width-15-354330693-zoll","16":"first","17":"instock","18":"shipping-taxable","19":"purchasable","20":"product-type-simple","21":"customify-col","22":"product-has-gallery"},"yoast_head":"<!-- This site is optimized with the Yoast SEO plugin v27.3 - https:\/\/yoast.com\/product\/yoast-seo-wordpress\/ -->\n<title>Massageger\u00e4t - Markt-XXL<\/title>\n<meta name=\"description\" content=\"Markt-XXL Massageger\u00e4t\" \/>\n<meta name=\"robots\" content=\"index, follow, max-snippet:-1, max-image-preview:large, max-video-preview:-1\" \/>\n<link rel=\"canonical\" href=\"https:\/\/marktxxl.de\/markt\/produkt\/massagegeraet\/\" \/>\n<meta property=\"og:locale\" content=\"de_DE\" \/>\n<meta property=\"og:type\" content=\"article\" \/>\n<meta property=\"og:title\" content=\"Massageger\u00e4t - Markt-XXL\" \/>\n<meta property=\"og:description\" content=\"Markt-XXL Massageger\u00e4t\" \/>\n<meta property=\"og:url\" content=\"https:\/\/marktxxl.de\/markt\/produkt\/massagegeraet\/\" \/>\n<meta property=\"og:site_name\" content=\"Markt-XXL\" \/>\n<meta property=\"article:modified_time\" content=\"2023-04-11T01:28:24+00:00\" \/>\n<meta property=\"og:image\" content=\"https:\/\/m.media-amazon.com\/images\/I\/41KvH5X34VL._SL500_.jpg\" \/>\n\t<meta property=\"og:image:width\" content=\"500\" \/>\n\t<meta property=\"og:image:height\" content=\"375\" \/>\n\t<meta property=\"og:image:type\" content=\"image\/jpeg\" \/>\n<meta name=\"twitter:card\" content=\"summary_large_image\" \/>\n<meta name=\"twitter:label1\" content=\"Gesch\u00e4tzte Lesezeit\" \/>\n\t<meta name=\"twitter:data1\" content=\"1\u00a0Minute\" \/>\n<script type=\"application\/ld+json\" class=\"yoast-schema-graph\">{\"@context\":\"https:\\\/\\\/schema.org\",\"@graph\":[{\"@type\":\"WebPage\",\"@id\":\"https:\\\/\\\/marktxxl.de\\\/markt\\\/produkt\\\/massagegeraet\\\/\",\"url\":\"https:\\\/\\\/marktxxl.de\\\/markt\\\/produkt\\\/massagegeraet\\\/\",\"name\":\"Massageger\u00e4t - Markt-XXL\",\"isPartOf\":{\"@id\":\"https:\\\/\\\/marktxxl.de\\\/markt\\\/#website\"},\"primaryImageOfPage\":{\"@id\":\"https:\\\/\\\/marktxxl.de\\\/markt\\\/produkt\\\/massagegeraet\\\/#primaryimage\"},\"image\":{\"@id\":\"https:\\\/\\\/marktxxl.de\\\/markt\\\/produkt\\\/massagegeraet\\\/#primaryimage\"},\"thumbnailUrl\":\"https:\\\/\\\/m.media-amazon.com\\\/images\\\/I\\\/41KvH5X34VL._SL500_.jpg\",\"datePublished\":\"2022-01-31T17:00:11+00:00\",\"dateModified\":\"2023-04-11T01:28:24+00:00\",\"description\":\"Markt-XXL Massageger\u00e4t\",\"breadcrumb\":{\"@id\":\"https:\\\/\\\/marktxxl.de\\\/markt\\\/produkt\\\/massagegeraet\\\/#breadcrumb\"},\"inLanguage\":\"de\",\"potentialAction\":[{\"@type\":\"ReadAction\",\"target\":[\"https:\\\/\\\/marktxxl.de\\\/markt\\\/produkt\\\/massagegeraet\\\/\"]}]},{\"@type\":\"ImageObject\",\"inLanguage\":\"de\",\"@id\":\"https:\\\/\\\/marktxxl.de\\\/markt\\\/produkt\\\/massagegeraet\\\/#primaryimage\",\"url\":\"https:\\\/\\\/m.media-amazon.com\\\/images\\\/I\\\/41KvH5X34VL._SL500_.jpg\",\"contentUrl\":\"https:\\\/\\\/m.media-amazon.com\\\/images\\\/I\\\/41KvH5X34VL._SL500_.jpg\",\"width\":500,\"height\":375},{\"@type\":\"BreadcrumbList\",\"@id\":\"https:\\\/\\\/marktxxl.de\\\/markt\\\/produkt\\\/massagegeraet\\\/#breadcrumb\",\"itemListElement\":[{\"@type\":\"ListItem\",\"position\":1,\"name\":\"Startseite\",\"item\":\"https:\\\/\\\/marktxxl.de\\\/markt\\\/\"},{\"@type\":\"ListItem\",\"position\":2,\"name\":\"Markt\",\"item\":\"https:\\\/\\\/marktxxl.de\\\/markt\\\/\"},{\"@type\":\"ListItem\",\"position\":3,\"name\":\"Massageger\u00e4t\"}]},{\"@type\":\"WebSite\",\"@id\":\"https:\\\/\\\/marktxxl.de\\\/markt\\\/#website\",\"url\":\"https:\\\/\\\/marktxxl.de\\\/markt\\\/\",\"name\":\"Markt-XXL\",\"description\":\"Ihr Markt Online\",\"publisher\":{\"@id\":\"https:\\\/\\\/marktxxl.de\\\/markt\\\/#organization\"},\"potentialAction\":[{\"@type\":\"SearchAction\",\"target\":{\"@type\":\"EntryPoint\",\"urlTemplate\":\"https:\\\/\\\/marktxxl.de\\\/markt\\\/?s={search_term_string}\"},\"query-input\":{\"@type\":\"PropertyValueSpecification\",\"valueRequired\":true,\"valueName\":\"search_term_string\"}}],\"inLanguage\":\"de\"},{\"@type\":\"Organization\",\"@id\":\"https:\\\/\\\/marktxxl.de\\\/markt\\\/#organization\",\"name\":\"Markt-XXL\",\"url\":\"https:\\\/\\\/marktxxl.de\\\/markt\\\/\",\"logo\":{\"@type\":\"ImageObject\",\"inLanguage\":\"de\",\"@id\":\"https:\\\/\\\/marktxxl.de\\\/markt\\\/#\\\/schema\\\/logo\\\/image\\\/\",\"url\":\"https:\\\/\\\/marktxxl.de\\\/markt\\\/wp-content\\\/uploads\\\/sites\\\/3\\\/2020\\\/12\\\/logo.png\",\"contentUrl\":\"https:\\\/\\\/marktxxl.de\\\/markt\\\/wp-content\\\/uploads\\\/sites\\\/3\\\/2020\\\/12\\\/logo.png\",\"width\":200,\"height\":70,\"caption\":\"Markt-XXL\"},\"image\":{\"@id\":\"https:\\\/\\\/marktxxl.de\\\/markt\\\/#\\\/schema\\\/logo\\\/image\\\/\"}}]}<\/script>\n<!-- \/ Yoast SEO plugin. -->","yoast_head_json":{"title":"Massageger\u00e4t - Markt-XXL","description":"Markt-XXL Massageger\u00e4t","robots":{"index":"index","follow":"follow","max-snippet":"max-snippet:-1","max-image-preview":"max-image-preview:large","max-video-preview":"max-video-preview:-1"},"canonical":"https:\/\/marktxxl.de\/markt\/produkt\/massagegeraet\/","og_locale":"de_DE","og_type":"article","og_title":"Massageger\u00e4t - Markt-XXL","og_description":"Markt-XXL Massageger\u00e4t","og_url":"https:\/\/marktxxl.de\/markt\/produkt\/massagegeraet\/","og_site_name":"Markt-XXL","article_modified_time":"2023-04-11T01:28:24+00:00","og_image":[{"width":500,"height":375,"url":"https:\/\/m.media-amazon.com\/images\/I\/41KvH5X34VL._SL500_.jpg","type":"image\/jpeg"}],"twitter_card":"summary_large_image","twitter_misc":{"Gesch\u00e4tzte Lesezeit":"1\u00a0Minute"},"schema":{"@context":"https:\/\/schema.org","@graph":[{"@type":"WebPage","@id":"https:\/\/marktxxl.de\/markt\/produkt\/massagegeraet\/","url":"https:\/\/marktxxl.de\/markt\/produkt\/massagegeraet\/","name":"Massageger\u00e4t - Markt-XXL","isPartOf":{"@id":"https:\/\/marktxxl.de\/markt\/#website"},"primaryImageOfPage":{"@id":"https:\/\/marktxxl.de\/markt\/produkt\/massagegeraet\/#primaryimage"},"image":{"@id":"https:\/\/marktxxl.de\/markt\/produkt\/massagegeraet\/#primaryimage"},"thumbnailUrl":"https:\/\/m.media-amazon.com\/images\/I\/41KvH5X34VL._SL500_.jpg","datePublished":"2022-01-31T17:00:11+00:00","dateModified":"2023-04-11T01:28:24+00:00","description":"Markt-XXL Massageger\u00e4t","breadcrumb":{"@id":"https:\/\/marktxxl.de\/markt\/produkt\/massagegeraet\/#breadcrumb"},"inLanguage":"de","potentialAction":[{"@type":"ReadAction","target":["https:\/\/marktxxl.de\/markt\/produkt\/massagegeraet\/"]}]},{"@type":"ImageObject","inLanguage":"de","@id":"https:\/\/marktxxl.de\/markt\/produkt\/massagegeraet\/#primaryimage","url":"https:\/\/m.media-amazon.com\/images\/I\/41KvH5X34VL._SL500_.jpg","contentUrl":"https:\/\/m.media-amazon.com\/images\/I\/41KvH5X34VL._SL500_.jpg","width":500,"height":375},{"@type":"BreadcrumbList","@id":"https:\/\/marktxxl.de\/markt\/produkt\/massagegeraet\/#breadcrumb","itemListElement":[{"@type":"ListItem","position":1,"name":"Startseite","item":"https:\/\/marktxxl.de\/markt\/"},{"@type":"ListItem","position":2,"name":"Markt","item":"https:\/\/marktxxl.de\/markt\/"},{"@type":"ListItem","position":3,"name":"Massageger\u00e4t"}]},{"@type":"WebSite","@id":"https:\/\/marktxxl.de\/markt\/#website","url":"https:\/\/marktxxl.de\/markt\/","name":"Markt-XXL","description":"Ihr Markt Online","publisher":{"@id":"https:\/\/marktxxl.de\/markt\/#organization"},"potentialAction":[{"@type":"SearchAction","target":{"@type":"EntryPoint","urlTemplate":"https:\/\/marktxxl.de\/markt\/?s={search_term_string}"},"query-input":{"@type":"PropertyValueSpecification","valueRequired":true,"valueName":"search_term_string"}}],"inLanguage":"de"},{"@type":"Organization","@id":"https:\/\/marktxxl.de\/markt\/#organization","name":"Markt-XXL","url":"https:\/\/marktxxl.de\/markt\/","logo":{"@type":"ImageObject","inLanguage":"de","@id":"https:\/\/marktxxl.de\/markt\/#\/schema\/logo\/image\/","url":"https:\/\/marktxxl.de\/markt\/wp-content\/uploads\/sites\/3\/2020\/12\/logo.png","contentUrl":"https:\/\/marktxxl.de\/markt\/wp-content\/uploads\/sites\/3\/2020\/12\/logo.png","width":200,"height":70,"caption":"Markt-XXL"},"image":{"@id":"https:\/\/marktxxl.de\/markt\/#\/schema\/logo\/image\/"}}]}},"_links":{"self":[{"href":"https:\/\/marktxxl.de\/markt\/wp-json\/wp\/v2\/product\/104112","targetHints":{"allow":["GET"]}}],"collection":[{"href":"https:\/\/marktxxl.de\/markt\/wp-json\/wp\/v2\/product"}],"about":[{"href":"https:\/\/marktxxl.de\/markt\/wp-json\/wp\/v2\/types\/product"}],"replies":[{"embeddable":true,"href":"https:\/\/marktxxl.de\/markt\/wp-json\/wp\/v2\/comments?post=104112"}],"wp:featuredmedia":[{"embeddable":true,"href":"https:\/\/marktxxl.de\/markt\/wp-json\/wp\/v2\/media\/104113"}],"wp:attachment":[{"href":"https:\/\/marktxxl.de\/markt\/wp-json\/wp\/v2\/media?parent=104112"}],"wp:term":[{"taxonomy":"product_brand","embeddable":true,"href":"https:\/\/marktxxl.de\/markt\/wp-json\/wp\/v2\/product_brand?post=104112"},{"taxonomy":"product_cat","embeddable":true,"href":"https:\/\/marktxxl.de\/markt\/wp-json\/wp\/v2\/product_cat?post=104112"},{"taxonomy":"product_tag","embeddable":true,"href":"https:\/\/marktxxl.de\/markt\/wp-json\/wp\/v2\/product_tag?post=104112"}],"curies":[{"name":"wp","href":"https:\/\/api.w.org\/{rel}","templated":true}]}}