{"id":104102,"date":"2022-01-31T17:48:41","date_gmt":"2022-01-31T16:48:41","guid":{"rendered":"https:\/\/marktxxl.de\/markt\/produkt\/topquafocus-klistier-set-einlauf-set-zur-darmreinigung%ef%bc%88bpa-und-phthalat-frei-premium-reise-irrigator-set-2-liter\/"},"modified":"2023-04-11T03:28:23","modified_gmt":"2023-04-11T01:28:23","slug":"topquafocus-klistier-set-einlauf-set-zur-darmreinigung%ef%bc%88bpa-und-phthalat-frei-premium-reise-irrigator-set-2-liter","status":"publish","type":"product","link":"https:\/\/marktxxl.de\/markt\/produkt\/topquafocus-klistier-set-einlauf-set-zur-darmreinigung%ef%bc%88bpa-und-phthalat-frei-premium-reise-irrigator-set-2-liter\/","title":{"rendered":"TopQuaFocus Klistier Set Einlauf Set Zur Darmreinigung\uff08BPA- Und Phthalat Frei) Premium Reise Irrigator Set 2 Liter\u2026\u2026"},"content":{"rendered":"<p>Hochwertiges wiederverwendbares Enima-Set \u2013 kommt mit einer 2-qt-Beutel, einem 16,5 m Schlauch mit einem R\u00fcckschlagventil und einem Absperrhahn plus 3 x 9,67 Zoll flexiblen Spitzen, 1 x 6,4 cm harte Bew\u00e4sserungsd\u00fcse, 1 x 13,3 cm weiche Bew\u00e4sserungsd\u00fcse.<br \/>\nGeeignet f\u00fcr alle Arten von Enemas \u2013 Einlaufbeutel-Kits sind geeignet f\u00fcr alle Arten von Hausfeinden, einschlie\u00dflich Wasser- und Kaffee-Feinde, Dickdarmreinigung, Gerson-Therapie, Douche, und Kolonische Bew\u00e4sserung. Unser Darmreinigungsbeutel ist wiederverwendbar &#8211; besser als Einweg-Einlaufkit, um die Umwelt zu schonen<br \/>\nFDA Listed Einlauf Kit \u2013 Entwickelt f\u00fcr amerikanische Gesundheitsstandards importierte Materialien. Diese Darmreinigungstasche ist aus medizinisch wiederverwendbaren geruchlosen, BPA- und phthalatfreien Silikon- und PVC-Spitzen hergestellt.<br \/>\nKein Versch\u00fctten \u2013 das Detox-Reinigungsset wird mit einem vormontierten Schlauch geliefert, der einen Absperrhahn hat, der einfach und pr\u00e4zise steuern kann, wie schnell das Wasser flie\u00dft, und einem R\u00fcckschlagventil, das verhindert, dass das Wasser wieder in den Schlauch zur\u00fcckkehrt.<br \/>\n90 Tage Geld-zur\u00fcck-Garantie \u2013 erm\u00f6glicht Ihnen, diese Einlauflampe ohne Angst vor einer schlechten Entscheidung zu kaufen. Wir sind zuversichtlich, dass unsere Produkte immer die besten verf\u00fcgbaren Einlaufger\u00e4te weltweit sind und wir bereit darauf zu setzen.<br \/>\n<div class=\"main-cross-sell\" data-asin=\"B07WR83RCF\">\n\n\t<div class=\"WooZone-cross-sell-loader\">\n\t\t<div>\n\t\t\t<div id=\"floatingBarsG\">\n\t\t\t\t<div class=\"blockG\" id=\"rotateG_01\"><\/div>\n\t\t\t\t<div class=\"blockG\" id=\"rotateG_02\"><\/div>\n\t\t\t\t<div class=\"blockG\" id=\"rotateG_03\"><\/div>\n\t\t\t\t<div class=\"blockG\" id=\"rotateG_04\"><\/div>\n\t\t\t\t<div class=\"blockG\" id=\"rotateG_05\"><\/div>\n\t\t\t\t<div class=\"blockG\" id=\"rotateG_06\"><\/div>\n\t\t\t\t<div class=\"blockG\" id=\"rotateG_07\"><\/div>\n\t\t\t\t<div class=\"blockG\" id=\"rotateG_08\"><\/div>\n\t\t\t<\/div>\n\t\t\t<div class=\"WooZone-cross-sell-loader-text\"><\/div>\n\t\t<\/div>\n\t<\/div>\n\n\t\t\n<\/div>\n<div style=\"clear:both;\"><\/div><\/p>\n","protected":false},"excerpt":{"rendered":"<p>Hochwertiges wiederverwendbares Enima-Set \u2013 kommt mit einer 2-qt-Beutel, einem 16,5 m Schlauch mit einem R\u00fcckschlagventil und einem Absperrhahn plus 3 x 9,67 Zoll flexiblen Spitzen, 1 x 6,4 cm harte Bew\u00e4sserungsd\u00fcse, 1 x 13,3 cm weiche Bew\u00e4sserungsd\u00fcse.<br \/>\nGeeignet f\u00fcr alle Arten von Enemas \u2013 Einlaufbeutel-Kits sind geeignet f\u00fcr alle Arten von Hausfeinden, einschlie\u00dflich Wasser- und Kaffee-Feinde, Dickdarmreinigung, Gerson-Therapie, Douche, und Kolonische Bew\u00e4sserung. Unser Darmreinigungsbeutel ist wiederverwendbar &#8211; besser als Einweg-Einlaufkit, um die Umwelt zu schonen<br \/>\nFDA Listed Einlauf Kit \u2013 Entwickelt f\u00fcr amerikanische Gesundheitsstandards importierte Materialien. Diese Darmreinigungstasche ist aus medizinisch wiederverwendbaren geruchlosen, BPA- und phthalatfreien Silikon- und PVC-Spitzen hergestellt.<\/p>\n","protected":false},"featured_media":104103,"comment_status":"open","ping_status":"closed","template":"","meta":[],"product_brand":[],"product_cat":[652,2977],"product_tag":[],"class_list":{"0":"post-104102","1":"product","2":"type-product","3":"status-publish","4":"has-post-thumbnail","6":"product_cat-erotik-markt-xxl","7":"product_cat-sexspielzeug","8":"pa_binding-badartikel","9":"pa_brand-topquafocus","10":"pa_manufacturer-luofunake","11":"pa_size-10-stueck-1er-pack","13":"first","14":"instock","15":"shipping-taxable","16":"purchasable","17":"product-type-simple","18":"customify-col","19":"product-has-gallery"},"yoast_head":"<!-- This site is optimized with the Yoast SEO plugin v27.4 - https:\/\/yoast.com\/product\/yoast-seo-wordpress\/ -->\n<title>TopQuaFocus Klistier Set Einlauf Set Zur Darmreinigung\uff08BPA- Und Phthalat Frei) Premium Reise Irrigator Set 2 Liter\u2026\u2026 - Markt-XXL<\/title>\n<meta name=\"description\" content=\"Markt-XXL TopQuaFocus Klistier Set Einlauf Set Zur Darmreinigung\uff08BPA- Und Phthalat Frei) Premium Reise Irrigator Set 2 Liter\u2026\u2026\" \/>\n<meta name=\"robots\" content=\"index, follow, max-snippet:-1, max-image-preview:large, max-video-preview:-1\" \/>\n<link rel=\"canonical\" href=\"https:\/\/marktxxl.de\/markt\/produkt\/topquafocus-klistier-set-einlauf-set-zur-darmreinigung\uff08bpa-und-phthalat-frei-premium-reise-irrigator-set-2-liter\/\" \/>\n<meta property=\"og:locale\" content=\"de_DE\" \/>\n<meta property=\"og:type\" content=\"article\" \/>\n<meta property=\"og:title\" content=\"TopQuaFocus Klistier Set Einlauf Set Zur Darmreinigung\uff08BPA- Und Phthalat Frei) Premium Reise Irrigator Set 2 Liter\u2026\u2026 - Markt-XXL\" \/>\n<meta property=\"og:description\" content=\"Markt-XXL TopQuaFocus Klistier Set Einlauf Set Zur Darmreinigung\uff08BPA- Und Phthalat Frei) Premium Reise Irrigator Set 2 Liter\u2026\u2026\" \/>\n<meta property=\"og:url\" content=\"https:\/\/marktxxl.de\/markt\/produkt\/topquafocus-klistier-set-einlauf-set-zur-darmreinigung\uff08bpa-und-phthalat-frei-premium-reise-irrigator-set-2-liter\/\" \/>\n<meta property=\"og:site_name\" content=\"Markt-XXL\" \/>\n<meta property=\"article:modified_time\" content=\"2023-04-11T01:28:23+00:00\" \/>\n<meta property=\"og:image\" content=\"https:\/\/m.media-amazon.com\/images\/I\/41OWiyD4dgL._SL500_.jpg\" \/>\n\t<meta property=\"og:image:width\" content=\"500\" \/>\n\t<meta property=\"og:image:height\" content=\"500\" \/>\n\t<meta property=\"og:image:type\" content=\"image\/jpeg\" \/>\n<meta name=\"twitter:card\" content=\"summary_large_image\" \/>\n<meta name=\"twitter:label1\" content=\"Gesch\u00e4tzte Lesezeit\" \/>\n\t<meta name=\"twitter:data1\" content=\"1\u00a0Minute\" \/>\n<script type=\"application\/ld+json\" class=\"yoast-schema-graph\">{\"@context\":\"https:\\\/\\\/schema.org\",\"@graph\":[{\"@type\":\"WebPage\",\"@id\":\"https:\\\/\\\/marktxxl.de\\\/markt\\\/produkt\\\/topquafocus-klistier-set-einlauf-set-zur-darmreinigung%ef%bc%88bpa-und-phthalat-frei-premium-reise-irrigator-set-2-liter\\\/\",\"url\":\"https:\\\/\\\/marktxxl.de\\\/markt\\\/produkt\\\/topquafocus-klistier-set-einlauf-set-zur-darmreinigung%ef%bc%88bpa-und-phthalat-frei-premium-reise-irrigator-set-2-liter\\\/\",\"name\":\"TopQuaFocus Klistier Set Einlauf Set Zur Darmreinigung\uff08BPA- Und Phthalat Frei) Premium Reise Irrigator Set 2 Liter\u2026\u2026 - Markt-XXL\",\"isPartOf\":{\"@id\":\"https:\\\/\\\/marktxxl.de\\\/markt\\\/#website\"},\"primaryImageOfPage\":{\"@id\":\"https:\\\/\\\/marktxxl.de\\\/markt\\\/produkt\\\/topquafocus-klistier-set-einlauf-set-zur-darmreinigung%ef%bc%88bpa-und-phthalat-frei-premium-reise-irrigator-set-2-liter\\\/#primaryimage\"},\"image\":{\"@id\":\"https:\\\/\\\/marktxxl.de\\\/markt\\\/produkt\\\/topquafocus-klistier-set-einlauf-set-zur-darmreinigung%ef%bc%88bpa-und-phthalat-frei-premium-reise-irrigator-set-2-liter\\\/#primaryimage\"},\"thumbnailUrl\":\"https:\\\/\\\/m.media-amazon.com\\\/images\\\/I\\\/41OWiyD4dgL._SL500_.jpg\",\"datePublished\":\"2022-01-31T16:48:41+00:00\",\"dateModified\":\"2023-04-11T01:28:23+00:00\",\"description\":\"Markt-XXL TopQuaFocus Klistier Set Einlauf Set Zur Darmreinigung\uff08BPA- Und Phthalat Frei) Premium Reise Irrigator Set 2 Liter\u2026\u2026\",\"breadcrumb\":{\"@id\":\"https:\\\/\\\/marktxxl.de\\\/markt\\\/produkt\\\/topquafocus-klistier-set-einlauf-set-zur-darmreinigung%ef%bc%88bpa-und-phthalat-frei-premium-reise-irrigator-set-2-liter\\\/#breadcrumb\"},\"inLanguage\":\"de\",\"potentialAction\":[{\"@type\":\"ReadAction\",\"target\":[\"https:\\\/\\\/marktxxl.de\\\/markt\\\/produkt\\\/topquafocus-klistier-set-einlauf-set-zur-darmreinigung%ef%bc%88bpa-und-phthalat-frei-premium-reise-irrigator-set-2-liter\\\/\"]}]},{\"@type\":\"ImageObject\",\"inLanguage\":\"de\",\"@id\":\"https:\\\/\\\/marktxxl.de\\\/markt\\\/produkt\\\/topquafocus-klistier-set-einlauf-set-zur-darmreinigung%ef%bc%88bpa-und-phthalat-frei-premium-reise-irrigator-set-2-liter\\\/#primaryimage\",\"url\":\"https:\\\/\\\/m.media-amazon.com\\\/images\\\/I\\\/41OWiyD4dgL._SL500_.jpg\",\"contentUrl\":\"https:\\\/\\\/m.media-amazon.com\\\/images\\\/I\\\/41OWiyD4dgL._SL500_.jpg\",\"width\":500,\"height\":500},{\"@type\":\"BreadcrumbList\",\"@id\":\"https:\\\/\\\/marktxxl.de\\\/markt\\\/produkt\\\/topquafocus-klistier-set-einlauf-set-zur-darmreinigung%ef%bc%88bpa-und-phthalat-frei-premium-reise-irrigator-set-2-liter\\\/#breadcrumb\",\"itemListElement\":[{\"@type\":\"ListItem\",\"position\":1,\"name\":\"Startseite\",\"item\":\"https:\\\/\\\/marktxxl.de\\\/markt\\\/\"},{\"@type\":\"ListItem\",\"position\":2,\"name\":\"Markt\",\"item\":\"https:\\\/\\\/marktxxl.de\\\/markt\\\/\"},{\"@type\":\"ListItem\",\"position\":3,\"name\":\"TopQuaFocus Klistier Set Einlauf Set Zur Darmreinigung\uff08BPA- Und Phthalat Frei) Premium Reise Irrigator Set 2 Liter\u2026\u2026\"}]},{\"@type\":\"WebSite\",\"@id\":\"https:\\\/\\\/marktxxl.de\\\/markt\\\/#website\",\"url\":\"https:\\\/\\\/marktxxl.de\\\/markt\\\/\",\"name\":\"Markt-XXL\",\"description\":\"Ihr Markt Online\",\"publisher\":{\"@id\":\"https:\\\/\\\/marktxxl.de\\\/markt\\\/#organization\"},\"potentialAction\":[{\"@type\":\"SearchAction\",\"target\":{\"@type\":\"EntryPoint\",\"urlTemplate\":\"https:\\\/\\\/marktxxl.de\\\/markt\\\/?s={search_term_string}\"},\"query-input\":{\"@type\":\"PropertyValueSpecification\",\"valueRequired\":true,\"valueName\":\"search_term_string\"}}],\"inLanguage\":\"de\"},{\"@type\":\"Organization\",\"@id\":\"https:\\\/\\\/marktxxl.de\\\/markt\\\/#organization\",\"name\":\"Markt-XXL\",\"url\":\"https:\\\/\\\/marktxxl.de\\\/markt\\\/\",\"logo\":{\"@type\":\"ImageObject\",\"inLanguage\":\"de\",\"@id\":\"https:\\\/\\\/marktxxl.de\\\/markt\\\/#\\\/schema\\\/logo\\\/image\\\/\",\"url\":\"https:\\\/\\\/marktxxl.de\\\/markt\\\/wp-content\\\/uploads\\\/sites\\\/3\\\/2020\\\/12\\\/logo.png\",\"contentUrl\":\"https:\\\/\\\/marktxxl.de\\\/markt\\\/wp-content\\\/uploads\\\/sites\\\/3\\\/2020\\\/12\\\/logo.png\",\"width\":200,\"height\":70,\"caption\":\"Markt-XXL\"},\"image\":{\"@id\":\"https:\\\/\\\/marktxxl.de\\\/markt\\\/#\\\/schema\\\/logo\\\/image\\\/\"}}]}<\/script>\n<!-- \/ Yoast SEO plugin. -->","yoast_head_json":{"title":"TopQuaFocus Klistier Set Einlauf Set Zur Darmreinigung\uff08BPA- Und Phthalat Frei) Premium Reise Irrigator Set 2 Liter\u2026\u2026 - Markt-XXL","description":"Markt-XXL TopQuaFocus Klistier Set Einlauf Set Zur Darmreinigung\uff08BPA- Und Phthalat Frei) Premium Reise Irrigator Set 2 Liter\u2026\u2026","robots":{"index":"index","follow":"follow","max-snippet":"max-snippet:-1","max-image-preview":"max-image-preview:large","max-video-preview":"max-video-preview:-1"},"canonical":"https:\/\/marktxxl.de\/markt\/produkt\/topquafocus-klistier-set-einlauf-set-zur-darmreinigung\uff08bpa-und-phthalat-frei-premium-reise-irrigator-set-2-liter\/","og_locale":"de_DE","og_type":"article","og_title":"TopQuaFocus Klistier Set Einlauf Set Zur Darmreinigung\uff08BPA- Und Phthalat Frei) Premium Reise Irrigator Set 2 Liter\u2026\u2026 - Markt-XXL","og_description":"Markt-XXL TopQuaFocus Klistier Set Einlauf Set Zur Darmreinigung\uff08BPA- Und Phthalat Frei) Premium Reise Irrigator Set 2 Liter\u2026\u2026","og_url":"https:\/\/marktxxl.de\/markt\/produkt\/topquafocus-klistier-set-einlauf-set-zur-darmreinigung\uff08bpa-und-phthalat-frei-premium-reise-irrigator-set-2-liter\/","og_site_name":"Markt-XXL","article_modified_time":"2023-04-11T01:28:23+00:00","og_image":[{"width":500,"height":500,"url":"https:\/\/m.media-amazon.com\/images\/I\/41OWiyD4dgL._SL500_.jpg","type":"image\/jpeg"}],"twitter_card":"summary_large_image","twitter_misc":{"Gesch\u00e4tzte Lesezeit":"1\u00a0Minute"},"schema":{"@context":"https:\/\/schema.org","@graph":[{"@type":"WebPage","@id":"https:\/\/marktxxl.de\/markt\/produkt\/topquafocus-klistier-set-einlauf-set-zur-darmreinigung%ef%bc%88bpa-und-phthalat-frei-premium-reise-irrigator-set-2-liter\/","url":"https:\/\/marktxxl.de\/markt\/produkt\/topquafocus-klistier-set-einlauf-set-zur-darmreinigung%ef%bc%88bpa-und-phthalat-frei-premium-reise-irrigator-set-2-liter\/","name":"TopQuaFocus Klistier Set Einlauf Set Zur Darmreinigung\uff08BPA- Und Phthalat Frei) Premium Reise Irrigator Set 2 Liter\u2026\u2026 - Markt-XXL","isPartOf":{"@id":"https:\/\/marktxxl.de\/markt\/#website"},"primaryImageOfPage":{"@id":"https:\/\/marktxxl.de\/markt\/produkt\/topquafocus-klistier-set-einlauf-set-zur-darmreinigung%ef%bc%88bpa-und-phthalat-frei-premium-reise-irrigator-set-2-liter\/#primaryimage"},"image":{"@id":"https:\/\/marktxxl.de\/markt\/produkt\/topquafocus-klistier-set-einlauf-set-zur-darmreinigung%ef%bc%88bpa-und-phthalat-frei-premium-reise-irrigator-set-2-liter\/#primaryimage"},"thumbnailUrl":"https:\/\/m.media-amazon.com\/images\/I\/41OWiyD4dgL._SL500_.jpg","datePublished":"2022-01-31T16:48:41+00:00","dateModified":"2023-04-11T01:28:23+00:00","description":"Markt-XXL TopQuaFocus Klistier Set Einlauf Set Zur Darmreinigung\uff08BPA- Und Phthalat Frei) Premium Reise Irrigator Set 2 Liter\u2026\u2026","breadcrumb":{"@id":"https:\/\/marktxxl.de\/markt\/produkt\/topquafocus-klistier-set-einlauf-set-zur-darmreinigung%ef%bc%88bpa-und-phthalat-frei-premium-reise-irrigator-set-2-liter\/#breadcrumb"},"inLanguage":"de","potentialAction":[{"@type":"ReadAction","target":["https:\/\/marktxxl.de\/markt\/produkt\/topquafocus-klistier-set-einlauf-set-zur-darmreinigung%ef%bc%88bpa-und-phthalat-frei-premium-reise-irrigator-set-2-liter\/"]}]},{"@type":"ImageObject","inLanguage":"de","@id":"https:\/\/marktxxl.de\/markt\/produkt\/topquafocus-klistier-set-einlauf-set-zur-darmreinigung%ef%bc%88bpa-und-phthalat-frei-premium-reise-irrigator-set-2-liter\/#primaryimage","url":"https:\/\/m.media-amazon.com\/images\/I\/41OWiyD4dgL._SL500_.jpg","contentUrl":"https:\/\/m.media-amazon.com\/images\/I\/41OWiyD4dgL._SL500_.jpg","width":500,"height":500},{"@type":"BreadcrumbList","@id":"https:\/\/marktxxl.de\/markt\/produkt\/topquafocus-klistier-set-einlauf-set-zur-darmreinigung%ef%bc%88bpa-und-phthalat-frei-premium-reise-irrigator-set-2-liter\/#breadcrumb","itemListElement":[{"@type":"ListItem","position":1,"name":"Startseite","item":"https:\/\/marktxxl.de\/markt\/"},{"@type":"ListItem","position":2,"name":"Markt","item":"https:\/\/marktxxl.de\/markt\/"},{"@type":"ListItem","position":3,"name":"TopQuaFocus Klistier Set Einlauf Set Zur Darmreinigung\uff08BPA- Und Phthalat Frei) Premium Reise Irrigator Set 2 Liter\u2026\u2026"}]},{"@type":"WebSite","@id":"https:\/\/marktxxl.de\/markt\/#website","url":"https:\/\/marktxxl.de\/markt\/","name":"Markt-XXL","description":"Ihr Markt Online","publisher":{"@id":"https:\/\/marktxxl.de\/markt\/#organization"},"potentialAction":[{"@type":"SearchAction","target":{"@type":"EntryPoint","urlTemplate":"https:\/\/marktxxl.de\/markt\/?s={search_term_string}"},"query-input":{"@type":"PropertyValueSpecification","valueRequired":true,"valueName":"search_term_string"}}],"inLanguage":"de"},{"@type":"Organization","@id":"https:\/\/marktxxl.de\/markt\/#organization","name":"Markt-XXL","url":"https:\/\/marktxxl.de\/markt\/","logo":{"@type":"ImageObject","inLanguage":"de","@id":"https:\/\/marktxxl.de\/markt\/#\/schema\/logo\/image\/","url":"https:\/\/marktxxl.de\/markt\/wp-content\/uploads\/sites\/3\/2020\/12\/logo.png","contentUrl":"https:\/\/marktxxl.de\/markt\/wp-content\/uploads\/sites\/3\/2020\/12\/logo.png","width":200,"height":70,"caption":"Markt-XXL"},"image":{"@id":"https:\/\/marktxxl.de\/markt\/#\/schema\/logo\/image\/"}}]}},"_links":{"self":[{"href":"https:\/\/marktxxl.de\/markt\/wp-json\/wp\/v2\/product\/104102","targetHints":{"allow":["GET"]}}],"collection":[{"href":"https:\/\/marktxxl.de\/markt\/wp-json\/wp\/v2\/product"}],"about":[{"href":"https:\/\/marktxxl.de\/markt\/wp-json\/wp\/v2\/types\/product"}],"replies":[{"embeddable":true,"href":"https:\/\/marktxxl.de\/markt\/wp-json\/wp\/v2\/comments?post=104102"}],"wp:featuredmedia":[{"embeddable":true,"href":"https:\/\/marktxxl.de\/markt\/wp-json\/wp\/v2\/media\/104103"}],"wp:attachment":[{"href":"https:\/\/marktxxl.de\/markt\/wp-json\/wp\/v2\/media?parent=104102"}],"wp:term":[{"taxonomy":"product_brand","embeddable":true,"href":"https:\/\/marktxxl.de\/markt\/wp-json\/wp\/v2\/product_brand?post=104102"},{"taxonomy":"product_cat","embeddable":true,"href":"https:\/\/marktxxl.de\/markt\/wp-json\/wp\/v2\/product_cat?post=104102"},{"taxonomy":"product_tag","embeddable":true,"href":"https:\/\/marktxxl.de\/markt\/wp-json\/wp\/v2\/product_tag?post=104102"}],"curies":[{"name":"wp","href":"https:\/\/api.w.org\/{rel}","templated":true}]}}