{"id":104095,"date":"2022-01-31T17:48:37","date_gmt":"2022-01-31T16:48:37","guid":{"rendered":"https:\/\/marktxxl.de\/markt\/produkt\/meiruier-250ml-analdusche-anal-und-vaginaldusche-klistierspritze-irrigator-fuer-sie-und-ihn-silikon-anal-vaginal-dusche-anal-spuelung-fuer-maenner-und-frauen\/"},"modified":"2023-04-11T03:28:23","modified_gmt":"2023-04-11T01:28:23","slug":"meiruier-250ml-analdusche-anal-und-vaginaldusche-klistierspritze-irrigator-fuer-sie-und-ihn-silikon-anal-vaginal-dusche-anal-spuelung-fuer-maenner-und-frauen","status":"publish","type":"product","link":"https:\/\/marktxxl.de\/markt\/produkt\/meiruier-250ml-analdusche-anal-und-vaginaldusche-klistierspritze-irrigator-fuer-sie-und-ihn-silikon-anal-vaginal-dusche-anal-spuelung-fuer-maenner-und-frauen\/","title":{"rendered":"MEIRUIER 250ml Analdusche Anal und Vaginaldusche Klistierspritze Irrigator f\u00fcr Sie und Ihn Silikon Anal &amp; Vaginal Dusche\u2026"},"content":{"rendered":"<p>Gebrauchsanweisung: F\u00fcllen Sie die Fl\u00fcssigkeitsampule, die Sie w\u00e4hlen, legen Sie die D\u00fcse zum Vorbereiten, legen Sie die Ampulle in die Waschmaschine, um einen Fl\u00fcssigkeitsfluss innerhalb Ihres K\u00f6rpers zu befreien.<br \/>\nPerfektes Design: Die Klistierflasche ist sehr weich, mit einem Fassungsverm\u00f6gen von 225 ml und einer D\u00fcsenl\u00e4nge von 5,9 cm, einfach zu dr\u00fccken, auf die D\u00fcse w\u00e4hrend des Gebrauchs, kein Auslaufen, um sicherzustellen, dass die D\u00fcse glatt ist und ein komfortables Einf\u00fchren ohne Schmerzen bietet.<br \/>\nHochwertiges Material: Hergestellt aus FDA-zertifiziertem medizinischem PVC, BPA-frei, 100 % gesundheitliche Sicherheit mit einem gro\u00dfartigen Gef\u00fchl, glatt und weich.<br \/>\nEinfach zu bedienen: Die D\u00fcse kann angeschraubt und abgeschraubt werden, um das Bef\u00fcllen der Lampe zu erleichtern oder die Zug\u00e4nglichkeit f\u00fcr eine kontinuierliche Reinigung zu erreichen. Die tragbare Munddusche kann \u00fcberall mitgenommen werden und kann ein Bidet ersetzen.<br \/>\nUniversell einsetzbar: Einfache und effektive Analdusche f\u00fcr ein Sex, kann auch sicherer und ges\u00fcnder sein, wenn Sie diesen Reiniger vor dem Verh\u00e4ltnis verwenden. Geeignet f\u00fcr die Gesundheit von M\u00e4nnern und Frauen, Darmreinigung, bakterielle Infektion, Verstopfung, regelm\u00e4\u00dfige Reinigung.<br \/>\n<div class=\"main-cross-sell\" data-asin=\"B07SFV6L3N\">\n\n\t<div class=\"WooZone-cross-sell-loader\">\n\t\t<div>\n\t\t\t<div id=\"floatingBarsG\">\n\t\t\t\t<div class=\"blockG\" id=\"rotateG_01\"><\/div>\n\t\t\t\t<div class=\"blockG\" id=\"rotateG_02\"><\/div>\n\t\t\t\t<div class=\"blockG\" id=\"rotateG_03\"><\/div>\n\t\t\t\t<div class=\"blockG\" id=\"rotateG_04\"><\/div>\n\t\t\t\t<div class=\"blockG\" id=\"rotateG_05\"><\/div>\n\t\t\t\t<div class=\"blockG\" id=\"rotateG_06\"><\/div>\n\t\t\t\t<div class=\"blockG\" id=\"rotateG_07\"><\/div>\n\t\t\t\t<div class=\"blockG\" id=\"rotateG_08\"><\/div>\n\t\t\t<\/div>\n\t\t\t<div class=\"WooZone-cross-sell-loader-text\"><\/div>\n\t\t<\/div>\n\t<\/div>\n\n\t\t\n<\/div>\n<div style=\"clear:both;\"><\/div><\/p>\n","protected":false},"excerpt":{"rendered":"<p>Gebrauchsanweisung: F\u00fcllen Sie die Fl\u00fcssigkeitsampule, die Sie w\u00e4hlen, legen Sie die D\u00fcse zum Vorbereiten, legen Sie die Ampulle in die Waschmaschine, um einen Fl\u00fcssigkeitsfluss innerhalb Ihres K\u00f6rpers zu befreien.<br \/>\nPerfektes Design: Die Klistierflasche ist sehr weich, mit einem Fassungsverm\u00f6gen von 225 ml und einer D\u00fcsenl\u00e4nge von 5,9 cm, einfach zu dr\u00fccken, auf die D\u00fcse w\u00e4hrend des Gebrauchs, kein Auslaufen, um sicherzustellen, dass die D\u00fcse glatt ist und ein komfortables Einf\u00fchren ohne Schmerzen bietet.<br \/>\nHochwertiges Material: Hergestellt aus FDA-zertifiziertem medizinischem PVC, BPA-frei, 100 % gesundheitliche Sicherheit mit einem gro\u00dfartigen Gef\u00fchl, glatt und weich.<\/p>\n","protected":false},"featured_media":104096,"comment_status":"open","ping_status":"closed","template":"","meta":[],"product_brand":[],"product_cat":[652,2977],"product_tag":[],"class_list":{"0":"post-104095","1":"product","2":"type-product","3":"status-publish","4":"has-post-thumbnail","6":"product_cat-erotik-markt-xxl","7":"product_cat-sexspielzeug","8":"pa_binding-misc","9":"pa_brand-meiruier","10":"pa_manufacturer-meiruier","12":"first","13":"instock","14":"shipping-taxable","15":"purchasable","16":"product-type-simple","17":"customify-col","18":"product-has-gallery"},"yoast_head":"<!-- This site is optimized with the Yoast SEO plugin v27.4 - https:\/\/yoast.com\/product\/yoast-seo-wordpress\/ -->\n<title>MEIRUIER 250ml Analdusche Anal und Vaginaldusche Klistierspritze Irrigator f\u00fcr Sie und Ihn Silikon Anal &amp; Vaginal Dusche\u2026 - Markt-XXL<\/title>\n<meta name=\"description\" content=\"Markt-XXL MEIRUIER 250ml Analdusche Anal und Vaginaldusche Klistierspritze Irrigator f\u00fcr Sie und Ihn Silikon Anal &amp; Vaginal Dusche\u2026\" \/>\n<meta name=\"robots\" content=\"index, follow, max-snippet:-1, max-image-preview:large, max-video-preview:-1\" \/>\n<link rel=\"canonical\" href=\"https:\/\/marktxxl.de\/markt\/produkt\/meiruier-250ml-analdusche-anal-und-vaginaldusche-klistierspritze-irrigator-fuer-sie-und-ihn-silikon-anal-vaginal-dusche-anal-spuelung-fuer-maenner-und-frauen\/\" \/>\n<meta property=\"og:locale\" content=\"de_DE\" \/>\n<meta property=\"og:type\" content=\"article\" \/>\n<meta property=\"og:title\" content=\"MEIRUIER 250ml Analdusche Anal und Vaginaldusche Klistierspritze Irrigator f\u00fcr Sie und Ihn Silikon Anal &amp; Vaginal Dusche\u2026 - Markt-XXL\" \/>\n<meta property=\"og:description\" content=\"Markt-XXL MEIRUIER 250ml Analdusche Anal und Vaginaldusche Klistierspritze Irrigator f\u00fcr Sie und Ihn Silikon Anal &amp; Vaginal Dusche\u2026\" \/>\n<meta property=\"og:url\" content=\"https:\/\/marktxxl.de\/markt\/produkt\/meiruier-250ml-analdusche-anal-und-vaginaldusche-klistierspritze-irrigator-fuer-sie-und-ihn-silikon-anal-vaginal-dusche-anal-spuelung-fuer-maenner-und-frauen\/\" \/>\n<meta property=\"og:site_name\" content=\"Markt-XXL\" \/>\n<meta property=\"article:modified_time\" content=\"2023-04-11T01:28:23+00:00\" \/>\n<meta property=\"og:image\" content=\"https:\/\/m.media-amazon.com\/images\/I\/21CYALoZ+kL._SL500_.jpg\" \/>\n\t<meta property=\"og:image:width\" content=\"500\" \/>\n\t<meta property=\"og:image:height\" content=\"500\" \/>\n\t<meta property=\"og:image:type\" content=\"image\/jpeg\" \/>\n<meta name=\"twitter:card\" content=\"summary_large_image\" \/>\n<meta name=\"twitter:label1\" content=\"Gesch\u00e4tzte Lesezeit\" \/>\n\t<meta name=\"twitter:data1\" content=\"1\u00a0Minute\" \/>\n<script type=\"application\/ld+json\" class=\"yoast-schema-graph\">{\"@context\":\"https:\\\/\\\/schema.org\",\"@graph\":[{\"@type\":\"WebPage\",\"@id\":\"https:\\\/\\\/marktxxl.de\\\/markt\\\/produkt\\\/meiruier-250ml-analdusche-anal-und-vaginaldusche-klistierspritze-irrigator-fuer-sie-und-ihn-silikon-anal-vaginal-dusche-anal-spuelung-fuer-maenner-und-frauen\\\/\",\"url\":\"https:\\\/\\\/marktxxl.de\\\/markt\\\/produkt\\\/meiruier-250ml-analdusche-anal-und-vaginaldusche-klistierspritze-irrigator-fuer-sie-und-ihn-silikon-anal-vaginal-dusche-anal-spuelung-fuer-maenner-und-frauen\\\/\",\"name\":\"MEIRUIER 250ml Analdusche Anal und Vaginaldusche Klistierspritze Irrigator f\u00fcr Sie und Ihn Silikon Anal &amp; Vaginal Dusche\u2026 - Markt-XXL\",\"isPartOf\":{\"@id\":\"https:\\\/\\\/marktxxl.de\\\/markt\\\/#website\"},\"primaryImageOfPage\":{\"@id\":\"https:\\\/\\\/marktxxl.de\\\/markt\\\/produkt\\\/meiruier-250ml-analdusche-anal-und-vaginaldusche-klistierspritze-irrigator-fuer-sie-und-ihn-silikon-anal-vaginal-dusche-anal-spuelung-fuer-maenner-und-frauen\\\/#primaryimage\"},\"image\":{\"@id\":\"https:\\\/\\\/marktxxl.de\\\/markt\\\/produkt\\\/meiruier-250ml-analdusche-anal-und-vaginaldusche-klistierspritze-irrigator-fuer-sie-und-ihn-silikon-anal-vaginal-dusche-anal-spuelung-fuer-maenner-und-frauen\\\/#primaryimage\"},\"thumbnailUrl\":\"https:\\\/\\\/m.media-amazon.com\\\/images\\\/I\\\/21CYALoZ+kL._SL500_.jpg\",\"datePublished\":\"2022-01-31T16:48:37+00:00\",\"dateModified\":\"2023-04-11T01:28:23+00:00\",\"description\":\"Markt-XXL MEIRUIER 250ml Analdusche Anal und Vaginaldusche Klistierspritze Irrigator f\u00fcr Sie und Ihn Silikon Anal &amp; Vaginal Dusche\u2026\",\"breadcrumb\":{\"@id\":\"https:\\\/\\\/marktxxl.de\\\/markt\\\/produkt\\\/meiruier-250ml-analdusche-anal-und-vaginaldusche-klistierspritze-irrigator-fuer-sie-und-ihn-silikon-anal-vaginal-dusche-anal-spuelung-fuer-maenner-und-frauen\\\/#breadcrumb\"},\"inLanguage\":\"de\",\"potentialAction\":[{\"@type\":\"ReadAction\",\"target\":[\"https:\\\/\\\/marktxxl.de\\\/markt\\\/produkt\\\/meiruier-250ml-analdusche-anal-und-vaginaldusche-klistierspritze-irrigator-fuer-sie-und-ihn-silikon-anal-vaginal-dusche-anal-spuelung-fuer-maenner-und-frauen\\\/\"]}]},{\"@type\":\"ImageObject\",\"inLanguage\":\"de\",\"@id\":\"https:\\\/\\\/marktxxl.de\\\/markt\\\/produkt\\\/meiruier-250ml-analdusche-anal-und-vaginaldusche-klistierspritze-irrigator-fuer-sie-und-ihn-silikon-anal-vaginal-dusche-anal-spuelung-fuer-maenner-und-frauen\\\/#primaryimage\",\"url\":\"https:\\\/\\\/m.media-amazon.com\\\/images\\\/I\\\/21CYALoZ+kL._SL500_.jpg\",\"contentUrl\":\"https:\\\/\\\/m.media-amazon.com\\\/images\\\/I\\\/21CYALoZ+kL._SL500_.jpg\",\"width\":500,\"height\":500},{\"@type\":\"BreadcrumbList\",\"@id\":\"https:\\\/\\\/marktxxl.de\\\/markt\\\/produkt\\\/meiruier-250ml-analdusche-anal-und-vaginaldusche-klistierspritze-irrigator-fuer-sie-und-ihn-silikon-anal-vaginal-dusche-anal-spuelung-fuer-maenner-und-frauen\\\/#breadcrumb\",\"itemListElement\":[{\"@type\":\"ListItem\",\"position\":1,\"name\":\"Startseite\",\"item\":\"https:\\\/\\\/marktxxl.de\\\/markt\\\/\"},{\"@type\":\"ListItem\",\"position\":2,\"name\":\"Markt\",\"item\":\"https:\\\/\\\/marktxxl.de\\\/markt\\\/\"},{\"@type\":\"ListItem\",\"position\":3,\"name\":\"MEIRUIER 250ml Analdusche Anal und Vaginaldusche Klistierspritze Irrigator f\u00fcr Sie und Ihn Silikon Anal &amp; Vaginal Dusche\u2026\"}]},{\"@type\":\"WebSite\",\"@id\":\"https:\\\/\\\/marktxxl.de\\\/markt\\\/#website\",\"url\":\"https:\\\/\\\/marktxxl.de\\\/markt\\\/\",\"name\":\"Markt-XXL\",\"description\":\"Ihr Markt Online\",\"publisher\":{\"@id\":\"https:\\\/\\\/marktxxl.de\\\/markt\\\/#organization\"},\"potentialAction\":[{\"@type\":\"SearchAction\",\"target\":{\"@type\":\"EntryPoint\",\"urlTemplate\":\"https:\\\/\\\/marktxxl.de\\\/markt\\\/?s={search_term_string}\"},\"query-input\":{\"@type\":\"PropertyValueSpecification\",\"valueRequired\":true,\"valueName\":\"search_term_string\"}}],\"inLanguage\":\"de\"},{\"@type\":\"Organization\",\"@id\":\"https:\\\/\\\/marktxxl.de\\\/markt\\\/#organization\",\"name\":\"Markt-XXL\",\"url\":\"https:\\\/\\\/marktxxl.de\\\/markt\\\/\",\"logo\":{\"@type\":\"ImageObject\",\"inLanguage\":\"de\",\"@id\":\"https:\\\/\\\/marktxxl.de\\\/markt\\\/#\\\/schema\\\/logo\\\/image\\\/\",\"url\":\"https:\\\/\\\/marktxxl.de\\\/markt\\\/wp-content\\\/uploads\\\/sites\\\/3\\\/2020\\\/12\\\/logo.png\",\"contentUrl\":\"https:\\\/\\\/marktxxl.de\\\/markt\\\/wp-content\\\/uploads\\\/sites\\\/3\\\/2020\\\/12\\\/logo.png\",\"width\":200,\"height\":70,\"caption\":\"Markt-XXL\"},\"image\":{\"@id\":\"https:\\\/\\\/marktxxl.de\\\/markt\\\/#\\\/schema\\\/logo\\\/image\\\/\"}}]}<\/script>\n<!-- \/ Yoast SEO plugin. -->","yoast_head_json":{"title":"MEIRUIER 250ml Analdusche Anal und Vaginaldusche Klistierspritze Irrigator f\u00fcr Sie und Ihn Silikon Anal &amp; Vaginal Dusche\u2026 - Markt-XXL","description":"Markt-XXL MEIRUIER 250ml Analdusche Anal und Vaginaldusche Klistierspritze Irrigator f\u00fcr Sie und Ihn Silikon Anal &amp; Vaginal Dusche\u2026","robots":{"index":"index","follow":"follow","max-snippet":"max-snippet:-1","max-image-preview":"max-image-preview:large","max-video-preview":"max-video-preview:-1"},"canonical":"https:\/\/marktxxl.de\/markt\/produkt\/meiruier-250ml-analdusche-anal-und-vaginaldusche-klistierspritze-irrigator-fuer-sie-und-ihn-silikon-anal-vaginal-dusche-anal-spuelung-fuer-maenner-und-frauen\/","og_locale":"de_DE","og_type":"article","og_title":"MEIRUIER 250ml Analdusche Anal und Vaginaldusche Klistierspritze Irrigator f\u00fcr Sie und Ihn Silikon Anal &amp; Vaginal Dusche\u2026 - Markt-XXL","og_description":"Markt-XXL MEIRUIER 250ml Analdusche Anal und Vaginaldusche Klistierspritze Irrigator f\u00fcr Sie und Ihn Silikon Anal &amp; Vaginal Dusche\u2026","og_url":"https:\/\/marktxxl.de\/markt\/produkt\/meiruier-250ml-analdusche-anal-und-vaginaldusche-klistierspritze-irrigator-fuer-sie-und-ihn-silikon-anal-vaginal-dusche-anal-spuelung-fuer-maenner-und-frauen\/","og_site_name":"Markt-XXL","article_modified_time":"2023-04-11T01:28:23+00:00","og_image":[{"width":500,"height":500,"url":"https:\/\/m.media-amazon.com\/images\/I\/21CYALoZ+kL._SL500_.jpg","type":"image\/jpeg"}],"twitter_card":"summary_large_image","twitter_misc":{"Gesch\u00e4tzte Lesezeit":"1\u00a0Minute"},"schema":{"@context":"https:\/\/schema.org","@graph":[{"@type":"WebPage","@id":"https:\/\/marktxxl.de\/markt\/produkt\/meiruier-250ml-analdusche-anal-und-vaginaldusche-klistierspritze-irrigator-fuer-sie-und-ihn-silikon-anal-vaginal-dusche-anal-spuelung-fuer-maenner-und-frauen\/","url":"https:\/\/marktxxl.de\/markt\/produkt\/meiruier-250ml-analdusche-anal-und-vaginaldusche-klistierspritze-irrigator-fuer-sie-und-ihn-silikon-anal-vaginal-dusche-anal-spuelung-fuer-maenner-und-frauen\/","name":"MEIRUIER 250ml Analdusche Anal und Vaginaldusche Klistierspritze Irrigator f\u00fcr Sie und Ihn Silikon Anal &amp; Vaginal Dusche\u2026 - Markt-XXL","isPartOf":{"@id":"https:\/\/marktxxl.de\/markt\/#website"},"primaryImageOfPage":{"@id":"https:\/\/marktxxl.de\/markt\/produkt\/meiruier-250ml-analdusche-anal-und-vaginaldusche-klistierspritze-irrigator-fuer-sie-und-ihn-silikon-anal-vaginal-dusche-anal-spuelung-fuer-maenner-und-frauen\/#primaryimage"},"image":{"@id":"https:\/\/marktxxl.de\/markt\/produkt\/meiruier-250ml-analdusche-anal-und-vaginaldusche-klistierspritze-irrigator-fuer-sie-und-ihn-silikon-anal-vaginal-dusche-anal-spuelung-fuer-maenner-und-frauen\/#primaryimage"},"thumbnailUrl":"https:\/\/m.media-amazon.com\/images\/I\/21CYALoZ+kL._SL500_.jpg","datePublished":"2022-01-31T16:48:37+00:00","dateModified":"2023-04-11T01:28:23+00:00","description":"Markt-XXL MEIRUIER 250ml Analdusche Anal und Vaginaldusche Klistierspritze Irrigator f\u00fcr Sie und Ihn Silikon Anal &amp; Vaginal Dusche\u2026","breadcrumb":{"@id":"https:\/\/marktxxl.de\/markt\/produkt\/meiruier-250ml-analdusche-anal-und-vaginaldusche-klistierspritze-irrigator-fuer-sie-und-ihn-silikon-anal-vaginal-dusche-anal-spuelung-fuer-maenner-und-frauen\/#breadcrumb"},"inLanguage":"de","potentialAction":[{"@type":"ReadAction","target":["https:\/\/marktxxl.de\/markt\/produkt\/meiruier-250ml-analdusche-anal-und-vaginaldusche-klistierspritze-irrigator-fuer-sie-und-ihn-silikon-anal-vaginal-dusche-anal-spuelung-fuer-maenner-und-frauen\/"]}]},{"@type":"ImageObject","inLanguage":"de","@id":"https:\/\/marktxxl.de\/markt\/produkt\/meiruier-250ml-analdusche-anal-und-vaginaldusche-klistierspritze-irrigator-fuer-sie-und-ihn-silikon-anal-vaginal-dusche-anal-spuelung-fuer-maenner-und-frauen\/#primaryimage","url":"https:\/\/m.media-amazon.com\/images\/I\/21CYALoZ+kL._SL500_.jpg","contentUrl":"https:\/\/m.media-amazon.com\/images\/I\/21CYALoZ+kL._SL500_.jpg","width":500,"height":500},{"@type":"BreadcrumbList","@id":"https:\/\/marktxxl.de\/markt\/produkt\/meiruier-250ml-analdusche-anal-und-vaginaldusche-klistierspritze-irrigator-fuer-sie-und-ihn-silikon-anal-vaginal-dusche-anal-spuelung-fuer-maenner-und-frauen\/#breadcrumb","itemListElement":[{"@type":"ListItem","position":1,"name":"Startseite","item":"https:\/\/marktxxl.de\/markt\/"},{"@type":"ListItem","position":2,"name":"Markt","item":"https:\/\/marktxxl.de\/markt\/"},{"@type":"ListItem","position":3,"name":"MEIRUIER 250ml Analdusche Anal und Vaginaldusche Klistierspritze Irrigator f\u00fcr Sie und Ihn Silikon Anal &amp; Vaginal Dusche\u2026"}]},{"@type":"WebSite","@id":"https:\/\/marktxxl.de\/markt\/#website","url":"https:\/\/marktxxl.de\/markt\/","name":"Markt-XXL","description":"Ihr Markt Online","publisher":{"@id":"https:\/\/marktxxl.de\/markt\/#organization"},"potentialAction":[{"@type":"SearchAction","target":{"@type":"EntryPoint","urlTemplate":"https:\/\/marktxxl.de\/markt\/?s={search_term_string}"},"query-input":{"@type":"PropertyValueSpecification","valueRequired":true,"valueName":"search_term_string"}}],"inLanguage":"de"},{"@type":"Organization","@id":"https:\/\/marktxxl.de\/markt\/#organization","name":"Markt-XXL","url":"https:\/\/marktxxl.de\/markt\/","logo":{"@type":"ImageObject","inLanguage":"de","@id":"https:\/\/marktxxl.de\/markt\/#\/schema\/logo\/image\/","url":"https:\/\/marktxxl.de\/markt\/wp-content\/uploads\/sites\/3\/2020\/12\/logo.png","contentUrl":"https:\/\/marktxxl.de\/markt\/wp-content\/uploads\/sites\/3\/2020\/12\/logo.png","width":200,"height":70,"caption":"Markt-XXL"},"image":{"@id":"https:\/\/marktxxl.de\/markt\/#\/schema\/logo\/image\/"}}]}},"_links":{"self":[{"href":"https:\/\/marktxxl.de\/markt\/wp-json\/wp\/v2\/product\/104095","targetHints":{"allow":["GET"]}}],"collection":[{"href":"https:\/\/marktxxl.de\/markt\/wp-json\/wp\/v2\/product"}],"about":[{"href":"https:\/\/marktxxl.de\/markt\/wp-json\/wp\/v2\/types\/product"}],"replies":[{"embeddable":true,"href":"https:\/\/marktxxl.de\/markt\/wp-json\/wp\/v2\/comments?post=104095"}],"wp:featuredmedia":[{"embeddable":true,"href":"https:\/\/marktxxl.de\/markt\/wp-json\/wp\/v2\/media\/104096"}],"wp:attachment":[{"href":"https:\/\/marktxxl.de\/markt\/wp-json\/wp\/v2\/media?parent=104095"}],"wp:term":[{"taxonomy":"product_brand","embeddable":true,"href":"https:\/\/marktxxl.de\/markt\/wp-json\/wp\/v2\/product_brand?post=104095"},{"taxonomy":"product_cat","embeddable":true,"href":"https:\/\/marktxxl.de\/markt\/wp-json\/wp\/v2\/product_cat?post=104095"},{"taxonomy":"product_tag","embeddable":true,"href":"https:\/\/marktxxl.de\/markt\/wp-json\/wp\/v2\/product_tag?post=104095"}],"curies":[{"name":"wp","href":"https:\/\/api.w.org\/{rel}","templated":true}]}}