{"id":103851,"date":"2022-01-27T20:12:42","date_gmt":"2022-01-27T19:12:42","guid":{"rendered":"https:\/\/marktxxl.de\/markt\/produkt\/blue-sky-wochen-und-monatsplaner-mattiert-flexibler-einband-doppeldrahtbindung\/"},"modified":"2023-04-11T03:28:20","modified_gmt":"2023-04-11T01:28:20","slug":"blue-sky-wochen-und-monatsplaner-mattiert-flexibler-einband-doppeldrahtbindung","status":"publish","type":"product","link":"https:\/\/marktxxl.de\/markt\/produkt\/blue-sky-wochen-und-monatsplaner-mattiert-flexibler-einband-doppeldrahtbindung\/","title":{"rendered":"Blue Sky Lindley 101579-21 Wochen- und Monatsplaner, flexibler Einband, Doppeldrahtbindung, 12,7 x 20,3 cm, Lindley"},"content":{"rendered":"<p>Monatsansichtseiten enthalten Referenzkalender f\u00fcr den vorherigen und n\u00e4chsten Monat f\u00fcr die langfristige Planung und einen Abschnitt f\u00fcr Notizen f\u00fcr wichtige Projekte; wichtige Feiertage aufgef\u00fchrt, verstrichene und verbleibende Tage<br \/>\nWochenansicht Seiten bieten reichlich linierten Platz zum Schreiben f\u00fcr detailliertere Planung, sodass Sie Ihre Termine, To-Dos, Erinnerungen und Ideen im Auge behalten k\u00f6nnen<br \/>\nGedruckt auf hochwertigem, wei\u00dfem Papier f\u00fcr sauberes Schreiben, mit hochwertigem Einband und langlebigen, beschichteten Reitern, die dem st\u00e4ndigen Gebrauch das ganze Jahr \u00fcberstehen<br \/>\nDer Lebensplaner enth\u00e4lt eine praktische Liste von Feiertagen, Referenzkalendern, Kontaktseiten und zus\u00e4tzlichen Notizseiten, um Ihren Terminplanungsbed\u00fcrfnissen gerecht zu werden<br \/>\nJanuar 2021 \u2013 Dezember 2021 stilvoller Tagesplaner, mit 12 Monaten monatlichen und w\u00f6chentlichen Seiten f\u00fcr einfache Jahresplanung und Planung; 6 monatliche Seiten (Juli 2020 \u2013 Dezember 2020) sind enthalten<br \/>\n<div class=\"main-cross-sell\" data-asin=\"B07TQP2VPY\">\n\n\t<div class=\"WooZone-cross-sell-loader\">\n\t\t<div>\n\t\t\t<div id=\"floatingBarsG\">\n\t\t\t\t<div class=\"blockG\" id=\"rotateG_01\"><\/div>\n\t\t\t\t<div class=\"blockG\" id=\"rotateG_02\"><\/div>\n\t\t\t\t<div class=\"blockG\" id=\"rotateG_03\"><\/div>\n\t\t\t\t<div class=\"blockG\" id=\"rotateG_04\"><\/div>\n\t\t\t\t<div class=\"blockG\" id=\"rotateG_05\"><\/div>\n\t\t\t\t<div class=\"blockG\" id=\"rotateG_06\"><\/div>\n\t\t\t\t<div class=\"blockG\" id=\"rotateG_07\"><\/div>\n\t\t\t\t<div class=\"blockG\" id=\"rotateG_08\"><\/div>\n\t\t\t<\/div>\n\t\t\t<div class=\"WooZone-cross-sell-loader-text\"><\/div>\n\t\t<\/div>\n\t<\/div>\n\n\t\t\n<\/div>\n<div style=\"clear:both;\"><\/div><\/p>\n","protected":false},"excerpt":{"rendered":"<p>Monatsansichtseiten enthalten Referenzkalender f\u00fcr den vorherigen und n\u00e4chsten Monat f\u00fcr die langfristige Planung und einen Abschnitt f\u00fcr Notizen f\u00fcr wichtige Projekte; wichtige Feiertage aufgef\u00fchrt, verstrichene und verbleibende Tage<br \/>\nWochenansicht Seiten bieten reichlich linierten Platz zum Schreiben f\u00fcr detailliertere Planung, sodass Sie Ihre Termine, To-Dos, Erinnerungen und Ideen im Auge behalten k\u00f6nnen<br \/>\nGedruckt auf hochwertigem, wei\u00dfem Papier f\u00fcr sauberes Schreiben, mit hochwertigem Einband und langlebigen, beschichteten Reitern, die dem st\u00e4ndigen Gebrauch das ganze Jahr \u00fcberstehen<\/p>\n","protected":false},"featured_media":103852,"comment_status":"open","ping_status":"closed","template":"","meta":[],"product_brand":[],"product_cat":[504,8381],"product_tag":[],"class_list":{"0":"post-103851","1":"product","2":"type-product","3":"status-publish","4":"has-post-thumbnail","6":"product_cat-buerobedarf-schreibwaren","7":"product_cat-kalender-planer-und-organizer","8":"pa_binding-buerobedarf-schreibwaren","9":"pa_brand-blue-sky","10":"pa_manufacturer-blue-sky","12":"first","13":"instock","14":"shipping-taxable","15":"purchasable","16":"product-type-simple","17":"customify-col","18":"product-has-gallery"},"yoast_head":"<!-- This site is optimized with the Yoast SEO plugin v27.4 - https:\/\/yoast.com\/product\/yoast-seo-wordpress\/ -->\n<title>Blue Sky Lindley 101579-21 Wochen- und Monatsplaner, flexibler Einband, Doppeldrahtbindung, 12,7 x 20,3 cm, Lindley - Markt-XXL<\/title>\n<meta name=\"description\" content=\"Markt-XXL Blue Sky Lindley 101579-21 Wochen- und Monatsplaner, flexibler Einband, Doppeldrahtbindung, 12,7 x 20,3 cm, Lindley\" \/>\n<meta name=\"robots\" content=\"index, follow, max-snippet:-1, max-image-preview:large, max-video-preview:-1\" \/>\n<link rel=\"canonical\" href=\"https:\/\/marktxxl.de\/markt\/produkt\/blue-sky-wochen-und-monatsplaner-mattiert-flexibler-einband-doppeldrahtbindung\/\" \/>\n<meta property=\"og:locale\" content=\"de_DE\" \/>\n<meta property=\"og:type\" content=\"article\" \/>\n<meta property=\"og:title\" content=\"Blue Sky Lindley 101579-21 Wochen- und Monatsplaner, flexibler Einband, Doppeldrahtbindung, 12,7 x 20,3 cm, Lindley - Markt-XXL\" \/>\n<meta property=\"og:description\" content=\"Markt-XXL Blue Sky Lindley 101579-21 Wochen- und Monatsplaner, flexibler Einband, Doppeldrahtbindung, 12,7 x 20,3 cm, Lindley\" \/>\n<meta property=\"og:url\" content=\"https:\/\/marktxxl.de\/markt\/produkt\/blue-sky-wochen-und-monatsplaner-mattiert-flexibler-einband-doppeldrahtbindung\/\" \/>\n<meta property=\"og:site_name\" content=\"Markt-XXL\" \/>\n<meta property=\"article:modified_time\" content=\"2023-04-11T01:28:20+00:00\" \/>\n<meta property=\"og:image\" content=\"https:\/\/m.media-amazon.com\/images\/I\/514pNzt8LQL._SL500_.jpg\" \/>\n\t<meta property=\"og:image:width\" content=\"500\" \/>\n\t<meta property=\"og:image:height\" content=\"500\" \/>\n\t<meta property=\"og:image:type\" content=\"image\/jpeg\" \/>\n<meta name=\"twitter:card\" content=\"summary_large_image\" \/>\n<meta name=\"twitter:label1\" content=\"Gesch\u00e4tzte Lesezeit\" \/>\n\t<meta name=\"twitter:data1\" content=\"1\u00a0Minute\" \/>\n<script type=\"application\/ld+json\" class=\"yoast-schema-graph\">{\"@context\":\"https:\\\/\\\/schema.org\",\"@graph\":[{\"@type\":\"WebPage\",\"@id\":\"https:\\\/\\\/marktxxl.de\\\/markt\\\/produkt\\\/blue-sky-wochen-und-monatsplaner-mattiert-flexibler-einband-doppeldrahtbindung\\\/\",\"url\":\"https:\\\/\\\/marktxxl.de\\\/markt\\\/produkt\\\/blue-sky-wochen-und-monatsplaner-mattiert-flexibler-einband-doppeldrahtbindung\\\/\",\"name\":\"Blue Sky Lindley 101579-21 Wochen- und Monatsplaner, flexibler Einband, Doppeldrahtbindung, 12,7 x 20,3 cm, Lindley - Markt-XXL\",\"isPartOf\":{\"@id\":\"https:\\\/\\\/marktxxl.de\\\/markt\\\/#website\"},\"primaryImageOfPage\":{\"@id\":\"https:\\\/\\\/marktxxl.de\\\/markt\\\/produkt\\\/blue-sky-wochen-und-monatsplaner-mattiert-flexibler-einband-doppeldrahtbindung\\\/#primaryimage\"},\"image\":{\"@id\":\"https:\\\/\\\/marktxxl.de\\\/markt\\\/produkt\\\/blue-sky-wochen-und-monatsplaner-mattiert-flexibler-einband-doppeldrahtbindung\\\/#primaryimage\"},\"thumbnailUrl\":\"https:\\\/\\\/m.media-amazon.com\\\/images\\\/I\\\/514pNzt8LQL._SL500_.jpg\",\"datePublished\":\"2022-01-27T19:12:42+00:00\",\"dateModified\":\"2023-04-11T01:28:20+00:00\",\"description\":\"Markt-XXL Blue Sky Lindley 101579-21 Wochen- und Monatsplaner, flexibler Einband, Doppeldrahtbindung, 12,7 x 20,3 cm, Lindley\",\"breadcrumb\":{\"@id\":\"https:\\\/\\\/marktxxl.de\\\/markt\\\/produkt\\\/blue-sky-wochen-und-monatsplaner-mattiert-flexibler-einband-doppeldrahtbindung\\\/#breadcrumb\"},\"inLanguage\":\"de\",\"potentialAction\":[{\"@type\":\"ReadAction\",\"target\":[\"https:\\\/\\\/marktxxl.de\\\/markt\\\/produkt\\\/blue-sky-wochen-und-monatsplaner-mattiert-flexibler-einband-doppeldrahtbindung\\\/\"]}]},{\"@type\":\"ImageObject\",\"inLanguage\":\"de\",\"@id\":\"https:\\\/\\\/marktxxl.de\\\/markt\\\/produkt\\\/blue-sky-wochen-und-monatsplaner-mattiert-flexibler-einband-doppeldrahtbindung\\\/#primaryimage\",\"url\":\"https:\\\/\\\/m.media-amazon.com\\\/images\\\/I\\\/514pNzt8LQL._SL500_.jpg\",\"contentUrl\":\"https:\\\/\\\/m.media-amazon.com\\\/images\\\/I\\\/514pNzt8LQL._SL500_.jpg\",\"width\":500,\"height\":500},{\"@type\":\"BreadcrumbList\",\"@id\":\"https:\\\/\\\/marktxxl.de\\\/markt\\\/produkt\\\/blue-sky-wochen-und-monatsplaner-mattiert-flexibler-einband-doppeldrahtbindung\\\/#breadcrumb\",\"itemListElement\":[{\"@type\":\"ListItem\",\"position\":1,\"name\":\"Startseite\",\"item\":\"https:\\\/\\\/marktxxl.de\\\/markt\\\/\"},{\"@type\":\"ListItem\",\"position\":2,\"name\":\"Markt\",\"item\":\"https:\\\/\\\/marktxxl.de\\\/markt\\\/\"},{\"@type\":\"ListItem\",\"position\":3,\"name\":\"Blue Sky Lindley 101579-21 Wochen- und Monatsplaner, flexibler Einband, Doppeldrahtbindung, 12,7 x 20,3 cm, Lindley\"}]},{\"@type\":\"WebSite\",\"@id\":\"https:\\\/\\\/marktxxl.de\\\/markt\\\/#website\",\"url\":\"https:\\\/\\\/marktxxl.de\\\/markt\\\/\",\"name\":\"Markt-XXL\",\"description\":\"Ihr Markt Online\",\"publisher\":{\"@id\":\"https:\\\/\\\/marktxxl.de\\\/markt\\\/#organization\"},\"potentialAction\":[{\"@type\":\"SearchAction\",\"target\":{\"@type\":\"EntryPoint\",\"urlTemplate\":\"https:\\\/\\\/marktxxl.de\\\/markt\\\/?s={search_term_string}\"},\"query-input\":{\"@type\":\"PropertyValueSpecification\",\"valueRequired\":true,\"valueName\":\"search_term_string\"}}],\"inLanguage\":\"de\"},{\"@type\":\"Organization\",\"@id\":\"https:\\\/\\\/marktxxl.de\\\/markt\\\/#organization\",\"name\":\"Markt-XXL\",\"url\":\"https:\\\/\\\/marktxxl.de\\\/markt\\\/\",\"logo\":{\"@type\":\"ImageObject\",\"inLanguage\":\"de\",\"@id\":\"https:\\\/\\\/marktxxl.de\\\/markt\\\/#\\\/schema\\\/logo\\\/image\\\/\",\"url\":\"https:\\\/\\\/marktxxl.de\\\/markt\\\/wp-content\\\/uploads\\\/sites\\\/3\\\/2020\\\/12\\\/logo.png\",\"contentUrl\":\"https:\\\/\\\/marktxxl.de\\\/markt\\\/wp-content\\\/uploads\\\/sites\\\/3\\\/2020\\\/12\\\/logo.png\",\"width\":200,\"height\":70,\"caption\":\"Markt-XXL\"},\"image\":{\"@id\":\"https:\\\/\\\/marktxxl.de\\\/markt\\\/#\\\/schema\\\/logo\\\/image\\\/\"}}]}<\/script>\n<!-- \/ Yoast SEO plugin. -->","yoast_head_json":{"title":"Blue Sky Lindley 101579-21 Wochen- und Monatsplaner, flexibler Einband, Doppeldrahtbindung, 12,7 x 20,3 cm, Lindley - Markt-XXL","description":"Markt-XXL Blue Sky Lindley 101579-21 Wochen- und Monatsplaner, flexibler Einband, Doppeldrahtbindung, 12,7 x 20,3 cm, Lindley","robots":{"index":"index","follow":"follow","max-snippet":"max-snippet:-1","max-image-preview":"max-image-preview:large","max-video-preview":"max-video-preview:-1"},"canonical":"https:\/\/marktxxl.de\/markt\/produkt\/blue-sky-wochen-und-monatsplaner-mattiert-flexibler-einband-doppeldrahtbindung\/","og_locale":"de_DE","og_type":"article","og_title":"Blue Sky Lindley 101579-21 Wochen- und Monatsplaner, flexibler Einband, Doppeldrahtbindung, 12,7 x 20,3 cm, Lindley - Markt-XXL","og_description":"Markt-XXL Blue Sky Lindley 101579-21 Wochen- und Monatsplaner, flexibler Einband, Doppeldrahtbindung, 12,7 x 20,3 cm, Lindley","og_url":"https:\/\/marktxxl.de\/markt\/produkt\/blue-sky-wochen-und-monatsplaner-mattiert-flexibler-einband-doppeldrahtbindung\/","og_site_name":"Markt-XXL","article_modified_time":"2023-04-11T01:28:20+00:00","og_image":[{"width":500,"height":500,"url":"https:\/\/m.media-amazon.com\/images\/I\/514pNzt8LQL._SL500_.jpg","type":"image\/jpeg"}],"twitter_card":"summary_large_image","twitter_misc":{"Gesch\u00e4tzte Lesezeit":"1\u00a0Minute"},"schema":{"@context":"https:\/\/schema.org","@graph":[{"@type":"WebPage","@id":"https:\/\/marktxxl.de\/markt\/produkt\/blue-sky-wochen-und-monatsplaner-mattiert-flexibler-einband-doppeldrahtbindung\/","url":"https:\/\/marktxxl.de\/markt\/produkt\/blue-sky-wochen-und-monatsplaner-mattiert-flexibler-einband-doppeldrahtbindung\/","name":"Blue Sky Lindley 101579-21 Wochen- und Monatsplaner, flexibler Einband, Doppeldrahtbindung, 12,7 x 20,3 cm, Lindley - Markt-XXL","isPartOf":{"@id":"https:\/\/marktxxl.de\/markt\/#website"},"primaryImageOfPage":{"@id":"https:\/\/marktxxl.de\/markt\/produkt\/blue-sky-wochen-und-monatsplaner-mattiert-flexibler-einband-doppeldrahtbindung\/#primaryimage"},"image":{"@id":"https:\/\/marktxxl.de\/markt\/produkt\/blue-sky-wochen-und-monatsplaner-mattiert-flexibler-einband-doppeldrahtbindung\/#primaryimage"},"thumbnailUrl":"https:\/\/m.media-amazon.com\/images\/I\/514pNzt8LQL._SL500_.jpg","datePublished":"2022-01-27T19:12:42+00:00","dateModified":"2023-04-11T01:28:20+00:00","description":"Markt-XXL Blue Sky Lindley 101579-21 Wochen- und Monatsplaner, flexibler Einband, Doppeldrahtbindung, 12,7 x 20,3 cm, Lindley","breadcrumb":{"@id":"https:\/\/marktxxl.de\/markt\/produkt\/blue-sky-wochen-und-monatsplaner-mattiert-flexibler-einband-doppeldrahtbindung\/#breadcrumb"},"inLanguage":"de","potentialAction":[{"@type":"ReadAction","target":["https:\/\/marktxxl.de\/markt\/produkt\/blue-sky-wochen-und-monatsplaner-mattiert-flexibler-einband-doppeldrahtbindung\/"]}]},{"@type":"ImageObject","inLanguage":"de","@id":"https:\/\/marktxxl.de\/markt\/produkt\/blue-sky-wochen-und-monatsplaner-mattiert-flexibler-einband-doppeldrahtbindung\/#primaryimage","url":"https:\/\/m.media-amazon.com\/images\/I\/514pNzt8LQL._SL500_.jpg","contentUrl":"https:\/\/m.media-amazon.com\/images\/I\/514pNzt8LQL._SL500_.jpg","width":500,"height":500},{"@type":"BreadcrumbList","@id":"https:\/\/marktxxl.de\/markt\/produkt\/blue-sky-wochen-und-monatsplaner-mattiert-flexibler-einband-doppeldrahtbindung\/#breadcrumb","itemListElement":[{"@type":"ListItem","position":1,"name":"Startseite","item":"https:\/\/marktxxl.de\/markt\/"},{"@type":"ListItem","position":2,"name":"Markt","item":"https:\/\/marktxxl.de\/markt\/"},{"@type":"ListItem","position":3,"name":"Blue Sky Lindley 101579-21 Wochen- und Monatsplaner, flexibler Einband, Doppeldrahtbindung, 12,7 x 20,3 cm, Lindley"}]},{"@type":"WebSite","@id":"https:\/\/marktxxl.de\/markt\/#website","url":"https:\/\/marktxxl.de\/markt\/","name":"Markt-XXL","description":"Ihr Markt Online","publisher":{"@id":"https:\/\/marktxxl.de\/markt\/#organization"},"potentialAction":[{"@type":"SearchAction","target":{"@type":"EntryPoint","urlTemplate":"https:\/\/marktxxl.de\/markt\/?s={search_term_string}"},"query-input":{"@type":"PropertyValueSpecification","valueRequired":true,"valueName":"search_term_string"}}],"inLanguage":"de"},{"@type":"Organization","@id":"https:\/\/marktxxl.de\/markt\/#organization","name":"Markt-XXL","url":"https:\/\/marktxxl.de\/markt\/","logo":{"@type":"ImageObject","inLanguage":"de","@id":"https:\/\/marktxxl.de\/markt\/#\/schema\/logo\/image\/","url":"https:\/\/marktxxl.de\/markt\/wp-content\/uploads\/sites\/3\/2020\/12\/logo.png","contentUrl":"https:\/\/marktxxl.de\/markt\/wp-content\/uploads\/sites\/3\/2020\/12\/logo.png","width":200,"height":70,"caption":"Markt-XXL"},"image":{"@id":"https:\/\/marktxxl.de\/markt\/#\/schema\/logo\/image\/"}}]}},"_links":{"self":[{"href":"https:\/\/marktxxl.de\/markt\/wp-json\/wp\/v2\/product\/103851","targetHints":{"allow":["GET"]}}],"collection":[{"href":"https:\/\/marktxxl.de\/markt\/wp-json\/wp\/v2\/product"}],"about":[{"href":"https:\/\/marktxxl.de\/markt\/wp-json\/wp\/v2\/types\/product"}],"replies":[{"embeddable":true,"href":"https:\/\/marktxxl.de\/markt\/wp-json\/wp\/v2\/comments?post=103851"}],"wp:featuredmedia":[{"embeddable":true,"href":"https:\/\/marktxxl.de\/markt\/wp-json\/wp\/v2\/media\/103852"}],"wp:attachment":[{"href":"https:\/\/marktxxl.de\/markt\/wp-json\/wp\/v2\/media?parent=103851"}],"wp:term":[{"taxonomy":"product_brand","embeddable":true,"href":"https:\/\/marktxxl.de\/markt\/wp-json\/wp\/v2\/product_brand?post=103851"},{"taxonomy":"product_cat","embeddable":true,"href":"https:\/\/marktxxl.de\/markt\/wp-json\/wp\/v2\/product_cat?post=103851"},{"taxonomy":"product_tag","embeddable":true,"href":"https:\/\/marktxxl.de\/markt\/wp-json\/wp\/v2\/product_tag?post=103851"}],"curies":[{"name":"wp","href":"https:\/\/api.w.org\/{rel}","templated":true}]}}