{"id":103786,"date":"2022-01-27T20:09:29","date_gmt":"2022-01-27T19:09:29","guid":{"rendered":"https:\/\/marktxxl.de\/markt\/produkt\/2022-gary-pattersons-cats-wandkalender-305-x-305-cm-monatlich\/"},"modified":"2023-04-11T03:28:19","modified_gmt":"2023-04-11T01:28:19","slug":"2022-gary-pattersons-cats-wandkalender-305-x-305-cm-monatlich","status":"publish","type":"product","link":"https:\/\/marktxxl.de\/markt\/produkt\/2022-gary-pattersons-cats-wandkalender-305-x-305-cm-monatlich\/","title":{"rendered":"Gary Patterson&#8217;s Cats Wandkalender 2022, 30,5 x 30,5 cm, monatlich (DDD55028)"},"content":{"rendered":"<p>JAHREPLANUNG &#8211; Freundlicher Humor f\u00fcr Katzenliebhaber, behalten Sie mit diesem Kalender den \u00dcberblick \u00fcber wichtige Termine, besondere Ereignisse und Erinnerungen. Deckt einen Zeitraum von 16 Monaten ab September 2021 bis Dezember 2022.<br \/>\nGary Patterson Katzen-Design \u2013 Verbringen Sie das Jahr mit seinem Gary Patterson und seinen lustigen Katzen-Illustrationen. Seiten mit bunten R\u00e4ndern und Druck.<br \/>\nMonatliche \u00dcbersichten: Ein Monat ist \u00fcber zwei Seiten mit einem Bild oben und einer Kalenderseite unten. Notieren Sie Pl\u00e4ne und Notizen in den unlinierten Tagesbl\u00f6cken.<br \/>\nBonus-Features \u2013 Enth\u00e4lt eine Seite mit 4 zus\u00e4tzlichen Kalenderrasten f\u00fcr September bis Dezember 2020 f\u00fcr die fr\u00fche Planung<br \/>\nDekorative Organisation \u2013 H\u00e4ngen Sie es an einer Wand in Ihrem Zuhause, B\u00fcro oder in der Schule f\u00fcr ein ganzes Jahr der Planung und dar\u00fcber hinaus. Auf gl\u00e4nzendem Papier gedruckt. Ma\u00dfe: 30,5 x 30,5 cm im geschlossenen Zustand, 30,5 x 61 cm im ge\u00f6ffneten Zustand.<br \/>\n<div class=\"main-cross-sell\" data-asin=\"B09KMG8QMJ\">\n\n\t<div class=\"WooZone-cross-sell-loader\">\n\t\t<div>\n\t\t\t<div id=\"floatingBarsG\">\n\t\t\t\t<div class=\"blockG\" id=\"rotateG_01\"><\/div>\n\t\t\t\t<div class=\"blockG\" id=\"rotateG_02\"><\/div>\n\t\t\t\t<div class=\"blockG\" id=\"rotateG_03\"><\/div>\n\t\t\t\t<div class=\"blockG\" id=\"rotateG_04\"><\/div>\n\t\t\t\t<div class=\"blockG\" id=\"rotateG_05\"><\/div>\n\t\t\t\t<div class=\"blockG\" id=\"rotateG_06\"><\/div>\n\t\t\t\t<div class=\"blockG\" id=\"rotateG_07\"><\/div>\n\t\t\t\t<div class=\"blockG\" id=\"rotateG_08\"><\/div>\n\t\t\t<\/div>\n\t\t\t<div class=\"WooZone-cross-sell-loader-text\"><\/div>\n\t\t<\/div>\n\t<\/div>\n\n\t\t\n<\/div>\n<div style=\"clear:both;\"><\/div><\/p>\n","protected":false},"excerpt":{"rendered":"<p>JAHREPLANUNG &#8211; Freundlicher Humor f\u00fcr Katzenliebhaber, behalten Sie mit diesem Kalender den \u00dcberblick \u00fcber wichtige Termine, besondere Ereignisse und Erinnerungen. Deckt einen Zeitraum von 16 Monaten ab September 2021 bis Dezember 2022.<br \/>\nGary Patterson Katzen-Design \u2013 Verbringen Sie das Jahr mit seinem Gary Patterson und seinen lustigen Katzen-Illustrationen. Seiten mit bunten R\u00e4ndern und Druck.<br \/>\nMonatliche \u00dcbersichten: Ein Monat ist \u00fcber zwei Seiten mit einem Bild oben und einer Kalenderseite unten. Notieren Sie Pl\u00e4ne und Notizen in den unlinierten Tagesbl\u00f6cken.<\/p>\n","protected":false},"featured_media":103787,"comment_status":"open","ping_status":"closed","template":"","meta":[],"product_brand":[],"product_cat":[504,8381],"product_tag":[],"class_list":{"0":"post-103786","1":"product","2":"type-product","3":"status-publish","4":"has-post-thumbnail","6":"product_cat-buerobedarf-schreibwaren","7":"product_cat-kalender-planer-und-organizer","9":"first","10":"instock","11":"shipping-taxable","12":"purchasable","13":"product-type-simple","14":"customify-col","15":"product-has-gallery"},"yoast_head":"<!-- This site is optimized with the Yoast SEO plugin v27.4 - https:\/\/yoast.com\/product\/yoast-seo-wordpress\/ -->\n<title>Gary Patterson&#039;s Cats Wandkalender 2022, 30,5 x 30,5 cm, monatlich (DDD55028) - Markt-XXL<\/title>\n<meta name=\"description\" content=\"Markt-XXL Gary Patterson&#039;s Cats Wandkalender 2022, 30,5 x 30,5 cm, monatlich (DDD55028)\" \/>\n<meta name=\"robots\" content=\"index, follow, max-snippet:-1, max-image-preview:large, max-video-preview:-1\" \/>\n<link rel=\"canonical\" href=\"https:\/\/marktxxl.de\/markt\/produkt\/2022-gary-pattersons-cats-wandkalender-305-x-305-cm-monatlich\/\" \/>\n<meta property=\"og:locale\" content=\"de_DE\" \/>\n<meta property=\"og:type\" content=\"article\" \/>\n<meta property=\"og:title\" content=\"Gary Patterson&#039;s Cats Wandkalender 2022, 30,5 x 30,5 cm, monatlich (DDD55028) - Markt-XXL\" \/>\n<meta property=\"og:description\" content=\"Markt-XXL Gary Patterson&#039;s Cats Wandkalender 2022, 30,5 x 30,5 cm, monatlich (DDD55028)\" \/>\n<meta property=\"og:url\" content=\"https:\/\/marktxxl.de\/markt\/produkt\/2022-gary-pattersons-cats-wandkalender-305-x-305-cm-monatlich\/\" \/>\n<meta property=\"og:site_name\" content=\"Markt-XXL\" \/>\n<meta property=\"article:modified_time\" content=\"2023-04-11T01:28:19+00:00\" \/>\n<meta property=\"og:image\" content=\"https:\/\/m.media-amazon.com\/images\/I\/61bJKrA9CZS._SL500_.jpg\" \/>\n\t<meta property=\"og:image:width\" content=\"500\" \/>\n\t<meta property=\"og:image:height\" content=\"500\" \/>\n\t<meta property=\"og:image:type\" content=\"image\/jpeg\" \/>\n<meta name=\"twitter:card\" content=\"summary_large_image\" \/>\n<meta name=\"twitter:label1\" content=\"Gesch\u00e4tzte Lesezeit\" \/>\n\t<meta name=\"twitter:data1\" content=\"1\u00a0Minute\" \/>\n<script type=\"application\/ld+json\" class=\"yoast-schema-graph\">{\"@context\":\"https:\\\/\\\/schema.org\",\"@graph\":[{\"@type\":\"WebPage\",\"@id\":\"https:\\\/\\\/marktxxl.de\\\/markt\\\/produkt\\\/2022-gary-pattersons-cats-wandkalender-305-x-305-cm-monatlich\\\/\",\"url\":\"https:\\\/\\\/marktxxl.de\\\/markt\\\/produkt\\\/2022-gary-pattersons-cats-wandkalender-305-x-305-cm-monatlich\\\/\",\"name\":\"Gary Patterson's Cats Wandkalender 2022, 30,5 x 30,5 cm, monatlich (DDD55028) - Markt-XXL\",\"isPartOf\":{\"@id\":\"https:\\\/\\\/marktxxl.de\\\/markt\\\/#website\"},\"primaryImageOfPage\":{\"@id\":\"https:\\\/\\\/marktxxl.de\\\/markt\\\/produkt\\\/2022-gary-pattersons-cats-wandkalender-305-x-305-cm-monatlich\\\/#primaryimage\"},\"image\":{\"@id\":\"https:\\\/\\\/marktxxl.de\\\/markt\\\/produkt\\\/2022-gary-pattersons-cats-wandkalender-305-x-305-cm-monatlich\\\/#primaryimage\"},\"thumbnailUrl\":\"https:\\\/\\\/m.media-amazon.com\\\/images\\\/I\\\/61bJKrA9CZS._SL500_.jpg\",\"datePublished\":\"2022-01-27T19:09:29+00:00\",\"dateModified\":\"2023-04-11T01:28:19+00:00\",\"description\":\"Markt-XXL Gary Patterson's Cats Wandkalender 2022, 30,5 x 30,5 cm, monatlich (DDD55028)\",\"breadcrumb\":{\"@id\":\"https:\\\/\\\/marktxxl.de\\\/markt\\\/produkt\\\/2022-gary-pattersons-cats-wandkalender-305-x-305-cm-monatlich\\\/#breadcrumb\"},\"inLanguage\":\"de\",\"potentialAction\":[{\"@type\":\"ReadAction\",\"target\":[\"https:\\\/\\\/marktxxl.de\\\/markt\\\/produkt\\\/2022-gary-pattersons-cats-wandkalender-305-x-305-cm-monatlich\\\/\"]}]},{\"@type\":\"ImageObject\",\"inLanguage\":\"de\",\"@id\":\"https:\\\/\\\/marktxxl.de\\\/markt\\\/produkt\\\/2022-gary-pattersons-cats-wandkalender-305-x-305-cm-monatlich\\\/#primaryimage\",\"url\":\"https:\\\/\\\/m.media-amazon.com\\\/images\\\/I\\\/61bJKrA9CZS._SL500_.jpg\",\"contentUrl\":\"https:\\\/\\\/m.media-amazon.com\\\/images\\\/I\\\/61bJKrA9CZS._SL500_.jpg\",\"width\":500,\"height\":500},{\"@type\":\"BreadcrumbList\",\"@id\":\"https:\\\/\\\/marktxxl.de\\\/markt\\\/produkt\\\/2022-gary-pattersons-cats-wandkalender-305-x-305-cm-monatlich\\\/#breadcrumb\",\"itemListElement\":[{\"@type\":\"ListItem\",\"position\":1,\"name\":\"Startseite\",\"item\":\"https:\\\/\\\/marktxxl.de\\\/markt\\\/\"},{\"@type\":\"ListItem\",\"position\":2,\"name\":\"Markt\",\"item\":\"https:\\\/\\\/marktxxl.de\\\/markt\\\/\"},{\"@type\":\"ListItem\",\"position\":3,\"name\":\"Gary Patterson&#8217;s Cats Wandkalender 2022, 30,5 x 30,5 cm, monatlich (DDD55028)\"}]},{\"@type\":\"WebSite\",\"@id\":\"https:\\\/\\\/marktxxl.de\\\/markt\\\/#website\",\"url\":\"https:\\\/\\\/marktxxl.de\\\/markt\\\/\",\"name\":\"Markt-XXL\",\"description\":\"Ihr Markt Online\",\"publisher\":{\"@id\":\"https:\\\/\\\/marktxxl.de\\\/markt\\\/#organization\"},\"potentialAction\":[{\"@type\":\"SearchAction\",\"target\":{\"@type\":\"EntryPoint\",\"urlTemplate\":\"https:\\\/\\\/marktxxl.de\\\/markt\\\/?s={search_term_string}\"},\"query-input\":{\"@type\":\"PropertyValueSpecification\",\"valueRequired\":true,\"valueName\":\"search_term_string\"}}],\"inLanguage\":\"de\"},{\"@type\":\"Organization\",\"@id\":\"https:\\\/\\\/marktxxl.de\\\/markt\\\/#organization\",\"name\":\"Markt-XXL\",\"url\":\"https:\\\/\\\/marktxxl.de\\\/markt\\\/\",\"logo\":{\"@type\":\"ImageObject\",\"inLanguage\":\"de\",\"@id\":\"https:\\\/\\\/marktxxl.de\\\/markt\\\/#\\\/schema\\\/logo\\\/image\\\/\",\"url\":\"https:\\\/\\\/marktxxl.de\\\/markt\\\/wp-content\\\/uploads\\\/sites\\\/3\\\/2020\\\/12\\\/logo.png\",\"contentUrl\":\"https:\\\/\\\/marktxxl.de\\\/markt\\\/wp-content\\\/uploads\\\/sites\\\/3\\\/2020\\\/12\\\/logo.png\",\"width\":200,\"height\":70,\"caption\":\"Markt-XXL\"},\"image\":{\"@id\":\"https:\\\/\\\/marktxxl.de\\\/markt\\\/#\\\/schema\\\/logo\\\/image\\\/\"}}]}<\/script>\n<!-- \/ Yoast SEO plugin. -->","yoast_head_json":{"title":"Gary Patterson's Cats Wandkalender 2022, 30,5 x 30,5 cm, monatlich (DDD55028) - Markt-XXL","description":"Markt-XXL Gary Patterson's Cats Wandkalender 2022, 30,5 x 30,5 cm, monatlich (DDD55028)","robots":{"index":"index","follow":"follow","max-snippet":"max-snippet:-1","max-image-preview":"max-image-preview:large","max-video-preview":"max-video-preview:-1"},"canonical":"https:\/\/marktxxl.de\/markt\/produkt\/2022-gary-pattersons-cats-wandkalender-305-x-305-cm-monatlich\/","og_locale":"de_DE","og_type":"article","og_title":"Gary Patterson's Cats Wandkalender 2022, 30,5 x 30,5 cm, monatlich (DDD55028) - Markt-XXL","og_description":"Markt-XXL Gary Patterson's Cats Wandkalender 2022, 30,5 x 30,5 cm, monatlich (DDD55028)","og_url":"https:\/\/marktxxl.de\/markt\/produkt\/2022-gary-pattersons-cats-wandkalender-305-x-305-cm-monatlich\/","og_site_name":"Markt-XXL","article_modified_time":"2023-04-11T01:28:19+00:00","og_image":[{"width":500,"height":500,"url":"https:\/\/m.media-amazon.com\/images\/I\/61bJKrA9CZS._SL500_.jpg","type":"image\/jpeg"}],"twitter_card":"summary_large_image","twitter_misc":{"Gesch\u00e4tzte Lesezeit":"1\u00a0Minute"},"schema":{"@context":"https:\/\/schema.org","@graph":[{"@type":"WebPage","@id":"https:\/\/marktxxl.de\/markt\/produkt\/2022-gary-pattersons-cats-wandkalender-305-x-305-cm-monatlich\/","url":"https:\/\/marktxxl.de\/markt\/produkt\/2022-gary-pattersons-cats-wandkalender-305-x-305-cm-monatlich\/","name":"Gary Patterson's Cats Wandkalender 2022, 30,5 x 30,5 cm, monatlich (DDD55028) - Markt-XXL","isPartOf":{"@id":"https:\/\/marktxxl.de\/markt\/#website"},"primaryImageOfPage":{"@id":"https:\/\/marktxxl.de\/markt\/produkt\/2022-gary-pattersons-cats-wandkalender-305-x-305-cm-monatlich\/#primaryimage"},"image":{"@id":"https:\/\/marktxxl.de\/markt\/produkt\/2022-gary-pattersons-cats-wandkalender-305-x-305-cm-monatlich\/#primaryimage"},"thumbnailUrl":"https:\/\/m.media-amazon.com\/images\/I\/61bJKrA9CZS._SL500_.jpg","datePublished":"2022-01-27T19:09:29+00:00","dateModified":"2023-04-11T01:28:19+00:00","description":"Markt-XXL Gary Patterson's Cats Wandkalender 2022, 30,5 x 30,5 cm, monatlich (DDD55028)","breadcrumb":{"@id":"https:\/\/marktxxl.de\/markt\/produkt\/2022-gary-pattersons-cats-wandkalender-305-x-305-cm-monatlich\/#breadcrumb"},"inLanguage":"de","potentialAction":[{"@type":"ReadAction","target":["https:\/\/marktxxl.de\/markt\/produkt\/2022-gary-pattersons-cats-wandkalender-305-x-305-cm-monatlich\/"]}]},{"@type":"ImageObject","inLanguage":"de","@id":"https:\/\/marktxxl.de\/markt\/produkt\/2022-gary-pattersons-cats-wandkalender-305-x-305-cm-monatlich\/#primaryimage","url":"https:\/\/m.media-amazon.com\/images\/I\/61bJKrA9CZS._SL500_.jpg","contentUrl":"https:\/\/m.media-amazon.com\/images\/I\/61bJKrA9CZS._SL500_.jpg","width":500,"height":500},{"@type":"BreadcrumbList","@id":"https:\/\/marktxxl.de\/markt\/produkt\/2022-gary-pattersons-cats-wandkalender-305-x-305-cm-monatlich\/#breadcrumb","itemListElement":[{"@type":"ListItem","position":1,"name":"Startseite","item":"https:\/\/marktxxl.de\/markt\/"},{"@type":"ListItem","position":2,"name":"Markt","item":"https:\/\/marktxxl.de\/markt\/"},{"@type":"ListItem","position":3,"name":"Gary Patterson&#8217;s Cats Wandkalender 2022, 30,5 x 30,5 cm, monatlich (DDD55028)"}]},{"@type":"WebSite","@id":"https:\/\/marktxxl.de\/markt\/#website","url":"https:\/\/marktxxl.de\/markt\/","name":"Markt-XXL","description":"Ihr Markt Online","publisher":{"@id":"https:\/\/marktxxl.de\/markt\/#organization"},"potentialAction":[{"@type":"SearchAction","target":{"@type":"EntryPoint","urlTemplate":"https:\/\/marktxxl.de\/markt\/?s={search_term_string}"},"query-input":{"@type":"PropertyValueSpecification","valueRequired":true,"valueName":"search_term_string"}}],"inLanguage":"de"},{"@type":"Organization","@id":"https:\/\/marktxxl.de\/markt\/#organization","name":"Markt-XXL","url":"https:\/\/marktxxl.de\/markt\/","logo":{"@type":"ImageObject","inLanguage":"de","@id":"https:\/\/marktxxl.de\/markt\/#\/schema\/logo\/image\/","url":"https:\/\/marktxxl.de\/markt\/wp-content\/uploads\/sites\/3\/2020\/12\/logo.png","contentUrl":"https:\/\/marktxxl.de\/markt\/wp-content\/uploads\/sites\/3\/2020\/12\/logo.png","width":200,"height":70,"caption":"Markt-XXL"},"image":{"@id":"https:\/\/marktxxl.de\/markt\/#\/schema\/logo\/image\/"}}]}},"_links":{"self":[{"href":"https:\/\/marktxxl.de\/markt\/wp-json\/wp\/v2\/product\/103786","targetHints":{"allow":["GET"]}}],"collection":[{"href":"https:\/\/marktxxl.de\/markt\/wp-json\/wp\/v2\/product"}],"about":[{"href":"https:\/\/marktxxl.de\/markt\/wp-json\/wp\/v2\/types\/product"}],"replies":[{"embeddable":true,"href":"https:\/\/marktxxl.de\/markt\/wp-json\/wp\/v2\/comments?post=103786"}],"wp:featuredmedia":[{"embeddable":true,"href":"https:\/\/marktxxl.de\/markt\/wp-json\/wp\/v2\/media\/103787"}],"wp:attachment":[{"href":"https:\/\/marktxxl.de\/markt\/wp-json\/wp\/v2\/media?parent=103786"}],"wp:term":[{"taxonomy":"product_brand","embeddable":true,"href":"https:\/\/marktxxl.de\/markt\/wp-json\/wp\/v2\/product_brand?post=103786"},{"taxonomy":"product_cat","embeddable":true,"href":"https:\/\/marktxxl.de\/markt\/wp-json\/wp\/v2\/product_cat?post=103786"},{"taxonomy":"product_tag","embeddable":true,"href":"https:\/\/marktxxl.de\/markt\/wp-json\/wp\/v2\/product_tag?post=103786"}],"curies":[{"name":"wp","href":"https:\/\/api.w.org\/{rel}","templated":true}]}}