{"id":103685,"date":"2022-01-27T20:03:41","date_gmt":"2022-01-27T19:03:41","guid":{"rendered":"https:\/\/marktxxl.de\/markt\/produkt\/arena-strength-fabric-booty-bands-stoff-uebungsbaender-fuer-beine-und-hintern-stoff-widerstandsbaender-hueft-widerstandsbaender-set-von-3-mit-workout-guide-und-tragetasche\/"},"modified":"2023-04-11T03:28:18","modified_gmt":"2023-04-11T01:28:18","slug":"arena-strength-fabric-booty-bands-stoff-uebungsbaender-fuer-beine-und-hintern-stoff-widerstandsbaender-hueft-widerstandsbaender-set-von-3-mit-workout-guide-und-tragetasche","status":"publish","type":"product","link":"https:\/\/marktxxl.de\/markt\/produkt\/arena-strength-fabric-booty-bands-stoff-uebungsbaender-fuer-beine-und-hintern-stoff-widerstandsbaender-hueft-widerstandsbaender-set-von-3-mit-workout-guide-und-tragetasche\/","title":{"rendered":"Arena Strength Fabric Booty Bands &#8211; Stoff-\u00dcbungsb\u00e4nder f\u00fcr Beine und Hintern | Stoff-Widerstandsb\u00e4nder | H\u00fcft\u2026"},"content":{"rendered":"<p>Heben und straffen Sie Ihre F\u00fc\u00dfe und Beine: Unser Ges\u00e4\u00dfband-Programm hilft Ihnen, Ihre perfekte Hintern und Beine schnell zu erhalten. Einfach zu bedienen, sehen Sie Ergebnisse mit nur 10 Minuten\/Tag. Ges\u00e4\u00dfmuskeltraining f\u00fcr das Fitnessstudio, zu Hause und Programme wie 80 Day Obsession. Vollst\u00e4ndiges Programm mit besten Ges\u00e4\u00dfmuskeltrainings\u00fcbungen zur Straffung und Straffung Ihrer Beine, Oberschenkel und Po.<br \/>\nPerfekte Gr\u00f6\u00dfe f\u00fcr Damen (3 Band-Set): Drei Widerstandsstufen enthalten (leicht, mittel, schwer). Alle anderen Marken haben ein &#8220;schweres&#8221; Band, das zu klein ist und &#8220;leicht&#8221; Band, das zu locker ist. Wir haben keine Gr\u00f6\u00dfenprobleme &#8211; wir variieren die St\u00e4rke jedes Stoffes, um den elastischen Widerstand zu \u00e4ndern, nicht die Bandgr\u00f6\u00dfe. Jedes Band passt perfekt.<br \/>\nTrainingsb\u00e4nder mit vollst\u00e4ndigem Trainingsprogramm + Trainingsvideos und Tragetasche: Umfassendes 33-seitiges gedrucktes Fitness-Workout-Programm mit hoher Intensit\u00e4t im Lieferumfang enthalten. Lernen Sie die besten Booty Band &amp; Bein \u00dcbungen. Vollst\u00e4ndiges Ges\u00e4\u00dfmuskelprogramm f\u00fcr Fitnessstudio und Zuhause. Trainingsvideos online &amp; Support Community<br \/>\nRutschfeste Widerstandsb\u00e4nder \u2013 kein Rollen \u2013 kein Brechen: Unsere rutschfesten Ges\u00e4\u00df-Widerstandsb\u00e4nder werden niemals rollen, rutschen oder brechen. Getestet mit Tausenden von Frauen aller Gr\u00f6\u00dfen. Unglaublich komfortabel, verwenden Sie sie mit blo\u00dfer Haut. Innengriffstreifen im Inneren der B\u00e4nder halten sie bei jeder \u00dcbung an Ort und Stelle.<br \/>\n12 Monate Garantie + Frauenbesitz + echte Ergebnisse: Volle Geld-zur\u00fcck-Garantie und 12 Monate Ersatzgarantie. Frauenbesitzer und gef\u00fchrtes Gesch\u00e4ft. Erstaunliche Kundenrezensionen und Ergebnisse. Schauen Sie sich die Video-Rezensionen unten an und auf Instagram @arenastrength_<br \/>\n<div class=\"main-cross-sell\" data-asin=\"B07D7KX9PX\">\n\n\t<div class=\"WooZone-cross-sell-loader\">\n\t\t<div>\n\t\t\t<div id=\"floatingBarsG\">\n\t\t\t\t<div class=\"blockG\" id=\"rotateG_01\"><\/div>\n\t\t\t\t<div class=\"blockG\" id=\"rotateG_02\"><\/div>\n\t\t\t\t<div class=\"blockG\" id=\"rotateG_03\"><\/div>\n\t\t\t\t<div class=\"blockG\" id=\"rotateG_04\"><\/div>\n\t\t\t\t<div class=\"blockG\" id=\"rotateG_05\"><\/div>\n\t\t\t\t<div class=\"blockG\" id=\"rotateG_06\"><\/div>\n\t\t\t\t<div class=\"blockG\" id=\"rotateG_07\"><\/div>\n\t\t\t\t<div class=\"blockG\" id=\"rotateG_08\"><\/div>\n\t\t\t<\/div>\n\t\t\t<div class=\"WooZone-cross-sell-loader-text\"><\/div>\n\t\t<\/div>\n\t<\/div>\n\n\t\t\n<\/div>\n<div style=\"clear:both;\"><\/div><\/p>\n","protected":false},"excerpt":{"rendered":"<p>Heben und straffen Sie Ihre F\u00fc\u00dfe und Beine: Unser Ges\u00e4\u00dfband-Programm hilft Ihnen, Ihre perfekte Hintern und Beine schnell zu erhalten. Einfach zu bedienen, sehen Sie Ergebnisse mit nur 10 Minuten\/Tag. Ges\u00e4\u00dfmuskeltraining f\u00fcr das Fitnessstudio, zu Hause und Programme wie 80 Day Obsession. Vollst\u00e4ndiges Programm mit besten Ges\u00e4\u00dfmuskeltrainings\u00fcbungen zur Straffung und Straffung Ihrer Beine, Oberschenkel und Po.<br \/>\nPerfekte Gr\u00f6\u00dfe f\u00fcr Damen (3 Band-Set): Drei Widerstandsstufen enthalten (leicht, mittel, schwer). Alle anderen Marken haben ein &#8220;schweres&#8221; Band, das zu klein ist und &#8220;leicht&#8221; Band, das zu locker ist. Wir haben keine Gr\u00f6\u00dfenprobleme &#8211; wir variieren die St\u00e4rke jedes Stoffes, um den elastischen Widerstand zu \u00e4ndern, nicht die Bandgr\u00f6\u00dfe. Jedes Band passt perfekt.<br \/>\nTrainingsb\u00e4nder mit vollst\u00e4ndigem Trainingsprogramm + Trainingsvideos und Tragetasche: Umfassendes 33-seitiges gedrucktes Fitness-Workout-Programm mit hoher Intensit\u00e4t im Lieferumfang enthalten. Lernen Sie die besten Booty Band &amp; Bein \u00dcbungen. Vollst\u00e4ndiges Ges\u00e4\u00dfmuskelprogramm f\u00fcr Fitnessstudio und Zuhause. Trainingsvideos online &amp; Support Community<\/p>\n","protected":false},"featured_media":103686,"comment_status":"open","ping_status":"closed","template":"","meta":[],"product_brand":[],"product_cat":[566,5908],"product_tag":[],"class_list":{"0":"post-103685","1":"product","2":"type-product","3":"status-publish","4":"has-post-thumbnail","6":"product_cat-drogerie-koerperpflege","7":"product_cat-medizinische-geraete-verbrauchsmaterialien","8":"pa_binding-misc","9":"pa_brand-arena-strength","10":"pa_color-grau-rosa-schwarz","11":"pa_height-7-87-zoll","12":"pa_length-9-84-zoll","13":"pa_manufacturer-arena-strength","14":"pa_size-light-medium-heavy","15":"pa_weight-1-pfund","16":"pa_width-0-79-zoll","18":"first","19":"instock","20":"shipping-taxable","21":"purchasable","22":"product-type-simple","23":"customify-col","24":"product-has-gallery"},"yoast_head":"<!-- This site is optimized with the Yoast SEO plugin v27.3 - https:\/\/yoast.com\/product\/yoast-seo-wordpress\/ -->\n<title>Arena Strength Fabric Booty Bands - Stoff-\u00dcbungsb\u00e4nder f\u00fcr Beine und Hintern | Stoff-Widerstandsb\u00e4nder | H\u00fcft\u2026 - Markt-XXL<\/title>\n<meta name=\"description\" content=\"Markt-XXL Arena Strength Fabric Booty Bands - Stoff-\u00dcbungsb\u00e4nder f\u00fcr Beine und Hintern | Stoff-Widerstandsb\u00e4nder | H\u00fcft\u2026\" \/>\n<meta name=\"robots\" content=\"index, follow, max-snippet:-1, max-image-preview:large, max-video-preview:-1\" \/>\n<link rel=\"canonical\" href=\"https:\/\/marktxxl.de\/markt\/produkt\/arena-strength-fabric-booty-bands-stoff-uebungsbaender-fuer-beine-und-hintern-stoff-widerstandsbaender-hueft-widerstandsbaender-set-von-3-mit-workout-guide-und-tragetasche\/\" \/>\n<meta property=\"og:locale\" content=\"de_DE\" \/>\n<meta property=\"og:type\" content=\"article\" \/>\n<meta property=\"og:title\" content=\"Arena Strength Fabric Booty Bands - Stoff-\u00dcbungsb\u00e4nder f\u00fcr Beine und Hintern | Stoff-Widerstandsb\u00e4nder | H\u00fcft\u2026 - Markt-XXL\" \/>\n<meta property=\"og:description\" content=\"Markt-XXL Arena Strength Fabric Booty Bands - Stoff-\u00dcbungsb\u00e4nder f\u00fcr Beine und Hintern | Stoff-Widerstandsb\u00e4nder | H\u00fcft\u2026\" \/>\n<meta property=\"og:url\" content=\"https:\/\/marktxxl.de\/markt\/produkt\/arena-strength-fabric-booty-bands-stoff-uebungsbaender-fuer-beine-und-hintern-stoff-widerstandsbaender-hueft-widerstandsbaender-set-von-3-mit-workout-guide-und-tragetasche\/\" \/>\n<meta property=\"og:site_name\" content=\"Markt-XXL\" \/>\n<meta property=\"article:modified_time\" content=\"2023-04-11T01:28:18+00:00\" \/>\n<meta property=\"og:image\" content=\"https:\/\/m.media-amazon.com\/images\/I\/51y91yh0xUL._SL500_.jpg\" \/>\n\t<meta property=\"og:image:width\" content=\"500\" \/>\n\t<meta property=\"og:image:height\" content=\"500\" \/>\n\t<meta property=\"og:image:type\" content=\"image\/jpeg\" \/>\n<meta name=\"twitter:card\" content=\"summary_large_image\" \/>\n<meta name=\"twitter:label1\" content=\"Gesch\u00e4tzte Lesezeit\" \/>\n\t<meta name=\"twitter:data1\" content=\"1\u00a0Minute\" \/>\n<script type=\"application\/ld+json\" class=\"yoast-schema-graph\">{\"@context\":\"https:\\\/\\\/schema.org\",\"@graph\":[{\"@type\":\"WebPage\",\"@id\":\"https:\\\/\\\/marktxxl.de\\\/markt\\\/produkt\\\/arena-strength-fabric-booty-bands-stoff-uebungsbaender-fuer-beine-und-hintern-stoff-widerstandsbaender-hueft-widerstandsbaender-set-von-3-mit-workout-guide-und-tragetasche\\\/\",\"url\":\"https:\\\/\\\/marktxxl.de\\\/markt\\\/produkt\\\/arena-strength-fabric-booty-bands-stoff-uebungsbaender-fuer-beine-und-hintern-stoff-widerstandsbaender-hueft-widerstandsbaender-set-von-3-mit-workout-guide-und-tragetasche\\\/\",\"name\":\"Arena Strength Fabric Booty Bands - Stoff-\u00dcbungsb\u00e4nder f\u00fcr Beine und Hintern | Stoff-Widerstandsb\u00e4nder | H\u00fcft\u2026 - Markt-XXL\",\"isPartOf\":{\"@id\":\"https:\\\/\\\/marktxxl.de\\\/markt\\\/#website\"},\"primaryImageOfPage\":{\"@id\":\"https:\\\/\\\/marktxxl.de\\\/markt\\\/produkt\\\/arena-strength-fabric-booty-bands-stoff-uebungsbaender-fuer-beine-und-hintern-stoff-widerstandsbaender-hueft-widerstandsbaender-set-von-3-mit-workout-guide-und-tragetasche\\\/#primaryimage\"},\"image\":{\"@id\":\"https:\\\/\\\/marktxxl.de\\\/markt\\\/produkt\\\/arena-strength-fabric-booty-bands-stoff-uebungsbaender-fuer-beine-und-hintern-stoff-widerstandsbaender-hueft-widerstandsbaender-set-von-3-mit-workout-guide-und-tragetasche\\\/#primaryimage\"},\"thumbnailUrl\":\"https:\\\/\\\/m.media-amazon.com\\\/images\\\/I\\\/51y91yh0xUL._SL500_.jpg\",\"datePublished\":\"2022-01-27T19:03:41+00:00\",\"dateModified\":\"2023-04-11T01:28:18+00:00\",\"description\":\"Markt-XXL Arena Strength Fabric Booty Bands - Stoff-\u00dcbungsb\u00e4nder f\u00fcr Beine und Hintern | Stoff-Widerstandsb\u00e4nder | H\u00fcft\u2026\",\"breadcrumb\":{\"@id\":\"https:\\\/\\\/marktxxl.de\\\/markt\\\/produkt\\\/arena-strength-fabric-booty-bands-stoff-uebungsbaender-fuer-beine-und-hintern-stoff-widerstandsbaender-hueft-widerstandsbaender-set-von-3-mit-workout-guide-und-tragetasche\\\/#breadcrumb\"},\"inLanguage\":\"de\",\"potentialAction\":[{\"@type\":\"ReadAction\",\"target\":[\"https:\\\/\\\/marktxxl.de\\\/markt\\\/produkt\\\/arena-strength-fabric-booty-bands-stoff-uebungsbaender-fuer-beine-und-hintern-stoff-widerstandsbaender-hueft-widerstandsbaender-set-von-3-mit-workout-guide-und-tragetasche\\\/\"]}]},{\"@type\":\"ImageObject\",\"inLanguage\":\"de\",\"@id\":\"https:\\\/\\\/marktxxl.de\\\/markt\\\/produkt\\\/arena-strength-fabric-booty-bands-stoff-uebungsbaender-fuer-beine-und-hintern-stoff-widerstandsbaender-hueft-widerstandsbaender-set-von-3-mit-workout-guide-und-tragetasche\\\/#primaryimage\",\"url\":\"https:\\\/\\\/m.media-amazon.com\\\/images\\\/I\\\/51y91yh0xUL._SL500_.jpg\",\"contentUrl\":\"https:\\\/\\\/m.media-amazon.com\\\/images\\\/I\\\/51y91yh0xUL._SL500_.jpg\",\"width\":500,\"height\":500},{\"@type\":\"BreadcrumbList\",\"@id\":\"https:\\\/\\\/marktxxl.de\\\/markt\\\/produkt\\\/arena-strength-fabric-booty-bands-stoff-uebungsbaender-fuer-beine-und-hintern-stoff-widerstandsbaender-hueft-widerstandsbaender-set-von-3-mit-workout-guide-und-tragetasche\\\/#breadcrumb\",\"itemListElement\":[{\"@type\":\"ListItem\",\"position\":1,\"name\":\"Startseite\",\"item\":\"https:\\\/\\\/marktxxl.de\\\/markt\\\/\"},{\"@type\":\"ListItem\",\"position\":2,\"name\":\"Markt\",\"item\":\"https:\\\/\\\/marktxxl.de\\\/markt\\\/\"},{\"@type\":\"ListItem\",\"position\":3,\"name\":\"Arena Strength Fabric Booty Bands &#8211; Stoff-\u00dcbungsb\u00e4nder f\u00fcr Beine und Hintern | Stoff-Widerstandsb\u00e4nder | H\u00fcft\u2026\"}]},{\"@type\":\"WebSite\",\"@id\":\"https:\\\/\\\/marktxxl.de\\\/markt\\\/#website\",\"url\":\"https:\\\/\\\/marktxxl.de\\\/markt\\\/\",\"name\":\"Markt-XXL\",\"description\":\"Ihr Markt Online\",\"publisher\":{\"@id\":\"https:\\\/\\\/marktxxl.de\\\/markt\\\/#organization\"},\"potentialAction\":[{\"@type\":\"SearchAction\",\"target\":{\"@type\":\"EntryPoint\",\"urlTemplate\":\"https:\\\/\\\/marktxxl.de\\\/markt\\\/?s={search_term_string}\"},\"query-input\":{\"@type\":\"PropertyValueSpecification\",\"valueRequired\":true,\"valueName\":\"search_term_string\"}}],\"inLanguage\":\"de\"},{\"@type\":\"Organization\",\"@id\":\"https:\\\/\\\/marktxxl.de\\\/markt\\\/#organization\",\"name\":\"Markt-XXL\",\"url\":\"https:\\\/\\\/marktxxl.de\\\/markt\\\/\",\"logo\":{\"@type\":\"ImageObject\",\"inLanguage\":\"de\",\"@id\":\"https:\\\/\\\/marktxxl.de\\\/markt\\\/#\\\/schema\\\/logo\\\/image\\\/\",\"url\":\"https:\\\/\\\/marktxxl.de\\\/markt\\\/wp-content\\\/uploads\\\/sites\\\/3\\\/2020\\\/12\\\/logo.png\",\"contentUrl\":\"https:\\\/\\\/marktxxl.de\\\/markt\\\/wp-content\\\/uploads\\\/sites\\\/3\\\/2020\\\/12\\\/logo.png\",\"width\":200,\"height\":70,\"caption\":\"Markt-XXL\"},\"image\":{\"@id\":\"https:\\\/\\\/marktxxl.de\\\/markt\\\/#\\\/schema\\\/logo\\\/image\\\/\"}}]}<\/script>\n<!-- \/ Yoast SEO plugin. -->","yoast_head_json":{"title":"Arena Strength Fabric Booty Bands - Stoff-\u00dcbungsb\u00e4nder f\u00fcr Beine und Hintern | Stoff-Widerstandsb\u00e4nder | H\u00fcft\u2026 - Markt-XXL","description":"Markt-XXL Arena Strength Fabric Booty Bands - Stoff-\u00dcbungsb\u00e4nder f\u00fcr Beine und Hintern | Stoff-Widerstandsb\u00e4nder | H\u00fcft\u2026","robots":{"index":"index","follow":"follow","max-snippet":"max-snippet:-1","max-image-preview":"max-image-preview:large","max-video-preview":"max-video-preview:-1"},"canonical":"https:\/\/marktxxl.de\/markt\/produkt\/arena-strength-fabric-booty-bands-stoff-uebungsbaender-fuer-beine-und-hintern-stoff-widerstandsbaender-hueft-widerstandsbaender-set-von-3-mit-workout-guide-und-tragetasche\/","og_locale":"de_DE","og_type":"article","og_title":"Arena Strength Fabric Booty Bands - Stoff-\u00dcbungsb\u00e4nder f\u00fcr Beine und Hintern | Stoff-Widerstandsb\u00e4nder | H\u00fcft\u2026 - Markt-XXL","og_description":"Markt-XXL Arena Strength Fabric Booty Bands - Stoff-\u00dcbungsb\u00e4nder f\u00fcr Beine und Hintern | Stoff-Widerstandsb\u00e4nder | H\u00fcft\u2026","og_url":"https:\/\/marktxxl.de\/markt\/produkt\/arena-strength-fabric-booty-bands-stoff-uebungsbaender-fuer-beine-und-hintern-stoff-widerstandsbaender-hueft-widerstandsbaender-set-von-3-mit-workout-guide-und-tragetasche\/","og_site_name":"Markt-XXL","article_modified_time":"2023-04-11T01:28:18+00:00","og_image":[{"width":500,"height":500,"url":"https:\/\/m.media-amazon.com\/images\/I\/51y91yh0xUL._SL500_.jpg","type":"image\/jpeg"}],"twitter_card":"summary_large_image","twitter_misc":{"Gesch\u00e4tzte Lesezeit":"1\u00a0Minute"},"schema":{"@context":"https:\/\/schema.org","@graph":[{"@type":"WebPage","@id":"https:\/\/marktxxl.de\/markt\/produkt\/arena-strength-fabric-booty-bands-stoff-uebungsbaender-fuer-beine-und-hintern-stoff-widerstandsbaender-hueft-widerstandsbaender-set-von-3-mit-workout-guide-und-tragetasche\/","url":"https:\/\/marktxxl.de\/markt\/produkt\/arena-strength-fabric-booty-bands-stoff-uebungsbaender-fuer-beine-und-hintern-stoff-widerstandsbaender-hueft-widerstandsbaender-set-von-3-mit-workout-guide-und-tragetasche\/","name":"Arena Strength Fabric Booty Bands - Stoff-\u00dcbungsb\u00e4nder f\u00fcr Beine und Hintern | Stoff-Widerstandsb\u00e4nder | H\u00fcft\u2026 - Markt-XXL","isPartOf":{"@id":"https:\/\/marktxxl.de\/markt\/#website"},"primaryImageOfPage":{"@id":"https:\/\/marktxxl.de\/markt\/produkt\/arena-strength-fabric-booty-bands-stoff-uebungsbaender-fuer-beine-und-hintern-stoff-widerstandsbaender-hueft-widerstandsbaender-set-von-3-mit-workout-guide-und-tragetasche\/#primaryimage"},"image":{"@id":"https:\/\/marktxxl.de\/markt\/produkt\/arena-strength-fabric-booty-bands-stoff-uebungsbaender-fuer-beine-und-hintern-stoff-widerstandsbaender-hueft-widerstandsbaender-set-von-3-mit-workout-guide-und-tragetasche\/#primaryimage"},"thumbnailUrl":"https:\/\/m.media-amazon.com\/images\/I\/51y91yh0xUL._SL500_.jpg","datePublished":"2022-01-27T19:03:41+00:00","dateModified":"2023-04-11T01:28:18+00:00","description":"Markt-XXL Arena Strength Fabric Booty Bands - Stoff-\u00dcbungsb\u00e4nder f\u00fcr Beine und Hintern | Stoff-Widerstandsb\u00e4nder | H\u00fcft\u2026","breadcrumb":{"@id":"https:\/\/marktxxl.de\/markt\/produkt\/arena-strength-fabric-booty-bands-stoff-uebungsbaender-fuer-beine-und-hintern-stoff-widerstandsbaender-hueft-widerstandsbaender-set-von-3-mit-workout-guide-und-tragetasche\/#breadcrumb"},"inLanguage":"de","potentialAction":[{"@type":"ReadAction","target":["https:\/\/marktxxl.de\/markt\/produkt\/arena-strength-fabric-booty-bands-stoff-uebungsbaender-fuer-beine-und-hintern-stoff-widerstandsbaender-hueft-widerstandsbaender-set-von-3-mit-workout-guide-und-tragetasche\/"]}]},{"@type":"ImageObject","inLanguage":"de","@id":"https:\/\/marktxxl.de\/markt\/produkt\/arena-strength-fabric-booty-bands-stoff-uebungsbaender-fuer-beine-und-hintern-stoff-widerstandsbaender-hueft-widerstandsbaender-set-von-3-mit-workout-guide-und-tragetasche\/#primaryimage","url":"https:\/\/m.media-amazon.com\/images\/I\/51y91yh0xUL._SL500_.jpg","contentUrl":"https:\/\/m.media-amazon.com\/images\/I\/51y91yh0xUL._SL500_.jpg","width":500,"height":500},{"@type":"BreadcrumbList","@id":"https:\/\/marktxxl.de\/markt\/produkt\/arena-strength-fabric-booty-bands-stoff-uebungsbaender-fuer-beine-und-hintern-stoff-widerstandsbaender-hueft-widerstandsbaender-set-von-3-mit-workout-guide-und-tragetasche\/#breadcrumb","itemListElement":[{"@type":"ListItem","position":1,"name":"Startseite","item":"https:\/\/marktxxl.de\/markt\/"},{"@type":"ListItem","position":2,"name":"Markt","item":"https:\/\/marktxxl.de\/markt\/"},{"@type":"ListItem","position":3,"name":"Arena Strength Fabric Booty Bands &#8211; Stoff-\u00dcbungsb\u00e4nder f\u00fcr Beine und Hintern | Stoff-Widerstandsb\u00e4nder | H\u00fcft\u2026"}]},{"@type":"WebSite","@id":"https:\/\/marktxxl.de\/markt\/#website","url":"https:\/\/marktxxl.de\/markt\/","name":"Markt-XXL","description":"Ihr Markt Online","publisher":{"@id":"https:\/\/marktxxl.de\/markt\/#organization"},"potentialAction":[{"@type":"SearchAction","target":{"@type":"EntryPoint","urlTemplate":"https:\/\/marktxxl.de\/markt\/?s={search_term_string}"},"query-input":{"@type":"PropertyValueSpecification","valueRequired":true,"valueName":"search_term_string"}}],"inLanguage":"de"},{"@type":"Organization","@id":"https:\/\/marktxxl.de\/markt\/#organization","name":"Markt-XXL","url":"https:\/\/marktxxl.de\/markt\/","logo":{"@type":"ImageObject","inLanguage":"de","@id":"https:\/\/marktxxl.de\/markt\/#\/schema\/logo\/image\/","url":"https:\/\/marktxxl.de\/markt\/wp-content\/uploads\/sites\/3\/2020\/12\/logo.png","contentUrl":"https:\/\/marktxxl.de\/markt\/wp-content\/uploads\/sites\/3\/2020\/12\/logo.png","width":200,"height":70,"caption":"Markt-XXL"},"image":{"@id":"https:\/\/marktxxl.de\/markt\/#\/schema\/logo\/image\/"}}]}},"_links":{"self":[{"href":"https:\/\/marktxxl.de\/markt\/wp-json\/wp\/v2\/product\/103685","targetHints":{"allow":["GET"]}}],"collection":[{"href":"https:\/\/marktxxl.de\/markt\/wp-json\/wp\/v2\/product"}],"about":[{"href":"https:\/\/marktxxl.de\/markt\/wp-json\/wp\/v2\/types\/product"}],"replies":[{"embeddable":true,"href":"https:\/\/marktxxl.de\/markt\/wp-json\/wp\/v2\/comments?post=103685"}],"wp:featuredmedia":[{"embeddable":true,"href":"https:\/\/marktxxl.de\/markt\/wp-json\/wp\/v2\/media\/103686"}],"wp:attachment":[{"href":"https:\/\/marktxxl.de\/markt\/wp-json\/wp\/v2\/media?parent=103685"}],"wp:term":[{"taxonomy":"product_brand","embeddable":true,"href":"https:\/\/marktxxl.de\/markt\/wp-json\/wp\/v2\/product_brand?post=103685"},{"taxonomy":"product_cat","embeddable":true,"href":"https:\/\/marktxxl.de\/markt\/wp-json\/wp\/v2\/product_cat?post=103685"},{"taxonomy":"product_tag","embeddable":true,"href":"https:\/\/marktxxl.de\/markt\/wp-json\/wp\/v2\/product_tag?post=103685"}],"curies":[{"name":"wp","href":"https:\/\/api.w.org\/{rel}","templated":true}]}}