{"id":103676,"date":"2022-01-27T20:03:30","date_gmt":"2022-01-27T19:03:30","guid":{"rendered":"https:\/\/marktxxl.de\/markt\/produkt\/koh-i-noor-mechanische-fallkupplung-leitungshalter-mit-56-mm-x-80-mm-mine\/"},"modified":"2023-04-11T03:28:18","modified_gmt":"2023-04-11T01:28:18","slug":"koh-i-noor-mechanische-fallkupplung-leitungshalter-mit-56-mm-x-80-mm-mine","status":"publish","type":"product","link":"https:\/\/marktxxl.de\/markt\/produkt\/koh-i-noor-mechanische-fallkupplung-leitungshalter-mit-56-mm-x-80-mm-mine\/","title":{"rendered":"Koh-I-Noor Metalldruckbleistifte 5320 mit Minenspitzer Blau"},"content":{"rendered":"<p>KOH-I-NOOR Hardtmuth geh\u00f6rt zu einen der weltweit f\u00fchrenden Hersteller von Schreibwaren und K\u00fcnstlerbedarf und zeichnet sich durch eine hochwertige Verarbeitung aus<br \/>\n<div class=\"main-cross-sell\" data-asin=\"B07GBGRP3K\">\n\n\t<div class=\"WooZone-cross-sell-loader\">\n\t\t<div>\n\t\t\t<div id=\"floatingBarsG\">\n\t\t\t\t<div class=\"blockG\" id=\"rotateG_01\"><\/div>\n\t\t\t\t<div class=\"blockG\" id=\"rotateG_02\"><\/div>\n\t\t\t\t<div class=\"blockG\" id=\"rotateG_03\"><\/div>\n\t\t\t\t<div class=\"blockG\" id=\"rotateG_04\"><\/div>\n\t\t\t\t<div class=\"blockG\" id=\"rotateG_05\"><\/div>\n\t\t\t\t<div class=\"blockG\" id=\"rotateG_06\"><\/div>\n\t\t\t\t<div class=\"blockG\" id=\"rotateG_07\"><\/div>\n\t\t\t\t<div class=\"blockG\" id=\"rotateG_08\"><\/div>\n\t\t\t<\/div>\n\t\t\t<div class=\"WooZone-cross-sell-loader-text\"><\/div>\n\t\t<\/div>\n\t<\/div>\n\n\t\t\n<\/div>\n<div style=\"clear:both;\"><\/div><\/p>\n","protected":false},"excerpt":{"rendered":"<p>KOH-I-NOOR Hardtmuth geh\u00f6rt zu einen der weltweit f\u00fchrenden Hersteller von Schreibwaren und K\u00fcnstlerbedarf und zeichnet sich durch eine hochwertige Verarbeitung aus<\/p>\n","protected":false},"featured_media":103677,"comment_status":"open","ping_status":"closed","template":"","meta":[],"product_brand":[],"product_cat":[504,8597],"product_tag":[],"class_list":{"0":"post-103676","1":"product","2":"type-product","3":"status-publish","4":"has-post-thumbnail","6":"product_cat-buerobedarf-schreibwaren","7":"product_cat-schreibwaren","8":"pa_binding-buerobedarf-schreibwaren","9":"pa_brand-koh-i-noor","10":"pa_manufacturer-koh-i-noor-hartmuth-a-s","12":"first","13":"instock","14":"shipping-taxable","15":"purchasable","16":"product-type-simple","17":"customify-col","18":"product-has-gallery"},"yoast_head":"<!-- This site is optimized with the Yoast SEO plugin v27.4 - https:\/\/yoast.com\/product\/yoast-seo-wordpress\/ -->\n<title>Koh-I-Noor Metalldruckbleistifte 5320 mit Minenspitzer Blau - Markt-XXL<\/title>\n<meta name=\"description\" content=\"Markt-XXL Koh-I-Noor Metalldruckbleistifte 5320 mit Minenspitzer Blau\" \/>\n<meta name=\"robots\" content=\"index, follow, max-snippet:-1, max-image-preview:large, max-video-preview:-1\" \/>\n<link rel=\"canonical\" href=\"https:\/\/marktxxl.de\/markt\/produkt\/koh-i-noor-mechanische-fallkupplung-leitungshalter-mit-56-mm-x-80-mm-mine\/\" \/>\n<meta property=\"og:locale\" content=\"de_DE\" \/>\n<meta property=\"og:type\" content=\"article\" \/>\n<meta property=\"og:title\" content=\"Koh-I-Noor Metalldruckbleistifte 5320 mit Minenspitzer Blau - Markt-XXL\" \/>\n<meta property=\"og:description\" content=\"Markt-XXL Koh-I-Noor Metalldruckbleistifte 5320 mit Minenspitzer Blau\" \/>\n<meta property=\"og:url\" content=\"https:\/\/marktxxl.de\/markt\/produkt\/koh-i-noor-mechanische-fallkupplung-leitungshalter-mit-56-mm-x-80-mm-mine\/\" \/>\n<meta property=\"og:site_name\" content=\"Markt-XXL\" \/>\n<meta property=\"article:modified_time\" content=\"2023-04-11T01:28:18+00:00\" \/>\n<meta property=\"og:image\" content=\"https:\/\/m.media-amazon.com\/images\/I\/41Lie+dKr+S._SL500_.jpg\" \/>\n\t<meta property=\"og:image:width\" content=\"500\" \/>\n\t<meta property=\"og:image:height\" content=\"500\" \/>\n\t<meta property=\"og:image:type\" content=\"image\/jpeg\" \/>\n<meta name=\"twitter:card\" content=\"summary_large_image\" \/>\n<script type=\"application\/ld+json\" class=\"yoast-schema-graph\">{\"@context\":\"https:\\\/\\\/schema.org\",\"@graph\":[{\"@type\":\"WebPage\",\"@id\":\"https:\\\/\\\/marktxxl.de\\\/markt\\\/produkt\\\/koh-i-noor-mechanische-fallkupplung-leitungshalter-mit-56-mm-x-80-mm-mine\\\/\",\"url\":\"https:\\\/\\\/marktxxl.de\\\/markt\\\/produkt\\\/koh-i-noor-mechanische-fallkupplung-leitungshalter-mit-56-mm-x-80-mm-mine\\\/\",\"name\":\"Koh-I-Noor Metalldruckbleistifte 5320 mit Minenspitzer Blau - Markt-XXL\",\"isPartOf\":{\"@id\":\"https:\\\/\\\/marktxxl.de\\\/markt\\\/#website\"},\"primaryImageOfPage\":{\"@id\":\"https:\\\/\\\/marktxxl.de\\\/markt\\\/produkt\\\/koh-i-noor-mechanische-fallkupplung-leitungshalter-mit-56-mm-x-80-mm-mine\\\/#primaryimage\"},\"image\":{\"@id\":\"https:\\\/\\\/marktxxl.de\\\/markt\\\/produkt\\\/koh-i-noor-mechanische-fallkupplung-leitungshalter-mit-56-mm-x-80-mm-mine\\\/#primaryimage\"},\"thumbnailUrl\":\"https:\\\/\\\/m.media-amazon.com\\\/images\\\/I\\\/41Lie+dKr+S._SL500_.jpg\",\"datePublished\":\"2022-01-27T19:03:30+00:00\",\"dateModified\":\"2023-04-11T01:28:18+00:00\",\"description\":\"Markt-XXL Koh-I-Noor Metalldruckbleistifte 5320 mit Minenspitzer Blau\",\"breadcrumb\":{\"@id\":\"https:\\\/\\\/marktxxl.de\\\/markt\\\/produkt\\\/koh-i-noor-mechanische-fallkupplung-leitungshalter-mit-56-mm-x-80-mm-mine\\\/#breadcrumb\"},\"inLanguage\":\"de\",\"potentialAction\":[{\"@type\":\"ReadAction\",\"target\":[\"https:\\\/\\\/marktxxl.de\\\/markt\\\/produkt\\\/koh-i-noor-mechanische-fallkupplung-leitungshalter-mit-56-mm-x-80-mm-mine\\\/\"]}]},{\"@type\":\"ImageObject\",\"inLanguage\":\"de\",\"@id\":\"https:\\\/\\\/marktxxl.de\\\/markt\\\/produkt\\\/koh-i-noor-mechanische-fallkupplung-leitungshalter-mit-56-mm-x-80-mm-mine\\\/#primaryimage\",\"url\":\"https:\\\/\\\/m.media-amazon.com\\\/images\\\/I\\\/41Lie+dKr+S._SL500_.jpg\",\"contentUrl\":\"https:\\\/\\\/m.media-amazon.com\\\/images\\\/I\\\/41Lie+dKr+S._SL500_.jpg\",\"width\":500,\"height\":500},{\"@type\":\"BreadcrumbList\",\"@id\":\"https:\\\/\\\/marktxxl.de\\\/markt\\\/produkt\\\/koh-i-noor-mechanische-fallkupplung-leitungshalter-mit-56-mm-x-80-mm-mine\\\/#breadcrumb\",\"itemListElement\":[{\"@type\":\"ListItem\",\"position\":1,\"name\":\"Startseite\",\"item\":\"https:\\\/\\\/marktxxl.de\\\/markt\\\/\"},{\"@type\":\"ListItem\",\"position\":2,\"name\":\"Markt\",\"item\":\"https:\\\/\\\/marktxxl.de\\\/markt\\\/\"},{\"@type\":\"ListItem\",\"position\":3,\"name\":\"Koh-I-Noor Metalldruckbleistifte 5320 mit Minenspitzer Blau\"}]},{\"@type\":\"WebSite\",\"@id\":\"https:\\\/\\\/marktxxl.de\\\/markt\\\/#website\",\"url\":\"https:\\\/\\\/marktxxl.de\\\/markt\\\/\",\"name\":\"Markt-XXL\",\"description\":\"Ihr Markt Online\",\"publisher\":{\"@id\":\"https:\\\/\\\/marktxxl.de\\\/markt\\\/#organization\"},\"potentialAction\":[{\"@type\":\"SearchAction\",\"target\":{\"@type\":\"EntryPoint\",\"urlTemplate\":\"https:\\\/\\\/marktxxl.de\\\/markt\\\/?s={search_term_string}\"},\"query-input\":{\"@type\":\"PropertyValueSpecification\",\"valueRequired\":true,\"valueName\":\"search_term_string\"}}],\"inLanguage\":\"de\"},{\"@type\":\"Organization\",\"@id\":\"https:\\\/\\\/marktxxl.de\\\/markt\\\/#organization\",\"name\":\"Markt-XXL\",\"url\":\"https:\\\/\\\/marktxxl.de\\\/markt\\\/\",\"logo\":{\"@type\":\"ImageObject\",\"inLanguage\":\"de\",\"@id\":\"https:\\\/\\\/marktxxl.de\\\/markt\\\/#\\\/schema\\\/logo\\\/image\\\/\",\"url\":\"https:\\\/\\\/marktxxl.de\\\/markt\\\/wp-content\\\/uploads\\\/sites\\\/3\\\/2020\\\/12\\\/logo.png\",\"contentUrl\":\"https:\\\/\\\/marktxxl.de\\\/markt\\\/wp-content\\\/uploads\\\/sites\\\/3\\\/2020\\\/12\\\/logo.png\",\"width\":200,\"height\":70,\"caption\":\"Markt-XXL\"},\"image\":{\"@id\":\"https:\\\/\\\/marktxxl.de\\\/markt\\\/#\\\/schema\\\/logo\\\/image\\\/\"}}]}<\/script>\n<!-- \/ Yoast SEO plugin. -->","yoast_head_json":{"title":"Koh-I-Noor Metalldruckbleistifte 5320 mit Minenspitzer Blau - Markt-XXL","description":"Markt-XXL Koh-I-Noor Metalldruckbleistifte 5320 mit Minenspitzer Blau","robots":{"index":"index","follow":"follow","max-snippet":"max-snippet:-1","max-image-preview":"max-image-preview:large","max-video-preview":"max-video-preview:-1"},"canonical":"https:\/\/marktxxl.de\/markt\/produkt\/koh-i-noor-mechanische-fallkupplung-leitungshalter-mit-56-mm-x-80-mm-mine\/","og_locale":"de_DE","og_type":"article","og_title":"Koh-I-Noor Metalldruckbleistifte 5320 mit Minenspitzer Blau - Markt-XXL","og_description":"Markt-XXL Koh-I-Noor Metalldruckbleistifte 5320 mit Minenspitzer Blau","og_url":"https:\/\/marktxxl.de\/markt\/produkt\/koh-i-noor-mechanische-fallkupplung-leitungshalter-mit-56-mm-x-80-mm-mine\/","og_site_name":"Markt-XXL","article_modified_time":"2023-04-11T01:28:18+00:00","og_image":[{"width":500,"height":500,"url":"https:\/\/m.media-amazon.com\/images\/I\/41Lie+dKr+S._SL500_.jpg","type":"image\/jpeg"}],"twitter_card":"summary_large_image","schema":{"@context":"https:\/\/schema.org","@graph":[{"@type":"WebPage","@id":"https:\/\/marktxxl.de\/markt\/produkt\/koh-i-noor-mechanische-fallkupplung-leitungshalter-mit-56-mm-x-80-mm-mine\/","url":"https:\/\/marktxxl.de\/markt\/produkt\/koh-i-noor-mechanische-fallkupplung-leitungshalter-mit-56-mm-x-80-mm-mine\/","name":"Koh-I-Noor Metalldruckbleistifte 5320 mit Minenspitzer Blau - Markt-XXL","isPartOf":{"@id":"https:\/\/marktxxl.de\/markt\/#website"},"primaryImageOfPage":{"@id":"https:\/\/marktxxl.de\/markt\/produkt\/koh-i-noor-mechanische-fallkupplung-leitungshalter-mit-56-mm-x-80-mm-mine\/#primaryimage"},"image":{"@id":"https:\/\/marktxxl.de\/markt\/produkt\/koh-i-noor-mechanische-fallkupplung-leitungshalter-mit-56-mm-x-80-mm-mine\/#primaryimage"},"thumbnailUrl":"https:\/\/m.media-amazon.com\/images\/I\/41Lie+dKr+S._SL500_.jpg","datePublished":"2022-01-27T19:03:30+00:00","dateModified":"2023-04-11T01:28:18+00:00","description":"Markt-XXL Koh-I-Noor Metalldruckbleistifte 5320 mit Minenspitzer Blau","breadcrumb":{"@id":"https:\/\/marktxxl.de\/markt\/produkt\/koh-i-noor-mechanische-fallkupplung-leitungshalter-mit-56-mm-x-80-mm-mine\/#breadcrumb"},"inLanguage":"de","potentialAction":[{"@type":"ReadAction","target":["https:\/\/marktxxl.de\/markt\/produkt\/koh-i-noor-mechanische-fallkupplung-leitungshalter-mit-56-mm-x-80-mm-mine\/"]}]},{"@type":"ImageObject","inLanguage":"de","@id":"https:\/\/marktxxl.de\/markt\/produkt\/koh-i-noor-mechanische-fallkupplung-leitungshalter-mit-56-mm-x-80-mm-mine\/#primaryimage","url":"https:\/\/m.media-amazon.com\/images\/I\/41Lie+dKr+S._SL500_.jpg","contentUrl":"https:\/\/m.media-amazon.com\/images\/I\/41Lie+dKr+S._SL500_.jpg","width":500,"height":500},{"@type":"BreadcrumbList","@id":"https:\/\/marktxxl.de\/markt\/produkt\/koh-i-noor-mechanische-fallkupplung-leitungshalter-mit-56-mm-x-80-mm-mine\/#breadcrumb","itemListElement":[{"@type":"ListItem","position":1,"name":"Startseite","item":"https:\/\/marktxxl.de\/markt\/"},{"@type":"ListItem","position":2,"name":"Markt","item":"https:\/\/marktxxl.de\/markt\/"},{"@type":"ListItem","position":3,"name":"Koh-I-Noor Metalldruckbleistifte 5320 mit Minenspitzer Blau"}]},{"@type":"WebSite","@id":"https:\/\/marktxxl.de\/markt\/#website","url":"https:\/\/marktxxl.de\/markt\/","name":"Markt-XXL","description":"Ihr Markt Online","publisher":{"@id":"https:\/\/marktxxl.de\/markt\/#organization"},"potentialAction":[{"@type":"SearchAction","target":{"@type":"EntryPoint","urlTemplate":"https:\/\/marktxxl.de\/markt\/?s={search_term_string}"},"query-input":{"@type":"PropertyValueSpecification","valueRequired":true,"valueName":"search_term_string"}}],"inLanguage":"de"},{"@type":"Organization","@id":"https:\/\/marktxxl.de\/markt\/#organization","name":"Markt-XXL","url":"https:\/\/marktxxl.de\/markt\/","logo":{"@type":"ImageObject","inLanguage":"de","@id":"https:\/\/marktxxl.de\/markt\/#\/schema\/logo\/image\/","url":"https:\/\/marktxxl.de\/markt\/wp-content\/uploads\/sites\/3\/2020\/12\/logo.png","contentUrl":"https:\/\/marktxxl.de\/markt\/wp-content\/uploads\/sites\/3\/2020\/12\/logo.png","width":200,"height":70,"caption":"Markt-XXL"},"image":{"@id":"https:\/\/marktxxl.de\/markt\/#\/schema\/logo\/image\/"}}]}},"_links":{"self":[{"href":"https:\/\/marktxxl.de\/markt\/wp-json\/wp\/v2\/product\/103676","targetHints":{"allow":["GET"]}}],"collection":[{"href":"https:\/\/marktxxl.de\/markt\/wp-json\/wp\/v2\/product"}],"about":[{"href":"https:\/\/marktxxl.de\/markt\/wp-json\/wp\/v2\/types\/product"}],"replies":[{"embeddable":true,"href":"https:\/\/marktxxl.de\/markt\/wp-json\/wp\/v2\/comments?post=103676"}],"wp:featuredmedia":[{"embeddable":true,"href":"https:\/\/marktxxl.de\/markt\/wp-json\/wp\/v2\/media\/103677"}],"wp:attachment":[{"href":"https:\/\/marktxxl.de\/markt\/wp-json\/wp\/v2\/media?parent=103676"}],"wp:term":[{"taxonomy":"product_brand","embeddable":true,"href":"https:\/\/marktxxl.de\/markt\/wp-json\/wp\/v2\/product_brand?post=103676"},{"taxonomy":"product_cat","embeddable":true,"href":"https:\/\/marktxxl.de\/markt\/wp-json\/wp\/v2\/product_cat?post=103676"},{"taxonomy":"product_tag","embeddable":true,"href":"https:\/\/marktxxl.de\/markt\/wp-json\/wp\/v2\/product_tag?post=103676"}],"curies":[{"name":"wp","href":"https:\/\/api.w.org\/{rel}","templated":true}]}}