{"id":103612,"date":"2022-01-27T20:00:42","date_gmt":"2022-01-27T19:00:42","guid":{"rendered":"https:\/\/marktxxl.de\/markt\/produkt\/rael-menstruation-organic-cotton-damenbinden-duenne-normale-damenbinden-mit-fluegeln\/"},"modified":"2023-04-11T03:28:17","modified_gmt":"2023-04-11T01:28:17","slug":"rael-menstruation-organic-cotton-damenbinden-duenne-normale-damenbinden-mit-fluegeln","status":"publish","type":"product","link":"https:\/\/marktxxl.de\/markt\/produkt\/rael-menstruation-organic-cotton-damenbinden-duenne-normale-damenbinden-mit-fluegeln\/","title":{"rendered":"Rael Menstruationsbinden aus Bio-Baumwolle &#8211; \u00dcber-Nacht-Gr\u00f6\u00dfe, hohe Saugf\u00e4higkeit, unparf\u00fcmierte, atmungsaktive\u2026"},"content":{"rendered":"<p>100% ORGANIC CERTIFIED BAUMWOLLBLECHE UND CORE &#8211; OCS, USDA zertifiziert und Texas non-GMO Baumwolle. Ernsthaft ohne den Einsatz von giftigen Pestiziden und synthetischen Chemikalien angebaut. Weicher und leichter auf der Haut. Einzeln verpackt, um die Hygiene zu erhalten. Es dient und f\u00f6rdert eine klimafreundliche Landwirtschaft auf der ganzen Welt. Wir freuen uns, die h\u00f6chste Qualit\u00e4t zertifizierter Bio-Baumwolle zu bieten, indem wir eine sichere Arbeitsumgebung<br \/>\nLEAK LOCKER &#8211; Saugf\u00e4hige Windeln aus Baumwolle, die perfekt vor dem Auslaufen sch\u00fctzen und Ihnen helfen, sich frisch zu f\u00fchlen. Es ist langlebig und verhindert Leckage, w\u00e4hrend nat\u00fcrliche Feuchtigkeit blockiert wird. Selbst bei schwerster Str\u00f6mung sorgen die selbstklebenden Fl\u00fcgel f\u00fcr maximale Sicherheit und Komfort. Ohne zu schlafen, schlafen Sie bequem, wissend, dass die wasserdichten R\u00e4nder und der saugf\u00e4hige innere Kern jede Leckage verhindern werden.<br \/>\nAIRFLOW MAXIMUM &#8211; Hypoallergene und atmungsaktive Laken, die den ganzen Tag lang f\u00fcr Sicherheit sorgen. Verhindert das Eindringen von unangenehmen Ger\u00fcchen. Atmungsaktiv ohne Lecks Nicht reizende Formel, ideal f\u00fcr empfindliche Haut. Diese leichten absorbierenden Pads sind aus 100% Bio-Baumwolle hergestellt. Es ist so weich und atmungsaktiv, dass Sie wahrscheinlich vergessen werden, dass es immer noch hier ist!<br \/>\nErm\u00fcdet und genehmigt &#8211; Um dies zu tun, haben wir auf der Grundlage entworfen, dass alle, die sie unabh\u00e4ngig von Frauen jeden Alters tragen, ihre Unterschiede sp\u00fcren werden. Deshalb sind wir bei unseren Produkten mehr als zuversichtlich. Betrachten Sie Ihre Exposition gegen\u00fcber chemischen Kunststoffabdeckung oder Vliesstoffen w\u00e4hrend Ihrer Lebensdauer. Denken wir auf lange Sicht, weil niemand die chemischen Belastungen mag, die ihren K\u00f6rper durchdringen.<br \/>\nGR\u00d6SSEN &#8211; Normal (Licht zum normalen Fluss) \/ \u00dcber Nacht (starker Fluss)<br \/>\n<div class=\"main-cross-sell\" data-asin=\"B077B9S5YH\">\n\n\t<div class=\"WooZone-cross-sell-loader\">\n\t\t<div>\n\t\t\t<div id=\"floatingBarsG\">\n\t\t\t\t<div class=\"blockG\" id=\"rotateG_01\"><\/div>\n\t\t\t\t<div class=\"blockG\" id=\"rotateG_02\"><\/div>\n\t\t\t\t<div class=\"blockG\" id=\"rotateG_03\"><\/div>\n\t\t\t\t<div class=\"blockG\" id=\"rotateG_04\"><\/div>\n\t\t\t\t<div class=\"blockG\" id=\"rotateG_05\"><\/div>\n\t\t\t\t<div class=\"blockG\" id=\"rotateG_06\"><\/div>\n\t\t\t\t<div class=\"blockG\" id=\"rotateG_07\"><\/div>\n\t\t\t\t<div class=\"blockG\" id=\"rotateG_08\"><\/div>\n\t\t\t<\/div>\n\t\t\t<div class=\"WooZone-cross-sell-loader-text\"><\/div>\n\t\t<\/div>\n\t<\/div>\n\n\t\t\n<\/div>\n<div style=\"clear:both;\"><\/div><\/p>\n","protected":false},"excerpt":{"rendered":"<p>100% ORGANIC CERTIFIED BAUMWOLLBLECHE UND CORE &#8211; OCS, USDA zertifiziert und Texas non-GMO Baumwolle. Ernsthaft ohne den Einsatz von giftigen Pestiziden und synthetischen Chemikalien angebaut. Weicher und leichter auf der Haut. Einzeln verpackt, um die Hygiene zu erhalten. Es dient und f\u00f6rdert eine klimafreundliche Landwirtschaft auf der ganzen Welt. Wir freuen uns, die h\u00f6chste Qualit\u00e4t zertifizierter Bio-Baumwolle zu bieten, indem wir eine sichere Arbeitsumgebung<br \/>\nLEAK LOCKER &#8211; Saugf\u00e4hige Windeln aus Baumwolle, die perfekt vor dem Auslaufen sch\u00fctzen und Ihnen helfen, sich frisch zu f\u00fchlen. Es ist langlebig und verhindert Leckage, w\u00e4hrend nat\u00fcrliche Feuchtigkeit blockiert wird. Selbst bei schwerster Str\u00f6mung sorgen die selbstklebenden Fl\u00fcgel f\u00fcr maximale Sicherheit und Komfort. Ohne zu schlafen, schlafen Sie bequem, wissend, dass die wasserdichten R\u00e4nder und der saugf\u00e4hige innere Kern jede Leckage verhindern werden.<br \/>\nAIRFLOW MAXIMUM &#8211; Hypoallergene und atmungsaktive Laken, die den ganzen Tag lang f\u00fcr Sicherheit sorgen. Verhindert das Eindringen von unangenehmen Ger\u00fcchen. Atmungsaktiv ohne Lecks Nicht reizende Formel, ideal f\u00fcr empfindliche Haut. Diese leichten absorbierenden Pads sind aus 100% Bio-Baumwolle hergestellt. Es ist so weich und atmungsaktiv, dass Sie wahrscheinlich vergessen werden, dass es immer noch hier ist!<\/p>\n","protected":false},"featured_media":103613,"comment_status":"open","ping_status":"closed","template":"","meta":[],"product_brand":[],"product_cat":[566,5680],"product_tag":[],"class_list":{"0":"post-103612","1":"product","2":"type-product","3":"status-publish","4":"has-post-thumbnail","6":"product_cat-drogerie-koerperpflege","7":"product_cat-intime-pflege-hygiene","8":"pa_binding-misc","9":"pa_brand-rael","10":"pa_manufacturer-rael","12":"first","13":"instock","14":"shipping-taxable","15":"purchasable","16":"product-type-simple","17":"customify-col","18":"product-has-gallery"},"yoast_head":"<!-- This site is optimized with the Yoast SEO plugin v27.3 - https:\/\/yoast.com\/product\/yoast-seo-wordpress\/ -->\n<title>Rael Menstruationsbinden aus Bio-Baumwolle - \u00dcber-Nacht-Gr\u00f6\u00dfe, hohe Saugf\u00e4higkeit, unparf\u00fcmierte, atmungsaktive\u2026 - Markt-XXL<\/title>\n<meta name=\"description\" content=\"Markt-XXL Rael Menstruationsbinden aus Bio-Baumwolle - \u00dcber-Nacht-Gr\u00f6\u00dfe, hohe Saugf\u00e4higkeit, unparf\u00fcmierte, atmungsaktive\u2026\" \/>\n<meta name=\"robots\" content=\"index, follow, max-snippet:-1, max-image-preview:large, max-video-preview:-1\" \/>\n<link rel=\"canonical\" href=\"https:\/\/marktxxl.de\/markt\/produkt\/rael-menstruation-organic-cotton-damenbinden-duenne-normale-damenbinden-mit-fluegeln\/\" \/>\n<meta property=\"og:locale\" content=\"de_DE\" \/>\n<meta property=\"og:type\" content=\"article\" \/>\n<meta property=\"og:title\" content=\"Rael Menstruationsbinden aus Bio-Baumwolle - \u00dcber-Nacht-Gr\u00f6\u00dfe, hohe Saugf\u00e4higkeit, unparf\u00fcmierte, atmungsaktive\u2026 - Markt-XXL\" \/>\n<meta property=\"og:description\" content=\"Markt-XXL Rael Menstruationsbinden aus Bio-Baumwolle - \u00dcber-Nacht-Gr\u00f6\u00dfe, hohe Saugf\u00e4higkeit, unparf\u00fcmierte, atmungsaktive\u2026\" \/>\n<meta property=\"og:url\" content=\"https:\/\/marktxxl.de\/markt\/produkt\/rael-menstruation-organic-cotton-damenbinden-duenne-normale-damenbinden-mit-fluegeln\/\" \/>\n<meta property=\"og:site_name\" content=\"Markt-XXL\" \/>\n<meta property=\"article:modified_time\" content=\"2023-04-11T01:28:17+00:00\" \/>\n<meta property=\"og:image\" content=\"https:\/\/m.media-amazon.com\/images\/I\/41CoyOQlZyL._SL500_.jpg\" \/>\n\t<meta property=\"og:image:width\" content=\"500\" \/>\n\t<meta property=\"og:image:height\" content=\"500\" \/>\n\t<meta property=\"og:image:type\" content=\"image\/jpeg\" \/>\n<meta name=\"twitter:card\" content=\"summary_large_image\" \/>\n<meta name=\"twitter:label1\" content=\"Gesch\u00e4tzte Lesezeit\" \/>\n\t<meta name=\"twitter:data1\" content=\"1\u00a0Minute\" \/>\n<script type=\"application\/ld+json\" class=\"yoast-schema-graph\">{\"@context\":\"https:\\\/\\\/schema.org\",\"@graph\":[{\"@type\":\"WebPage\",\"@id\":\"https:\\\/\\\/marktxxl.de\\\/markt\\\/produkt\\\/rael-menstruation-organic-cotton-damenbinden-duenne-normale-damenbinden-mit-fluegeln\\\/\",\"url\":\"https:\\\/\\\/marktxxl.de\\\/markt\\\/produkt\\\/rael-menstruation-organic-cotton-damenbinden-duenne-normale-damenbinden-mit-fluegeln\\\/\",\"name\":\"Rael Menstruationsbinden aus Bio-Baumwolle - \u00dcber-Nacht-Gr\u00f6\u00dfe, hohe Saugf\u00e4higkeit, unparf\u00fcmierte, atmungsaktive\u2026 - Markt-XXL\",\"isPartOf\":{\"@id\":\"https:\\\/\\\/marktxxl.de\\\/markt\\\/#website\"},\"primaryImageOfPage\":{\"@id\":\"https:\\\/\\\/marktxxl.de\\\/markt\\\/produkt\\\/rael-menstruation-organic-cotton-damenbinden-duenne-normale-damenbinden-mit-fluegeln\\\/#primaryimage\"},\"image\":{\"@id\":\"https:\\\/\\\/marktxxl.de\\\/markt\\\/produkt\\\/rael-menstruation-organic-cotton-damenbinden-duenne-normale-damenbinden-mit-fluegeln\\\/#primaryimage\"},\"thumbnailUrl\":\"https:\\\/\\\/m.media-amazon.com\\\/images\\\/I\\\/41CoyOQlZyL._SL500_.jpg\",\"datePublished\":\"2022-01-27T19:00:42+00:00\",\"dateModified\":\"2023-04-11T01:28:17+00:00\",\"description\":\"Markt-XXL Rael Menstruationsbinden aus Bio-Baumwolle - \u00dcber-Nacht-Gr\u00f6\u00dfe, hohe Saugf\u00e4higkeit, unparf\u00fcmierte, atmungsaktive\u2026\",\"breadcrumb\":{\"@id\":\"https:\\\/\\\/marktxxl.de\\\/markt\\\/produkt\\\/rael-menstruation-organic-cotton-damenbinden-duenne-normale-damenbinden-mit-fluegeln\\\/#breadcrumb\"},\"inLanguage\":\"de\",\"potentialAction\":[{\"@type\":\"ReadAction\",\"target\":[\"https:\\\/\\\/marktxxl.de\\\/markt\\\/produkt\\\/rael-menstruation-organic-cotton-damenbinden-duenne-normale-damenbinden-mit-fluegeln\\\/\"]}]},{\"@type\":\"ImageObject\",\"inLanguage\":\"de\",\"@id\":\"https:\\\/\\\/marktxxl.de\\\/markt\\\/produkt\\\/rael-menstruation-organic-cotton-damenbinden-duenne-normale-damenbinden-mit-fluegeln\\\/#primaryimage\",\"url\":\"https:\\\/\\\/m.media-amazon.com\\\/images\\\/I\\\/41CoyOQlZyL._SL500_.jpg\",\"contentUrl\":\"https:\\\/\\\/m.media-amazon.com\\\/images\\\/I\\\/41CoyOQlZyL._SL500_.jpg\",\"width\":500,\"height\":500},{\"@type\":\"BreadcrumbList\",\"@id\":\"https:\\\/\\\/marktxxl.de\\\/markt\\\/produkt\\\/rael-menstruation-organic-cotton-damenbinden-duenne-normale-damenbinden-mit-fluegeln\\\/#breadcrumb\",\"itemListElement\":[{\"@type\":\"ListItem\",\"position\":1,\"name\":\"Startseite\",\"item\":\"https:\\\/\\\/marktxxl.de\\\/markt\\\/\"},{\"@type\":\"ListItem\",\"position\":2,\"name\":\"Markt\",\"item\":\"https:\\\/\\\/marktxxl.de\\\/markt\\\/\"},{\"@type\":\"ListItem\",\"position\":3,\"name\":\"Rael Menstruationsbinden aus Bio-Baumwolle &#8211; \u00dcber-Nacht-Gr\u00f6\u00dfe, hohe Saugf\u00e4higkeit, unparf\u00fcmierte, atmungsaktive\u2026\"}]},{\"@type\":\"WebSite\",\"@id\":\"https:\\\/\\\/marktxxl.de\\\/markt\\\/#website\",\"url\":\"https:\\\/\\\/marktxxl.de\\\/markt\\\/\",\"name\":\"Markt-XXL\",\"description\":\"Ihr Markt Online\",\"publisher\":{\"@id\":\"https:\\\/\\\/marktxxl.de\\\/markt\\\/#organization\"},\"potentialAction\":[{\"@type\":\"SearchAction\",\"target\":{\"@type\":\"EntryPoint\",\"urlTemplate\":\"https:\\\/\\\/marktxxl.de\\\/markt\\\/?s={search_term_string}\"},\"query-input\":{\"@type\":\"PropertyValueSpecification\",\"valueRequired\":true,\"valueName\":\"search_term_string\"}}],\"inLanguage\":\"de\"},{\"@type\":\"Organization\",\"@id\":\"https:\\\/\\\/marktxxl.de\\\/markt\\\/#organization\",\"name\":\"Markt-XXL\",\"url\":\"https:\\\/\\\/marktxxl.de\\\/markt\\\/\",\"logo\":{\"@type\":\"ImageObject\",\"inLanguage\":\"de\",\"@id\":\"https:\\\/\\\/marktxxl.de\\\/markt\\\/#\\\/schema\\\/logo\\\/image\\\/\",\"url\":\"https:\\\/\\\/marktxxl.de\\\/markt\\\/wp-content\\\/uploads\\\/sites\\\/3\\\/2020\\\/12\\\/logo.png\",\"contentUrl\":\"https:\\\/\\\/marktxxl.de\\\/markt\\\/wp-content\\\/uploads\\\/sites\\\/3\\\/2020\\\/12\\\/logo.png\",\"width\":200,\"height\":70,\"caption\":\"Markt-XXL\"},\"image\":{\"@id\":\"https:\\\/\\\/marktxxl.de\\\/markt\\\/#\\\/schema\\\/logo\\\/image\\\/\"}}]}<\/script>\n<!-- \/ Yoast SEO plugin. -->","yoast_head_json":{"title":"Rael Menstruationsbinden aus Bio-Baumwolle - \u00dcber-Nacht-Gr\u00f6\u00dfe, hohe Saugf\u00e4higkeit, unparf\u00fcmierte, atmungsaktive\u2026 - Markt-XXL","description":"Markt-XXL Rael Menstruationsbinden aus Bio-Baumwolle - \u00dcber-Nacht-Gr\u00f6\u00dfe, hohe Saugf\u00e4higkeit, unparf\u00fcmierte, atmungsaktive\u2026","robots":{"index":"index","follow":"follow","max-snippet":"max-snippet:-1","max-image-preview":"max-image-preview:large","max-video-preview":"max-video-preview:-1"},"canonical":"https:\/\/marktxxl.de\/markt\/produkt\/rael-menstruation-organic-cotton-damenbinden-duenne-normale-damenbinden-mit-fluegeln\/","og_locale":"de_DE","og_type":"article","og_title":"Rael Menstruationsbinden aus Bio-Baumwolle - \u00dcber-Nacht-Gr\u00f6\u00dfe, hohe Saugf\u00e4higkeit, unparf\u00fcmierte, atmungsaktive\u2026 - Markt-XXL","og_description":"Markt-XXL Rael Menstruationsbinden aus Bio-Baumwolle - \u00dcber-Nacht-Gr\u00f6\u00dfe, hohe Saugf\u00e4higkeit, unparf\u00fcmierte, atmungsaktive\u2026","og_url":"https:\/\/marktxxl.de\/markt\/produkt\/rael-menstruation-organic-cotton-damenbinden-duenne-normale-damenbinden-mit-fluegeln\/","og_site_name":"Markt-XXL","article_modified_time":"2023-04-11T01:28:17+00:00","og_image":[{"width":500,"height":500,"url":"https:\/\/m.media-amazon.com\/images\/I\/41CoyOQlZyL._SL500_.jpg","type":"image\/jpeg"}],"twitter_card":"summary_large_image","twitter_misc":{"Gesch\u00e4tzte Lesezeit":"1\u00a0Minute"},"schema":{"@context":"https:\/\/schema.org","@graph":[{"@type":"WebPage","@id":"https:\/\/marktxxl.de\/markt\/produkt\/rael-menstruation-organic-cotton-damenbinden-duenne-normale-damenbinden-mit-fluegeln\/","url":"https:\/\/marktxxl.de\/markt\/produkt\/rael-menstruation-organic-cotton-damenbinden-duenne-normale-damenbinden-mit-fluegeln\/","name":"Rael Menstruationsbinden aus Bio-Baumwolle - \u00dcber-Nacht-Gr\u00f6\u00dfe, hohe Saugf\u00e4higkeit, unparf\u00fcmierte, atmungsaktive\u2026 - Markt-XXL","isPartOf":{"@id":"https:\/\/marktxxl.de\/markt\/#website"},"primaryImageOfPage":{"@id":"https:\/\/marktxxl.de\/markt\/produkt\/rael-menstruation-organic-cotton-damenbinden-duenne-normale-damenbinden-mit-fluegeln\/#primaryimage"},"image":{"@id":"https:\/\/marktxxl.de\/markt\/produkt\/rael-menstruation-organic-cotton-damenbinden-duenne-normale-damenbinden-mit-fluegeln\/#primaryimage"},"thumbnailUrl":"https:\/\/m.media-amazon.com\/images\/I\/41CoyOQlZyL._SL500_.jpg","datePublished":"2022-01-27T19:00:42+00:00","dateModified":"2023-04-11T01:28:17+00:00","description":"Markt-XXL Rael Menstruationsbinden aus Bio-Baumwolle - \u00dcber-Nacht-Gr\u00f6\u00dfe, hohe Saugf\u00e4higkeit, unparf\u00fcmierte, atmungsaktive\u2026","breadcrumb":{"@id":"https:\/\/marktxxl.de\/markt\/produkt\/rael-menstruation-organic-cotton-damenbinden-duenne-normale-damenbinden-mit-fluegeln\/#breadcrumb"},"inLanguage":"de","potentialAction":[{"@type":"ReadAction","target":["https:\/\/marktxxl.de\/markt\/produkt\/rael-menstruation-organic-cotton-damenbinden-duenne-normale-damenbinden-mit-fluegeln\/"]}]},{"@type":"ImageObject","inLanguage":"de","@id":"https:\/\/marktxxl.de\/markt\/produkt\/rael-menstruation-organic-cotton-damenbinden-duenne-normale-damenbinden-mit-fluegeln\/#primaryimage","url":"https:\/\/m.media-amazon.com\/images\/I\/41CoyOQlZyL._SL500_.jpg","contentUrl":"https:\/\/m.media-amazon.com\/images\/I\/41CoyOQlZyL._SL500_.jpg","width":500,"height":500},{"@type":"BreadcrumbList","@id":"https:\/\/marktxxl.de\/markt\/produkt\/rael-menstruation-organic-cotton-damenbinden-duenne-normale-damenbinden-mit-fluegeln\/#breadcrumb","itemListElement":[{"@type":"ListItem","position":1,"name":"Startseite","item":"https:\/\/marktxxl.de\/markt\/"},{"@type":"ListItem","position":2,"name":"Markt","item":"https:\/\/marktxxl.de\/markt\/"},{"@type":"ListItem","position":3,"name":"Rael Menstruationsbinden aus Bio-Baumwolle &#8211; \u00dcber-Nacht-Gr\u00f6\u00dfe, hohe Saugf\u00e4higkeit, unparf\u00fcmierte, atmungsaktive\u2026"}]},{"@type":"WebSite","@id":"https:\/\/marktxxl.de\/markt\/#website","url":"https:\/\/marktxxl.de\/markt\/","name":"Markt-XXL","description":"Ihr Markt Online","publisher":{"@id":"https:\/\/marktxxl.de\/markt\/#organization"},"potentialAction":[{"@type":"SearchAction","target":{"@type":"EntryPoint","urlTemplate":"https:\/\/marktxxl.de\/markt\/?s={search_term_string}"},"query-input":{"@type":"PropertyValueSpecification","valueRequired":true,"valueName":"search_term_string"}}],"inLanguage":"de"},{"@type":"Organization","@id":"https:\/\/marktxxl.de\/markt\/#organization","name":"Markt-XXL","url":"https:\/\/marktxxl.de\/markt\/","logo":{"@type":"ImageObject","inLanguage":"de","@id":"https:\/\/marktxxl.de\/markt\/#\/schema\/logo\/image\/","url":"https:\/\/marktxxl.de\/markt\/wp-content\/uploads\/sites\/3\/2020\/12\/logo.png","contentUrl":"https:\/\/marktxxl.de\/markt\/wp-content\/uploads\/sites\/3\/2020\/12\/logo.png","width":200,"height":70,"caption":"Markt-XXL"},"image":{"@id":"https:\/\/marktxxl.de\/markt\/#\/schema\/logo\/image\/"}}]}},"_links":{"self":[{"href":"https:\/\/marktxxl.de\/markt\/wp-json\/wp\/v2\/product\/103612","targetHints":{"allow":["GET"]}}],"collection":[{"href":"https:\/\/marktxxl.de\/markt\/wp-json\/wp\/v2\/product"}],"about":[{"href":"https:\/\/marktxxl.de\/markt\/wp-json\/wp\/v2\/types\/product"}],"replies":[{"embeddable":true,"href":"https:\/\/marktxxl.de\/markt\/wp-json\/wp\/v2\/comments?post=103612"}],"wp:featuredmedia":[{"embeddable":true,"href":"https:\/\/marktxxl.de\/markt\/wp-json\/wp\/v2\/media\/103613"}],"wp:attachment":[{"href":"https:\/\/marktxxl.de\/markt\/wp-json\/wp\/v2\/media?parent=103612"}],"wp:term":[{"taxonomy":"product_brand","embeddable":true,"href":"https:\/\/marktxxl.de\/markt\/wp-json\/wp\/v2\/product_brand?post=103612"},{"taxonomy":"product_cat","embeddable":true,"href":"https:\/\/marktxxl.de\/markt\/wp-json\/wp\/v2\/product_cat?post=103612"},{"taxonomy":"product_tag","embeddable":true,"href":"https:\/\/marktxxl.de\/markt\/wp-json\/wp\/v2\/product_tag?post=103612"}],"curies":[{"name":"wp","href":"https:\/\/api.w.org\/{rel}","templated":true}]}}