{"id":103426,"date":"2022-01-27T19:52:58","date_gmt":"2022-01-27T18:52:58","guid":{"rendered":"https:\/\/marktxxl.de\/markt\/produkt\/dickies-eds-essentials-dk305-damen-schlupfkasack-zum-aufwaermen-druckknopfverschluss\/"},"modified":"2023-04-11T03:27:18","modified_gmt":"2023-04-11T01:27:18","slug":"dickies-eds-essentials-dk305-damen-schlupfkasack-zum-aufwaermen-druckknopfverschluss","status":"publish","type":"product","link":"https:\/\/marktxxl.de\/markt\/produkt\/dickies-eds-essentials-dk305-damen-schlupfkasack-zum-aufwaermen-druckknopfverschluss\/","title":{"rendered":"Dickies EDS Essentials DK305 Damen-Schlupfkasack, zum Aufw\u00e4rmen, Druckknopfverschluss"},"content":{"rendered":"<p>Schmeichelnde Passform, Gr\u00f6\u00dfen bis 5XL \u2013 EDS Essentials Jacken f\u00fcr Frauen haben die Gr\u00f6\u00dfen Sie wollen und die Funktionen, die Sie brauchen. Erh\u00e4ltlich in den Gr\u00f6\u00dfen XXS bis 5XL. Unsere Damen-Peelings sind f\u00fcr Komfort und maximale Haltbarkeit konzipiert. (Scrub Pant separat erh\u00e4ltlich.)<br \/>\nStil und Funktion \u2013 unsere Peeling-Jacken f\u00fcr Frauen bieten medizinisches Personal eine Uniform, die professionell, flei\u00dfig und stilvoll ist und gleichzeitig erschwinglich ist. Diese Damenjacke verf\u00fcgt \u00fcber Schulterpasse vorne, Prinzessinnenn\u00e4hte hinten und Rippstrickb\u00fcndchen.<br \/>\nVier-Wege-Stretch-Stoff \u2013 Dickies EDS Essentials Still-Peelings f\u00fcr Frauen sind aus feuchtigkeitsableitendem Material, das dehnbar, weich, langlebig und maschinenwaschbar ist, wodurch es bequem und pflegeleicht ist, um Ihre h\u00e4rteste Arbeitsschicht zu \u00fcberdauern.<br \/>\nViel Stauraum \u2013 unsere Damenjacken verf\u00fcgen \u00fcber ger\u00e4umige Vordertaschen, um alle wichtigen Dinge aufzubewahren. Stift-Schlitz auf der rechten Tasche bietet noch mehr Stauraum. Instrumenten-Schlaufen mit Druckknopf an der rechten Schulter f\u00fcr Stethoskop oder Ausweis. Taschen f\u00fcr iPhone und Galaxy.<br \/>\nDetails machen den Unterschied \u2013 EDS Essentials Damen-Peelings enthalten Dickies-Logo-Tape im Nacken, ein W\u00e4rme\u00fcbertragungs-Nackenlabel f\u00fcr Komfort, passendes Twill-Tape an der Tasche f\u00fcr zus\u00e4tzlichen Stauraum, ein diskretes tonales Etikett und verst\u00e4rkte Belastungspunkte.<br \/>\n<div class=\"main-cross-sell\" data-asin=\"B07V5BZCPV\">\n\n\t<div class=\"WooZone-cross-sell-loader\">\n\t\t<div>\n\t\t\t<div id=\"floatingBarsG\">\n\t\t\t\t<div class=\"blockG\" id=\"rotateG_01\"><\/div>\n\t\t\t\t<div class=\"blockG\" id=\"rotateG_02\"><\/div>\n\t\t\t\t<div class=\"blockG\" id=\"rotateG_03\"><\/div>\n\t\t\t\t<div class=\"blockG\" id=\"rotateG_04\"><\/div>\n\t\t\t\t<div class=\"blockG\" id=\"rotateG_05\"><\/div>\n\t\t\t\t<div class=\"blockG\" id=\"rotateG_06\"><\/div>\n\t\t\t\t<div class=\"blockG\" id=\"rotateG_07\"><\/div>\n\t\t\t\t<div class=\"blockG\" id=\"rotateG_08\"><\/div>\n\t\t\t<\/div>\n\t\t\t<div class=\"WooZone-cross-sell-loader-text\"><\/div>\n\t\t<\/div>\n\t<\/div>\n\n\t\t\n<\/div>\n<div style=\"clear:both;\"><\/div><\/p>\n","protected":false},"excerpt":{"rendered":"<p>Schmeichelnde Passform, Gr\u00f6\u00dfen bis 5XL \u2013 EDS Essentials Jacken f\u00fcr Frauen haben die Gr\u00f6\u00dfen Sie wollen und die Funktionen, die Sie brauchen. Erh\u00e4ltlich in den Gr\u00f6\u00dfen XXS bis 5XL. Unsere Damen-Peelings sind f\u00fcr Komfort und maximale Haltbarkeit konzipiert. (Scrub Pant separat erh\u00e4ltlich.)<br \/>\nStil und Funktion \u2013 unsere Peeling-Jacken f\u00fcr Frauen bieten medizinisches Personal eine Uniform, die professionell, flei\u00dfig und stilvoll ist und gleichzeitig erschwinglich ist. Diese Damenjacke verf\u00fcgt \u00fcber Schulterpasse vorne, Prinzessinnenn\u00e4hte hinten und Rippstrickb\u00fcndchen.<br \/>\nVier-Wege-Stretch-Stoff \u2013 Dickies EDS Essentials Still-Peelings f\u00fcr Frauen sind aus feuchtigkeitsableitendem Material, das dehnbar, weich, langlebig und maschinenwaschbar ist, wodurch es bequem und pflegeleicht ist, um Ihre h\u00e4rteste Arbeitsschicht zu \u00fcberdauern.<\/p>\n","protected":false},"featured_media":103427,"comment_status":"open","ping_status":"closed","template":"","meta":[],"product_brand":[],"product_cat":[4143,1186],"product_tag":[],"class_list":{"0":"post-103426","1":"product","2":"type-product","3":"status-publish","4":"has-post-thumbnail","6":"product_cat-arbeitskleidung-uniformen","7":"product_cat-bekleidung","8":"pa_binding-textilien","9":"pa_brand-dickies","10":"pa_manufacturer-spi","11":"pa_model-dk305","13":"first","14":"instock","15":"shipping-taxable","16":"purchasable","17":"product-type-simple","18":"customify-col","19":"product-has-gallery"},"yoast_head":"<!-- This site is optimized with the Yoast SEO plugin v27.4 - https:\/\/yoast.com\/product\/yoast-seo-wordpress\/ -->\n<title>Dickies EDS Essentials DK305 Damen-Schlupfkasack, zum Aufw\u00e4rmen, Druckknopfverschluss - Markt-XXL<\/title>\n<meta name=\"description\" content=\"Markt-XXL Dickies EDS Essentials DK305 Damen-Schlupfkasack, zum Aufw\u00e4rmen, Druckknopfverschluss\" \/>\n<meta name=\"robots\" content=\"index, follow, max-snippet:-1, max-image-preview:large, max-video-preview:-1\" \/>\n<link rel=\"canonical\" href=\"https:\/\/marktxxl.de\/markt\/produkt\/dickies-eds-essentials-dk305-damen-schlupfkasack-zum-aufwaermen-druckknopfverschluss\/\" \/>\n<meta property=\"og:locale\" content=\"de_DE\" \/>\n<meta property=\"og:type\" content=\"article\" \/>\n<meta property=\"og:title\" content=\"Dickies EDS Essentials DK305 Damen-Schlupfkasack, zum Aufw\u00e4rmen, Druckknopfverschluss - Markt-XXL\" \/>\n<meta property=\"og:description\" content=\"Markt-XXL Dickies EDS Essentials DK305 Damen-Schlupfkasack, zum Aufw\u00e4rmen, Druckknopfverschluss\" \/>\n<meta property=\"og:url\" content=\"https:\/\/marktxxl.de\/markt\/produkt\/dickies-eds-essentials-dk305-damen-schlupfkasack-zum-aufwaermen-druckknopfverschluss\/\" \/>\n<meta property=\"og:site_name\" content=\"Markt-XXL\" \/>\n<meta property=\"article:modified_time\" content=\"2023-04-11T01:27:18+00:00\" \/>\n<meta property=\"og:image\" content=\"https:\/\/m.media-amazon.com\/images\/I\/41yQe9oAqBL._SL500_.jpg\" \/>\n\t<meta property=\"og:image:width\" content=\"344\" \/>\n\t<meta property=\"og:image:height\" content=\"500\" \/>\n\t<meta property=\"og:image:type\" content=\"image\/jpeg\" \/>\n<meta name=\"twitter:card\" content=\"summary_large_image\" \/>\n<meta name=\"twitter:label1\" content=\"Gesch\u00e4tzte Lesezeit\" \/>\n\t<meta name=\"twitter:data1\" content=\"1\u00a0Minute\" \/>\n<script type=\"application\/ld+json\" class=\"yoast-schema-graph\">{\"@context\":\"https:\\\/\\\/schema.org\",\"@graph\":[{\"@type\":\"WebPage\",\"@id\":\"https:\\\/\\\/marktxxl.de\\\/markt\\\/produkt\\\/dickies-eds-essentials-dk305-damen-schlupfkasack-zum-aufwaermen-druckknopfverschluss\\\/\",\"url\":\"https:\\\/\\\/marktxxl.de\\\/markt\\\/produkt\\\/dickies-eds-essentials-dk305-damen-schlupfkasack-zum-aufwaermen-druckknopfverschluss\\\/\",\"name\":\"Dickies EDS Essentials DK305 Damen-Schlupfkasack, zum Aufw\u00e4rmen, Druckknopfverschluss - Markt-XXL\",\"isPartOf\":{\"@id\":\"https:\\\/\\\/marktxxl.de\\\/markt\\\/#website\"},\"primaryImageOfPage\":{\"@id\":\"https:\\\/\\\/marktxxl.de\\\/markt\\\/produkt\\\/dickies-eds-essentials-dk305-damen-schlupfkasack-zum-aufwaermen-druckknopfverschluss\\\/#primaryimage\"},\"image\":{\"@id\":\"https:\\\/\\\/marktxxl.de\\\/markt\\\/produkt\\\/dickies-eds-essentials-dk305-damen-schlupfkasack-zum-aufwaermen-druckknopfverschluss\\\/#primaryimage\"},\"thumbnailUrl\":\"https:\\\/\\\/m.media-amazon.com\\\/images\\\/I\\\/41yQe9oAqBL._SL500_.jpg\",\"datePublished\":\"2022-01-27T18:52:58+00:00\",\"dateModified\":\"2023-04-11T01:27:18+00:00\",\"description\":\"Markt-XXL Dickies EDS Essentials DK305 Damen-Schlupfkasack, zum Aufw\u00e4rmen, Druckknopfverschluss\",\"breadcrumb\":{\"@id\":\"https:\\\/\\\/marktxxl.de\\\/markt\\\/produkt\\\/dickies-eds-essentials-dk305-damen-schlupfkasack-zum-aufwaermen-druckknopfverschluss\\\/#breadcrumb\"},\"inLanguage\":\"de\",\"potentialAction\":[{\"@type\":\"ReadAction\",\"target\":[\"https:\\\/\\\/marktxxl.de\\\/markt\\\/produkt\\\/dickies-eds-essentials-dk305-damen-schlupfkasack-zum-aufwaermen-druckknopfverschluss\\\/\"]}]},{\"@type\":\"ImageObject\",\"inLanguage\":\"de\",\"@id\":\"https:\\\/\\\/marktxxl.de\\\/markt\\\/produkt\\\/dickies-eds-essentials-dk305-damen-schlupfkasack-zum-aufwaermen-druckknopfverschluss\\\/#primaryimage\",\"url\":\"https:\\\/\\\/m.media-amazon.com\\\/images\\\/I\\\/41yQe9oAqBL._SL500_.jpg\",\"contentUrl\":\"https:\\\/\\\/m.media-amazon.com\\\/images\\\/I\\\/41yQe9oAqBL._SL500_.jpg\",\"width\":344,\"height\":500},{\"@type\":\"BreadcrumbList\",\"@id\":\"https:\\\/\\\/marktxxl.de\\\/markt\\\/produkt\\\/dickies-eds-essentials-dk305-damen-schlupfkasack-zum-aufwaermen-druckknopfverschluss\\\/#breadcrumb\",\"itemListElement\":[{\"@type\":\"ListItem\",\"position\":1,\"name\":\"Startseite\",\"item\":\"https:\\\/\\\/marktxxl.de\\\/markt\\\/\"},{\"@type\":\"ListItem\",\"position\":2,\"name\":\"Markt\",\"item\":\"https:\\\/\\\/marktxxl.de\\\/markt\\\/\"},{\"@type\":\"ListItem\",\"position\":3,\"name\":\"Dickies EDS Essentials DK305 Damen-Schlupfkasack, zum Aufw\u00e4rmen, Druckknopfverschluss\"}]},{\"@type\":\"WebSite\",\"@id\":\"https:\\\/\\\/marktxxl.de\\\/markt\\\/#website\",\"url\":\"https:\\\/\\\/marktxxl.de\\\/markt\\\/\",\"name\":\"Markt-XXL\",\"description\":\"Ihr Markt Online\",\"publisher\":{\"@id\":\"https:\\\/\\\/marktxxl.de\\\/markt\\\/#organization\"},\"potentialAction\":[{\"@type\":\"SearchAction\",\"target\":{\"@type\":\"EntryPoint\",\"urlTemplate\":\"https:\\\/\\\/marktxxl.de\\\/markt\\\/?s={search_term_string}\"},\"query-input\":{\"@type\":\"PropertyValueSpecification\",\"valueRequired\":true,\"valueName\":\"search_term_string\"}}],\"inLanguage\":\"de\"},{\"@type\":\"Organization\",\"@id\":\"https:\\\/\\\/marktxxl.de\\\/markt\\\/#organization\",\"name\":\"Markt-XXL\",\"url\":\"https:\\\/\\\/marktxxl.de\\\/markt\\\/\",\"logo\":{\"@type\":\"ImageObject\",\"inLanguage\":\"de\",\"@id\":\"https:\\\/\\\/marktxxl.de\\\/markt\\\/#\\\/schema\\\/logo\\\/image\\\/\",\"url\":\"https:\\\/\\\/marktxxl.de\\\/markt\\\/wp-content\\\/uploads\\\/sites\\\/3\\\/2020\\\/12\\\/logo.png\",\"contentUrl\":\"https:\\\/\\\/marktxxl.de\\\/markt\\\/wp-content\\\/uploads\\\/sites\\\/3\\\/2020\\\/12\\\/logo.png\",\"width\":200,\"height\":70,\"caption\":\"Markt-XXL\"},\"image\":{\"@id\":\"https:\\\/\\\/marktxxl.de\\\/markt\\\/#\\\/schema\\\/logo\\\/image\\\/\"}}]}<\/script>\n<!-- \/ Yoast SEO plugin. -->","yoast_head_json":{"title":"Dickies EDS Essentials DK305 Damen-Schlupfkasack, zum Aufw\u00e4rmen, Druckknopfverschluss - Markt-XXL","description":"Markt-XXL Dickies EDS Essentials DK305 Damen-Schlupfkasack, zum Aufw\u00e4rmen, Druckknopfverschluss","robots":{"index":"index","follow":"follow","max-snippet":"max-snippet:-1","max-image-preview":"max-image-preview:large","max-video-preview":"max-video-preview:-1"},"canonical":"https:\/\/marktxxl.de\/markt\/produkt\/dickies-eds-essentials-dk305-damen-schlupfkasack-zum-aufwaermen-druckknopfverschluss\/","og_locale":"de_DE","og_type":"article","og_title":"Dickies EDS Essentials DK305 Damen-Schlupfkasack, zum Aufw\u00e4rmen, Druckknopfverschluss - Markt-XXL","og_description":"Markt-XXL Dickies EDS Essentials DK305 Damen-Schlupfkasack, zum Aufw\u00e4rmen, Druckknopfverschluss","og_url":"https:\/\/marktxxl.de\/markt\/produkt\/dickies-eds-essentials-dk305-damen-schlupfkasack-zum-aufwaermen-druckknopfverschluss\/","og_site_name":"Markt-XXL","article_modified_time":"2023-04-11T01:27:18+00:00","og_image":[{"width":344,"height":500,"url":"https:\/\/m.media-amazon.com\/images\/I\/41yQe9oAqBL._SL500_.jpg","type":"image\/jpeg"}],"twitter_card":"summary_large_image","twitter_misc":{"Gesch\u00e4tzte Lesezeit":"1\u00a0Minute"},"schema":{"@context":"https:\/\/schema.org","@graph":[{"@type":"WebPage","@id":"https:\/\/marktxxl.de\/markt\/produkt\/dickies-eds-essentials-dk305-damen-schlupfkasack-zum-aufwaermen-druckknopfverschluss\/","url":"https:\/\/marktxxl.de\/markt\/produkt\/dickies-eds-essentials-dk305-damen-schlupfkasack-zum-aufwaermen-druckknopfverschluss\/","name":"Dickies EDS Essentials DK305 Damen-Schlupfkasack, zum Aufw\u00e4rmen, Druckknopfverschluss - Markt-XXL","isPartOf":{"@id":"https:\/\/marktxxl.de\/markt\/#website"},"primaryImageOfPage":{"@id":"https:\/\/marktxxl.de\/markt\/produkt\/dickies-eds-essentials-dk305-damen-schlupfkasack-zum-aufwaermen-druckknopfverschluss\/#primaryimage"},"image":{"@id":"https:\/\/marktxxl.de\/markt\/produkt\/dickies-eds-essentials-dk305-damen-schlupfkasack-zum-aufwaermen-druckknopfverschluss\/#primaryimage"},"thumbnailUrl":"https:\/\/m.media-amazon.com\/images\/I\/41yQe9oAqBL._SL500_.jpg","datePublished":"2022-01-27T18:52:58+00:00","dateModified":"2023-04-11T01:27:18+00:00","description":"Markt-XXL Dickies EDS Essentials DK305 Damen-Schlupfkasack, zum Aufw\u00e4rmen, Druckknopfverschluss","breadcrumb":{"@id":"https:\/\/marktxxl.de\/markt\/produkt\/dickies-eds-essentials-dk305-damen-schlupfkasack-zum-aufwaermen-druckknopfverschluss\/#breadcrumb"},"inLanguage":"de","potentialAction":[{"@type":"ReadAction","target":["https:\/\/marktxxl.de\/markt\/produkt\/dickies-eds-essentials-dk305-damen-schlupfkasack-zum-aufwaermen-druckknopfverschluss\/"]}]},{"@type":"ImageObject","inLanguage":"de","@id":"https:\/\/marktxxl.de\/markt\/produkt\/dickies-eds-essentials-dk305-damen-schlupfkasack-zum-aufwaermen-druckknopfverschluss\/#primaryimage","url":"https:\/\/m.media-amazon.com\/images\/I\/41yQe9oAqBL._SL500_.jpg","contentUrl":"https:\/\/m.media-amazon.com\/images\/I\/41yQe9oAqBL._SL500_.jpg","width":344,"height":500},{"@type":"BreadcrumbList","@id":"https:\/\/marktxxl.de\/markt\/produkt\/dickies-eds-essentials-dk305-damen-schlupfkasack-zum-aufwaermen-druckknopfverschluss\/#breadcrumb","itemListElement":[{"@type":"ListItem","position":1,"name":"Startseite","item":"https:\/\/marktxxl.de\/markt\/"},{"@type":"ListItem","position":2,"name":"Markt","item":"https:\/\/marktxxl.de\/markt\/"},{"@type":"ListItem","position":3,"name":"Dickies EDS Essentials DK305 Damen-Schlupfkasack, zum Aufw\u00e4rmen, Druckknopfverschluss"}]},{"@type":"WebSite","@id":"https:\/\/marktxxl.de\/markt\/#website","url":"https:\/\/marktxxl.de\/markt\/","name":"Markt-XXL","description":"Ihr Markt Online","publisher":{"@id":"https:\/\/marktxxl.de\/markt\/#organization"},"potentialAction":[{"@type":"SearchAction","target":{"@type":"EntryPoint","urlTemplate":"https:\/\/marktxxl.de\/markt\/?s={search_term_string}"},"query-input":{"@type":"PropertyValueSpecification","valueRequired":true,"valueName":"search_term_string"}}],"inLanguage":"de"},{"@type":"Organization","@id":"https:\/\/marktxxl.de\/markt\/#organization","name":"Markt-XXL","url":"https:\/\/marktxxl.de\/markt\/","logo":{"@type":"ImageObject","inLanguage":"de","@id":"https:\/\/marktxxl.de\/markt\/#\/schema\/logo\/image\/","url":"https:\/\/marktxxl.de\/markt\/wp-content\/uploads\/sites\/3\/2020\/12\/logo.png","contentUrl":"https:\/\/marktxxl.de\/markt\/wp-content\/uploads\/sites\/3\/2020\/12\/logo.png","width":200,"height":70,"caption":"Markt-XXL"},"image":{"@id":"https:\/\/marktxxl.de\/markt\/#\/schema\/logo\/image\/"}}]}},"_links":{"self":[{"href":"https:\/\/marktxxl.de\/markt\/wp-json\/wp\/v2\/product\/103426","targetHints":{"allow":["GET"]}}],"collection":[{"href":"https:\/\/marktxxl.de\/markt\/wp-json\/wp\/v2\/product"}],"about":[{"href":"https:\/\/marktxxl.de\/markt\/wp-json\/wp\/v2\/types\/product"}],"replies":[{"embeddable":true,"href":"https:\/\/marktxxl.de\/markt\/wp-json\/wp\/v2\/comments?post=103426"}],"wp:featuredmedia":[{"embeddable":true,"href":"https:\/\/marktxxl.de\/markt\/wp-json\/wp\/v2\/media\/103427"}],"wp:attachment":[{"href":"https:\/\/marktxxl.de\/markt\/wp-json\/wp\/v2\/media?parent=103426"}],"wp:term":[{"taxonomy":"product_brand","embeddable":true,"href":"https:\/\/marktxxl.de\/markt\/wp-json\/wp\/v2\/product_brand?post=103426"},{"taxonomy":"product_cat","embeddable":true,"href":"https:\/\/marktxxl.de\/markt\/wp-json\/wp\/v2\/product_cat?post=103426"},{"taxonomy":"product_tag","embeddable":true,"href":"https:\/\/marktxxl.de\/markt\/wp-json\/wp\/v2\/product_tag?post=103426"}],"curies":[{"name":"wp","href":"https:\/\/api.w.org\/{rel}","templated":true}]}}