{"id":103402,"date":"2022-01-27T19:52:27","date_gmt":"2022-01-27T18:52:27","guid":{"rendered":"https:\/\/marktxxl.de\/markt\/produkt\/playshoes-jungen-malschuerze-mit-aermeln-unterhemd-s-marine\/"},"modified":"2023-04-11T03:27:17","modified_gmt":"2023-04-11T01:27:17","slug":"playshoes-jungen-malschuerze-mit-aermeln-unterhemd-s-marine","status":"publish","type":"product","link":"https:\/\/marktxxl.de\/markt\/produkt\/playshoes-jungen-malschuerze-mit-aermeln-unterhemd-s-marine\/","title":{"rendered":"Playshoes Unisex Kinder Malsch\u00fcrze mit \u00c4rmeln"},"content":{"rendered":"<p>Einfach \u00fcberziehen und schon ist die Kinder-Kleidung vor Farben, Kleber und sonstigen Verschmutzungen gesch\u00fctzt. Die wasserabweisende Bastelsch\u00fcrze ist ideal f\u00fcr Zuhause oder den Kindergarten<br \/>\nPraktisches Design, die elastischen B\u00fcndchen an den Armen verhindern ein Verrutschen. Kinderleichte Reinigung, einfach abwischen oder bei 30\u00b0 C waschen<br \/>\nEinfaches An- und Ausziehen, die Malsch\u00fcrze l\u00e4sst sich hinten mit drei praktischen Druckkn\u00f6pfen kinderleicht verschlie\u00dfen. Zwei Taschen auf der Vorderseite bieten Platz zum Verstauen von Stiften, Farben, Snacks und Spielzeug<br \/>\nTextiles Vertrauen &#8211; Oeko-Tex-Standard 100 Klasse 1 vom Institut Hohenstein auf Schadstoffe gepr\u00fcft (Pr\u00fcf-Nr. : 12.0.05235)<br \/>\nGr\u00f6\u00dfe S entspricht ca. der Kleidergr\u00f6\u00dfe 92<br \/>\n<div class=\"main-cross-sell\" data-asin=\"B002NEFUGA\">\n\n\t<div class=\"WooZone-cross-sell-loader\">\n\t\t<div>\n\t\t\t<div id=\"floatingBarsG\">\n\t\t\t\t<div class=\"blockG\" id=\"rotateG_01\"><\/div>\n\t\t\t\t<div class=\"blockG\" id=\"rotateG_02\"><\/div>\n\t\t\t\t<div class=\"blockG\" id=\"rotateG_03\"><\/div>\n\t\t\t\t<div class=\"blockG\" id=\"rotateG_04\"><\/div>\n\t\t\t\t<div class=\"blockG\" id=\"rotateG_05\"><\/div>\n\t\t\t\t<div class=\"blockG\" id=\"rotateG_06\"><\/div>\n\t\t\t\t<div class=\"blockG\" id=\"rotateG_07\"><\/div>\n\t\t\t\t<div class=\"blockG\" id=\"rotateG_08\"><\/div>\n\t\t\t<\/div>\n\t\t\t<div class=\"WooZone-cross-sell-loader-text\"><\/div>\n\t\t<\/div>\n\t<\/div>\n\n\t\t\n<\/div>\n<div style=\"clear:both;\"><\/div><\/p>\n","protected":false},"excerpt":{"rendered":"<p>Einfach \u00fcberziehen und schon ist die Kinder-Kleidung vor Farben, Kleber und sonstigen Verschmutzungen gesch\u00fctzt. Die wasserabweisende Bastelsch\u00fcrze ist ideal f\u00fcr Zuhause oder den Kindergarten<br \/>\nPraktisches Design, die elastischen B\u00fcndchen an den Armen verhindern ein Verrutschen. Kinderleichte Reinigung, einfach abwischen oder bei 30\u00b0 C waschen<br \/>\nEinfaches An- und Ausziehen, die Malsch\u00fcrze l\u00e4sst sich hinten mit drei praktischen Druckkn\u00f6pfen kinderleicht verschlie\u00dfen. Zwei Taschen auf der Vorderseite bieten Platz zum Verstauen von Stiften, Farben, Snacks und Spielzeug<\/p>\n","protected":false},"featured_media":103403,"comment_status":"open","ping_status":"closed","template":"","meta":[],"product_brand":[],"product_cat":[4143,1186],"product_tag":[],"class_list":{"0":"post-103402","1":"product","2":"type-product","3":"status-publish","4":"has-post-thumbnail","6":"product_cat-arbeitskleidung-uniformen","7":"product_cat-bekleidung","8":"pa_binding-textilien","9":"pa_brand-playshoes","10":"pa_color-marine","11":"pa_manufacturer-playshoes","12":"pa_model-515301_11_s","13":"pa_size-s","14":"pa_weight-0-26-pfund","16":"first","17":"instock","18":"shipping-taxable","19":"purchasable","20":"product-type-simple","21":"customify-col","22":"product-has-gallery"},"yoast_head":"<!-- This site is optimized with the Yoast SEO plugin v27.3 - https:\/\/yoast.com\/product\/yoast-seo-wordpress\/ -->\n<title>Playshoes Unisex Kinder Malsch\u00fcrze mit \u00c4rmeln - Markt-XXL<\/title>\n<meta name=\"description\" content=\"Markt-XXL Playshoes Unisex Kinder Malsch\u00fcrze mit \u00c4rmeln\" \/>\n<meta name=\"robots\" content=\"index, follow, max-snippet:-1, max-image-preview:large, max-video-preview:-1\" \/>\n<link rel=\"canonical\" href=\"https:\/\/marktxxl.de\/markt\/produkt\/playshoes-jungen-malschuerze-mit-aermeln-unterhemd-s-marine\/\" \/>\n<meta property=\"og:locale\" content=\"de_DE\" \/>\n<meta property=\"og:type\" content=\"article\" \/>\n<meta property=\"og:title\" content=\"Playshoes Unisex Kinder Malsch\u00fcrze mit \u00c4rmeln - Markt-XXL\" \/>\n<meta property=\"og:description\" content=\"Markt-XXL Playshoes Unisex Kinder Malsch\u00fcrze mit \u00c4rmeln\" \/>\n<meta property=\"og:url\" content=\"https:\/\/marktxxl.de\/markt\/produkt\/playshoes-jungen-malschuerze-mit-aermeln-unterhemd-s-marine\/\" \/>\n<meta property=\"og:site_name\" content=\"Markt-XXL\" \/>\n<meta property=\"article:modified_time\" content=\"2023-04-11T01:27:17+00:00\" \/>\n<meta property=\"og:image\" content=\"https:\/\/m.media-amazon.com\/images\/I\/51vX16S7RWL._SL500_.jpg\" \/>\n\t<meta property=\"og:image:width\" content=\"500\" \/>\n\t<meta property=\"og:image:height\" content=\"495\" \/>\n\t<meta property=\"og:image:type\" content=\"image\/jpeg\" \/>\n<meta name=\"twitter:card\" content=\"summary_large_image\" \/>\n<meta name=\"twitter:label1\" content=\"Gesch\u00e4tzte Lesezeit\" \/>\n\t<meta name=\"twitter:data1\" content=\"1\u00a0Minute\" \/>\n<script type=\"application\/ld+json\" class=\"yoast-schema-graph\">{\"@context\":\"https:\\\/\\\/schema.org\",\"@graph\":[{\"@type\":\"WebPage\",\"@id\":\"https:\\\/\\\/marktxxl.de\\\/markt\\\/produkt\\\/playshoes-jungen-malschuerze-mit-aermeln-unterhemd-s-marine\\\/\",\"url\":\"https:\\\/\\\/marktxxl.de\\\/markt\\\/produkt\\\/playshoes-jungen-malschuerze-mit-aermeln-unterhemd-s-marine\\\/\",\"name\":\"Playshoes Unisex Kinder Malsch\u00fcrze mit \u00c4rmeln - Markt-XXL\",\"isPartOf\":{\"@id\":\"https:\\\/\\\/marktxxl.de\\\/markt\\\/#website\"},\"primaryImageOfPage\":{\"@id\":\"https:\\\/\\\/marktxxl.de\\\/markt\\\/produkt\\\/playshoes-jungen-malschuerze-mit-aermeln-unterhemd-s-marine\\\/#primaryimage\"},\"image\":{\"@id\":\"https:\\\/\\\/marktxxl.de\\\/markt\\\/produkt\\\/playshoes-jungen-malschuerze-mit-aermeln-unterhemd-s-marine\\\/#primaryimage\"},\"thumbnailUrl\":\"https:\\\/\\\/m.media-amazon.com\\\/images\\\/I\\\/51vX16S7RWL._SL500_.jpg\",\"datePublished\":\"2022-01-27T18:52:27+00:00\",\"dateModified\":\"2023-04-11T01:27:17+00:00\",\"description\":\"Markt-XXL Playshoes Unisex Kinder Malsch\u00fcrze mit \u00c4rmeln\",\"breadcrumb\":{\"@id\":\"https:\\\/\\\/marktxxl.de\\\/markt\\\/produkt\\\/playshoes-jungen-malschuerze-mit-aermeln-unterhemd-s-marine\\\/#breadcrumb\"},\"inLanguage\":\"de\",\"potentialAction\":[{\"@type\":\"ReadAction\",\"target\":[\"https:\\\/\\\/marktxxl.de\\\/markt\\\/produkt\\\/playshoes-jungen-malschuerze-mit-aermeln-unterhemd-s-marine\\\/\"]}]},{\"@type\":\"ImageObject\",\"inLanguage\":\"de\",\"@id\":\"https:\\\/\\\/marktxxl.de\\\/markt\\\/produkt\\\/playshoes-jungen-malschuerze-mit-aermeln-unterhemd-s-marine\\\/#primaryimage\",\"url\":\"https:\\\/\\\/m.media-amazon.com\\\/images\\\/I\\\/51vX16S7RWL._SL500_.jpg\",\"contentUrl\":\"https:\\\/\\\/m.media-amazon.com\\\/images\\\/I\\\/51vX16S7RWL._SL500_.jpg\",\"width\":500,\"height\":495},{\"@type\":\"BreadcrumbList\",\"@id\":\"https:\\\/\\\/marktxxl.de\\\/markt\\\/produkt\\\/playshoes-jungen-malschuerze-mit-aermeln-unterhemd-s-marine\\\/#breadcrumb\",\"itemListElement\":[{\"@type\":\"ListItem\",\"position\":1,\"name\":\"Startseite\",\"item\":\"https:\\\/\\\/marktxxl.de\\\/markt\\\/\"},{\"@type\":\"ListItem\",\"position\":2,\"name\":\"Markt\",\"item\":\"https:\\\/\\\/marktxxl.de\\\/markt\\\/\"},{\"@type\":\"ListItem\",\"position\":3,\"name\":\"Playshoes Unisex Kinder Malsch\u00fcrze mit \u00c4rmeln\"}]},{\"@type\":\"WebSite\",\"@id\":\"https:\\\/\\\/marktxxl.de\\\/markt\\\/#website\",\"url\":\"https:\\\/\\\/marktxxl.de\\\/markt\\\/\",\"name\":\"Markt-XXL\",\"description\":\"Ihr Markt Online\",\"publisher\":{\"@id\":\"https:\\\/\\\/marktxxl.de\\\/markt\\\/#organization\"},\"potentialAction\":[{\"@type\":\"SearchAction\",\"target\":{\"@type\":\"EntryPoint\",\"urlTemplate\":\"https:\\\/\\\/marktxxl.de\\\/markt\\\/?s={search_term_string}\"},\"query-input\":{\"@type\":\"PropertyValueSpecification\",\"valueRequired\":true,\"valueName\":\"search_term_string\"}}],\"inLanguage\":\"de\"},{\"@type\":\"Organization\",\"@id\":\"https:\\\/\\\/marktxxl.de\\\/markt\\\/#organization\",\"name\":\"Markt-XXL\",\"url\":\"https:\\\/\\\/marktxxl.de\\\/markt\\\/\",\"logo\":{\"@type\":\"ImageObject\",\"inLanguage\":\"de\",\"@id\":\"https:\\\/\\\/marktxxl.de\\\/markt\\\/#\\\/schema\\\/logo\\\/image\\\/\",\"url\":\"https:\\\/\\\/marktxxl.de\\\/markt\\\/wp-content\\\/uploads\\\/sites\\\/3\\\/2020\\\/12\\\/logo.png\",\"contentUrl\":\"https:\\\/\\\/marktxxl.de\\\/markt\\\/wp-content\\\/uploads\\\/sites\\\/3\\\/2020\\\/12\\\/logo.png\",\"width\":200,\"height\":70,\"caption\":\"Markt-XXL\"},\"image\":{\"@id\":\"https:\\\/\\\/marktxxl.de\\\/markt\\\/#\\\/schema\\\/logo\\\/image\\\/\"}}]}<\/script>\n<!-- \/ Yoast SEO plugin. -->","yoast_head_json":{"title":"Playshoes Unisex Kinder Malsch\u00fcrze mit \u00c4rmeln - Markt-XXL","description":"Markt-XXL Playshoes Unisex Kinder Malsch\u00fcrze mit \u00c4rmeln","robots":{"index":"index","follow":"follow","max-snippet":"max-snippet:-1","max-image-preview":"max-image-preview:large","max-video-preview":"max-video-preview:-1"},"canonical":"https:\/\/marktxxl.de\/markt\/produkt\/playshoes-jungen-malschuerze-mit-aermeln-unterhemd-s-marine\/","og_locale":"de_DE","og_type":"article","og_title":"Playshoes Unisex Kinder Malsch\u00fcrze mit \u00c4rmeln - Markt-XXL","og_description":"Markt-XXL Playshoes Unisex Kinder Malsch\u00fcrze mit \u00c4rmeln","og_url":"https:\/\/marktxxl.de\/markt\/produkt\/playshoes-jungen-malschuerze-mit-aermeln-unterhemd-s-marine\/","og_site_name":"Markt-XXL","article_modified_time":"2023-04-11T01:27:17+00:00","og_image":[{"width":500,"height":495,"url":"https:\/\/m.media-amazon.com\/images\/I\/51vX16S7RWL._SL500_.jpg","type":"image\/jpeg"}],"twitter_card":"summary_large_image","twitter_misc":{"Gesch\u00e4tzte Lesezeit":"1\u00a0Minute"},"schema":{"@context":"https:\/\/schema.org","@graph":[{"@type":"WebPage","@id":"https:\/\/marktxxl.de\/markt\/produkt\/playshoes-jungen-malschuerze-mit-aermeln-unterhemd-s-marine\/","url":"https:\/\/marktxxl.de\/markt\/produkt\/playshoes-jungen-malschuerze-mit-aermeln-unterhemd-s-marine\/","name":"Playshoes Unisex Kinder Malsch\u00fcrze mit \u00c4rmeln - Markt-XXL","isPartOf":{"@id":"https:\/\/marktxxl.de\/markt\/#website"},"primaryImageOfPage":{"@id":"https:\/\/marktxxl.de\/markt\/produkt\/playshoes-jungen-malschuerze-mit-aermeln-unterhemd-s-marine\/#primaryimage"},"image":{"@id":"https:\/\/marktxxl.de\/markt\/produkt\/playshoes-jungen-malschuerze-mit-aermeln-unterhemd-s-marine\/#primaryimage"},"thumbnailUrl":"https:\/\/m.media-amazon.com\/images\/I\/51vX16S7RWL._SL500_.jpg","datePublished":"2022-01-27T18:52:27+00:00","dateModified":"2023-04-11T01:27:17+00:00","description":"Markt-XXL Playshoes Unisex Kinder Malsch\u00fcrze mit \u00c4rmeln","breadcrumb":{"@id":"https:\/\/marktxxl.de\/markt\/produkt\/playshoes-jungen-malschuerze-mit-aermeln-unterhemd-s-marine\/#breadcrumb"},"inLanguage":"de","potentialAction":[{"@type":"ReadAction","target":["https:\/\/marktxxl.de\/markt\/produkt\/playshoes-jungen-malschuerze-mit-aermeln-unterhemd-s-marine\/"]}]},{"@type":"ImageObject","inLanguage":"de","@id":"https:\/\/marktxxl.de\/markt\/produkt\/playshoes-jungen-malschuerze-mit-aermeln-unterhemd-s-marine\/#primaryimage","url":"https:\/\/m.media-amazon.com\/images\/I\/51vX16S7RWL._SL500_.jpg","contentUrl":"https:\/\/m.media-amazon.com\/images\/I\/51vX16S7RWL._SL500_.jpg","width":500,"height":495},{"@type":"BreadcrumbList","@id":"https:\/\/marktxxl.de\/markt\/produkt\/playshoes-jungen-malschuerze-mit-aermeln-unterhemd-s-marine\/#breadcrumb","itemListElement":[{"@type":"ListItem","position":1,"name":"Startseite","item":"https:\/\/marktxxl.de\/markt\/"},{"@type":"ListItem","position":2,"name":"Markt","item":"https:\/\/marktxxl.de\/markt\/"},{"@type":"ListItem","position":3,"name":"Playshoes Unisex Kinder Malsch\u00fcrze mit \u00c4rmeln"}]},{"@type":"WebSite","@id":"https:\/\/marktxxl.de\/markt\/#website","url":"https:\/\/marktxxl.de\/markt\/","name":"Markt-XXL","description":"Ihr Markt Online","publisher":{"@id":"https:\/\/marktxxl.de\/markt\/#organization"},"potentialAction":[{"@type":"SearchAction","target":{"@type":"EntryPoint","urlTemplate":"https:\/\/marktxxl.de\/markt\/?s={search_term_string}"},"query-input":{"@type":"PropertyValueSpecification","valueRequired":true,"valueName":"search_term_string"}}],"inLanguage":"de"},{"@type":"Organization","@id":"https:\/\/marktxxl.de\/markt\/#organization","name":"Markt-XXL","url":"https:\/\/marktxxl.de\/markt\/","logo":{"@type":"ImageObject","inLanguage":"de","@id":"https:\/\/marktxxl.de\/markt\/#\/schema\/logo\/image\/","url":"https:\/\/marktxxl.de\/markt\/wp-content\/uploads\/sites\/3\/2020\/12\/logo.png","contentUrl":"https:\/\/marktxxl.de\/markt\/wp-content\/uploads\/sites\/3\/2020\/12\/logo.png","width":200,"height":70,"caption":"Markt-XXL"},"image":{"@id":"https:\/\/marktxxl.de\/markt\/#\/schema\/logo\/image\/"}}]}},"_links":{"self":[{"href":"https:\/\/marktxxl.de\/markt\/wp-json\/wp\/v2\/product\/103402","targetHints":{"allow":["GET"]}}],"collection":[{"href":"https:\/\/marktxxl.de\/markt\/wp-json\/wp\/v2\/product"}],"about":[{"href":"https:\/\/marktxxl.de\/markt\/wp-json\/wp\/v2\/types\/product"}],"replies":[{"embeddable":true,"href":"https:\/\/marktxxl.de\/markt\/wp-json\/wp\/v2\/comments?post=103402"}],"wp:featuredmedia":[{"embeddable":true,"href":"https:\/\/marktxxl.de\/markt\/wp-json\/wp\/v2\/media\/103403"}],"wp:attachment":[{"href":"https:\/\/marktxxl.de\/markt\/wp-json\/wp\/v2\/media?parent=103402"}],"wp:term":[{"taxonomy":"product_brand","embeddable":true,"href":"https:\/\/marktxxl.de\/markt\/wp-json\/wp\/v2\/product_brand?post=103402"},{"taxonomy":"product_cat","embeddable":true,"href":"https:\/\/marktxxl.de\/markt\/wp-json\/wp\/v2\/product_cat?post=103402"},{"taxonomy":"product_tag","embeddable":true,"href":"https:\/\/marktxxl.de\/markt\/wp-json\/wp\/v2\/product_tag?post=103402"}],"curies":[{"name":"wp","href":"https:\/\/api.w.org\/{rel}","templated":true}]}}