{"id":103228,"date":"2022-01-27T19:42:40","date_gmt":"2022-01-27T18:42:40","guid":{"rendered":"https:\/\/marktxxl.de\/markt\/produkt\/6er-pack-airwick-nachfuellerwarm-vanilla-fuer-freshmatic-max-250-ml\/"},"modified":"2023-04-11T03:27:15","modified_gmt":"2023-04-11T01:27:15","slug":"6er-pack-airwick-nachfuellerwarm-vanilla-fuer-freshmatic-max-250-ml","status":"publish","type":"product","link":"https:\/\/marktxxl.de\/markt\/produkt\/6er-pack-airwick-nachfuellerwarm-vanilla-fuer-freshmatic-max-250-ml\/","title":{"rendered":"6er Pack &#8211; AIRWICK Nachf\u00fcller&#8221;Warm Vanilla&#8221; f\u00fcr Freshmatic Max &#8211; 250 ml"},"content":{"rendered":"<p>AIRWICK Nachf\u00fcller &#8220;Warm Vanilla&#8221; f\u00fcr Freshmatic Max &#8211; 250 ml<br \/>\nDer Beitrag zum automatischen Lufterfrischer Air Wick Freshmatic mit einem ausgepr\u00e4gten Vanille-Aroma versetzt Sie in einen Zustand der Entspannung und Ruhe.<br \/>\nLegen Sie es einfach in das Ger\u00e4t ein, w\u00e4hlen Sie die richtige Duftintensit\u00e4t (eine von drei), stellen Sie Air Wick Freshmatic \u00fcberall ein und Sie k\u00f6nnen selbst f\u00fcr 60 Tage ein diskretes Aroma genie\u00dfen.<br \/>\n<div class=\"main-cross-sell\" data-asin=\"B081VTRLTX\">\n\n\t<div class=\"WooZone-cross-sell-loader\">\n\t\t<div>\n\t\t\t<div id=\"floatingBarsG\">\n\t\t\t\t<div class=\"blockG\" id=\"rotateG_01\"><\/div>\n\t\t\t\t<div class=\"blockG\" id=\"rotateG_02\"><\/div>\n\t\t\t\t<div class=\"blockG\" id=\"rotateG_03\"><\/div>\n\t\t\t\t<div class=\"blockG\" id=\"rotateG_04\"><\/div>\n\t\t\t\t<div class=\"blockG\" id=\"rotateG_05\"><\/div>\n\t\t\t\t<div class=\"blockG\" id=\"rotateG_06\"><\/div>\n\t\t\t\t<div class=\"blockG\" id=\"rotateG_07\"><\/div>\n\t\t\t\t<div class=\"blockG\" id=\"rotateG_08\"><\/div>\n\t\t\t<\/div>\n\t\t\t<div class=\"WooZone-cross-sell-loader-text\"><\/div>\n\t\t<\/div>\n\t<\/div>\n\n\t\t\n<\/div>\n<div style=\"clear:both;\"><\/div><\/p>\n","protected":false},"excerpt":{"rendered":"<p>AIRWICK Nachf\u00fcller &#8220;Warm Vanilla&#8221; f\u00fcr Freshmatic Max &#8211; 250 ml<br \/>\nDer Beitrag zum automatischen Lufterfrischer Air Wick Freshmatic mit einem ausgepr\u00e4gten Vanille-Aroma versetzt Sie in einen Zustand der Entspannung und Ruhe.<br \/>\nLegen Sie es einfach in das Ger\u00e4t ein, w\u00e4hlen Sie die richtige Duftintensit\u00e4t (eine von drei), stellen Sie Air Wick Freshmatic \u00fcberall ein und Sie k\u00f6nnen selbst f\u00fcr 60 Tage ein diskretes Aroma genie\u00dfen.<\/p>\n","protected":false},"featured_media":103229,"comment_status":"open","ping_status":"closed","template":"","meta":[],"product_brand":[],"product_cat":[566,5467],"product_tag":[],"class_list":{"0":"post-103228","1":"product","2":"type-product","3":"status-publish","4":"has-post-thumbnail","6":"product_cat-drogerie-koerperpflege","7":"product_cat-haushaltswaren-reinigungsmittel","8":"pa_binding-badartikel","9":"pa_brand-airwick","10":"pa_manufacturer-airwick","11":"pa_size-250-ml-6er-pack","13":"first","14":"instock","15":"shipping-taxable","16":"purchasable","17":"product-type-simple","18":"customify-col","19":"product-has-gallery"},"yoast_head":"<!-- This site is optimized with the Yoast SEO plugin v27.4 - https:\/\/yoast.com\/product\/yoast-seo-wordpress\/ -->\n<title>6er Pack - AIRWICK Nachf\u00fcller&quot;Warm Vanilla&quot; f\u00fcr Freshmatic Max - 250 ml - Markt-XXL<\/title>\n<meta name=\"description\" content=\"Markt-XXL 6er Pack - AIRWICK Nachf\u00fcller&quot;Warm Vanilla&quot; f\u00fcr Freshmatic Max - 250 ml\" \/>\n<meta name=\"robots\" content=\"index, follow, max-snippet:-1, max-image-preview:large, max-video-preview:-1\" \/>\n<link rel=\"canonical\" href=\"https:\/\/marktxxl.de\/markt\/produkt\/6er-pack-airwick-nachfuellerwarm-vanilla-fuer-freshmatic-max-250-ml\/\" \/>\n<meta property=\"og:locale\" content=\"de_DE\" \/>\n<meta property=\"og:type\" content=\"article\" \/>\n<meta property=\"og:title\" content=\"6er Pack - AIRWICK Nachf\u00fcller&quot;Warm Vanilla&quot; f\u00fcr Freshmatic Max - 250 ml - Markt-XXL\" \/>\n<meta property=\"og:description\" content=\"Markt-XXL 6er Pack - AIRWICK Nachf\u00fcller&quot;Warm Vanilla&quot; f\u00fcr Freshmatic Max - 250 ml\" \/>\n<meta property=\"og:url\" content=\"https:\/\/marktxxl.de\/markt\/produkt\/6er-pack-airwick-nachfuellerwarm-vanilla-fuer-freshmatic-max-250-ml\/\" \/>\n<meta property=\"og:site_name\" content=\"Markt-XXL\" \/>\n<meta property=\"article:modified_time\" content=\"2023-04-11T01:27:15+00:00\" \/>\n<meta property=\"og:image\" content=\"https:\/\/m.media-amazon.com\/images\/I\/51AjgPHfuaL._SL500_.jpg\" \/>\n\t<meta property=\"og:image:width\" content=\"333\" \/>\n\t<meta property=\"og:image:height\" content=\"500\" \/>\n\t<meta property=\"og:image:type\" content=\"image\/jpeg\" \/>\n<meta name=\"twitter:card\" content=\"summary_large_image\" \/>\n<script type=\"application\/ld+json\" class=\"yoast-schema-graph\">{\"@context\":\"https:\\\/\\\/schema.org\",\"@graph\":[{\"@type\":\"WebPage\",\"@id\":\"https:\\\/\\\/marktxxl.de\\\/markt\\\/produkt\\\/6er-pack-airwick-nachfuellerwarm-vanilla-fuer-freshmatic-max-250-ml\\\/\",\"url\":\"https:\\\/\\\/marktxxl.de\\\/markt\\\/produkt\\\/6er-pack-airwick-nachfuellerwarm-vanilla-fuer-freshmatic-max-250-ml\\\/\",\"name\":\"6er Pack - AIRWICK Nachf\u00fcller\\\"Warm Vanilla\\\" f\u00fcr Freshmatic Max - 250 ml - Markt-XXL\",\"isPartOf\":{\"@id\":\"https:\\\/\\\/marktxxl.de\\\/markt\\\/#website\"},\"primaryImageOfPage\":{\"@id\":\"https:\\\/\\\/marktxxl.de\\\/markt\\\/produkt\\\/6er-pack-airwick-nachfuellerwarm-vanilla-fuer-freshmatic-max-250-ml\\\/#primaryimage\"},\"image\":{\"@id\":\"https:\\\/\\\/marktxxl.de\\\/markt\\\/produkt\\\/6er-pack-airwick-nachfuellerwarm-vanilla-fuer-freshmatic-max-250-ml\\\/#primaryimage\"},\"thumbnailUrl\":\"https:\\\/\\\/m.media-amazon.com\\\/images\\\/I\\\/51AjgPHfuaL._SL500_.jpg\",\"datePublished\":\"2022-01-27T18:42:40+00:00\",\"dateModified\":\"2023-04-11T01:27:15+00:00\",\"description\":\"Markt-XXL 6er Pack - AIRWICK Nachf\u00fcller\\\"Warm Vanilla\\\" f\u00fcr Freshmatic Max - 250 ml\",\"breadcrumb\":{\"@id\":\"https:\\\/\\\/marktxxl.de\\\/markt\\\/produkt\\\/6er-pack-airwick-nachfuellerwarm-vanilla-fuer-freshmatic-max-250-ml\\\/#breadcrumb\"},\"inLanguage\":\"de\",\"potentialAction\":[{\"@type\":\"ReadAction\",\"target\":[\"https:\\\/\\\/marktxxl.de\\\/markt\\\/produkt\\\/6er-pack-airwick-nachfuellerwarm-vanilla-fuer-freshmatic-max-250-ml\\\/\"]}]},{\"@type\":\"ImageObject\",\"inLanguage\":\"de\",\"@id\":\"https:\\\/\\\/marktxxl.de\\\/markt\\\/produkt\\\/6er-pack-airwick-nachfuellerwarm-vanilla-fuer-freshmatic-max-250-ml\\\/#primaryimage\",\"url\":\"https:\\\/\\\/m.media-amazon.com\\\/images\\\/I\\\/51AjgPHfuaL._SL500_.jpg\",\"contentUrl\":\"https:\\\/\\\/m.media-amazon.com\\\/images\\\/I\\\/51AjgPHfuaL._SL500_.jpg\",\"width\":333,\"height\":500},{\"@type\":\"BreadcrumbList\",\"@id\":\"https:\\\/\\\/marktxxl.de\\\/markt\\\/produkt\\\/6er-pack-airwick-nachfuellerwarm-vanilla-fuer-freshmatic-max-250-ml\\\/#breadcrumb\",\"itemListElement\":[{\"@type\":\"ListItem\",\"position\":1,\"name\":\"Startseite\",\"item\":\"https:\\\/\\\/marktxxl.de\\\/markt\\\/\"},{\"@type\":\"ListItem\",\"position\":2,\"name\":\"Markt\",\"item\":\"https:\\\/\\\/marktxxl.de\\\/markt\\\/\"},{\"@type\":\"ListItem\",\"position\":3,\"name\":\"6er Pack &#8211; AIRWICK Nachf\u00fcller&#8221;Warm Vanilla&#8221; f\u00fcr Freshmatic Max &#8211; 250 ml\"}]},{\"@type\":\"WebSite\",\"@id\":\"https:\\\/\\\/marktxxl.de\\\/markt\\\/#website\",\"url\":\"https:\\\/\\\/marktxxl.de\\\/markt\\\/\",\"name\":\"Markt-XXL\",\"description\":\"Ihr Markt Online\",\"publisher\":{\"@id\":\"https:\\\/\\\/marktxxl.de\\\/markt\\\/#organization\"},\"potentialAction\":[{\"@type\":\"SearchAction\",\"target\":{\"@type\":\"EntryPoint\",\"urlTemplate\":\"https:\\\/\\\/marktxxl.de\\\/markt\\\/?s={search_term_string}\"},\"query-input\":{\"@type\":\"PropertyValueSpecification\",\"valueRequired\":true,\"valueName\":\"search_term_string\"}}],\"inLanguage\":\"de\"},{\"@type\":\"Organization\",\"@id\":\"https:\\\/\\\/marktxxl.de\\\/markt\\\/#organization\",\"name\":\"Markt-XXL\",\"url\":\"https:\\\/\\\/marktxxl.de\\\/markt\\\/\",\"logo\":{\"@type\":\"ImageObject\",\"inLanguage\":\"de\",\"@id\":\"https:\\\/\\\/marktxxl.de\\\/markt\\\/#\\\/schema\\\/logo\\\/image\\\/\",\"url\":\"https:\\\/\\\/marktxxl.de\\\/markt\\\/wp-content\\\/uploads\\\/sites\\\/3\\\/2020\\\/12\\\/logo.png\",\"contentUrl\":\"https:\\\/\\\/marktxxl.de\\\/markt\\\/wp-content\\\/uploads\\\/sites\\\/3\\\/2020\\\/12\\\/logo.png\",\"width\":200,\"height\":70,\"caption\":\"Markt-XXL\"},\"image\":{\"@id\":\"https:\\\/\\\/marktxxl.de\\\/markt\\\/#\\\/schema\\\/logo\\\/image\\\/\"}}]}<\/script>\n<!-- \/ Yoast SEO plugin. -->","yoast_head_json":{"title":"6er Pack - AIRWICK Nachf\u00fcller\"Warm Vanilla\" f\u00fcr Freshmatic Max - 250 ml - Markt-XXL","description":"Markt-XXL 6er Pack - AIRWICK Nachf\u00fcller\"Warm Vanilla\" f\u00fcr Freshmatic Max - 250 ml","robots":{"index":"index","follow":"follow","max-snippet":"max-snippet:-1","max-image-preview":"max-image-preview:large","max-video-preview":"max-video-preview:-1"},"canonical":"https:\/\/marktxxl.de\/markt\/produkt\/6er-pack-airwick-nachfuellerwarm-vanilla-fuer-freshmatic-max-250-ml\/","og_locale":"de_DE","og_type":"article","og_title":"6er Pack - AIRWICK Nachf\u00fcller\"Warm Vanilla\" f\u00fcr Freshmatic Max - 250 ml - Markt-XXL","og_description":"Markt-XXL 6er Pack - AIRWICK Nachf\u00fcller\"Warm Vanilla\" f\u00fcr Freshmatic Max - 250 ml","og_url":"https:\/\/marktxxl.de\/markt\/produkt\/6er-pack-airwick-nachfuellerwarm-vanilla-fuer-freshmatic-max-250-ml\/","og_site_name":"Markt-XXL","article_modified_time":"2023-04-11T01:27:15+00:00","og_image":[{"width":333,"height":500,"url":"https:\/\/m.media-amazon.com\/images\/I\/51AjgPHfuaL._SL500_.jpg","type":"image\/jpeg"}],"twitter_card":"summary_large_image","schema":{"@context":"https:\/\/schema.org","@graph":[{"@type":"WebPage","@id":"https:\/\/marktxxl.de\/markt\/produkt\/6er-pack-airwick-nachfuellerwarm-vanilla-fuer-freshmatic-max-250-ml\/","url":"https:\/\/marktxxl.de\/markt\/produkt\/6er-pack-airwick-nachfuellerwarm-vanilla-fuer-freshmatic-max-250-ml\/","name":"6er Pack - AIRWICK Nachf\u00fcller\"Warm Vanilla\" f\u00fcr Freshmatic Max - 250 ml - Markt-XXL","isPartOf":{"@id":"https:\/\/marktxxl.de\/markt\/#website"},"primaryImageOfPage":{"@id":"https:\/\/marktxxl.de\/markt\/produkt\/6er-pack-airwick-nachfuellerwarm-vanilla-fuer-freshmatic-max-250-ml\/#primaryimage"},"image":{"@id":"https:\/\/marktxxl.de\/markt\/produkt\/6er-pack-airwick-nachfuellerwarm-vanilla-fuer-freshmatic-max-250-ml\/#primaryimage"},"thumbnailUrl":"https:\/\/m.media-amazon.com\/images\/I\/51AjgPHfuaL._SL500_.jpg","datePublished":"2022-01-27T18:42:40+00:00","dateModified":"2023-04-11T01:27:15+00:00","description":"Markt-XXL 6er Pack - AIRWICK Nachf\u00fcller\"Warm Vanilla\" f\u00fcr Freshmatic Max - 250 ml","breadcrumb":{"@id":"https:\/\/marktxxl.de\/markt\/produkt\/6er-pack-airwick-nachfuellerwarm-vanilla-fuer-freshmatic-max-250-ml\/#breadcrumb"},"inLanguage":"de","potentialAction":[{"@type":"ReadAction","target":["https:\/\/marktxxl.de\/markt\/produkt\/6er-pack-airwick-nachfuellerwarm-vanilla-fuer-freshmatic-max-250-ml\/"]}]},{"@type":"ImageObject","inLanguage":"de","@id":"https:\/\/marktxxl.de\/markt\/produkt\/6er-pack-airwick-nachfuellerwarm-vanilla-fuer-freshmatic-max-250-ml\/#primaryimage","url":"https:\/\/m.media-amazon.com\/images\/I\/51AjgPHfuaL._SL500_.jpg","contentUrl":"https:\/\/m.media-amazon.com\/images\/I\/51AjgPHfuaL._SL500_.jpg","width":333,"height":500},{"@type":"BreadcrumbList","@id":"https:\/\/marktxxl.de\/markt\/produkt\/6er-pack-airwick-nachfuellerwarm-vanilla-fuer-freshmatic-max-250-ml\/#breadcrumb","itemListElement":[{"@type":"ListItem","position":1,"name":"Startseite","item":"https:\/\/marktxxl.de\/markt\/"},{"@type":"ListItem","position":2,"name":"Markt","item":"https:\/\/marktxxl.de\/markt\/"},{"@type":"ListItem","position":3,"name":"6er Pack &#8211; AIRWICK Nachf\u00fcller&#8221;Warm Vanilla&#8221; f\u00fcr Freshmatic Max &#8211; 250 ml"}]},{"@type":"WebSite","@id":"https:\/\/marktxxl.de\/markt\/#website","url":"https:\/\/marktxxl.de\/markt\/","name":"Markt-XXL","description":"Ihr Markt Online","publisher":{"@id":"https:\/\/marktxxl.de\/markt\/#organization"},"potentialAction":[{"@type":"SearchAction","target":{"@type":"EntryPoint","urlTemplate":"https:\/\/marktxxl.de\/markt\/?s={search_term_string}"},"query-input":{"@type":"PropertyValueSpecification","valueRequired":true,"valueName":"search_term_string"}}],"inLanguage":"de"},{"@type":"Organization","@id":"https:\/\/marktxxl.de\/markt\/#organization","name":"Markt-XXL","url":"https:\/\/marktxxl.de\/markt\/","logo":{"@type":"ImageObject","inLanguage":"de","@id":"https:\/\/marktxxl.de\/markt\/#\/schema\/logo\/image\/","url":"https:\/\/marktxxl.de\/markt\/wp-content\/uploads\/sites\/3\/2020\/12\/logo.png","contentUrl":"https:\/\/marktxxl.de\/markt\/wp-content\/uploads\/sites\/3\/2020\/12\/logo.png","width":200,"height":70,"caption":"Markt-XXL"},"image":{"@id":"https:\/\/marktxxl.de\/markt\/#\/schema\/logo\/image\/"}}]}},"_links":{"self":[{"href":"https:\/\/marktxxl.de\/markt\/wp-json\/wp\/v2\/product\/103228","targetHints":{"allow":["GET"]}}],"collection":[{"href":"https:\/\/marktxxl.de\/markt\/wp-json\/wp\/v2\/product"}],"about":[{"href":"https:\/\/marktxxl.de\/markt\/wp-json\/wp\/v2\/types\/product"}],"replies":[{"embeddable":true,"href":"https:\/\/marktxxl.de\/markt\/wp-json\/wp\/v2\/comments?post=103228"}],"wp:featuredmedia":[{"embeddable":true,"href":"https:\/\/marktxxl.de\/markt\/wp-json\/wp\/v2\/media\/103229"}],"wp:attachment":[{"href":"https:\/\/marktxxl.de\/markt\/wp-json\/wp\/v2\/media?parent=103228"}],"wp:term":[{"taxonomy":"product_brand","embeddable":true,"href":"https:\/\/marktxxl.de\/markt\/wp-json\/wp\/v2\/product_brand?post=103228"},{"taxonomy":"product_cat","embeddable":true,"href":"https:\/\/marktxxl.de\/markt\/wp-json\/wp\/v2\/product_cat?post=103228"},{"taxonomy":"product_tag","embeddable":true,"href":"https:\/\/marktxxl.de\/markt\/wp-json\/wp\/v2\/product_tag?post=103228"}],"curies":[{"name":"wp","href":"https:\/\/api.w.org\/{rel}","templated":true}]}}