{"id":102936,"date":"2022-01-27T19:30:31","date_gmt":"2022-01-27T18:30:31","guid":{"rendered":"https:\/\/marktxxl.de\/markt\/produkt\/ogeled-neon-rgb-led-streifen-1-50m-mit-n-s3-kontroller-neonflex-diffus-diffusion-strip-band-leisten-wasserfest-ip65\/"},"modified":"2023-04-11T03:27:11","modified_gmt":"2023-04-11T01:27:11","slug":"ogeled-neon-rgb-led-streifen-1-50m-mit-n-s3-kontroller-neonflex-diffus-diffusion-strip-band-leisten-wasserfest-ip65","status":"publish","type":"product","link":"https:\/\/marktxxl.de\/markt\/produkt\/ogeled-neon-rgb-led-streifen-1-50m-mit-n-s3-kontroller-neonflex-diffus-diffusion-strip-band-leisten-wasserfest-ip65\/","title":{"rendered":"Ogeled Neon RGB LED Streifen 1-50m mit S3 Kontroller Neonflex diffus diffusion Strip Band leisten wasserfest IP65 (1M)"},"content":{"rendered":"<p>Einfache Installation: \u00dcber das europ\u00e4ische Steckeranschlusskabel einfach zu installieren, kann der Schlauch dank seiner Flexibilit\u00e4t flexibel im Raum verlegt werden.<br \/>\nVielseitig einsetzbar: LED Neno Streifen k\u00f6nnen zur Dekoration von R\u00e4umen, Fluren, Wohnzimmern, B\u00fcros, K\u00fcchen, Esszimmern, Fenstern, G\u00e4rten, Terrassen, Treppengel\u00e4ndern verwendet werden.<br \/>\nSuperhelle 72 LEDs\/m SMD 2835 LED-Perlen. Blendfreie und gleichm\u00e4\u00dfige Ausleuchtung.<br \/>\nWasserdichtes Design: IP65 spritzwassergesch\u00fctzt, geeignet f\u00fcr Innen- und Au\u00dfeninstallation. (Bitte beachten Sie: das Netzteil und die Stecker sind nicht wasserdicht)<br \/>\n2-j\u00e4hrige Garantie: Wir \u00fcbernehmen volle Verantwortung f\u00fcr die Unzufriedenheit von allen Kunden mit unseren Produkten. Wenn es ein Qualit\u00e4tsproblem gibt oder Sie mit Ihrem Kauf in unserem Gesch?ft nicht zufrieden sind, kontaktieren Sie uns bitte und wir sind immer bereit zu helfen.<br \/>\n<div class=\"main-cross-sell\" data-asin=\"B07PGZR6VN\">\n\n\t<div class=\"WooZone-cross-sell-loader\">\n\t\t<div>\n\t\t\t<div id=\"floatingBarsG\">\n\t\t\t\t<div class=\"blockG\" id=\"rotateG_01\"><\/div>\n\t\t\t\t<div class=\"blockG\" id=\"rotateG_02\"><\/div>\n\t\t\t\t<div class=\"blockG\" id=\"rotateG_03\"><\/div>\n\t\t\t\t<div class=\"blockG\" id=\"rotateG_04\"><\/div>\n\t\t\t\t<div class=\"blockG\" id=\"rotateG_05\"><\/div>\n\t\t\t\t<div class=\"blockG\" id=\"rotateG_06\"><\/div>\n\t\t\t\t<div class=\"blockG\" id=\"rotateG_07\"><\/div>\n\t\t\t\t<div class=\"blockG\" id=\"rotateG_08\"><\/div>\n\t\t\t<\/div>\n\t\t\t<div class=\"WooZone-cross-sell-loader-text\"><\/div>\n\t\t<\/div>\n\t<\/div>\n\n\t\t\n<\/div>\n<div style=\"clear:both;\"><\/div><\/p>\n","protected":false},"excerpt":{"rendered":"<p>Einfache Installation: \u00dcber das europ\u00e4ische Steckeranschlusskabel einfach zu installieren, kann der Schlauch dank seiner Flexibilit\u00e4t flexibel im Raum verlegt werden.<br \/>\nVielseitig einsetzbar: LED Neno Streifen k\u00f6nnen zur Dekoration von R\u00e4umen, Fluren, Wohnzimmern, B\u00fcros, K\u00fcchen, Esszimmern, Fenstern, G\u00e4rten, Terrassen, Treppengel\u00e4ndern verwendet werden.<br \/>\nSuperhelle 72 LEDs\/m SMD 2835 LED-Perlen. Blendfreie und gleichm\u00e4\u00dfige Ausleuchtung.<\/p>\n","protected":false},"featured_media":102937,"comment_status":"open","ping_status":"closed","template":"","meta":[],"product_brand":[],"product_cat":[2108,15623],"product_tag":[],"class_list":{"0":"post-102936","1":"product","2":"type-product","3":"status-publish","4":"has-post-thumbnail","6":"product_cat-beleuchtung","7":"product_cat-lichtschlaeuche","8":"pa_brand-ogeled","9":"pa_color-rgb","10":"pa_manufacturer-ogeled","12":"first","13":"instock","14":"shipping-taxable","15":"purchasable","16":"product-type-simple","17":"customify-col","18":"product-has-gallery"},"yoast_head":"<!-- This site is optimized with the Yoast SEO plugin v27.4 - https:\/\/yoast.com\/product\/yoast-seo-wordpress\/ -->\n<title>Ogeled Neon RGB LED Streifen 1-50m mit S3 Kontroller Neonflex diffus diffusion Strip Band leisten wasserfest IP65 (1M) - Markt-XXL<\/title>\n<meta name=\"description\" content=\"Markt-XXL Ogeled Neon RGB LED Streifen 1-50m mit S3 Kontroller Neonflex diffus diffusion Strip Band leisten wasserfest IP65 (1M)\" \/>\n<meta name=\"robots\" content=\"index, follow, max-snippet:-1, max-image-preview:large, max-video-preview:-1\" \/>\n<link rel=\"canonical\" href=\"https:\/\/marktxxl.de\/markt\/produkt\/ogeled-neon-rgb-led-streifen-1-50m-mit-n-s3-kontroller-neonflex-diffus-diffusion-strip-band-leisten-wasserfest-ip65\/\" \/>\n<meta property=\"og:locale\" content=\"de_DE\" \/>\n<meta property=\"og:type\" content=\"article\" \/>\n<meta property=\"og:title\" content=\"Ogeled Neon RGB LED Streifen 1-50m mit S3 Kontroller Neonflex diffus diffusion Strip Band leisten wasserfest IP65 (1M) - Markt-XXL\" \/>\n<meta property=\"og:description\" content=\"Markt-XXL Ogeled Neon RGB LED Streifen 1-50m mit S3 Kontroller Neonflex diffus diffusion Strip Band leisten wasserfest IP65 (1M)\" \/>\n<meta property=\"og:url\" content=\"https:\/\/marktxxl.de\/markt\/produkt\/ogeled-neon-rgb-led-streifen-1-50m-mit-n-s3-kontroller-neonflex-diffus-diffusion-strip-band-leisten-wasserfest-ip65\/\" \/>\n<meta property=\"og:site_name\" content=\"Markt-XXL\" \/>\n<meta property=\"article:modified_time\" content=\"2023-04-11T01:27:11+00:00\" \/>\n<meta property=\"og:image\" content=\"https:\/\/m.media-amazon.com\/images\/I\/31MIrf9WMQL._SL500_.jpg\" \/>\n\t<meta property=\"og:image:width\" content=\"500\" \/>\n\t<meta property=\"og:image:height\" content=\"309\" \/>\n\t<meta property=\"og:image:type\" content=\"image\/jpeg\" \/>\n<meta name=\"twitter:card\" content=\"summary_large_image\" \/>\n<meta name=\"twitter:label1\" content=\"Gesch\u00e4tzte Lesezeit\" \/>\n\t<meta name=\"twitter:data1\" content=\"1\u00a0Minute\" \/>\n<script type=\"application\/ld+json\" class=\"yoast-schema-graph\">{\"@context\":\"https:\\\/\\\/schema.org\",\"@graph\":[{\"@type\":\"WebPage\",\"@id\":\"https:\\\/\\\/marktxxl.de\\\/markt\\\/produkt\\\/ogeled-neon-rgb-led-streifen-1-50m-mit-n-s3-kontroller-neonflex-diffus-diffusion-strip-band-leisten-wasserfest-ip65\\\/\",\"url\":\"https:\\\/\\\/marktxxl.de\\\/markt\\\/produkt\\\/ogeled-neon-rgb-led-streifen-1-50m-mit-n-s3-kontroller-neonflex-diffus-diffusion-strip-band-leisten-wasserfest-ip65\\\/\",\"name\":\"Ogeled Neon RGB LED Streifen 1-50m mit S3 Kontroller Neonflex diffus diffusion Strip Band leisten wasserfest IP65 (1M) - Markt-XXL\",\"isPartOf\":{\"@id\":\"https:\\\/\\\/marktxxl.de\\\/markt\\\/#website\"},\"primaryImageOfPage\":{\"@id\":\"https:\\\/\\\/marktxxl.de\\\/markt\\\/produkt\\\/ogeled-neon-rgb-led-streifen-1-50m-mit-n-s3-kontroller-neonflex-diffus-diffusion-strip-band-leisten-wasserfest-ip65\\\/#primaryimage\"},\"image\":{\"@id\":\"https:\\\/\\\/marktxxl.de\\\/markt\\\/produkt\\\/ogeled-neon-rgb-led-streifen-1-50m-mit-n-s3-kontroller-neonflex-diffus-diffusion-strip-band-leisten-wasserfest-ip65\\\/#primaryimage\"},\"thumbnailUrl\":\"https:\\\/\\\/m.media-amazon.com\\\/images\\\/I\\\/31MIrf9WMQL._SL500_.jpg\",\"datePublished\":\"2022-01-27T18:30:31+00:00\",\"dateModified\":\"2023-04-11T01:27:11+00:00\",\"description\":\"Markt-XXL Ogeled Neon RGB LED Streifen 1-50m mit S3 Kontroller Neonflex diffus diffusion Strip Band leisten wasserfest IP65 (1M)\",\"breadcrumb\":{\"@id\":\"https:\\\/\\\/marktxxl.de\\\/markt\\\/produkt\\\/ogeled-neon-rgb-led-streifen-1-50m-mit-n-s3-kontroller-neonflex-diffus-diffusion-strip-band-leisten-wasserfest-ip65\\\/#breadcrumb\"},\"inLanguage\":\"de\",\"potentialAction\":[{\"@type\":\"ReadAction\",\"target\":[\"https:\\\/\\\/marktxxl.de\\\/markt\\\/produkt\\\/ogeled-neon-rgb-led-streifen-1-50m-mit-n-s3-kontroller-neonflex-diffus-diffusion-strip-band-leisten-wasserfest-ip65\\\/\"]}]},{\"@type\":\"ImageObject\",\"inLanguage\":\"de\",\"@id\":\"https:\\\/\\\/marktxxl.de\\\/markt\\\/produkt\\\/ogeled-neon-rgb-led-streifen-1-50m-mit-n-s3-kontroller-neonflex-diffus-diffusion-strip-band-leisten-wasserfest-ip65\\\/#primaryimage\",\"url\":\"https:\\\/\\\/m.media-amazon.com\\\/images\\\/I\\\/31MIrf9WMQL._SL500_.jpg\",\"contentUrl\":\"https:\\\/\\\/m.media-amazon.com\\\/images\\\/I\\\/31MIrf9WMQL._SL500_.jpg\",\"width\":500,\"height\":309},{\"@type\":\"BreadcrumbList\",\"@id\":\"https:\\\/\\\/marktxxl.de\\\/markt\\\/produkt\\\/ogeled-neon-rgb-led-streifen-1-50m-mit-n-s3-kontroller-neonflex-diffus-diffusion-strip-band-leisten-wasserfest-ip65\\\/#breadcrumb\",\"itemListElement\":[{\"@type\":\"ListItem\",\"position\":1,\"name\":\"Startseite\",\"item\":\"https:\\\/\\\/marktxxl.de\\\/markt\\\/\"},{\"@type\":\"ListItem\",\"position\":2,\"name\":\"Markt\",\"item\":\"https:\\\/\\\/marktxxl.de\\\/markt\\\/\"},{\"@type\":\"ListItem\",\"position\":3,\"name\":\"Ogeled Neon RGB LED Streifen 1-50m mit S3 Kontroller Neonflex diffus diffusion Strip Band leisten wasserfest IP65 (1M)\"}]},{\"@type\":\"WebSite\",\"@id\":\"https:\\\/\\\/marktxxl.de\\\/markt\\\/#website\",\"url\":\"https:\\\/\\\/marktxxl.de\\\/markt\\\/\",\"name\":\"Markt-XXL\",\"description\":\"Ihr Markt Online\",\"publisher\":{\"@id\":\"https:\\\/\\\/marktxxl.de\\\/markt\\\/#organization\"},\"potentialAction\":[{\"@type\":\"SearchAction\",\"target\":{\"@type\":\"EntryPoint\",\"urlTemplate\":\"https:\\\/\\\/marktxxl.de\\\/markt\\\/?s={search_term_string}\"},\"query-input\":{\"@type\":\"PropertyValueSpecification\",\"valueRequired\":true,\"valueName\":\"search_term_string\"}}],\"inLanguage\":\"de\"},{\"@type\":\"Organization\",\"@id\":\"https:\\\/\\\/marktxxl.de\\\/markt\\\/#organization\",\"name\":\"Markt-XXL\",\"url\":\"https:\\\/\\\/marktxxl.de\\\/markt\\\/\",\"logo\":{\"@type\":\"ImageObject\",\"inLanguage\":\"de\",\"@id\":\"https:\\\/\\\/marktxxl.de\\\/markt\\\/#\\\/schema\\\/logo\\\/image\\\/\",\"url\":\"https:\\\/\\\/marktxxl.de\\\/markt\\\/wp-content\\\/uploads\\\/sites\\\/3\\\/2020\\\/12\\\/logo.png\",\"contentUrl\":\"https:\\\/\\\/marktxxl.de\\\/markt\\\/wp-content\\\/uploads\\\/sites\\\/3\\\/2020\\\/12\\\/logo.png\",\"width\":200,\"height\":70,\"caption\":\"Markt-XXL\"},\"image\":{\"@id\":\"https:\\\/\\\/marktxxl.de\\\/markt\\\/#\\\/schema\\\/logo\\\/image\\\/\"}}]}<\/script>\n<!-- \/ Yoast SEO plugin. -->","yoast_head_json":{"title":"Ogeled Neon RGB LED Streifen 1-50m mit S3 Kontroller Neonflex diffus diffusion Strip Band leisten wasserfest IP65 (1M) - Markt-XXL","description":"Markt-XXL Ogeled Neon RGB LED Streifen 1-50m mit S3 Kontroller Neonflex diffus diffusion Strip Band leisten wasserfest IP65 (1M)","robots":{"index":"index","follow":"follow","max-snippet":"max-snippet:-1","max-image-preview":"max-image-preview:large","max-video-preview":"max-video-preview:-1"},"canonical":"https:\/\/marktxxl.de\/markt\/produkt\/ogeled-neon-rgb-led-streifen-1-50m-mit-n-s3-kontroller-neonflex-diffus-diffusion-strip-band-leisten-wasserfest-ip65\/","og_locale":"de_DE","og_type":"article","og_title":"Ogeled Neon RGB LED Streifen 1-50m mit S3 Kontroller Neonflex diffus diffusion Strip Band leisten wasserfest IP65 (1M) - Markt-XXL","og_description":"Markt-XXL Ogeled Neon RGB LED Streifen 1-50m mit S3 Kontroller Neonflex diffus diffusion Strip Band leisten wasserfest IP65 (1M)","og_url":"https:\/\/marktxxl.de\/markt\/produkt\/ogeled-neon-rgb-led-streifen-1-50m-mit-n-s3-kontroller-neonflex-diffus-diffusion-strip-band-leisten-wasserfest-ip65\/","og_site_name":"Markt-XXL","article_modified_time":"2023-04-11T01:27:11+00:00","og_image":[{"width":500,"height":309,"url":"https:\/\/m.media-amazon.com\/images\/I\/31MIrf9WMQL._SL500_.jpg","type":"image\/jpeg"}],"twitter_card":"summary_large_image","twitter_misc":{"Gesch\u00e4tzte Lesezeit":"1\u00a0Minute"},"schema":{"@context":"https:\/\/schema.org","@graph":[{"@type":"WebPage","@id":"https:\/\/marktxxl.de\/markt\/produkt\/ogeled-neon-rgb-led-streifen-1-50m-mit-n-s3-kontroller-neonflex-diffus-diffusion-strip-band-leisten-wasserfest-ip65\/","url":"https:\/\/marktxxl.de\/markt\/produkt\/ogeled-neon-rgb-led-streifen-1-50m-mit-n-s3-kontroller-neonflex-diffus-diffusion-strip-band-leisten-wasserfest-ip65\/","name":"Ogeled Neon RGB LED Streifen 1-50m mit S3 Kontroller Neonflex diffus diffusion Strip Band leisten wasserfest IP65 (1M) - Markt-XXL","isPartOf":{"@id":"https:\/\/marktxxl.de\/markt\/#website"},"primaryImageOfPage":{"@id":"https:\/\/marktxxl.de\/markt\/produkt\/ogeled-neon-rgb-led-streifen-1-50m-mit-n-s3-kontroller-neonflex-diffus-diffusion-strip-band-leisten-wasserfest-ip65\/#primaryimage"},"image":{"@id":"https:\/\/marktxxl.de\/markt\/produkt\/ogeled-neon-rgb-led-streifen-1-50m-mit-n-s3-kontroller-neonflex-diffus-diffusion-strip-band-leisten-wasserfest-ip65\/#primaryimage"},"thumbnailUrl":"https:\/\/m.media-amazon.com\/images\/I\/31MIrf9WMQL._SL500_.jpg","datePublished":"2022-01-27T18:30:31+00:00","dateModified":"2023-04-11T01:27:11+00:00","description":"Markt-XXL Ogeled Neon RGB LED Streifen 1-50m mit S3 Kontroller Neonflex diffus diffusion Strip Band leisten wasserfest IP65 (1M)","breadcrumb":{"@id":"https:\/\/marktxxl.de\/markt\/produkt\/ogeled-neon-rgb-led-streifen-1-50m-mit-n-s3-kontroller-neonflex-diffus-diffusion-strip-band-leisten-wasserfest-ip65\/#breadcrumb"},"inLanguage":"de","potentialAction":[{"@type":"ReadAction","target":["https:\/\/marktxxl.de\/markt\/produkt\/ogeled-neon-rgb-led-streifen-1-50m-mit-n-s3-kontroller-neonflex-diffus-diffusion-strip-band-leisten-wasserfest-ip65\/"]}]},{"@type":"ImageObject","inLanguage":"de","@id":"https:\/\/marktxxl.de\/markt\/produkt\/ogeled-neon-rgb-led-streifen-1-50m-mit-n-s3-kontroller-neonflex-diffus-diffusion-strip-band-leisten-wasserfest-ip65\/#primaryimage","url":"https:\/\/m.media-amazon.com\/images\/I\/31MIrf9WMQL._SL500_.jpg","contentUrl":"https:\/\/m.media-amazon.com\/images\/I\/31MIrf9WMQL._SL500_.jpg","width":500,"height":309},{"@type":"BreadcrumbList","@id":"https:\/\/marktxxl.de\/markt\/produkt\/ogeled-neon-rgb-led-streifen-1-50m-mit-n-s3-kontroller-neonflex-diffus-diffusion-strip-band-leisten-wasserfest-ip65\/#breadcrumb","itemListElement":[{"@type":"ListItem","position":1,"name":"Startseite","item":"https:\/\/marktxxl.de\/markt\/"},{"@type":"ListItem","position":2,"name":"Markt","item":"https:\/\/marktxxl.de\/markt\/"},{"@type":"ListItem","position":3,"name":"Ogeled Neon RGB LED Streifen 1-50m mit S3 Kontroller Neonflex diffus diffusion Strip Band leisten wasserfest IP65 (1M)"}]},{"@type":"WebSite","@id":"https:\/\/marktxxl.de\/markt\/#website","url":"https:\/\/marktxxl.de\/markt\/","name":"Markt-XXL","description":"Ihr Markt Online","publisher":{"@id":"https:\/\/marktxxl.de\/markt\/#organization"},"potentialAction":[{"@type":"SearchAction","target":{"@type":"EntryPoint","urlTemplate":"https:\/\/marktxxl.de\/markt\/?s={search_term_string}"},"query-input":{"@type":"PropertyValueSpecification","valueRequired":true,"valueName":"search_term_string"}}],"inLanguage":"de"},{"@type":"Organization","@id":"https:\/\/marktxxl.de\/markt\/#organization","name":"Markt-XXL","url":"https:\/\/marktxxl.de\/markt\/","logo":{"@type":"ImageObject","inLanguage":"de","@id":"https:\/\/marktxxl.de\/markt\/#\/schema\/logo\/image\/","url":"https:\/\/marktxxl.de\/markt\/wp-content\/uploads\/sites\/3\/2020\/12\/logo.png","contentUrl":"https:\/\/marktxxl.de\/markt\/wp-content\/uploads\/sites\/3\/2020\/12\/logo.png","width":200,"height":70,"caption":"Markt-XXL"},"image":{"@id":"https:\/\/marktxxl.de\/markt\/#\/schema\/logo\/image\/"}}]}},"_links":{"self":[{"href":"https:\/\/marktxxl.de\/markt\/wp-json\/wp\/v2\/product\/102936","targetHints":{"allow":["GET"]}}],"collection":[{"href":"https:\/\/marktxxl.de\/markt\/wp-json\/wp\/v2\/product"}],"about":[{"href":"https:\/\/marktxxl.de\/markt\/wp-json\/wp\/v2\/types\/product"}],"replies":[{"embeddable":true,"href":"https:\/\/marktxxl.de\/markt\/wp-json\/wp\/v2\/comments?post=102936"}],"wp:featuredmedia":[{"embeddable":true,"href":"https:\/\/marktxxl.de\/markt\/wp-json\/wp\/v2\/media\/102937"}],"wp:attachment":[{"href":"https:\/\/marktxxl.de\/markt\/wp-json\/wp\/v2\/media?parent=102936"}],"wp:term":[{"taxonomy":"product_brand","embeddable":true,"href":"https:\/\/marktxxl.de\/markt\/wp-json\/wp\/v2\/product_brand?post=102936"},{"taxonomy":"product_cat","embeddable":true,"href":"https:\/\/marktxxl.de\/markt\/wp-json\/wp\/v2\/product_cat?post=102936"},{"taxonomy":"product_tag","embeddable":true,"href":"https:\/\/marktxxl.de\/markt\/wp-json\/wp\/v2\/product_tag?post=102936"}],"curies":[{"name":"wp","href":"https:\/\/api.w.org\/{rel}","templated":true}]}}