{"id":102918,"date":"2022-01-27T19:27:52","date_gmt":"2022-01-27T18:27:52","guid":{"rendered":"https:\/\/marktxxl.de\/markt\/produkt\/wowdsgn-15m-150leds-lichterschlauch-mit-fernbedienunglichterkette-16-farben-und-4-leuchtmodi-strombetriebenwasserdicht-ideal-fuer-aussen-weihnachtsbeleuchtung-deko-party-feier-hochzeit\/"},"modified":"2023-04-11T03:27:10","modified_gmt":"2023-04-11T01:27:10","slug":"wowdsgn-15m-150leds-lichterschlauch-mit-fernbedienunglichterkette-16-farben-und-4-leuchtmodi-strombetriebenwasserdicht-ideal-fuer-aussen-weihnachtsbeleuchtung-deko-party-feier-hochzeit","status":"publish","type":"product","link":"https:\/\/marktxxl.de\/markt\/produkt\/wowdsgn-15m-150leds-lichterschlauch-mit-fernbedienunglichterkette-16-farben-und-4-leuchtmodi-strombetriebenwasserdicht-ideal-fuer-aussen-weihnachtsbeleuchtung-deko-party-feier-hochzeit\/","title":{"rendered":"WOWDSGN 15M 150LEDS Lichterschlauch mit Fernbedienung,Lichterkette, 16 Farben und 4 Leuchtmodi, Strombetrieben\u2026"},"content":{"rendered":"<p>\u2714 Super Schlauchlicht\uff1a15 Meter Schlauchlicht + 5 Meter Stromkabel, LED Menge: 150 warmwei\u00dfen LEDs. LED Abstand: 10cm, Durchmesser: 6mm, Strombetrieben, CE, GS, RoHS zertifiziert. Ausstrahlungswinkel: 360\u00b0, Schlauch-Material: PVC, Befestigungsclips: 50 St\u00fccke<br \/>\n\u2714 16 Farben &amp; 4 Leuchtmodi, Speicherfunktion : Mit 24-Tasten Fernbedienung k\u00f6nnen Sie 16 Farben und 4 Farbewechsel Modi ( Blitz\/Strobe\/Fade\/Glatt)einstellen. W\u00e4hlen Sie einfach eine Farbe aus oder lassen Sie alle durchwechseln.\/\/ Dank der Speicherfunktion kann die Lichterkette in der zuletzt gew\u00e4hlten Farbe oder Modus wieder eingeschaltet werden.<br \/>\n\u2714 Wasserfest Design &amp; Timmer Funktion\uff1aDank PVC-Ummantelung ist Ihr Schlauch optimal vor Wasserspritzern gesch\u00fctzt, somit ist der problemlos f\u00fcr den Aussenbereich nutzbar. Sie k\u00f6nnen die Lichterkette an Regen drau\u00dfen lassen. Schutzart: IP65 \/\/ Einfach dr\u00fccken Sie die gew\u00fcnschten Zeit vom Timer-Button auf der Fernbedienung und der LED-Schlauch bleibt 6 Stunden eingeschaltet und 18 Stunden ausgeschaltet.<br \/>\n\u2714 Genie\u00dfen Sie stimmungsvolle Momente\uff1aDie Lichterkette eigent sich hervorragend f\u00fcr s\u00e4mtliche Events wie Geburtstage, Hochzeiten, Partys, Valentinstag,Weihnachten und wie andere tolle Anl\u00e4sse. Ideal f\u00fcr Schaufenster, W\u00e4nde, Foyer, T\u00fcren, Balkonen, S\u00e4ulen etc.<br \/>\n\u2714 Qualit\u00e4tsgarantie \uff1aWir streben h\u00f6chste Kundenzufriedenheit an. Sollte das Produkt Ihren Erwartungen nicht entsprechen, k\u00f6nnen Sie eine vollst\u00e4ndige R\u00fcckerstattung oder einen Umtausch verlangen. Auf das Schlauchlicht geben wir Ihnen 2 Jahren Garantie. Kaufen jetzt ohne Risiko!<br \/>\n<div class=\"main-cross-sell\" data-asin=\"B08NJMMQPN\">\n\n\t<div class=\"WooZone-cross-sell-loader\">\n\t\t<div>\n\t\t\t<div id=\"floatingBarsG\">\n\t\t\t\t<div class=\"blockG\" id=\"rotateG_01\"><\/div>\n\t\t\t\t<div class=\"blockG\" id=\"rotateG_02\"><\/div>\n\t\t\t\t<div class=\"blockG\" id=\"rotateG_03\"><\/div>\n\t\t\t\t<div class=\"blockG\" id=\"rotateG_04\"><\/div>\n\t\t\t\t<div class=\"blockG\" id=\"rotateG_05\"><\/div>\n\t\t\t\t<div class=\"blockG\" id=\"rotateG_06\"><\/div>\n\t\t\t\t<div class=\"blockG\" id=\"rotateG_07\"><\/div>\n\t\t\t\t<div class=\"blockG\" id=\"rotateG_08\"><\/div>\n\t\t\t<\/div>\n\t\t\t<div class=\"WooZone-cross-sell-loader-text\"><\/div>\n\t\t<\/div>\n\t<\/div>\n\n\t\t\n<\/div>\n<div style=\"clear:both;\"><\/div><\/p>\n","protected":false},"excerpt":{"rendered":"<p>\u2714 Super Schlauchlicht\uff1a15 Meter Schlauchlicht + 5 Meter Stromkabel, LED Menge: 150 warmwei\u00dfen LEDs. LED Abstand: 10cm, Durchmesser: 6mm, Strombetrieben, CE, GS, RoHS zertifiziert. Ausstrahlungswinkel: 360\u00b0, Schlauch-Material: PVC, Befestigungsclips: 50 St\u00fccke<br \/>\n\u2714 16 Farben &amp; 4 Leuchtmodi, Speicherfunktion : Mit 24-Tasten Fernbedienung k\u00f6nnen Sie 16 Farben und 4 Farbewechsel Modi ( Blitz\/Strobe\/Fade\/Glatt)einstellen. W\u00e4hlen Sie einfach eine Farbe aus oder lassen Sie alle durchwechseln.\/\/ Dank der Speicherfunktion kann die Lichterkette in der zuletzt gew\u00e4hlten Farbe oder Modus wieder eingeschaltet werden.<br \/>\n\u2714 Wasserfest Design &amp; Timmer Funktion\uff1aDank PVC-Ummantelung ist Ihr Schlauch optimal vor Wasserspritzern gesch\u00fctzt, somit ist der problemlos f\u00fcr den Aussenbereich nutzbar. Sie k\u00f6nnen die Lichterkette an Regen drau\u00dfen lassen. Schutzart: IP65 \/\/ Einfach dr\u00fccken Sie die gew\u00fcnschten Zeit vom Timer-Button auf der Fernbedienung und der LED-Schlauch bleibt 6 Stunden eingeschaltet und 18 Stunden ausgeschaltet.<\/p>\n","protected":false},"featured_media":102919,"comment_status":"open","ping_status":"closed","template":"","meta":[],"product_brand":[],"product_cat":[2108,15623],"product_tag":[],"class_list":{"0":"post-102918","1":"product","2":"type-product","3":"status-publish","4":"has-post-thumbnail","6":"product_cat-beleuchtung","7":"product_cat-lichtschlaeuche","8":"pa_brand-wowdsgn","9":"pa_manufacturer-wowdsgn","10":"pa_size-eu-stecker","12":"first","13":"instock","14":"shipping-taxable","15":"purchasable","16":"product-type-simple","17":"customify-col","18":"product-has-gallery"},"yoast_head":"<!-- This site is optimized with the Yoast SEO plugin v27.4 - https:\/\/yoast.com\/product\/yoast-seo-wordpress\/ -->\n<title>WOWDSGN 15M 150LEDS Lichterschlauch mit Fernbedienung,Lichterkette, 16 Farben und 4 Leuchtmodi, Strombetrieben\u2026 - Markt-XXL<\/title>\n<meta name=\"description\" content=\"Markt-XXL WOWDSGN 15M 150LEDS Lichterschlauch mit Fernbedienung,Lichterkette, 16 Farben und 4 Leuchtmodi, Strombetrieben\u2026\" \/>\n<meta name=\"robots\" content=\"index, follow, max-snippet:-1, max-image-preview:large, max-video-preview:-1\" \/>\n<link rel=\"canonical\" href=\"https:\/\/marktxxl.de\/markt\/produkt\/wowdsgn-15m-150leds-lichterschlauch-mit-fernbedienunglichterkette-16-farben-und-4-leuchtmodi-strombetriebenwasserdicht-ideal-fuer-aussen-weihnachtsbeleuchtung-deko-party-feier-hochzeit\/\" \/>\n<meta property=\"og:locale\" content=\"de_DE\" \/>\n<meta property=\"og:type\" content=\"article\" \/>\n<meta property=\"og:title\" content=\"WOWDSGN 15M 150LEDS Lichterschlauch mit Fernbedienung,Lichterkette, 16 Farben und 4 Leuchtmodi, Strombetrieben\u2026 - Markt-XXL\" \/>\n<meta property=\"og:description\" content=\"Markt-XXL WOWDSGN 15M 150LEDS Lichterschlauch mit Fernbedienung,Lichterkette, 16 Farben und 4 Leuchtmodi, Strombetrieben\u2026\" \/>\n<meta property=\"og:url\" content=\"https:\/\/marktxxl.de\/markt\/produkt\/wowdsgn-15m-150leds-lichterschlauch-mit-fernbedienunglichterkette-16-farben-und-4-leuchtmodi-strombetriebenwasserdicht-ideal-fuer-aussen-weihnachtsbeleuchtung-deko-party-feier-hochzeit\/\" \/>\n<meta property=\"og:site_name\" content=\"Markt-XXL\" \/>\n<meta property=\"article:modified_time\" content=\"2023-04-11T01:27:10+00:00\" \/>\n<meta property=\"og:image\" content=\"https:\/\/m.media-amazon.com\/images\/I\/616yUp4ebKL._SL500_.jpg\" \/>\n\t<meta property=\"og:image:width\" content=\"500\" \/>\n\t<meta property=\"og:image:height\" content=\"500\" \/>\n\t<meta property=\"og:image:type\" content=\"image\/jpeg\" \/>\n<meta name=\"twitter:card\" content=\"summary_large_image\" \/>\n<meta name=\"twitter:label1\" content=\"Gesch\u00e4tzte Lesezeit\" \/>\n\t<meta name=\"twitter:data1\" content=\"1\u00a0Minute\" \/>\n<script type=\"application\/ld+json\" class=\"yoast-schema-graph\">{\"@context\":\"https:\\\/\\\/schema.org\",\"@graph\":[{\"@type\":\"WebPage\",\"@id\":\"https:\\\/\\\/marktxxl.de\\\/markt\\\/produkt\\\/wowdsgn-15m-150leds-lichterschlauch-mit-fernbedienunglichterkette-16-farben-und-4-leuchtmodi-strombetriebenwasserdicht-ideal-fuer-aussen-weihnachtsbeleuchtung-deko-party-feier-hochzeit\\\/\",\"url\":\"https:\\\/\\\/marktxxl.de\\\/markt\\\/produkt\\\/wowdsgn-15m-150leds-lichterschlauch-mit-fernbedienunglichterkette-16-farben-und-4-leuchtmodi-strombetriebenwasserdicht-ideal-fuer-aussen-weihnachtsbeleuchtung-deko-party-feier-hochzeit\\\/\",\"name\":\"WOWDSGN 15M 150LEDS Lichterschlauch mit Fernbedienung,Lichterkette, 16 Farben und 4 Leuchtmodi, Strombetrieben\u2026 - Markt-XXL\",\"isPartOf\":{\"@id\":\"https:\\\/\\\/marktxxl.de\\\/markt\\\/#website\"},\"primaryImageOfPage\":{\"@id\":\"https:\\\/\\\/marktxxl.de\\\/markt\\\/produkt\\\/wowdsgn-15m-150leds-lichterschlauch-mit-fernbedienunglichterkette-16-farben-und-4-leuchtmodi-strombetriebenwasserdicht-ideal-fuer-aussen-weihnachtsbeleuchtung-deko-party-feier-hochzeit\\\/#primaryimage\"},\"image\":{\"@id\":\"https:\\\/\\\/marktxxl.de\\\/markt\\\/produkt\\\/wowdsgn-15m-150leds-lichterschlauch-mit-fernbedienunglichterkette-16-farben-und-4-leuchtmodi-strombetriebenwasserdicht-ideal-fuer-aussen-weihnachtsbeleuchtung-deko-party-feier-hochzeit\\\/#primaryimage\"},\"thumbnailUrl\":\"https:\\\/\\\/m.media-amazon.com\\\/images\\\/I\\\/616yUp4ebKL._SL500_.jpg\",\"datePublished\":\"2022-01-27T18:27:52+00:00\",\"dateModified\":\"2023-04-11T01:27:10+00:00\",\"description\":\"Markt-XXL WOWDSGN 15M 150LEDS Lichterschlauch mit Fernbedienung,Lichterkette, 16 Farben und 4 Leuchtmodi, Strombetrieben\u2026\",\"breadcrumb\":{\"@id\":\"https:\\\/\\\/marktxxl.de\\\/markt\\\/produkt\\\/wowdsgn-15m-150leds-lichterschlauch-mit-fernbedienunglichterkette-16-farben-und-4-leuchtmodi-strombetriebenwasserdicht-ideal-fuer-aussen-weihnachtsbeleuchtung-deko-party-feier-hochzeit\\\/#breadcrumb\"},\"inLanguage\":\"de\",\"potentialAction\":[{\"@type\":\"ReadAction\",\"target\":[\"https:\\\/\\\/marktxxl.de\\\/markt\\\/produkt\\\/wowdsgn-15m-150leds-lichterschlauch-mit-fernbedienunglichterkette-16-farben-und-4-leuchtmodi-strombetriebenwasserdicht-ideal-fuer-aussen-weihnachtsbeleuchtung-deko-party-feier-hochzeit\\\/\"]}]},{\"@type\":\"ImageObject\",\"inLanguage\":\"de\",\"@id\":\"https:\\\/\\\/marktxxl.de\\\/markt\\\/produkt\\\/wowdsgn-15m-150leds-lichterschlauch-mit-fernbedienunglichterkette-16-farben-und-4-leuchtmodi-strombetriebenwasserdicht-ideal-fuer-aussen-weihnachtsbeleuchtung-deko-party-feier-hochzeit\\\/#primaryimage\",\"url\":\"https:\\\/\\\/m.media-amazon.com\\\/images\\\/I\\\/616yUp4ebKL._SL500_.jpg\",\"contentUrl\":\"https:\\\/\\\/m.media-amazon.com\\\/images\\\/I\\\/616yUp4ebKL._SL500_.jpg\",\"width\":500,\"height\":500},{\"@type\":\"BreadcrumbList\",\"@id\":\"https:\\\/\\\/marktxxl.de\\\/markt\\\/produkt\\\/wowdsgn-15m-150leds-lichterschlauch-mit-fernbedienunglichterkette-16-farben-und-4-leuchtmodi-strombetriebenwasserdicht-ideal-fuer-aussen-weihnachtsbeleuchtung-deko-party-feier-hochzeit\\\/#breadcrumb\",\"itemListElement\":[{\"@type\":\"ListItem\",\"position\":1,\"name\":\"Startseite\",\"item\":\"https:\\\/\\\/marktxxl.de\\\/markt\\\/\"},{\"@type\":\"ListItem\",\"position\":2,\"name\":\"Markt\",\"item\":\"https:\\\/\\\/marktxxl.de\\\/markt\\\/\"},{\"@type\":\"ListItem\",\"position\":3,\"name\":\"WOWDSGN 15M 150LEDS Lichterschlauch mit Fernbedienung,Lichterkette, 16 Farben und 4 Leuchtmodi, Strombetrieben\u2026\"}]},{\"@type\":\"WebSite\",\"@id\":\"https:\\\/\\\/marktxxl.de\\\/markt\\\/#website\",\"url\":\"https:\\\/\\\/marktxxl.de\\\/markt\\\/\",\"name\":\"Markt-XXL\",\"description\":\"Ihr Markt Online\",\"publisher\":{\"@id\":\"https:\\\/\\\/marktxxl.de\\\/markt\\\/#organization\"},\"potentialAction\":[{\"@type\":\"SearchAction\",\"target\":{\"@type\":\"EntryPoint\",\"urlTemplate\":\"https:\\\/\\\/marktxxl.de\\\/markt\\\/?s={search_term_string}\"},\"query-input\":{\"@type\":\"PropertyValueSpecification\",\"valueRequired\":true,\"valueName\":\"search_term_string\"}}],\"inLanguage\":\"de\"},{\"@type\":\"Organization\",\"@id\":\"https:\\\/\\\/marktxxl.de\\\/markt\\\/#organization\",\"name\":\"Markt-XXL\",\"url\":\"https:\\\/\\\/marktxxl.de\\\/markt\\\/\",\"logo\":{\"@type\":\"ImageObject\",\"inLanguage\":\"de\",\"@id\":\"https:\\\/\\\/marktxxl.de\\\/markt\\\/#\\\/schema\\\/logo\\\/image\\\/\",\"url\":\"https:\\\/\\\/marktxxl.de\\\/markt\\\/wp-content\\\/uploads\\\/sites\\\/3\\\/2020\\\/12\\\/logo.png\",\"contentUrl\":\"https:\\\/\\\/marktxxl.de\\\/markt\\\/wp-content\\\/uploads\\\/sites\\\/3\\\/2020\\\/12\\\/logo.png\",\"width\":200,\"height\":70,\"caption\":\"Markt-XXL\"},\"image\":{\"@id\":\"https:\\\/\\\/marktxxl.de\\\/markt\\\/#\\\/schema\\\/logo\\\/image\\\/\"}}]}<\/script>\n<!-- \/ Yoast SEO plugin. -->","yoast_head_json":{"title":"WOWDSGN 15M 150LEDS Lichterschlauch mit Fernbedienung,Lichterkette, 16 Farben und 4 Leuchtmodi, Strombetrieben\u2026 - Markt-XXL","description":"Markt-XXL WOWDSGN 15M 150LEDS Lichterschlauch mit Fernbedienung,Lichterkette, 16 Farben und 4 Leuchtmodi, Strombetrieben\u2026","robots":{"index":"index","follow":"follow","max-snippet":"max-snippet:-1","max-image-preview":"max-image-preview:large","max-video-preview":"max-video-preview:-1"},"canonical":"https:\/\/marktxxl.de\/markt\/produkt\/wowdsgn-15m-150leds-lichterschlauch-mit-fernbedienunglichterkette-16-farben-und-4-leuchtmodi-strombetriebenwasserdicht-ideal-fuer-aussen-weihnachtsbeleuchtung-deko-party-feier-hochzeit\/","og_locale":"de_DE","og_type":"article","og_title":"WOWDSGN 15M 150LEDS Lichterschlauch mit Fernbedienung,Lichterkette, 16 Farben und 4 Leuchtmodi, Strombetrieben\u2026 - Markt-XXL","og_description":"Markt-XXL WOWDSGN 15M 150LEDS Lichterschlauch mit Fernbedienung,Lichterkette, 16 Farben und 4 Leuchtmodi, Strombetrieben\u2026","og_url":"https:\/\/marktxxl.de\/markt\/produkt\/wowdsgn-15m-150leds-lichterschlauch-mit-fernbedienunglichterkette-16-farben-und-4-leuchtmodi-strombetriebenwasserdicht-ideal-fuer-aussen-weihnachtsbeleuchtung-deko-party-feier-hochzeit\/","og_site_name":"Markt-XXL","article_modified_time":"2023-04-11T01:27:10+00:00","og_image":[{"width":500,"height":500,"url":"https:\/\/m.media-amazon.com\/images\/I\/616yUp4ebKL._SL500_.jpg","type":"image\/jpeg"}],"twitter_card":"summary_large_image","twitter_misc":{"Gesch\u00e4tzte Lesezeit":"1\u00a0Minute"},"schema":{"@context":"https:\/\/schema.org","@graph":[{"@type":"WebPage","@id":"https:\/\/marktxxl.de\/markt\/produkt\/wowdsgn-15m-150leds-lichterschlauch-mit-fernbedienunglichterkette-16-farben-und-4-leuchtmodi-strombetriebenwasserdicht-ideal-fuer-aussen-weihnachtsbeleuchtung-deko-party-feier-hochzeit\/","url":"https:\/\/marktxxl.de\/markt\/produkt\/wowdsgn-15m-150leds-lichterschlauch-mit-fernbedienunglichterkette-16-farben-und-4-leuchtmodi-strombetriebenwasserdicht-ideal-fuer-aussen-weihnachtsbeleuchtung-deko-party-feier-hochzeit\/","name":"WOWDSGN 15M 150LEDS Lichterschlauch mit Fernbedienung,Lichterkette, 16 Farben und 4 Leuchtmodi, Strombetrieben\u2026 - Markt-XXL","isPartOf":{"@id":"https:\/\/marktxxl.de\/markt\/#website"},"primaryImageOfPage":{"@id":"https:\/\/marktxxl.de\/markt\/produkt\/wowdsgn-15m-150leds-lichterschlauch-mit-fernbedienunglichterkette-16-farben-und-4-leuchtmodi-strombetriebenwasserdicht-ideal-fuer-aussen-weihnachtsbeleuchtung-deko-party-feier-hochzeit\/#primaryimage"},"image":{"@id":"https:\/\/marktxxl.de\/markt\/produkt\/wowdsgn-15m-150leds-lichterschlauch-mit-fernbedienunglichterkette-16-farben-und-4-leuchtmodi-strombetriebenwasserdicht-ideal-fuer-aussen-weihnachtsbeleuchtung-deko-party-feier-hochzeit\/#primaryimage"},"thumbnailUrl":"https:\/\/m.media-amazon.com\/images\/I\/616yUp4ebKL._SL500_.jpg","datePublished":"2022-01-27T18:27:52+00:00","dateModified":"2023-04-11T01:27:10+00:00","description":"Markt-XXL WOWDSGN 15M 150LEDS Lichterschlauch mit Fernbedienung,Lichterkette, 16 Farben und 4 Leuchtmodi, Strombetrieben\u2026","breadcrumb":{"@id":"https:\/\/marktxxl.de\/markt\/produkt\/wowdsgn-15m-150leds-lichterschlauch-mit-fernbedienunglichterkette-16-farben-und-4-leuchtmodi-strombetriebenwasserdicht-ideal-fuer-aussen-weihnachtsbeleuchtung-deko-party-feier-hochzeit\/#breadcrumb"},"inLanguage":"de","potentialAction":[{"@type":"ReadAction","target":["https:\/\/marktxxl.de\/markt\/produkt\/wowdsgn-15m-150leds-lichterschlauch-mit-fernbedienunglichterkette-16-farben-und-4-leuchtmodi-strombetriebenwasserdicht-ideal-fuer-aussen-weihnachtsbeleuchtung-deko-party-feier-hochzeit\/"]}]},{"@type":"ImageObject","inLanguage":"de","@id":"https:\/\/marktxxl.de\/markt\/produkt\/wowdsgn-15m-150leds-lichterschlauch-mit-fernbedienunglichterkette-16-farben-und-4-leuchtmodi-strombetriebenwasserdicht-ideal-fuer-aussen-weihnachtsbeleuchtung-deko-party-feier-hochzeit\/#primaryimage","url":"https:\/\/m.media-amazon.com\/images\/I\/616yUp4ebKL._SL500_.jpg","contentUrl":"https:\/\/m.media-amazon.com\/images\/I\/616yUp4ebKL._SL500_.jpg","width":500,"height":500},{"@type":"BreadcrumbList","@id":"https:\/\/marktxxl.de\/markt\/produkt\/wowdsgn-15m-150leds-lichterschlauch-mit-fernbedienunglichterkette-16-farben-und-4-leuchtmodi-strombetriebenwasserdicht-ideal-fuer-aussen-weihnachtsbeleuchtung-deko-party-feier-hochzeit\/#breadcrumb","itemListElement":[{"@type":"ListItem","position":1,"name":"Startseite","item":"https:\/\/marktxxl.de\/markt\/"},{"@type":"ListItem","position":2,"name":"Markt","item":"https:\/\/marktxxl.de\/markt\/"},{"@type":"ListItem","position":3,"name":"WOWDSGN 15M 150LEDS Lichterschlauch mit Fernbedienung,Lichterkette, 16 Farben und 4 Leuchtmodi, Strombetrieben\u2026"}]},{"@type":"WebSite","@id":"https:\/\/marktxxl.de\/markt\/#website","url":"https:\/\/marktxxl.de\/markt\/","name":"Markt-XXL","description":"Ihr Markt Online","publisher":{"@id":"https:\/\/marktxxl.de\/markt\/#organization"},"potentialAction":[{"@type":"SearchAction","target":{"@type":"EntryPoint","urlTemplate":"https:\/\/marktxxl.de\/markt\/?s={search_term_string}"},"query-input":{"@type":"PropertyValueSpecification","valueRequired":true,"valueName":"search_term_string"}}],"inLanguage":"de"},{"@type":"Organization","@id":"https:\/\/marktxxl.de\/markt\/#organization","name":"Markt-XXL","url":"https:\/\/marktxxl.de\/markt\/","logo":{"@type":"ImageObject","inLanguage":"de","@id":"https:\/\/marktxxl.de\/markt\/#\/schema\/logo\/image\/","url":"https:\/\/marktxxl.de\/markt\/wp-content\/uploads\/sites\/3\/2020\/12\/logo.png","contentUrl":"https:\/\/marktxxl.de\/markt\/wp-content\/uploads\/sites\/3\/2020\/12\/logo.png","width":200,"height":70,"caption":"Markt-XXL"},"image":{"@id":"https:\/\/marktxxl.de\/markt\/#\/schema\/logo\/image\/"}}]}},"_links":{"self":[{"href":"https:\/\/marktxxl.de\/markt\/wp-json\/wp\/v2\/product\/102918","targetHints":{"allow":["GET"]}}],"collection":[{"href":"https:\/\/marktxxl.de\/markt\/wp-json\/wp\/v2\/product"}],"about":[{"href":"https:\/\/marktxxl.de\/markt\/wp-json\/wp\/v2\/types\/product"}],"replies":[{"embeddable":true,"href":"https:\/\/marktxxl.de\/markt\/wp-json\/wp\/v2\/comments?post=102918"}],"wp:featuredmedia":[{"embeddable":true,"href":"https:\/\/marktxxl.de\/markt\/wp-json\/wp\/v2\/media\/102919"}],"wp:attachment":[{"href":"https:\/\/marktxxl.de\/markt\/wp-json\/wp\/v2\/media?parent=102918"}],"wp:term":[{"taxonomy":"product_brand","embeddable":true,"href":"https:\/\/marktxxl.de\/markt\/wp-json\/wp\/v2\/product_brand?post=102918"},{"taxonomy":"product_cat","embeddable":true,"href":"https:\/\/marktxxl.de\/markt\/wp-json\/wp\/v2\/product_cat?post=102918"},{"taxonomy":"product_tag","embeddable":true,"href":"https:\/\/marktxxl.de\/markt\/wp-json\/wp\/v2\/product_tag?post=102918"}],"curies":[{"name":"wp","href":"https:\/\/api.w.org\/{rel}","templated":true}]}}