{"id":102909,"date":"2022-01-27T19:27:47","date_gmt":"2022-01-27T18:27:47","guid":{"rendered":"https:\/\/marktxxl.de\/markt\/produkt\/le-led-strip-5m-alexa-rgbw-led-streifen-mit-musik-ip65-smart-led-leiste-nur-2-4ghz-wifi-hell-5050-led-band-lichterkette-fuer-haus-kueche-party-tv-lichtband-kompatibel-mit-alexa-google-home\/"},"modified":"2023-04-11T03:27:10","modified_gmt":"2023-04-11T01:27:10","slug":"le-led-strip-5m-alexa-rgbw-led-streifen-mit-musik-ip65-smart-led-leiste-nur-2-4ghz-wifi-hell-5050-led-band-lichterkette-fuer-haus-kueche-party-tv-lichtband-kompatibel-mit-alexa-google-home","status":"publish","type":"product","link":"https:\/\/marktxxl.de\/markt\/produkt\/le-led-strip-5m-alexa-rgbw-led-streifen-mit-musik-ip65-smart-led-leiste-nur-2-4ghz-wifi-hell-5050-led-band-lichterkette-fuer-haus-kueche-party-tv-lichtband-kompatibel-mit-alexa-google-home\/","title":{"rendered":"LE LED Strip 5M, Alexa RGBW LED Streifen mit Musik, IP65 Smart LED Leiste, [nur 2.4GHz] WiFi Hell 5050 LED Band\u2026"},"content":{"rendered":"<p>\u3010RGB (optional) und wei\u00dfes Licht 6000 K, unersetzlich\u3011Verwenden Sie Ihr Mobiltelefon App, die Stimme kann bis zu 16 Millionen Farben mit variabler Helligkeit erreichen, Dekoration von RGB-Atmosph\u00e4re.<br \/>\n\u3010Einfache Steuerm\u00f6glichkeiten\u3011 &#8220;Lepro LampUX&#8221; APP kann sich nur einen Klick mit Alexa verbinden. Der Smart LED Band kompatibel mit Amazon Alexa, Google Assistant, ohne einen Heim-Hub einzustellen.<br \/>\n\u3010 Intelligente App\u3011Die WiFi-Verbindung ist wesentlich stabiler als Bluetooth und verbraucht weniger. Countdown, automatische Ausf\u00fchrung, Timer-Funktion kann automatisch voreingestellte Szenarien basierend auf der Zeit.<br \/>\n\u3010Perfektes Ambiente Licht\u3011Es ist IP65 wasserdicht und wurde f\u00fcr den Innen- und Au\u00dfenbereich entwickelt. LED Band kann an vielen Orten installiert werden, Wohnzimmer, K\u00fcche, in Bars, etc, Perfektes f\u00fcr Feiertage wie Weihnachten, Halloween, Partys.<br \/>\n\u3010Sicherheit &amp; Lange Lebensdauer \u3011 Die Betriebsspannung betr\u00e4gt 12V, mehr Sicherheit und stabile extrem niedrige Hitze, Dieses LED-Band ist weder giftig noch emittiert keine UV-Strahlen.(Die LED Leiste haben einen Kurzschlussschutz)<br \/>\n<div class=\"main-cross-sell\" data-asin=\"B07PGNV4QQ\">\n\n\t<div class=\"WooZone-cross-sell-loader\">\n\t\t<div>\n\t\t\t<div id=\"floatingBarsG\">\n\t\t\t\t<div class=\"blockG\" id=\"rotateG_01\"><\/div>\n\t\t\t\t<div class=\"blockG\" id=\"rotateG_02\"><\/div>\n\t\t\t\t<div class=\"blockG\" id=\"rotateG_03\"><\/div>\n\t\t\t\t<div class=\"blockG\" id=\"rotateG_04\"><\/div>\n\t\t\t\t<div class=\"blockG\" id=\"rotateG_05\"><\/div>\n\t\t\t\t<div class=\"blockG\" id=\"rotateG_06\"><\/div>\n\t\t\t\t<div class=\"blockG\" id=\"rotateG_07\"><\/div>\n\t\t\t\t<div class=\"blockG\" id=\"rotateG_08\"><\/div>\n\t\t\t<\/div>\n\t\t\t<div class=\"WooZone-cross-sell-loader-text\"><\/div>\n\t\t<\/div>\n\t<\/div>\n\n\t\t\n<\/div>\n<div style=\"clear:both;\"><\/div><\/p>\n","protected":false},"excerpt":{"rendered":"<p>\u3010RGB (optional) und wei\u00dfes Licht 6000 K, unersetzlich\u3011Verwenden Sie Ihr Mobiltelefon App, die Stimme kann bis zu 16 Millionen Farben mit variabler Helligkeit erreichen, Dekoration von RGB-Atmosph\u00e4re.<br \/>\n\u3010Einfache Steuerm\u00f6glichkeiten\u3011 &#8220;Lepro LampUX&#8221; APP kann sich nur einen Klick mit Alexa verbinden. Der Smart LED Band kompatibel mit Amazon Alexa, Google Assistant, ohne einen Heim-Hub einzustellen.<br \/>\n\u3010 Intelligente App\u3011Die WiFi-Verbindung ist wesentlich stabiler als Bluetooth und verbraucht weniger. Countdown, automatische Ausf\u00fchrung, Timer-Funktion kann automatisch voreingestellte Szenarien basierend auf der Zeit.<\/p>\n","protected":false},"featured_media":102910,"comment_status":"open","ping_status":"closed","template":"","meta":[],"product_brand":[],"product_cat":[2108,15623],"product_tag":[],"class_list":{"0":"post-102909","1":"product","2":"type-product","3":"status-publish","4":"has-post-thumbnail","6":"product_cat-beleuchtung","7":"product_cat-lichtschlaeuche","8":"pa_binding-haushaltswaren","9":"pa_brand-le","10":"pa_color-rgbw","11":"pa_height-0-03937-zoll","12":"pa_length-196-85-zoll","13":"pa_manufacturer-lighting-ever","14":"pa_model-904101-rgbw-f-eu","15":"pa_size-5m","16":"pa_weight-0-8157103694-pfund","17":"pa_width-0-3937-zoll","19":"first","20":"instock","21":"shipping-taxable","22":"purchasable","23":"product-type-simple","24":"customify-col","25":"product-has-gallery"},"yoast_head":"<!-- This site is optimized with the Yoast SEO plugin v27.4 - https:\/\/yoast.com\/product\/yoast-seo-wordpress\/ -->\n<title>LE LED Strip 5M, Alexa RGBW LED Streifen mit Musik, IP65 Smart LED Leiste, [nur 2.4GHz] WiFi Hell 5050 LED Band\u2026 - Markt-XXL<\/title>\n<meta name=\"description\" content=\"Markt-XXL LE LED Strip 5M, Alexa RGBW LED Streifen mit Musik, IP65 Smart LED Leiste, [nur 2.4GHz] WiFi Hell 5050 LED Band\u2026\" \/>\n<meta name=\"robots\" content=\"index, follow, max-snippet:-1, max-image-preview:large, max-video-preview:-1\" \/>\n<link rel=\"canonical\" href=\"https:\/\/marktxxl.de\/markt\/produkt\/le-led-strip-5m-alexa-rgbw-led-streifen-mit-musik-ip65-smart-led-leiste-nur-2-4ghz-wifi-hell-5050-led-band-lichterkette-fuer-haus-kueche-party-tv-lichtband-kompatibel-mit-alexa-google-home\/\" \/>\n<meta property=\"og:locale\" content=\"de_DE\" \/>\n<meta property=\"og:type\" content=\"article\" \/>\n<meta property=\"og:title\" content=\"LE LED Strip 5M, Alexa RGBW LED Streifen mit Musik, IP65 Smart LED Leiste, [nur 2.4GHz] WiFi Hell 5050 LED Band\u2026 - Markt-XXL\" \/>\n<meta property=\"og:description\" content=\"Markt-XXL LE LED Strip 5M, Alexa RGBW LED Streifen mit Musik, IP65 Smart LED Leiste, [nur 2.4GHz] WiFi Hell 5050 LED Band\u2026\" \/>\n<meta property=\"og:url\" content=\"https:\/\/marktxxl.de\/markt\/produkt\/le-led-strip-5m-alexa-rgbw-led-streifen-mit-musik-ip65-smart-led-leiste-nur-2-4ghz-wifi-hell-5050-led-band-lichterkette-fuer-haus-kueche-party-tv-lichtband-kompatibel-mit-alexa-google-home\/\" \/>\n<meta property=\"og:site_name\" content=\"Markt-XXL\" \/>\n<meta property=\"article:modified_time\" content=\"2023-04-11T01:27:10+00:00\" \/>\n<meta property=\"og:image\" content=\"https:\/\/m.media-amazon.com\/images\/I\/51KdM6U25YL._SL500_.jpg\" \/>\n\t<meta property=\"og:image:width\" content=\"500\" \/>\n\t<meta property=\"og:image:height\" content=\"500\" \/>\n\t<meta property=\"og:image:type\" content=\"image\/jpeg\" \/>\n<meta name=\"twitter:card\" content=\"summary_large_image\" \/>\n<meta name=\"twitter:label1\" content=\"Gesch\u00e4tzte Lesezeit\" \/>\n\t<meta name=\"twitter:data1\" content=\"1\u00a0Minute\" \/>\n<script type=\"application\/ld+json\" class=\"yoast-schema-graph\">{\"@context\":\"https:\\\/\\\/schema.org\",\"@graph\":[{\"@type\":\"WebPage\",\"@id\":\"https:\\\/\\\/marktxxl.de\\\/markt\\\/produkt\\\/le-led-strip-5m-alexa-rgbw-led-streifen-mit-musik-ip65-smart-led-leiste-nur-2-4ghz-wifi-hell-5050-led-band-lichterkette-fuer-haus-kueche-party-tv-lichtband-kompatibel-mit-alexa-google-home\\\/\",\"url\":\"https:\\\/\\\/marktxxl.de\\\/markt\\\/produkt\\\/le-led-strip-5m-alexa-rgbw-led-streifen-mit-musik-ip65-smart-led-leiste-nur-2-4ghz-wifi-hell-5050-led-band-lichterkette-fuer-haus-kueche-party-tv-lichtband-kompatibel-mit-alexa-google-home\\\/\",\"name\":\"LE LED Strip 5M, Alexa RGBW LED Streifen mit Musik, IP65 Smart LED Leiste, [nur 2.4GHz] WiFi Hell 5050 LED Band\u2026 - Markt-XXL\",\"isPartOf\":{\"@id\":\"https:\\\/\\\/marktxxl.de\\\/markt\\\/#website\"},\"primaryImageOfPage\":{\"@id\":\"https:\\\/\\\/marktxxl.de\\\/markt\\\/produkt\\\/le-led-strip-5m-alexa-rgbw-led-streifen-mit-musik-ip65-smart-led-leiste-nur-2-4ghz-wifi-hell-5050-led-band-lichterkette-fuer-haus-kueche-party-tv-lichtband-kompatibel-mit-alexa-google-home\\\/#primaryimage\"},\"image\":{\"@id\":\"https:\\\/\\\/marktxxl.de\\\/markt\\\/produkt\\\/le-led-strip-5m-alexa-rgbw-led-streifen-mit-musik-ip65-smart-led-leiste-nur-2-4ghz-wifi-hell-5050-led-band-lichterkette-fuer-haus-kueche-party-tv-lichtband-kompatibel-mit-alexa-google-home\\\/#primaryimage\"},\"thumbnailUrl\":\"https:\\\/\\\/m.media-amazon.com\\\/images\\\/I\\\/51KdM6U25YL._SL500_.jpg\",\"datePublished\":\"2022-01-27T18:27:47+00:00\",\"dateModified\":\"2023-04-11T01:27:10+00:00\",\"description\":\"Markt-XXL LE LED Strip 5M, Alexa RGBW LED Streifen mit Musik, IP65 Smart LED Leiste, [nur 2.4GHz] WiFi Hell 5050 LED Band\u2026\",\"breadcrumb\":{\"@id\":\"https:\\\/\\\/marktxxl.de\\\/markt\\\/produkt\\\/le-led-strip-5m-alexa-rgbw-led-streifen-mit-musik-ip65-smart-led-leiste-nur-2-4ghz-wifi-hell-5050-led-band-lichterkette-fuer-haus-kueche-party-tv-lichtband-kompatibel-mit-alexa-google-home\\\/#breadcrumb\"},\"inLanguage\":\"de\",\"potentialAction\":[{\"@type\":\"ReadAction\",\"target\":[\"https:\\\/\\\/marktxxl.de\\\/markt\\\/produkt\\\/le-led-strip-5m-alexa-rgbw-led-streifen-mit-musik-ip65-smart-led-leiste-nur-2-4ghz-wifi-hell-5050-led-band-lichterkette-fuer-haus-kueche-party-tv-lichtband-kompatibel-mit-alexa-google-home\\\/\"]}]},{\"@type\":\"ImageObject\",\"inLanguage\":\"de\",\"@id\":\"https:\\\/\\\/marktxxl.de\\\/markt\\\/produkt\\\/le-led-strip-5m-alexa-rgbw-led-streifen-mit-musik-ip65-smart-led-leiste-nur-2-4ghz-wifi-hell-5050-led-band-lichterkette-fuer-haus-kueche-party-tv-lichtband-kompatibel-mit-alexa-google-home\\\/#primaryimage\",\"url\":\"https:\\\/\\\/m.media-amazon.com\\\/images\\\/I\\\/51KdM6U25YL._SL500_.jpg\",\"contentUrl\":\"https:\\\/\\\/m.media-amazon.com\\\/images\\\/I\\\/51KdM6U25YL._SL500_.jpg\",\"width\":500,\"height\":500},{\"@type\":\"BreadcrumbList\",\"@id\":\"https:\\\/\\\/marktxxl.de\\\/markt\\\/produkt\\\/le-led-strip-5m-alexa-rgbw-led-streifen-mit-musik-ip65-smart-led-leiste-nur-2-4ghz-wifi-hell-5050-led-band-lichterkette-fuer-haus-kueche-party-tv-lichtband-kompatibel-mit-alexa-google-home\\\/#breadcrumb\",\"itemListElement\":[{\"@type\":\"ListItem\",\"position\":1,\"name\":\"Startseite\",\"item\":\"https:\\\/\\\/marktxxl.de\\\/markt\\\/\"},{\"@type\":\"ListItem\",\"position\":2,\"name\":\"Markt\",\"item\":\"https:\\\/\\\/marktxxl.de\\\/markt\\\/\"},{\"@type\":\"ListItem\",\"position\":3,\"name\":\"LE LED Strip 5M, Alexa RGBW LED Streifen mit Musik, IP65 Smart LED Leiste, [nur 2.4GHz] WiFi Hell 5050 LED Band\u2026\"}]},{\"@type\":\"WebSite\",\"@id\":\"https:\\\/\\\/marktxxl.de\\\/markt\\\/#website\",\"url\":\"https:\\\/\\\/marktxxl.de\\\/markt\\\/\",\"name\":\"Markt-XXL\",\"description\":\"Ihr Markt Online\",\"publisher\":{\"@id\":\"https:\\\/\\\/marktxxl.de\\\/markt\\\/#organization\"},\"potentialAction\":[{\"@type\":\"SearchAction\",\"target\":{\"@type\":\"EntryPoint\",\"urlTemplate\":\"https:\\\/\\\/marktxxl.de\\\/markt\\\/?s={search_term_string}\"},\"query-input\":{\"@type\":\"PropertyValueSpecification\",\"valueRequired\":true,\"valueName\":\"search_term_string\"}}],\"inLanguage\":\"de\"},{\"@type\":\"Organization\",\"@id\":\"https:\\\/\\\/marktxxl.de\\\/markt\\\/#organization\",\"name\":\"Markt-XXL\",\"url\":\"https:\\\/\\\/marktxxl.de\\\/markt\\\/\",\"logo\":{\"@type\":\"ImageObject\",\"inLanguage\":\"de\",\"@id\":\"https:\\\/\\\/marktxxl.de\\\/markt\\\/#\\\/schema\\\/logo\\\/image\\\/\",\"url\":\"https:\\\/\\\/marktxxl.de\\\/markt\\\/wp-content\\\/uploads\\\/sites\\\/3\\\/2020\\\/12\\\/logo.png\",\"contentUrl\":\"https:\\\/\\\/marktxxl.de\\\/markt\\\/wp-content\\\/uploads\\\/sites\\\/3\\\/2020\\\/12\\\/logo.png\",\"width\":200,\"height\":70,\"caption\":\"Markt-XXL\"},\"image\":{\"@id\":\"https:\\\/\\\/marktxxl.de\\\/markt\\\/#\\\/schema\\\/logo\\\/image\\\/\"}}]}<\/script>\n<!-- \/ Yoast SEO plugin. -->","yoast_head_json":{"title":"LE LED Strip 5M, Alexa RGBW LED Streifen mit Musik, IP65 Smart LED Leiste, [nur 2.4GHz] WiFi Hell 5050 LED Band\u2026 - Markt-XXL","description":"Markt-XXL LE LED Strip 5M, Alexa RGBW LED Streifen mit Musik, IP65 Smart LED Leiste, [nur 2.4GHz] WiFi Hell 5050 LED Band\u2026","robots":{"index":"index","follow":"follow","max-snippet":"max-snippet:-1","max-image-preview":"max-image-preview:large","max-video-preview":"max-video-preview:-1"},"canonical":"https:\/\/marktxxl.de\/markt\/produkt\/le-led-strip-5m-alexa-rgbw-led-streifen-mit-musik-ip65-smart-led-leiste-nur-2-4ghz-wifi-hell-5050-led-band-lichterkette-fuer-haus-kueche-party-tv-lichtband-kompatibel-mit-alexa-google-home\/","og_locale":"de_DE","og_type":"article","og_title":"LE LED Strip 5M, Alexa RGBW LED Streifen mit Musik, IP65 Smart LED Leiste, [nur 2.4GHz] WiFi Hell 5050 LED Band\u2026 - Markt-XXL","og_description":"Markt-XXL LE LED Strip 5M, Alexa RGBW LED Streifen mit Musik, IP65 Smart LED Leiste, [nur 2.4GHz] WiFi Hell 5050 LED Band\u2026","og_url":"https:\/\/marktxxl.de\/markt\/produkt\/le-led-strip-5m-alexa-rgbw-led-streifen-mit-musik-ip65-smart-led-leiste-nur-2-4ghz-wifi-hell-5050-led-band-lichterkette-fuer-haus-kueche-party-tv-lichtband-kompatibel-mit-alexa-google-home\/","og_site_name":"Markt-XXL","article_modified_time":"2023-04-11T01:27:10+00:00","og_image":[{"width":500,"height":500,"url":"https:\/\/m.media-amazon.com\/images\/I\/51KdM6U25YL._SL500_.jpg","type":"image\/jpeg"}],"twitter_card":"summary_large_image","twitter_misc":{"Gesch\u00e4tzte Lesezeit":"1\u00a0Minute"},"schema":{"@context":"https:\/\/schema.org","@graph":[{"@type":"WebPage","@id":"https:\/\/marktxxl.de\/markt\/produkt\/le-led-strip-5m-alexa-rgbw-led-streifen-mit-musik-ip65-smart-led-leiste-nur-2-4ghz-wifi-hell-5050-led-band-lichterkette-fuer-haus-kueche-party-tv-lichtband-kompatibel-mit-alexa-google-home\/","url":"https:\/\/marktxxl.de\/markt\/produkt\/le-led-strip-5m-alexa-rgbw-led-streifen-mit-musik-ip65-smart-led-leiste-nur-2-4ghz-wifi-hell-5050-led-band-lichterkette-fuer-haus-kueche-party-tv-lichtband-kompatibel-mit-alexa-google-home\/","name":"LE LED Strip 5M, Alexa RGBW LED Streifen mit Musik, IP65 Smart LED Leiste, [nur 2.4GHz] WiFi Hell 5050 LED Band\u2026 - Markt-XXL","isPartOf":{"@id":"https:\/\/marktxxl.de\/markt\/#website"},"primaryImageOfPage":{"@id":"https:\/\/marktxxl.de\/markt\/produkt\/le-led-strip-5m-alexa-rgbw-led-streifen-mit-musik-ip65-smart-led-leiste-nur-2-4ghz-wifi-hell-5050-led-band-lichterkette-fuer-haus-kueche-party-tv-lichtband-kompatibel-mit-alexa-google-home\/#primaryimage"},"image":{"@id":"https:\/\/marktxxl.de\/markt\/produkt\/le-led-strip-5m-alexa-rgbw-led-streifen-mit-musik-ip65-smart-led-leiste-nur-2-4ghz-wifi-hell-5050-led-band-lichterkette-fuer-haus-kueche-party-tv-lichtband-kompatibel-mit-alexa-google-home\/#primaryimage"},"thumbnailUrl":"https:\/\/m.media-amazon.com\/images\/I\/51KdM6U25YL._SL500_.jpg","datePublished":"2022-01-27T18:27:47+00:00","dateModified":"2023-04-11T01:27:10+00:00","description":"Markt-XXL LE LED Strip 5M, Alexa RGBW LED Streifen mit Musik, IP65 Smart LED Leiste, [nur 2.4GHz] WiFi Hell 5050 LED Band\u2026","breadcrumb":{"@id":"https:\/\/marktxxl.de\/markt\/produkt\/le-led-strip-5m-alexa-rgbw-led-streifen-mit-musik-ip65-smart-led-leiste-nur-2-4ghz-wifi-hell-5050-led-band-lichterkette-fuer-haus-kueche-party-tv-lichtband-kompatibel-mit-alexa-google-home\/#breadcrumb"},"inLanguage":"de","potentialAction":[{"@type":"ReadAction","target":["https:\/\/marktxxl.de\/markt\/produkt\/le-led-strip-5m-alexa-rgbw-led-streifen-mit-musik-ip65-smart-led-leiste-nur-2-4ghz-wifi-hell-5050-led-band-lichterkette-fuer-haus-kueche-party-tv-lichtband-kompatibel-mit-alexa-google-home\/"]}]},{"@type":"ImageObject","inLanguage":"de","@id":"https:\/\/marktxxl.de\/markt\/produkt\/le-led-strip-5m-alexa-rgbw-led-streifen-mit-musik-ip65-smart-led-leiste-nur-2-4ghz-wifi-hell-5050-led-band-lichterkette-fuer-haus-kueche-party-tv-lichtband-kompatibel-mit-alexa-google-home\/#primaryimage","url":"https:\/\/m.media-amazon.com\/images\/I\/51KdM6U25YL._SL500_.jpg","contentUrl":"https:\/\/m.media-amazon.com\/images\/I\/51KdM6U25YL._SL500_.jpg","width":500,"height":500},{"@type":"BreadcrumbList","@id":"https:\/\/marktxxl.de\/markt\/produkt\/le-led-strip-5m-alexa-rgbw-led-streifen-mit-musik-ip65-smart-led-leiste-nur-2-4ghz-wifi-hell-5050-led-band-lichterkette-fuer-haus-kueche-party-tv-lichtband-kompatibel-mit-alexa-google-home\/#breadcrumb","itemListElement":[{"@type":"ListItem","position":1,"name":"Startseite","item":"https:\/\/marktxxl.de\/markt\/"},{"@type":"ListItem","position":2,"name":"Markt","item":"https:\/\/marktxxl.de\/markt\/"},{"@type":"ListItem","position":3,"name":"LE LED Strip 5M, Alexa RGBW LED Streifen mit Musik, IP65 Smart LED Leiste, [nur 2.4GHz] WiFi Hell 5050 LED Band\u2026"}]},{"@type":"WebSite","@id":"https:\/\/marktxxl.de\/markt\/#website","url":"https:\/\/marktxxl.de\/markt\/","name":"Markt-XXL","description":"Ihr Markt Online","publisher":{"@id":"https:\/\/marktxxl.de\/markt\/#organization"},"potentialAction":[{"@type":"SearchAction","target":{"@type":"EntryPoint","urlTemplate":"https:\/\/marktxxl.de\/markt\/?s={search_term_string}"},"query-input":{"@type":"PropertyValueSpecification","valueRequired":true,"valueName":"search_term_string"}}],"inLanguage":"de"},{"@type":"Organization","@id":"https:\/\/marktxxl.de\/markt\/#organization","name":"Markt-XXL","url":"https:\/\/marktxxl.de\/markt\/","logo":{"@type":"ImageObject","inLanguage":"de","@id":"https:\/\/marktxxl.de\/markt\/#\/schema\/logo\/image\/","url":"https:\/\/marktxxl.de\/markt\/wp-content\/uploads\/sites\/3\/2020\/12\/logo.png","contentUrl":"https:\/\/marktxxl.de\/markt\/wp-content\/uploads\/sites\/3\/2020\/12\/logo.png","width":200,"height":70,"caption":"Markt-XXL"},"image":{"@id":"https:\/\/marktxxl.de\/markt\/#\/schema\/logo\/image\/"}}]}},"_links":{"self":[{"href":"https:\/\/marktxxl.de\/markt\/wp-json\/wp\/v2\/product\/102909","targetHints":{"allow":["GET"]}}],"collection":[{"href":"https:\/\/marktxxl.de\/markt\/wp-json\/wp\/v2\/product"}],"about":[{"href":"https:\/\/marktxxl.de\/markt\/wp-json\/wp\/v2\/types\/product"}],"replies":[{"embeddable":true,"href":"https:\/\/marktxxl.de\/markt\/wp-json\/wp\/v2\/comments?post=102909"}],"wp:featuredmedia":[{"embeddable":true,"href":"https:\/\/marktxxl.de\/markt\/wp-json\/wp\/v2\/media\/102910"}],"wp:attachment":[{"href":"https:\/\/marktxxl.de\/markt\/wp-json\/wp\/v2\/media?parent=102909"}],"wp:term":[{"taxonomy":"product_brand","embeddable":true,"href":"https:\/\/marktxxl.de\/markt\/wp-json\/wp\/v2\/product_brand?post=102909"},{"taxonomy":"product_cat","embeddable":true,"href":"https:\/\/marktxxl.de\/markt\/wp-json\/wp\/v2\/product_cat?post=102909"},{"taxonomy":"product_tag","embeddable":true,"href":"https:\/\/marktxxl.de\/markt\/wp-json\/wp\/v2\/product_tag?post=102909"}],"curies":[{"name":"wp","href":"https:\/\/api.w.org\/{rel}","templated":true}]}}