{"id":102853,"date":"2022-01-27T19:24:43","date_gmt":"2022-01-27T18:24:43","guid":{"rendered":"https:\/\/marktxxl.de\/markt\/produkt\/alitove-ac-110v-220v-auf-dc-12v-universal-geregeltes-schaltnetzteil-transformator-adapter-led-treiber-fuer-led-streifen-cctv-kamerasystem-radio\/"},"modified":"2023-04-11T03:27:09","modified_gmt":"2023-04-11T01:27:09","slug":"alitove-ac-110v-220v-auf-dc-12v-universal-geregeltes-schaltnetzteil-transformator-adapter-led-treiber-fuer-led-streifen-cctv-kamerasystem-radio","status":"publish","type":"product","link":"https:\/\/marktxxl.de\/markt\/produkt\/alitove-ac-110v-220v-auf-dc-12v-universal-geregeltes-schaltnetzteil-transformator-adapter-led-treiber-fuer-led-streifen-cctv-kamerasystem-radio\/","title":{"rendered":"ALITOVE DC 12V 5A Netzteil-Adapter-Konverter-Ladeger\u00e4t AC 100 240 V-Eingang Mit 5.5&#215;2.1mm DC-Ausgang Jack 12v 5a 60w 12v\u2026"},"content":{"rendered":"<p>2. micro loop \/ ring-haar-verl\u00e4ngerungen menschenhaar: die meisten nicht nachweisbar haarverl\u00e4ngerungen auf dem markt verf\u00fcgbar, die verwendung von mikrok\u00fcgelchen f\u00fcr eine langfristige bindung. keine hitze erforderlich ist, einfach anzuwenden, leicht zu entfernen. f\u00fchlen sie sich weich, verdeckte und nat\u00fcrlich nach der verwendung.<br \/>\n3. mikroring-haar-verl\u00e4ngerungen menschen hairbalayage farbe # 1b natural black root dark brown gemischt dunkel ash blonde.the haar kann gef\u00e4rbt werden, denn nur dunkler color.all bilder von ourselves.please zum produktbild zum kauf farbe beziehen sich genommen werden. wir k\u00f6nnen ihnen auch professionelle farbabstimmung bieten oder service anpassen.<br \/>\n4. haar detailthe perlen sind silikon materials.firm und das haar nicht besch\u00e4digt werden. verf\u00fcgbar 14-24inch l\u00e4nge, 1 g \/ strang, 50g pro satz, 2-3 s\u00e4tze f\u00fcr die normalen vollen kopf attachment.use von mikroring-perlen (au\u00dfendurchmesser: ca. 0,5 cm \/ 0.2inch; innendurchmesser:.. ca. 0,3 cm \/ 0,12 zoll; h\u00f6he:. ca. 0,3 cm \/ 0.12inch).<br \/>\n5.salon qualit\u00e4t und preis der fabrik: 100% remy menschenhaar materialien, no gemischt tier- oder synthetisches haar. keine verwicklung, kein versch\u00fctten, f\u00fchlt sich seidig und weich. kann gerade gerichtet werden, gekr\u00e4uselt worden, gewaschen und neu gestaltet, wie sie like.but wenn sie ihre haare kr\u00e4useln, sollte die heiztemperatur nicht \u00fcberschreiten 180, die ihre haare aussehen nat\u00fcrlicher machen.<br \/>\n<div class=\"main-cross-sell\" data-asin=\"B07V5KJLVP\">\n\n\t<div class=\"WooZone-cross-sell-loader\">\n\t\t<div>\n\t\t\t<div id=\"floatingBarsG\">\n\t\t\t\t<div class=\"blockG\" id=\"rotateG_01\"><\/div>\n\t\t\t\t<div class=\"blockG\" id=\"rotateG_02\"><\/div>\n\t\t\t\t<div class=\"blockG\" id=\"rotateG_03\"><\/div>\n\t\t\t\t<div class=\"blockG\" id=\"rotateG_04\"><\/div>\n\t\t\t\t<div class=\"blockG\" id=\"rotateG_05\"><\/div>\n\t\t\t\t<div class=\"blockG\" id=\"rotateG_06\"><\/div>\n\t\t\t\t<div class=\"blockG\" id=\"rotateG_07\"><\/div>\n\t\t\t\t<div class=\"blockG\" id=\"rotateG_08\"><\/div>\n\t\t\t<\/div>\n\t\t\t<div class=\"WooZone-cross-sell-loader-text\"><\/div>\n\t\t<\/div>\n\t<\/div>\n\n\t\t\n<\/div>\n<div style=\"clear:both;\"><\/div><\/p>\n","protected":false},"excerpt":{"rendered":"<p>2. micro loop \/ ring-haar-verl\u00e4ngerungen menschenhaar: die meisten nicht nachweisbar haarverl\u00e4ngerungen auf dem markt verf\u00fcgbar, die verwendung von mikrok\u00fcgelchen f\u00fcr eine langfristige bindung. keine hitze erforderlich ist, einfach anzuwenden, leicht zu entfernen. f\u00fchlen sie sich weich, verdeckte und nat\u00fcrlich nach der verwendung.<br \/>\n3. mikroring-haar-verl\u00e4ngerungen menschen hairbalayage farbe # 1b natural black root dark brown gemischt dunkel ash blonde.the haar kann gef\u00e4rbt werden, denn nur dunkler color.all bilder von ourselves.please zum produktbild zum kauf farbe beziehen sich genommen werden. wir k\u00f6nnen ihnen auch professionelle farbabstimmung bieten oder service anpassen.<br \/>\n4. haar detailthe perlen sind silikon materials.firm und das haar nicht besch\u00e4digt werden. verf\u00fcgbar 14-24inch l\u00e4nge, 1 g \/ strang, 50g pro satz, 2-3 s\u00e4tze f\u00fcr die normalen vollen kopf attachment.use von mikroring-perlen (au\u00dfendurchmesser: ca. 0,5 cm \/ 0.2inch; innendurchmesser:.. ca. 0,3 cm \/ 0,12 zoll; h\u00f6he:. ca. 0,3 cm \/ 0.12inch).<\/p>\n","protected":false},"featured_media":102854,"comment_status":"open","ping_status":"closed","template":"","meta":[],"product_brand":[],"product_cat":[2108,15623],"product_tag":[],"class_list":{"0":"post-102853","1":"product","2":"type-product","3":"status-publish","4":"has-post-thumbnail","6":"product_cat-beleuchtung","7":"product_cat-lichtschlaeuche","8":"pa_binding-haushaltswaren","9":"pa_brand-alitove","10":"pa_manufacturer-alitove","11":"pa_model-alt12v5a10a30a","13":"first","14":"instock","15":"shipping-taxable","16":"purchasable","17":"product-type-simple","18":"customify-col","19":"product-has-gallery"},"yoast_head":"<!-- This site is optimized with the Yoast SEO plugin v27.4 - https:\/\/yoast.com\/product\/yoast-seo-wordpress\/ -->\n<title>ALITOVE DC 12V 5A Netzteil-Adapter-Konverter-Ladeger\u00e4t AC 100 240 V-Eingang Mit 5.5x2.1mm DC-Ausgang Jack 12v 5a 60w 12v\u2026 - Markt-XXL<\/title>\n<meta name=\"description\" content=\"Markt-XXL ALITOVE DC 12V 5A Netzteil-Adapter-Konverter-Ladeger\u00e4t AC 100 240 V-Eingang Mit 5.5x2.1mm DC-Ausgang Jack 12v 5a 60w 12v\u2026\" \/>\n<meta name=\"robots\" content=\"index, follow, max-snippet:-1, max-image-preview:large, max-video-preview:-1\" \/>\n<link rel=\"canonical\" href=\"https:\/\/marktxxl.de\/markt\/produkt\/alitove-ac-110v-220v-auf-dc-12v-universal-geregeltes-schaltnetzteil-transformator-adapter-led-treiber-fuer-led-streifen-cctv-kamerasystem-radio\/\" \/>\n<meta property=\"og:locale\" content=\"de_DE\" \/>\n<meta property=\"og:type\" content=\"article\" \/>\n<meta property=\"og:title\" content=\"ALITOVE DC 12V 5A Netzteil-Adapter-Konverter-Ladeger\u00e4t AC 100 240 V-Eingang Mit 5.5x2.1mm DC-Ausgang Jack 12v 5a 60w 12v\u2026 - Markt-XXL\" \/>\n<meta property=\"og:description\" content=\"Markt-XXL ALITOVE DC 12V 5A Netzteil-Adapter-Konverter-Ladeger\u00e4t AC 100 240 V-Eingang Mit 5.5x2.1mm DC-Ausgang Jack 12v 5a 60w 12v\u2026\" \/>\n<meta property=\"og:url\" content=\"https:\/\/marktxxl.de\/markt\/produkt\/alitove-ac-110v-220v-auf-dc-12v-universal-geregeltes-schaltnetzteil-transformator-adapter-led-treiber-fuer-led-streifen-cctv-kamerasystem-radio\/\" \/>\n<meta property=\"og:site_name\" content=\"Markt-XXL\" \/>\n<meta property=\"article:modified_time\" content=\"2023-04-11T01:27:09+00:00\" \/>\n<meta property=\"og:image\" content=\"https:\/\/m.media-amazon.com\/images\/I\/51wG5Ob38CL._SL500_.jpg\" \/>\n\t<meta property=\"og:image:width\" content=\"500\" \/>\n\t<meta property=\"og:image:height\" content=\"500\" \/>\n\t<meta property=\"og:image:type\" content=\"image\/jpeg\" \/>\n<meta name=\"twitter:card\" content=\"summary_large_image\" \/>\n<meta name=\"twitter:label1\" content=\"Gesch\u00e4tzte Lesezeit\" \/>\n\t<meta name=\"twitter:data1\" content=\"1\u00a0Minute\" \/>\n<script type=\"application\/ld+json\" class=\"yoast-schema-graph\">{\"@context\":\"https:\\\/\\\/schema.org\",\"@graph\":[{\"@type\":\"WebPage\",\"@id\":\"https:\\\/\\\/marktxxl.de\\\/markt\\\/produkt\\\/alitove-ac-110v-220v-auf-dc-12v-universal-geregeltes-schaltnetzteil-transformator-adapter-led-treiber-fuer-led-streifen-cctv-kamerasystem-radio\\\/\",\"url\":\"https:\\\/\\\/marktxxl.de\\\/markt\\\/produkt\\\/alitove-ac-110v-220v-auf-dc-12v-universal-geregeltes-schaltnetzteil-transformator-adapter-led-treiber-fuer-led-streifen-cctv-kamerasystem-radio\\\/\",\"name\":\"ALITOVE DC 12V 5A Netzteil-Adapter-Konverter-Ladeger\u00e4t AC 100 240 V-Eingang Mit 5.5x2.1mm DC-Ausgang Jack 12v 5a 60w 12v\u2026 - Markt-XXL\",\"isPartOf\":{\"@id\":\"https:\\\/\\\/marktxxl.de\\\/markt\\\/#website\"},\"primaryImageOfPage\":{\"@id\":\"https:\\\/\\\/marktxxl.de\\\/markt\\\/produkt\\\/alitove-ac-110v-220v-auf-dc-12v-universal-geregeltes-schaltnetzteil-transformator-adapter-led-treiber-fuer-led-streifen-cctv-kamerasystem-radio\\\/#primaryimage\"},\"image\":{\"@id\":\"https:\\\/\\\/marktxxl.de\\\/markt\\\/produkt\\\/alitove-ac-110v-220v-auf-dc-12v-universal-geregeltes-schaltnetzteil-transformator-adapter-led-treiber-fuer-led-streifen-cctv-kamerasystem-radio\\\/#primaryimage\"},\"thumbnailUrl\":\"https:\\\/\\\/m.media-amazon.com\\\/images\\\/I\\\/51wG5Ob38CL._SL500_.jpg\",\"datePublished\":\"2022-01-27T18:24:43+00:00\",\"dateModified\":\"2023-04-11T01:27:09+00:00\",\"description\":\"Markt-XXL ALITOVE DC 12V 5A Netzteil-Adapter-Konverter-Ladeger\u00e4t AC 100 240 V-Eingang Mit 5.5x2.1mm DC-Ausgang Jack 12v 5a 60w 12v\u2026\",\"breadcrumb\":{\"@id\":\"https:\\\/\\\/marktxxl.de\\\/markt\\\/produkt\\\/alitove-ac-110v-220v-auf-dc-12v-universal-geregeltes-schaltnetzteil-transformator-adapter-led-treiber-fuer-led-streifen-cctv-kamerasystem-radio\\\/#breadcrumb\"},\"inLanguage\":\"de\",\"potentialAction\":[{\"@type\":\"ReadAction\",\"target\":[\"https:\\\/\\\/marktxxl.de\\\/markt\\\/produkt\\\/alitove-ac-110v-220v-auf-dc-12v-universal-geregeltes-schaltnetzteil-transformator-adapter-led-treiber-fuer-led-streifen-cctv-kamerasystem-radio\\\/\"]}]},{\"@type\":\"ImageObject\",\"inLanguage\":\"de\",\"@id\":\"https:\\\/\\\/marktxxl.de\\\/markt\\\/produkt\\\/alitove-ac-110v-220v-auf-dc-12v-universal-geregeltes-schaltnetzteil-transformator-adapter-led-treiber-fuer-led-streifen-cctv-kamerasystem-radio\\\/#primaryimage\",\"url\":\"https:\\\/\\\/m.media-amazon.com\\\/images\\\/I\\\/51wG5Ob38CL._SL500_.jpg\",\"contentUrl\":\"https:\\\/\\\/m.media-amazon.com\\\/images\\\/I\\\/51wG5Ob38CL._SL500_.jpg\",\"width\":500,\"height\":500},{\"@type\":\"BreadcrumbList\",\"@id\":\"https:\\\/\\\/marktxxl.de\\\/markt\\\/produkt\\\/alitove-ac-110v-220v-auf-dc-12v-universal-geregeltes-schaltnetzteil-transformator-adapter-led-treiber-fuer-led-streifen-cctv-kamerasystem-radio\\\/#breadcrumb\",\"itemListElement\":[{\"@type\":\"ListItem\",\"position\":1,\"name\":\"Startseite\",\"item\":\"https:\\\/\\\/marktxxl.de\\\/markt\\\/\"},{\"@type\":\"ListItem\",\"position\":2,\"name\":\"Markt\",\"item\":\"https:\\\/\\\/marktxxl.de\\\/markt\\\/\"},{\"@type\":\"ListItem\",\"position\":3,\"name\":\"ALITOVE DC 12V 5A Netzteil-Adapter-Konverter-Ladeger\u00e4t AC 100 240 V-Eingang Mit 5.5&#215;2.1mm DC-Ausgang Jack 12v 5a 60w 12v\u2026\"}]},{\"@type\":\"WebSite\",\"@id\":\"https:\\\/\\\/marktxxl.de\\\/markt\\\/#website\",\"url\":\"https:\\\/\\\/marktxxl.de\\\/markt\\\/\",\"name\":\"Markt-XXL\",\"description\":\"Ihr Markt Online\",\"publisher\":{\"@id\":\"https:\\\/\\\/marktxxl.de\\\/markt\\\/#organization\"},\"potentialAction\":[{\"@type\":\"SearchAction\",\"target\":{\"@type\":\"EntryPoint\",\"urlTemplate\":\"https:\\\/\\\/marktxxl.de\\\/markt\\\/?s={search_term_string}\"},\"query-input\":{\"@type\":\"PropertyValueSpecification\",\"valueRequired\":true,\"valueName\":\"search_term_string\"}}],\"inLanguage\":\"de\"},{\"@type\":\"Organization\",\"@id\":\"https:\\\/\\\/marktxxl.de\\\/markt\\\/#organization\",\"name\":\"Markt-XXL\",\"url\":\"https:\\\/\\\/marktxxl.de\\\/markt\\\/\",\"logo\":{\"@type\":\"ImageObject\",\"inLanguage\":\"de\",\"@id\":\"https:\\\/\\\/marktxxl.de\\\/markt\\\/#\\\/schema\\\/logo\\\/image\\\/\",\"url\":\"https:\\\/\\\/marktxxl.de\\\/markt\\\/wp-content\\\/uploads\\\/sites\\\/3\\\/2020\\\/12\\\/logo.png\",\"contentUrl\":\"https:\\\/\\\/marktxxl.de\\\/markt\\\/wp-content\\\/uploads\\\/sites\\\/3\\\/2020\\\/12\\\/logo.png\",\"width\":200,\"height\":70,\"caption\":\"Markt-XXL\"},\"image\":{\"@id\":\"https:\\\/\\\/marktxxl.de\\\/markt\\\/#\\\/schema\\\/logo\\\/image\\\/\"}}]}<\/script>\n<!-- \/ Yoast SEO plugin. -->","yoast_head_json":{"title":"ALITOVE DC 12V 5A Netzteil-Adapter-Konverter-Ladeger\u00e4t AC 100 240 V-Eingang Mit 5.5x2.1mm DC-Ausgang Jack 12v 5a 60w 12v\u2026 - Markt-XXL","description":"Markt-XXL ALITOVE DC 12V 5A Netzteil-Adapter-Konverter-Ladeger\u00e4t AC 100 240 V-Eingang Mit 5.5x2.1mm DC-Ausgang Jack 12v 5a 60w 12v\u2026","robots":{"index":"index","follow":"follow","max-snippet":"max-snippet:-1","max-image-preview":"max-image-preview:large","max-video-preview":"max-video-preview:-1"},"canonical":"https:\/\/marktxxl.de\/markt\/produkt\/alitove-ac-110v-220v-auf-dc-12v-universal-geregeltes-schaltnetzteil-transformator-adapter-led-treiber-fuer-led-streifen-cctv-kamerasystem-radio\/","og_locale":"de_DE","og_type":"article","og_title":"ALITOVE DC 12V 5A Netzteil-Adapter-Konverter-Ladeger\u00e4t AC 100 240 V-Eingang Mit 5.5x2.1mm DC-Ausgang Jack 12v 5a 60w 12v\u2026 - Markt-XXL","og_description":"Markt-XXL ALITOVE DC 12V 5A Netzteil-Adapter-Konverter-Ladeger\u00e4t AC 100 240 V-Eingang Mit 5.5x2.1mm DC-Ausgang Jack 12v 5a 60w 12v\u2026","og_url":"https:\/\/marktxxl.de\/markt\/produkt\/alitove-ac-110v-220v-auf-dc-12v-universal-geregeltes-schaltnetzteil-transformator-adapter-led-treiber-fuer-led-streifen-cctv-kamerasystem-radio\/","og_site_name":"Markt-XXL","article_modified_time":"2023-04-11T01:27:09+00:00","og_image":[{"width":500,"height":500,"url":"https:\/\/m.media-amazon.com\/images\/I\/51wG5Ob38CL._SL500_.jpg","type":"image\/jpeg"}],"twitter_card":"summary_large_image","twitter_misc":{"Gesch\u00e4tzte Lesezeit":"1\u00a0Minute"},"schema":{"@context":"https:\/\/schema.org","@graph":[{"@type":"WebPage","@id":"https:\/\/marktxxl.de\/markt\/produkt\/alitove-ac-110v-220v-auf-dc-12v-universal-geregeltes-schaltnetzteil-transformator-adapter-led-treiber-fuer-led-streifen-cctv-kamerasystem-radio\/","url":"https:\/\/marktxxl.de\/markt\/produkt\/alitove-ac-110v-220v-auf-dc-12v-universal-geregeltes-schaltnetzteil-transformator-adapter-led-treiber-fuer-led-streifen-cctv-kamerasystem-radio\/","name":"ALITOVE DC 12V 5A Netzteil-Adapter-Konverter-Ladeger\u00e4t AC 100 240 V-Eingang Mit 5.5x2.1mm DC-Ausgang Jack 12v 5a 60w 12v\u2026 - Markt-XXL","isPartOf":{"@id":"https:\/\/marktxxl.de\/markt\/#website"},"primaryImageOfPage":{"@id":"https:\/\/marktxxl.de\/markt\/produkt\/alitove-ac-110v-220v-auf-dc-12v-universal-geregeltes-schaltnetzteil-transformator-adapter-led-treiber-fuer-led-streifen-cctv-kamerasystem-radio\/#primaryimage"},"image":{"@id":"https:\/\/marktxxl.de\/markt\/produkt\/alitove-ac-110v-220v-auf-dc-12v-universal-geregeltes-schaltnetzteil-transformator-adapter-led-treiber-fuer-led-streifen-cctv-kamerasystem-radio\/#primaryimage"},"thumbnailUrl":"https:\/\/m.media-amazon.com\/images\/I\/51wG5Ob38CL._SL500_.jpg","datePublished":"2022-01-27T18:24:43+00:00","dateModified":"2023-04-11T01:27:09+00:00","description":"Markt-XXL ALITOVE DC 12V 5A Netzteil-Adapter-Konverter-Ladeger\u00e4t AC 100 240 V-Eingang Mit 5.5x2.1mm DC-Ausgang Jack 12v 5a 60w 12v\u2026","breadcrumb":{"@id":"https:\/\/marktxxl.de\/markt\/produkt\/alitove-ac-110v-220v-auf-dc-12v-universal-geregeltes-schaltnetzteil-transformator-adapter-led-treiber-fuer-led-streifen-cctv-kamerasystem-radio\/#breadcrumb"},"inLanguage":"de","potentialAction":[{"@type":"ReadAction","target":["https:\/\/marktxxl.de\/markt\/produkt\/alitove-ac-110v-220v-auf-dc-12v-universal-geregeltes-schaltnetzteil-transformator-adapter-led-treiber-fuer-led-streifen-cctv-kamerasystem-radio\/"]}]},{"@type":"ImageObject","inLanguage":"de","@id":"https:\/\/marktxxl.de\/markt\/produkt\/alitove-ac-110v-220v-auf-dc-12v-universal-geregeltes-schaltnetzteil-transformator-adapter-led-treiber-fuer-led-streifen-cctv-kamerasystem-radio\/#primaryimage","url":"https:\/\/m.media-amazon.com\/images\/I\/51wG5Ob38CL._SL500_.jpg","contentUrl":"https:\/\/m.media-amazon.com\/images\/I\/51wG5Ob38CL._SL500_.jpg","width":500,"height":500},{"@type":"BreadcrumbList","@id":"https:\/\/marktxxl.de\/markt\/produkt\/alitove-ac-110v-220v-auf-dc-12v-universal-geregeltes-schaltnetzteil-transformator-adapter-led-treiber-fuer-led-streifen-cctv-kamerasystem-radio\/#breadcrumb","itemListElement":[{"@type":"ListItem","position":1,"name":"Startseite","item":"https:\/\/marktxxl.de\/markt\/"},{"@type":"ListItem","position":2,"name":"Markt","item":"https:\/\/marktxxl.de\/markt\/"},{"@type":"ListItem","position":3,"name":"ALITOVE DC 12V 5A Netzteil-Adapter-Konverter-Ladeger\u00e4t AC 100 240 V-Eingang Mit 5.5&#215;2.1mm DC-Ausgang Jack 12v 5a 60w 12v\u2026"}]},{"@type":"WebSite","@id":"https:\/\/marktxxl.de\/markt\/#website","url":"https:\/\/marktxxl.de\/markt\/","name":"Markt-XXL","description":"Ihr Markt Online","publisher":{"@id":"https:\/\/marktxxl.de\/markt\/#organization"},"potentialAction":[{"@type":"SearchAction","target":{"@type":"EntryPoint","urlTemplate":"https:\/\/marktxxl.de\/markt\/?s={search_term_string}"},"query-input":{"@type":"PropertyValueSpecification","valueRequired":true,"valueName":"search_term_string"}}],"inLanguage":"de"},{"@type":"Organization","@id":"https:\/\/marktxxl.de\/markt\/#organization","name":"Markt-XXL","url":"https:\/\/marktxxl.de\/markt\/","logo":{"@type":"ImageObject","inLanguage":"de","@id":"https:\/\/marktxxl.de\/markt\/#\/schema\/logo\/image\/","url":"https:\/\/marktxxl.de\/markt\/wp-content\/uploads\/sites\/3\/2020\/12\/logo.png","contentUrl":"https:\/\/marktxxl.de\/markt\/wp-content\/uploads\/sites\/3\/2020\/12\/logo.png","width":200,"height":70,"caption":"Markt-XXL"},"image":{"@id":"https:\/\/marktxxl.de\/markt\/#\/schema\/logo\/image\/"}}]}},"_links":{"self":[{"href":"https:\/\/marktxxl.de\/markt\/wp-json\/wp\/v2\/product\/102853","targetHints":{"allow":["GET"]}}],"collection":[{"href":"https:\/\/marktxxl.de\/markt\/wp-json\/wp\/v2\/product"}],"about":[{"href":"https:\/\/marktxxl.de\/markt\/wp-json\/wp\/v2\/types\/product"}],"replies":[{"embeddable":true,"href":"https:\/\/marktxxl.de\/markt\/wp-json\/wp\/v2\/comments?post=102853"}],"wp:featuredmedia":[{"embeddable":true,"href":"https:\/\/marktxxl.de\/markt\/wp-json\/wp\/v2\/media\/102854"}],"wp:attachment":[{"href":"https:\/\/marktxxl.de\/markt\/wp-json\/wp\/v2\/media?parent=102853"}],"wp:term":[{"taxonomy":"product_brand","embeddable":true,"href":"https:\/\/marktxxl.de\/markt\/wp-json\/wp\/v2\/product_brand?post=102853"},{"taxonomy":"product_cat","embeddable":true,"href":"https:\/\/marktxxl.de\/markt\/wp-json\/wp\/v2\/product_cat?post=102853"},{"taxonomy":"product_tag","embeddable":true,"href":"https:\/\/marktxxl.de\/markt\/wp-json\/wp\/v2\/product_tag?post=102853"}],"curies":[{"name":"wp","href":"https:\/\/api.w.org\/{rel}","templated":true}]}}