{"id":102771,"date":"2022-01-27T19:21:27","date_gmt":"2022-01-27T18:21:27","guid":{"rendered":"https:\/\/marktxxl.de\/markt\/produkt\/new-era-detroit-tigers-9forty-cap-the-league-hm-18-navy\/"},"modified":"2023-04-11T03:26:42","modified_gmt":"2023-04-11T01:26:42","slug":"new-era-detroit-tigers-9forty-cap-the-league-hm-18-navy","status":"publish","type":"product","link":"https:\/\/marktxxl.de\/markt\/produkt\/new-era-detroit-tigers-9forty-cap-the-league-hm-18-navy\/","title":{"rendered":"New Era &#8211; Detroit Tigers &#8211; 9forty Cap &#8211; The League Hm 18 &#8211; Navy"},"content":{"rendered":"<p>Marke: New Era<br \/>\nEinheitsgr\u00f6\u00dfe (ca. 54-60 cm),Klettverschluss, Schirml\u00e4nge: 7 cm,Kopfh\u00f6he: ca. 10 cm<br \/>\nBaseballcap, Cap, Basecap, MLB Cap, Strapback Cap, Baseballcaps<br \/>\nMit Schirm<br \/>\nIn der Gr\u00f6\u00dfe verstellbar und dadurch optimal an die jeweilige Kopfgr\u00f6\u00dfe anzupassen ist die 9Forty Detroit Tigers Cap der Marke New Era, wodurch sie einen perfekten Tragekomfort bietet. Im zeitlos modischen Zuschnitt entpuppt sich die Basecap als tagt\u00e4glicher Begleiter f\u00fcr alle Anh\u00e4nger des MLB-Teams Detroit Tigers &#8211; und f\u00fcr alle begeisterten Kappenfans sowieso.<br \/>\n<div class=\"main-cross-sell\" data-asin=\"B07CSRYQMX\">\n\n\t<div class=\"WooZone-cross-sell-loader\">\n\t\t<div>\n\t\t\t<div id=\"floatingBarsG\">\n\t\t\t\t<div class=\"blockG\" id=\"rotateG_01\"><\/div>\n\t\t\t\t<div class=\"blockG\" id=\"rotateG_02\"><\/div>\n\t\t\t\t<div class=\"blockG\" id=\"rotateG_03\"><\/div>\n\t\t\t\t<div class=\"blockG\" id=\"rotateG_04\"><\/div>\n\t\t\t\t<div class=\"blockG\" id=\"rotateG_05\"><\/div>\n\t\t\t\t<div class=\"blockG\" id=\"rotateG_06\"><\/div>\n\t\t\t\t<div class=\"blockG\" id=\"rotateG_07\"><\/div>\n\t\t\t\t<div class=\"blockG\" id=\"rotateG_08\"><\/div>\n\t\t\t<\/div>\n\t\t\t<div class=\"WooZone-cross-sell-loader-text\"><\/div>\n\t\t<\/div>\n\t<\/div>\n\n\t\t\n<\/div>\n<div style=\"clear:both;\"><\/div><\/p>\n","protected":false},"excerpt":{"rendered":"<p>Marke: New Era<br \/>\nEinheitsgr\u00f6\u00dfe (ca. 54-60 cm),Klettverschluss, Schirml\u00e4nge: 7 cm,Kopfh\u00f6he: ca. 10 cm<br \/>\nBaseballcap, Cap, Basecap, MLB Cap, Strapback Cap, Baseballcaps<\/p>\n","protected":false},"featured_media":102772,"comment_status":"open","ping_status":"closed","template":"","meta":[],"product_brand":[],"product_cat":[1186,3960],"product_tag":[],"class_list":{"0":"post-102771","1":"product","2":"type-product","3":"status-publish","4":"has-post-thumbnail","6":"product_cat-bekleidung","7":"product_cat-herren","8":"pa_binding-textilien","9":"pa_brand-new-era","10":"pa_color-blau","11":"pa_manufacturer-new-era","12":"pa_model-31405","14":"first","15":"instock","16":"shipping-taxable","17":"purchasable","18":"product-type-simple","19":"customify-col","20":"product-has-gallery"},"yoast_head":"<!-- This site is optimized with the Yoast SEO plugin v27.3 - https:\/\/yoast.com\/product\/yoast-seo-wordpress\/ -->\n<title>New Era - Detroit Tigers - 9forty Cap - The League Hm 18 - Navy - Markt-XXL<\/title>\n<meta name=\"description\" content=\"Markt-XXL New Era - Detroit Tigers - 9forty Cap - The League Hm 18 - Navy\" \/>\n<meta name=\"robots\" content=\"index, follow, max-snippet:-1, max-image-preview:large, max-video-preview:-1\" \/>\n<link rel=\"canonical\" href=\"https:\/\/marktxxl.de\/markt\/produkt\/new-era-detroit-tigers-9forty-cap-the-league-hm-18-navy\/\" \/>\n<meta property=\"og:locale\" content=\"de_DE\" \/>\n<meta property=\"og:type\" content=\"article\" \/>\n<meta property=\"og:title\" content=\"New Era - Detroit Tigers - 9forty Cap - The League Hm 18 - Navy - Markt-XXL\" \/>\n<meta property=\"og:description\" content=\"Markt-XXL New Era - Detroit Tigers - 9forty Cap - The League Hm 18 - Navy\" \/>\n<meta property=\"og:url\" content=\"https:\/\/marktxxl.de\/markt\/produkt\/new-era-detroit-tigers-9forty-cap-the-league-hm-18-navy\/\" \/>\n<meta property=\"og:site_name\" content=\"Markt-XXL\" \/>\n<meta property=\"article:modified_time\" content=\"2023-04-11T01:26:42+00:00\" \/>\n<meta property=\"og:image\" content=\"https:\/\/m.media-amazon.com\/images\/I\/41rL9Phmk0L._SL500_.jpg\" \/>\n\t<meta property=\"og:image:width\" content=\"500\" \/>\n\t<meta property=\"og:image:height\" content=\"500\" \/>\n\t<meta property=\"og:image:type\" content=\"image\/jpeg\" \/>\n<meta name=\"twitter:card\" content=\"summary_large_image\" \/>\n<script type=\"application\/ld+json\" class=\"yoast-schema-graph\">{\"@context\":\"https:\\\/\\\/schema.org\",\"@graph\":[{\"@type\":\"WebPage\",\"@id\":\"https:\\\/\\\/marktxxl.de\\\/markt\\\/produkt\\\/new-era-detroit-tigers-9forty-cap-the-league-hm-18-navy\\\/\",\"url\":\"https:\\\/\\\/marktxxl.de\\\/markt\\\/produkt\\\/new-era-detroit-tigers-9forty-cap-the-league-hm-18-navy\\\/\",\"name\":\"New Era - Detroit Tigers - 9forty Cap - The League Hm 18 - Navy - Markt-XXL\",\"isPartOf\":{\"@id\":\"https:\\\/\\\/marktxxl.de\\\/markt\\\/#website\"},\"primaryImageOfPage\":{\"@id\":\"https:\\\/\\\/marktxxl.de\\\/markt\\\/produkt\\\/new-era-detroit-tigers-9forty-cap-the-league-hm-18-navy\\\/#primaryimage\"},\"image\":{\"@id\":\"https:\\\/\\\/marktxxl.de\\\/markt\\\/produkt\\\/new-era-detroit-tigers-9forty-cap-the-league-hm-18-navy\\\/#primaryimage\"},\"thumbnailUrl\":\"https:\\\/\\\/m.media-amazon.com\\\/images\\\/I\\\/41rL9Phmk0L._SL500_.jpg\",\"datePublished\":\"2022-01-27T18:21:27+00:00\",\"dateModified\":\"2023-04-11T01:26:42+00:00\",\"description\":\"Markt-XXL New Era - Detroit Tigers - 9forty Cap - The League Hm 18 - Navy\",\"breadcrumb\":{\"@id\":\"https:\\\/\\\/marktxxl.de\\\/markt\\\/produkt\\\/new-era-detroit-tigers-9forty-cap-the-league-hm-18-navy\\\/#breadcrumb\"},\"inLanguage\":\"de\",\"potentialAction\":[{\"@type\":\"ReadAction\",\"target\":[\"https:\\\/\\\/marktxxl.de\\\/markt\\\/produkt\\\/new-era-detroit-tigers-9forty-cap-the-league-hm-18-navy\\\/\"]}]},{\"@type\":\"ImageObject\",\"inLanguage\":\"de\",\"@id\":\"https:\\\/\\\/marktxxl.de\\\/markt\\\/produkt\\\/new-era-detroit-tigers-9forty-cap-the-league-hm-18-navy\\\/#primaryimage\",\"url\":\"https:\\\/\\\/m.media-amazon.com\\\/images\\\/I\\\/41rL9Phmk0L._SL500_.jpg\",\"contentUrl\":\"https:\\\/\\\/m.media-amazon.com\\\/images\\\/I\\\/41rL9Phmk0L._SL500_.jpg\",\"width\":500,\"height\":500},{\"@type\":\"BreadcrumbList\",\"@id\":\"https:\\\/\\\/marktxxl.de\\\/markt\\\/produkt\\\/new-era-detroit-tigers-9forty-cap-the-league-hm-18-navy\\\/#breadcrumb\",\"itemListElement\":[{\"@type\":\"ListItem\",\"position\":1,\"name\":\"Startseite\",\"item\":\"https:\\\/\\\/marktxxl.de\\\/markt\\\/\"},{\"@type\":\"ListItem\",\"position\":2,\"name\":\"Markt\",\"item\":\"https:\\\/\\\/marktxxl.de\\\/markt\\\/\"},{\"@type\":\"ListItem\",\"position\":3,\"name\":\"New Era &#8211; Detroit Tigers &#8211; 9forty Cap &#8211; The League Hm 18 &#8211; Navy\"}]},{\"@type\":\"WebSite\",\"@id\":\"https:\\\/\\\/marktxxl.de\\\/markt\\\/#website\",\"url\":\"https:\\\/\\\/marktxxl.de\\\/markt\\\/\",\"name\":\"Markt-XXL\",\"description\":\"Ihr Markt Online\",\"publisher\":{\"@id\":\"https:\\\/\\\/marktxxl.de\\\/markt\\\/#organization\"},\"potentialAction\":[{\"@type\":\"SearchAction\",\"target\":{\"@type\":\"EntryPoint\",\"urlTemplate\":\"https:\\\/\\\/marktxxl.de\\\/markt\\\/?s={search_term_string}\"},\"query-input\":{\"@type\":\"PropertyValueSpecification\",\"valueRequired\":true,\"valueName\":\"search_term_string\"}}],\"inLanguage\":\"de\"},{\"@type\":\"Organization\",\"@id\":\"https:\\\/\\\/marktxxl.de\\\/markt\\\/#organization\",\"name\":\"Markt-XXL\",\"url\":\"https:\\\/\\\/marktxxl.de\\\/markt\\\/\",\"logo\":{\"@type\":\"ImageObject\",\"inLanguage\":\"de\",\"@id\":\"https:\\\/\\\/marktxxl.de\\\/markt\\\/#\\\/schema\\\/logo\\\/image\\\/\",\"url\":\"https:\\\/\\\/marktxxl.de\\\/markt\\\/wp-content\\\/uploads\\\/sites\\\/3\\\/2020\\\/12\\\/logo.png\",\"contentUrl\":\"https:\\\/\\\/marktxxl.de\\\/markt\\\/wp-content\\\/uploads\\\/sites\\\/3\\\/2020\\\/12\\\/logo.png\",\"width\":200,\"height\":70,\"caption\":\"Markt-XXL\"},\"image\":{\"@id\":\"https:\\\/\\\/marktxxl.de\\\/markt\\\/#\\\/schema\\\/logo\\\/image\\\/\"}}]}<\/script>\n<!-- \/ Yoast SEO plugin. -->","yoast_head_json":{"title":"New Era - Detroit Tigers - 9forty Cap - The League Hm 18 - Navy - Markt-XXL","description":"Markt-XXL New Era - Detroit Tigers - 9forty Cap - The League Hm 18 - Navy","robots":{"index":"index","follow":"follow","max-snippet":"max-snippet:-1","max-image-preview":"max-image-preview:large","max-video-preview":"max-video-preview:-1"},"canonical":"https:\/\/marktxxl.de\/markt\/produkt\/new-era-detroit-tigers-9forty-cap-the-league-hm-18-navy\/","og_locale":"de_DE","og_type":"article","og_title":"New Era - Detroit Tigers - 9forty Cap - The League Hm 18 - Navy - Markt-XXL","og_description":"Markt-XXL New Era - Detroit Tigers - 9forty Cap - The League Hm 18 - Navy","og_url":"https:\/\/marktxxl.de\/markt\/produkt\/new-era-detroit-tigers-9forty-cap-the-league-hm-18-navy\/","og_site_name":"Markt-XXL","article_modified_time":"2023-04-11T01:26:42+00:00","og_image":[{"width":500,"height":500,"url":"https:\/\/m.media-amazon.com\/images\/I\/41rL9Phmk0L._SL500_.jpg","type":"image\/jpeg"}],"twitter_card":"summary_large_image","schema":{"@context":"https:\/\/schema.org","@graph":[{"@type":"WebPage","@id":"https:\/\/marktxxl.de\/markt\/produkt\/new-era-detroit-tigers-9forty-cap-the-league-hm-18-navy\/","url":"https:\/\/marktxxl.de\/markt\/produkt\/new-era-detroit-tigers-9forty-cap-the-league-hm-18-navy\/","name":"New Era - Detroit Tigers - 9forty Cap - The League Hm 18 - Navy - Markt-XXL","isPartOf":{"@id":"https:\/\/marktxxl.de\/markt\/#website"},"primaryImageOfPage":{"@id":"https:\/\/marktxxl.de\/markt\/produkt\/new-era-detroit-tigers-9forty-cap-the-league-hm-18-navy\/#primaryimage"},"image":{"@id":"https:\/\/marktxxl.de\/markt\/produkt\/new-era-detroit-tigers-9forty-cap-the-league-hm-18-navy\/#primaryimage"},"thumbnailUrl":"https:\/\/m.media-amazon.com\/images\/I\/41rL9Phmk0L._SL500_.jpg","datePublished":"2022-01-27T18:21:27+00:00","dateModified":"2023-04-11T01:26:42+00:00","description":"Markt-XXL New Era - Detroit Tigers - 9forty Cap - The League Hm 18 - Navy","breadcrumb":{"@id":"https:\/\/marktxxl.de\/markt\/produkt\/new-era-detroit-tigers-9forty-cap-the-league-hm-18-navy\/#breadcrumb"},"inLanguage":"de","potentialAction":[{"@type":"ReadAction","target":["https:\/\/marktxxl.de\/markt\/produkt\/new-era-detroit-tigers-9forty-cap-the-league-hm-18-navy\/"]}]},{"@type":"ImageObject","inLanguage":"de","@id":"https:\/\/marktxxl.de\/markt\/produkt\/new-era-detroit-tigers-9forty-cap-the-league-hm-18-navy\/#primaryimage","url":"https:\/\/m.media-amazon.com\/images\/I\/41rL9Phmk0L._SL500_.jpg","contentUrl":"https:\/\/m.media-amazon.com\/images\/I\/41rL9Phmk0L._SL500_.jpg","width":500,"height":500},{"@type":"BreadcrumbList","@id":"https:\/\/marktxxl.de\/markt\/produkt\/new-era-detroit-tigers-9forty-cap-the-league-hm-18-navy\/#breadcrumb","itemListElement":[{"@type":"ListItem","position":1,"name":"Startseite","item":"https:\/\/marktxxl.de\/markt\/"},{"@type":"ListItem","position":2,"name":"Markt","item":"https:\/\/marktxxl.de\/markt\/"},{"@type":"ListItem","position":3,"name":"New Era &#8211; Detroit Tigers &#8211; 9forty Cap &#8211; The League Hm 18 &#8211; Navy"}]},{"@type":"WebSite","@id":"https:\/\/marktxxl.de\/markt\/#website","url":"https:\/\/marktxxl.de\/markt\/","name":"Markt-XXL","description":"Ihr Markt Online","publisher":{"@id":"https:\/\/marktxxl.de\/markt\/#organization"},"potentialAction":[{"@type":"SearchAction","target":{"@type":"EntryPoint","urlTemplate":"https:\/\/marktxxl.de\/markt\/?s={search_term_string}"},"query-input":{"@type":"PropertyValueSpecification","valueRequired":true,"valueName":"search_term_string"}}],"inLanguage":"de"},{"@type":"Organization","@id":"https:\/\/marktxxl.de\/markt\/#organization","name":"Markt-XXL","url":"https:\/\/marktxxl.de\/markt\/","logo":{"@type":"ImageObject","inLanguage":"de","@id":"https:\/\/marktxxl.de\/markt\/#\/schema\/logo\/image\/","url":"https:\/\/marktxxl.de\/markt\/wp-content\/uploads\/sites\/3\/2020\/12\/logo.png","contentUrl":"https:\/\/marktxxl.de\/markt\/wp-content\/uploads\/sites\/3\/2020\/12\/logo.png","width":200,"height":70,"caption":"Markt-XXL"},"image":{"@id":"https:\/\/marktxxl.de\/markt\/#\/schema\/logo\/image\/"}}]}},"_links":{"self":[{"href":"https:\/\/marktxxl.de\/markt\/wp-json\/wp\/v2\/product\/102771","targetHints":{"allow":["GET"]}}],"collection":[{"href":"https:\/\/marktxxl.de\/markt\/wp-json\/wp\/v2\/product"}],"about":[{"href":"https:\/\/marktxxl.de\/markt\/wp-json\/wp\/v2\/types\/product"}],"replies":[{"embeddable":true,"href":"https:\/\/marktxxl.de\/markt\/wp-json\/wp\/v2\/comments?post=102771"}],"wp:featuredmedia":[{"embeddable":true,"href":"https:\/\/marktxxl.de\/markt\/wp-json\/wp\/v2\/media\/102772"}],"wp:attachment":[{"href":"https:\/\/marktxxl.de\/markt\/wp-json\/wp\/v2\/media?parent=102771"}],"wp:term":[{"taxonomy":"product_brand","embeddable":true,"href":"https:\/\/marktxxl.de\/markt\/wp-json\/wp\/v2\/product_brand?post=102771"},{"taxonomy":"product_cat","embeddable":true,"href":"https:\/\/marktxxl.de\/markt\/wp-json\/wp\/v2\/product_cat?post=102771"},{"taxonomy":"product_tag","embeddable":true,"href":"https:\/\/marktxxl.de\/markt\/wp-json\/wp\/v2\/product_tag?post=102771"}],"curies":[{"name":"wp","href":"https:\/\/api.w.org\/{rel}","templated":true}]}}