{"id":102698,"date":"2022-01-27T19:15:30","date_gmt":"2022-01-27T18:15:30","guid":{"rendered":"https:\/\/marktxxl.de\/markt\/produkt\/peppa-pig-rainbows-and-suzy-girls-dress-twin-pack-official-merchandise-kleinkind-groessen-vorhanden-geschenkidee-fuer-maedchen\/"},"modified":"2023-04-11T03:26:41","modified_gmt":"2023-04-11T01:26:41","slug":"peppa-pig-rainbows-and-suzy-girls-dress-twin-pack-official-merchandise-kleinkind-groessen-vorhanden-geschenkidee-fuer-maedchen","status":"publish","type":"product","link":"https:\/\/marktxxl.de\/markt\/produkt\/peppa-pig-rainbows-and-suzy-girls-dress-twin-pack-official-merchandise-kleinkind-groessen-vorhanden-geschenkidee-fuer-maedchen\/","title":{"rendered":"Popgear M\u00e4dchen Peppa Pig Rainbows und Suzy Kleid Mehrfarbig Dress Twin Pack"},"content":{"rendered":"<p>Offiziell lizenziertes Produkt &#8211; 100% offizielles Peppa-Schweinerwaren. Entworfen und Marken von Popgear, v\u00f6llig originell und einzigartig. Lizenziert von Entertainment One<br \/>\nSCHNAUBEN! &#8211; Peppa Pig hat eine britische Institution worden: \u00fcber TV-Serien, Kinofilme, Spiele, B\u00fccher und ein eigener Themenpark selbst, die Geschichten von Peppa, George, ihre Familie und Freunde haben unterhalten Fans jung und alt seit seinem Deb\u00fct im Jahr 2004.<br \/>\nPerfekte Geschenkidee &#8211; dies ist ein gro\u00dfartiges Geschenk f\u00fcr jedes M\u00e4dchen, das das Peppa-Schwein liebt, das \u00fcber das Haus l\u00e4sst, um das Haus zu lohnen, das ihre Lieblings-Cartoons anschauen oder mit Freunden spielen. Ob es f\u00fcr eine Tochter, Nichte, Enkelin, Stieftochter, Schwester oder nur ein Freund, der Peppa Pig liebt, ist das wirklich ein erstaunliches Geburtstags- oder Weihnachtsgeschenk.<br \/>\nSuper weiche Baumwollmischung &#8211; Diese Kleider besteht aus einer super weichen Baumwoll- und Elasthan-Mischung, die in mehreren Farben mit einem ganzt\u00e4tigen Druck und in Gr\u00f6\u00dfen von 2-3yr bis 5-6 Jahren erh\u00e4ltlich ist.<br \/>\n\u00dcber Popgear &#8211; Was wir das sind, ist ein anderer, ein Produkt aus Leidenschaft. Eine wahre Leidenschaft f\u00fcr Popkultur, ob das ist die Aufregung f\u00fcr die Er\u00f6ffnungsnacht Ihres Lieblingsfilms oder der Erinnerungen, die Sie bei Ihrem ersten Musikfestival erstellen. Unsere Mission ist es, Produkte herzustellen, die jedem erm\u00f6glichen, und jeder f\u00fchlen sich wie ein Champion ihrer eigenen Identit\u00e4t, und erm\u00e4chtige Fans aller Altersgruppen, um die Welt zu zeigen, was ihr Fandom f\u00fcr sie bedeutet.<br \/>\n<div class=\"main-cross-sell\" data-asin=\"B09HQH5Z4G\">\n\n\t<div class=\"WooZone-cross-sell-loader\">\n\t\t<div>\n\t\t\t<div id=\"floatingBarsG\">\n\t\t\t\t<div class=\"blockG\" id=\"rotateG_01\"><\/div>\n\t\t\t\t<div class=\"blockG\" id=\"rotateG_02\"><\/div>\n\t\t\t\t<div class=\"blockG\" id=\"rotateG_03\"><\/div>\n\t\t\t\t<div class=\"blockG\" id=\"rotateG_04\"><\/div>\n\t\t\t\t<div class=\"blockG\" id=\"rotateG_05\"><\/div>\n\t\t\t\t<div class=\"blockG\" id=\"rotateG_06\"><\/div>\n\t\t\t\t<div class=\"blockG\" id=\"rotateG_07\"><\/div>\n\t\t\t\t<div class=\"blockG\" id=\"rotateG_08\"><\/div>\n\t\t\t<\/div>\n\t\t\t<div class=\"WooZone-cross-sell-loader-text\"><\/div>\n\t\t<\/div>\n\t<\/div>\n\n\t\t\n<\/div>\n<div style=\"clear:both;\"><\/div><\/p>\n","protected":false},"excerpt":{"rendered":"<p>Offiziell lizenziertes Produkt &#8211; 100% offizielles Peppa-Schweinerwaren. Entworfen und Marken von Popgear, v\u00f6llig originell und einzigartig. Lizenziert von Entertainment One<br \/>\nSCHNAUBEN! &#8211; Peppa Pig hat eine britische Institution worden: \u00fcber TV-Serien, Kinofilme, Spiele, B\u00fccher und ein eigener Themenpark selbst, die Geschichten von Peppa, George, ihre Familie und Freunde haben unterhalten Fans jung und alt seit seinem Deb\u00fct im Jahr 2004.<br \/>\nPerfekte Geschenkidee &#8211; dies ist ein gro\u00dfartiges Geschenk f\u00fcr jedes M\u00e4dchen, das das Peppa-Schwein liebt, das \u00fcber das Haus l\u00e4sst, um das Haus zu lohnen, das ihre Lieblings-Cartoons anschauen oder mit Freunden spielen. Ob es f\u00fcr eine Tochter, Nichte, Enkelin, Stieftochter, Schwester oder nur ein Freund, der Peppa Pig liebt, ist das wirklich ein erstaunliches Geburtstags- oder Weihnachtsgeschenk.<\/p>\n","protected":false},"featured_media":102699,"comment_status":"open","ping_status":"closed","template":"","meta":[],"product_brand":[],"product_cat":[1186,3990],"product_tag":[],"class_list":{"0":"post-102698","1":"product","2":"type-product","3":"status-publish","4":"has-post-thumbnail","6":"product_cat-bekleidung","7":"product_cat-maedchen","8":"pa_binding-unbekannter-einband","9":"pa_brand-popgear","10":"pa_manufacturer-popgear","11":"pa_model-pep90027gdp22","13":"first","14":"instock","15":"shipping-taxable","16":"purchasable","17":"product-type-simple","18":"customify-col","19":"product-has-gallery"},"yoast_head":"<!-- This site is optimized with the Yoast SEO plugin v27.4 - https:\/\/yoast.com\/product\/yoast-seo-wordpress\/ -->\n<title>Popgear M\u00e4dchen Peppa Pig Rainbows und Suzy Kleid Mehrfarbig Dress Twin Pack - Markt-XXL<\/title>\n<meta name=\"description\" content=\"Markt-XXL Popgear M\u00e4dchen Peppa Pig Rainbows und Suzy Kleid Mehrfarbig Dress Twin Pack\" \/>\n<meta name=\"robots\" content=\"index, follow, max-snippet:-1, max-image-preview:large, max-video-preview:-1\" \/>\n<link rel=\"canonical\" href=\"https:\/\/marktxxl.de\/markt\/produkt\/peppa-pig-rainbows-and-suzy-girls-dress-twin-pack-official-merchandise-kleinkind-groessen-vorhanden-geschenkidee-fuer-maedchen\/\" \/>\n<meta property=\"og:locale\" content=\"de_DE\" \/>\n<meta property=\"og:type\" content=\"article\" \/>\n<meta property=\"og:title\" content=\"Popgear M\u00e4dchen Peppa Pig Rainbows und Suzy Kleid Mehrfarbig Dress Twin Pack - Markt-XXL\" \/>\n<meta property=\"og:description\" content=\"Markt-XXL Popgear M\u00e4dchen Peppa Pig Rainbows und Suzy Kleid Mehrfarbig Dress Twin Pack\" \/>\n<meta property=\"og:url\" content=\"https:\/\/marktxxl.de\/markt\/produkt\/peppa-pig-rainbows-and-suzy-girls-dress-twin-pack-official-merchandise-kleinkind-groessen-vorhanden-geschenkidee-fuer-maedchen\/\" \/>\n<meta property=\"og:site_name\" content=\"Markt-XXL\" \/>\n<meta property=\"article:modified_time\" content=\"2023-04-11T01:26:41+00:00\" \/>\n<meta property=\"og:image\" content=\"https:\/\/m.media-amazon.com\/images\/I\/519Vnha8W6S._SL500_.jpg\" \/>\n\t<meta property=\"og:image:width\" content=\"500\" \/>\n\t<meta property=\"og:image:height\" content=\"500\" \/>\n\t<meta property=\"og:image:type\" content=\"image\/jpeg\" \/>\n<meta name=\"twitter:card\" content=\"summary_large_image\" \/>\n<meta name=\"twitter:label1\" content=\"Gesch\u00e4tzte Lesezeit\" \/>\n\t<meta name=\"twitter:data1\" content=\"1\u00a0Minute\" \/>\n<script type=\"application\/ld+json\" class=\"yoast-schema-graph\">{\"@context\":\"https:\\\/\\\/schema.org\",\"@graph\":[{\"@type\":\"WebPage\",\"@id\":\"https:\\\/\\\/marktxxl.de\\\/markt\\\/produkt\\\/peppa-pig-rainbows-and-suzy-girls-dress-twin-pack-official-merchandise-kleinkind-groessen-vorhanden-geschenkidee-fuer-maedchen\\\/\",\"url\":\"https:\\\/\\\/marktxxl.de\\\/markt\\\/produkt\\\/peppa-pig-rainbows-and-suzy-girls-dress-twin-pack-official-merchandise-kleinkind-groessen-vorhanden-geschenkidee-fuer-maedchen\\\/\",\"name\":\"Popgear M\u00e4dchen Peppa Pig Rainbows und Suzy Kleid Mehrfarbig Dress Twin Pack - Markt-XXL\",\"isPartOf\":{\"@id\":\"https:\\\/\\\/marktxxl.de\\\/markt\\\/#website\"},\"primaryImageOfPage\":{\"@id\":\"https:\\\/\\\/marktxxl.de\\\/markt\\\/produkt\\\/peppa-pig-rainbows-and-suzy-girls-dress-twin-pack-official-merchandise-kleinkind-groessen-vorhanden-geschenkidee-fuer-maedchen\\\/#primaryimage\"},\"image\":{\"@id\":\"https:\\\/\\\/marktxxl.de\\\/markt\\\/produkt\\\/peppa-pig-rainbows-and-suzy-girls-dress-twin-pack-official-merchandise-kleinkind-groessen-vorhanden-geschenkidee-fuer-maedchen\\\/#primaryimage\"},\"thumbnailUrl\":\"https:\\\/\\\/m.media-amazon.com\\\/images\\\/I\\\/519Vnha8W6S._SL500_.jpg\",\"datePublished\":\"2022-01-27T18:15:30+00:00\",\"dateModified\":\"2023-04-11T01:26:41+00:00\",\"description\":\"Markt-XXL Popgear M\u00e4dchen Peppa Pig Rainbows und Suzy Kleid Mehrfarbig Dress Twin Pack\",\"breadcrumb\":{\"@id\":\"https:\\\/\\\/marktxxl.de\\\/markt\\\/produkt\\\/peppa-pig-rainbows-and-suzy-girls-dress-twin-pack-official-merchandise-kleinkind-groessen-vorhanden-geschenkidee-fuer-maedchen\\\/#breadcrumb\"},\"inLanguage\":\"de\",\"potentialAction\":[{\"@type\":\"ReadAction\",\"target\":[\"https:\\\/\\\/marktxxl.de\\\/markt\\\/produkt\\\/peppa-pig-rainbows-and-suzy-girls-dress-twin-pack-official-merchandise-kleinkind-groessen-vorhanden-geschenkidee-fuer-maedchen\\\/\"]}]},{\"@type\":\"ImageObject\",\"inLanguage\":\"de\",\"@id\":\"https:\\\/\\\/marktxxl.de\\\/markt\\\/produkt\\\/peppa-pig-rainbows-and-suzy-girls-dress-twin-pack-official-merchandise-kleinkind-groessen-vorhanden-geschenkidee-fuer-maedchen\\\/#primaryimage\",\"url\":\"https:\\\/\\\/m.media-amazon.com\\\/images\\\/I\\\/519Vnha8W6S._SL500_.jpg\",\"contentUrl\":\"https:\\\/\\\/m.media-amazon.com\\\/images\\\/I\\\/519Vnha8W6S._SL500_.jpg\",\"width\":500,\"height\":500},{\"@type\":\"BreadcrumbList\",\"@id\":\"https:\\\/\\\/marktxxl.de\\\/markt\\\/produkt\\\/peppa-pig-rainbows-and-suzy-girls-dress-twin-pack-official-merchandise-kleinkind-groessen-vorhanden-geschenkidee-fuer-maedchen\\\/#breadcrumb\",\"itemListElement\":[{\"@type\":\"ListItem\",\"position\":1,\"name\":\"Startseite\",\"item\":\"https:\\\/\\\/marktxxl.de\\\/markt\\\/\"},{\"@type\":\"ListItem\",\"position\":2,\"name\":\"Markt\",\"item\":\"https:\\\/\\\/marktxxl.de\\\/markt\\\/\"},{\"@type\":\"ListItem\",\"position\":3,\"name\":\"Popgear M\u00e4dchen Peppa Pig Rainbows und Suzy Kleid Mehrfarbig Dress Twin Pack\"}]},{\"@type\":\"WebSite\",\"@id\":\"https:\\\/\\\/marktxxl.de\\\/markt\\\/#website\",\"url\":\"https:\\\/\\\/marktxxl.de\\\/markt\\\/\",\"name\":\"Markt-XXL\",\"description\":\"Ihr Markt Online\",\"publisher\":{\"@id\":\"https:\\\/\\\/marktxxl.de\\\/markt\\\/#organization\"},\"potentialAction\":[{\"@type\":\"SearchAction\",\"target\":{\"@type\":\"EntryPoint\",\"urlTemplate\":\"https:\\\/\\\/marktxxl.de\\\/markt\\\/?s={search_term_string}\"},\"query-input\":{\"@type\":\"PropertyValueSpecification\",\"valueRequired\":true,\"valueName\":\"search_term_string\"}}],\"inLanguage\":\"de\"},{\"@type\":\"Organization\",\"@id\":\"https:\\\/\\\/marktxxl.de\\\/markt\\\/#organization\",\"name\":\"Markt-XXL\",\"url\":\"https:\\\/\\\/marktxxl.de\\\/markt\\\/\",\"logo\":{\"@type\":\"ImageObject\",\"inLanguage\":\"de\",\"@id\":\"https:\\\/\\\/marktxxl.de\\\/markt\\\/#\\\/schema\\\/logo\\\/image\\\/\",\"url\":\"https:\\\/\\\/marktxxl.de\\\/markt\\\/wp-content\\\/uploads\\\/sites\\\/3\\\/2020\\\/12\\\/logo.png\",\"contentUrl\":\"https:\\\/\\\/marktxxl.de\\\/markt\\\/wp-content\\\/uploads\\\/sites\\\/3\\\/2020\\\/12\\\/logo.png\",\"width\":200,\"height\":70,\"caption\":\"Markt-XXL\"},\"image\":{\"@id\":\"https:\\\/\\\/marktxxl.de\\\/markt\\\/#\\\/schema\\\/logo\\\/image\\\/\"}}]}<\/script>\n<!-- \/ Yoast SEO plugin. -->","yoast_head_json":{"title":"Popgear M\u00e4dchen Peppa Pig Rainbows und Suzy Kleid Mehrfarbig Dress Twin Pack - Markt-XXL","description":"Markt-XXL Popgear M\u00e4dchen Peppa Pig Rainbows und Suzy Kleid Mehrfarbig Dress Twin Pack","robots":{"index":"index","follow":"follow","max-snippet":"max-snippet:-1","max-image-preview":"max-image-preview:large","max-video-preview":"max-video-preview:-1"},"canonical":"https:\/\/marktxxl.de\/markt\/produkt\/peppa-pig-rainbows-and-suzy-girls-dress-twin-pack-official-merchandise-kleinkind-groessen-vorhanden-geschenkidee-fuer-maedchen\/","og_locale":"de_DE","og_type":"article","og_title":"Popgear M\u00e4dchen Peppa Pig Rainbows und Suzy Kleid Mehrfarbig Dress Twin Pack - Markt-XXL","og_description":"Markt-XXL Popgear M\u00e4dchen Peppa Pig Rainbows und Suzy Kleid Mehrfarbig Dress Twin Pack","og_url":"https:\/\/marktxxl.de\/markt\/produkt\/peppa-pig-rainbows-and-suzy-girls-dress-twin-pack-official-merchandise-kleinkind-groessen-vorhanden-geschenkidee-fuer-maedchen\/","og_site_name":"Markt-XXL","article_modified_time":"2023-04-11T01:26:41+00:00","og_image":[{"width":500,"height":500,"url":"https:\/\/m.media-amazon.com\/images\/I\/519Vnha8W6S._SL500_.jpg","type":"image\/jpeg"}],"twitter_card":"summary_large_image","twitter_misc":{"Gesch\u00e4tzte Lesezeit":"1\u00a0Minute"},"schema":{"@context":"https:\/\/schema.org","@graph":[{"@type":"WebPage","@id":"https:\/\/marktxxl.de\/markt\/produkt\/peppa-pig-rainbows-and-suzy-girls-dress-twin-pack-official-merchandise-kleinkind-groessen-vorhanden-geschenkidee-fuer-maedchen\/","url":"https:\/\/marktxxl.de\/markt\/produkt\/peppa-pig-rainbows-and-suzy-girls-dress-twin-pack-official-merchandise-kleinkind-groessen-vorhanden-geschenkidee-fuer-maedchen\/","name":"Popgear M\u00e4dchen Peppa Pig Rainbows und Suzy Kleid Mehrfarbig Dress Twin Pack - Markt-XXL","isPartOf":{"@id":"https:\/\/marktxxl.de\/markt\/#website"},"primaryImageOfPage":{"@id":"https:\/\/marktxxl.de\/markt\/produkt\/peppa-pig-rainbows-and-suzy-girls-dress-twin-pack-official-merchandise-kleinkind-groessen-vorhanden-geschenkidee-fuer-maedchen\/#primaryimage"},"image":{"@id":"https:\/\/marktxxl.de\/markt\/produkt\/peppa-pig-rainbows-and-suzy-girls-dress-twin-pack-official-merchandise-kleinkind-groessen-vorhanden-geschenkidee-fuer-maedchen\/#primaryimage"},"thumbnailUrl":"https:\/\/m.media-amazon.com\/images\/I\/519Vnha8W6S._SL500_.jpg","datePublished":"2022-01-27T18:15:30+00:00","dateModified":"2023-04-11T01:26:41+00:00","description":"Markt-XXL Popgear M\u00e4dchen Peppa Pig Rainbows und Suzy Kleid Mehrfarbig Dress Twin Pack","breadcrumb":{"@id":"https:\/\/marktxxl.de\/markt\/produkt\/peppa-pig-rainbows-and-suzy-girls-dress-twin-pack-official-merchandise-kleinkind-groessen-vorhanden-geschenkidee-fuer-maedchen\/#breadcrumb"},"inLanguage":"de","potentialAction":[{"@type":"ReadAction","target":["https:\/\/marktxxl.de\/markt\/produkt\/peppa-pig-rainbows-and-suzy-girls-dress-twin-pack-official-merchandise-kleinkind-groessen-vorhanden-geschenkidee-fuer-maedchen\/"]}]},{"@type":"ImageObject","inLanguage":"de","@id":"https:\/\/marktxxl.de\/markt\/produkt\/peppa-pig-rainbows-and-suzy-girls-dress-twin-pack-official-merchandise-kleinkind-groessen-vorhanden-geschenkidee-fuer-maedchen\/#primaryimage","url":"https:\/\/m.media-amazon.com\/images\/I\/519Vnha8W6S._SL500_.jpg","contentUrl":"https:\/\/m.media-amazon.com\/images\/I\/519Vnha8W6S._SL500_.jpg","width":500,"height":500},{"@type":"BreadcrumbList","@id":"https:\/\/marktxxl.de\/markt\/produkt\/peppa-pig-rainbows-and-suzy-girls-dress-twin-pack-official-merchandise-kleinkind-groessen-vorhanden-geschenkidee-fuer-maedchen\/#breadcrumb","itemListElement":[{"@type":"ListItem","position":1,"name":"Startseite","item":"https:\/\/marktxxl.de\/markt\/"},{"@type":"ListItem","position":2,"name":"Markt","item":"https:\/\/marktxxl.de\/markt\/"},{"@type":"ListItem","position":3,"name":"Popgear M\u00e4dchen Peppa Pig Rainbows und Suzy Kleid Mehrfarbig Dress Twin Pack"}]},{"@type":"WebSite","@id":"https:\/\/marktxxl.de\/markt\/#website","url":"https:\/\/marktxxl.de\/markt\/","name":"Markt-XXL","description":"Ihr Markt Online","publisher":{"@id":"https:\/\/marktxxl.de\/markt\/#organization"},"potentialAction":[{"@type":"SearchAction","target":{"@type":"EntryPoint","urlTemplate":"https:\/\/marktxxl.de\/markt\/?s={search_term_string}"},"query-input":{"@type":"PropertyValueSpecification","valueRequired":true,"valueName":"search_term_string"}}],"inLanguage":"de"},{"@type":"Organization","@id":"https:\/\/marktxxl.de\/markt\/#organization","name":"Markt-XXL","url":"https:\/\/marktxxl.de\/markt\/","logo":{"@type":"ImageObject","inLanguage":"de","@id":"https:\/\/marktxxl.de\/markt\/#\/schema\/logo\/image\/","url":"https:\/\/marktxxl.de\/markt\/wp-content\/uploads\/sites\/3\/2020\/12\/logo.png","contentUrl":"https:\/\/marktxxl.de\/markt\/wp-content\/uploads\/sites\/3\/2020\/12\/logo.png","width":200,"height":70,"caption":"Markt-XXL"},"image":{"@id":"https:\/\/marktxxl.de\/markt\/#\/schema\/logo\/image\/"}}]}},"_links":{"self":[{"href":"https:\/\/marktxxl.de\/markt\/wp-json\/wp\/v2\/product\/102698","targetHints":{"allow":["GET"]}}],"collection":[{"href":"https:\/\/marktxxl.de\/markt\/wp-json\/wp\/v2\/product"}],"about":[{"href":"https:\/\/marktxxl.de\/markt\/wp-json\/wp\/v2\/types\/product"}],"replies":[{"embeddable":true,"href":"https:\/\/marktxxl.de\/markt\/wp-json\/wp\/v2\/comments?post=102698"}],"wp:featuredmedia":[{"embeddable":true,"href":"https:\/\/marktxxl.de\/markt\/wp-json\/wp\/v2\/media\/102699"}],"wp:attachment":[{"href":"https:\/\/marktxxl.de\/markt\/wp-json\/wp\/v2\/media?parent=102698"}],"wp:term":[{"taxonomy":"product_brand","embeddable":true,"href":"https:\/\/marktxxl.de\/markt\/wp-json\/wp\/v2\/product_brand?post=102698"},{"taxonomy":"product_cat","embeddable":true,"href":"https:\/\/marktxxl.de\/markt\/wp-json\/wp\/v2\/product_cat?post=102698"},{"taxonomy":"product_tag","embeddable":true,"href":"https:\/\/marktxxl.de\/markt\/wp-json\/wp\/v2\/product_tag?post=102698"}],"curies":[{"name":"wp","href":"https:\/\/api.w.org\/{rel}","templated":true}]}}