{"id":102678,"date":"2022-01-27T19:15:06","date_gmt":"2022-01-27T18:15:06","guid":{"rendered":"https:\/\/marktxxl.de\/markt\/produkt\/zfsock-kindersocken-maedchen-sneaker-socken-lustige-kinderstruempfe-bunte-tiermuster-baumwolle-knoechelsocken-niedliches-weihnachtsstruempfe-5-paare-groesse-20-34-2-11-jahre-alt\/"},"modified":"2023-04-11T03:26:40","modified_gmt":"2023-04-11T01:26:40","slug":"zfsock-kindersocken-maedchen-sneaker-socken-lustige-kinderstruempfe-bunte-tiermuster-baumwolle-knoechelsocken-niedliches-weihnachtsstruempfe-5-paare-groesse-20-34-2-11-jahre-alt","status":"publish","type":"product","link":"https:\/\/marktxxl.de\/markt\/produkt\/zfsock-kindersocken-maedchen-sneaker-socken-lustige-kinderstruempfe-bunte-tiermuster-baumwolle-knoechelsocken-niedliches-weihnachtsstruempfe-5-paare-groesse-20-34-2-11-jahre-alt\/","title":{"rendered":"ZFSOCK Kindersocken M\u00e4dchen Sneaker Socken Lustige: Kinderstr\u00fcmpfe Bunte Tiermuster Baumwolle Kn\u00f6chelsocken Niedliches\u2026"},"content":{"rendered":"<p>\ud83d\udc9dLUSTIGE SOCKEN M\u00c4DCHEN: W\u00e4hrend kindersocken die kleinen F\u00fc\u00dfe in erster Linie vor K\u00e4lte sch\u00fctzen sollen, stellen Socken f\u00fcr Teens nicht selten ein modisches Statement dar. ZFSOCK sneaker socken kinder begeistern mit f\u00fcnf verschiedenen farbenfrohen Dessins. Mit leuchtenden Farben, Streifen, Herzen, P\u00fcnktchen, leuchtenden, gestickten Tiergesichtsmustern sowie kleinen Stehohren zum Anziehen ist der Spa\u00df garantiert. Mit den Kinder socken lustig ist Schluss mit allen K\u00e4mpfen beim Anziehen.<br \/>\n\ud83d\udc9dBAUMWOLLE SOCKEN KINDER: Diese sneaker socken f\u00fcr M\u00e4dchen bestehen aus einem baumwollreichen Material f\u00fcr zus\u00e4tzlichen Komfort. Das Mischgewebe vereint die positiven Eigenschaften der einzelnen Materialien, durch den hohen Anteil an Bio-Baumwolle sind die Kinder sneaker socken atmungsaktiv und bieten ein angenehmes Fu\u00dfklima. Ihr Kind wird das weiche und dehnbare Gef\u00fchl des Baumwollmischstoffs lieben.<br \/>\n\ud83c\udf81IDEALES GESCHENK: Diese sneaker socken bunt f\u00fcr M\u00e4dchen lassen sich einfach mit Shorts, Strampler, Onesies, Sweatshirts, R\u00f6cke, Kleider und Jeans zu paaren. Perfekt um Sport zu treiben, in der Schule zu tragen, mit Freunden zu spielen oder zu Hause zu faulenzen. Dies ist ein sch\u00f6nes Geschenk f\u00fcr Ihre Tochter, Nichte oder jedes sch\u00f6ne Kind. Das perfekte Geschenk f\u00fcr Geburtstag, Neujahr, Weihnachten, Kindertag usw.<br \/>\n\ud83d\udc9dGANZ TAG KOMFORTABEL: ZFSOCK M\u00e4dchen socken enthalten die richtige Menge Elasthan f\u00fcr eine flexible, bequeme Passform. Kindersocken mit druckfreier Zehennaht, die der nahtlosen Socke nahe kommt. Das elastische Raffen am Kn\u00f6chel sorgt daf\u00fcr, dass unsere Socken an der richtigen Stelle bleiben, wo sie sein sollten! Das U-f\u00f6rmige Fersendesign sorgt f\u00fcr eine gute Passform. Sie k\u00f6nnen sich von der Jagd nach verlorenen Socken verabschieden, die versehentlich abrutschen.<br \/>\n\ud83d\udc9dGR\u00d6SSE: M\u00e4dchen Socken aus Baumwolle, Perfekt f\u00fcr Kinder von 2 bis 14 Jahren, EU 20-22=2-4 Jahre=M, EU 24-29=5-7 Jahre=L, EU 31-34=8-11 Jahre=XL, EU 35-38=11-14 Jahre=XXL. Wir m\u00f6chten bequeme, kuschelige und langlebige Socken anbieten. Nicht zufrieden? KOSTENLOSE R\u00dcCKKEHR! Defekte Socken? KOSTENLOSER ERSATZ! Schicken Sie uns einfach eine Nachricht.<br \/>\n<div class=\"main-cross-sell\" data-asin=\"B09CTZJNCP\">\n\n\t<div class=\"WooZone-cross-sell-loader\">\n\t\t<div>\n\t\t\t<div id=\"floatingBarsG\">\n\t\t\t\t<div class=\"blockG\" id=\"rotateG_01\"><\/div>\n\t\t\t\t<div class=\"blockG\" id=\"rotateG_02\"><\/div>\n\t\t\t\t<div class=\"blockG\" id=\"rotateG_03\"><\/div>\n\t\t\t\t<div class=\"blockG\" id=\"rotateG_04\"><\/div>\n\t\t\t\t<div class=\"blockG\" id=\"rotateG_05\"><\/div>\n\t\t\t\t<div class=\"blockG\" id=\"rotateG_06\"><\/div>\n\t\t\t\t<div class=\"blockG\" id=\"rotateG_07\"><\/div>\n\t\t\t\t<div class=\"blockG\" id=\"rotateG_08\"><\/div>\n\t\t\t<\/div>\n\t\t\t<div class=\"WooZone-cross-sell-loader-text\"><\/div>\n\t\t<\/div>\n\t<\/div>\n\n\t\t\n<\/div>\n<div style=\"clear:both;\"><\/div><\/p>\n","protected":false},"excerpt":{"rendered":"<p>\ud83d\udc9dLUSTIGE SOCKEN M\u00c4DCHEN: W\u00e4hrend kindersocken die kleinen F\u00fc\u00dfe in erster Linie vor K\u00e4lte sch\u00fctzen sollen, stellen Socken f\u00fcr Teens nicht selten ein modisches Statement dar. ZFSOCK sneaker socken kinder begeistern mit f\u00fcnf verschiedenen farbenfrohen Dessins. Mit leuchtenden Farben, Streifen, Herzen, P\u00fcnktchen, leuchtenden, gestickten Tiergesichtsmustern sowie kleinen Stehohren zum Anziehen ist der Spa\u00df garantiert. Mit den Kinder socken lustig ist Schluss mit allen K\u00e4mpfen beim Anziehen.<br \/>\n\ud83d\udc9dBAUMWOLLE SOCKEN KINDER: Diese sneaker socken f\u00fcr M\u00e4dchen bestehen aus einem baumwollreichen Material f\u00fcr zus\u00e4tzlichen Komfort. Das Mischgewebe vereint die positiven Eigenschaften der einzelnen Materialien, durch den hohen Anteil an Bio-Baumwolle sind die Kinder sneaker socken atmungsaktiv und bieten ein angenehmes Fu\u00dfklima. Ihr Kind wird das weiche und dehnbare Gef\u00fchl des Baumwollmischstoffs lieben.<br \/>\n\ud83c\udf81IDEALES GESCHENK: Diese sneaker socken bunt f\u00fcr M\u00e4dchen lassen sich einfach mit Shorts, Strampler, Onesies, Sweatshirts, R\u00f6cke, Kleider und Jeans zu paaren. Perfekt um Sport zu treiben, in der Schule zu tragen, mit Freunden zu spielen oder zu Hause zu faulenzen. Dies ist ein sch\u00f6nes Geschenk f\u00fcr Ihre Tochter, Nichte oder jedes sch\u00f6ne Kind. Das perfekte Geschenk f\u00fcr Geburtstag, Neujahr, Weihnachten, Kindertag usw.<\/p>\n","protected":false},"featured_media":102679,"comment_status":"open","ping_status":"closed","template":"","meta":[],"product_brand":[],"product_cat":[1186,3990],"product_tag":[],"class_list":{"0":"post-102678","1":"product","2":"type-product","3":"status-publish","4":"has-post-thumbnail","6":"product_cat-bekleidung","7":"product_cat-maedchen","8":"pa_brand-zfsock","10":"first","11":"instock","12":"shipping-taxable","13":"purchasable","14":"product-type-simple","15":"customify-col","16":"product-has-gallery"},"yoast_head":"<!-- This site is optimized with the Yoast SEO plugin v27.4 - https:\/\/yoast.com\/product\/yoast-seo-wordpress\/ -->\n<title>ZFSOCK Kindersocken M\u00e4dchen Sneaker Socken Lustige: Kinderstr\u00fcmpfe Bunte Tiermuster Baumwolle Kn\u00f6chelsocken Niedliches\u2026 - Markt-XXL<\/title>\n<meta name=\"description\" content=\"Markt-XXL ZFSOCK Kindersocken M\u00e4dchen Sneaker Socken Lustige: Kinderstr\u00fcmpfe Bunte Tiermuster Baumwolle Kn\u00f6chelsocken Niedliches\u2026\" \/>\n<meta name=\"robots\" content=\"index, follow, max-snippet:-1, max-image-preview:large, max-video-preview:-1\" \/>\n<link rel=\"canonical\" href=\"https:\/\/marktxxl.de\/markt\/produkt\/zfsock-kindersocken-maedchen-sneaker-socken-lustige-kinderstruempfe-bunte-tiermuster-baumwolle-knoechelsocken-niedliches-weihnachtsstruempfe-5-paare-groesse-20-34-2-11-jahre-alt\/\" \/>\n<meta property=\"og:locale\" content=\"de_DE\" \/>\n<meta property=\"og:type\" content=\"article\" \/>\n<meta property=\"og:title\" content=\"ZFSOCK Kindersocken M\u00e4dchen Sneaker Socken Lustige: Kinderstr\u00fcmpfe Bunte Tiermuster Baumwolle Kn\u00f6chelsocken Niedliches\u2026 - Markt-XXL\" \/>\n<meta property=\"og:description\" content=\"Markt-XXL ZFSOCK Kindersocken M\u00e4dchen Sneaker Socken Lustige: Kinderstr\u00fcmpfe Bunte Tiermuster Baumwolle Kn\u00f6chelsocken Niedliches\u2026\" \/>\n<meta property=\"og:url\" content=\"https:\/\/marktxxl.de\/markt\/produkt\/zfsock-kindersocken-maedchen-sneaker-socken-lustige-kinderstruempfe-bunte-tiermuster-baumwolle-knoechelsocken-niedliches-weihnachtsstruempfe-5-paare-groesse-20-34-2-11-jahre-alt\/\" \/>\n<meta property=\"og:site_name\" content=\"Markt-XXL\" \/>\n<meta property=\"article:modified_time\" content=\"2023-04-11T01:26:40+00:00\" \/>\n<meta property=\"og:image\" content=\"https:\/\/m.media-amazon.com\/images\/I\/51IIJ1bqQgL._SL500_.jpg\" \/>\n\t<meta property=\"og:image:width\" content=\"500\" \/>\n\t<meta property=\"og:image:height\" content=\"500\" \/>\n\t<meta property=\"og:image:type\" content=\"image\/jpeg\" \/>\n<meta name=\"twitter:card\" content=\"summary_large_image\" \/>\n<meta name=\"twitter:label1\" content=\"Gesch\u00e4tzte Lesezeit\" \/>\n\t<meta name=\"twitter:data1\" content=\"2\u00a0Minuten\" \/>\n<script type=\"application\/ld+json\" class=\"yoast-schema-graph\">{\"@context\":\"https:\\\/\\\/schema.org\",\"@graph\":[{\"@type\":\"WebPage\",\"@id\":\"https:\\\/\\\/marktxxl.de\\\/markt\\\/produkt\\\/zfsock-kindersocken-maedchen-sneaker-socken-lustige-kinderstruempfe-bunte-tiermuster-baumwolle-knoechelsocken-niedliches-weihnachtsstruempfe-5-paare-groesse-20-34-2-11-jahre-alt\\\/\",\"url\":\"https:\\\/\\\/marktxxl.de\\\/markt\\\/produkt\\\/zfsock-kindersocken-maedchen-sneaker-socken-lustige-kinderstruempfe-bunte-tiermuster-baumwolle-knoechelsocken-niedliches-weihnachtsstruempfe-5-paare-groesse-20-34-2-11-jahre-alt\\\/\",\"name\":\"ZFSOCK Kindersocken M\u00e4dchen Sneaker Socken Lustige: Kinderstr\u00fcmpfe Bunte Tiermuster Baumwolle Kn\u00f6chelsocken Niedliches\u2026 - Markt-XXL\",\"isPartOf\":{\"@id\":\"https:\\\/\\\/marktxxl.de\\\/markt\\\/#website\"},\"primaryImageOfPage\":{\"@id\":\"https:\\\/\\\/marktxxl.de\\\/markt\\\/produkt\\\/zfsock-kindersocken-maedchen-sneaker-socken-lustige-kinderstruempfe-bunte-tiermuster-baumwolle-knoechelsocken-niedliches-weihnachtsstruempfe-5-paare-groesse-20-34-2-11-jahre-alt\\\/#primaryimage\"},\"image\":{\"@id\":\"https:\\\/\\\/marktxxl.de\\\/markt\\\/produkt\\\/zfsock-kindersocken-maedchen-sneaker-socken-lustige-kinderstruempfe-bunte-tiermuster-baumwolle-knoechelsocken-niedliches-weihnachtsstruempfe-5-paare-groesse-20-34-2-11-jahre-alt\\\/#primaryimage\"},\"thumbnailUrl\":\"https:\\\/\\\/m.media-amazon.com\\\/images\\\/I\\\/51IIJ1bqQgL._SL500_.jpg\",\"datePublished\":\"2022-01-27T18:15:06+00:00\",\"dateModified\":\"2023-04-11T01:26:40+00:00\",\"description\":\"Markt-XXL ZFSOCK Kindersocken M\u00e4dchen Sneaker Socken Lustige: Kinderstr\u00fcmpfe Bunte Tiermuster Baumwolle Kn\u00f6chelsocken Niedliches\u2026\",\"breadcrumb\":{\"@id\":\"https:\\\/\\\/marktxxl.de\\\/markt\\\/produkt\\\/zfsock-kindersocken-maedchen-sneaker-socken-lustige-kinderstruempfe-bunte-tiermuster-baumwolle-knoechelsocken-niedliches-weihnachtsstruempfe-5-paare-groesse-20-34-2-11-jahre-alt\\\/#breadcrumb\"},\"inLanguage\":\"de\",\"potentialAction\":[{\"@type\":\"ReadAction\",\"target\":[\"https:\\\/\\\/marktxxl.de\\\/markt\\\/produkt\\\/zfsock-kindersocken-maedchen-sneaker-socken-lustige-kinderstruempfe-bunte-tiermuster-baumwolle-knoechelsocken-niedliches-weihnachtsstruempfe-5-paare-groesse-20-34-2-11-jahre-alt\\\/\"]}]},{\"@type\":\"ImageObject\",\"inLanguage\":\"de\",\"@id\":\"https:\\\/\\\/marktxxl.de\\\/markt\\\/produkt\\\/zfsock-kindersocken-maedchen-sneaker-socken-lustige-kinderstruempfe-bunte-tiermuster-baumwolle-knoechelsocken-niedliches-weihnachtsstruempfe-5-paare-groesse-20-34-2-11-jahre-alt\\\/#primaryimage\",\"url\":\"https:\\\/\\\/m.media-amazon.com\\\/images\\\/I\\\/51IIJ1bqQgL._SL500_.jpg\",\"contentUrl\":\"https:\\\/\\\/m.media-amazon.com\\\/images\\\/I\\\/51IIJ1bqQgL._SL500_.jpg\",\"width\":500,\"height\":500},{\"@type\":\"BreadcrumbList\",\"@id\":\"https:\\\/\\\/marktxxl.de\\\/markt\\\/produkt\\\/zfsock-kindersocken-maedchen-sneaker-socken-lustige-kinderstruempfe-bunte-tiermuster-baumwolle-knoechelsocken-niedliches-weihnachtsstruempfe-5-paare-groesse-20-34-2-11-jahre-alt\\\/#breadcrumb\",\"itemListElement\":[{\"@type\":\"ListItem\",\"position\":1,\"name\":\"Startseite\",\"item\":\"https:\\\/\\\/marktxxl.de\\\/markt\\\/\"},{\"@type\":\"ListItem\",\"position\":2,\"name\":\"Markt\",\"item\":\"https:\\\/\\\/marktxxl.de\\\/markt\\\/\"},{\"@type\":\"ListItem\",\"position\":3,\"name\":\"ZFSOCK Kindersocken M\u00e4dchen Sneaker Socken Lustige: Kinderstr\u00fcmpfe Bunte Tiermuster Baumwolle Kn\u00f6chelsocken Niedliches\u2026\"}]},{\"@type\":\"WebSite\",\"@id\":\"https:\\\/\\\/marktxxl.de\\\/markt\\\/#website\",\"url\":\"https:\\\/\\\/marktxxl.de\\\/markt\\\/\",\"name\":\"Markt-XXL\",\"description\":\"Ihr Markt Online\",\"publisher\":{\"@id\":\"https:\\\/\\\/marktxxl.de\\\/markt\\\/#organization\"},\"potentialAction\":[{\"@type\":\"SearchAction\",\"target\":{\"@type\":\"EntryPoint\",\"urlTemplate\":\"https:\\\/\\\/marktxxl.de\\\/markt\\\/?s={search_term_string}\"},\"query-input\":{\"@type\":\"PropertyValueSpecification\",\"valueRequired\":true,\"valueName\":\"search_term_string\"}}],\"inLanguage\":\"de\"},{\"@type\":\"Organization\",\"@id\":\"https:\\\/\\\/marktxxl.de\\\/markt\\\/#organization\",\"name\":\"Markt-XXL\",\"url\":\"https:\\\/\\\/marktxxl.de\\\/markt\\\/\",\"logo\":{\"@type\":\"ImageObject\",\"inLanguage\":\"de\",\"@id\":\"https:\\\/\\\/marktxxl.de\\\/markt\\\/#\\\/schema\\\/logo\\\/image\\\/\",\"url\":\"https:\\\/\\\/marktxxl.de\\\/markt\\\/wp-content\\\/uploads\\\/sites\\\/3\\\/2020\\\/12\\\/logo.png\",\"contentUrl\":\"https:\\\/\\\/marktxxl.de\\\/markt\\\/wp-content\\\/uploads\\\/sites\\\/3\\\/2020\\\/12\\\/logo.png\",\"width\":200,\"height\":70,\"caption\":\"Markt-XXL\"},\"image\":{\"@id\":\"https:\\\/\\\/marktxxl.de\\\/markt\\\/#\\\/schema\\\/logo\\\/image\\\/\"}}]}<\/script>\n<!-- \/ Yoast SEO plugin. -->","yoast_head_json":{"title":"ZFSOCK Kindersocken M\u00e4dchen Sneaker Socken Lustige: Kinderstr\u00fcmpfe Bunte Tiermuster Baumwolle Kn\u00f6chelsocken Niedliches\u2026 - Markt-XXL","description":"Markt-XXL ZFSOCK Kindersocken M\u00e4dchen Sneaker Socken Lustige: Kinderstr\u00fcmpfe Bunte Tiermuster Baumwolle Kn\u00f6chelsocken Niedliches\u2026","robots":{"index":"index","follow":"follow","max-snippet":"max-snippet:-1","max-image-preview":"max-image-preview:large","max-video-preview":"max-video-preview:-1"},"canonical":"https:\/\/marktxxl.de\/markt\/produkt\/zfsock-kindersocken-maedchen-sneaker-socken-lustige-kinderstruempfe-bunte-tiermuster-baumwolle-knoechelsocken-niedliches-weihnachtsstruempfe-5-paare-groesse-20-34-2-11-jahre-alt\/","og_locale":"de_DE","og_type":"article","og_title":"ZFSOCK Kindersocken M\u00e4dchen Sneaker Socken Lustige: Kinderstr\u00fcmpfe Bunte Tiermuster Baumwolle Kn\u00f6chelsocken Niedliches\u2026 - Markt-XXL","og_description":"Markt-XXL ZFSOCK Kindersocken M\u00e4dchen Sneaker Socken Lustige: Kinderstr\u00fcmpfe Bunte Tiermuster Baumwolle Kn\u00f6chelsocken Niedliches\u2026","og_url":"https:\/\/marktxxl.de\/markt\/produkt\/zfsock-kindersocken-maedchen-sneaker-socken-lustige-kinderstruempfe-bunte-tiermuster-baumwolle-knoechelsocken-niedliches-weihnachtsstruempfe-5-paare-groesse-20-34-2-11-jahre-alt\/","og_site_name":"Markt-XXL","article_modified_time":"2023-04-11T01:26:40+00:00","og_image":[{"width":500,"height":500,"url":"https:\/\/m.media-amazon.com\/images\/I\/51IIJ1bqQgL._SL500_.jpg","type":"image\/jpeg"}],"twitter_card":"summary_large_image","twitter_misc":{"Gesch\u00e4tzte Lesezeit":"2\u00a0Minuten"},"schema":{"@context":"https:\/\/schema.org","@graph":[{"@type":"WebPage","@id":"https:\/\/marktxxl.de\/markt\/produkt\/zfsock-kindersocken-maedchen-sneaker-socken-lustige-kinderstruempfe-bunte-tiermuster-baumwolle-knoechelsocken-niedliches-weihnachtsstruempfe-5-paare-groesse-20-34-2-11-jahre-alt\/","url":"https:\/\/marktxxl.de\/markt\/produkt\/zfsock-kindersocken-maedchen-sneaker-socken-lustige-kinderstruempfe-bunte-tiermuster-baumwolle-knoechelsocken-niedliches-weihnachtsstruempfe-5-paare-groesse-20-34-2-11-jahre-alt\/","name":"ZFSOCK Kindersocken M\u00e4dchen Sneaker Socken Lustige: Kinderstr\u00fcmpfe Bunte Tiermuster Baumwolle Kn\u00f6chelsocken Niedliches\u2026 - Markt-XXL","isPartOf":{"@id":"https:\/\/marktxxl.de\/markt\/#website"},"primaryImageOfPage":{"@id":"https:\/\/marktxxl.de\/markt\/produkt\/zfsock-kindersocken-maedchen-sneaker-socken-lustige-kinderstruempfe-bunte-tiermuster-baumwolle-knoechelsocken-niedliches-weihnachtsstruempfe-5-paare-groesse-20-34-2-11-jahre-alt\/#primaryimage"},"image":{"@id":"https:\/\/marktxxl.de\/markt\/produkt\/zfsock-kindersocken-maedchen-sneaker-socken-lustige-kinderstruempfe-bunte-tiermuster-baumwolle-knoechelsocken-niedliches-weihnachtsstruempfe-5-paare-groesse-20-34-2-11-jahre-alt\/#primaryimage"},"thumbnailUrl":"https:\/\/m.media-amazon.com\/images\/I\/51IIJ1bqQgL._SL500_.jpg","datePublished":"2022-01-27T18:15:06+00:00","dateModified":"2023-04-11T01:26:40+00:00","description":"Markt-XXL ZFSOCK Kindersocken M\u00e4dchen Sneaker Socken Lustige: Kinderstr\u00fcmpfe Bunte Tiermuster Baumwolle Kn\u00f6chelsocken Niedliches\u2026","breadcrumb":{"@id":"https:\/\/marktxxl.de\/markt\/produkt\/zfsock-kindersocken-maedchen-sneaker-socken-lustige-kinderstruempfe-bunte-tiermuster-baumwolle-knoechelsocken-niedliches-weihnachtsstruempfe-5-paare-groesse-20-34-2-11-jahre-alt\/#breadcrumb"},"inLanguage":"de","potentialAction":[{"@type":"ReadAction","target":["https:\/\/marktxxl.de\/markt\/produkt\/zfsock-kindersocken-maedchen-sneaker-socken-lustige-kinderstruempfe-bunte-tiermuster-baumwolle-knoechelsocken-niedliches-weihnachtsstruempfe-5-paare-groesse-20-34-2-11-jahre-alt\/"]}]},{"@type":"ImageObject","inLanguage":"de","@id":"https:\/\/marktxxl.de\/markt\/produkt\/zfsock-kindersocken-maedchen-sneaker-socken-lustige-kinderstruempfe-bunte-tiermuster-baumwolle-knoechelsocken-niedliches-weihnachtsstruempfe-5-paare-groesse-20-34-2-11-jahre-alt\/#primaryimage","url":"https:\/\/m.media-amazon.com\/images\/I\/51IIJ1bqQgL._SL500_.jpg","contentUrl":"https:\/\/m.media-amazon.com\/images\/I\/51IIJ1bqQgL._SL500_.jpg","width":500,"height":500},{"@type":"BreadcrumbList","@id":"https:\/\/marktxxl.de\/markt\/produkt\/zfsock-kindersocken-maedchen-sneaker-socken-lustige-kinderstruempfe-bunte-tiermuster-baumwolle-knoechelsocken-niedliches-weihnachtsstruempfe-5-paare-groesse-20-34-2-11-jahre-alt\/#breadcrumb","itemListElement":[{"@type":"ListItem","position":1,"name":"Startseite","item":"https:\/\/marktxxl.de\/markt\/"},{"@type":"ListItem","position":2,"name":"Markt","item":"https:\/\/marktxxl.de\/markt\/"},{"@type":"ListItem","position":3,"name":"ZFSOCK Kindersocken M\u00e4dchen Sneaker Socken Lustige: Kinderstr\u00fcmpfe Bunte Tiermuster Baumwolle Kn\u00f6chelsocken Niedliches\u2026"}]},{"@type":"WebSite","@id":"https:\/\/marktxxl.de\/markt\/#website","url":"https:\/\/marktxxl.de\/markt\/","name":"Markt-XXL","description":"Ihr Markt Online","publisher":{"@id":"https:\/\/marktxxl.de\/markt\/#organization"},"potentialAction":[{"@type":"SearchAction","target":{"@type":"EntryPoint","urlTemplate":"https:\/\/marktxxl.de\/markt\/?s={search_term_string}"},"query-input":{"@type":"PropertyValueSpecification","valueRequired":true,"valueName":"search_term_string"}}],"inLanguage":"de"},{"@type":"Organization","@id":"https:\/\/marktxxl.de\/markt\/#organization","name":"Markt-XXL","url":"https:\/\/marktxxl.de\/markt\/","logo":{"@type":"ImageObject","inLanguage":"de","@id":"https:\/\/marktxxl.de\/markt\/#\/schema\/logo\/image\/","url":"https:\/\/marktxxl.de\/markt\/wp-content\/uploads\/sites\/3\/2020\/12\/logo.png","contentUrl":"https:\/\/marktxxl.de\/markt\/wp-content\/uploads\/sites\/3\/2020\/12\/logo.png","width":200,"height":70,"caption":"Markt-XXL"},"image":{"@id":"https:\/\/marktxxl.de\/markt\/#\/schema\/logo\/image\/"}}]}},"_links":{"self":[{"href":"https:\/\/marktxxl.de\/markt\/wp-json\/wp\/v2\/product\/102678","targetHints":{"allow":["GET"]}}],"collection":[{"href":"https:\/\/marktxxl.de\/markt\/wp-json\/wp\/v2\/product"}],"about":[{"href":"https:\/\/marktxxl.de\/markt\/wp-json\/wp\/v2\/types\/product"}],"replies":[{"embeddable":true,"href":"https:\/\/marktxxl.de\/markt\/wp-json\/wp\/v2\/comments?post=102678"}],"wp:featuredmedia":[{"embeddable":true,"href":"https:\/\/marktxxl.de\/markt\/wp-json\/wp\/v2\/media\/102679"}],"wp:attachment":[{"href":"https:\/\/marktxxl.de\/markt\/wp-json\/wp\/v2\/media?parent=102678"}],"wp:term":[{"taxonomy":"product_brand","embeddable":true,"href":"https:\/\/marktxxl.de\/markt\/wp-json\/wp\/v2\/product_brand?post=102678"},{"taxonomy":"product_cat","embeddable":true,"href":"https:\/\/marktxxl.de\/markt\/wp-json\/wp\/v2\/product_cat?post=102678"},{"taxonomy":"product_tag","embeddable":true,"href":"https:\/\/marktxxl.de\/markt\/wp-json\/wp\/v2\/product_tag?post=102678"}],"curies":[{"name":"wp","href":"https:\/\/api.w.org\/{rel}","templated":true}]}}