{"id":102608,"date":"2022-01-27T19:12:08","date_gmt":"2022-01-27T18:12:08","guid":{"rendered":"https:\/\/marktxxl.de\/markt\/produkt\/wiederverschliessbare-geruchsdichte-folienbeutel-flache-ziplock-tasche-fuer-partygeschenke-lebensmittelaufbewahrung-100-stueck\/"},"modified":"2023-04-11T03:26:40","modified_gmt":"2023-04-11T01:26:40","slug":"wiederverschliessbare-geruchsdichte-folienbeutel-flache-ziplock-tasche-fuer-partygeschenke-lebensmittelaufbewahrung-100-stueck","status":"publish","type":"product","link":"https:\/\/marktxxl.de\/markt\/produkt\/wiederverschliessbare-geruchsdichte-folienbeutel-flache-ziplock-tasche-fuer-partygeschenke-lebensmittelaufbewahrung-100-stueck\/","title":{"rendered":"Wiederverschlie\u00dfbare, geruchsdichte Folienbeutel, flache Ziplock-Tasche f\u00fcr Partygeschenke, Lebensmittelaufbewahrung\u2026"},"content":{"rendered":"<p>Geruchssichere Beutel: Praktisch mit Dichtungsstreifen zu verwenden. Hilft, Wasser, Feuchtigkeit, Staub und Ger\u00fcche fernzuhalten, erspart Ihnen M\u00fche, sorgt f\u00fcr Ordnung und Sauberkeit<br \/>\nHolHolografische Regenbogenfarbe: Hergestellt aus hochwertigem Metallfilm, dauerhaft und gl\u00e4nzend, holografische Silberr\u00fcckseite mit transparenter Vorderseite f\u00fcr die Pr\u00e4sentation des Produkts, wiederverwendbar und sicher f\u00fcr Ihren Gebrauchographische Regenbogenfarbe: aus hochwertigem Metallfilm, haltbar und gl\u00e4nzend, holografische silberne R\u00fcckseite mit transparenter Vorderseite f\u00fcr die Anzeige des Produkts, wiederverwendbar und sicher f\u00fcr Ihren Gebrauch<br \/>\nMehrzweckgebrauch: gutes Zubeh\u00f6r f\u00fcr Haus, Schule und B\u00fcro, kann auf S\u00fc\u00dfigkeiten, Kaffeebohnen, getrockneten Blumen, Backen, getrockneten Fr\u00fcchten, Pl\u00e4tzchen, Tee, N\u00fcssen und so weiter angewendet werden, kann auch Kosmetik, Seife und Notizbuch, etc. halten.<br \/>\nOptionale Gr\u00f6\u00dfenauswahl: Wir bieten Ihnen verschiedene Gr\u00f6\u00dfen zur Auswahl, k\u00f6nnen unterschiedliche Anforderungen erf\u00fcllen, detaillierte Informationen finden Sie in unseren Bildern, bevor Sie eine Bestellung aufgeben, \u00fcberpr\u00fcfen Sie bitte die Gr\u00f6\u00dfe sorgf\u00e4ltig<br \/>\nMenge der Packung: Die Packung enth\u00e4lt 100 geruchssichere Beutel, die f\u00fcr Ihren Gebrauch und Ersatz ausreichend sind. Farbe: wie bilder gezeigt<br \/>\n<div class=\"main-cross-sell\" data-asin=\"B07SN3BL8G\">\n\n\t<div class=\"WooZone-cross-sell-loader\">\n\t\t<div>\n\t\t\t<div id=\"floatingBarsG\">\n\t\t\t\t<div class=\"blockG\" id=\"rotateG_01\"><\/div>\n\t\t\t\t<div class=\"blockG\" id=\"rotateG_02\"><\/div>\n\t\t\t\t<div class=\"blockG\" id=\"rotateG_03\"><\/div>\n\t\t\t\t<div class=\"blockG\" id=\"rotateG_04\"><\/div>\n\t\t\t\t<div class=\"blockG\" id=\"rotateG_05\"><\/div>\n\t\t\t\t<div class=\"blockG\" id=\"rotateG_06\"><\/div>\n\t\t\t\t<div class=\"blockG\" id=\"rotateG_07\"><\/div>\n\t\t\t\t<div class=\"blockG\" id=\"rotateG_08\"><\/div>\n\t\t\t<\/div>\n\t\t\t<div class=\"WooZone-cross-sell-loader-text\"><\/div>\n\t\t<\/div>\n\t<\/div>\n\n\t\t\n<\/div>\n<div style=\"clear:both;\"><\/div><\/p>\n","protected":false},"excerpt":{"rendered":"<p>Geruchssichere Beutel: Praktisch mit Dichtungsstreifen zu verwenden. Hilft, Wasser, Feuchtigkeit, Staub und Ger\u00fcche fernzuhalten, erspart Ihnen M\u00fche, sorgt f\u00fcr Ordnung und Sauberkeit<br \/>\nHolHolografische Regenbogenfarbe: Hergestellt aus hochwertigem Metallfilm, dauerhaft und gl\u00e4nzend, holografische Silberr\u00fcckseite mit transparenter Vorderseite f\u00fcr die Pr\u00e4sentation des Produkts, wiederverwendbar und sicher f\u00fcr Ihren Gebrauchographische Regenbogenfarbe: aus hochwertigem Metallfilm, haltbar und gl\u00e4nzend, holografische silberne R\u00fcckseite mit transparenter Vorderseite f\u00fcr die Anzeige des Produkts, wiederverwendbar und sicher f\u00fcr Ihren Gebrauch<br \/>\nMehrzweckgebrauch: gutes Zubeh\u00f6r f\u00fcr Haus, Schule und B\u00fcro, kann auf S\u00fc\u00dfigkeiten, Kaffeebohnen, getrockneten Blumen, Backen, getrockneten Fr\u00fcchten, Pl\u00e4tzchen, Tee, N\u00fcssen und so weiter angewendet werden, kann auch Kosmetik, Seife und Notizbuch, etc. halten.<\/p>\n","protected":false},"featured_media":102609,"comment_status":"open","ping_status":"closed","template":"","meta":[],"product_brand":[],"product_cat":[504,8703],"product_tag":[],"class_list":{"0":"post-102608","1":"product","2":"type-product","3":"status-publish","4":"has-post-thumbnail","6":"product_cat-buerobedarf-schreibwaren","7":"product_cat-umschlaege-versandzubehoer","8":"pa_binding-badartikel","9":"pa_brand-blulu","10":"pa_manufacturer-blulu","11":"pa_model-blulu-smell-proof-bags-01","12":"pa_size-100-stueck-1er-pack","14":"first","15":"instock","16":"shipping-taxable","17":"purchasable","18":"product-type-simple","19":"customify-col","20":"product-has-gallery"},"yoast_head":"<!-- This site is optimized with the Yoast SEO plugin v27.3 - https:\/\/yoast.com\/product\/yoast-seo-wordpress\/ -->\n<title>Wiederverschlie\u00dfbare, geruchsdichte Folienbeutel, flache Ziplock-Tasche f\u00fcr Partygeschenke, Lebensmittelaufbewahrung\u2026 - Markt-XXL<\/title>\n<meta name=\"description\" content=\"Markt-XXL Wiederverschlie\u00dfbare, geruchsdichte Folienbeutel, flache Ziplock-Tasche f\u00fcr Partygeschenke, Lebensmittelaufbewahrung\u2026\" \/>\n<meta name=\"robots\" content=\"index, follow, max-snippet:-1, max-image-preview:large, max-video-preview:-1\" \/>\n<link rel=\"canonical\" href=\"https:\/\/marktxxl.de\/markt\/produkt\/wiederverschliessbare-geruchsdichte-folienbeutel-flache-ziplock-tasche-fuer-partygeschenke-lebensmittelaufbewahrung-100-stueck\/\" \/>\n<meta property=\"og:locale\" content=\"de_DE\" \/>\n<meta property=\"og:type\" content=\"article\" \/>\n<meta property=\"og:title\" content=\"Wiederverschlie\u00dfbare, geruchsdichte Folienbeutel, flache Ziplock-Tasche f\u00fcr Partygeschenke, Lebensmittelaufbewahrung\u2026 - Markt-XXL\" \/>\n<meta property=\"og:description\" content=\"Markt-XXL Wiederverschlie\u00dfbare, geruchsdichte Folienbeutel, flache Ziplock-Tasche f\u00fcr Partygeschenke, Lebensmittelaufbewahrung\u2026\" \/>\n<meta property=\"og:url\" content=\"https:\/\/marktxxl.de\/markt\/produkt\/wiederverschliessbare-geruchsdichte-folienbeutel-flache-ziplock-tasche-fuer-partygeschenke-lebensmittelaufbewahrung-100-stueck\/\" \/>\n<meta property=\"og:site_name\" content=\"Markt-XXL\" \/>\n<meta property=\"article:modified_time\" content=\"2023-04-11T01:26:40+00:00\" \/>\n<meta property=\"og:image\" content=\"https:\/\/m.media-amazon.com\/images\/I\/51e9RW2nEBL._SL500_.jpg\" \/>\n\t<meta property=\"og:image:width\" content=\"500\" \/>\n\t<meta property=\"og:image:height\" content=\"500\" \/>\n\t<meta property=\"og:image:type\" content=\"image\/jpeg\" \/>\n<meta name=\"twitter:card\" content=\"summary_large_image\" \/>\n<meta name=\"twitter:label1\" content=\"Gesch\u00e4tzte Lesezeit\" \/>\n\t<meta name=\"twitter:data1\" content=\"1\u00a0Minute\" \/>\n<script type=\"application\/ld+json\" class=\"yoast-schema-graph\">{\"@context\":\"https:\\\/\\\/schema.org\",\"@graph\":[{\"@type\":\"WebPage\",\"@id\":\"https:\\\/\\\/marktxxl.de\\\/markt\\\/produkt\\\/wiederverschliessbare-geruchsdichte-folienbeutel-flache-ziplock-tasche-fuer-partygeschenke-lebensmittelaufbewahrung-100-stueck\\\/\",\"url\":\"https:\\\/\\\/marktxxl.de\\\/markt\\\/produkt\\\/wiederverschliessbare-geruchsdichte-folienbeutel-flache-ziplock-tasche-fuer-partygeschenke-lebensmittelaufbewahrung-100-stueck\\\/\",\"name\":\"Wiederverschlie\u00dfbare, geruchsdichte Folienbeutel, flache Ziplock-Tasche f\u00fcr Partygeschenke, Lebensmittelaufbewahrung\u2026 - Markt-XXL\",\"isPartOf\":{\"@id\":\"https:\\\/\\\/marktxxl.de\\\/markt\\\/#website\"},\"primaryImageOfPage\":{\"@id\":\"https:\\\/\\\/marktxxl.de\\\/markt\\\/produkt\\\/wiederverschliessbare-geruchsdichte-folienbeutel-flache-ziplock-tasche-fuer-partygeschenke-lebensmittelaufbewahrung-100-stueck\\\/#primaryimage\"},\"image\":{\"@id\":\"https:\\\/\\\/marktxxl.de\\\/markt\\\/produkt\\\/wiederverschliessbare-geruchsdichte-folienbeutel-flache-ziplock-tasche-fuer-partygeschenke-lebensmittelaufbewahrung-100-stueck\\\/#primaryimage\"},\"thumbnailUrl\":\"https:\\\/\\\/m.media-amazon.com\\\/images\\\/I\\\/51e9RW2nEBL._SL500_.jpg\",\"datePublished\":\"2022-01-27T18:12:08+00:00\",\"dateModified\":\"2023-04-11T01:26:40+00:00\",\"description\":\"Markt-XXL Wiederverschlie\u00dfbare, geruchsdichte Folienbeutel, flache Ziplock-Tasche f\u00fcr Partygeschenke, Lebensmittelaufbewahrung\u2026\",\"breadcrumb\":{\"@id\":\"https:\\\/\\\/marktxxl.de\\\/markt\\\/produkt\\\/wiederverschliessbare-geruchsdichte-folienbeutel-flache-ziplock-tasche-fuer-partygeschenke-lebensmittelaufbewahrung-100-stueck\\\/#breadcrumb\"},\"inLanguage\":\"de\",\"potentialAction\":[{\"@type\":\"ReadAction\",\"target\":[\"https:\\\/\\\/marktxxl.de\\\/markt\\\/produkt\\\/wiederverschliessbare-geruchsdichte-folienbeutel-flache-ziplock-tasche-fuer-partygeschenke-lebensmittelaufbewahrung-100-stueck\\\/\"]}]},{\"@type\":\"ImageObject\",\"inLanguage\":\"de\",\"@id\":\"https:\\\/\\\/marktxxl.de\\\/markt\\\/produkt\\\/wiederverschliessbare-geruchsdichte-folienbeutel-flache-ziplock-tasche-fuer-partygeschenke-lebensmittelaufbewahrung-100-stueck\\\/#primaryimage\",\"url\":\"https:\\\/\\\/m.media-amazon.com\\\/images\\\/I\\\/51e9RW2nEBL._SL500_.jpg\",\"contentUrl\":\"https:\\\/\\\/m.media-amazon.com\\\/images\\\/I\\\/51e9RW2nEBL._SL500_.jpg\",\"width\":500,\"height\":500},{\"@type\":\"BreadcrumbList\",\"@id\":\"https:\\\/\\\/marktxxl.de\\\/markt\\\/produkt\\\/wiederverschliessbare-geruchsdichte-folienbeutel-flache-ziplock-tasche-fuer-partygeschenke-lebensmittelaufbewahrung-100-stueck\\\/#breadcrumb\",\"itemListElement\":[{\"@type\":\"ListItem\",\"position\":1,\"name\":\"Startseite\",\"item\":\"https:\\\/\\\/marktxxl.de\\\/markt\\\/\"},{\"@type\":\"ListItem\",\"position\":2,\"name\":\"Markt\",\"item\":\"https:\\\/\\\/marktxxl.de\\\/markt\\\/\"},{\"@type\":\"ListItem\",\"position\":3,\"name\":\"Wiederverschlie\u00dfbare, geruchsdichte Folienbeutel, flache Ziplock-Tasche f\u00fcr Partygeschenke, Lebensmittelaufbewahrung\u2026\"}]},{\"@type\":\"WebSite\",\"@id\":\"https:\\\/\\\/marktxxl.de\\\/markt\\\/#website\",\"url\":\"https:\\\/\\\/marktxxl.de\\\/markt\\\/\",\"name\":\"Markt-XXL\",\"description\":\"Ihr Markt Online\",\"publisher\":{\"@id\":\"https:\\\/\\\/marktxxl.de\\\/markt\\\/#organization\"},\"potentialAction\":[{\"@type\":\"SearchAction\",\"target\":{\"@type\":\"EntryPoint\",\"urlTemplate\":\"https:\\\/\\\/marktxxl.de\\\/markt\\\/?s={search_term_string}\"},\"query-input\":{\"@type\":\"PropertyValueSpecification\",\"valueRequired\":true,\"valueName\":\"search_term_string\"}}],\"inLanguage\":\"de\"},{\"@type\":\"Organization\",\"@id\":\"https:\\\/\\\/marktxxl.de\\\/markt\\\/#organization\",\"name\":\"Markt-XXL\",\"url\":\"https:\\\/\\\/marktxxl.de\\\/markt\\\/\",\"logo\":{\"@type\":\"ImageObject\",\"inLanguage\":\"de\",\"@id\":\"https:\\\/\\\/marktxxl.de\\\/markt\\\/#\\\/schema\\\/logo\\\/image\\\/\",\"url\":\"https:\\\/\\\/marktxxl.de\\\/markt\\\/wp-content\\\/uploads\\\/sites\\\/3\\\/2020\\\/12\\\/logo.png\",\"contentUrl\":\"https:\\\/\\\/marktxxl.de\\\/markt\\\/wp-content\\\/uploads\\\/sites\\\/3\\\/2020\\\/12\\\/logo.png\",\"width\":200,\"height\":70,\"caption\":\"Markt-XXL\"},\"image\":{\"@id\":\"https:\\\/\\\/marktxxl.de\\\/markt\\\/#\\\/schema\\\/logo\\\/image\\\/\"}}]}<\/script>\n<!-- \/ Yoast SEO plugin. -->","yoast_head_json":{"title":"Wiederverschlie\u00dfbare, geruchsdichte Folienbeutel, flache Ziplock-Tasche f\u00fcr Partygeschenke, Lebensmittelaufbewahrung\u2026 - Markt-XXL","description":"Markt-XXL Wiederverschlie\u00dfbare, geruchsdichte Folienbeutel, flache Ziplock-Tasche f\u00fcr Partygeschenke, Lebensmittelaufbewahrung\u2026","robots":{"index":"index","follow":"follow","max-snippet":"max-snippet:-1","max-image-preview":"max-image-preview:large","max-video-preview":"max-video-preview:-1"},"canonical":"https:\/\/marktxxl.de\/markt\/produkt\/wiederverschliessbare-geruchsdichte-folienbeutel-flache-ziplock-tasche-fuer-partygeschenke-lebensmittelaufbewahrung-100-stueck\/","og_locale":"de_DE","og_type":"article","og_title":"Wiederverschlie\u00dfbare, geruchsdichte Folienbeutel, flache Ziplock-Tasche f\u00fcr Partygeschenke, Lebensmittelaufbewahrung\u2026 - Markt-XXL","og_description":"Markt-XXL Wiederverschlie\u00dfbare, geruchsdichte Folienbeutel, flache Ziplock-Tasche f\u00fcr Partygeschenke, Lebensmittelaufbewahrung\u2026","og_url":"https:\/\/marktxxl.de\/markt\/produkt\/wiederverschliessbare-geruchsdichte-folienbeutel-flache-ziplock-tasche-fuer-partygeschenke-lebensmittelaufbewahrung-100-stueck\/","og_site_name":"Markt-XXL","article_modified_time":"2023-04-11T01:26:40+00:00","og_image":[{"width":500,"height":500,"url":"https:\/\/m.media-amazon.com\/images\/I\/51e9RW2nEBL._SL500_.jpg","type":"image\/jpeg"}],"twitter_card":"summary_large_image","twitter_misc":{"Gesch\u00e4tzte Lesezeit":"1\u00a0Minute"},"schema":{"@context":"https:\/\/schema.org","@graph":[{"@type":"WebPage","@id":"https:\/\/marktxxl.de\/markt\/produkt\/wiederverschliessbare-geruchsdichte-folienbeutel-flache-ziplock-tasche-fuer-partygeschenke-lebensmittelaufbewahrung-100-stueck\/","url":"https:\/\/marktxxl.de\/markt\/produkt\/wiederverschliessbare-geruchsdichte-folienbeutel-flache-ziplock-tasche-fuer-partygeschenke-lebensmittelaufbewahrung-100-stueck\/","name":"Wiederverschlie\u00dfbare, geruchsdichte Folienbeutel, flache Ziplock-Tasche f\u00fcr Partygeschenke, Lebensmittelaufbewahrung\u2026 - Markt-XXL","isPartOf":{"@id":"https:\/\/marktxxl.de\/markt\/#website"},"primaryImageOfPage":{"@id":"https:\/\/marktxxl.de\/markt\/produkt\/wiederverschliessbare-geruchsdichte-folienbeutel-flache-ziplock-tasche-fuer-partygeschenke-lebensmittelaufbewahrung-100-stueck\/#primaryimage"},"image":{"@id":"https:\/\/marktxxl.de\/markt\/produkt\/wiederverschliessbare-geruchsdichte-folienbeutel-flache-ziplock-tasche-fuer-partygeschenke-lebensmittelaufbewahrung-100-stueck\/#primaryimage"},"thumbnailUrl":"https:\/\/m.media-amazon.com\/images\/I\/51e9RW2nEBL._SL500_.jpg","datePublished":"2022-01-27T18:12:08+00:00","dateModified":"2023-04-11T01:26:40+00:00","description":"Markt-XXL Wiederverschlie\u00dfbare, geruchsdichte Folienbeutel, flache Ziplock-Tasche f\u00fcr Partygeschenke, Lebensmittelaufbewahrung\u2026","breadcrumb":{"@id":"https:\/\/marktxxl.de\/markt\/produkt\/wiederverschliessbare-geruchsdichte-folienbeutel-flache-ziplock-tasche-fuer-partygeschenke-lebensmittelaufbewahrung-100-stueck\/#breadcrumb"},"inLanguage":"de","potentialAction":[{"@type":"ReadAction","target":["https:\/\/marktxxl.de\/markt\/produkt\/wiederverschliessbare-geruchsdichte-folienbeutel-flache-ziplock-tasche-fuer-partygeschenke-lebensmittelaufbewahrung-100-stueck\/"]}]},{"@type":"ImageObject","inLanguage":"de","@id":"https:\/\/marktxxl.de\/markt\/produkt\/wiederverschliessbare-geruchsdichte-folienbeutel-flache-ziplock-tasche-fuer-partygeschenke-lebensmittelaufbewahrung-100-stueck\/#primaryimage","url":"https:\/\/m.media-amazon.com\/images\/I\/51e9RW2nEBL._SL500_.jpg","contentUrl":"https:\/\/m.media-amazon.com\/images\/I\/51e9RW2nEBL._SL500_.jpg","width":500,"height":500},{"@type":"BreadcrumbList","@id":"https:\/\/marktxxl.de\/markt\/produkt\/wiederverschliessbare-geruchsdichte-folienbeutel-flache-ziplock-tasche-fuer-partygeschenke-lebensmittelaufbewahrung-100-stueck\/#breadcrumb","itemListElement":[{"@type":"ListItem","position":1,"name":"Startseite","item":"https:\/\/marktxxl.de\/markt\/"},{"@type":"ListItem","position":2,"name":"Markt","item":"https:\/\/marktxxl.de\/markt\/"},{"@type":"ListItem","position":3,"name":"Wiederverschlie\u00dfbare, geruchsdichte Folienbeutel, flache Ziplock-Tasche f\u00fcr Partygeschenke, Lebensmittelaufbewahrung\u2026"}]},{"@type":"WebSite","@id":"https:\/\/marktxxl.de\/markt\/#website","url":"https:\/\/marktxxl.de\/markt\/","name":"Markt-XXL","description":"Ihr Markt Online","publisher":{"@id":"https:\/\/marktxxl.de\/markt\/#organization"},"potentialAction":[{"@type":"SearchAction","target":{"@type":"EntryPoint","urlTemplate":"https:\/\/marktxxl.de\/markt\/?s={search_term_string}"},"query-input":{"@type":"PropertyValueSpecification","valueRequired":true,"valueName":"search_term_string"}}],"inLanguage":"de"},{"@type":"Organization","@id":"https:\/\/marktxxl.de\/markt\/#organization","name":"Markt-XXL","url":"https:\/\/marktxxl.de\/markt\/","logo":{"@type":"ImageObject","inLanguage":"de","@id":"https:\/\/marktxxl.de\/markt\/#\/schema\/logo\/image\/","url":"https:\/\/marktxxl.de\/markt\/wp-content\/uploads\/sites\/3\/2020\/12\/logo.png","contentUrl":"https:\/\/marktxxl.de\/markt\/wp-content\/uploads\/sites\/3\/2020\/12\/logo.png","width":200,"height":70,"caption":"Markt-XXL"},"image":{"@id":"https:\/\/marktxxl.de\/markt\/#\/schema\/logo\/image\/"}}]}},"_links":{"self":[{"href":"https:\/\/marktxxl.de\/markt\/wp-json\/wp\/v2\/product\/102608","targetHints":{"allow":["GET"]}}],"collection":[{"href":"https:\/\/marktxxl.de\/markt\/wp-json\/wp\/v2\/product"}],"about":[{"href":"https:\/\/marktxxl.de\/markt\/wp-json\/wp\/v2\/types\/product"}],"replies":[{"embeddable":true,"href":"https:\/\/marktxxl.de\/markt\/wp-json\/wp\/v2\/comments?post=102608"}],"wp:featuredmedia":[{"embeddable":true,"href":"https:\/\/marktxxl.de\/markt\/wp-json\/wp\/v2\/media\/102609"}],"wp:attachment":[{"href":"https:\/\/marktxxl.de\/markt\/wp-json\/wp\/v2\/media?parent=102608"}],"wp:term":[{"taxonomy":"product_brand","embeddable":true,"href":"https:\/\/marktxxl.de\/markt\/wp-json\/wp\/v2\/product_brand?post=102608"},{"taxonomy":"product_cat","embeddable":true,"href":"https:\/\/marktxxl.de\/markt\/wp-json\/wp\/v2\/product_cat?post=102608"},{"taxonomy":"product_tag","embeddable":true,"href":"https:\/\/marktxxl.de\/markt\/wp-json\/wp\/v2\/product_tag?post=102608"}],"curies":[{"name":"wp","href":"https:\/\/api.w.org\/{rel}","templated":true}]}}