{"id":102532,"date":"2022-01-27T19:09:37","date_gmt":"2022-01-27T18:09:37","guid":{"rendered":"https:\/\/marktxxl.de\/markt\/produkt\/sechs-positionen-360-ergonomische-baby-kindstrage-von-lillebaby-luftdurchlaessigkeit\/"},"modified":"2023-04-11T03:26:38","modified_gmt":"2023-04-11T01:26:38","slug":"sechs-positionen-360-ergonomische-baby-kindstrage-von-lillebaby-luftdurchlaessigkeit","status":"publish","type":"product","link":"https:\/\/marktxxl.de\/markt\/produkt\/sechs-positionen-360-ergonomische-baby-kindstrage-von-lillebaby-luftdurchlaessigkeit\/","title":{"rendered":"L\u00cdLL\u00c9baby Complete Airflow, Verstellbare 6-in-1-Babytrage f\u00fcr Neugeborene und Kleinkinder \u2013 Grau und Silber"},"content":{"rendered":"<p>Sechs Positionen: Die L\u00edLL\u00c9baby Complete Ganzjahres-Babytrage verf\u00fcgt \u00fcber 6 ergonomische Tragevarianten f\u00fcr 360-Grad-Baby. Rei\u00dfverschluss vorne gibt Kontrolle \u00fcber die Temperatur Ihres Kindes, indem unser atmungsaktives Netzgewebe freigelegt wird<br \/>\nVielseitiger Tragekomfort: Die komplette Babytrage von L\u00edLL\u00c9baby bietet Komfort und Unterst\u00fctzung f\u00fcr alle mit Zwei-Wege-Gurten f\u00fcr Front- oder Rucksack-Tragen, gro\u00dfer Aufbewahrungstasche, abnehmbarer Schlafhaube und ausziehbarem Oberk\u00f6rper<br \/>\nFreih\u00e4ndiger Komfort: unterwegs k\u00f6nnen Sie Ihr Kind bequem und stilvoll halten. Verstellbare Seitenteile erweitern und schmalen den Sitz f\u00fcr eine bequeme H\u00fcftpositionierung<br \/>\nNat\u00fcrliche Bindung: L\u00edLL\u00c9baby stellt Babyprodukte her, die den Eltern funktionalen Stil bringen. Wir m\u00f6chten, dass Eltern in der Lage sind, das Baby in der N\u00e4he zu halten, w\u00e4hrend sie eine nat\u00fcrliche Bindung mit bequemen Babytraget\u00fcchern und Traget\u00fcchern aufbauen<br \/>\nF\u00fcr L\u00edLL\u00c9baby ist Innovation immer oberste Priorit\u00e4t. Wir werden nicht ruhen, bis jeder Hausmeister Zugang zu den besten Babytraget-L\u00f6sungen hat, die Familien erm\u00f6glichen, Komfort, N\u00e4he und Unabh\u00e4ngigkeit im Gleichgewicht zu halten<br \/>\n<div class=\"main-cross-sell\" data-asin=\"B07FNYC8FS\">\n\n\t<div class=\"WooZone-cross-sell-loader\">\n\t\t<div>\n\t\t\t<div id=\"floatingBarsG\">\n\t\t\t\t<div class=\"blockG\" id=\"rotateG_01\"><\/div>\n\t\t\t\t<div class=\"blockG\" id=\"rotateG_02\"><\/div>\n\t\t\t\t<div class=\"blockG\" id=\"rotateG_03\"><\/div>\n\t\t\t\t<div class=\"blockG\" id=\"rotateG_04\"><\/div>\n\t\t\t\t<div class=\"blockG\" id=\"rotateG_05\"><\/div>\n\t\t\t\t<div class=\"blockG\" id=\"rotateG_06\"><\/div>\n\t\t\t\t<div class=\"blockG\" id=\"rotateG_07\"><\/div>\n\t\t\t\t<div class=\"blockG\" id=\"rotateG_08\"><\/div>\n\t\t\t<\/div>\n\t\t\t<div class=\"WooZone-cross-sell-loader-text\"><\/div>\n\t\t<\/div>\n\t<\/div>\n\n\t\t\n<\/div>\n<div style=\"clear:both;\"><\/div><\/p>\n","protected":false},"excerpt":{"rendered":"<p>Sechs Positionen: Die L\u00edLL\u00c9baby Complete Ganzjahres-Babytrage verf\u00fcgt \u00fcber 6 ergonomische Tragevarianten f\u00fcr 360-Grad-Baby. Rei\u00dfverschluss vorne gibt Kontrolle \u00fcber die Temperatur Ihres Kindes, indem unser atmungsaktives Netzgewebe freigelegt wird<br \/>\nVielseitiger Tragekomfort: Die komplette Babytrage von L\u00edLL\u00c9baby bietet Komfort und Unterst\u00fctzung f\u00fcr alle mit Zwei-Wege-Gurten f\u00fcr Front- oder Rucksack-Tragen, gro\u00dfer Aufbewahrungstasche, abnehmbarer Schlafhaube und ausziehbarem Oberk\u00f6rper<br \/>\nFreih\u00e4ndiger Komfort: unterwegs k\u00f6nnen Sie Ihr Kind bequem und stilvoll halten. Verstellbare Seitenteile erweitern und schmalen den Sitz f\u00fcr eine bequeme H\u00fcftpositionierung<\/p>\n","protected":false},"featured_media":102533,"comment_status":"open","ping_status":"closed","template":"","meta":[],"product_brand":[],"product_cat":[21,9074],"product_tag":[],"class_list":{"0":"post-102532","1":"product","2":"type-product","3":"status-publish","4":"has-post-thumbnail","6":"product_cat-baby","7":"product_cat-babytragen-baby","8":"pa_binding-babyartikel","9":"pa_brand-lillebaby","10":"pa_height-10-zoll","11":"pa_length-12-zoll","12":"pa_manufacturer-lillebaby","13":"pa_model-parentairflow","14":"pa_size-one-size","15":"pa_width-0-7-zoll","17":"first","18":"instock","19":"shipping-taxable","20":"purchasable","21":"product-type-simple","22":"customify-col","23":"product-has-gallery"},"yoast_head":"<!-- This site is optimized with the Yoast SEO plugin v27.4 - https:\/\/yoast.com\/product\/yoast-seo-wordpress\/ -->\n<title>L\u00cdLL\u00c9baby Complete Airflow, Verstellbare 6-in-1-Babytrage f\u00fcr Neugeborene und Kleinkinder \u2013 Grau und Silber - Markt-XXL<\/title>\n<meta name=\"description\" content=\"Markt-XXL L\u00cdLL\u00c9baby Complete Airflow, Verstellbare 6-in-1-Babytrage f\u00fcr Neugeborene und Kleinkinder \u2013 Grau und Silber\" \/>\n<meta name=\"robots\" content=\"index, follow, max-snippet:-1, max-image-preview:large, max-video-preview:-1\" \/>\n<link rel=\"canonical\" href=\"https:\/\/marktxxl.de\/markt\/produkt\/sechs-positionen-360-ergonomische-baby-kindstrage-von-lillebaby-luftdurchlaessigkeit\/\" \/>\n<meta property=\"og:locale\" content=\"de_DE\" \/>\n<meta property=\"og:type\" content=\"article\" \/>\n<meta property=\"og:title\" content=\"L\u00cdLL\u00c9baby Complete Airflow, Verstellbare 6-in-1-Babytrage f\u00fcr Neugeborene und Kleinkinder \u2013 Grau und Silber - Markt-XXL\" \/>\n<meta property=\"og:description\" content=\"Markt-XXL L\u00cdLL\u00c9baby Complete Airflow, Verstellbare 6-in-1-Babytrage f\u00fcr Neugeborene und Kleinkinder \u2013 Grau und Silber\" \/>\n<meta property=\"og:url\" content=\"https:\/\/marktxxl.de\/markt\/produkt\/sechs-positionen-360-ergonomische-baby-kindstrage-von-lillebaby-luftdurchlaessigkeit\/\" \/>\n<meta property=\"og:site_name\" content=\"Markt-XXL\" \/>\n<meta property=\"article:modified_time\" content=\"2023-04-11T01:26:38+00:00\" \/>\n<meta property=\"og:image\" content=\"https:\/\/m.media-amazon.com\/images\/I\/41SeaVEgjgL._SL500_.jpg\" \/>\n\t<meta property=\"og:image:width\" content=\"500\" \/>\n\t<meta property=\"og:image:height\" content=\"500\" \/>\n\t<meta property=\"og:image:type\" content=\"image\/jpeg\" \/>\n<meta name=\"twitter:card\" content=\"summary_large_image\" \/>\n<meta name=\"twitter:label1\" content=\"Gesch\u00e4tzte Lesezeit\" \/>\n\t<meta name=\"twitter:data1\" content=\"1\u00a0Minute\" \/>\n<script type=\"application\/ld+json\" class=\"yoast-schema-graph\">{\"@context\":\"https:\\\/\\\/schema.org\",\"@graph\":[{\"@type\":\"WebPage\",\"@id\":\"https:\\\/\\\/marktxxl.de\\\/markt\\\/produkt\\\/sechs-positionen-360-ergonomische-baby-kindstrage-von-lillebaby-luftdurchlaessigkeit\\\/\",\"url\":\"https:\\\/\\\/marktxxl.de\\\/markt\\\/produkt\\\/sechs-positionen-360-ergonomische-baby-kindstrage-von-lillebaby-luftdurchlaessigkeit\\\/\",\"name\":\"L\u00cdLL\u00c9baby Complete Airflow, Verstellbare 6-in-1-Babytrage f\u00fcr Neugeborene und Kleinkinder \u2013 Grau und Silber - Markt-XXL\",\"isPartOf\":{\"@id\":\"https:\\\/\\\/marktxxl.de\\\/markt\\\/#website\"},\"primaryImageOfPage\":{\"@id\":\"https:\\\/\\\/marktxxl.de\\\/markt\\\/produkt\\\/sechs-positionen-360-ergonomische-baby-kindstrage-von-lillebaby-luftdurchlaessigkeit\\\/#primaryimage\"},\"image\":{\"@id\":\"https:\\\/\\\/marktxxl.de\\\/markt\\\/produkt\\\/sechs-positionen-360-ergonomische-baby-kindstrage-von-lillebaby-luftdurchlaessigkeit\\\/#primaryimage\"},\"thumbnailUrl\":\"https:\\\/\\\/m.media-amazon.com\\\/images\\\/I\\\/41SeaVEgjgL._SL500_.jpg\",\"datePublished\":\"2022-01-27T18:09:37+00:00\",\"dateModified\":\"2023-04-11T01:26:38+00:00\",\"description\":\"Markt-XXL L\u00cdLL\u00c9baby Complete Airflow, Verstellbare 6-in-1-Babytrage f\u00fcr Neugeborene und Kleinkinder \u2013 Grau und Silber\",\"breadcrumb\":{\"@id\":\"https:\\\/\\\/marktxxl.de\\\/markt\\\/produkt\\\/sechs-positionen-360-ergonomische-baby-kindstrage-von-lillebaby-luftdurchlaessigkeit\\\/#breadcrumb\"},\"inLanguage\":\"de\",\"potentialAction\":[{\"@type\":\"ReadAction\",\"target\":[\"https:\\\/\\\/marktxxl.de\\\/markt\\\/produkt\\\/sechs-positionen-360-ergonomische-baby-kindstrage-von-lillebaby-luftdurchlaessigkeit\\\/\"]}]},{\"@type\":\"ImageObject\",\"inLanguage\":\"de\",\"@id\":\"https:\\\/\\\/marktxxl.de\\\/markt\\\/produkt\\\/sechs-positionen-360-ergonomische-baby-kindstrage-von-lillebaby-luftdurchlaessigkeit\\\/#primaryimage\",\"url\":\"https:\\\/\\\/m.media-amazon.com\\\/images\\\/I\\\/41SeaVEgjgL._SL500_.jpg\",\"contentUrl\":\"https:\\\/\\\/m.media-amazon.com\\\/images\\\/I\\\/41SeaVEgjgL._SL500_.jpg\",\"width\":500,\"height\":500},{\"@type\":\"BreadcrumbList\",\"@id\":\"https:\\\/\\\/marktxxl.de\\\/markt\\\/produkt\\\/sechs-positionen-360-ergonomische-baby-kindstrage-von-lillebaby-luftdurchlaessigkeit\\\/#breadcrumb\",\"itemListElement\":[{\"@type\":\"ListItem\",\"position\":1,\"name\":\"Startseite\",\"item\":\"https:\\\/\\\/marktxxl.de\\\/markt\\\/\"},{\"@type\":\"ListItem\",\"position\":2,\"name\":\"Markt\",\"item\":\"https:\\\/\\\/marktxxl.de\\\/markt\\\/\"},{\"@type\":\"ListItem\",\"position\":3,\"name\":\"L\u00cdLL\u00c9baby Complete Airflow, Verstellbare 6-in-1-Babytrage f\u00fcr Neugeborene und Kleinkinder \u2013 Grau und Silber\"}]},{\"@type\":\"WebSite\",\"@id\":\"https:\\\/\\\/marktxxl.de\\\/markt\\\/#website\",\"url\":\"https:\\\/\\\/marktxxl.de\\\/markt\\\/\",\"name\":\"Markt-XXL\",\"description\":\"Ihr Markt Online\",\"publisher\":{\"@id\":\"https:\\\/\\\/marktxxl.de\\\/markt\\\/#organization\"},\"potentialAction\":[{\"@type\":\"SearchAction\",\"target\":{\"@type\":\"EntryPoint\",\"urlTemplate\":\"https:\\\/\\\/marktxxl.de\\\/markt\\\/?s={search_term_string}\"},\"query-input\":{\"@type\":\"PropertyValueSpecification\",\"valueRequired\":true,\"valueName\":\"search_term_string\"}}],\"inLanguage\":\"de\"},{\"@type\":\"Organization\",\"@id\":\"https:\\\/\\\/marktxxl.de\\\/markt\\\/#organization\",\"name\":\"Markt-XXL\",\"url\":\"https:\\\/\\\/marktxxl.de\\\/markt\\\/\",\"logo\":{\"@type\":\"ImageObject\",\"inLanguage\":\"de\",\"@id\":\"https:\\\/\\\/marktxxl.de\\\/markt\\\/#\\\/schema\\\/logo\\\/image\\\/\",\"url\":\"https:\\\/\\\/marktxxl.de\\\/markt\\\/wp-content\\\/uploads\\\/sites\\\/3\\\/2020\\\/12\\\/logo.png\",\"contentUrl\":\"https:\\\/\\\/marktxxl.de\\\/markt\\\/wp-content\\\/uploads\\\/sites\\\/3\\\/2020\\\/12\\\/logo.png\",\"width\":200,\"height\":70,\"caption\":\"Markt-XXL\"},\"image\":{\"@id\":\"https:\\\/\\\/marktxxl.de\\\/markt\\\/#\\\/schema\\\/logo\\\/image\\\/\"}}]}<\/script>\n<!-- \/ Yoast SEO plugin. -->","yoast_head_json":{"title":"L\u00cdLL\u00c9baby Complete Airflow, Verstellbare 6-in-1-Babytrage f\u00fcr Neugeborene und Kleinkinder \u2013 Grau und Silber - Markt-XXL","description":"Markt-XXL L\u00cdLL\u00c9baby Complete Airflow, Verstellbare 6-in-1-Babytrage f\u00fcr Neugeborene und Kleinkinder \u2013 Grau und Silber","robots":{"index":"index","follow":"follow","max-snippet":"max-snippet:-1","max-image-preview":"max-image-preview:large","max-video-preview":"max-video-preview:-1"},"canonical":"https:\/\/marktxxl.de\/markt\/produkt\/sechs-positionen-360-ergonomische-baby-kindstrage-von-lillebaby-luftdurchlaessigkeit\/","og_locale":"de_DE","og_type":"article","og_title":"L\u00cdLL\u00c9baby Complete Airflow, Verstellbare 6-in-1-Babytrage f\u00fcr Neugeborene und Kleinkinder \u2013 Grau und Silber - Markt-XXL","og_description":"Markt-XXL L\u00cdLL\u00c9baby Complete Airflow, Verstellbare 6-in-1-Babytrage f\u00fcr Neugeborene und Kleinkinder \u2013 Grau und Silber","og_url":"https:\/\/marktxxl.de\/markt\/produkt\/sechs-positionen-360-ergonomische-baby-kindstrage-von-lillebaby-luftdurchlaessigkeit\/","og_site_name":"Markt-XXL","article_modified_time":"2023-04-11T01:26:38+00:00","og_image":[{"width":500,"height":500,"url":"https:\/\/m.media-amazon.com\/images\/I\/41SeaVEgjgL._SL500_.jpg","type":"image\/jpeg"}],"twitter_card":"summary_large_image","twitter_misc":{"Gesch\u00e4tzte Lesezeit":"1\u00a0Minute"},"schema":{"@context":"https:\/\/schema.org","@graph":[{"@type":"WebPage","@id":"https:\/\/marktxxl.de\/markt\/produkt\/sechs-positionen-360-ergonomische-baby-kindstrage-von-lillebaby-luftdurchlaessigkeit\/","url":"https:\/\/marktxxl.de\/markt\/produkt\/sechs-positionen-360-ergonomische-baby-kindstrage-von-lillebaby-luftdurchlaessigkeit\/","name":"L\u00cdLL\u00c9baby Complete Airflow, Verstellbare 6-in-1-Babytrage f\u00fcr Neugeborene und Kleinkinder \u2013 Grau und Silber - Markt-XXL","isPartOf":{"@id":"https:\/\/marktxxl.de\/markt\/#website"},"primaryImageOfPage":{"@id":"https:\/\/marktxxl.de\/markt\/produkt\/sechs-positionen-360-ergonomische-baby-kindstrage-von-lillebaby-luftdurchlaessigkeit\/#primaryimage"},"image":{"@id":"https:\/\/marktxxl.de\/markt\/produkt\/sechs-positionen-360-ergonomische-baby-kindstrage-von-lillebaby-luftdurchlaessigkeit\/#primaryimage"},"thumbnailUrl":"https:\/\/m.media-amazon.com\/images\/I\/41SeaVEgjgL._SL500_.jpg","datePublished":"2022-01-27T18:09:37+00:00","dateModified":"2023-04-11T01:26:38+00:00","description":"Markt-XXL L\u00cdLL\u00c9baby Complete Airflow, Verstellbare 6-in-1-Babytrage f\u00fcr Neugeborene und Kleinkinder \u2013 Grau und Silber","breadcrumb":{"@id":"https:\/\/marktxxl.de\/markt\/produkt\/sechs-positionen-360-ergonomische-baby-kindstrage-von-lillebaby-luftdurchlaessigkeit\/#breadcrumb"},"inLanguage":"de","potentialAction":[{"@type":"ReadAction","target":["https:\/\/marktxxl.de\/markt\/produkt\/sechs-positionen-360-ergonomische-baby-kindstrage-von-lillebaby-luftdurchlaessigkeit\/"]}]},{"@type":"ImageObject","inLanguage":"de","@id":"https:\/\/marktxxl.de\/markt\/produkt\/sechs-positionen-360-ergonomische-baby-kindstrage-von-lillebaby-luftdurchlaessigkeit\/#primaryimage","url":"https:\/\/m.media-amazon.com\/images\/I\/41SeaVEgjgL._SL500_.jpg","contentUrl":"https:\/\/m.media-amazon.com\/images\/I\/41SeaVEgjgL._SL500_.jpg","width":500,"height":500},{"@type":"BreadcrumbList","@id":"https:\/\/marktxxl.de\/markt\/produkt\/sechs-positionen-360-ergonomische-baby-kindstrage-von-lillebaby-luftdurchlaessigkeit\/#breadcrumb","itemListElement":[{"@type":"ListItem","position":1,"name":"Startseite","item":"https:\/\/marktxxl.de\/markt\/"},{"@type":"ListItem","position":2,"name":"Markt","item":"https:\/\/marktxxl.de\/markt\/"},{"@type":"ListItem","position":3,"name":"L\u00cdLL\u00c9baby Complete Airflow, Verstellbare 6-in-1-Babytrage f\u00fcr Neugeborene und Kleinkinder \u2013 Grau und Silber"}]},{"@type":"WebSite","@id":"https:\/\/marktxxl.de\/markt\/#website","url":"https:\/\/marktxxl.de\/markt\/","name":"Markt-XXL","description":"Ihr Markt Online","publisher":{"@id":"https:\/\/marktxxl.de\/markt\/#organization"},"potentialAction":[{"@type":"SearchAction","target":{"@type":"EntryPoint","urlTemplate":"https:\/\/marktxxl.de\/markt\/?s={search_term_string}"},"query-input":{"@type":"PropertyValueSpecification","valueRequired":true,"valueName":"search_term_string"}}],"inLanguage":"de"},{"@type":"Organization","@id":"https:\/\/marktxxl.de\/markt\/#organization","name":"Markt-XXL","url":"https:\/\/marktxxl.de\/markt\/","logo":{"@type":"ImageObject","inLanguage":"de","@id":"https:\/\/marktxxl.de\/markt\/#\/schema\/logo\/image\/","url":"https:\/\/marktxxl.de\/markt\/wp-content\/uploads\/sites\/3\/2020\/12\/logo.png","contentUrl":"https:\/\/marktxxl.de\/markt\/wp-content\/uploads\/sites\/3\/2020\/12\/logo.png","width":200,"height":70,"caption":"Markt-XXL"},"image":{"@id":"https:\/\/marktxxl.de\/markt\/#\/schema\/logo\/image\/"}}]}},"_links":{"self":[{"href":"https:\/\/marktxxl.de\/markt\/wp-json\/wp\/v2\/product\/102532","targetHints":{"allow":["GET"]}}],"collection":[{"href":"https:\/\/marktxxl.de\/markt\/wp-json\/wp\/v2\/product"}],"about":[{"href":"https:\/\/marktxxl.de\/markt\/wp-json\/wp\/v2\/types\/product"}],"replies":[{"embeddable":true,"href":"https:\/\/marktxxl.de\/markt\/wp-json\/wp\/v2\/comments?post=102532"}],"wp:featuredmedia":[{"embeddable":true,"href":"https:\/\/marktxxl.de\/markt\/wp-json\/wp\/v2\/media\/102533"}],"wp:attachment":[{"href":"https:\/\/marktxxl.de\/markt\/wp-json\/wp\/v2\/media?parent=102532"}],"wp:term":[{"taxonomy":"product_brand","embeddable":true,"href":"https:\/\/marktxxl.de\/markt\/wp-json\/wp\/v2\/product_brand?post=102532"},{"taxonomy":"product_cat","embeddable":true,"href":"https:\/\/marktxxl.de\/markt\/wp-json\/wp\/v2\/product_cat?post=102532"},{"taxonomy":"product_tag","embeddable":true,"href":"https:\/\/marktxxl.de\/markt\/wp-json\/wp\/v2\/product_tag?post=102532"}],"curies":[{"name":"wp","href":"https:\/\/api.w.org\/{rel}","templated":true}]}}