{"id":102398,"date":"2022-01-27T19:03:20","date_gmt":"2022-01-27T18:03:20","guid":{"rendered":"https:\/\/marktxxl.de\/markt\/produkt\/nagelschere\/"},"modified":"2023-04-11T03:26:37","modified_gmt":"2023-04-11T01:26:37","slug":"nagelschere","status":"publish","type":"product","link":"https:\/\/marktxxl.de\/markt\/produkt\/nagelschere\/","title":{"rendered":"FABCARE Nagelschere"},"content":{"rendered":"<p>INNOVATIVE MIKROVERZAHNUNG &#8211; Die einseitige Mikroverzahnung der Nagelschere sorgt f\u00fcr besseren Grip w\u00e4hrend des Schneidens und verhindert ein Abrutschen. Das Schneiden f\u00e4llt somit einfacher als bei herk\u00f6mmlichen Nagelscheren.<br \/>\nVIELSEITIGE ANWENDUNG &#8211; Die Nagelschere eignet sich hervorragend zum Schneiden der Fingern\u00e4gel und dicker Zehenn\u00e4gel. Auch als feine Hautschere oder zum K\u00fcrzen kleiner H\u00e4rchen ist die Schere bestens geeignet. F\u00fcr Rechts- und Linksh\u00e4nder geeignet.<br \/>\nEXTRA SCHARF &amp; LANGLEBIG &#8211; Unsere Fingernagelschere \u00fcberzeugt dank ihrer Langlebigkeit. Dank hochwertigem Edelstahl und einer pr\u00e4zisen Fertigung beh\u00e4lt die Nagelhautschere \u00fcber lange Zeit ihre hervorragende Schneidequalit\u00e4t.<br \/>\nINKLUSIVE ETUI &amp; SPITZENSCHUTZ &#8211; Dank praktischem Etui und Spitzenschutz bleibt die Nagelschere zu jeder Zeit bestens gesch\u00fctzt, egal ob in der Handtsche, im Kulturbeutel oder Zuhause. Inklusive gratis Nagelpflege Guide Ebook.<br \/>\n100% ZUFRIEDENHEITSGARANTIE &#8211; Wir von FABCARE m\u00f6chten, dass unsere Kunden zu 100,0% zufrieden sind. Deshalb erstatten wir Ihnen bei Unzufriedenheit den vollen Kaufpreis &#8211; ohne Wenn und Aber! Die Bestellung ist f\u00fcr Sie somit absolut risikofrei.<br \/>\n<div class=\"main-cross-sell\" data-asin=\"B09HCDZF3L\">\n\n\t<div class=\"WooZone-cross-sell-loader\">\n\t\t<div>\n\t\t\t<div id=\"floatingBarsG\">\n\t\t\t\t<div class=\"blockG\" id=\"rotateG_01\"><\/div>\n\t\t\t\t<div class=\"blockG\" id=\"rotateG_02\"><\/div>\n\t\t\t\t<div class=\"blockG\" id=\"rotateG_03\"><\/div>\n\t\t\t\t<div class=\"blockG\" id=\"rotateG_04\"><\/div>\n\t\t\t\t<div class=\"blockG\" id=\"rotateG_05\"><\/div>\n\t\t\t\t<div class=\"blockG\" id=\"rotateG_06\"><\/div>\n\t\t\t\t<div class=\"blockG\" id=\"rotateG_07\"><\/div>\n\t\t\t\t<div class=\"blockG\" id=\"rotateG_08\"><\/div>\n\t\t\t<\/div>\n\t\t\t<div class=\"WooZone-cross-sell-loader-text\"><\/div>\n\t\t<\/div>\n\t<\/div>\n\n\t\t\n<\/div>\n<div style=\"clear:both;\"><\/div><\/p>\n","protected":false},"excerpt":{"rendered":"<p>INNOVATIVE MIKROVERZAHNUNG &#8211; Die einseitige Mikroverzahnung der Nagelschere sorgt f\u00fcr besseren Grip w\u00e4hrend des Schneidens und verhindert ein Abrutschen. Das Schneiden f\u00e4llt somit einfacher als bei herk\u00f6mmlichen Nagelscheren.<br \/>\nVIELSEITIGE ANWENDUNG &#8211; Die Nagelschere eignet sich hervorragend zum Schneiden der Fingern\u00e4gel und dicker Zehenn\u00e4gel. Auch als feine Hautschere oder zum K\u00fcrzen kleiner H\u00e4rchen ist die Schere bestens geeignet. F\u00fcr Rechts- und Linksh\u00e4nder geeignet.<br \/>\nEXTRA SCHARF &amp; LANGLEBIG &#8211; Unsere Fingernagelschere \u00fcberzeugt dank ihrer Langlebigkeit. Dank hochwertigem Edelstahl und einer pr\u00e4zisen Fertigung beh\u00e4lt die Nagelhautschere \u00fcber lange Zeit ihre hervorragende Schneidequalit\u00e4t.<\/p>\n","protected":false},"featured_media":102399,"comment_status":"open","ping_status":"closed","template":"","meta":[],"product_brand":[],"product_cat":[2858,7659],"product_tag":[],"class_list":{"0":"post-102398","1":"product","2":"type-product","3":"status-publish","4":"has-post-thumbnail","6":"product_cat-beauty","7":"product_cat-manikuere-pedikuere","8":"pa_brand-fabcare","9":"pa_manufacturer-fabcare","10":"pa_model-ns","12":"first","13":"instock","14":"shipping-taxable","15":"purchasable","16":"product-type-simple","17":"customify-col","18":"product-has-gallery"},"yoast_head":"<!-- This site is optimized with the Yoast SEO plugin v27.3 - https:\/\/yoast.com\/product\/yoast-seo-wordpress\/ -->\n<title>FABCARE Nagelschere - Markt-XXL<\/title>\n<meta name=\"description\" content=\"Markt-XXL FABCARE Nagelschere\" \/>\n<meta name=\"robots\" content=\"index, follow, max-snippet:-1, max-image-preview:large, max-video-preview:-1\" \/>\n<link rel=\"canonical\" href=\"https:\/\/marktxxl.de\/markt\/produkt\/nagelschere\/\" \/>\n<meta property=\"og:locale\" content=\"de_DE\" \/>\n<meta property=\"og:type\" content=\"article\" \/>\n<meta property=\"og:title\" content=\"FABCARE Nagelschere - Markt-XXL\" \/>\n<meta property=\"og:description\" content=\"Markt-XXL FABCARE Nagelschere\" \/>\n<meta property=\"og:url\" content=\"https:\/\/marktxxl.de\/markt\/produkt\/nagelschere\/\" \/>\n<meta property=\"og:site_name\" content=\"Markt-XXL\" \/>\n<meta property=\"article:modified_time\" content=\"2023-04-11T01:26:37+00:00\" \/>\n<meta property=\"og:image\" content=\"https:\/\/m.media-amazon.com\/images\/I\/51HtwHYXp3L._SL500_.jpg\" \/>\n\t<meta property=\"og:image:width\" content=\"500\" \/>\n\t<meta property=\"og:image:height\" content=\"500\" \/>\n\t<meta property=\"og:image:type\" content=\"image\/jpeg\" \/>\n<meta name=\"twitter:card\" content=\"summary_large_image\" \/>\n<meta name=\"twitter:label1\" content=\"Gesch\u00e4tzte Lesezeit\" \/>\n\t<meta name=\"twitter:data1\" content=\"1\u00a0Minute\" \/>\n<script type=\"application\/ld+json\" class=\"yoast-schema-graph\">{\"@context\":\"https:\\\/\\\/schema.org\",\"@graph\":[{\"@type\":\"WebPage\",\"@id\":\"https:\\\/\\\/marktxxl.de\\\/markt\\\/produkt\\\/nagelschere\\\/\",\"url\":\"https:\\\/\\\/marktxxl.de\\\/markt\\\/produkt\\\/nagelschere\\\/\",\"name\":\"FABCARE Nagelschere - Markt-XXL\",\"isPartOf\":{\"@id\":\"https:\\\/\\\/marktxxl.de\\\/markt\\\/#website\"},\"primaryImageOfPage\":{\"@id\":\"https:\\\/\\\/marktxxl.de\\\/markt\\\/produkt\\\/nagelschere\\\/#primaryimage\"},\"image\":{\"@id\":\"https:\\\/\\\/marktxxl.de\\\/markt\\\/produkt\\\/nagelschere\\\/#primaryimage\"},\"thumbnailUrl\":\"https:\\\/\\\/m.media-amazon.com\\\/images\\\/I\\\/51HtwHYXp3L._SL500_.jpg\",\"datePublished\":\"2022-01-27T18:03:20+00:00\",\"dateModified\":\"2023-04-11T01:26:37+00:00\",\"description\":\"Markt-XXL FABCARE Nagelschere\",\"breadcrumb\":{\"@id\":\"https:\\\/\\\/marktxxl.de\\\/markt\\\/produkt\\\/nagelschere\\\/#breadcrumb\"},\"inLanguage\":\"de\",\"potentialAction\":[{\"@type\":\"ReadAction\",\"target\":[\"https:\\\/\\\/marktxxl.de\\\/markt\\\/produkt\\\/nagelschere\\\/\"]}]},{\"@type\":\"ImageObject\",\"inLanguage\":\"de\",\"@id\":\"https:\\\/\\\/marktxxl.de\\\/markt\\\/produkt\\\/nagelschere\\\/#primaryimage\",\"url\":\"https:\\\/\\\/m.media-amazon.com\\\/images\\\/I\\\/51HtwHYXp3L._SL500_.jpg\",\"contentUrl\":\"https:\\\/\\\/m.media-amazon.com\\\/images\\\/I\\\/51HtwHYXp3L._SL500_.jpg\",\"width\":500,\"height\":500},{\"@type\":\"BreadcrumbList\",\"@id\":\"https:\\\/\\\/marktxxl.de\\\/markt\\\/produkt\\\/nagelschere\\\/#breadcrumb\",\"itemListElement\":[{\"@type\":\"ListItem\",\"position\":1,\"name\":\"Startseite\",\"item\":\"https:\\\/\\\/marktxxl.de\\\/markt\\\/\"},{\"@type\":\"ListItem\",\"position\":2,\"name\":\"Markt\",\"item\":\"https:\\\/\\\/marktxxl.de\\\/markt\\\/\"},{\"@type\":\"ListItem\",\"position\":3,\"name\":\"FABCARE Nagelschere\"}]},{\"@type\":\"WebSite\",\"@id\":\"https:\\\/\\\/marktxxl.de\\\/markt\\\/#website\",\"url\":\"https:\\\/\\\/marktxxl.de\\\/markt\\\/\",\"name\":\"Markt-XXL\",\"description\":\"Ihr Markt Online\",\"publisher\":{\"@id\":\"https:\\\/\\\/marktxxl.de\\\/markt\\\/#organization\"},\"potentialAction\":[{\"@type\":\"SearchAction\",\"target\":{\"@type\":\"EntryPoint\",\"urlTemplate\":\"https:\\\/\\\/marktxxl.de\\\/markt\\\/?s={search_term_string}\"},\"query-input\":{\"@type\":\"PropertyValueSpecification\",\"valueRequired\":true,\"valueName\":\"search_term_string\"}}],\"inLanguage\":\"de\"},{\"@type\":\"Organization\",\"@id\":\"https:\\\/\\\/marktxxl.de\\\/markt\\\/#organization\",\"name\":\"Markt-XXL\",\"url\":\"https:\\\/\\\/marktxxl.de\\\/markt\\\/\",\"logo\":{\"@type\":\"ImageObject\",\"inLanguage\":\"de\",\"@id\":\"https:\\\/\\\/marktxxl.de\\\/markt\\\/#\\\/schema\\\/logo\\\/image\\\/\",\"url\":\"https:\\\/\\\/marktxxl.de\\\/markt\\\/wp-content\\\/uploads\\\/sites\\\/3\\\/2020\\\/12\\\/logo.png\",\"contentUrl\":\"https:\\\/\\\/marktxxl.de\\\/markt\\\/wp-content\\\/uploads\\\/sites\\\/3\\\/2020\\\/12\\\/logo.png\",\"width\":200,\"height\":70,\"caption\":\"Markt-XXL\"},\"image\":{\"@id\":\"https:\\\/\\\/marktxxl.de\\\/markt\\\/#\\\/schema\\\/logo\\\/image\\\/\"}}]}<\/script>\n<!-- \/ Yoast SEO plugin. -->","yoast_head_json":{"title":"FABCARE Nagelschere - Markt-XXL","description":"Markt-XXL FABCARE Nagelschere","robots":{"index":"index","follow":"follow","max-snippet":"max-snippet:-1","max-image-preview":"max-image-preview:large","max-video-preview":"max-video-preview:-1"},"canonical":"https:\/\/marktxxl.de\/markt\/produkt\/nagelschere\/","og_locale":"de_DE","og_type":"article","og_title":"FABCARE Nagelschere - Markt-XXL","og_description":"Markt-XXL FABCARE Nagelschere","og_url":"https:\/\/marktxxl.de\/markt\/produkt\/nagelschere\/","og_site_name":"Markt-XXL","article_modified_time":"2023-04-11T01:26:37+00:00","og_image":[{"width":500,"height":500,"url":"https:\/\/m.media-amazon.com\/images\/I\/51HtwHYXp3L._SL500_.jpg","type":"image\/jpeg"}],"twitter_card":"summary_large_image","twitter_misc":{"Gesch\u00e4tzte Lesezeit":"1\u00a0Minute"},"schema":{"@context":"https:\/\/schema.org","@graph":[{"@type":"WebPage","@id":"https:\/\/marktxxl.de\/markt\/produkt\/nagelschere\/","url":"https:\/\/marktxxl.de\/markt\/produkt\/nagelschere\/","name":"FABCARE Nagelschere - Markt-XXL","isPartOf":{"@id":"https:\/\/marktxxl.de\/markt\/#website"},"primaryImageOfPage":{"@id":"https:\/\/marktxxl.de\/markt\/produkt\/nagelschere\/#primaryimage"},"image":{"@id":"https:\/\/marktxxl.de\/markt\/produkt\/nagelschere\/#primaryimage"},"thumbnailUrl":"https:\/\/m.media-amazon.com\/images\/I\/51HtwHYXp3L._SL500_.jpg","datePublished":"2022-01-27T18:03:20+00:00","dateModified":"2023-04-11T01:26:37+00:00","description":"Markt-XXL FABCARE Nagelschere","breadcrumb":{"@id":"https:\/\/marktxxl.de\/markt\/produkt\/nagelschere\/#breadcrumb"},"inLanguage":"de","potentialAction":[{"@type":"ReadAction","target":["https:\/\/marktxxl.de\/markt\/produkt\/nagelschere\/"]}]},{"@type":"ImageObject","inLanguage":"de","@id":"https:\/\/marktxxl.de\/markt\/produkt\/nagelschere\/#primaryimage","url":"https:\/\/m.media-amazon.com\/images\/I\/51HtwHYXp3L._SL500_.jpg","contentUrl":"https:\/\/m.media-amazon.com\/images\/I\/51HtwHYXp3L._SL500_.jpg","width":500,"height":500},{"@type":"BreadcrumbList","@id":"https:\/\/marktxxl.de\/markt\/produkt\/nagelschere\/#breadcrumb","itemListElement":[{"@type":"ListItem","position":1,"name":"Startseite","item":"https:\/\/marktxxl.de\/markt\/"},{"@type":"ListItem","position":2,"name":"Markt","item":"https:\/\/marktxxl.de\/markt\/"},{"@type":"ListItem","position":3,"name":"FABCARE Nagelschere"}]},{"@type":"WebSite","@id":"https:\/\/marktxxl.de\/markt\/#website","url":"https:\/\/marktxxl.de\/markt\/","name":"Markt-XXL","description":"Ihr Markt Online","publisher":{"@id":"https:\/\/marktxxl.de\/markt\/#organization"},"potentialAction":[{"@type":"SearchAction","target":{"@type":"EntryPoint","urlTemplate":"https:\/\/marktxxl.de\/markt\/?s={search_term_string}"},"query-input":{"@type":"PropertyValueSpecification","valueRequired":true,"valueName":"search_term_string"}}],"inLanguage":"de"},{"@type":"Organization","@id":"https:\/\/marktxxl.de\/markt\/#organization","name":"Markt-XXL","url":"https:\/\/marktxxl.de\/markt\/","logo":{"@type":"ImageObject","inLanguage":"de","@id":"https:\/\/marktxxl.de\/markt\/#\/schema\/logo\/image\/","url":"https:\/\/marktxxl.de\/markt\/wp-content\/uploads\/sites\/3\/2020\/12\/logo.png","contentUrl":"https:\/\/marktxxl.de\/markt\/wp-content\/uploads\/sites\/3\/2020\/12\/logo.png","width":200,"height":70,"caption":"Markt-XXL"},"image":{"@id":"https:\/\/marktxxl.de\/markt\/#\/schema\/logo\/image\/"}}]}},"_links":{"self":[{"href":"https:\/\/marktxxl.de\/markt\/wp-json\/wp\/v2\/product\/102398","targetHints":{"allow":["GET"]}}],"collection":[{"href":"https:\/\/marktxxl.de\/markt\/wp-json\/wp\/v2\/product"}],"about":[{"href":"https:\/\/marktxxl.de\/markt\/wp-json\/wp\/v2\/types\/product"}],"replies":[{"embeddable":true,"href":"https:\/\/marktxxl.de\/markt\/wp-json\/wp\/v2\/comments?post=102398"}],"wp:featuredmedia":[{"embeddable":true,"href":"https:\/\/marktxxl.de\/markt\/wp-json\/wp\/v2\/media\/102399"}],"wp:attachment":[{"href":"https:\/\/marktxxl.de\/markt\/wp-json\/wp\/v2\/media?parent=102398"}],"wp:term":[{"taxonomy":"product_brand","embeddable":true,"href":"https:\/\/marktxxl.de\/markt\/wp-json\/wp\/v2\/product_brand?post=102398"},{"taxonomy":"product_cat","embeddable":true,"href":"https:\/\/marktxxl.de\/markt\/wp-json\/wp\/v2\/product_cat?post=102398"},{"taxonomy":"product_tag","embeddable":true,"href":"https:\/\/marktxxl.de\/markt\/wp-json\/wp\/v2\/product_tag?post=102398"}],"curies":[{"name":"wp","href":"https:\/\/api.w.org\/{rel}","templated":true}]}}