{"id":102303,"date":"2022-01-27T18:57:59","date_gmt":"2022-01-27T17:57:59","guid":{"rendered":"https:\/\/marktxxl.de\/markt\/produkt\/secpack-backofen-kindersicherung-ofensicherung-schutz-fuer-baby-und-kind-verhindert-das-oeffnen-der-backofentuer-am-herd\/"},"modified":"2023-04-11T03:26:36","modified_gmt":"2023-04-11T01:26:36","slug":"secpack-backofen-kindersicherung-ofensicherung-schutz-fuer-baby-und-kind-verhindert-das-oeffnen-der-backofentuer-am-herd","status":"publish","type":"product","link":"https:\/\/marktxxl.de\/markt\/produkt\/secpack-backofen-kindersicherung-ofensicherung-schutz-fuer-baby-und-kind-verhindert-das-oeffnen-der-backofentuer-am-herd\/","title":{"rendered":"SecPack Backofen Kindersicherung Ofensicherung Schutz f\u00fcr Baby und Kind \u2013 Verhindert das \u00d6ffnen der Backofent\u00fcr am Herd\u2026"},"content":{"rendered":"<p>&amp;#10004 MUST HAVE KINDERSICHERUNG F\u00dcR DEINE K\u00dcCHE \u2013 Dein Kind f\u00e4ngt an Schubladen, Schrank und T\u00fcr zu \u00f6ffnen? Dann bist Du hier genau richtig. Sch\u00fctze dein Kind vor dem gef\u00e4hrlichen Ofen!<br \/>\n&amp;#10004 EINFACHES ANBRINGEN \u2013 Auspacken, Kleber ab und an die gew\u00fcnschte Stelle anbringen. So einfach kannst du dein Kleinkind sch\u00fctzen. Verliere keine Zeit und bestelle jetzt!<br \/>\n&amp;#10004 KLEIN UNAUFF\u00c4LLIG UND M\u00c4CHTIG \u2013 Die Sicherung ist m\u00f6glichst unauff\u00e4llig gestaltet, so dass Sie bestens zu Deiner K\u00fcche passt und deinem Baby dennoch Schutz bietet. Erh\u00e4ltlich in Schwarz und Weis.<br \/>\n&amp;#10004 QUALITATIV UND HOCHWERTIG \u2013 Der Backofent\u00fcrstopp ist hitzebest\u00e4ndig und verwendet einen starken 3M Kleber. L\u00e4sst sich r\u00fcckstandslos entfernen. Besitzt zwei Kn\u00f6pfe an der Seite, die zum Drehen gleichzeitig gedr\u00fcckt werden m\u00fcssen.<br \/>\n&amp;#10004 PREMIUM KUNDENSERVICE \u2013 Du erh\u00e4ltst bei uns erstklassigen Service. Wenn du Fragen hast oder andere Anliegen, kannst du uns jederzeit kontaktieren. Wir antworten innerhalb von 24h.<br \/>\n<div class=\"main-cross-sell\" data-asin=\"B08BH89NYP\">\n\n\t<div class=\"WooZone-cross-sell-loader\">\n\t\t<div>\n\t\t\t<div id=\"floatingBarsG\">\n\t\t\t\t<div class=\"blockG\" id=\"rotateG_01\"><\/div>\n\t\t\t\t<div class=\"blockG\" id=\"rotateG_02\"><\/div>\n\t\t\t\t<div class=\"blockG\" id=\"rotateG_03\"><\/div>\n\t\t\t\t<div class=\"blockG\" id=\"rotateG_04\"><\/div>\n\t\t\t\t<div class=\"blockG\" id=\"rotateG_05\"><\/div>\n\t\t\t\t<div class=\"blockG\" id=\"rotateG_06\"><\/div>\n\t\t\t\t<div class=\"blockG\" id=\"rotateG_07\"><\/div>\n\t\t\t\t<div class=\"blockG\" id=\"rotateG_08\"><\/div>\n\t\t\t<\/div>\n\t\t\t<div class=\"WooZone-cross-sell-loader-text\"><\/div>\n\t\t<\/div>\n\t<\/div>\n\n\t\t\n<\/div>\n<div style=\"clear:both;\"><\/div><\/p>\n","protected":false},"excerpt":{"rendered":"<p>&amp;#10004 MUST HAVE KINDERSICHERUNG F\u00dcR DEINE K\u00dcCHE \u2013 Dein Kind f\u00e4ngt an Schubladen, Schrank und T\u00fcr zu \u00f6ffnen? Dann bist Du hier genau richtig. Sch\u00fctze dein Kind vor dem gef\u00e4hrlichen Ofen!<br \/>\n&amp;#10004 EINFACHES ANBRINGEN \u2013 Auspacken, Kleber ab und an die gew\u00fcnschte Stelle anbringen. So einfach kannst du dein Kleinkind sch\u00fctzen. Verliere keine Zeit und bestelle jetzt!<br \/>\n&amp;#10004 KLEIN UNAUFF\u00c4LLIG UND M\u00c4CHTIG \u2013 Die Sicherung ist m\u00f6glichst unauff\u00e4llig gestaltet, so dass Sie bestens zu Deiner K\u00fcche passt und deinem Baby dennoch Schutz bietet. Erh\u00e4ltlich in Schwarz und Weis.<\/p>\n","protected":false},"featured_media":102304,"comment_status":"open","ping_status":"closed","template":"","meta":[],"product_brand":[],"product_cat":[21,9378],"product_tag":[],"class_list":{"0":"post-102303","1":"product","2":"type-product","3":"status-publish","4":"has-post-thumbnail","6":"product_cat-baby","7":"product_cat-sicherheit-baby","8":"pa_binding-babyartikel","9":"pa_brand-secpack","10":"pa_height-0-98425-zoll","11":"pa_length-1-9685-zoll","12":"pa_manufacturer-secpack","13":"pa_weight-0-05952481074-pfund","14":"pa_width-3-03149-zoll","16":"first","17":"instock","18":"shipping-taxable","19":"purchasable","20":"product-type-simple","21":"customify-col","22":"product-has-gallery"},"yoast_head":"<!-- This site is optimized with the Yoast SEO plugin v27.4 - https:\/\/yoast.com\/product\/yoast-seo-wordpress\/ -->\n<title>SecPack Backofen Kindersicherung Ofensicherung Schutz f\u00fcr Baby und Kind \u2013 Verhindert das \u00d6ffnen der Backofent\u00fcr am Herd\u2026 - Markt-XXL<\/title>\n<meta name=\"description\" content=\"Markt-XXL SecPack Backofen Kindersicherung Ofensicherung Schutz f\u00fcr Baby und Kind \u2013 Verhindert das \u00d6ffnen der Backofent\u00fcr am Herd\u2026\" \/>\n<meta name=\"robots\" content=\"index, follow, max-snippet:-1, max-image-preview:large, max-video-preview:-1\" \/>\n<link rel=\"canonical\" href=\"https:\/\/marktxxl.de\/markt\/produkt\/secpack-backofen-kindersicherung-ofensicherung-schutz-fuer-baby-und-kind-verhindert-das-oeffnen-der-backofentuer-am-herd\/\" \/>\n<meta property=\"og:locale\" content=\"de_DE\" \/>\n<meta property=\"og:type\" content=\"article\" \/>\n<meta property=\"og:title\" content=\"SecPack Backofen Kindersicherung Ofensicherung Schutz f\u00fcr Baby und Kind \u2013 Verhindert das \u00d6ffnen der Backofent\u00fcr am Herd\u2026 - Markt-XXL\" \/>\n<meta property=\"og:description\" content=\"Markt-XXL SecPack Backofen Kindersicherung Ofensicherung Schutz f\u00fcr Baby und Kind \u2013 Verhindert das \u00d6ffnen der Backofent\u00fcr am Herd\u2026\" \/>\n<meta property=\"og:url\" content=\"https:\/\/marktxxl.de\/markt\/produkt\/secpack-backofen-kindersicherung-ofensicherung-schutz-fuer-baby-und-kind-verhindert-das-oeffnen-der-backofentuer-am-herd\/\" \/>\n<meta property=\"og:site_name\" content=\"Markt-XXL\" \/>\n<meta property=\"article:modified_time\" content=\"2023-04-11T01:26:36+00:00\" \/>\n<meta property=\"og:image\" content=\"https:\/\/m.media-amazon.com\/images\/I\/41mtQndLDoL._SL500_.jpg\" \/>\n\t<meta property=\"og:image:width\" content=\"500\" \/>\n\t<meta property=\"og:image:height\" content=\"500\" \/>\n\t<meta property=\"og:image:type\" content=\"image\/jpeg\" \/>\n<meta name=\"twitter:card\" content=\"summary_large_image\" \/>\n<meta name=\"twitter:label1\" content=\"Gesch\u00e4tzte Lesezeit\" \/>\n\t<meta name=\"twitter:data1\" content=\"1\u00a0Minute\" \/>\n<script type=\"application\/ld+json\" class=\"yoast-schema-graph\">{\"@context\":\"https:\\\/\\\/schema.org\",\"@graph\":[{\"@type\":\"WebPage\",\"@id\":\"https:\\\/\\\/marktxxl.de\\\/markt\\\/produkt\\\/secpack-backofen-kindersicherung-ofensicherung-schutz-fuer-baby-und-kind-verhindert-das-oeffnen-der-backofentuer-am-herd\\\/\",\"url\":\"https:\\\/\\\/marktxxl.de\\\/markt\\\/produkt\\\/secpack-backofen-kindersicherung-ofensicherung-schutz-fuer-baby-und-kind-verhindert-das-oeffnen-der-backofentuer-am-herd\\\/\",\"name\":\"SecPack Backofen Kindersicherung Ofensicherung Schutz f\u00fcr Baby und Kind \u2013 Verhindert das \u00d6ffnen der Backofent\u00fcr am Herd\u2026 - Markt-XXL\",\"isPartOf\":{\"@id\":\"https:\\\/\\\/marktxxl.de\\\/markt\\\/#website\"},\"primaryImageOfPage\":{\"@id\":\"https:\\\/\\\/marktxxl.de\\\/markt\\\/produkt\\\/secpack-backofen-kindersicherung-ofensicherung-schutz-fuer-baby-und-kind-verhindert-das-oeffnen-der-backofentuer-am-herd\\\/#primaryimage\"},\"image\":{\"@id\":\"https:\\\/\\\/marktxxl.de\\\/markt\\\/produkt\\\/secpack-backofen-kindersicherung-ofensicherung-schutz-fuer-baby-und-kind-verhindert-das-oeffnen-der-backofentuer-am-herd\\\/#primaryimage\"},\"thumbnailUrl\":\"https:\\\/\\\/m.media-amazon.com\\\/images\\\/I\\\/41mtQndLDoL._SL500_.jpg\",\"datePublished\":\"2022-01-27T17:57:59+00:00\",\"dateModified\":\"2023-04-11T01:26:36+00:00\",\"description\":\"Markt-XXL SecPack Backofen Kindersicherung Ofensicherung Schutz f\u00fcr Baby und Kind \u2013 Verhindert das \u00d6ffnen der Backofent\u00fcr am Herd\u2026\",\"breadcrumb\":{\"@id\":\"https:\\\/\\\/marktxxl.de\\\/markt\\\/produkt\\\/secpack-backofen-kindersicherung-ofensicherung-schutz-fuer-baby-und-kind-verhindert-das-oeffnen-der-backofentuer-am-herd\\\/#breadcrumb\"},\"inLanguage\":\"de\",\"potentialAction\":[{\"@type\":\"ReadAction\",\"target\":[\"https:\\\/\\\/marktxxl.de\\\/markt\\\/produkt\\\/secpack-backofen-kindersicherung-ofensicherung-schutz-fuer-baby-und-kind-verhindert-das-oeffnen-der-backofentuer-am-herd\\\/\"]}]},{\"@type\":\"ImageObject\",\"inLanguage\":\"de\",\"@id\":\"https:\\\/\\\/marktxxl.de\\\/markt\\\/produkt\\\/secpack-backofen-kindersicherung-ofensicherung-schutz-fuer-baby-und-kind-verhindert-das-oeffnen-der-backofentuer-am-herd\\\/#primaryimage\",\"url\":\"https:\\\/\\\/m.media-amazon.com\\\/images\\\/I\\\/41mtQndLDoL._SL500_.jpg\",\"contentUrl\":\"https:\\\/\\\/m.media-amazon.com\\\/images\\\/I\\\/41mtQndLDoL._SL500_.jpg\",\"width\":500,\"height\":500},{\"@type\":\"BreadcrumbList\",\"@id\":\"https:\\\/\\\/marktxxl.de\\\/markt\\\/produkt\\\/secpack-backofen-kindersicherung-ofensicherung-schutz-fuer-baby-und-kind-verhindert-das-oeffnen-der-backofentuer-am-herd\\\/#breadcrumb\",\"itemListElement\":[{\"@type\":\"ListItem\",\"position\":1,\"name\":\"Startseite\",\"item\":\"https:\\\/\\\/marktxxl.de\\\/markt\\\/\"},{\"@type\":\"ListItem\",\"position\":2,\"name\":\"Markt\",\"item\":\"https:\\\/\\\/marktxxl.de\\\/markt\\\/\"},{\"@type\":\"ListItem\",\"position\":3,\"name\":\"SecPack Backofen Kindersicherung Ofensicherung Schutz f\u00fcr Baby und Kind \u2013 Verhindert das \u00d6ffnen der Backofent\u00fcr am Herd\u2026\"}]},{\"@type\":\"WebSite\",\"@id\":\"https:\\\/\\\/marktxxl.de\\\/markt\\\/#website\",\"url\":\"https:\\\/\\\/marktxxl.de\\\/markt\\\/\",\"name\":\"Markt-XXL\",\"description\":\"Ihr Markt Online\",\"publisher\":{\"@id\":\"https:\\\/\\\/marktxxl.de\\\/markt\\\/#organization\"},\"potentialAction\":[{\"@type\":\"SearchAction\",\"target\":{\"@type\":\"EntryPoint\",\"urlTemplate\":\"https:\\\/\\\/marktxxl.de\\\/markt\\\/?s={search_term_string}\"},\"query-input\":{\"@type\":\"PropertyValueSpecification\",\"valueRequired\":true,\"valueName\":\"search_term_string\"}}],\"inLanguage\":\"de\"},{\"@type\":\"Organization\",\"@id\":\"https:\\\/\\\/marktxxl.de\\\/markt\\\/#organization\",\"name\":\"Markt-XXL\",\"url\":\"https:\\\/\\\/marktxxl.de\\\/markt\\\/\",\"logo\":{\"@type\":\"ImageObject\",\"inLanguage\":\"de\",\"@id\":\"https:\\\/\\\/marktxxl.de\\\/markt\\\/#\\\/schema\\\/logo\\\/image\\\/\",\"url\":\"https:\\\/\\\/marktxxl.de\\\/markt\\\/wp-content\\\/uploads\\\/sites\\\/3\\\/2020\\\/12\\\/logo.png\",\"contentUrl\":\"https:\\\/\\\/marktxxl.de\\\/markt\\\/wp-content\\\/uploads\\\/sites\\\/3\\\/2020\\\/12\\\/logo.png\",\"width\":200,\"height\":70,\"caption\":\"Markt-XXL\"},\"image\":{\"@id\":\"https:\\\/\\\/marktxxl.de\\\/markt\\\/#\\\/schema\\\/logo\\\/image\\\/\"}}]}<\/script>\n<!-- \/ Yoast SEO plugin. -->","yoast_head_json":{"title":"SecPack Backofen Kindersicherung Ofensicherung Schutz f\u00fcr Baby und Kind \u2013 Verhindert das \u00d6ffnen der Backofent\u00fcr am Herd\u2026 - Markt-XXL","description":"Markt-XXL SecPack Backofen Kindersicherung Ofensicherung Schutz f\u00fcr Baby und Kind \u2013 Verhindert das \u00d6ffnen der Backofent\u00fcr am Herd\u2026","robots":{"index":"index","follow":"follow","max-snippet":"max-snippet:-1","max-image-preview":"max-image-preview:large","max-video-preview":"max-video-preview:-1"},"canonical":"https:\/\/marktxxl.de\/markt\/produkt\/secpack-backofen-kindersicherung-ofensicherung-schutz-fuer-baby-und-kind-verhindert-das-oeffnen-der-backofentuer-am-herd\/","og_locale":"de_DE","og_type":"article","og_title":"SecPack Backofen Kindersicherung Ofensicherung Schutz f\u00fcr Baby und Kind \u2013 Verhindert das \u00d6ffnen der Backofent\u00fcr am Herd\u2026 - Markt-XXL","og_description":"Markt-XXL SecPack Backofen Kindersicherung Ofensicherung Schutz f\u00fcr Baby und Kind \u2013 Verhindert das \u00d6ffnen der Backofent\u00fcr am Herd\u2026","og_url":"https:\/\/marktxxl.de\/markt\/produkt\/secpack-backofen-kindersicherung-ofensicherung-schutz-fuer-baby-und-kind-verhindert-das-oeffnen-der-backofentuer-am-herd\/","og_site_name":"Markt-XXL","article_modified_time":"2023-04-11T01:26:36+00:00","og_image":[{"width":500,"height":500,"url":"https:\/\/m.media-amazon.com\/images\/I\/41mtQndLDoL._SL500_.jpg","type":"image\/jpeg"}],"twitter_card":"summary_large_image","twitter_misc":{"Gesch\u00e4tzte Lesezeit":"1\u00a0Minute"},"schema":{"@context":"https:\/\/schema.org","@graph":[{"@type":"WebPage","@id":"https:\/\/marktxxl.de\/markt\/produkt\/secpack-backofen-kindersicherung-ofensicherung-schutz-fuer-baby-und-kind-verhindert-das-oeffnen-der-backofentuer-am-herd\/","url":"https:\/\/marktxxl.de\/markt\/produkt\/secpack-backofen-kindersicherung-ofensicherung-schutz-fuer-baby-und-kind-verhindert-das-oeffnen-der-backofentuer-am-herd\/","name":"SecPack Backofen Kindersicherung Ofensicherung Schutz f\u00fcr Baby und Kind \u2013 Verhindert das \u00d6ffnen der Backofent\u00fcr am Herd\u2026 - Markt-XXL","isPartOf":{"@id":"https:\/\/marktxxl.de\/markt\/#website"},"primaryImageOfPage":{"@id":"https:\/\/marktxxl.de\/markt\/produkt\/secpack-backofen-kindersicherung-ofensicherung-schutz-fuer-baby-und-kind-verhindert-das-oeffnen-der-backofentuer-am-herd\/#primaryimage"},"image":{"@id":"https:\/\/marktxxl.de\/markt\/produkt\/secpack-backofen-kindersicherung-ofensicherung-schutz-fuer-baby-und-kind-verhindert-das-oeffnen-der-backofentuer-am-herd\/#primaryimage"},"thumbnailUrl":"https:\/\/m.media-amazon.com\/images\/I\/41mtQndLDoL._SL500_.jpg","datePublished":"2022-01-27T17:57:59+00:00","dateModified":"2023-04-11T01:26:36+00:00","description":"Markt-XXL SecPack Backofen Kindersicherung Ofensicherung Schutz f\u00fcr Baby und Kind \u2013 Verhindert das \u00d6ffnen der Backofent\u00fcr am Herd\u2026","breadcrumb":{"@id":"https:\/\/marktxxl.de\/markt\/produkt\/secpack-backofen-kindersicherung-ofensicherung-schutz-fuer-baby-und-kind-verhindert-das-oeffnen-der-backofentuer-am-herd\/#breadcrumb"},"inLanguage":"de","potentialAction":[{"@type":"ReadAction","target":["https:\/\/marktxxl.de\/markt\/produkt\/secpack-backofen-kindersicherung-ofensicherung-schutz-fuer-baby-und-kind-verhindert-das-oeffnen-der-backofentuer-am-herd\/"]}]},{"@type":"ImageObject","inLanguage":"de","@id":"https:\/\/marktxxl.de\/markt\/produkt\/secpack-backofen-kindersicherung-ofensicherung-schutz-fuer-baby-und-kind-verhindert-das-oeffnen-der-backofentuer-am-herd\/#primaryimage","url":"https:\/\/m.media-amazon.com\/images\/I\/41mtQndLDoL._SL500_.jpg","contentUrl":"https:\/\/m.media-amazon.com\/images\/I\/41mtQndLDoL._SL500_.jpg","width":500,"height":500},{"@type":"BreadcrumbList","@id":"https:\/\/marktxxl.de\/markt\/produkt\/secpack-backofen-kindersicherung-ofensicherung-schutz-fuer-baby-und-kind-verhindert-das-oeffnen-der-backofentuer-am-herd\/#breadcrumb","itemListElement":[{"@type":"ListItem","position":1,"name":"Startseite","item":"https:\/\/marktxxl.de\/markt\/"},{"@type":"ListItem","position":2,"name":"Markt","item":"https:\/\/marktxxl.de\/markt\/"},{"@type":"ListItem","position":3,"name":"SecPack Backofen Kindersicherung Ofensicherung Schutz f\u00fcr Baby und Kind \u2013 Verhindert das \u00d6ffnen der Backofent\u00fcr am Herd\u2026"}]},{"@type":"WebSite","@id":"https:\/\/marktxxl.de\/markt\/#website","url":"https:\/\/marktxxl.de\/markt\/","name":"Markt-XXL","description":"Ihr Markt Online","publisher":{"@id":"https:\/\/marktxxl.de\/markt\/#organization"},"potentialAction":[{"@type":"SearchAction","target":{"@type":"EntryPoint","urlTemplate":"https:\/\/marktxxl.de\/markt\/?s={search_term_string}"},"query-input":{"@type":"PropertyValueSpecification","valueRequired":true,"valueName":"search_term_string"}}],"inLanguage":"de"},{"@type":"Organization","@id":"https:\/\/marktxxl.de\/markt\/#organization","name":"Markt-XXL","url":"https:\/\/marktxxl.de\/markt\/","logo":{"@type":"ImageObject","inLanguage":"de","@id":"https:\/\/marktxxl.de\/markt\/#\/schema\/logo\/image\/","url":"https:\/\/marktxxl.de\/markt\/wp-content\/uploads\/sites\/3\/2020\/12\/logo.png","contentUrl":"https:\/\/marktxxl.de\/markt\/wp-content\/uploads\/sites\/3\/2020\/12\/logo.png","width":200,"height":70,"caption":"Markt-XXL"},"image":{"@id":"https:\/\/marktxxl.de\/markt\/#\/schema\/logo\/image\/"}}]}},"_links":{"self":[{"href":"https:\/\/marktxxl.de\/markt\/wp-json\/wp\/v2\/product\/102303","targetHints":{"allow":["GET"]}}],"collection":[{"href":"https:\/\/marktxxl.de\/markt\/wp-json\/wp\/v2\/product"}],"about":[{"href":"https:\/\/marktxxl.de\/markt\/wp-json\/wp\/v2\/types\/product"}],"replies":[{"embeddable":true,"href":"https:\/\/marktxxl.de\/markt\/wp-json\/wp\/v2\/comments?post=102303"}],"wp:featuredmedia":[{"embeddable":true,"href":"https:\/\/marktxxl.de\/markt\/wp-json\/wp\/v2\/media\/102304"}],"wp:attachment":[{"href":"https:\/\/marktxxl.de\/markt\/wp-json\/wp\/v2\/media?parent=102303"}],"wp:term":[{"taxonomy":"product_brand","embeddable":true,"href":"https:\/\/marktxxl.de\/markt\/wp-json\/wp\/v2\/product_brand?post=102303"},{"taxonomy":"product_cat","embeddable":true,"href":"https:\/\/marktxxl.de\/markt\/wp-json\/wp\/v2\/product_cat?post=102303"},{"taxonomy":"product_tag","embeddable":true,"href":"https:\/\/marktxxl.de\/markt\/wp-json\/wp\/v2\/product_tag?post=102303"}],"curies":[{"name":"wp","href":"https:\/\/api.w.org\/{rel}","templated":true}]}}