{"id":102213,"date":"2022-01-27T18:54:40","date_gmt":"2022-01-27T17:54:40","guid":{"rendered":"https:\/\/marktxxl.de\/markt\/produkt\/hipiwe-baby-kleinkind-walking-safety-rucksack-little-kid-jungen-maedchen-anti-verlust-reisetasche-harness-zuegel-cute-cartoon-pinguin-mini-rucksaecke-mit-sicherheitsleine-fuer-baby-1-3-jahre-alt\/"},"modified":"2023-04-11T03:26:34","modified_gmt":"2023-04-11T01:26:34","slug":"hipiwe-baby-kleinkind-walking-safety-rucksack-little-kid-jungen-maedchen-anti-verlust-reisetasche-harness-zuegel-cute-cartoon-pinguin-mini-rucksaecke-mit-sicherheitsleine-fuer-baby-1-3-jahre-alt","status":"publish","type":"product","link":"https:\/\/marktxxl.de\/markt\/produkt\/hipiwe-baby-kleinkind-walking-safety-rucksack-little-kid-jungen-maedchen-anti-verlust-reisetasche-harness-zuegel-cute-cartoon-pinguin-mini-rucksaecke-mit-sicherheitsleine-fuer-baby-1-3-jahre-alt\/","title":{"rendered":"Hipiwe Baby Kleinkind Walking Safety Rucksack Little Kid Jungen M\u00e4dchen Anti-Verlust Reisetasche Harness Z\u00fcgel Cute\u2026"},"content":{"rendered":"<p>Super s\u00fc\u00dfer Leine Rucksack \u2013 Sch\u00f6ne und coole Pinguin-Rucks\u00e4cke, tolles Geschenk f\u00fcr kleine Kinder mit sch\u00f6nem Tier-Design, ideal f\u00fcr Kinder, die auf Reisen gehen und Kindertagesst\u00e4tte.<br \/>\nLange abnehmbare Leine \u2013 1,1 m \u2013 erlauben Sie Ihren kleinen s\u00fc\u00dfen Kleinkindern, sich frei bewegen zu k\u00f6nnen, w\u00e4hrend sie die volle Kontrolle \u00fcber ihre Richtung haben. Entfernen Sie die Leine und drehen Sie sie regelm\u00e4\u00dfig.<br \/>\nKinder k\u00f6nnen nicht weglaufen \u2013 eine gro\u00dfartige M\u00f6glichkeit, Kinder in Menschenmengen, \u00f6ffentlichen Orten oder bei Familienausfl\u00fcgen in der N\u00e4he und sicher zu halten.<br \/>\nEs ist ein kleines Sicherheitsgeschirr, das dem Baby beim Laufen hilft. Es kann auch als kleiner Rucksack verwendet werden, mit einem ger\u00e4umigen Fach f\u00fcr einfache Aufbewahrung, wie Windeln, Feuchtt\u00fccher, Schnuller und so weiter.<br \/>\nGr\u00f6\u00dfe: 21,6 x 7,87 x 2,76 Zoll (H x L x B). Weil dieser Rucksack nur f\u00fcr 1\u20133 Jahre alte Kinder geeignet ist, kann er nur das Gewicht tragen, das Ihre Kinder handhaben k\u00f6nnen. Bitte best\u00e4tigen Sie die Gr\u00f6\u00dfe vor dem Kauf.<br \/>\n<div class=\"main-cross-sell\" data-asin=\"B072MDP39V\">\n\n\t<div class=\"WooZone-cross-sell-loader\">\n\t\t<div>\n\t\t\t<div id=\"floatingBarsG\">\n\t\t\t\t<div class=\"blockG\" id=\"rotateG_01\"><\/div>\n\t\t\t\t<div class=\"blockG\" id=\"rotateG_02\"><\/div>\n\t\t\t\t<div class=\"blockG\" id=\"rotateG_03\"><\/div>\n\t\t\t\t<div class=\"blockG\" id=\"rotateG_04\"><\/div>\n\t\t\t\t<div class=\"blockG\" id=\"rotateG_05\"><\/div>\n\t\t\t\t<div class=\"blockG\" id=\"rotateG_06\"><\/div>\n\t\t\t\t<div class=\"blockG\" id=\"rotateG_07\"><\/div>\n\t\t\t\t<div class=\"blockG\" id=\"rotateG_08\"><\/div>\n\t\t\t<\/div>\n\t\t\t<div class=\"WooZone-cross-sell-loader-text\"><\/div>\n\t\t<\/div>\n\t<\/div>\n\n\t\t\n<\/div>\n<div style=\"clear:both;\"><\/div><\/p>\n","protected":false},"excerpt":{"rendered":"<p>Super s\u00fc\u00dfer Leine Rucksack \u2013 Sch\u00f6ne und coole Pinguin-Rucks\u00e4cke, tolles Geschenk f\u00fcr kleine Kinder mit sch\u00f6nem Tier-Design, ideal f\u00fcr Kinder, die auf Reisen gehen und Kindertagesst\u00e4tte.<br \/>\nLange abnehmbare Leine \u2013 1,1 m \u2013 erlauben Sie Ihren kleinen s\u00fc\u00dfen Kleinkindern, sich frei bewegen zu k\u00f6nnen, w\u00e4hrend sie die volle Kontrolle \u00fcber ihre Richtung haben. Entfernen Sie die Leine und drehen Sie sie regelm\u00e4\u00dfig.<br \/>\nKinder k\u00f6nnen nicht weglaufen \u2013 eine gro\u00dfartige M\u00f6glichkeit, Kinder in Menschenmengen, \u00f6ffentlichen Orten oder bei Familienausfl\u00fcgen in der N\u00e4he und sicher zu halten.<\/p>\n","protected":false},"featured_media":102214,"comment_status":"open","ping_status":"closed","template":"","meta":[],"product_brand":[],"product_cat":[21,9378],"product_tag":[],"class_list":{"0":"post-102213","1":"product","2":"type-product","3":"status-publish","4":"has-post-thumbnail","6":"product_cat-baby","7":"product_cat-sicherheit-baby","8":"pa_binding-babyartikel","9":"pa_brand-hipiwe","10":"pa_color-violett","11":"pa_height-1-18-zoll","12":"pa_length-3-9-zoll","13":"pa_manufacturer-hipiwe","14":"pa_weight-0-35-pfund","15":"pa_width-3-9-zoll","17":"first","18":"instock","19":"shipping-taxable","20":"purchasable","21":"product-type-simple","22":"customify-col","23":"product-has-gallery"},"yoast_head":"<!-- This site is optimized with the Yoast SEO plugin v27.4 - https:\/\/yoast.com\/product\/yoast-seo-wordpress\/ -->\n<title>Hipiwe Baby Kleinkind Walking Safety Rucksack Little Kid Jungen M\u00e4dchen Anti-Verlust Reisetasche Harness Z\u00fcgel Cute\u2026 - Markt-XXL<\/title>\n<meta name=\"description\" content=\"Markt-XXL Hipiwe Baby Kleinkind Walking Safety Rucksack Little Kid Jungen M\u00e4dchen Anti-Verlust Reisetasche Harness Z\u00fcgel Cute\u2026\" \/>\n<meta name=\"robots\" content=\"index, follow, max-snippet:-1, max-image-preview:large, max-video-preview:-1\" \/>\n<link rel=\"canonical\" href=\"https:\/\/marktxxl.de\/markt\/produkt\/hipiwe-baby-kleinkind-walking-safety-rucksack-little-kid-jungen-maedchen-anti-verlust-reisetasche-harness-zuegel-cute-cartoon-pinguin-mini-rucksaecke-mit-sicherheitsleine-fuer-baby-1-3-jahre-alt\/\" \/>\n<meta property=\"og:locale\" content=\"de_DE\" \/>\n<meta property=\"og:type\" content=\"article\" \/>\n<meta property=\"og:title\" content=\"Hipiwe Baby Kleinkind Walking Safety Rucksack Little Kid Jungen M\u00e4dchen Anti-Verlust Reisetasche Harness Z\u00fcgel Cute\u2026 - Markt-XXL\" \/>\n<meta property=\"og:description\" content=\"Markt-XXL Hipiwe Baby Kleinkind Walking Safety Rucksack Little Kid Jungen M\u00e4dchen Anti-Verlust Reisetasche Harness Z\u00fcgel Cute\u2026\" \/>\n<meta property=\"og:url\" content=\"https:\/\/marktxxl.de\/markt\/produkt\/hipiwe-baby-kleinkind-walking-safety-rucksack-little-kid-jungen-maedchen-anti-verlust-reisetasche-harness-zuegel-cute-cartoon-pinguin-mini-rucksaecke-mit-sicherheitsleine-fuer-baby-1-3-jahre-alt\/\" \/>\n<meta property=\"og:site_name\" content=\"Markt-XXL\" \/>\n<meta property=\"article:modified_time\" content=\"2023-04-11T01:26:34+00:00\" \/>\n<meta property=\"og:image\" content=\"https:\/\/m.media-amazon.com\/images\/I\/51QBf+9N2VL._SL500_.jpg\" \/>\n\t<meta property=\"og:image:width\" content=\"500\" \/>\n\t<meta property=\"og:image:height\" content=\"500\" \/>\n\t<meta property=\"og:image:type\" content=\"image\/jpeg\" \/>\n<meta name=\"twitter:card\" content=\"summary_large_image\" \/>\n<meta name=\"twitter:label1\" content=\"Gesch\u00e4tzte Lesezeit\" \/>\n\t<meta name=\"twitter:data1\" content=\"1\u00a0Minute\" \/>\n<script type=\"application\/ld+json\" class=\"yoast-schema-graph\">{\"@context\":\"https:\\\/\\\/schema.org\",\"@graph\":[{\"@type\":\"WebPage\",\"@id\":\"https:\\\/\\\/marktxxl.de\\\/markt\\\/produkt\\\/hipiwe-baby-kleinkind-walking-safety-rucksack-little-kid-jungen-maedchen-anti-verlust-reisetasche-harness-zuegel-cute-cartoon-pinguin-mini-rucksaecke-mit-sicherheitsleine-fuer-baby-1-3-jahre-alt\\\/\",\"url\":\"https:\\\/\\\/marktxxl.de\\\/markt\\\/produkt\\\/hipiwe-baby-kleinkind-walking-safety-rucksack-little-kid-jungen-maedchen-anti-verlust-reisetasche-harness-zuegel-cute-cartoon-pinguin-mini-rucksaecke-mit-sicherheitsleine-fuer-baby-1-3-jahre-alt\\\/\",\"name\":\"Hipiwe Baby Kleinkind Walking Safety Rucksack Little Kid Jungen M\u00e4dchen Anti-Verlust Reisetasche Harness Z\u00fcgel Cute\u2026 - Markt-XXL\",\"isPartOf\":{\"@id\":\"https:\\\/\\\/marktxxl.de\\\/markt\\\/#website\"},\"primaryImageOfPage\":{\"@id\":\"https:\\\/\\\/marktxxl.de\\\/markt\\\/produkt\\\/hipiwe-baby-kleinkind-walking-safety-rucksack-little-kid-jungen-maedchen-anti-verlust-reisetasche-harness-zuegel-cute-cartoon-pinguin-mini-rucksaecke-mit-sicherheitsleine-fuer-baby-1-3-jahre-alt\\\/#primaryimage\"},\"image\":{\"@id\":\"https:\\\/\\\/marktxxl.de\\\/markt\\\/produkt\\\/hipiwe-baby-kleinkind-walking-safety-rucksack-little-kid-jungen-maedchen-anti-verlust-reisetasche-harness-zuegel-cute-cartoon-pinguin-mini-rucksaecke-mit-sicherheitsleine-fuer-baby-1-3-jahre-alt\\\/#primaryimage\"},\"thumbnailUrl\":\"https:\\\/\\\/m.media-amazon.com\\\/images\\\/I\\\/51QBf+9N2VL._SL500_.jpg\",\"datePublished\":\"2022-01-27T17:54:40+00:00\",\"dateModified\":\"2023-04-11T01:26:34+00:00\",\"description\":\"Markt-XXL Hipiwe Baby Kleinkind Walking Safety Rucksack Little Kid Jungen M\u00e4dchen Anti-Verlust Reisetasche Harness Z\u00fcgel Cute\u2026\",\"breadcrumb\":{\"@id\":\"https:\\\/\\\/marktxxl.de\\\/markt\\\/produkt\\\/hipiwe-baby-kleinkind-walking-safety-rucksack-little-kid-jungen-maedchen-anti-verlust-reisetasche-harness-zuegel-cute-cartoon-pinguin-mini-rucksaecke-mit-sicherheitsleine-fuer-baby-1-3-jahre-alt\\\/#breadcrumb\"},\"inLanguage\":\"de\",\"potentialAction\":[{\"@type\":\"ReadAction\",\"target\":[\"https:\\\/\\\/marktxxl.de\\\/markt\\\/produkt\\\/hipiwe-baby-kleinkind-walking-safety-rucksack-little-kid-jungen-maedchen-anti-verlust-reisetasche-harness-zuegel-cute-cartoon-pinguin-mini-rucksaecke-mit-sicherheitsleine-fuer-baby-1-3-jahre-alt\\\/\"]}]},{\"@type\":\"ImageObject\",\"inLanguage\":\"de\",\"@id\":\"https:\\\/\\\/marktxxl.de\\\/markt\\\/produkt\\\/hipiwe-baby-kleinkind-walking-safety-rucksack-little-kid-jungen-maedchen-anti-verlust-reisetasche-harness-zuegel-cute-cartoon-pinguin-mini-rucksaecke-mit-sicherheitsleine-fuer-baby-1-3-jahre-alt\\\/#primaryimage\",\"url\":\"https:\\\/\\\/m.media-amazon.com\\\/images\\\/I\\\/51QBf+9N2VL._SL500_.jpg\",\"contentUrl\":\"https:\\\/\\\/m.media-amazon.com\\\/images\\\/I\\\/51QBf+9N2VL._SL500_.jpg\",\"width\":500,\"height\":500},{\"@type\":\"BreadcrumbList\",\"@id\":\"https:\\\/\\\/marktxxl.de\\\/markt\\\/produkt\\\/hipiwe-baby-kleinkind-walking-safety-rucksack-little-kid-jungen-maedchen-anti-verlust-reisetasche-harness-zuegel-cute-cartoon-pinguin-mini-rucksaecke-mit-sicherheitsleine-fuer-baby-1-3-jahre-alt\\\/#breadcrumb\",\"itemListElement\":[{\"@type\":\"ListItem\",\"position\":1,\"name\":\"Startseite\",\"item\":\"https:\\\/\\\/marktxxl.de\\\/markt\\\/\"},{\"@type\":\"ListItem\",\"position\":2,\"name\":\"Markt\",\"item\":\"https:\\\/\\\/marktxxl.de\\\/markt\\\/\"},{\"@type\":\"ListItem\",\"position\":3,\"name\":\"Hipiwe Baby Kleinkind Walking Safety Rucksack Little Kid Jungen M\u00e4dchen Anti-Verlust Reisetasche Harness Z\u00fcgel Cute\u2026\"}]},{\"@type\":\"WebSite\",\"@id\":\"https:\\\/\\\/marktxxl.de\\\/markt\\\/#website\",\"url\":\"https:\\\/\\\/marktxxl.de\\\/markt\\\/\",\"name\":\"Markt-XXL\",\"description\":\"Ihr Markt Online\",\"publisher\":{\"@id\":\"https:\\\/\\\/marktxxl.de\\\/markt\\\/#organization\"},\"potentialAction\":[{\"@type\":\"SearchAction\",\"target\":{\"@type\":\"EntryPoint\",\"urlTemplate\":\"https:\\\/\\\/marktxxl.de\\\/markt\\\/?s={search_term_string}\"},\"query-input\":{\"@type\":\"PropertyValueSpecification\",\"valueRequired\":true,\"valueName\":\"search_term_string\"}}],\"inLanguage\":\"de\"},{\"@type\":\"Organization\",\"@id\":\"https:\\\/\\\/marktxxl.de\\\/markt\\\/#organization\",\"name\":\"Markt-XXL\",\"url\":\"https:\\\/\\\/marktxxl.de\\\/markt\\\/\",\"logo\":{\"@type\":\"ImageObject\",\"inLanguage\":\"de\",\"@id\":\"https:\\\/\\\/marktxxl.de\\\/markt\\\/#\\\/schema\\\/logo\\\/image\\\/\",\"url\":\"https:\\\/\\\/marktxxl.de\\\/markt\\\/wp-content\\\/uploads\\\/sites\\\/3\\\/2020\\\/12\\\/logo.png\",\"contentUrl\":\"https:\\\/\\\/marktxxl.de\\\/markt\\\/wp-content\\\/uploads\\\/sites\\\/3\\\/2020\\\/12\\\/logo.png\",\"width\":200,\"height\":70,\"caption\":\"Markt-XXL\"},\"image\":{\"@id\":\"https:\\\/\\\/marktxxl.de\\\/markt\\\/#\\\/schema\\\/logo\\\/image\\\/\"}}]}<\/script>\n<!-- \/ Yoast SEO plugin. -->","yoast_head_json":{"title":"Hipiwe Baby Kleinkind Walking Safety Rucksack Little Kid Jungen M\u00e4dchen Anti-Verlust Reisetasche Harness Z\u00fcgel Cute\u2026 - Markt-XXL","description":"Markt-XXL Hipiwe Baby Kleinkind Walking Safety Rucksack Little Kid Jungen M\u00e4dchen Anti-Verlust Reisetasche Harness Z\u00fcgel Cute\u2026","robots":{"index":"index","follow":"follow","max-snippet":"max-snippet:-1","max-image-preview":"max-image-preview:large","max-video-preview":"max-video-preview:-1"},"canonical":"https:\/\/marktxxl.de\/markt\/produkt\/hipiwe-baby-kleinkind-walking-safety-rucksack-little-kid-jungen-maedchen-anti-verlust-reisetasche-harness-zuegel-cute-cartoon-pinguin-mini-rucksaecke-mit-sicherheitsleine-fuer-baby-1-3-jahre-alt\/","og_locale":"de_DE","og_type":"article","og_title":"Hipiwe Baby Kleinkind Walking Safety Rucksack Little Kid Jungen M\u00e4dchen Anti-Verlust Reisetasche Harness Z\u00fcgel Cute\u2026 - Markt-XXL","og_description":"Markt-XXL Hipiwe Baby Kleinkind Walking Safety Rucksack Little Kid Jungen M\u00e4dchen Anti-Verlust Reisetasche Harness Z\u00fcgel Cute\u2026","og_url":"https:\/\/marktxxl.de\/markt\/produkt\/hipiwe-baby-kleinkind-walking-safety-rucksack-little-kid-jungen-maedchen-anti-verlust-reisetasche-harness-zuegel-cute-cartoon-pinguin-mini-rucksaecke-mit-sicherheitsleine-fuer-baby-1-3-jahre-alt\/","og_site_name":"Markt-XXL","article_modified_time":"2023-04-11T01:26:34+00:00","og_image":[{"width":500,"height":500,"url":"https:\/\/m.media-amazon.com\/images\/I\/51QBf+9N2VL._SL500_.jpg","type":"image\/jpeg"}],"twitter_card":"summary_large_image","twitter_misc":{"Gesch\u00e4tzte Lesezeit":"1\u00a0Minute"},"schema":{"@context":"https:\/\/schema.org","@graph":[{"@type":"WebPage","@id":"https:\/\/marktxxl.de\/markt\/produkt\/hipiwe-baby-kleinkind-walking-safety-rucksack-little-kid-jungen-maedchen-anti-verlust-reisetasche-harness-zuegel-cute-cartoon-pinguin-mini-rucksaecke-mit-sicherheitsleine-fuer-baby-1-3-jahre-alt\/","url":"https:\/\/marktxxl.de\/markt\/produkt\/hipiwe-baby-kleinkind-walking-safety-rucksack-little-kid-jungen-maedchen-anti-verlust-reisetasche-harness-zuegel-cute-cartoon-pinguin-mini-rucksaecke-mit-sicherheitsleine-fuer-baby-1-3-jahre-alt\/","name":"Hipiwe Baby Kleinkind Walking Safety Rucksack Little Kid Jungen M\u00e4dchen Anti-Verlust Reisetasche Harness Z\u00fcgel Cute\u2026 - Markt-XXL","isPartOf":{"@id":"https:\/\/marktxxl.de\/markt\/#website"},"primaryImageOfPage":{"@id":"https:\/\/marktxxl.de\/markt\/produkt\/hipiwe-baby-kleinkind-walking-safety-rucksack-little-kid-jungen-maedchen-anti-verlust-reisetasche-harness-zuegel-cute-cartoon-pinguin-mini-rucksaecke-mit-sicherheitsleine-fuer-baby-1-3-jahre-alt\/#primaryimage"},"image":{"@id":"https:\/\/marktxxl.de\/markt\/produkt\/hipiwe-baby-kleinkind-walking-safety-rucksack-little-kid-jungen-maedchen-anti-verlust-reisetasche-harness-zuegel-cute-cartoon-pinguin-mini-rucksaecke-mit-sicherheitsleine-fuer-baby-1-3-jahre-alt\/#primaryimage"},"thumbnailUrl":"https:\/\/m.media-amazon.com\/images\/I\/51QBf+9N2VL._SL500_.jpg","datePublished":"2022-01-27T17:54:40+00:00","dateModified":"2023-04-11T01:26:34+00:00","description":"Markt-XXL Hipiwe Baby Kleinkind Walking Safety Rucksack Little Kid Jungen M\u00e4dchen Anti-Verlust Reisetasche Harness Z\u00fcgel Cute\u2026","breadcrumb":{"@id":"https:\/\/marktxxl.de\/markt\/produkt\/hipiwe-baby-kleinkind-walking-safety-rucksack-little-kid-jungen-maedchen-anti-verlust-reisetasche-harness-zuegel-cute-cartoon-pinguin-mini-rucksaecke-mit-sicherheitsleine-fuer-baby-1-3-jahre-alt\/#breadcrumb"},"inLanguage":"de","potentialAction":[{"@type":"ReadAction","target":["https:\/\/marktxxl.de\/markt\/produkt\/hipiwe-baby-kleinkind-walking-safety-rucksack-little-kid-jungen-maedchen-anti-verlust-reisetasche-harness-zuegel-cute-cartoon-pinguin-mini-rucksaecke-mit-sicherheitsleine-fuer-baby-1-3-jahre-alt\/"]}]},{"@type":"ImageObject","inLanguage":"de","@id":"https:\/\/marktxxl.de\/markt\/produkt\/hipiwe-baby-kleinkind-walking-safety-rucksack-little-kid-jungen-maedchen-anti-verlust-reisetasche-harness-zuegel-cute-cartoon-pinguin-mini-rucksaecke-mit-sicherheitsleine-fuer-baby-1-3-jahre-alt\/#primaryimage","url":"https:\/\/m.media-amazon.com\/images\/I\/51QBf+9N2VL._SL500_.jpg","contentUrl":"https:\/\/m.media-amazon.com\/images\/I\/51QBf+9N2VL._SL500_.jpg","width":500,"height":500},{"@type":"BreadcrumbList","@id":"https:\/\/marktxxl.de\/markt\/produkt\/hipiwe-baby-kleinkind-walking-safety-rucksack-little-kid-jungen-maedchen-anti-verlust-reisetasche-harness-zuegel-cute-cartoon-pinguin-mini-rucksaecke-mit-sicherheitsleine-fuer-baby-1-3-jahre-alt\/#breadcrumb","itemListElement":[{"@type":"ListItem","position":1,"name":"Startseite","item":"https:\/\/marktxxl.de\/markt\/"},{"@type":"ListItem","position":2,"name":"Markt","item":"https:\/\/marktxxl.de\/markt\/"},{"@type":"ListItem","position":3,"name":"Hipiwe Baby Kleinkind Walking Safety Rucksack Little Kid Jungen M\u00e4dchen Anti-Verlust Reisetasche Harness Z\u00fcgel Cute\u2026"}]},{"@type":"WebSite","@id":"https:\/\/marktxxl.de\/markt\/#website","url":"https:\/\/marktxxl.de\/markt\/","name":"Markt-XXL","description":"Ihr Markt Online","publisher":{"@id":"https:\/\/marktxxl.de\/markt\/#organization"},"potentialAction":[{"@type":"SearchAction","target":{"@type":"EntryPoint","urlTemplate":"https:\/\/marktxxl.de\/markt\/?s={search_term_string}"},"query-input":{"@type":"PropertyValueSpecification","valueRequired":true,"valueName":"search_term_string"}}],"inLanguage":"de"},{"@type":"Organization","@id":"https:\/\/marktxxl.de\/markt\/#organization","name":"Markt-XXL","url":"https:\/\/marktxxl.de\/markt\/","logo":{"@type":"ImageObject","inLanguage":"de","@id":"https:\/\/marktxxl.de\/markt\/#\/schema\/logo\/image\/","url":"https:\/\/marktxxl.de\/markt\/wp-content\/uploads\/sites\/3\/2020\/12\/logo.png","contentUrl":"https:\/\/marktxxl.de\/markt\/wp-content\/uploads\/sites\/3\/2020\/12\/logo.png","width":200,"height":70,"caption":"Markt-XXL"},"image":{"@id":"https:\/\/marktxxl.de\/markt\/#\/schema\/logo\/image\/"}}]}},"_links":{"self":[{"href":"https:\/\/marktxxl.de\/markt\/wp-json\/wp\/v2\/product\/102213","targetHints":{"allow":["GET"]}}],"collection":[{"href":"https:\/\/marktxxl.de\/markt\/wp-json\/wp\/v2\/product"}],"about":[{"href":"https:\/\/marktxxl.de\/markt\/wp-json\/wp\/v2\/types\/product"}],"replies":[{"embeddable":true,"href":"https:\/\/marktxxl.de\/markt\/wp-json\/wp\/v2\/comments?post=102213"}],"wp:featuredmedia":[{"embeddable":true,"href":"https:\/\/marktxxl.de\/markt\/wp-json\/wp\/v2\/media\/102214"}],"wp:attachment":[{"href":"https:\/\/marktxxl.de\/markt\/wp-json\/wp\/v2\/media?parent=102213"}],"wp:term":[{"taxonomy":"product_brand","embeddable":true,"href":"https:\/\/marktxxl.de\/markt\/wp-json\/wp\/v2\/product_brand?post=102213"},{"taxonomy":"product_cat","embeddable":true,"href":"https:\/\/marktxxl.de\/markt\/wp-json\/wp\/v2\/product_cat?post=102213"},{"taxonomy":"product_tag","embeddable":true,"href":"https:\/\/marktxxl.de\/markt\/wp-json\/wp\/v2\/product_tag?post=102213"}],"curies":[{"name":"wp","href":"https:\/\/api.w.org\/{rel}","templated":true}]}}