{"id":102123,"date":"2022-01-27T18:52:22","date_gmt":"2022-01-27T17:52:22","guid":{"rendered":"https:\/\/marktxxl.de\/markt\/produkt\/cambivo-sportleggins-damen-lang-camouflage-leggings-damen-high-waist-mit-handytasche-laufhose-sporthose-damen-lang-blickdicht-fuer-fitness-yoga-training-taeglichen-gebrauch\/"},"modified":"2023-04-11T03:26:33","modified_gmt":"2023-04-11T01:26:33","slug":"cambivo-sportleggins-damen-lang-camouflage-leggings-damen-high-waist-mit-handytasche-laufhose-sporthose-damen-lang-blickdicht-fuer-fitness-yoga-training-taeglichen-gebrauch","status":"publish","type":"product","link":"https:\/\/marktxxl.de\/markt\/produkt\/cambivo-sportleggins-damen-lang-camouflage-leggings-damen-high-waist-mit-handytasche-laufhose-sporthose-damen-lang-blickdicht-fuer-fitness-yoga-training-taeglichen-gebrauch\/","title":{"rendered":"CAMBIVO Leggings Damen High Waist Camouflage, Sport Leggins Damen Lang mit Handytasche, Sporthose Yogahose Atmungsaktiv\u2026"},"content":{"rendered":"<p>\u3010CAMBIVO F\u00dcR BESSERES LEBEN\u3011Die hochwertigen langen Camouflage Sportleggins Damen lang high Waist vereinen Stil, Komfort und Leistung; das Delta-f\u00f6rmige Design maximiert die Bewegungsfreiheit w\u00e4hrend des Trainings; unsere Leggings f\u00fcr Damen sind die perfekte Wahl f\u00fcr ein sportliches und l\u00e4ssiges Aussehen<br \/>\n\u3010VON YOGIS F\u00dcR YOGIS ENTWORFEN\u3011 CAMBIVO Leggings Damen high Waist haben eine breite, hohe Taille mit Shaping-Effekt. Zwei Seitentaschen und eine versteckte Innentasche eignen sich f\u00fcr Handy, Schl\u00fcssel, Karten und andere kleine Dinge<br \/>\n\u3010KOMFORT WIE KEINE ANDERE\u3011Das Material der Sporthose Damen lang ist ultraweich, hautfreundlich und atmungsaktiv; die Leggings leitet Feuchtigkeit ab und bietet Festigkeit und Halt aber auch die Flexibilit\u00e4t, die Sie brauchen; unsere Jogginghose Damen ist ideal f\u00fcr t\u00e4glichen Gebrauch und verschiedene Sport, wie Yoga, Laufen, Fitness usw<br \/>\n\u3010BLICKDICHT UND SQUAT-SICHER\u3011Unsere Sport Leggings Damen mit einer speziellen Webtechnik ist selbst bei starker Dehnung keine Haut sichtbar; die Vier-Stretch Material absorbieren Schwei\u00df und maximieren Ihre Sportliche Leistung<br \/>\nZUFRIEDENHEITSGARANTIE &#8211; Wir haben die Quali\u00e4t unsrer Yogahose Damen und Service verpflichtet und bieten eine 24 Monaten Garantie. Und wenn Sie irgendwas Fragen haben, wenden Sie bitte an uns, wir werden Ihnen eine zufriedenstellende L\u00f6sung in 24 Stunden anbieten.<br \/>\n<div class=\"main-cross-sell\" data-asin=\"B09JG2NWQ8\">\n\n\t<div class=\"WooZone-cross-sell-loader\">\n\t\t<div>\n\t\t\t<div id=\"floatingBarsG\">\n\t\t\t\t<div class=\"blockG\" id=\"rotateG_01\"><\/div>\n\t\t\t\t<div class=\"blockG\" id=\"rotateG_02\"><\/div>\n\t\t\t\t<div class=\"blockG\" id=\"rotateG_03\"><\/div>\n\t\t\t\t<div class=\"blockG\" id=\"rotateG_04\"><\/div>\n\t\t\t\t<div class=\"blockG\" id=\"rotateG_05\"><\/div>\n\t\t\t\t<div class=\"blockG\" id=\"rotateG_06\"><\/div>\n\t\t\t\t<div class=\"blockG\" id=\"rotateG_07\"><\/div>\n\t\t\t\t<div class=\"blockG\" id=\"rotateG_08\"><\/div>\n\t\t\t<\/div>\n\t\t\t<div class=\"WooZone-cross-sell-loader-text\"><\/div>\n\t\t<\/div>\n\t<\/div>\n\n\t\t\n<\/div>\n<div style=\"clear:both;\"><\/div><\/p>\n","protected":false},"excerpt":{"rendered":"<p>\u3010CAMBIVO F\u00dcR BESSERES LEBEN\u3011Die hochwertigen langen Camouflage Sportleggins Damen lang high Waist vereinen Stil, Komfort und Leistung; das Delta-f\u00f6rmige Design maximiert die Bewegungsfreiheit w\u00e4hrend des Trainings; unsere Leggings f\u00fcr Damen sind die perfekte Wahl f\u00fcr ein sportliches und l\u00e4ssiges Aussehen<br \/>\n\u3010VON YOGIS F\u00dcR YOGIS ENTWORFEN\u3011 CAMBIVO Leggings Damen high Waist haben eine breite, hohe Taille mit Shaping-Effekt. Zwei Seitentaschen und eine versteckte Innentasche eignen sich f\u00fcr Handy, Schl\u00fcssel, Karten und andere kleine Dinge<br \/>\n\u3010KOMFORT WIE KEINE ANDERE\u3011Das Material der Sporthose Damen lang ist ultraweich, hautfreundlich und atmungsaktiv; die Leggings leitet Feuchtigkeit ab und bietet Festigkeit und Halt aber auch die Flexibilit\u00e4t, die Sie brauchen; unsere Jogginghose Damen ist ideal f\u00fcr t\u00e4glichen Gebrauch und verschiedene Sport, wie Yoga, Laufen, Fitness usw<\/p>\n","protected":false},"featured_media":102124,"comment_status":"open","ping_status":"closed","template":"","meta":[],"product_brand":[],"product_cat":[1186,3920],"product_tag":[],"class_list":{"0":"post-102123","1":"product","2":"type-product","3":"status-publish","4":"has-post-thumbnail","6":"product_cat-bekleidung","7":"product_cat-damen","8":"pa_binding-textilien","9":"pa_brand-cambivo","10":"pa_manufacturer-cambivo","12":"first","13":"instock","14":"shipping-taxable","15":"purchasable","16":"product-type-simple","17":"customify-col","18":"product-has-gallery"},"yoast_head":"<!-- This site is optimized with the Yoast SEO plugin v27.4 - https:\/\/yoast.com\/product\/yoast-seo-wordpress\/ -->\n<title>CAMBIVO Leggings Damen High Waist Camouflage, Sport Leggins Damen Lang mit Handytasche, Sporthose Yogahose Atmungsaktiv\u2026 - Markt-XXL<\/title>\n<meta name=\"description\" content=\"Markt-XXL CAMBIVO Leggings Damen High Waist Camouflage, Sport Leggins Damen Lang mit Handytasche, Sporthose Yogahose Atmungsaktiv\u2026\" \/>\n<meta name=\"robots\" content=\"index, follow, max-snippet:-1, max-image-preview:large, max-video-preview:-1\" \/>\n<link rel=\"canonical\" href=\"https:\/\/marktxxl.de\/markt\/produkt\/cambivo-sportleggins-damen-lang-camouflage-leggings-damen-high-waist-mit-handytasche-laufhose-sporthose-damen-lang-blickdicht-fuer-fitness-yoga-training-taeglichen-gebrauch\/\" \/>\n<meta property=\"og:locale\" content=\"de_DE\" \/>\n<meta property=\"og:type\" content=\"article\" \/>\n<meta property=\"og:title\" content=\"CAMBIVO Leggings Damen High Waist Camouflage, Sport Leggins Damen Lang mit Handytasche, Sporthose Yogahose Atmungsaktiv\u2026 - Markt-XXL\" \/>\n<meta property=\"og:description\" content=\"Markt-XXL CAMBIVO Leggings Damen High Waist Camouflage, Sport Leggins Damen Lang mit Handytasche, Sporthose Yogahose Atmungsaktiv\u2026\" \/>\n<meta property=\"og:url\" content=\"https:\/\/marktxxl.de\/markt\/produkt\/cambivo-sportleggins-damen-lang-camouflage-leggings-damen-high-waist-mit-handytasche-laufhose-sporthose-damen-lang-blickdicht-fuer-fitness-yoga-training-taeglichen-gebrauch\/\" \/>\n<meta property=\"og:site_name\" content=\"Markt-XXL\" \/>\n<meta property=\"article:modified_time\" content=\"2023-04-11T01:26:33+00:00\" \/>\n<meta property=\"og:image\" content=\"https:\/\/m.media-amazon.com\/images\/I\/31hNhsLjY5L._SL500_.jpg\" \/>\n\t<meta property=\"og:image:width\" content=\"400\" \/>\n\t<meta property=\"og:image:height\" content=\"500\" \/>\n\t<meta property=\"og:image:type\" content=\"image\/jpeg\" \/>\n<meta name=\"twitter:card\" content=\"summary_large_image\" \/>\n<meta name=\"twitter:label1\" content=\"Gesch\u00e4tzte Lesezeit\" \/>\n\t<meta name=\"twitter:data1\" content=\"1\u00a0Minute\" \/>\n<script type=\"application\/ld+json\" class=\"yoast-schema-graph\">{\"@context\":\"https:\\\/\\\/schema.org\",\"@graph\":[{\"@type\":\"WebPage\",\"@id\":\"https:\\\/\\\/marktxxl.de\\\/markt\\\/produkt\\\/cambivo-sportleggins-damen-lang-camouflage-leggings-damen-high-waist-mit-handytasche-laufhose-sporthose-damen-lang-blickdicht-fuer-fitness-yoga-training-taeglichen-gebrauch\\\/\",\"url\":\"https:\\\/\\\/marktxxl.de\\\/markt\\\/produkt\\\/cambivo-sportleggins-damen-lang-camouflage-leggings-damen-high-waist-mit-handytasche-laufhose-sporthose-damen-lang-blickdicht-fuer-fitness-yoga-training-taeglichen-gebrauch\\\/\",\"name\":\"CAMBIVO Leggings Damen High Waist Camouflage, Sport Leggins Damen Lang mit Handytasche, Sporthose Yogahose Atmungsaktiv\u2026 - Markt-XXL\",\"isPartOf\":{\"@id\":\"https:\\\/\\\/marktxxl.de\\\/markt\\\/#website\"},\"primaryImageOfPage\":{\"@id\":\"https:\\\/\\\/marktxxl.de\\\/markt\\\/produkt\\\/cambivo-sportleggins-damen-lang-camouflage-leggings-damen-high-waist-mit-handytasche-laufhose-sporthose-damen-lang-blickdicht-fuer-fitness-yoga-training-taeglichen-gebrauch\\\/#primaryimage\"},\"image\":{\"@id\":\"https:\\\/\\\/marktxxl.de\\\/markt\\\/produkt\\\/cambivo-sportleggins-damen-lang-camouflage-leggings-damen-high-waist-mit-handytasche-laufhose-sporthose-damen-lang-blickdicht-fuer-fitness-yoga-training-taeglichen-gebrauch\\\/#primaryimage\"},\"thumbnailUrl\":\"https:\\\/\\\/m.media-amazon.com\\\/images\\\/I\\\/31hNhsLjY5L._SL500_.jpg\",\"datePublished\":\"2022-01-27T17:52:22+00:00\",\"dateModified\":\"2023-04-11T01:26:33+00:00\",\"description\":\"Markt-XXL CAMBIVO Leggings Damen High Waist Camouflage, Sport Leggins Damen Lang mit Handytasche, Sporthose Yogahose Atmungsaktiv\u2026\",\"breadcrumb\":{\"@id\":\"https:\\\/\\\/marktxxl.de\\\/markt\\\/produkt\\\/cambivo-sportleggins-damen-lang-camouflage-leggings-damen-high-waist-mit-handytasche-laufhose-sporthose-damen-lang-blickdicht-fuer-fitness-yoga-training-taeglichen-gebrauch\\\/#breadcrumb\"},\"inLanguage\":\"de\",\"potentialAction\":[{\"@type\":\"ReadAction\",\"target\":[\"https:\\\/\\\/marktxxl.de\\\/markt\\\/produkt\\\/cambivo-sportleggins-damen-lang-camouflage-leggings-damen-high-waist-mit-handytasche-laufhose-sporthose-damen-lang-blickdicht-fuer-fitness-yoga-training-taeglichen-gebrauch\\\/\"]}]},{\"@type\":\"ImageObject\",\"inLanguage\":\"de\",\"@id\":\"https:\\\/\\\/marktxxl.de\\\/markt\\\/produkt\\\/cambivo-sportleggins-damen-lang-camouflage-leggings-damen-high-waist-mit-handytasche-laufhose-sporthose-damen-lang-blickdicht-fuer-fitness-yoga-training-taeglichen-gebrauch\\\/#primaryimage\",\"url\":\"https:\\\/\\\/m.media-amazon.com\\\/images\\\/I\\\/31hNhsLjY5L._SL500_.jpg\",\"contentUrl\":\"https:\\\/\\\/m.media-amazon.com\\\/images\\\/I\\\/31hNhsLjY5L._SL500_.jpg\",\"width\":400,\"height\":500},{\"@type\":\"BreadcrumbList\",\"@id\":\"https:\\\/\\\/marktxxl.de\\\/markt\\\/produkt\\\/cambivo-sportleggins-damen-lang-camouflage-leggings-damen-high-waist-mit-handytasche-laufhose-sporthose-damen-lang-blickdicht-fuer-fitness-yoga-training-taeglichen-gebrauch\\\/#breadcrumb\",\"itemListElement\":[{\"@type\":\"ListItem\",\"position\":1,\"name\":\"Startseite\",\"item\":\"https:\\\/\\\/marktxxl.de\\\/markt\\\/\"},{\"@type\":\"ListItem\",\"position\":2,\"name\":\"Markt\",\"item\":\"https:\\\/\\\/marktxxl.de\\\/markt\\\/\"},{\"@type\":\"ListItem\",\"position\":3,\"name\":\"CAMBIVO Leggings Damen High Waist Camouflage, Sport Leggins Damen Lang mit Handytasche, Sporthose Yogahose Atmungsaktiv\u2026\"}]},{\"@type\":\"WebSite\",\"@id\":\"https:\\\/\\\/marktxxl.de\\\/markt\\\/#website\",\"url\":\"https:\\\/\\\/marktxxl.de\\\/markt\\\/\",\"name\":\"Markt-XXL\",\"description\":\"Ihr Markt Online\",\"publisher\":{\"@id\":\"https:\\\/\\\/marktxxl.de\\\/markt\\\/#organization\"},\"potentialAction\":[{\"@type\":\"SearchAction\",\"target\":{\"@type\":\"EntryPoint\",\"urlTemplate\":\"https:\\\/\\\/marktxxl.de\\\/markt\\\/?s={search_term_string}\"},\"query-input\":{\"@type\":\"PropertyValueSpecification\",\"valueRequired\":true,\"valueName\":\"search_term_string\"}}],\"inLanguage\":\"de\"},{\"@type\":\"Organization\",\"@id\":\"https:\\\/\\\/marktxxl.de\\\/markt\\\/#organization\",\"name\":\"Markt-XXL\",\"url\":\"https:\\\/\\\/marktxxl.de\\\/markt\\\/\",\"logo\":{\"@type\":\"ImageObject\",\"inLanguage\":\"de\",\"@id\":\"https:\\\/\\\/marktxxl.de\\\/markt\\\/#\\\/schema\\\/logo\\\/image\\\/\",\"url\":\"https:\\\/\\\/marktxxl.de\\\/markt\\\/wp-content\\\/uploads\\\/sites\\\/3\\\/2020\\\/12\\\/logo.png\",\"contentUrl\":\"https:\\\/\\\/marktxxl.de\\\/markt\\\/wp-content\\\/uploads\\\/sites\\\/3\\\/2020\\\/12\\\/logo.png\",\"width\":200,\"height\":70,\"caption\":\"Markt-XXL\"},\"image\":{\"@id\":\"https:\\\/\\\/marktxxl.de\\\/markt\\\/#\\\/schema\\\/logo\\\/image\\\/\"}}]}<\/script>\n<!-- \/ Yoast SEO plugin. -->","yoast_head_json":{"title":"CAMBIVO Leggings Damen High Waist Camouflage, Sport Leggins Damen Lang mit Handytasche, Sporthose Yogahose Atmungsaktiv\u2026 - Markt-XXL","description":"Markt-XXL CAMBIVO Leggings Damen High Waist Camouflage, Sport Leggins Damen Lang mit Handytasche, Sporthose Yogahose Atmungsaktiv\u2026","robots":{"index":"index","follow":"follow","max-snippet":"max-snippet:-1","max-image-preview":"max-image-preview:large","max-video-preview":"max-video-preview:-1"},"canonical":"https:\/\/marktxxl.de\/markt\/produkt\/cambivo-sportleggins-damen-lang-camouflage-leggings-damen-high-waist-mit-handytasche-laufhose-sporthose-damen-lang-blickdicht-fuer-fitness-yoga-training-taeglichen-gebrauch\/","og_locale":"de_DE","og_type":"article","og_title":"CAMBIVO Leggings Damen High Waist Camouflage, Sport Leggins Damen Lang mit Handytasche, Sporthose Yogahose Atmungsaktiv\u2026 - Markt-XXL","og_description":"Markt-XXL CAMBIVO Leggings Damen High Waist Camouflage, Sport Leggins Damen Lang mit Handytasche, Sporthose Yogahose Atmungsaktiv\u2026","og_url":"https:\/\/marktxxl.de\/markt\/produkt\/cambivo-sportleggins-damen-lang-camouflage-leggings-damen-high-waist-mit-handytasche-laufhose-sporthose-damen-lang-blickdicht-fuer-fitness-yoga-training-taeglichen-gebrauch\/","og_site_name":"Markt-XXL","article_modified_time":"2023-04-11T01:26:33+00:00","og_image":[{"width":400,"height":500,"url":"https:\/\/m.media-amazon.com\/images\/I\/31hNhsLjY5L._SL500_.jpg","type":"image\/jpeg"}],"twitter_card":"summary_large_image","twitter_misc":{"Gesch\u00e4tzte Lesezeit":"1\u00a0Minute"},"schema":{"@context":"https:\/\/schema.org","@graph":[{"@type":"WebPage","@id":"https:\/\/marktxxl.de\/markt\/produkt\/cambivo-sportleggins-damen-lang-camouflage-leggings-damen-high-waist-mit-handytasche-laufhose-sporthose-damen-lang-blickdicht-fuer-fitness-yoga-training-taeglichen-gebrauch\/","url":"https:\/\/marktxxl.de\/markt\/produkt\/cambivo-sportleggins-damen-lang-camouflage-leggings-damen-high-waist-mit-handytasche-laufhose-sporthose-damen-lang-blickdicht-fuer-fitness-yoga-training-taeglichen-gebrauch\/","name":"CAMBIVO Leggings Damen High Waist Camouflage, Sport Leggins Damen Lang mit Handytasche, Sporthose Yogahose Atmungsaktiv\u2026 - Markt-XXL","isPartOf":{"@id":"https:\/\/marktxxl.de\/markt\/#website"},"primaryImageOfPage":{"@id":"https:\/\/marktxxl.de\/markt\/produkt\/cambivo-sportleggins-damen-lang-camouflage-leggings-damen-high-waist-mit-handytasche-laufhose-sporthose-damen-lang-blickdicht-fuer-fitness-yoga-training-taeglichen-gebrauch\/#primaryimage"},"image":{"@id":"https:\/\/marktxxl.de\/markt\/produkt\/cambivo-sportleggins-damen-lang-camouflage-leggings-damen-high-waist-mit-handytasche-laufhose-sporthose-damen-lang-blickdicht-fuer-fitness-yoga-training-taeglichen-gebrauch\/#primaryimage"},"thumbnailUrl":"https:\/\/m.media-amazon.com\/images\/I\/31hNhsLjY5L._SL500_.jpg","datePublished":"2022-01-27T17:52:22+00:00","dateModified":"2023-04-11T01:26:33+00:00","description":"Markt-XXL CAMBIVO Leggings Damen High Waist Camouflage, Sport Leggins Damen Lang mit Handytasche, Sporthose Yogahose Atmungsaktiv\u2026","breadcrumb":{"@id":"https:\/\/marktxxl.de\/markt\/produkt\/cambivo-sportleggins-damen-lang-camouflage-leggings-damen-high-waist-mit-handytasche-laufhose-sporthose-damen-lang-blickdicht-fuer-fitness-yoga-training-taeglichen-gebrauch\/#breadcrumb"},"inLanguage":"de","potentialAction":[{"@type":"ReadAction","target":["https:\/\/marktxxl.de\/markt\/produkt\/cambivo-sportleggins-damen-lang-camouflage-leggings-damen-high-waist-mit-handytasche-laufhose-sporthose-damen-lang-blickdicht-fuer-fitness-yoga-training-taeglichen-gebrauch\/"]}]},{"@type":"ImageObject","inLanguage":"de","@id":"https:\/\/marktxxl.de\/markt\/produkt\/cambivo-sportleggins-damen-lang-camouflage-leggings-damen-high-waist-mit-handytasche-laufhose-sporthose-damen-lang-blickdicht-fuer-fitness-yoga-training-taeglichen-gebrauch\/#primaryimage","url":"https:\/\/m.media-amazon.com\/images\/I\/31hNhsLjY5L._SL500_.jpg","contentUrl":"https:\/\/m.media-amazon.com\/images\/I\/31hNhsLjY5L._SL500_.jpg","width":400,"height":500},{"@type":"BreadcrumbList","@id":"https:\/\/marktxxl.de\/markt\/produkt\/cambivo-sportleggins-damen-lang-camouflage-leggings-damen-high-waist-mit-handytasche-laufhose-sporthose-damen-lang-blickdicht-fuer-fitness-yoga-training-taeglichen-gebrauch\/#breadcrumb","itemListElement":[{"@type":"ListItem","position":1,"name":"Startseite","item":"https:\/\/marktxxl.de\/markt\/"},{"@type":"ListItem","position":2,"name":"Markt","item":"https:\/\/marktxxl.de\/markt\/"},{"@type":"ListItem","position":3,"name":"CAMBIVO Leggings Damen High Waist Camouflage, Sport Leggins Damen Lang mit Handytasche, Sporthose Yogahose Atmungsaktiv\u2026"}]},{"@type":"WebSite","@id":"https:\/\/marktxxl.de\/markt\/#website","url":"https:\/\/marktxxl.de\/markt\/","name":"Markt-XXL","description":"Ihr Markt Online","publisher":{"@id":"https:\/\/marktxxl.de\/markt\/#organization"},"potentialAction":[{"@type":"SearchAction","target":{"@type":"EntryPoint","urlTemplate":"https:\/\/marktxxl.de\/markt\/?s={search_term_string}"},"query-input":{"@type":"PropertyValueSpecification","valueRequired":true,"valueName":"search_term_string"}}],"inLanguage":"de"},{"@type":"Organization","@id":"https:\/\/marktxxl.de\/markt\/#organization","name":"Markt-XXL","url":"https:\/\/marktxxl.de\/markt\/","logo":{"@type":"ImageObject","inLanguage":"de","@id":"https:\/\/marktxxl.de\/markt\/#\/schema\/logo\/image\/","url":"https:\/\/marktxxl.de\/markt\/wp-content\/uploads\/sites\/3\/2020\/12\/logo.png","contentUrl":"https:\/\/marktxxl.de\/markt\/wp-content\/uploads\/sites\/3\/2020\/12\/logo.png","width":200,"height":70,"caption":"Markt-XXL"},"image":{"@id":"https:\/\/marktxxl.de\/markt\/#\/schema\/logo\/image\/"}}]}},"_links":{"self":[{"href":"https:\/\/marktxxl.de\/markt\/wp-json\/wp\/v2\/product\/102123","targetHints":{"allow":["GET"]}}],"collection":[{"href":"https:\/\/marktxxl.de\/markt\/wp-json\/wp\/v2\/product"}],"about":[{"href":"https:\/\/marktxxl.de\/markt\/wp-json\/wp\/v2\/types\/product"}],"replies":[{"embeddable":true,"href":"https:\/\/marktxxl.de\/markt\/wp-json\/wp\/v2\/comments?post=102123"}],"wp:featuredmedia":[{"embeddable":true,"href":"https:\/\/marktxxl.de\/markt\/wp-json\/wp\/v2\/media\/102124"}],"wp:attachment":[{"href":"https:\/\/marktxxl.de\/markt\/wp-json\/wp\/v2\/media?parent=102123"}],"wp:term":[{"taxonomy":"product_brand","embeddable":true,"href":"https:\/\/marktxxl.de\/markt\/wp-json\/wp\/v2\/product_brand?post=102123"},{"taxonomy":"product_cat","embeddable":true,"href":"https:\/\/marktxxl.de\/markt\/wp-json\/wp\/v2\/product_cat?post=102123"},{"taxonomy":"product_tag","embeddable":true,"href":"https:\/\/marktxxl.de\/markt\/wp-json\/wp\/v2\/product_tag?post=102123"}],"curies":[{"name":"wp","href":"https:\/\/api.w.org\/{rel}","templated":true}]}}