{"id":102097,"date":"2022-01-27T18:48:53","date_gmt":"2022-01-27T17:48:53","guid":{"rendered":"https:\/\/marktxxl.de\/markt\/produkt\/harry-potter-nachthemd-damen-100-baumwolle-pyjama-damen-lang-nachtkleid-teenager-maedchen-schlafanzug-damen-schwarz-schlafshirt-fuer-frauen-geschenke-fuer-frauen\/"},"modified":"2023-04-10T03:26:05","modified_gmt":"2023-04-10T01:26:05","slug":"harry-potter-nachthemd-damen-100-baumwolle-pyjama-damen-lang-nachtkleid-teenager-maedchen-schlafanzug-damen-schwarz-schlafshirt-fuer-frauen-geschenke-fuer-frauen","status":"publish","type":"product","link":"https:\/\/marktxxl.de\/markt\/produkt\/harry-potter-nachthemd-damen-100-baumwolle-pyjama-damen-lang-nachtkleid-teenager-maedchen-schlafanzug-damen-schwarz-schlafshirt-fuer-frauen-geschenke-fuer-frauen\/","title":{"rendered":"Harry Potter Nachthemd Damen, 100% Baumwolle Pyjama Damen, Lang Nachtkleid Teenager M\u00e4dchen, Schlafanzug Damen, Schwarz\u2026"},"content":{"rendered":"<p>HARRY POTTER NACHTHEMD DAMEN KURZARM &#8212; Dieses fantastische schwarze Nachthemden f\u00fcr Damen und Jugendliche M\u00e4dchen ist eine gro\u00dfartige Geschenkidee f\u00fcr alle Fans von Harry Potter. Dieses Schlafshirt Damen lang ist aus einem 100% Baumwolle Material und eignen sich perfekt zum \u00dcberziehen zu jeder Jahreszeit. Dieses Damen Pyjama hat einen sch\u00f6nen Aufdruck auf der Vorderseite mit dem Zitat &#8220;I solemnly swear that I am up to no good&#8221;.<br \/>\nTOP QUALIT\u00c4T MATERIAL-100% BAUMWOLLE &#8212; Diese niedlichen Pyjama Damen lang werden aus hochwertigen 100% Baumwolle Materialien hergestellt, um Haltbarkeit und Komfort zu gew\u00e4hrleisten. Unsere neuen Harry Potter Damen Nachthemden sind ideal an Wochenenden, an denen Sie einfach zu Hause entspannen, eine Pyjama Party feiern, ins Spa gehen oder sogar einen Wochenendausflug.<br \/>\nVERF\u00dcGBARE GR\u00d6SSEN &#8212; Diese T shirt Damen Schlafanzug sind in den Gr\u00f6\u00dfen S, M, L und XL erh\u00e4ltlich. Unsere Kleidergr\u00f6\u00dfen f\u00fcr Frauen stimmen mit denen anderer gro\u00dfer Einzelh\u00e4ndler \u00fcberein, und Sie k\u00f6nnen Ihre gewohnte Gr\u00f6\u00dfe mit Vertrauen kaufen.<br \/>\nDAMEN GESCHENKE &#8212; Diese erstaunlichen Nachthemd Damen kurzarm sind das perfekte Geschenk f\u00fcr jeden Harry Potter Liebhaber! Wenn Sie ein Geburtstag Geschenk f\u00fcr ein Familienmitglied, ein beste Freundin Geschenk, Weihnachtsgeschenk oder ein Jubil\u00e4umsgeschenk f\u00fcr Ihre Frau suchen, sind unsere Damen Nachtw\u00e4sche super weich, von toller Qualit\u00e4t und super spa\u00dfig zu tragen.<br \/>\nOFFIZIELLE HARRY POTTER FANARTIKEL &#8212; Auf der Suche nach originale Merchandise Artikeln? Unsere Nachthemden Damen sind Teil der offiziellen Sammlung einer der bekanntesten Film. Bestellen Sie jetzt Ihre und Sie werden nicht entt\u00e4uscht sein!<br \/>\n<div class=\"main-cross-sell\" data-asin=\"B08DXTRWBN\">\n\n\t<div class=\"WooZone-cross-sell-loader\">\n\t\t<div>\n\t\t\t<div id=\"floatingBarsG\">\n\t\t\t\t<div class=\"blockG\" id=\"rotateG_01\"><\/div>\n\t\t\t\t<div class=\"blockG\" id=\"rotateG_02\"><\/div>\n\t\t\t\t<div class=\"blockG\" id=\"rotateG_03\"><\/div>\n\t\t\t\t<div class=\"blockG\" id=\"rotateG_04\"><\/div>\n\t\t\t\t<div class=\"blockG\" id=\"rotateG_05\"><\/div>\n\t\t\t\t<div class=\"blockG\" id=\"rotateG_06\"><\/div>\n\t\t\t\t<div class=\"blockG\" id=\"rotateG_07\"><\/div>\n\t\t\t\t<div class=\"blockG\" id=\"rotateG_08\"><\/div>\n\t\t\t<\/div>\n\t\t\t<div class=\"WooZone-cross-sell-loader-text\"><\/div>\n\t\t<\/div>\n\t<\/div>\n\n\t\t\n<\/div>\n<div style=\"clear:both;\"><\/div><\/p>\n","protected":false},"excerpt":{"rendered":"<p>HARRY POTTER NACHTHEMD DAMEN KURZARM &#8212; Dieses fantastische schwarze Nachthemden f\u00fcr Damen und Jugendliche M\u00e4dchen ist eine gro\u00dfartige Geschenkidee f\u00fcr alle Fans von Harry Potter. Dieses Schlafshirt Damen lang ist aus einem 100% Baumwolle Material und eignen sich perfekt zum \u00dcberziehen zu jeder Jahreszeit. Dieses Damen Pyjama hat einen sch\u00f6nen Aufdruck auf der Vorderseite mit dem Zitat &#8220;I solemnly swear that I am up to no good&#8221;.<br \/>\nTOP QUALIT\u00c4T MATERIAL-100% BAUMWOLLE &#8212; Diese niedlichen Pyjama Damen lang werden aus hochwertigen 100% Baumwolle Materialien hergestellt, um Haltbarkeit und Komfort zu gew\u00e4hrleisten. Unsere neuen Harry Potter Damen Nachthemden sind ideal an Wochenenden, an denen Sie einfach zu Hause entspannen, eine Pyjama Party feiern, ins Spa gehen oder sogar einen Wochenendausflug.<br \/>\nVERF\u00dcGBARE GR\u00d6SSEN &#8212; Diese T shirt Damen Schlafanzug sind in den Gr\u00f6\u00dfen S, M, L und XL erh\u00e4ltlich. Unsere Kleidergr\u00f6\u00dfen f\u00fcr Frauen stimmen mit denen anderer gro\u00dfer Einzelh\u00e4ndler \u00fcberein, und Sie k\u00f6nnen Ihre gewohnte Gr\u00f6\u00dfe mit Vertrauen kaufen.<\/p>\n","protected":false},"featured_media":102098,"comment_status":"open","ping_status":"closed","template":"","meta":[],"product_brand":[],"product_cat":[1186,3920],"product_tag":[],"class_list":{"0":"post-102097","1":"product","2":"type-product","3":"status-publish","4":"has-post-thumbnail","6":"product_cat-bekleidung","7":"product_cat-damen","8":"pa_binding-textilien","9":"pa_brand-harry-potter","10":"pa_color-schwarz","12":"first","13":"instock","14":"shipping-taxable","15":"purchasable","16":"product-type-simple","17":"customify-col","18":"product-has-gallery"},"yoast_head":"<!-- This site is optimized with the Yoast SEO plugin v27.4 - https:\/\/yoast.com\/product\/yoast-seo-wordpress\/ -->\n<title>Harry Potter Nachthemd Damen, 100% Baumwolle Pyjama Damen, Lang Nachtkleid Teenager M\u00e4dchen, Schlafanzug Damen, Schwarz\u2026 - Markt-XXL<\/title>\n<meta name=\"description\" content=\"Markt-XXL Harry Potter Nachthemd Damen, 100% Baumwolle Pyjama Damen, Lang Nachtkleid Teenager M\u00e4dchen, Schlafanzug Damen, Schwarz\u2026\" \/>\n<meta name=\"robots\" content=\"index, follow, max-snippet:-1, max-image-preview:large, max-video-preview:-1\" \/>\n<link rel=\"canonical\" href=\"https:\/\/marktxxl.de\/markt\/produkt\/harry-potter-nachthemd-damen-100-baumwolle-pyjama-damen-lang-nachtkleid-teenager-maedchen-schlafanzug-damen-schwarz-schlafshirt-fuer-frauen-geschenke-fuer-frauen\/\" \/>\n<meta property=\"og:locale\" content=\"de_DE\" \/>\n<meta property=\"og:type\" content=\"article\" \/>\n<meta property=\"og:title\" content=\"Harry Potter Nachthemd Damen, 100% Baumwolle Pyjama Damen, Lang Nachtkleid Teenager M\u00e4dchen, Schlafanzug Damen, Schwarz\u2026 - Markt-XXL\" \/>\n<meta property=\"og:description\" content=\"Markt-XXL Harry Potter Nachthemd Damen, 100% Baumwolle Pyjama Damen, Lang Nachtkleid Teenager M\u00e4dchen, Schlafanzug Damen, Schwarz\u2026\" \/>\n<meta property=\"og:url\" content=\"https:\/\/marktxxl.de\/markt\/produkt\/harry-potter-nachthemd-damen-100-baumwolle-pyjama-damen-lang-nachtkleid-teenager-maedchen-schlafanzug-damen-schwarz-schlafshirt-fuer-frauen-geschenke-fuer-frauen\/\" \/>\n<meta property=\"og:site_name\" content=\"Markt-XXL\" \/>\n<meta property=\"article:modified_time\" content=\"2023-04-10T01:26:05+00:00\" \/>\n<meta property=\"og:image\" content=\"https:\/\/m.media-amazon.com\/images\/I\/31s1EoVPYlL._SL500_.jpg\" \/>\n\t<meta property=\"og:image:width\" content=\"333\" \/>\n\t<meta property=\"og:image:height\" content=\"500\" \/>\n\t<meta property=\"og:image:type\" content=\"image\/jpeg\" \/>\n<meta name=\"twitter:card\" content=\"summary_large_image\" \/>\n<meta name=\"twitter:label1\" content=\"Gesch\u00e4tzte Lesezeit\" \/>\n\t<meta name=\"twitter:data1\" content=\"1\u00a0Minute\" \/>\n<script type=\"application\/ld+json\" class=\"yoast-schema-graph\">{\"@context\":\"https:\\\/\\\/schema.org\",\"@graph\":[{\"@type\":\"WebPage\",\"@id\":\"https:\\\/\\\/marktxxl.de\\\/markt\\\/produkt\\\/harry-potter-nachthemd-damen-100-baumwolle-pyjama-damen-lang-nachtkleid-teenager-maedchen-schlafanzug-damen-schwarz-schlafshirt-fuer-frauen-geschenke-fuer-frauen\\\/\",\"url\":\"https:\\\/\\\/marktxxl.de\\\/markt\\\/produkt\\\/harry-potter-nachthemd-damen-100-baumwolle-pyjama-damen-lang-nachtkleid-teenager-maedchen-schlafanzug-damen-schwarz-schlafshirt-fuer-frauen-geschenke-fuer-frauen\\\/\",\"name\":\"Harry Potter Nachthemd Damen, 100% Baumwolle Pyjama Damen, Lang Nachtkleid Teenager M\u00e4dchen, Schlafanzug Damen, Schwarz\u2026 - Markt-XXL\",\"isPartOf\":{\"@id\":\"https:\\\/\\\/marktxxl.de\\\/markt\\\/#website\"},\"primaryImageOfPage\":{\"@id\":\"https:\\\/\\\/marktxxl.de\\\/markt\\\/produkt\\\/harry-potter-nachthemd-damen-100-baumwolle-pyjama-damen-lang-nachtkleid-teenager-maedchen-schlafanzug-damen-schwarz-schlafshirt-fuer-frauen-geschenke-fuer-frauen\\\/#primaryimage\"},\"image\":{\"@id\":\"https:\\\/\\\/marktxxl.de\\\/markt\\\/produkt\\\/harry-potter-nachthemd-damen-100-baumwolle-pyjama-damen-lang-nachtkleid-teenager-maedchen-schlafanzug-damen-schwarz-schlafshirt-fuer-frauen-geschenke-fuer-frauen\\\/#primaryimage\"},\"thumbnailUrl\":\"https:\\\/\\\/m.media-amazon.com\\\/images\\\/I\\\/31s1EoVPYlL._SL500_.jpg\",\"datePublished\":\"2022-01-27T17:48:53+00:00\",\"dateModified\":\"2023-04-10T01:26:05+00:00\",\"description\":\"Markt-XXL Harry Potter Nachthemd Damen, 100% Baumwolle Pyjama Damen, Lang Nachtkleid Teenager M\u00e4dchen, Schlafanzug Damen, Schwarz\u2026\",\"breadcrumb\":{\"@id\":\"https:\\\/\\\/marktxxl.de\\\/markt\\\/produkt\\\/harry-potter-nachthemd-damen-100-baumwolle-pyjama-damen-lang-nachtkleid-teenager-maedchen-schlafanzug-damen-schwarz-schlafshirt-fuer-frauen-geschenke-fuer-frauen\\\/#breadcrumb\"},\"inLanguage\":\"de\",\"potentialAction\":[{\"@type\":\"ReadAction\",\"target\":[\"https:\\\/\\\/marktxxl.de\\\/markt\\\/produkt\\\/harry-potter-nachthemd-damen-100-baumwolle-pyjama-damen-lang-nachtkleid-teenager-maedchen-schlafanzug-damen-schwarz-schlafshirt-fuer-frauen-geschenke-fuer-frauen\\\/\"]}]},{\"@type\":\"ImageObject\",\"inLanguage\":\"de\",\"@id\":\"https:\\\/\\\/marktxxl.de\\\/markt\\\/produkt\\\/harry-potter-nachthemd-damen-100-baumwolle-pyjama-damen-lang-nachtkleid-teenager-maedchen-schlafanzug-damen-schwarz-schlafshirt-fuer-frauen-geschenke-fuer-frauen\\\/#primaryimage\",\"url\":\"https:\\\/\\\/m.media-amazon.com\\\/images\\\/I\\\/31s1EoVPYlL._SL500_.jpg\",\"contentUrl\":\"https:\\\/\\\/m.media-amazon.com\\\/images\\\/I\\\/31s1EoVPYlL._SL500_.jpg\",\"width\":333,\"height\":500},{\"@type\":\"BreadcrumbList\",\"@id\":\"https:\\\/\\\/marktxxl.de\\\/markt\\\/produkt\\\/harry-potter-nachthemd-damen-100-baumwolle-pyjama-damen-lang-nachtkleid-teenager-maedchen-schlafanzug-damen-schwarz-schlafshirt-fuer-frauen-geschenke-fuer-frauen\\\/#breadcrumb\",\"itemListElement\":[{\"@type\":\"ListItem\",\"position\":1,\"name\":\"Startseite\",\"item\":\"https:\\\/\\\/marktxxl.de\\\/markt\\\/\"},{\"@type\":\"ListItem\",\"position\":2,\"name\":\"Markt\",\"item\":\"https:\\\/\\\/marktxxl.de\\\/markt\\\/\"},{\"@type\":\"ListItem\",\"position\":3,\"name\":\"Harry Potter Nachthemd Damen, 100% Baumwolle Pyjama Damen, Lang Nachtkleid Teenager M\u00e4dchen, Schlafanzug Damen, Schwarz\u2026\"}]},{\"@type\":\"WebSite\",\"@id\":\"https:\\\/\\\/marktxxl.de\\\/markt\\\/#website\",\"url\":\"https:\\\/\\\/marktxxl.de\\\/markt\\\/\",\"name\":\"Markt-XXL\",\"description\":\"Ihr Markt Online\",\"publisher\":{\"@id\":\"https:\\\/\\\/marktxxl.de\\\/markt\\\/#organization\"},\"potentialAction\":[{\"@type\":\"SearchAction\",\"target\":{\"@type\":\"EntryPoint\",\"urlTemplate\":\"https:\\\/\\\/marktxxl.de\\\/markt\\\/?s={search_term_string}\"},\"query-input\":{\"@type\":\"PropertyValueSpecification\",\"valueRequired\":true,\"valueName\":\"search_term_string\"}}],\"inLanguage\":\"de\"},{\"@type\":\"Organization\",\"@id\":\"https:\\\/\\\/marktxxl.de\\\/markt\\\/#organization\",\"name\":\"Markt-XXL\",\"url\":\"https:\\\/\\\/marktxxl.de\\\/markt\\\/\",\"logo\":{\"@type\":\"ImageObject\",\"inLanguage\":\"de\",\"@id\":\"https:\\\/\\\/marktxxl.de\\\/markt\\\/#\\\/schema\\\/logo\\\/image\\\/\",\"url\":\"https:\\\/\\\/marktxxl.de\\\/markt\\\/wp-content\\\/uploads\\\/sites\\\/3\\\/2020\\\/12\\\/logo.png\",\"contentUrl\":\"https:\\\/\\\/marktxxl.de\\\/markt\\\/wp-content\\\/uploads\\\/sites\\\/3\\\/2020\\\/12\\\/logo.png\",\"width\":200,\"height\":70,\"caption\":\"Markt-XXL\"},\"image\":{\"@id\":\"https:\\\/\\\/marktxxl.de\\\/markt\\\/#\\\/schema\\\/logo\\\/image\\\/\"}}]}<\/script>\n<!-- \/ Yoast SEO plugin. -->","yoast_head_json":{"title":"Harry Potter Nachthemd Damen, 100% Baumwolle Pyjama Damen, Lang Nachtkleid Teenager M\u00e4dchen, Schlafanzug Damen, Schwarz\u2026 - Markt-XXL","description":"Markt-XXL Harry Potter Nachthemd Damen, 100% Baumwolle Pyjama Damen, Lang Nachtkleid Teenager M\u00e4dchen, Schlafanzug Damen, Schwarz\u2026","robots":{"index":"index","follow":"follow","max-snippet":"max-snippet:-1","max-image-preview":"max-image-preview:large","max-video-preview":"max-video-preview:-1"},"canonical":"https:\/\/marktxxl.de\/markt\/produkt\/harry-potter-nachthemd-damen-100-baumwolle-pyjama-damen-lang-nachtkleid-teenager-maedchen-schlafanzug-damen-schwarz-schlafshirt-fuer-frauen-geschenke-fuer-frauen\/","og_locale":"de_DE","og_type":"article","og_title":"Harry Potter Nachthemd Damen, 100% Baumwolle Pyjama Damen, Lang Nachtkleid Teenager M\u00e4dchen, Schlafanzug Damen, Schwarz\u2026 - Markt-XXL","og_description":"Markt-XXL Harry Potter Nachthemd Damen, 100% Baumwolle Pyjama Damen, Lang Nachtkleid Teenager M\u00e4dchen, Schlafanzug Damen, Schwarz\u2026","og_url":"https:\/\/marktxxl.de\/markt\/produkt\/harry-potter-nachthemd-damen-100-baumwolle-pyjama-damen-lang-nachtkleid-teenager-maedchen-schlafanzug-damen-schwarz-schlafshirt-fuer-frauen-geschenke-fuer-frauen\/","og_site_name":"Markt-XXL","article_modified_time":"2023-04-10T01:26:05+00:00","og_image":[{"width":333,"height":500,"url":"https:\/\/m.media-amazon.com\/images\/I\/31s1EoVPYlL._SL500_.jpg","type":"image\/jpeg"}],"twitter_card":"summary_large_image","twitter_misc":{"Gesch\u00e4tzte Lesezeit":"1\u00a0Minute"},"schema":{"@context":"https:\/\/schema.org","@graph":[{"@type":"WebPage","@id":"https:\/\/marktxxl.de\/markt\/produkt\/harry-potter-nachthemd-damen-100-baumwolle-pyjama-damen-lang-nachtkleid-teenager-maedchen-schlafanzug-damen-schwarz-schlafshirt-fuer-frauen-geschenke-fuer-frauen\/","url":"https:\/\/marktxxl.de\/markt\/produkt\/harry-potter-nachthemd-damen-100-baumwolle-pyjama-damen-lang-nachtkleid-teenager-maedchen-schlafanzug-damen-schwarz-schlafshirt-fuer-frauen-geschenke-fuer-frauen\/","name":"Harry Potter Nachthemd Damen, 100% Baumwolle Pyjama Damen, Lang Nachtkleid Teenager M\u00e4dchen, Schlafanzug Damen, Schwarz\u2026 - Markt-XXL","isPartOf":{"@id":"https:\/\/marktxxl.de\/markt\/#website"},"primaryImageOfPage":{"@id":"https:\/\/marktxxl.de\/markt\/produkt\/harry-potter-nachthemd-damen-100-baumwolle-pyjama-damen-lang-nachtkleid-teenager-maedchen-schlafanzug-damen-schwarz-schlafshirt-fuer-frauen-geschenke-fuer-frauen\/#primaryimage"},"image":{"@id":"https:\/\/marktxxl.de\/markt\/produkt\/harry-potter-nachthemd-damen-100-baumwolle-pyjama-damen-lang-nachtkleid-teenager-maedchen-schlafanzug-damen-schwarz-schlafshirt-fuer-frauen-geschenke-fuer-frauen\/#primaryimage"},"thumbnailUrl":"https:\/\/m.media-amazon.com\/images\/I\/31s1EoVPYlL._SL500_.jpg","datePublished":"2022-01-27T17:48:53+00:00","dateModified":"2023-04-10T01:26:05+00:00","description":"Markt-XXL Harry Potter Nachthemd Damen, 100% Baumwolle Pyjama Damen, Lang Nachtkleid Teenager M\u00e4dchen, Schlafanzug Damen, Schwarz\u2026","breadcrumb":{"@id":"https:\/\/marktxxl.de\/markt\/produkt\/harry-potter-nachthemd-damen-100-baumwolle-pyjama-damen-lang-nachtkleid-teenager-maedchen-schlafanzug-damen-schwarz-schlafshirt-fuer-frauen-geschenke-fuer-frauen\/#breadcrumb"},"inLanguage":"de","potentialAction":[{"@type":"ReadAction","target":["https:\/\/marktxxl.de\/markt\/produkt\/harry-potter-nachthemd-damen-100-baumwolle-pyjama-damen-lang-nachtkleid-teenager-maedchen-schlafanzug-damen-schwarz-schlafshirt-fuer-frauen-geschenke-fuer-frauen\/"]}]},{"@type":"ImageObject","inLanguage":"de","@id":"https:\/\/marktxxl.de\/markt\/produkt\/harry-potter-nachthemd-damen-100-baumwolle-pyjama-damen-lang-nachtkleid-teenager-maedchen-schlafanzug-damen-schwarz-schlafshirt-fuer-frauen-geschenke-fuer-frauen\/#primaryimage","url":"https:\/\/m.media-amazon.com\/images\/I\/31s1EoVPYlL._SL500_.jpg","contentUrl":"https:\/\/m.media-amazon.com\/images\/I\/31s1EoVPYlL._SL500_.jpg","width":333,"height":500},{"@type":"BreadcrumbList","@id":"https:\/\/marktxxl.de\/markt\/produkt\/harry-potter-nachthemd-damen-100-baumwolle-pyjama-damen-lang-nachtkleid-teenager-maedchen-schlafanzug-damen-schwarz-schlafshirt-fuer-frauen-geschenke-fuer-frauen\/#breadcrumb","itemListElement":[{"@type":"ListItem","position":1,"name":"Startseite","item":"https:\/\/marktxxl.de\/markt\/"},{"@type":"ListItem","position":2,"name":"Markt","item":"https:\/\/marktxxl.de\/markt\/"},{"@type":"ListItem","position":3,"name":"Harry Potter Nachthemd Damen, 100% Baumwolle Pyjama Damen, Lang Nachtkleid Teenager M\u00e4dchen, Schlafanzug Damen, Schwarz\u2026"}]},{"@type":"WebSite","@id":"https:\/\/marktxxl.de\/markt\/#website","url":"https:\/\/marktxxl.de\/markt\/","name":"Markt-XXL","description":"Ihr Markt Online","publisher":{"@id":"https:\/\/marktxxl.de\/markt\/#organization"},"potentialAction":[{"@type":"SearchAction","target":{"@type":"EntryPoint","urlTemplate":"https:\/\/marktxxl.de\/markt\/?s={search_term_string}"},"query-input":{"@type":"PropertyValueSpecification","valueRequired":true,"valueName":"search_term_string"}}],"inLanguage":"de"},{"@type":"Organization","@id":"https:\/\/marktxxl.de\/markt\/#organization","name":"Markt-XXL","url":"https:\/\/marktxxl.de\/markt\/","logo":{"@type":"ImageObject","inLanguage":"de","@id":"https:\/\/marktxxl.de\/markt\/#\/schema\/logo\/image\/","url":"https:\/\/marktxxl.de\/markt\/wp-content\/uploads\/sites\/3\/2020\/12\/logo.png","contentUrl":"https:\/\/marktxxl.de\/markt\/wp-content\/uploads\/sites\/3\/2020\/12\/logo.png","width":200,"height":70,"caption":"Markt-XXL"},"image":{"@id":"https:\/\/marktxxl.de\/markt\/#\/schema\/logo\/image\/"}}]}},"_links":{"self":[{"href":"https:\/\/marktxxl.de\/markt\/wp-json\/wp\/v2\/product\/102097","targetHints":{"allow":["GET"]}}],"collection":[{"href":"https:\/\/marktxxl.de\/markt\/wp-json\/wp\/v2\/product"}],"about":[{"href":"https:\/\/marktxxl.de\/markt\/wp-json\/wp\/v2\/types\/product"}],"replies":[{"embeddable":true,"href":"https:\/\/marktxxl.de\/markt\/wp-json\/wp\/v2\/comments?post=102097"}],"wp:featuredmedia":[{"embeddable":true,"href":"https:\/\/marktxxl.de\/markt\/wp-json\/wp\/v2\/media\/102098"}],"wp:attachment":[{"href":"https:\/\/marktxxl.de\/markt\/wp-json\/wp\/v2\/media?parent=102097"}],"wp:term":[{"taxonomy":"product_brand","embeddable":true,"href":"https:\/\/marktxxl.de\/markt\/wp-json\/wp\/v2\/product_brand?post=102097"},{"taxonomy":"product_cat","embeddable":true,"href":"https:\/\/marktxxl.de\/markt\/wp-json\/wp\/v2\/product_cat?post=102097"},{"taxonomy":"product_tag","embeddable":true,"href":"https:\/\/marktxxl.de\/markt\/wp-json\/wp\/v2\/product_tag?post=102097"}],"curies":[{"name":"wp","href":"https:\/\/api.w.org\/{rel}","templated":true}]}}