{"id":102051,"date":"2022-01-27T18:46:12","date_gmt":"2022-01-27T17:46:12","guid":{"rendered":"https:\/\/marktxxl.de\/markt\/produkt\/mitesserentferner-set-7-teilig-pickelentferner-medizinischer-edelstahl-von-medi-grade-blackhead-remover-porenreiniger-gesichtspflege-set-zum-mitesser-entfernen-komedonenquetscher-und-meh\/"},"modified":"2023-04-10T03:25:25","modified_gmt":"2023-04-10T01:25:25","slug":"mitesserentferner-set-7-teilig-pickelentferner-medizinischer-edelstahl-von-medi-grade-blackhead-remover-porenreiniger-gesichtspflege-set-zum-mitesser-entfernen-komedonenquetscher-und-meh","status":"publish","type":"product","link":"https:\/\/marktxxl.de\/markt\/produkt\/mitesserentferner-set-7-teilig-pickelentferner-medizinischer-edelstahl-von-medi-grade-blackhead-remover-porenreiniger-gesichtspflege-set-zum-mitesser-entfernen-komedonenquetscher-und-meh\/","title":{"rendered":"Mitesserentferner Set [7-Teilig] Pickelentferner Medizinischer Edelstahl von Medi Grade &#8211; Blackhead Remover\u2026"},"content":{"rendered":"<p>MITESSER ENTFERNER SET ZUR EINFACHEN ANWENDUNG &#8211; Pflegen Sie Ihre Haut sauber, geschmeidig und gesund, indem Sie zum Pickel Ausdr\u00fccken Werkzeuge wie unsere zum Teil Ihrer Hautpflege-Routine machen. Unser Mittesserentfernerset wurde f\u00fcr die Behandlung von verschiedenen Arten von Mitessern, Pickeln und Komedonen entwickelt<br \/>\n7 ANTI MITESSER INSTRUMENTE UND PINZETTEN SET MEDIZINISCH &#8211; Enth\u00e4lt 7 Instrumente zum Pickel Entfernen aus rostfreiem Stahl, jedes mit einem doppelten Ende und verschiedenen K\u00f6pfen. Enth\u00e4lt Mitesser-Entfernungswerkzeug, Pickel-Entferner, Spitze Pinzette, Pickelnadel und mehr. Vorsichtig und behutsam verwenden.<br \/>\nZUS\u00c4TZLICH ENTHALTENES ZUBEH\u00d6R &#8211; Vervollst\u00e4ndigen Sie Ihre Behandlung zur Entfernung von Mitessern und zur Poren Reinigung zu Hause mit Leichtigkeit und Effizienz. Unser Skincare Set enth\u00e4lt zudem einen Schwamm-Applikator, ein Spiegeletui, ein Reinigungstuch und Abtupf-Papier. Alle Instrumente k\u00f6nnen in der enthaltenen robusten Stofftasche aufbewahrt werden.<br \/>\nREINE POREN STEIGERN DAS SELBSTVERTRAUEN &#8211; Es ist ein sehr befriedigendes Gef\u00fchl, wenn Sie den Dreh raus haben, wie Sie den Komedonenheber und die Mitesser Pinzette sanft einsetzen und alle fettigen R\u00fcckst\u00e4nde auf Ihrer Haut entfernen k\u00f6nnen. Es klingt komisch, aber es macht tats\u00e4chlich ein klein wenig s\u00fcchtig.<br \/>\nHAUTZUFRIEDENHEIT GARANTIERT &#8211; Schluss mit Pickel Ausdr\u00fccken und Schrubben, als w\u00e4re Ihr Gesicht schmutziges Geschirr. Verwenden Sie unser Mitesserentferner Set, um mit den pr\u00e4zisen Instrumenten bestimmte Bereiche Ihres Gesichts zu behandeln. Wenn Sie oder Ihre Haut aus irgendeinem Grund nicht zufrieden \u00fcber die Pickelausdr\u00fccker sind, helfen wir Ihnen gerne weiter; kontaktieren Sie uns einfach.<br \/>\n<div class=\"main-cross-sell\" data-asin=\"B08P1K7PC9\">\n\n\t<div class=\"WooZone-cross-sell-loader\">\n\t\t<div>\n\t\t\t<div id=\"floatingBarsG\">\n\t\t\t\t<div class=\"blockG\" id=\"rotateG_01\"><\/div>\n\t\t\t\t<div class=\"blockG\" id=\"rotateG_02\"><\/div>\n\t\t\t\t<div class=\"blockG\" id=\"rotateG_03\"><\/div>\n\t\t\t\t<div class=\"blockG\" id=\"rotateG_04\"><\/div>\n\t\t\t\t<div class=\"blockG\" id=\"rotateG_05\"><\/div>\n\t\t\t\t<div class=\"blockG\" id=\"rotateG_06\"><\/div>\n\t\t\t\t<div class=\"blockG\" id=\"rotateG_07\"><\/div>\n\t\t\t\t<div class=\"blockG\" id=\"rotateG_08\"><\/div>\n\t\t\t<\/div>\n\t\t\t<div class=\"WooZone-cross-sell-loader-text\"><\/div>\n\t\t<\/div>\n\t<\/div>\n\n\t\t\n<\/div>\n<div style=\"clear:both;\"><\/div><\/p>\n","protected":false},"excerpt":{"rendered":"<p>MITESSER ENTFERNER SET ZUR EINFACHEN ANWENDUNG &#8211; Pflegen Sie Ihre Haut sauber, geschmeidig und gesund, indem Sie zum Pickel Ausdr\u00fccken Werkzeuge wie unsere zum Teil Ihrer Hautpflege-Routine machen. Unser Mittesserentfernerset wurde f\u00fcr die Behandlung von verschiedenen Arten von Mitessern, Pickeln und Komedonen entwickelt<br \/>\n7 ANTI MITESSER INSTRUMENTE UND PINZETTEN SET MEDIZINISCH &#8211; Enth\u00e4lt 7 Instrumente zum Pickel Entfernen aus rostfreiem Stahl, jedes mit einem doppelten Ende und verschiedenen K\u00f6pfen. Enth\u00e4lt Mitesser-Entfernungswerkzeug, Pickel-Entferner, Spitze Pinzette, Pickelnadel und mehr. Vorsichtig und behutsam verwenden.<br \/>\nZUS\u00c4TZLICH ENTHALTENES ZUBEH\u00d6R &#8211; Vervollst\u00e4ndigen Sie Ihre Behandlung zur Entfernung von Mitessern und zur Poren Reinigung zu Hause mit Leichtigkeit und Effizienz. Unser Skincare Set enth\u00e4lt zudem einen Schwamm-Applikator, ein Spiegeletui, ein Reinigungstuch und Abtupf-Papier. Alle Instrumente k\u00f6nnen in der enthaltenen robusten Stofftasche aufbewahrt werden.<\/p>\n","protected":false},"featured_media":102052,"comment_status":"open","ping_status":"closed","template":"","meta":[],"product_brand":[],"product_cat":[2858,7726],"product_tag":[],"class_list":{"0":"post-102051","1":"product","2":"type-product","3":"status-publish","4":"has-post-thumbnail","6":"product_cat-beauty","7":"product_cat-zubehoer-beauty","8":"pa_brand-medi-grade","9":"pa_color-green","10":"pa_manufacturer-fbgc","12":"first","13":"instock","14":"shipping-taxable","15":"purchasable","16":"product-type-simple","17":"customify-col","18":"product-has-gallery"},"yoast_head":"<!-- This site is optimized with the Yoast SEO plugin v27.4 - https:\/\/yoast.com\/product\/yoast-seo-wordpress\/ -->\n<title>Mitesserentferner Set [7-Teilig] Pickelentferner Medizinischer Edelstahl von Medi Grade - Blackhead Remover\u2026 - Markt-XXL<\/title>\n<meta name=\"description\" content=\"Markt-XXL Mitesserentferner Set [7-Teilig] Pickelentferner Medizinischer Edelstahl von Medi Grade - Blackhead Remover\u2026\" \/>\n<meta name=\"robots\" content=\"index, follow, max-snippet:-1, max-image-preview:large, max-video-preview:-1\" \/>\n<link rel=\"canonical\" href=\"https:\/\/marktxxl.de\/markt\/produkt\/mitesserentferner-set-7-teilig-pickelentferner-medizinischer-edelstahl-von-medi-grade-blackhead-remover-porenreiniger-gesichtspflege-set-zum-mitesser-entfernen-komedonenquetscher-und-meh\/\" \/>\n<meta property=\"og:locale\" content=\"de_DE\" \/>\n<meta property=\"og:type\" content=\"article\" \/>\n<meta property=\"og:title\" content=\"Mitesserentferner Set [7-Teilig] Pickelentferner Medizinischer Edelstahl von Medi Grade - Blackhead Remover\u2026 - Markt-XXL\" \/>\n<meta property=\"og:description\" content=\"Markt-XXL Mitesserentferner Set [7-Teilig] Pickelentferner Medizinischer Edelstahl von Medi Grade - Blackhead Remover\u2026\" \/>\n<meta property=\"og:url\" content=\"https:\/\/marktxxl.de\/markt\/produkt\/mitesserentferner-set-7-teilig-pickelentferner-medizinischer-edelstahl-von-medi-grade-blackhead-remover-porenreiniger-gesichtspflege-set-zum-mitesser-entfernen-komedonenquetscher-und-meh\/\" \/>\n<meta property=\"og:site_name\" content=\"Markt-XXL\" \/>\n<meta property=\"article:modified_time\" content=\"2023-04-10T01:25:25+00:00\" \/>\n<meta property=\"og:image\" content=\"https:\/\/m.media-amazon.com\/images\/I\/51PbsjuunML._SL500_.jpg\" \/>\n\t<meta property=\"og:image:width\" content=\"500\" \/>\n\t<meta property=\"og:image:height\" content=\"500\" \/>\n\t<meta property=\"og:image:type\" content=\"image\/jpeg\" \/>\n<meta name=\"twitter:card\" content=\"summary_large_image\" \/>\n<meta name=\"twitter:label1\" content=\"Gesch\u00e4tzte Lesezeit\" \/>\n\t<meta name=\"twitter:data1\" content=\"1\u00a0Minute\" \/>\n<script type=\"application\/ld+json\" class=\"yoast-schema-graph\">{\"@context\":\"https:\\\/\\\/schema.org\",\"@graph\":[{\"@type\":\"WebPage\",\"@id\":\"https:\\\/\\\/marktxxl.de\\\/markt\\\/produkt\\\/mitesserentferner-set-7-teilig-pickelentferner-medizinischer-edelstahl-von-medi-grade-blackhead-remover-porenreiniger-gesichtspflege-set-zum-mitesser-entfernen-komedonenquetscher-und-meh\\\/\",\"url\":\"https:\\\/\\\/marktxxl.de\\\/markt\\\/produkt\\\/mitesserentferner-set-7-teilig-pickelentferner-medizinischer-edelstahl-von-medi-grade-blackhead-remover-porenreiniger-gesichtspflege-set-zum-mitesser-entfernen-komedonenquetscher-und-meh\\\/\",\"name\":\"Mitesserentferner Set [7-Teilig] Pickelentferner Medizinischer Edelstahl von Medi Grade - Blackhead Remover\u2026 - Markt-XXL\",\"isPartOf\":{\"@id\":\"https:\\\/\\\/marktxxl.de\\\/markt\\\/#website\"},\"primaryImageOfPage\":{\"@id\":\"https:\\\/\\\/marktxxl.de\\\/markt\\\/produkt\\\/mitesserentferner-set-7-teilig-pickelentferner-medizinischer-edelstahl-von-medi-grade-blackhead-remover-porenreiniger-gesichtspflege-set-zum-mitesser-entfernen-komedonenquetscher-und-meh\\\/#primaryimage\"},\"image\":{\"@id\":\"https:\\\/\\\/marktxxl.de\\\/markt\\\/produkt\\\/mitesserentferner-set-7-teilig-pickelentferner-medizinischer-edelstahl-von-medi-grade-blackhead-remover-porenreiniger-gesichtspflege-set-zum-mitesser-entfernen-komedonenquetscher-und-meh\\\/#primaryimage\"},\"thumbnailUrl\":\"https:\\\/\\\/m.media-amazon.com\\\/images\\\/I\\\/51PbsjuunML._SL500_.jpg\",\"datePublished\":\"2022-01-27T17:46:12+00:00\",\"dateModified\":\"2023-04-10T01:25:25+00:00\",\"description\":\"Markt-XXL Mitesserentferner Set [7-Teilig] Pickelentferner Medizinischer Edelstahl von Medi Grade - Blackhead Remover\u2026\",\"breadcrumb\":{\"@id\":\"https:\\\/\\\/marktxxl.de\\\/markt\\\/produkt\\\/mitesserentferner-set-7-teilig-pickelentferner-medizinischer-edelstahl-von-medi-grade-blackhead-remover-porenreiniger-gesichtspflege-set-zum-mitesser-entfernen-komedonenquetscher-und-meh\\\/#breadcrumb\"},\"inLanguage\":\"de\",\"potentialAction\":[{\"@type\":\"ReadAction\",\"target\":[\"https:\\\/\\\/marktxxl.de\\\/markt\\\/produkt\\\/mitesserentferner-set-7-teilig-pickelentferner-medizinischer-edelstahl-von-medi-grade-blackhead-remover-porenreiniger-gesichtspflege-set-zum-mitesser-entfernen-komedonenquetscher-und-meh\\\/\"]}]},{\"@type\":\"ImageObject\",\"inLanguage\":\"de\",\"@id\":\"https:\\\/\\\/marktxxl.de\\\/markt\\\/produkt\\\/mitesserentferner-set-7-teilig-pickelentferner-medizinischer-edelstahl-von-medi-grade-blackhead-remover-porenreiniger-gesichtspflege-set-zum-mitesser-entfernen-komedonenquetscher-und-meh\\\/#primaryimage\",\"url\":\"https:\\\/\\\/m.media-amazon.com\\\/images\\\/I\\\/51PbsjuunML._SL500_.jpg\",\"contentUrl\":\"https:\\\/\\\/m.media-amazon.com\\\/images\\\/I\\\/51PbsjuunML._SL500_.jpg\",\"width\":500,\"height\":500},{\"@type\":\"BreadcrumbList\",\"@id\":\"https:\\\/\\\/marktxxl.de\\\/markt\\\/produkt\\\/mitesserentferner-set-7-teilig-pickelentferner-medizinischer-edelstahl-von-medi-grade-blackhead-remover-porenreiniger-gesichtspflege-set-zum-mitesser-entfernen-komedonenquetscher-und-meh\\\/#breadcrumb\",\"itemListElement\":[{\"@type\":\"ListItem\",\"position\":1,\"name\":\"Startseite\",\"item\":\"https:\\\/\\\/marktxxl.de\\\/markt\\\/\"},{\"@type\":\"ListItem\",\"position\":2,\"name\":\"Markt\",\"item\":\"https:\\\/\\\/marktxxl.de\\\/markt\\\/\"},{\"@type\":\"ListItem\",\"position\":3,\"name\":\"Mitesserentferner Set [7-Teilig] Pickelentferner Medizinischer Edelstahl von Medi Grade &#8211; Blackhead Remover\u2026\"}]},{\"@type\":\"WebSite\",\"@id\":\"https:\\\/\\\/marktxxl.de\\\/markt\\\/#website\",\"url\":\"https:\\\/\\\/marktxxl.de\\\/markt\\\/\",\"name\":\"Markt-XXL\",\"description\":\"Ihr Markt Online\",\"publisher\":{\"@id\":\"https:\\\/\\\/marktxxl.de\\\/markt\\\/#organization\"},\"potentialAction\":[{\"@type\":\"SearchAction\",\"target\":{\"@type\":\"EntryPoint\",\"urlTemplate\":\"https:\\\/\\\/marktxxl.de\\\/markt\\\/?s={search_term_string}\"},\"query-input\":{\"@type\":\"PropertyValueSpecification\",\"valueRequired\":true,\"valueName\":\"search_term_string\"}}],\"inLanguage\":\"de\"},{\"@type\":\"Organization\",\"@id\":\"https:\\\/\\\/marktxxl.de\\\/markt\\\/#organization\",\"name\":\"Markt-XXL\",\"url\":\"https:\\\/\\\/marktxxl.de\\\/markt\\\/\",\"logo\":{\"@type\":\"ImageObject\",\"inLanguage\":\"de\",\"@id\":\"https:\\\/\\\/marktxxl.de\\\/markt\\\/#\\\/schema\\\/logo\\\/image\\\/\",\"url\":\"https:\\\/\\\/marktxxl.de\\\/markt\\\/wp-content\\\/uploads\\\/sites\\\/3\\\/2020\\\/12\\\/logo.png\",\"contentUrl\":\"https:\\\/\\\/marktxxl.de\\\/markt\\\/wp-content\\\/uploads\\\/sites\\\/3\\\/2020\\\/12\\\/logo.png\",\"width\":200,\"height\":70,\"caption\":\"Markt-XXL\"},\"image\":{\"@id\":\"https:\\\/\\\/marktxxl.de\\\/markt\\\/#\\\/schema\\\/logo\\\/image\\\/\"}}]}<\/script>\n<!-- \/ Yoast SEO plugin. -->","yoast_head_json":{"title":"Mitesserentferner Set [7-Teilig] Pickelentferner Medizinischer Edelstahl von Medi Grade - Blackhead Remover\u2026 - Markt-XXL","description":"Markt-XXL Mitesserentferner Set [7-Teilig] Pickelentferner Medizinischer Edelstahl von Medi Grade - Blackhead Remover\u2026","robots":{"index":"index","follow":"follow","max-snippet":"max-snippet:-1","max-image-preview":"max-image-preview:large","max-video-preview":"max-video-preview:-1"},"canonical":"https:\/\/marktxxl.de\/markt\/produkt\/mitesserentferner-set-7-teilig-pickelentferner-medizinischer-edelstahl-von-medi-grade-blackhead-remover-porenreiniger-gesichtspflege-set-zum-mitesser-entfernen-komedonenquetscher-und-meh\/","og_locale":"de_DE","og_type":"article","og_title":"Mitesserentferner Set [7-Teilig] Pickelentferner Medizinischer Edelstahl von Medi Grade - Blackhead Remover\u2026 - Markt-XXL","og_description":"Markt-XXL Mitesserentferner Set [7-Teilig] Pickelentferner Medizinischer Edelstahl von Medi Grade - Blackhead Remover\u2026","og_url":"https:\/\/marktxxl.de\/markt\/produkt\/mitesserentferner-set-7-teilig-pickelentferner-medizinischer-edelstahl-von-medi-grade-blackhead-remover-porenreiniger-gesichtspflege-set-zum-mitesser-entfernen-komedonenquetscher-und-meh\/","og_site_name":"Markt-XXL","article_modified_time":"2023-04-10T01:25:25+00:00","og_image":[{"width":500,"height":500,"url":"https:\/\/m.media-amazon.com\/images\/I\/51PbsjuunML._SL500_.jpg","type":"image\/jpeg"}],"twitter_card":"summary_large_image","twitter_misc":{"Gesch\u00e4tzte Lesezeit":"1\u00a0Minute"},"schema":{"@context":"https:\/\/schema.org","@graph":[{"@type":"WebPage","@id":"https:\/\/marktxxl.de\/markt\/produkt\/mitesserentferner-set-7-teilig-pickelentferner-medizinischer-edelstahl-von-medi-grade-blackhead-remover-porenreiniger-gesichtspflege-set-zum-mitesser-entfernen-komedonenquetscher-und-meh\/","url":"https:\/\/marktxxl.de\/markt\/produkt\/mitesserentferner-set-7-teilig-pickelentferner-medizinischer-edelstahl-von-medi-grade-blackhead-remover-porenreiniger-gesichtspflege-set-zum-mitesser-entfernen-komedonenquetscher-und-meh\/","name":"Mitesserentferner Set [7-Teilig] Pickelentferner Medizinischer Edelstahl von Medi Grade - Blackhead Remover\u2026 - Markt-XXL","isPartOf":{"@id":"https:\/\/marktxxl.de\/markt\/#website"},"primaryImageOfPage":{"@id":"https:\/\/marktxxl.de\/markt\/produkt\/mitesserentferner-set-7-teilig-pickelentferner-medizinischer-edelstahl-von-medi-grade-blackhead-remover-porenreiniger-gesichtspflege-set-zum-mitesser-entfernen-komedonenquetscher-und-meh\/#primaryimage"},"image":{"@id":"https:\/\/marktxxl.de\/markt\/produkt\/mitesserentferner-set-7-teilig-pickelentferner-medizinischer-edelstahl-von-medi-grade-blackhead-remover-porenreiniger-gesichtspflege-set-zum-mitesser-entfernen-komedonenquetscher-und-meh\/#primaryimage"},"thumbnailUrl":"https:\/\/m.media-amazon.com\/images\/I\/51PbsjuunML._SL500_.jpg","datePublished":"2022-01-27T17:46:12+00:00","dateModified":"2023-04-10T01:25:25+00:00","description":"Markt-XXL Mitesserentferner Set [7-Teilig] Pickelentferner Medizinischer Edelstahl von Medi Grade - Blackhead Remover\u2026","breadcrumb":{"@id":"https:\/\/marktxxl.de\/markt\/produkt\/mitesserentferner-set-7-teilig-pickelentferner-medizinischer-edelstahl-von-medi-grade-blackhead-remover-porenreiniger-gesichtspflege-set-zum-mitesser-entfernen-komedonenquetscher-und-meh\/#breadcrumb"},"inLanguage":"de","potentialAction":[{"@type":"ReadAction","target":["https:\/\/marktxxl.de\/markt\/produkt\/mitesserentferner-set-7-teilig-pickelentferner-medizinischer-edelstahl-von-medi-grade-blackhead-remover-porenreiniger-gesichtspflege-set-zum-mitesser-entfernen-komedonenquetscher-und-meh\/"]}]},{"@type":"ImageObject","inLanguage":"de","@id":"https:\/\/marktxxl.de\/markt\/produkt\/mitesserentferner-set-7-teilig-pickelentferner-medizinischer-edelstahl-von-medi-grade-blackhead-remover-porenreiniger-gesichtspflege-set-zum-mitesser-entfernen-komedonenquetscher-und-meh\/#primaryimage","url":"https:\/\/m.media-amazon.com\/images\/I\/51PbsjuunML._SL500_.jpg","contentUrl":"https:\/\/m.media-amazon.com\/images\/I\/51PbsjuunML._SL500_.jpg","width":500,"height":500},{"@type":"BreadcrumbList","@id":"https:\/\/marktxxl.de\/markt\/produkt\/mitesserentferner-set-7-teilig-pickelentferner-medizinischer-edelstahl-von-medi-grade-blackhead-remover-porenreiniger-gesichtspflege-set-zum-mitesser-entfernen-komedonenquetscher-und-meh\/#breadcrumb","itemListElement":[{"@type":"ListItem","position":1,"name":"Startseite","item":"https:\/\/marktxxl.de\/markt\/"},{"@type":"ListItem","position":2,"name":"Markt","item":"https:\/\/marktxxl.de\/markt\/"},{"@type":"ListItem","position":3,"name":"Mitesserentferner Set [7-Teilig] Pickelentferner Medizinischer Edelstahl von Medi Grade &#8211; Blackhead Remover\u2026"}]},{"@type":"WebSite","@id":"https:\/\/marktxxl.de\/markt\/#website","url":"https:\/\/marktxxl.de\/markt\/","name":"Markt-XXL","description":"Ihr Markt Online","publisher":{"@id":"https:\/\/marktxxl.de\/markt\/#organization"},"potentialAction":[{"@type":"SearchAction","target":{"@type":"EntryPoint","urlTemplate":"https:\/\/marktxxl.de\/markt\/?s={search_term_string}"},"query-input":{"@type":"PropertyValueSpecification","valueRequired":true,"valueName":"search_term_string"}}],"inLanguage":"de"},{"@type":"Organization","@id":"https:\/\/marktxxl.de\/markt\/#organization","name":"Markt-XXL","url":"https:\/\/marktxxl.de\/markt\/","logo":{"@type":"ImageObject","inLanguage":"de","@id":"https:\/\/marktxxl.de\/markt\/#\/schema\/logo\/image\/","url":"https:\/\/marktxxl.de\/markt\/wp-content\/uploads\/sites\/3\/2020\/12\/logo.png","contentUrl":"https:\/\/marktxxl.de\/markt\/wp-content\/uploads\/sites\/3\/2020\/12\/logo.png","width":200,"height":70,"caption":"Markt-XXL"},"image":{"@id":"https:\/\/marktxxl.de\/markt\/#\/schema\/logo\/image\/"}}]}},"_links":{"self":[{"href":"https:\/\/marktxxl.de\/markt\/wp-json\/wp\/v2\/product\/102051","targetHints":{"allow":["GET"]}}],"collection":[{"href":"https:\/\/marktxxl.de\/markt\/wp-json\/wp\/v2\/product"}],"about":[{"href":"https:\/\/marktxxl.de\/markt\/wp-json\/wp\/v2\/types\/product"}],"replies":[{"embeddable":true,"href":"https:\/\/marktxxl.de\/markt\/wp-json\/wp\/v2\/comments?post=102051"}],"wp:featuredmedia":[{"embeddable":true,"href":"https:\/\/marktxxl.de\/markt\/wp-json\/wp\/v2\/media\/102052"}],"wp:attachment":[{"href":"https:\/\/marktxxl.de\/markt\/wp-json\/wp\/v2\/media?parent=102051"}],"wp:term":[{"taxonomy":"product_brand","embeddable":true,"href":"https:\/\/marktxxl.de\/markt\/wp-json\/wp\/v2\/product_brand?post=102051"},{"taxonomy":"product_cat","embeddable":true,"href":"https:\/\/marktxxl.de\/markt\/wp-json\/wp\/v2\/product_cat?post=102051"},{"taxonomy":"product_tag","embeddable":true,"href":"https:\/\/marktxxl.de\/markt\/wp-json\/wp\/v2\/product_tag?post=102051"}],"curies":[{"name":"wp","href":"https:\/\/api.w.org\/{rel}","templated":true}]}}